{"id":69494,"date":"2023-02-27T20:35:22","date_gmt":"2023-02-27T19:35:22","guid":{"rendered":"http:\/\/shop.bantam.ch\/produit\/caravanspiegel-vw-caddy-auch-alltrack-kombi\/"},"modified":"2026-04-19T21:14:51","modified_gmt":"2026-04-19T19:14:51","slug":"caravanspiegel-vw-caddy-auch-alltrack-kombi","status":"publish","type":"product","link":"https:\/\/shop.bantam.ch\/de\/produkt\/caravanspiegel-vw-caddy-auch-alltrack-kombi\/","title":{"rendered":"Caravanspiegel Emuk f\u00fcr VW Caddy auch Alltrack Kombi"},"content":{"rendered":"<p>Die speziell, auf den jeweiligen Fahrzeugspiegel angepasste Halterung oder Spiegel (Aluminium-Guss-Form), erm\u00f6glicht eine passgenaue Montage und gew\u00e4hrleistet einen perfekten Sitz ohne Vibration. Blitzschnelle Montage ohne Werkzeug. Alle Bestandteile der Spiegel sind aus korrosionsbest\u00e4ndigen Materialen gefertigt und gew\u00e4hrleisten eine hohe Langlebigkeit.<\/p>\n<p>Ihre Vorteile:<br \/>EMUK Spiegel sind vom Fahrer- und Beifahrersitz einstellbar, bieten ein klares, vibrations freies Spiegelbild und ein gro\u00dfes Sichtfeld. Sie sind ECE-Typgepr\u00fcft und dadurch sicher und zuverl\u00e4ssig.<\/p>\n<p>Alle aufgef\u00fchrten Spezial-Caravan-Spiegel auch in Wagenfarbe lieferbar (Aupfreis 68,25 \u201a\u00ac). Lieferzeit ca. 15 Werktage. Fragen Sie Ihren Fachh\u00e4ndler<\/p>\n<p>VW:<\/p>\n<ul>\n<li>Caddy (auch Alltrack, Kombi)ab 04\/2015<\/li>\n<\/ul>\n","protected":false},"excerpt":{"rendered":"<p>Die speziell, auf den jeweiligen Fahrzeugspiegel angepasste Halterung oder Spiegel (Aluminium-Guss-Form), erm\u00f6glicht eine passgenaue Montage und gew\u00e4hrleistet einen perfekten Sitz ohne Vibration. Blitzschnelle Montage ohne Werkzeug. Alle Bestandteile der Spiegel sind aus korrosionsbest\u00e4ndigen Materialen gefertigt und gew\u00e4hrleisten eine hohe Langlebigkeit. Ihre Vorteile:EMUK Spiegel sind vom Fahrer- und Beifahrersitz einstellbar, bieten ein klares, vibrations freies Spiegelbild [&hellip;]<\/p>\n","protected":false},"featured_media":69490,"template":"","meta":{"_acf_changed":false},"product_featured_cat":[],"product_brand":[3145],"product_cat":[4832],"product_tag":[],"class_list":{"0":"post-69494","1":"product","2":"type-product","3":"status-publish","4":"has-post-thumbnail","6":"product_brand-emuk-de","7":"product_cat-wohnwagenspiegel","9":"first","10":"instock","11":"taxable","12":"shipping-taxable","13":"purchasable","14":"product-type-simple"},"acf":[],"yoast_head":"<!-- This site is optimized with the Yoast SEO plugin v27.4 - https:\/\/yoast.com\/product\/yoast-seo-wordpress\/ -->\n<title>Caravanspiegel Emuk f\u00fcr VW Caddy auch Alltrack Kombi - Bantam Camping AG<\/title>\n<meta name=\"robots\" content=\"index, follow, max-snippet:-1, max-image-preview:large, max-video-preview:-1\" \/>\n<link rel=\"canonical\" href=\"https:\/\/shop.bantam.ch\/de\/produkt\/caravanspiegel-vw-caddy-auch-alltrack-kombi\/\" \/>\n<meta property=\"og:locale\" content=\"de_DE\" \/>\n<meta property=\"og:type\" content=\"article\" \/>\n<meta property=\"og:title\" content=\"Caravanspiegel Emuk f\u00fcr VW Caddy auch Alltrack Kombi - Bantam Camping AG\" \/>\n<meta property=\"og:description\" content=\"Die speziell, auf den jeweiligen Fahrzeugspiegel angepasste Halterung oder Spiegel (Aluminium-Guss-Form), erm\u00f6glicht eine passgenaue Montage und gew\u00e4hrleistet einen perfekten Sitz ohne Vibration. Blitzschnelle Montage ohne Werkzeug. Alle Bestandteile der Spiegel sind aus korrosionsbest\u00e4ndigen Materialen gefertigt und gew\u00e4hrleisten eine hohe Langlebigkeit. Ihre Vorteile:EMUK Spiegel sind vom Fahrer- und Beifahrersitz einstellbar, bieten ein klares, vibrations freies Spiegelbild [&hellip;]\" \/>\n<meta property=\"og:url\" content=\"https:\/\/shop.bantam.ch\/de\/produkt\/caravanspiegel-vw-caddy-auch-alltrack-kombi\/\" \/>\n<meta property=\"og:site_name\" content=\"Bantam Camping AG\" \/>\n<meta property=\"article:modified_time\" content=\"2026-04-19T19:14:51+00:00\" \/>\n<meta property=\"og:image\" content=\"https:\/\/shop.bantam.ch\/wp-content\/uploads\/2023\/02\/9981056-Spiegel_3er_BMW_F30_Bj_2012_1er_F20_ab_2010_X1_Modell_E84_LCI_Facelift_2007_bis_2012-Standard-01.jpg\" \/>\n\t<meta property=\"og:image:width\" content=\"1000\" \/>\n\t<meta property=\"og:image:height\" content=\"814\" \/>\n\t<meta property=\"og:image:type\" content=\"image\/jpeg\" \/>\n<meta name=\"twitter:card\" content=\"summary_large_image\" \/>\n<script type=\"application\/ld+json\" class=\"yoast-schema-graph\">{\"@context\":\"https:\\\/\\\/schema.org\",\"@graph\":[{\"@type\":\"WebPage\",\"@id\":\"https:\\\/\\\/shop.bantam.ch\\\/de\\\/produkt\\\/caravanspiegel-vw-caddy-auch-alltrack-kombi\\\/\",\"url\":\"https:\\\/\\\/shop.bantam.ch\\\/de\\\/produkt\\\/caravanspiegel-vw-caddy-auch-alltrack-kombi\\\/\",\"name\":\"Caravanspiegel Emuk f\u00fcr VW Caddy auch Alltrack Kombi - Bantam Camping AG\",\"isPartOf\":{\"@id\":\"https:\\\/\\\/shop.bantam.ch\\\/de\\\/#website\"},\"primaryImageOfPage\":{\"@id\":\"https:\\\/\\\/shop.bantam.ch\\\/de\\\/produkt\\\/caravanspiegel-vw-caddy-auch-alltrack-kombi\\\/#primaryimage\"},\"image\":{\"@id\":\"https:\\\/\\\/shop.bantam.ch\\\/de\\\/produkt\\\/caravanspiegel-vw-caddy-auch-alltrack-kombi\\\/#primaryimage\"},\"thumbnailUrl\":\"https:\\\/\\\/shop.bantam.ch\\\/wp-content\\\/uploads\\\/2023\\\/02\\\/9981056-Spiegel_3er_BMW_F30_Bj_2012_1er_F20_ab_2010_X1_Modell_E84_LCI_Facelift_2007_bis_2012-Standard-01.jpg\",\"datePublished\":\"2023-02-27T19:35:22+00:00\",\"dateModified\":\"2026-04-19T19:14:51+00:00\",\"breadcrumb\":{\"@id\":\"https:\\\/\\\/shop.bantam.ch\\\/de\\\/produkt\\\/caravanspiegel-vw-caddy-auch-alltrack-kombi\\\/#breadcrumb\"},\"inLanguage\":\"de\",\"potentialAction\":[{\"@type\":\"ReadAction\",\"target\":[\"https:\\\/\\\/shop.bantam.ch\\\/de\\\/produkt\\\/caravanspiegel-vw-caddy-auch-alltrack-kombi\\\/\"]}]},{\"@type\":\"ImageObject\",\"inLanguage\":\"de\",\"@id\":\"https:\\\/\\\/shop.bantam.ch\\\/de\\\/produkt\\\/caravanspiegel-vw-caddy-auch-alltrack-kombi\\\/#primaryimage\",\"url\":\"https:\\\/\\\/shop.bantam.ch\\\/wp-content\\\/uploads\\\/2023\\\/02\\\/9981056-Spiegel_3er_BMW_F30_Bj_2012_1er_F20_ab_2010_X1_Modell_E84_LCI_Facelift_2007_bis_2012-Standard-01.jpg\",\"contentUrl\":\"https:\\\/\\\/shop.bantam.ch\\\/wp-content\\\/uploads\\\/2023\\\/02\\\/9981056-Spiegel_3er_BMW_F30_Bj_2012_1er_F20_ab_2010_X1_Modell_E84_LCI_Facelift_2007_bis_2012-Standard-01.jpg\",\"width\":1000,\"height\":814},{\"@type\":\"BreadcrumbList\",\"@id\":\"https:\\\/\\\/shop.bantam.ch\\\/de\\\/produkt\\\/caravanspiegel-vw-caddy-auch-alltrack-kombi\\\/#breadcrumb\",\"itemListElement\":[{\"@type\":\"ListItem\",\"position\":1,\"name\":\"Accueil\",\"item\":\"https:\\\/\\\/shop.bantam.ch\\\/de\\\/\"},{\"@type\":\"ListItem\",\"position\":2,\"name\":\"Shop\",\"item\":\"https:\\\/\\\/shop.bantam.ch\\\/de\\\/shop\\\/\"},{\"@type\":\"ListItem\",\"position\":3,\"name\":\"Caravanspiegel Emuk f\u00fcr VW Caddy auch Alltrack Kombi\"}]},{\"@type\":\"WebSite\",\"@id\":\"https:\\\/\\\/shop.bantam.ch\\\/de\\\/#website\",\"url\":\"https:\\\/\\\/shop.bantam.ch\\\/de\\\/\",\"name\":\"Bantam Camping AG\",\"description\":\"\",\"publisher\":{\"@id\":\"https:\\\/\\\/shop.bantam.ch\\\/de\\\/#organization\"},\"inLanguage\":\"de\"},{\"@type\":\"Organization\",\"@id\":\"https:\\\/\\\/shop.bantam.ch\\\/de\\\/#organization\",\"name\":\"Bantam Camping AG\",\"url\":\"https:\\\/\\\/shop.bantam.ch\\\/de\\\/\",\"logo\":{\"@type\":\"ImageObject\",\"inLanguage\":\"de\",\"@id\":\"https:\\\/\\\/shop.bantam.ch\\\/de\\\/#\\\/schema\\\/logo\\\/image\\\/\",\"url\":\"https:\\\/\\\/shop.bantam.ch\\\/wp-content\\\/uploads\\\/2022\\\/12\\\/bantam-logo.png\",\"contentUrl\":\"https:\\\/\\\/shop.bantam.ch\\\/wp-content\\\/uploads\\\/2022\\\/12\\\/bantam-logo.png\",\"width\":320,\"height\":71,\"caption\":\"Bantam Camping AG\"},\"image\":{\"@id\":\"https:\\\/\\\/shop.bantam.ch\\\/de\\\/#\\\/schema\\\/logo\\\/image\\\/\"}}]}<\/script>\n<!-- \/ Yoast SEO plugin. -->","yoast_head_json":{"title":"Caravanspiegel Emuk f\u00fcr VW Caddy auch Alltrack Kombi - Bantam Camping AG","robots":{"index":"index","follow":"follow","max-snippet":"max-snippet:-1","max-image-preview":"max-image-preview:large","max-video-preview":"max-video-preview:-1"},"canonical":"https:\/\/shop.bantam.ch\/de\/produkt\/caravanspiegel-vw-caddy-auch-alltrack-kombi\/","og_locale":"de_DE","og_type":"article","og_title":"Caravanspiegel Emuk f\u00fcr VW Caddy auch Alltrack Kombi - Bantam Camping AG","og_description":"Die speziell, auf den jeweiligen Fahrzeugspiegel angepasste Halterung oder Spiegel (Aluminium-Guss-Form), erm\u00f6glicht eine passgenaue Montage und gew\u00e4hrleistet einen perfekten Sitz ohne Vibration. Blitzschnelle Montage ohne Werkzeug. Alle Bestandteile der Spiegel sind aus korrosionsbest\u00e4ndigen Materialen gefertigt und gew\u00e4hrleisten eine hohe Langlebigkeit. Ihre Vorteile:EMUK Spiegel sind vom Fahrer- und Beifahrersitz einstellbar, bieten ein klares, vibrations freies Spiegelbild [&hellip;]","og_url":"https:\/\/shop.bantam.ch\/de\/produkt\/caravanspiegel-vw-caddy-auch-alltrack-kombi\/","og_site_name":"Bantam Camping AG","article_modified_time":"2026-04-19T19:14:51+00:00","og_image":[{"width":1000,"height":814,"url":"https:\/\/shop.bantam.ch\/wp-content\/uploads\/2023\/02\/9981056-Spiegel_3er_BMW_F30_Bj_2012_1er_F20_ab_2010_X1_Modell_E84_LCI_Facelift_2007_bis_2012-Standard-01.jpg","type":"image\/jpeg"}],"twitter_card":"summary_large_image","schema":{"@context":"https:\/\/schema.org","@graph":[{"@type":"WebPage","@id":"https:\/\/shop.bantam.ch\/de\/produkt\/caravanspiegel-vw-caddy-auch-alltrack-kombi\/","url":"https:\/\/shop.bantam.ch\/de\/produkt\/caravanspiegel-vw-caddy-auch-alltrack-kombi\/","name":"Caravanspiegel Emuk f\u00fcr VW Caddy auch Alltrack Kombi - Bantam Camping AG","isPartOf":{"@id":"https:\/\/shop.bantam.ch\/de\/#website"},"primaryImageOfPage":{"@id":"https:\/\/shop.bantam.ch\/de\/produkt\/caravanspiegel-vw-caddy-auch-alltrack-kombi\/#primaryimage"},"image":{"@id":"https:\/\/shop.bantam.ch\/de\/produkt\/caravanspiegel-vw-caddy-auch-alltrack-kombi\/#primaryimage"},"thumbnailUrl":"https:\/\/shop.bantam.ch\/wp-content\/uploads\/2023\/02\/9981056-Spiegel_3er_BMW_F30_Bj_2012_1er_F20_ab_2010_X1_Modell_E84_LCI_Facelift_2007_bis_2012-Standard-01.jpg","datePublished":"2023-02-27T19:35:22+00:00","dateModified":"2026-04-19T19:14:51+00:00","breadcrumb":{"@id":"https:\/\/shop.bantam.ch\/de\/produkt\/caravanspiegel-vw-caddy-auch-alltrack-kombi\/#breadcrumb"},"inLanguage":"de","potentialAction":[{"@type":"ReadAction","target":["https:\/\/shop.bantam.ch\/de\/produkt\/caravanspiegel-vw-caddy-auch-alltrack-kombi\/"]}]},{"@type":"ImageObject","inLanguage":"de","@id":"https:\/\/shop.bantam.ch\/de\/produkt\/caravanspiegel-vw-caddy-auch-alltrack-kombi\/#primaryimage","url":"https:\/\/shop.bantam.ch\/wp-content\/uploads\/2023\/02\/9981056-Spiegel_3er_BMW_F30_Bj_2012_1er_F20_ab_2010_X1_Modell_E84_LCI_Facelift_2007_bis_2012-Standard-01.jpg","contentUrl":"https:\/\/shop.bantam.ch\/wp-content\/uploads\/2023\/02\/9981056-Spiegel_3er_BMW_F30_Bj_2012_1er_F20_ab_2010_X1_Modell_E84_LCI_Facelift_2007_bis_2012-Standard-01.jpg","width":1000,"height":814},{"@type":"BreadcrumbList","@id":"https:\/\/shop.bantam.ch\/de\/produkt\/caravanspiegel-vw-caddy-auch-alltrack-kombi\/#breadcrumb","itemListElement":[{"@type":"ListItem","position":1,"name":"Accueil","item":"https:\/\/shop.bantam.ch\/de\/"},{"@type":"ListItem","position":2,"name":"Shop","item":"https:\/\/shop.bantam.ch\/de\/shop\/"},{"@type":"ListItem","position":3,"name":"Caravanspiegel Emuk f\u00fcr VW Caddy auch Alltrack Kombi"}]},{"@type":"WebSite","@id":"https:\/\/shop.bantam.ch\/de\/#website","url":"https:\/\/shop.bantam.ch\/de\/","name":"Bantam Camping AG","description":"","publisher":{"@id":"https:\/\/shop.bantam.ch\/de\/#organization"},"inLanguage":"de"},{"@type":"Organization","@id":"https:\/\/shop.bantam.ch\/de\/#organization","name":"Bantam Camping AG","url":"https:\/\/shop.bantam.ch\/de\/","logo":{"@type":"ImageObject","inLanguage":"de","@id":"https:\/\/shop.bantam.ch\/de\/#\/schema\/logo\/image\/","url":"https:\/\/shop.bantam.ch\/wp-content\/uploads\/2022\/12\/bantam-logo.png","contentUrl":"https:\/\/shop.bantam.ch\/wp-content\/uploads\/2022\/12\/bantam-logo.png","width":320,"height":71,"caption":"Bantam Camping AG"},"image":{"@id":"https:\/\/shop.bantam.ch\/de\/#\/schema\/logo\/image\/"}}]}},"_links":{"self":[{"href":"https:\/\/shop.bantam.ch\/de\/wp-json\/wp\/v2\/product\/69494","targetHints":{"allow":["GET"]}}],"collection":[{"href":"https:\/\/shop.bantam.ch\/de\/wp-json\/wp\/v2\/product"}],"about":[{"href":"https:\/\/shop.bantam.ch\/de\/wp-json\/wp\/v2\/types\/product"}],"wp:featuredmedia":[{"embeddable":true,"href":"https:\/\/shop.bantam.ch\/de\/wp-json\/wp\/v2\/media\/69490"}],"wp:attachment":[{"href":"https:\/\/shop.bantam.ch\/de\/wp-json\/wp\/v2\/media?parent=69494"}],"wp:term":[{"taxonomy":"product_featured_cat","embeddable":true,"href":"https:\/\/shop.bantam.ch\/de\/wp-json\/wp\/v2\/product_featured_cat?post=69494"},{"taxonomy":"product_brand","embeddable":true,"href":"https:\/\/shop.bantam.ch\/de\/wp-json\/wp\/v2\/product_brand?post=69494"},{"taxonomy":"product_cat","embeddable":true,"href":"https:\/\/shop.bantam.ch\/de\/wp-json\/wp\/v2\/product_cat?post=69494"},{"taxonomy":"product_tag","embeddable":true,"href":"https:\/\/shop.bantam.ch\/de\/wp-json\/wp\/v2\/product_tag?post=69494"}],"curies":[{"name":"wp","href":"https:\/\/api.w.org\/{rel}","templated":true}]}}