{"id":69372,"date":"2023-02-27T20:32:44","date_gmt":"2023-02-27T19:32:44","guid":{"rendered":"http:\/\/shop.bantam.ch\/produit\/fahrradtraeger-easyfold-xt-3b-13pin\/"},"modified":"2026-05-02T21:13:04","modified_gmt":"2026-05-02T19:13:04","slug":"fahrradtraeger-easyfold-xt-3b-13pin","status":"publish","type":"product","link":"https:\/\/shop.bantam.ch\/de\/produkt\/fahrradtraeger-easyfold-xt-3b-13pin\/","title":{"rendered":"Fahrradtr\u00e4ger THULE EasyFold XT 3B 13 pin Traglast 60 kg"},"content":{"rendered":"<p>Der komplett zusammenklappbare, kompakte und benutzerfreundliche Anh\u00e4ngekupplungs-Fahrradtr\u00e4ger f\u00fcr Fahrr\u00e4der jeder Art.<br \/>Komplett faltbar f\u00fcr bequeme Montage, Handhabung und Lagerung.<\/p>\n<ul>\n<li>Hohe Zuladung erm\u00f6glicht den Transport von E-Bikes und schweren Mountainbikes<\/li>\n<li>Einfache Befestigung der Fahrr\u00e4der durch abnehmbare Fahrradhaltearme mit abschlie\u00dfbaren Thule AcuTight Drehmomentbegrenzer-Kn\u00f6pfen, die &#8222;klicken&#8220;, wenn das optimale Drehmoment erreicht ist.<\/li>\n<li>Gro\u00dfer Abstand zwischen den Felgenhaltern sorgt f\u00fcr einen &#8222;reibungslosen&#8220; Fahrradtransport<\/li>\n<li>Extra lange Felgenhalteb\u00e4nder mit Ratschenfunktion gestatten die einfache Befestigung von R\u00e4dern (Radbreite bis 4.7 Zoll), wodurch der Transport von Fatbikes erm\u00f6glicht wird <\/li>\n<li>Praktischer Abklappmechanismus mit Fu\u00dfpedal erm\u00f6glicht einfachen Zugang zum Kofferraum, selbst mit Fahrr\u00e4dern auf dem Tr\u00e4ger<\/li>\n<li>Einfache Montage und Einstellung des Fahrradtr\u00e4gers vor dem Schlie\u00dfen des Spannhebels dank der stabilen Verbindung zur Anh\u00e4ngekupplung<\/li>\n<li>Ergonomischer Transport des Fahrradtr\u00e4gers dank integrierter Transportr\u00e4der und Tragegriffe<\/li>\n<li>Vormontiert, kein Werkzeug erforderlich<\/li>\n<li>Schlie\u00dfen Sie Ihre Fahrr\u00e4der am Fahrradtr\u00e4ger und den Fahrradtr\u00e4ger an der Anh\u00e4ngerkupplung ab<\/li>\n<\/ul>\n<p>Lieferumfang:<br \/>Inklusive Schl\u00f6sser<\/p>\n<p>\u00a0<\/p>\n<p>\u00a0<\/p>\n<ul>\n<li>Eignung f\u00fcr Rahmengr\u00f6\u00dfen: 22 &#8211; 80 mm<\/li>\n<li>Abnehmbare Rahmenhalter: ja<\/li>\n<li>Abstand zwischen Fahrr\u00e4dern: 22\/19 mm<\/li>\n<li>Geeignet f\u00fcr Karbonrahmen: Adapter erforderlich \/ Thule Carbon Frame Protector<\/li>\n<li>Traglast pro Schiene: 30 kg<\/li>\n<li>Radmontage an verstellbaren Haltern: Pump buckles<\/li>\n<li>Abklappbar (mit Fahrr\u00e4dern): ja<\/li>\n<li>Geeignet f\u00fcr Fahrzeuge mit Ersatzrad am Heck: nein<\/li>\n<li>R\u00fcckleuchten: ja<\/li>\n<li>Steckeranschluss: 13-pin<\/li>\n<li>Kompatibel mit One-Key System: ja<\/li>\n<li>Fahrrad am Tr\u00e4ger abschlie\u00dfbar: ja<\/li>\n<li>Tr\u00e4ger abschlie\u00dfbar am Fahrzeug: ja<\/li>\n<\/ul>\n<p>\u00a0<\/p>\n","protected":false},"excerpt":{"rendered":"<p>Der komplett zusammenklappbare, kompakte und benutzerfreundliche Anh\u00e4ngekupplungs-Fahrradtr\u00e4ger f\u00fcr Fahrr\u00e4der jeder Art.Komplett faltbar f\u00fcr bequeme Montage, Handhabung und Lagerung. Hohe Zuladung erm\u00f6glicht den Transport von E-Bikes und schweren Mountainbikes Einfache Befestigung der Fahrr\u00e4der durch abnehmbare Fahrradhaltearme mit abschlie\u00dfbaren Thule AcuTight Drehmomentbegrenzer-Kn\u00f6pfen, die &#8222;klicken&#8220;, wenn das optimale Drehmoment erreicht ist. Gro\u00dfer Abstand zwischen den Felgenhaltern sorgt f\u00fcr [&hellip;]<\/p>\n","protected":false},"featured_media":69352,"template":"","meta":{"_acf_changed":false},"product_featured_cat":[],"product_brand":[3047],"product_cat":[4694],"product_tag":[],"class_list":{"0":"post-69372","1":"product","2":"type-product","3":"status-publish","4":"has-post-thumbnail","6":"product_brand-thule-de","7":"product_cat-kupplungs-fahrradtraeger","9":"first","10":"instock","11":"taxable","12":"shipping-taxable","13":"purchasable","14":"product-type-simple"},"acf":[],"yoast_head":"<!-- This site is optimized with the Yoast SEO plugin v27.5 - https:\/\/yoast.com\/product\/yoast-seo-wordpress\/ -->\n<title>Fahrradtr\u00e4ger THULE EasyFold XT 3B 13 pin Traglast 60 kg - Bantam<\/title>\n<meta name=\"robots\" content=\"index, follow, max-snippet:-1, max-image-preview:large, max-video-preview:-1\" \/>\n<link rel=\"canonical\" href=\"https:\/\/shop.bantam.ch\/de\/produkt\/fahrradtraeger-easyfold-xt-3b-13pin\/\" \/>\n<meta property=\"og:locale\" content=\"de_DE\" \/>\n<meta property=\"og:type\" content=\"article\" \/>\n<meta property=\"og:title\" content=\"Fahrradtr\u00e4ger THULE EasyFold XT 3B 13 pin Traglast 60 kg - Bantam\" \/>\n<meta property=\"og:description\" content=\"Der komplett zusammenklappbare, kompakte und benutzerfreundliche Anh\u00e4ngekupplungs-Fahrradtr\u00e4ger f\u00fcr Fahrr\u00e4der jeder Art.Komplett faltbar f\u00fcr bequeme Montage, Handhabung und Lagerung. Hohe Zuladung erm\u00f6glicht den Transport von E-Bikes und schweren Mountainbikes Einfache Befestigung der Fahrr\u00e4der durch abnehmbare Fahrradhaltearme mit abschlie\u00dfbaren Thule AcuTight Drehmomentbegrenzer-Kn\u00f6pfen, die &#8222;klicken&#8220;, wenn das optimale Drehmoment erreicht ist. Gro\u00dfer Abstand zwischen den Felgenhaltern sorgt f\u00fcr [&hellip;]\" \/>\n<meta property=\"og:url\" content=\"https:\/\/shop.bantam.ch\/de\/produkt\/fahrradtraeger-easyfold-xt-3b-13pin\/\" \/>\n<meta property=\"og:site_name\" content=\"Bantam\" \/>\n<meta property=\"article:modified_time\" content=\"2026-05-02T19:13:04+00:00\" \/>\n<meta property=\"og:image\" content=\"https:\/\/shop.bantam.ch\/wp-content\/uploads\/2023\/02\/992513611.jpg\" \/>\n\t<meta property=\"og:image:width\" content=\"1000\" \/>\n\t<meta property=\"og:image:height\" content=\"661\" \/>\n\t<meta property=\"og:image:type\" content=\"image\/jpeg\" \/>\n<meta name=\"twitter:card\" content=\"summary_large_image\" \/>\n<meta name=\"twitter:label1\" content=\"Gesch\u00e4tzte Lesezeit\" \/>\n\t<meta name=\"twitter:data1\" content=\"1\u00a0Minute\" \/>\n<script type=\"application\/ld+json\" class=\"yoast-schema-graph\">{\"@context\":\"https:\\\/\\\/schema.org\",\"@graph\":[{\"@type\":\"WebPage\",\"@id\":\"https:\\\/\\\/shop.bantam.ch\\\/de\\\/produkt\\\/fahrradtraeger-easyfold-xt-3b-13pin\\\/\",\"url\":\"https:\\\/\\\/shop.bantam.ch\\\/de\\\/produkt\\\/fahrradtraeger-easyfold-xt-3b-13pin\\\/\",\"name\":\"Fahrradtr\u00e4ger THULE EasyFold XT 3B 13 pin Traglast 60 kg - Bantam\",\"isPartOf\":{\"@id\":\"https:\\\/\\\/shop.bantam.ch\\\/de\\\/#website\"},\"primaryImageOfPage\":{\"@id\":\"https:\\\/\\\/shop.bantam.ch\\\/de\\\/produkt\\\/fahrradtraeger-easyfold-xt-3b-13pin\\\/#primaryimage\"},\"image\":{\"@id\":\"https:\\\/\\\/shop.bantam.ch\\\/de\\\/produkt\\\/fahrradtraeger-easyfold-xt-3b-13pin\\\/#primaryimage\"},\"thumbnailUrl\":\"https:\\\/\\\/shop.bantam.ch\\\/wp-content\\\/uploads\\\/2023\\\/02\\\/992513611.jpg\",\"datePublished\":\"2023-02-27T19:32:44+00:00\",\"dateModified\":\"2026-05-02T19:13:04+00:00\",\"breadcrumb\":{\"@id\":\"https:\\\/\\\/shop.bantam.ch\\\/de\\\/produkt\\\/fahrradtraeger-easyfold-xt-3b-13pin\\\/#breadcrumb\"},\"inLanguage\":\"de\",\"potentialAction\":[{\"@type\":\"ReadAction\",\"target\":[\"https:\\\/\\\/shop.bantam.ch\\\/de\\\/produkt\\\/fahrradtraeger-easyfold-xt-3b-13pin\\\/\"]}]},{\"@type\":\"ImageObject\",\"inLanguage\":\"de\",\"@id\":\"https:\\\/\\\/shop.bantam.ch\\\/de\\\/produkt\\\/fahrradtraeger-easyfold-xt-3b-13pin\\\/#primaryimage\",\"url\":\"https:\\\/\\\/shop.bantam.ch\\\/wp-content\\\/uploads\\\/2023\\\/02\\\/992513611.jpg\",\"contentUrl\":\"https:\\\/\\\/shop.bantam.ch\\\/wp-content\\\/uploads\\\/2023\\\/02\\\/992513611.jpg\",\"width\":1000,\"height\":661},{\"@type\":\"BreadcrumbList\",\"@id\":\"https:\\\/\\\/shop.bantam.ch\\\/de\\\/produkt\\\/fahrradtraeger-easyfold-xt-3b-13pin\\\/#breadcrumb\",\"itemListElement\":[{\"@type\":\"ListItem\",\"position\":1,\"name\":\"Accueil\",\"item\":\"https:\\\/\\\/shop.bantam.ch\\\/de\\\/\"},{\"@type\":\"ListItem\",\"position\":2,\"name\":\"Shop\",\"item\":\"https:\\\/\\\/shop.bantam.ch\\\/de\\\/shop\\\/\"},{\"@type\":\"ListItem\",\"position\":3,\"name\":\"Fahrradtr\u00e4ger THULE EasyFold XT 3B 13 pin Traglast 60 kg\"}]},{\"@type\":\"WebSite\",\"@id\":\"https:\\\/\\\/shop.bantam.ch\\\/de\\\/#website\",\"url\":\"https:\\\/\\\/shop.bantam.ch\\\/de\\\/\",\"name\":\"Bantam\",\"description\":\"\",\"publisher\":{\"@id\":\"https:\\\/\\\/shop.bantam.ch\\\/de\\\/#organization\"},\"inLanguage\":\"de\"},{\"@type\":\"Organization\",\"@id\":\"https:\\\/\\\/shop.bantam.ch\\\/de\\\/#organization\",\"name\":\"Bantam\",\"url\":\"https:\\\/\\\/shop.bantam.ch\\\/de\\\/\",\"logo\":{\"@type\":\"ImageObject\",\"inLanguage\":\"de\",\"@id\":\"https:\\\/\\\/shop.bantam.ch\\\/de\\\/#\\\/schema\\\/logo\\\/image\\\/\",\"url\":\"https:\\\/\\\/shop.bantam.ch\\\/wp-content\\\/uploads\\\/2022\\\/12\\\/bantam-logo.png\",\"contentUrl\":\"https:\\\/\\\/shop.bantam.ch\\\/wp-content\\\/uploads\\\/2022\\\/12\\\/bantam-logo.png\",\"width\":320,\"height\":71,\"caption\":\"Bantam\"},\"image\":{\"@id\":\"https:\\\/\\\/shop.bantam.ch\\\/de\\\/#\\\/schema\\\/logo\\\/image\\\/\"}}]}<\/script>\n<!-- \/ Yoast SEO plugin. -->","yoast_head_json":{"title":"Fahrradtr\u00e4ger THULE EasyFold XT 3B 13 pin Traglast 60 kg - Bantam","robots":{"index":"index","follow":"follow","max-snippet":"max-snippet:-1","max-image-preview":"max-image-preview:large","max-video-preview":"max-video-preview:-1"},"canonical":"https:\/\/shop.bantam.ch\/de\/produkt\/fahrradtraeger-easyfold-xt-3b-13pin\/","og_locale":"de_DE","og_type":"article","og_title":"Fahrradtr\u00e4ger THULE EasyFold XT 3B 13 pin Traglast 60 kg - Bantam","og_description":"Der komplett zusammenklappbare, kompakte und benutzerfreundliche Anh\u00e4ngekupplungs-Fahrradtr\u00e4ger f\u00fcr Fahrr\u00e4der jeder Art.Komplett faltbar f\u00fcr bequeme Montage, Handhabung und Lagerung. Hohe Zuladung erm\u00f6glicht den Transport von E-Bikes und schweren Mountainbikes Einfache Befestigung der Fahrr\u00e4der durch abnehmbare Fahrradhaltearme mit abschlie\u00dfbaren Thule AcuTight Drehmomentbegrenzer-Kn\u00f6pfen, die &#8222;klicken&#8220;, wenn das optimale Drehmoment erreicht ist. Gro\u00dfer Abstand zwischen den Felgenhaltern sorgt f\u00fcr [&hellip;]","og_url":"https:\/\/shop.bantam.ch\/de\/produkt\/fahrradtraeger-easyfold-xt-3b-13pin\/","og_site_name":"Bantam","article_modified_time":"2026-05-02T19:13:04+00:00","og_image":[{"width":1000,"height":661,"url":"https:\/\/shop.bantam.ch\/wp-content\/uploads\/2023\/02\/992513611.jpg","type":"image\/jpeg"}],"twitter_card":"summary_large_image","twitter_misc":{"Gesch\u00e4tzte Lesezeit":"1\u00a0Minute"},"schema":{"@context":"https:\/\/schema.org","@graph":[{"@type":"WebPage","@id":"https:\/\/shop.bantam.ch\/de\/produkt\/fahrradtraeger-easyfold-xt-3b-13pin\/","url":"https:\/\/shop.bantam.ch\/de\/produkt\/fahrradtraeger-easyfold-xt-3b-13pin\/","name":"Fahrradtr\u00e4ger THULE EasyFold XT 3B 13 pin Traglast 60 kg - Bantam","isPartOf":{"@id":"https:\/\/shop.bantam.ch\/de\/#website"},"primaryImageOfPage":{"@id":"https:\/\/shop.bantam.ch\/de\/produkt\/fahrradtraeger-easyfold-xt-3b-13pin\/#primaryimage"},"image":{"@id":"https:\/\/shop.bantam.ch\/de\/produkt\/fahrradtraeger-easyfold-xt-3b-13pin\/#primaryimage"},"thumbnailUrl":"https:\/\/shop.bantam.ch\/wp-content\/uploads\/2023\/02\/992513611.jpg","datePublished":"2023-02-27T19:32:44+00:00","dateModified":"2026-05-02T19:13:04+00:00","breadcrumb":{"@id":"https:\/\/shop.bantam.ch\/de\/produkt\/fahrradtraeger-easyfold-xt-3b-13pin\/#breadcrumb"},"inLanguage":"de","potentialAction":[{"@type":"ReadAction","target":["https:\/\/shop.bantam.ch\/de\/produkt\/fahrradtraeger-easyfold-xt-3b-13pin\/"]}]},{"@type":"ImageObject","inLanguage":"de","@id":"https:\/\/shop.bantam.ch\/de\/produkt\/fahrradtraeger-easyfold-xt-3b-13pin\/#primaryimage","url":"https:\/\/shop.bantam.ch\/wp-content\/uploads\/2023\/02\/992513611.jpg","contentUrl":"https:\/\/shop.bantam.ch\/wp-content\/uploads\/2023\/02\/992513611.jpg","width":1000,"height":661},{"@type":"BreadcrumbList","@id":"https:\/\/shop.bantam.ch\/de\/produkt\/fahrradtraeger-easyfold-xt-3b-13pin\/#breadcrumb","itemListElement":[{"@type":"ListItem","position":1,"name":"Accueil","item":"https:\/\/shop.bantam.ch\/de\/"},{"@type":"ListItem","position":2,"name":"Shop","item":"https:\/\/shop.bantam.ch\/de\/shop\/"},{"@type":"ListItem","position":3,"name":"Fahrradtr\u00e4ger THULE EasyFold XT 3B 13 pin Traglast 60 kg"}]},{"@type":"WebSite","@id":"https:\/\/shop.bantam.ch\/de\/#website","url":"https:\/\/shop.bantam.ch\/de\/","name":"Bantam","description":"","publisher":{"@id":"https:\/\/shop.bantam.ch\/de\/#organization"},"inLanguage":"de"},{"@type":"Organization","@id":"https:\/\/shop.bantam.ch\/de\/#organization","name":"Bantam","url":"https:\/\/shop.bantam.ch\/de\/","logo":{"@type":"ImageObject","inLanguage":"de","@id":"https:\/\/shop.bantam.ch\/de\/#\/schema\/logo\/image\/","url":"https:\/\/shop.bantam.ch\/wp-content\/uploads\/2022\/12\/bantam-logo.png","contentUrl":"https:\/\/shop.bantam.ch\/wp-content\/uploads\/2022\/12\/bantam-logo.png","width":320,"height":71,"caption":"Bantam"},"image":{"@id":"https:\/\/shop.bantam.ch\/de\/#\/schema\/logo\/image\/"}}]}},"_links":{"self":[{"href":"https:\/\/shop.bantam.ch\/de\/wp-json\/wp\/v2\/product\/69372","targetHints":{"allow":["GET"]}}],"collection":[{"href":"https:\/\/shop.bantam.ch\/de\/wp-json\/wp\/v2\/product"}],"about":[{"href":"https:\/\/shop.bantam.ch\/de\/wp-json\/wp\/v2\/types\/product"}],"wp:featuredmedia":[{"embeddable":true,"href":"https:\/\/shop.bantam.ch\/de\/wp-json\/wp\/v2\/media\/69352"}],"wp:attachment":[{"href":"https:\/\/shop.bantam.ch\/de\/wp-json\/wp\/v2\/media?parent=69372"}],"wp:term":[{"taxonomy":"product_featured_cat","embeddable":true,"href":"https:\/\/shop.bantam.ch\/de\/wp-json\/wp\/v2\/product_featured_cat?post=69372"},{"taxonomy":"product_brand","embeddable":true,"href":"https:\/\/shop.bantam.ch\/de\/wp-json\/wp\/v2\/product_brand?post=69372"},{"taxonomy":"product_cat","embeddable":true,"href":"https:\/\/shop.bantam.ch\/de\/wp-json\/wp\/v2\/product_cat?post=69372"},{"taxonomy":"product_tag","embeddable":true,"href":"https:\/\/shop.bantam.ch\/de\/wp-json\/wp\/v2\/product_tag?post=69372"}],"curies":[{"name":"wp","href":"https:\/\/api.w.org\/{rel}","templated":true}]}}