{"id":69318,"date":"2023-02-27T20:31:31","date_gmt":"2023-02-27T19:31:31","guid":{"rendered":"http:\/\/shop.bantam.ch\/produit\/caravanspiegel-fuer-nissan\/"},"modified":"2026-04-19T21:14:44","modified_gmt":"2026-04-19T19:14:44","slug":"caravanspiegel-fuer-nissan","status":"publish","type":"product","link":"https:\/\/shop.bantam.ch\/de\/produkt\/caravanspiegel-fuer-nissan\/","title":{"rendered":"Caravanspiegel Emuk f\u00fcr Nissan Qashqai Facelift, Navara IV, X-Trail II, Juke, Juke Nismo RS, Murano III"},"content":{"rendered":"<p>Die speziell , auf den jeweiligen Fahrzeugspiegel angepasste Halterung oder Spiegel (Aluminium-Guss-Form), erm\u00f6glicht eine passgenaue Montage und gew\u00e4hrleistet einen perfekten Sitz ohne Vibration. Blitzschnelle Montage ohne Werkzeug. Alle Bestandteile der Spiegel sind aus korrosionsbest\u00e4ndigen Materialen gefertigt und gew\u00e4hrleisten eine hohe Langlebigkeit.<\/p>\n<p>Ihre Vorteile:<br \/>EMUK Spiegel sind vom Fahrer- und Beifahrersitz einstellbar, bieten ein klares, vibrations freies Spiegelbild und ein gro\u00dfes Sichtfeld. Sie sind ECE-Typgepr\u00fcft und dadurch sicher und zuverl\u00e4ssig.<\/p>\n<p>Alle aufgef\u00fchrten Spezial-Caravan-Spiegel auch in Wagenfarbe lieferbar (Aupfreis 68,25 \u201a\u00ac). Lieferzeit ca. 15 Werktage. Fragen Sie Ihren Fachh\u00e4ndler<\/p>\n<p>Nissan:<\/p>\n<ul>\n<li>Qashqai Facelift ab 02\/2014<\/li>\n<li>Navara IV. Generation ab 01\/2016<\/li>\n<li>X-Trail III. Generation ab 07\/2014<\/li>\n<li>Juke, Juke Nismo RS ab 2015<\/li>\n<li>Murano III. Generation ab 2015<\/li>\n<\/ul>\n","protected":false},"excerpt":{"rendered":"<p>Die speziell , auf den jeweiligen Fahrzeugspiegel angepasste Halterung oder Spiegel (Aluminium-Guss-Form), erm\u00f6glicht eine passgenaue Montage und gew\u00e4hrleistet einen perfekten Sitz ohne Vibration. Blitzschnelle Montage ohne Werkzeug. Alle Bestandteile der Spiegel sind aus korrosionsbest\u00e4ndigen Materialen gefertigt und gew\u00e4hrleisten eine hohe Langlebigkeit. Ihre Vorteile:EMUK Spiegel sind vom Fahrer- und Beifahrersitz einstellbar, bieten ein klares, vibrations freies [&hellip;]<\/p>\n","protected":false},"featured_media":69314,"template":"","meta":{"_acf_changed":false},"product_featured_cat":[],"product_brand":[3145],"product_cat":[4832],"product_tag":[],"class_list":{"0":"post-69318","1":"product","2":"type-product","3":"status-publish","4":"has-post-thumbnail","6":"product_brand-emuk-de","7":"product_cat-wohnwagenspiegel","9":"first","10":"instock","11":"taxable","12":"shipping-taxable","13":"purchasable","14":"product-type-simple"},"acf":[],"yoast_head":"<!-- This site is optimized with the Yoast SEO plugin v27.4 - https:\/\/yoast.com\/product\/yoast-seo-wordpress\/ -->\n<title>Caravanspiegel Emuk f\u00fcr Nissan Qashqai Facelift, Navara IV, X-Trail II, Juke, Juke Nismo RS, Murano III - Bantam Camping AG<\/title>\n<meta name=\"robots\" content=\"index, follow, max-snippet:-1, max-image-preview:large, max-video-preview:-1\" \/>\n<link rel=\"canonical\" href=\"https:\/\/shop.bantam.ch\/de\/produkt\/caravanspiegel-fuer-nissan\/\" \/>\n<meta property=\"og:locale\" content=\"de_DE\" \/>\n<meta property=\"og:type\" content=\"article\" \/>\n<meta property=\"og:title\" content=\"Caravanspiegel Emuk f\u00fcr Nissan Qashqai Facelift, Navara IV, X-Trail II, Juke, Juke Nismo RS, Murano III - Bantam Camping AG\" \/>\n<meta property=\"og:description\" content=\"Die speziell , auf den jeweiligen Fahrzeugspiegel angepasste Halterung oder Spiegel (Aluminium-Guss-Form), erm\u00f6glicht eine passgenaue Montage und gew\u00e4hrleistet einen perfekten Sitz ohne Vibration. Blitzschnelle Montage ohne Werkzeug. Alle Bestandteile der Spiegel sind aus korrosionsbest\u00e4ndigen Materialen gefertigt und gew\u00e4hrleisten eine hohe Langlebigkeit. Ihre Vorteile:EMUK Spiegel sind vom Fahrer- und Beifahrersitz einstellbar, bieten ein klares, vibrations freies [&hellip;]\" \/>\n<meta property=\"og:url\" content=\"https:\/\/shop.bantam.ch\/de\/produkt\/caravanspiegel-fuer-nissan\/\" \/>\n<meta property=\"og:site_name\" content=\"Bantam Camping AG\" \/>\n<meta property=\"article:modified_time\" content=\"2026-04-19T19:14:44+00:00\" \/>\n<meta property=\"og:image\" content=\"https:\/\/shop.bantam.ch\/wp-content\/uploads\/2023\/02\/9981850-Spezialspiegel_Emuk_fuer_Mod_Audi_Skoda_VW_s_Text_-Standard-01.jpg\" \/>\n\t<meta property=\"og:image:width\" content=\"1000\" \/>\n\t<meta property=\"og:image:height\" content=\"814\" \/>\n\t<meta property=\"og:image:type\" content=\"image\/jpeg\" \/>\n<meta name=\"twitter:card\" content=\"summary_large_image\" \/>\n<meta name=\"twitter:label1\" content=\"Gesch\u00e4tzte Lesezeit\" \/>\n\t<meta name=\"twitter:data1\" content=\"1\u00a0Minute\" \/>\n<script type=\"application\/ld+json\" class=\"yoast-schema-graph\">{\"@context\":\"https:\\\/\\\/schema.org\",\"@graph\":[{\"@type\":\"WebPage\",\"@id\":\"https:\\\/\\\/shop.bantam.ch\\\/de\\\/produkt\\\/caravanspiegel-fuer-nissan\\\/\",\"url\":\"https:\\\/\\\/shop.bantam.ch\\\/de\\\/produkt\\\/caravanspiegel-fuer-nissan\\\/\",\"name\":\"Caravanspiegel Emuk f\u00fcr Nissan Qashqai Facelift, Navara IV, X-Trail II, Juke, Juke Nismo RS, Murano III - Bantam Camping AG\",\"isPartOf\":{\"@id\":\"https:\\\/\\\/shop.bantam.ch\\\/de\\\/#website\"},\"primaryImageOfPage\":{\"@id\":\"https:\\\/\\\/shop.bantam.ch\\\/de\\\/produkt\\\/caravanspiegel-fuer-nissan\\\/#primaryimage\"},\"image\":{\"@id\":\"https:\\\/\\\/shop.bantam.ch\\\/de\\\/produkt\\\/caravanspiegel-fuer-nissan\\\/#primaryimage\"},\"thumbnailUrl\":\"https:\\\/\\\/shop.bantam.ch\\\/wp-content\\\/uploads\\\/2023\\\/02\\\/9981850-Spezialspiegel_Emuk_fuer_Mod_Audi_Skoda_VW_s_Text_-Standard-01.jpg\",\"datePublished\":\"2023-02-27T19:31:31+00:00\",\"dateModified\":\"2026-04-19T19:14:44+00:00\",\"breadcrumb\":{\"@id\":\"https:\\\/\\\/shop.bantam.ch\\\/de\\\/produkt\\\/caravanspiegel-fuer-nissan\\\/#breadcrumb\"},\"inLanguage\":\"de\",\"potentialAction\":[{\"@type\":\"ReadAction\",\"target\":[\"https:\\\/\\\/shop.bantam.ch\\\/de\\\/produkt\\\/caravanspiegel-fuer-nissan\\\/\"]}]},{\"@type\":\"ImageObject\",\"inLanguage\":\"de\",\"@id\":\"https:\\\/\\\/shop.bantam.ch\\\/de\\\/produkt\\\/caravanspiegel-fuer-nissan\\\/#primaryimage\",\"url\":\"https:\\\/\\\/shop.bantam.ch\\\/wp-content\\\/uploads\\\/2023\\\/02\\\/9981850-Spezialspiegel_Emuk_fuer_Mod_Audi_Skoda_VW_s_Text_-Standard-01.jpg\",\"contentUrl\":\"https:\\\/\\\/shop.bantam.ch\\\/wp-content\\\/uploads\\\/2023\\\/02\\\/9981850-Spezialspiegel_Emuk_fuer_Mod_Audi_Skoda_VW_s_Text_-Standard-01.jpg\",\"width\":1000,\"height\":814},{\"@type\":\"BreadcrumbList\",\"@id\":\"https:\\\/\\\/shop.bantam.ch\\\/de\\\/produkt\\\/caravanspiegel-fuer-nissan\\\/#breadcrumb\",\"itemListElement\":[{\"@type\":\"ListItem\",\"position\":1,\"name\":\"Accueil\",\"item\":\"https:\\\/\\\/shop.bantam.ch\\\/de\\\/\"},{\"@type\":\"ListItem\",\"position\":2,\"name\":\"Shop\",\"item\":\"https:\\\/\\\/shop.bantam.ch\\\/de\\\/shop\\\/\"},{\"@type\":\"ListItem\",\"position\":3,\"name\":\"Caravanspiegel Emuk f\u00fcr Nissan Qashqai Facelift, Navara IV, X-Trail II, Juke, Juke Nismo RS, Murano III\"}]},{\"@type\":\"WebSite\",\"@id\":\"https:\\\/\\\/shop.bantam.ch\\\/de\\\/#website\",\"url\":\"https:\\\/\\\/shop.bantam.ch\\\/de\\\/\",\"name\":\"Bantam Camping AG\",\"description\":\"\",\"publisher\":{\"@id\":\"https:\\\/\\\/shop.bantam.ch\\\/de\\\/#organization\"},\"inLanguage\":\"de\"},{\"@type\":\"Organization\",\"@id\":\"https:\\\/\\\/shop.bantam.ch\\\/de\\\/#organization\",\"name\":\"Bantam Camping AG\",\"url\":\"https:\\\/\\\/shop.bantam.ch\\\/de\\\/\",\"logo\":{\"@type\":\"ImageObject\",\"inLanguage\":\"de\",\"@id\":\"https:\\\/\\\/shop.bantam.ch\\\/de\\\/#\\\/schema\\\/logo\\\/image\\\/\",\"url\":\"https:\\\/\\\/shop.bantam.ch\\\/wp-content\\\/uploads\\\/2022\\\/12\\\/bantam-logo.png\",\"contentUrl\":\"https:\\\/\\\/shop.bantam.ch\\\/wp-content\\\/uploads\\\/2022\\\/12\\\/bantam-logo.png\",\"width\":320,\"height\":71,\"caption\":\"Bantam Camping AG\"},\"image\":{\"@id\":\"https:\\\/\\\/shop.bantam.ch\\\/de\\\/#\\\/schema\\\/logo\\\/image\\\/\"}}]}<\/script>\n<!-- \/ Yoast SEO plugin. -->","yoast_head_json":{"title":"Caravanspiegel Emuk f\u00fcr Nissan Qashqai Facelift, Navara IV, X-Trail II, Juke, Juke Nismo RS, Murano III - Bantam Camping AG","robots":{"index":"index","follow":"follow","max-snippet":"max-snippet:-1","max-image-preview":"max-image-preview:large","max-video-preview":"max-video-preview:-1"},"canonical":"https:\/\/shop.bantam.ch\/de\/produkt\/caravanspiegel-fuer-nissan\/","og_locale":"de_DE","og_type":"article","og_title":"Caravanspiegel Emuk f\u00fcr Nissan Qashqai Facelift, Navara IV, X-Trail II, Juke, Juke Nismo RS, Murano III - Bantam Camping AG","og_description":"Die speziell , auf den jeweiligen Fahrzeugspiegel angepasste Halterung oder Spiegel (Aluminium-Guss-Form), erm\u00f6glicht eine passgenaue Montage und gew\u00e4hrleistet einen perfekten Sitz ohne Vibration. Blitzschnelle Montage ohne Werkzeug. Alle Bestandteile der Spiegel sind aus korrosionsbest\u00e4ndigen Materialen gefertigt und gew\u00e4hrleisten eine hohe Langlebigkeit. Ihre Vorteile:EMUK Spiegel sind vom Fahrer- und Beifahrersitz einstellbar, bieten ein klares, vibrations freies [&hellip;]","og_url":"https:\/\/shop.bantam.ch\/de\/produkt\/caravanspiegel-fuer-nissan\/","og_site_name":"Bantam Camping AG","article_modified_time":"2026-04-19T19:14:44+00:00","og_image":[{"width":1000,"height":814,"url":"https:\/\/shop.bantam.ch\/wp-content\/uploads\/2023\/02\/9981850-Spezialspiegel_Emuk_fuer_Mod_Audi_Skoda_VW_s_Text_-Standard-01.jpg","type":"image\/jpeg"}],"twitter_card":"summary_large_image","twitter_misc":{"Gesch\u00e4tzte Lesezeit":"1\u00a0Minute"},"schema":{"@context":"https:\/\/schema.org","@graph":[{"@type":"WebPage","@id":"https:\/\/shop.bantam.ch\/de\/produkt\/caravanspiegel-fuer-nissan\/","url":"https:\/\/shop.bantam.ch\/de\/produkt\/caravanspiegel-fuer-nissan\/","name":"Caravanspiegel Emuk f\u00fcr Nissan Qashqai Facelift, Navara IV, X-Trail II, Juke, Juke Nismo RS, Murano III - Bantam Camping AG","isPartOf":{"@id":"https:\/\/shop.bantam.ch\/de\/#website"},"primaryImageOfPage":{"@id":"https:\/\/shop.bantam.ch\/de\/produkt\/caravanspiegel-fuer-nissan\/#primaryimage"},"image":{"@id":"https:\/\/shop.bantam.ch\/de\/produkt\/caravanspiegel-fuer-nissan\/#primaryimage"},"thumbnailUrl":"https:\/\/shop.bantam.ch\/wp-content\/uploads\/2023\/02\/9981850-Spezialspiegel_Emuk_fuer_Mod_Audi_Skoda_VW_s_Text_-Standard-01.jpg","datePublished":"2023-02-27T19:31:31+00:00","dateModified":"2026-04-19T19:14:44+00:00","breadcrumb":{"@id":"https:\/\/shop.bantam.ch\/de\/produkt\/caravanspiegel-fuer-nissan\/#breadcrumb"},"inLanguage":"de","potentialAction":[{"@type":"ReadAction","target":["https:\/\/shop.bantam.ch\/de\/produkt\/caravanspiegel-fuer-nissan\/"]}]},{"@type":"ImageObject","inLanguage":"de","@id":"https:\/\/shop.bantam.ch\/de\/produkt\/caravanspiegel-fuer-nissan\/#primaryimage","url":"https:\/\/shop.bantam.ch\/wp-content\/uploads\/2023\/02\/9981850-Spezialspiegel_Emuk_fuer_Mod_Audi_Skoda_VW_s_Text_-Standard-01.jpg","contentUrl":"https:\/\/shop.bantam.ch\/wp-content\/uploads\/2023\/02\/9981850-Spezialspiegel_Emuk_fuer_Mod_Audi_Skoda_VW_s_Text_-Standard-01.jpg","width":1000,"height":814},{"@type":"BreadcrumbList","@id":"https:\/\/shop.bantam.ch\/de\/produkt\/caravanspiegel-fuer-nissan\/#breadcrumb","itemListElement":[{"@type":"ListItem","position":1,"name":"Accueil","item":"https:\/\/shop.bantam.ch\/de\/"},{"@type":"ListItem","position":2,"name":"Shop","item":"https:\/\/shop.bantam.ch\/de\/shop\/"},{"@type":"ListItem","position":3,"name":"Caravanspiegel Emuk f\u00fcr Nissan Qashqai Facelift, Navara IV, X-Trail II, Juke, Juke Nismo RS, Murano III"}]},{"@type":"WebSite","@id":"https:\/\/shop.bantam.ch\/de\/#website","url":"https:\/\/shop.bantam.ch\/de\/","name":"Bantam Camping AG","description":"","publisher":{"@id":"https:\/\/shop.bantam.ch\/de\/#organization"},"inLanguage":"de"},{"@type":"Organization","@id":"https:\/\/shop.bantam.ch\/de\/#organization","name":"Bantam Camping AG","url":"https:\/\/shop.bantam.ch\/de\/","logo":{"@type":"ImageObject","inLanguage":"de","@id":"https:\/\/shop.bantam.ch\/de\/#\/schema\/logo\/image\/","url":"https:\/\/shop.bantam.ch\/wp-content\/uploads\/2022\/12\/bantam-logo.png","contentUrl":"https:\/\/shop.bantam.ch\/wp-content\/uploads\/2022\/12\/bantam-logo.png","width":320,"height":71,"caption":"Bantam Camping AG"},"image":{"@id":"https:\/\/shop.bantam.ch\/de\/#\/schema\/logo\/image\/"}}]}},"_links":{"self":[{"href":"https:\/\/shop.bantam.ch\/de\/wp-json\/wp\/v2\/product\/69318","targetHints":{"allow":["GET"]}}],"collection":[{"href":"https:\/\/shop.bantam.ch\/de\/wp-json\/wp\/v2\/product"}],"about":[{"href":"https:\/\/shop.bantam.ch\/de\/wp-json\/wp\/v2\/types\/product"}],"wp:featuredmedia":[{"embeddable":true,"href":"https:\/\/shop.bantam.ch\/de\/wp-json\/wp\/v2\/media\/69314"}],"wp:attachment":[{"href":"https:\/\/shop.bantam.ch\/de\/wp-json\/wp\/v2\/media?parent=69318"}],"wp:term":[{"taxonomy":"product_featured_cat","embeddable":true,"href":"https:\/\/shop.bantam.ch\/de\/wp-json\/wp\/v2\/product_featured_cat?post=69318"},{"taxonomy":"product_brand","embeddable":true,"href":"https:\/\/shop.bantam.ch\/de\/wp-json\/wp\/v2\/product_brand?post=69318"},{"taxonomy":"product_cat","embeddable":true,"href":"https:\/\/shop.bantam.ch\/de\/wp-json\/wp\/v2\/product_cat?post=69318"},{"taxonomy":"product_tag","embeddable":true,"href":"https:\/\/shop.bantam.ch\/de\/wp-json\/wp\/v2\/product_tag?post=69318"}],"curies":[{"name":"wp","href":"https:\/\/api.w.org\/{rel}","templated":true}]}}