{"id":69312,"date":"2023-02-27T20:31:25","date_gmt":"2023-02-27T19:31:25","guid":{"rendered":"http:\/\/shop.bantam.ch\/produit\/kamera-perfectview-cam45-ohne-nav\/"},"modified":"2026-04-18T21:13:54","modified_gmt":"2026-04-18T19:13:54","slug":"kamera-perfectview-cam45-ohne-nav","status":"publish","type":"product","link":"https:\/\/shop.bantam.ch\/de\/produkt\/kamera-perfectview-cam45-ohne-nav\/","title":{"rendered":"Kamera DOMETIC PerfectView CAM45 ohne NAV"},"content":{"rendered":"<p>Mit der Dometic PerfectView CAM 45 werden Spurwechsel und R\u00fcckw\u00e4rtsfahren mit gro\u00dfen Fahrzeugen einfacher und sicherer. Die kompakte Farbkamera bietet Fahrern einen 120 \u00b0 weiten diagonalen Blickwinkel und erm\u00f6glicht ihnen dank integriertem Mikrofon zu h\u00f6ren, was hinter dem Fahrzeug geschieht. Dabei besteht die Wahl zwischen normaler oder gespiegelter Wiedergabe. Eine temperaturgesteuerte Heizung erm\u00f6glicht gute Aufnahmen selbst bei kaltem Wetter. Separate Infrarot-LEDs sorgen f\u00fcr optimale Nachtsicht. Die Verkabelung der Kamera ist kaum sichtbar und l\u00e4sst sich m\u00fchelos mit dem bestehenden Multimedia-Display Ihres Fahrzeugs verbinden. F\u00fcr den Einsatz in beliebigen Freizeitfahrzeugen empfohlen.<\/p>\n","protected":false},"excerpt":{"rendered":"<p>Mit der Dometic PerfectView CAM 45 werden Spurwechsel und R\u00fcckw\u00e4rtsfahren mit gro\u00dfen Fahrzeugen einfacher und sicherer. Die kompakte Farbkamera bietet Fahrern einen 120 \u00b0 weiten diagonalen Blickwinkel und erm\u00f6glicht ihnen dank integriertem Mikrofon zu h\u00f6ren, was hinter dem Fahrzeug geschieht. Dabei besteht die Wahl zwischen normaler oder gespiegelter Wiedergabe. Eine temperaturgesteuerte Heizung erm\u00f6glicht gute Aufnahmen [&hellip;]<\/p>\n","protected":false},"featured_media":69310,"template":"","meta":{"_acf_changed":false},"product_featured_cat":[],"product_brand":[3029],"product_cat":[5002],"product_tag":[],"class_list":{"0":"post-69312","1":"product","2":"type-product","3":"status-publish","4":"has-post-thumbnail","6":"product_brand-dometic-de","7":"product_cat-kameras","9":"first","10":"instock","11":"taxable","12":"shipping-taxable","13":"purchasable","14":"product-type-simple"},"acf":[],"yoast_head":"<!-- This site is optimized with the Yoast SEO plugin v27.4 - https:\/\/yoast.com\/product\/yoast-seo-wordpress\/ -->\n<title>Kamera DOMETIC PerfectView CAM45 ohne NAV - Bantam Camping AG<\/title>\n<meta name=\"robots\" content=\"index, follow, max-snippet:-1, max-image-preview:large, max-video-preview:-1\" \/>\n<link rel=\"canonical\" href=\"https:\/\/shop.bantam.ch\/de\/produkt\/kamera-perfectview-cam45-ohne-nav\/\" \/>\n<meta property=\"og:locale\" content=\"de_DE\" \/>\n<meta property=\"og:type\" content=\"article\" \/>\n<meta property=\"og:title\" content=\"Kamera DOMETIC PerfectView CAM45 ohne NAV - Bantam Camping AG\" \/>\n<meta property=\"og:description\" content=\"Mit der Dometic PerfectView CAM 45 werden Spurwechsel und R\u00fcckw\u00e4rtsfahren mit gro\u00dfen Fahrzeugen einfacher und sicherer. Die kompakte Farbkamera bietet Fahrern einen 120 \u00b0 weiten diagonalen Blickwinkel und erm\u00f6glicht ihnen dank integriertem Mikrofon zu h\u00f6ren, was hinter dem Fahrzeug geschieht. Dabei besteht die Wahl zwischen normaler oder gespiegelter Wiedergabe. Eine temperaturgesteuerte Heizung erm\u00f6glicht gute Aufnahmen [&hellip;]\" \/>\n<meta property=\"og:url\" content=\"https:\/\/shop.bantam.ch\/de\/produkt\/kamera-perfectview-cam45-ohne-nav\/\" \/>\n<meta property=\"og:site_name\" content=\"Bantam Camping AG\" \/>\n<meta property=\"article:modified_time\" content=\"2026-04-18T19:13:54+00:00\" \/>\n<meta property=\"og:image\" content=\"https:\/\/shop.bantam.ch\/wp-content\/uploads\/2023\/02\/992493811.jpg\" \/>\n\t<meta property=\"og:image:width\" content=\"1000\" \/>\n\t<meta property=\"og:image:height\" content=\"807\" \/>\n\t<meta property=\"og:image:type\" content=\"image\/jpeg\" \/>\n<meta name=\"twitter:card\" content=\"summary_large_image\" \/>\n<script type=\"application\/ld+json\" class=\"yoast-schema-graph\">{\"@context\":\"https:\\\/\\\/schema.org\",\"@graph\":[{\"@type\":\"WebPage\",\"@id\":\"https:\\\/\\\/shop.bantam.ch\\\/de\\\/produkt\\\/kamera-perfectview-cam45-ohne-nav\\\/\",\"url\":\"https:\\\/\\\/shop.bantam.ch\\\/de\\\/produkt\\\/kamera-perfectview-cam45-ohne-nav\\\/\",\"name\":\"Kamera DOMETIC PerfectView CAM45 ohne NAV - Bantam Camping AG\",\"isPartOf\":{\"@id\":\"https:\\\/\\\/shop.bantam.ch\\\/de\\\/#website\"},\"primaryImageOfPage\":{\"@id\":\"https:\\\/\\\/shop.bantam.ch\\\/de\\\/produkt\\\/kamera-perfectview-cam45-ohne-nav\\\/#primaryimage\"},\"image\":{\"@id\":\"https:\\\/\\\/shop.bantam.ch\\\/de\\\/produkt\\\/kamera-perfectview-cam45-ohne-nav\\\/#primaryimage\"},\"thumbnailUrl\":\"https:\\\/\\\/shop.bantam.ch\\\/wp-content\\\/uploads\\\/2023\\\/02\\\/992493811.jpg\",\"datePublished\":\"2023-02-27T19:31:25+00:00\",\"dateModified\":\"2026-04-18T19:13:54+00:00\",\"breadcrumb\":{\"@id\":\"https:\\\/\\\/shop.bantam.ch\\\/de\\\/produkt\\\/kamera-perfectview-cam45-ohne-nav\\\/#breadcrumb\"},\"inLanguage\":\"de\",\"potentialAction\":[{\"@type\":\"ReadAction\",\"target\":[\"https:\\\/\\\/shop.bantam.ch\\\/de\\\/produkt\\\/kamera-perfectview-cam45-ohne-nav\\\/\"]}]},{\"@type\":\"ImageObject\",\"inLanguage\":\"de\",\"@id\":\"https:\\\/\\\/shop.bantam.ch\\\/de\\\/produkt\\\/kamera-perfectview-cam45-ohne-nav\\\/#primaryimage\",\"url\":\"https:\\\/\\\/shop.bantam.ch\\\/wp-content\\\/uploads\\\/2023\\\/02\\\/992493811.jpg\",\"contentUrl\":\"https:\\\/\\\/shop.bantam.ch\\\/wp-content\\\/uploads\\\/2023\\\/02\\\/992493811.jpg\",\"width\":1000,\"height\":807},{\"@type\":\"BreadcrumbList\",\"@id\":\"https:\\\/\\\/shop.bantam.ch\\\/de\\\/produkt\\\/kamera-perfectview-cam45-ohne-nav\\\/#breadcrumb\",\"itemListElement\":[{\"@type\":\"ListItem\",\"position\":1,\"name\":\"Accueil\",\"item\":\"https:\\\/\\\/shop.bantam.ch\\\/de\\\/\"},{\"@type\":\"ListItem\",\"position\":2,\"name\":\"Shop\",\"item\":\"https:\\\/\\\/shop.bantam.ch\\\/de\\\/shop\\\/\"},{\"@type\":\"ListItem\",\"position\":3,\"name\":\"Kamera DOMETIC PerfectView CAM45 ohne NAV\"}]},{\"@type\":\"WebSite\",\"@id\":\"https:\\\/\\\/shop.bantam.ch\\\/de\\\/#website\",\"url\":\"https:\\\/\\\/shop.bantam.ch\\\/de\\\/\",\"name\":\"Bantam Camping AG\",\"description\":\"\",\"publisher\":{\"@id\":\"https:\\\/\\\/shop.bantam.ch\\\/de\\\/#organization\"},\"inLanguage\":\"de\"},{\"@type\":\"Organization\",\"@id\":\"https:\\\/\\\/shop.bantam.ch\\\/de\\\/#organization\",\"name\":\"Bantam Camping AG\",\"url\":\"https:\\\/\\\/shop.bantam.ch\\\/de\\\/\",\"logo\":{\"@type\":\"ImageObject\",\"inLanguage\":\"de\",\"@id\":\"https:\\\/\\\/shop.bantam.ch\\\/de\\\/#\\\/schema\\\/logo\\\/image\\\/\",\"url\":\"https:\\\/\\\/shop.bantam.ch\\\/wp-content\\\/uploads\\\/2022\\\/12\\\/bantam-logo.png\",\"contentUrl\":\"https:\\\/\\\/shop.bantam.ch\\\/wp-content\\\/uploads\\\/2022\\\/12\\\/bantam-logo.png\",\"width\":320,\"height\":71,\"caption\":\"Bantam Camping AG\"},\"image\":{\"@id\":\"https:\\\/\\\/shop.bantam.ch\\\/de\\\/#\\\/schema\\\/logo\\\/image\\\/\"}}]}<\/script>\n<!-- \/ Yoast SEO plugin. -->","yoast_head_json":{"title":"Kamera DOMETIC PerfectView CAM45 ohne NAV - Bantam Camping AG","robots":{"index":"index","follow":"follow","max-snippet":"max-snippet:-1","max-image-preview":"max-image-preview:large","max-video-preview":"max-video-preview:-1"},"canonical":"https:\/\/shop.bantam.ch\/de\/produkt\/kamera-perfectview-cam45-ohne-nav\/","og_locale":"de_DE","og_type":"article","og_title":"Kamera DOMETIC PerfectView CAM45 ohne NAV - Bantam Camping AG","og_description":"Mit der Dometic PerfectView CAM 45 werden Spurwechsel und R\u00fcckw\u00e4rtsfahren mit gro\u00dfen Fahrzeugen einfacher und sicherer. Die kompakte Farbkamera bietet Fahrern einen 120 \u00b0 weiten diagonalen Blickwinkel und erm\u00f6glicht ihnen dank integriertem Mikrofon zu h\u00f6ren, was hinter dem Fahrzeug geschieht. Dabei besteht die Wahl zwischen normaler oder gespiegelter Wiedergabe. Eine temperaturgesteuerte Heizung erm\u00f6glicht gute Aufnahmen [&hellip;]","og_url":"https:\/\/shop.bantam.ch\/de\/produkt\/kamera-perfectview-cam45-ohne-nav\/","og_site_name":"Bantam Camping AG","article_modified_time":"2026-04-18T19:13:54+00:00","og_image":[{"width":1000,"height":807,"url":"https:\/\/shop.bantam.ch\/wp-content\/uploads\/2023\/02\/992493811.jpg","type":"image\/jpeg"}],"twitter_card":"summary_large_image","schema":{"@context":"https:\/\/schema.org","@graph":[{"@type":"WebPage","@id":"https:\/\/shop.bantam.ch\/de\/produkt\/kamera-perfectview-cam45-ohne-nav\/","url":"https:\/\/shop.bantam.ch\/de\/produkt\/kamera-perfectview-cam45-ohne-nav\/","name":"Kamera DOMETIC PerfectView CAM45 ohne NAV - Bantam Camping AG","isPartOf":{"@id":"https:\/\/shop.bantam.ch\/de\/#website"},"primaryImageOfPage":{"@id":"https:\/\/shop.bantam.ch\/de\/produkt\/kamera-perfectview-cam45-ohne-nav\/#primaryimage"},"image":{"@id":"https:\/\/shop.bantam.ch\/de\/produkt\/kamera-perfectview-cam45-ohne-nav\/#primaryimage"},"thumbnailUrl":"https:\/\/shop.bantam.ch\/wp-content\/uploads\/2023\/02\/992493811.jpg","datePublished":"2023-02-27T19:31:25+00:00","dateModified":"2026-04-18T19:13:54+00:00","breadcrumb":{"@id":"https:\/\/shop.bantam.ch\/de\/produkt\/kamera-perfectview-cam45-ohne-nav\/#breadcrumb"},"inLanguage":"de","potentialAction":[{"@type":"ReadAction","target":["https:\/\/shop.bantam.ch\/de\/produkt\/kamera-perfectview-cam45-ohne-nav\/"]}]},{"@type":"ImageObject","inLanguage":"de","@id":"https:\/\/shop.bantam.ch\/de\/produkt\/kamera-perfectview-cam45-ohne-nav\/#primaryimage","url":"https:\/\/shop.bantam.ch\/wp-content\/uploads\/2023\/02\/992493811.jpg","contentUrl":"https:\/\/shop.bantam.ch\/wp-content\/uploads\/2023\/02\/992493811.jpg","width":1000,"height":807},{"@type":"BreadcrumbList","@id":"https:\/\/shop.bantam.ch\/de\/produkt\/kamera-perfectview-cam45-ohne-nav\/#breadcrumb","itemListElement":[{"@type":"ListItem","position":1,"name":"Accueil","item":"https:\/\/shop.bantam.ch\/de\/"},{"@type":"ListItem","position":2,"name":"Shop","item":"https:\/\/shop.bantam.ch\/de\/shop\/"},{"@type":"ListItem","position":3,"name":"Kamera DOMETIC PerfectView CAM45 ohne NAV"}]},{"@type":"WebSite","@id":"https:\/\/shop.bantam.ch\/de\/#website","url":"https:\/\/shop.bantam.ch\/de\/","name":"Bantam Camping AG","description":"","publisher":{"@id":"https:\/\/shop.bantam.ch\/de\/#organization"},"inLanguage":"de"},{"@type":"Organization","@id":"https:\/\/shop.bantam.ch\/de\/#organization","name":"Bantam Camping AG","url":"https:\/\/shop.bantam.ch\/de\/","logo":{"@type":"ImageObject","inLanguage":"de","@id":"https:\/\/shop.bantam.ch\/de\/#\/schema\/logo\/image\/","url":"https:\/\/shop.bantam.ch\/wp-content\/uploads\/2022\/12\/bantam-logo.png","contentUrl":"https:\/\/shop.bantam.ch\/wp-content\/uploads\/2022\/12\/bantam-logo.png","width":320,"height":71,"caption":"Bantam Camping AG"},"image":{"@id":"https:\/\/shop.bantam.ch\/de\/#\/schema\/logo\/image\/"}}]}},"_links":{"self":[{"href":"https:\/\/shop.bantam.ch\/de\/wp-json\/wp\/v2\/product\/69312","targetHints":{"allow":["GET"]}}],"collection":[{"href":"https:\/\/shop.bantam.ch\/de\/wp-json\/wp\/v2\/product"}],"about":[{"href":"https:\/\/shop.bantam.ch\/de\/wp-json\/wp\/v2\/types\/product"}],"wp:featuredmedia":[{"embeddable":true,"href":"https:\/\/shop.bantam.ch\/de\/wp-json\/wp\/v2\/media\/69310"}],"wp:attachment":[{"href":"https:\/\/shop.bantam.ch\/de\/wp-json\/wp\/v2\/media?parent=69312"}],"wp:term":[{"taxonomy":"product_featured_cat","embeddable":true,"href":"https:\/\/shop.bantam.ch\/de\/wp-json\/wp\/v2\/product_featured_cat?post=69312"},{"taxonomy":"product_brand","embeddable":true,"href":"https:\/\/shop.bantam.ch\/de\/wp-json\/wp\/v2\/product_brand?post=69312"},{"taxonomy":"product_cat","embeddable":true,"href":"https:\/\/shop.bantam.ch\/de\/wp-json\/wp\/v2\/product_cat?post=69312"},{"taxonomy":"product_tag","embeddable":true,"href":"https:\/\/shop.bantam.ch\/de\/wp-json\/wp\/v2\/product_tag?post=69312"}],"curies":[{"name":"wp","href":"https:\/\/api.w.org\/{rel}","templated":true}]}}