{"id":68373,"date":"2023-02-27T20:17:58","date_gmt":"2023-02-27T19:17:58","guid":{"rendered":"http:\/\/shop.bantam.ch\/produit\/fliegenschutztuer-fuer-fast-alle-wohnwagen-und-reisemobile\/"},"modified":"2026-05-08T22:07:51","modified_gmt":"2026-05-08T20:07:51","slug":"fliegenschutztuer-fuer-fast-alle-wohnwagen-und-reisemobile","status":"publish","type":"product","link":"https:\/\/shop.bantam.ch\/de\/produkt\/fliegenschutztuer-fuer-fast-alle-wohnwagen-und-reisemobile\/","title":{"rendered":"Fliegenschutzt\u00fcr f\u00fcr fast alle Wohnwagen und Reisemobile"},"content":{"rendered":"<p>Horrex hat eine revolution\u00e4re Fliegenschutzt\u00fcr entwickelt, die f\u00fcr fast alle Wohnwagen und Reisemobile geeignet ist. Die Gaze ist plissiert und wird gefaltet (nicht aufgerollt mit einer Feder). Dieses hat den Vorteil, dass die Zugleiste in jeder Position stehen bleibt. Die Anwenderfreundlichkeit ist also optimal. Selbst kleine Kinder k\u00f6nnen diese Fliegenschutzt\u00fcr einfach bedienen, da die Zugleiste auf jeder H\u00f6he zu \u00f6ffnen ist.<\/p>\n<p>Markante spezifische Eigenschaften der Plissee Fliegenschutzt\u00fcr:<br \/>Plissierte Insektengaze hat den Vorteil, dass diese besser sichtbar und auch sehr dekorativ ist.<br \/>Besonders anwenderfreundlich.<br \/>Ger\u00e4uschlose Bedienung.<\/p>\n","protected":false},"excerpt":{"rendered":"<p>Horrex hat eine revolution\u00e4re Fliegenschutzt\u00fcr entwickelt, die f\u00fcr fast alle Wohnwagen und Reisemobile geeignet ist. Die Gaze ist plissiert und wird gefaltet (nicht aufgerollt mit einer Feder). Dieses hat den Vorteil, dass die Zugleiste in jeder Position stehen bleibt. Die Anwenderfreundlichkeit ist also optimal. Selbst kleine Kinder k\u00f6nnen diese Fliegenschutzt\u00fcr einfach bedienen, da die Zugleiste [&hellip;]<\/p>\n","protected":false},"featured_media":68352,"template":"","meta":{"_acf_changed":false},"product_featured_cat":[],"product_brand":[3039],"product_cat":[4794],"product_tag":[],"class_list":{"0":"post-68373","1":"product","2":"type-product","3":"status-publish","4":"has-post-thumbnail","6":"product_brand-horrex-de","7":"product_cat-insektenschutz-fuer-tueren","9":"first","10":"instock","11":"taxable","12":"shipping-taxable","13":"purchasable","14":"product-type-variable"},"acf":[],"yoast_head":"<!-- This site is optimized with the Yoast SEO plugin v27.5 - https:\/\/yoast.com\/product\/yoast-seo-wordpress\/ -->\n<title>Fliegenschutzt\u00fcr f\u00fcr fast alle Wohnwagen und Reisemobile - Bantam<\/title>\n<meta name=\"robots\" content=\"index, follow, max-snippet:-1, max-image-preview:large, max-video-preview:-1\" \/>\n<link rel=\"canonical\" href=\"https:\/\/shop.bantam.ch\/de\/produkt\/fliegenschutztuer-fuer-fast-alle-wohnwagen-und-reisemobile\/\" \/>\n<meta property=\"og:locale\" content=\"de_DE\" \/>\n<meta property=\"og:type\" content=\"article\" \/>\n<meta property=\"og:title\" content=\"Fliegenschutzt\u00fcr f\u00fcr fast alle Wohnwagen und Reisemobile - Bantam\" \/>\n<meta property=\"og:description\" content=\"Horrex hat eine revolution\u00e4re Fliegenschutzt\u00fcr entwickelt, die f\u00fcr fast alle Wohnwagen und Reisemobile geeignet ist. Die Gaze ist plissiert und wird gefaltet (nicht aufgerollt mit einer Feder). Dieses hat den Vorteil, dass die Zugleiste in jeder Position stehen bleibt. Die Anwenderfreundlichkeit ist also optimal. Selbst kleine Kinder k\u00f6nnen diese Fliegenschutzt\u00fcr einfach bedienen, da die Zugleiste [&hellip;]\" \/>\n<meta property=\"og:url\" content=\"https:\/\/shop.bantam.ch\/de\/produkt\/fliegenschutztuer-fuer-fast-alle-wohnwagen-und-reisemobile\/\" \/>\n<meta property=\"og:site_name\" content=\"Bantam\" \/>\n<meta property=\"article:modified_time\" content=\"2026-05-08T20:07:51+00:00\" \/>\n<meta property=\"og:image\" content=\"https:\/\/shop.bantam.ch\/wp-content\/uploads\/2023\/02\/9960843-Fliegenschutztuer_1935x650-Hintergrund-015805b7fdd08df.jpg\" \/>\n\t<meta property=\"og:image:width\" content=\"734\" \/>\n\t<meta property=\"og:image:height\" content=\"1000\" \/>\n\t<meta property=\"og:image:type\" content=\"image\/jpeg\" \/>\n<meta name=\"twitter:card\" content=\"summary_large_image\" \/>\n<script type=\"application\/ld+json\" class=\"yoast-schema-graph\">{\"@context\":\"https:\\\/\\\/schema.org\",\"@graph\":[{\"@type\":\"WebPage\",\"@id\":\"https:\\\/\\\/shop.bantam.ch\\\/de\\\/produkt\\\/fliegenschutztuer-fuer-fast-alle-wohnwagen-und-reisemobile\\\/\",\"url\":\"https:\\\/\\\/shop.bantam.ch\\\/de\\\/produkt\\\/fliegenschutztuer-fuer-fast-alle-wohnwagen-und-reisemobile\\\/\",\"name\":\"Fliegenschutzt\u00fcr f\u00fcr fast alle Wohnwagen und Reisemobile - Bantam\",\"isPartOf\":{\"@id\":\"https:\\\/\\\/shop.bantam.ch\\\/de\\\/#website\"},\"primaryImageOfPage\":{\"@id\":\"https:\\\/\\\/shop.bantam.ch\\\/de\\\/produkt\\\/fliegenschutztuer-fuer-fast-alle-wohnwagen-und-reisemobile\\\/#primaryimage\"},\"image\":{\"@id\":\"https:\\\/\\\/shop.bantam.ch\\\/de\\\/produkt\\\/fliegenschutztuer-fuer-fast-alle-wohnwagen-und-reisemobile\\\/#primaryimage\"},\"thumbnailUrl\":\"https:\\\/\\\/shop.bantam.ch\\\/wp-content\\\/uploads\\\/2023\\\/02\\\/9960843-Fliegenschutztuer_1935x650-Hintergrund-015805b7fdd08df.jpg\",\"datePublished\":\"2023-02-27T19:17:58+00:00\",\"dateModified\":\"2026-05-08T20:07:51+00:00\",\"breadcrumb\":{\"@id\":\"https:\\\/\\\/shop.bantam.ch\\\/de\\\/produkt\\\/fliegenschutztuer-fuer-fast-alle-wohnwagen-und-reisemobile\\\/#breadcrumb\"},\"inLanguage\":\"de\",\"potentialAction\":[{\"@type\":\"ReadAction\",\"target\":[\"https:\\\/\\\/shop.bantam.ch\\\/de\\\/produkt\\\/fliegenschutztuer-fuer-fast-alle-wohnwagen-und-reisemobile\\\/\"]}]},{\"@type\":\"ImageObject\",\"inLanguage\":\"de\",\"@id\":\"https:\\\/\\\/shop.bantam.ch\\\/de\\\/produkt\\\/fliegenschutztuer-fuer-fast-alle-wohnwagen-und-reisemobile\\\/#primaryimage\",\"url\":\"https:\\\/\\\/shop.bantam.ch\\\/wp-content\\\/uploads\\\/2023\\\/02\\\/9960843-Fliegenschutztuer_1935x650-Hintergrund-015805b7fdd08df.jpg\",\"contentUrl\":\"https:\\\/\\\/shop.bantam.ch\\\/wp-content\\\/uploads\\\/2023\\\/02\\\/9960843-Fliegenschutztuer_1935x650-Hintergrund-015805b7fdd08df.jpg\",\"width\":734,\"height\":1000},{\"@type\":\"BreadcrumbList\",\"@id\":\"https:\\\/\\\/shop.bantam.ch\\\/de\\\/produkt\\\/fliegenschutztuer-fuer-fast-alle-wohnwagen-und-reisemobile\\\/#breadcrumb\",\"itemListElement\":[{\"@type\":\"ListItem\",\"position\":1,\"name\":\"Accueil\",\"item\":\"https:\\\/\\\/shop.bantam.ch\\\/de\\\/\"},{\"@type\":\"ListItem\",\"position\":2,\"name\":\"Shop\",\"item\":\"https:\\\/\\\/shop.bantam.ch\\\/de\\\/shop\\\/\"},{\"@type\":\"ListItem\",\"position\":3,\"name\":\"Fliegenschutzt\u00fcr f\u00fcr fast alle Wohnwagen und Reisemobile\"}]},{\"@type\":\"WebSite\",\"@id\":\"https:\\\/\\\/shop.bantam.ch\\\/de\\\/#website\",\"url\":\"https:\\\/\\\/shop.bantam.ch\\\/de\\\/\",\"name\":\"Bantam\",\"description\":\"\",\"publisher\":{\"@id\":\"https:\\\/\\\/shop.bantam.ch\\\/de\\\/#organization\"},\"inLanguage\":\"de\"},{\"@type\":\"Organization\",\"@id\":\"https:\\\/\\\/shop.bantam.ch\\\/de\\\/#organization\",\"name\":\"Bantam\",\"url\":\"https:\\\/\\\/shop.bantam.ch\\\/de\\\/\",\"logo\":{\"@type\":\"ImageObject\",\"inLanguage\":\"de\",\"@id\":\"https:\\\/\\\/shop.bantam.ch\\\/de\\\/#\\\/schema\\\/logo\\\/image\\\/\",\"url\":\"https:\\\/\\\/shop.bantam.ch\\\/wp-content\\\/uploads\\\/2022\\\/12\\\/bantam-logo.png\",\"contentUrl\":\"https:\\\/\\\/shop.bantam.ch\\\/wp-content\\\/uploads\\\/2022\\\/12\\\/bantam-logo.png\",\"width\":320,\"height\":71,\"caption\":\"Bantam\"},\"image\":{\"@id\":\"https:\\\/\\\/shop.bantam.ch\\\/de\\\/#\\\/schema\\\/logo\\\/image\\\/\"}}]}<\/script>\n<!-- \/ Yoast SEO plugin. -->","yoast_head_json":{"title":"Fliegenschutzt\u00fcr f\u00fcr fast alle Wohnwagen und Reisemobile - Bantam","robots":{"index":"index","follow":"follow","max-snippet":"max-snippet:-1","max-image-preview":"max-image-preview:large","max-video-preview":"max-video-preview:-1"},"canonical":"https:\/\/shop.bantam.ch\/de\/produkt\/fliegenschutztuer-fuer-fast-alle-wohnwagen-und-reisemobile\/","og_locale":"de_DE","og_type":"article","og_title":"Fliegenschutzt\u00fcr f\u00fcr fast alle Wohnwagen und Reisemobile - Bantam","og_description":"Horrex hat eine revolution\u00e4re Fliegenschutzt\u00fcr entwickelt, die f\u00fcr fast alle Wohnwagen und Reisemobile geeignet ist. Die Gaze ist plissiert und wird gefaltet (nicht aufgerollt mit einer Feder). Dieses hat den Vorteil, dass die Zugleiste in jeder Position stehen bleibt. Die Anwenderfreundlichkeit ist also optimal. Selbst kleine Kinder k\u00f6nnen diese Fliegenschutzt\u00fcr einfach bedienen, da die Zugleiste [&hellip;]","og_url":"https:\/\/shop.bantam.ch\/de\/produkt\/fliegenschutztuer-fuer-fast-alle-wohnwagen-und-reisemobile\/","og_site_name":"Bantam","article_modified_time":"2026-05-08T20:07:51+00:00","og_image":[{"width":734,"height":1000,"url":"https:\/\/shop.bantam.ch\/wp-content\/uploads\/2023\/02\/9960843-Fliegenschutztuer_1935x650-Hintergrund-015805b7fdd08df.jpg","type":"image\/jpeg"}],"twitter_card":"summary_large_image","schema":{"@context":"https:\/\/schema.org","@graph":[{"@type":"WebPage","@id":"https:\/\/shop.bantam.ch\/de\/produkt\/fliegenschutztuer-fuer-fast-alle-wohnwagen-und-reisemobile\/","url":"https:\/\/shop.bantam.ch\/de\/produkt\/fliegenschutztuer-fuer-fast-alle-wohnwagen-und-reisemobile\/","name":"Fliegenschutzt\u00fcr f\u00fcr fast alle Wohnwagen und Reisemobile - Bantam","isPartOf":{"@id":"https:\/\/shop.bantam.ch\/de\/#website"},"primaryImageOfPage":{"@id":"https:\/\/shop.bantam.ch\/de\/produkt\/fliegenschutztuer-fuer-fast-alle-wohnwagen-und-reisemobile\/#primaryimage"},"image":{"@id":"https:\/\/shop.bantam.ch\/de\/produkt\/fliegenschutztuer-fuer-fast-alle-wohnwagen-und-reisemobile\/#primaryimage"},"thumbnailUrl":"https:\/\/shop.bantam.ch\/wp-content\/uploads\/2023\/02\/9960843-Fliegenschutztuer_1935x650-Hintergrund-015805b7fdd08df.jpg","datePublished":"2023-02-27T19:17:58+00:00","dateModified":"2026-05-08T20:07:51+00:00","breadcrumb":{"@id":"https:\/\/shop.bantam.ch\/de\/produkt\/fliegenschutztuer-fuer-fast-alle-wohnwagen-und-reisemobile\/#breadcrumb"},"inLanguage":"de","potentialAction":[{"@type":"ReadAction","target":["https:\/\/shop.bantam.ch\/de\/produkt\/fliegenschutztuer-fuer-fast-alle-wohnwagen-und-reisemobile\/"]}]},{"@type":"ImageObject","inLanguage":"de","@id":"https:\/\/shop.bantam.ch\/de\/produkt\/fliegenschutztuer-fuer-fast-alle-wohnwagen-und-reisemobile\/#primaryimage","url":"https:\/\/shop.bantam.ch\/wp-content\/uploads\/2023\/02\/9960843-Fliegenschutztuer_1935x650-Hintergrund-015805b7fdd08df.jpg","contentUrl":"https:\/\/shop.bantam.ch\/wp-content\/uploads\/2023\/02\/9960843-Fliegenschutztuer_1935x650-Hintergrund-015805b7fdd08df.jpg","width":734,"height":1000},{"@type":"BreadcrumbList","@id":"https:\/\/shop.bantam.ch\/de\/produkt\/fliegenschutztuer-fuer-fast-alle-wohnwagen-und-reisemobile\/#breadcrumb","itemListElement":[{"@type":"ListItem","position":1,"name":"Accueil","item":"https:\/\/shop.bantam.ch\/de\/"},{"@type":"ListItem","position":2,"name":"Shop","item":"https:\/\/shop.bantam.ch\/de\/shop\/"},{"@type":"ListItem","position":3,"name":"Fliegenschutzt\u00fcr f\u00fcr fast alle Wohnwagen und Reisemobile"}]},{"@type":"WebSite","@id":"https:\/\/shop.bantam.ch\/de\/#website","url":"https:\/\/shop.bantam.ch\/de\/","name":"Bantam","description":"","publisher":{"@id":"https:\/\/shop.bantam.ch\/de\/#organization"},"inLanguage":"de"},{"@type":"Organization","@id":"https:\/\/shop.bantam.ch\/de\/#organization","name":"Bantam","url":"https:\/\/shop.bantam.ch\/de\/","logo":{"@type":"ImageObject","inLanguage":"de","@id":"https:\/\/shop.bantam.ch\/de\/#\/schema\/logo\/image\/","url":"https:\/\/shop.bantam.ch\/wp-content\/uploads\/2022\/12\/bantam-logo.png","contentUrl":"https:\/\/shop.bantam.ch\/wp-content\/uploads\/2022\/12\/bantam-logo.png","width":320,"height":71,"caption":"Bantam"},"image":{"@id":"https:\/\/shop.bantam.ch\/de\/#\/schema\/logo\/image\/"}}]}},"_links":{"self":[{"href":"https:\/\/shop.bantam.ch\/de\/wp-json\/wp\/v2\/product\/68373","targetHints":{"allow":["GET"]}}],"collection":[{"href":"https:\/\/shop.bantam.ch\/de\/wp-json\/wp\/v2\/product"}],"about":[{"href":"https:\/\/shop.bantam.ch\/de\/wp-json\/wp\/v2\/types\/product"}],"wp:featuredmedia":[{"embeddable":true,"href":"https:\/\/shop.bantam.ch\/de\/wp-json\/wp\/v2\/media\/68352"}],"wp:attachment":[{"href":"https:\/\/shop.bantam.ch\/de\/wp-json\/wp\/v2\/media?parent=68373"}],"wp:term":[{"taxonomy":"product_featured_cat","embeddable":true,"href":"https:\/\/shop.bantam.ch\/de\/wp-json\/wp\/v2\/product_featured_cat?post=68373"},{"taxonomy":"product_brand","embeddable":true,"href":"https:\/\/shop.bantam.ch\/de\/wp-json\/wp\/v2\/product_brand?post=68373"},{"taxonomy":"product_cat","embeddable":true,"href":"https:\/\/shop.bantam.ch\/de\/wp-json\/wp\/v2\/product_cat?post=68373"},{"taxonomy":"product_tag","embeddable":true,"href":"https:\/\/shop.bantam.ch\/de\/wp-json\/wp\/v2\/product_tag?post=68373"}],"curies":[{"name":"wp","href":"https:\/\/api.w.org\/{rel}","templated":true}]}}