{"id":68346,"date":"2023-02-27T20:17:45","date_gmt":"2023-02-27T19:17:45","guid":{"rendered":"http:\/\/shop.bantam.ch\/produit\/kopfverstellung-fuer-variable-breiten-nachruestbar\/"},"modified":"2026-04-20T21:13:31","modified_gmt":"2026-04-20T19:13:31","slug":"kopfverstellung-fuer-variable-breiten-nachruestbar","status":"publish","type":"product","link":"https:\/\/shop.bantam.ch\/de\/produkt\/kopfverstellung-fuer-variable-breiten-nachruestbar\/","title":{"rendered":"Kopfverstellung Froli 80 cm"},"content":{"rendered":"<p>Die Froli Nachr\u00fcstkopfverstellung l\u00e4sst sich mittels weniger Handgriffe zusammenschrauben und an der unteren Bettfl\u00e4che oder einem vorhandenem Lattenrost befestigen. Die Breite der Kopfst\u00fctze l\u00e4sst sich durch K\u00fcrzen der Leisten individuell variieren. H\u00f6henverstellbar in 6 Stufen von 4,0-21,0 cm.<\/p>\n","protected":false},"excerpt":{"rendered":"<p>Die Froli Nachr\u00fcstkopfverstellung l\u00e4sst sich mittels weniger Handgriffe zusammenschrauben und an der unteren Bettfl\u00e4che oder einem vorhandenem Lattenrost befestigen. Die Breite der Kopfst\u00fctze l\u00e4sst sich durch K\u00fcrzen der Leisten individuell variieren. H\u00f6henverstellbar in 6 Stufen von 4,0-21,0 cm.<\/p>\n","protected":false},"featured_media":207395,"template":"","meta":{"_acf_changed":false},"product_featured_cat":[],"product_brand":[3059],"product_cat":[5058],"product_tag":[],"class_list":{"0":"post-68346","1":"product","2":"type-product","3":"status-publish","4":"has-post-thumbnail","6":"product_brand-froli-de","7":"product_cat-lattenroste","9":"first","10":"instock","11":"taxable","12":"shipping-taxable","13":"purchasable","14":"product-type-simple"},"acf":[],"yoast_head":"<!-- This site is optimized with the Yoast SEO plugin v27.4 - https:\/\/yoast.com\/product\/yoast-seo-wordpress\/ -->\n<title>Kopfverstellung Froli 80 cm - Bantam Camping AG<\/title>\n<meta name=\"robots\" content=\"index, follow, max-snippet:-1, max-image-preview:large, max-video-preview:-1\" \/>\n<link rel=\"canonical\" href=\"https:\/\/shop.bantam.ch\/de\/produkt\/kopfverstellung-fuer-variable-breiten-nachruestbar\/\" \/>\n<meta property=\"og:locale\" content=\"de_DE\" \/>\n<meta property=\"og:type\" content=\"article\" \/>\n<meta property=\"og:title\" content=\"Kopfverstellung Froli 80 cm - Bantam Camping AG\" \/>\n<meta property=\"og:description\" content=\"Die Froli Nachr\u00fcstkopfverstellung l\u00e4sst sich mittels weniger Handgriffe zusammenschrauben und an der unteren Bettfl\u00e4che oder einem vorhandenem Lattenrost befestigen. Die Breite der Kopfst\u00fctze l\u00e4sst sich durch K\u00fcrzen der Leisten individuell variieren. H\u00f6henverstellbar in 6 Stufen von 4,0-21,0 cm.\" \/>\n<meta property=\"og:url\" content=\"https:\/\/shop.bantam.ch\/de\/produkt\/kopfverstellung-fuer-variable-breiten-nachruestbar\/\" \/>\n<meta property=\"og:site_name\" content=\"Bantam Camping AG\" \/>\n<meta property=\"article:modified_time\" content=\"2026-04-20T19:13:31+00:00\" \/>\n<meta property=\"og:image\" content=\"https:\/\/shop.bantam.ch\/wp-content\/uploads\/2024\/04\/Movera-L-9969365100.jpg\" \/>\n\t<meta property=\"og:image:width\" content=\"640\" \/>\n\t<meta property=\"og:image:height\" content=\"640\" \/>\n\t<meta property=\"og:image:type\" content=\"image\/jpeg\" \/>\n<meta name=\"twitter:card\" content=\"summary_large_image\" \/>\n<script type=\"application\/ld+json\" class=\"yoast-schema-graph\">{\"@context\":\"https:\\\/\\\/schema.org\",\"@graph\":[{\"@type\":\"WebPage\",\"@id\":\"https:\\\/\\\/shop.bantam.ch\\\/de\\\/produkt\\\/kopfverstellung-fuer-variable-breiten-nachruestbar\\\/\",\"url\":\"https:\\\/\\\/shop.bantam.ch\\\/de\\\/produkt\\\/kopfverstellung-fuer-variable-breiten-nachruestbar\\\/\",\"name\":\"Kopfverstellung Froli 80 cm - Bantam Camping AG\",\"isPartOf\":{\"@id\":\"https:\\\/\\\/shop.bantam.ch\\\/de\\\/#website\"},\"primaryImageOfPage\":{\"@id\":\"https:\\\/\\\/shop.bantam.ch\\\/de\\\/produkt\\\/kopfverstellung-fuer-variable-breiten-nachruestbar\\\/#primaryimage\"},\"image\":{\"@id\":\"https:\\\/\\\/shop.bantam.ch\\\/de\\\/produkt\\\/kopfverstellung-fuer-variable-breiten-nachruestbar\\\/#primaryimage\"},\"thumbnailUrl\":\"https:\\\/\\\/shop.bantam.ch\\\/wp-content\\\/uploads\\\/2024\\\/09\\\/Movera-L-9969365100.jpg\",\"datePublished\":\"2023-02-27T19:17:45+00:00\",\"dateModified\":\"2026-04-20T19:13:31+00:00\",\"breadcrumb\":{\"@id\":\"https:\\\/\\\/shop.bantam.ch\\\/de\\\/produkt\\\/kopfverstellung-fuer-variable-breiten-nachruestbar\\\/#breadcrumb\"},\"inLanguage\":\"de\",\"potentialAction\":[{\"@type\":\"ReadAction\",\"target\":[\"https:\\\/\\\/shop.bantam.ch\\\/de\\\/produkt\\\/kopfverstellung-fuer-variable-breiten-nachruestbar\\\/\"]}]},{\"@type\":\"ImageObject\",\"inLanguage\":\"de\",\"@id\":\"https:\\\/\\\/shop.bantam.ch\\\/de\\\/produkt\\\/kopfverstellung-fuer-variable-breiten-nachruestbar\\\/#primaryimage\",\"url\":\"https:\\\/\\\/shop.bantam.ch\\\/wp-content\\\/uploads\\\/2024\\\/09\\\/Movera-L-9969365100.jpg\",\"contentUrl\":\"https:\\\/\\\/shop.bantam.ch\\\/wp-content\\\/uploads\\\/2024\\\/09\\\/Movera-L-9969365100.jpg\",\"width\":640,\"height\":640},{\"@type\":\"BreadcrumbList\",\"@id\":\"https:\\\/\\\/shop.bantam.ch\\\/de\\\/produkt\\\/kopfverstellung-fuer-variable-breiten-nachruestbar\\\/#breadcrumb\",\"itemListElement\":[{\"@type\":\"ListItem\",\"position\":1,\"name\":\"Accueil\",\"item\":\"https:\\\/\\\/shop.bantam.ch\\\/de\\\/\"},{\"@type\":\"ListItem\",\"position\":2,\"name\":\"Shop\",\"item\":\"https:\\\/\\\/shop.bantam.ch\\\/de\\\/shop\\\/\"},{\"@type\":\"ListItem\",\"position\":3,\"name\":\"Kopfverstellung Froli 80 cm\"}]},{\"@type\":\"WebSite\",\"@id\":\"https:\\\/\\\/shop.bantam.ch\\\/de\\\/#website\",\"url\":\"https:\\\/\\\/shop.bantam.ch\\\/de\\\/\",\"name\":\"Bantam Camping AG\",\"description\":\"\",\"publisher\":{\"@id\":\"https:\\\/\\\/shop.bantam.ch\\\/de\\\/#organization\"},\"inLanguage\":\"de\"},{\"@type\":\"Organization\",\"@id\":\"https:\\\/\\\/shop.bantam.ch\\\/de\\\/#organization\",\"name\":\"Bantam Camping AG\",\"url\":\"https:\\\/\\\/shop.bantam.ch\\\/de\\\/\",\"logo\":{\"@type\":\"ImageObject\",\"inLanguage\":\"de\",\"@id\":\"https:\\\/\\\/shop.bantam.ch\\\/de\\\/#\\\/schema\\\/logo\\\/image\\\/\",\"url\":\"https:\\\/\\\/shop.bantam.ch\\\/wp-content\\\/uploads\\\/2022\\\/12\\\/bantam-logo.png\",\"contentUrl\":\"https:\\\/\\\/shop.bantam.ch\\\/wp-content\\\/uploads\\\/2022\\\/12\\\/bantam-logo.png\",\"width\":320,\"height\":71,\"caption\":\"Bantam Camping AG\"},\"image\":{\"@id\":\"https:\\\/\\\/shop.bantam.ch\\\/de\\\/#\\\/schema\\\/logo\\\/image\\\/\"}}]}<\/script>\n<!-- \/ Yoast SEO plugin. -->","yoast_head_json":{"title":"Kopfverstellung Froli 80 cm - Bantam Camping AG","robots":{"index":"index","follow":"follow","max-snippet":"max-snippet:-1","max-image-preview":"max-image-preview:large","max-video-preview":"max-video-preview:-1"},"canonical":"https:\/\/shop.bantam.ch\/de\/produkt\/kopfverstellung-fuer-variable-breiten-nachruestbar\/","og_locale":"de_DE","og_type":"article","og_title":"Kopfverstellung Froli 80 cm - Bantam Camping AG","og_description":"Die Froli Nachr\u00fcstkopfverstellung l\u00e4sst sich mittels weniger Handgriffe zusammenschrauben und an der unteren Bettfl\u00e4che oder einem vorhandenem Lattenrost befestigen. Die Breite der Kopfst\u00fctze l\u00e4sst sich durch K\u00fcrzen der Leisten individuell variieren. H\u00f6henverstellbar in 6 Stufen von 4,0-21,0 cm.","og_url":"https:\/\/shop.bantam.ch\/de\/produkt\/kopfverstellung-fuer-variable-breiten-nachruestbar\/","og_site_name":"Bantam Camping AG","article_modified_time":"2026-04-20T19:13:31+00:00","og_image":[{"width":640,"height":640,"url":"https:\/\/shop.bantam.ch\/wp-content\/uploads\/2024\/04\/Movera-L-9969365100.jpg","type":"image\/jpeg"}],"twitter_card":"summary_large_image","schema":{"@context":"https:\/\/schema.org","@graph":[{"@type":"WebPage","@id":"https:\/\/shop.bantam.ch\/de\/produkt\/kopfverstellung-fuer-variable-breiten-nachruestbar\/","url":"https:\/\/shop.bantam.ch\/de\/produkt\/kopfverstellung-fuer-variable-breiten-nachruestbar\/","name":"Kopfverstellung Froli 80 cm - Bantam Camping AG","isPartOf":{"@id":"https:\/\/shop.bantam.ch\/de\/#website"},"primaryImageOfPage":{"@id":"https:\/\/shop.bantam.ch\/de\/produkt\/kopfverstellung-fuer-variable-breiten-nachruestbar\/#primaryimage"},"image":{"@id":"https:\/\/shop.bantam.ch\/de\/produkt\/kopfverstellung-fuer-variable-breiten-nachruestbar\/#primaryimage"},"thumbnailUrl":"https:\/\/shop.bantam.ch\/wp-content\/uploads\/2024\/09\/Movera-L-9969365100.jpg","datePublished":"2023-02-27T19:17:45+00:00","dateModified":"2026-04-20T19:13:31+00:00","breadcrumb":{"@id":"https:\/\/shop.bantam.ch\/de\/produkt\/kopfverstellung-fuer-variable-breiten-nachruestbar\/#breadcrumb"},"inLanguage":"de","potentialAction":[{"@type":"ReadAction","target":["https:\/\/shop.bantam.ch\/de\/produkt\/kopfverstellung-fuer-variable-breiten-nachruestbar\/"]}]},{"@type":"ImageObject","inLanguage":"de","@id":"https:\/\/shop.bantam.ch\/de\/produkt\/kopfverstellung-fuer-variable-breiten-nachruestbar\/#primaryimage","url":"https:\/\/shop.bantam.ch\/wp-content\/uploads\/2024\/09\/Movera-L-9969365100.jpg","contentUrl":"https:\/\/shop.bantam.ch\/wp-content\/uploads\/2024\/09\/Movera-L-9969365100.jpg","width":640,"height":640},{"@type":"BreadcrumbList","@id":"https:\/\/shop.bantam.ch\/de\/produkt\/kopfverstellung-fuer-variable-breiten-nachruestbar\/#breadcrumb","itemListElement":[{"@type":"ListItem","position":1,"name":"Accueil","item":"https:\/\/shop.bantam.ch\/de\/"},{"@type":"ListItem","position":2,"name":"Shop","item":"https:\/\/shop.bantam.ch\/de\/shop\/"},{"@type":"ListItem","position":3,"name":"Kopfverstellung Froli 80 cm"}]},{"@type":"WebSite","@id":"https:\/\/shop.bantam.ch\/de\/#website","url":"https:\/\/shop.bantam.ch\/de\/","name":"Bantam Camping AG","description":"","publisher":{"@id":"https:\/\/shop.bantam.ch\/de\/#organization"},"inLanguage":"de"},{"@type":"Organization","@id":"https:\/\/shop.bantam.ch\/de\/#organization","name":"Bantam Camping AG","url":"https:\/\/shop.bantam.ch\/de\/","logo":{"@type":"ImageObject","inLanguage":"de","@id":"https:\/\/shop.bantam.ch\/de\/#\/schema\/logo\/image\/","url":"https:\/\/shop.bantam.ch\/wp-content\/uploads\/2022\/12\/bantam-logo.png","contentUrl":"https:\/\/shop.bantam.ch\/wp-content\/uploads\/2022\/12\/bantam-logo.png","width":320,"height":71,"caption":"Bantam Camping AG"},"image":{"@id":"https:\/\/shop.bantam.ch\/de\/#\/schema\/logo\/image\/"}}]}},"_links":{"self":[{"href":"https:\/\/shop.bantam.ch\/de\/wp-json\/wp\/v2\/product\/68346","targetHints":{"allow":["GET"]}}],"collection":[{"href":"https:\/\/shop.bantam.ch\/de\/wp-json\/wp\/v2\/product"}],"about":[{"href":"https:\/\/shop.bantam.ch\/de\/wp-json\/wp\/v2\/types\/product"}],"wp:featuredmedia":[{"embeddable":true,"href":"https:\/\/shop.bantam.ch\/de\/wp-json\/wp\/v2\/media\/207395"}],"wp:attachment":[{"href":"https:\/\/shop.bantam.ch\/de\/wp-json\/wp\/v2\/media?parent=68346"}],"wp:term":[{"taxonomy":"product_featured_cat","embeddable":true,"href":"https:\/\/shop.bantam.ch\/de\/wp-json\/wp\/v2\/product_featured_cat?post=68346"},{"taxonomy":"product_brand","embeddable":true,"href":"https:\/\/shop.bantam.ch\/de\/wp-json\/wp\/v2\/product_brand?post=68346"},{"taxonomy":"product_cat","embeddable":true,"href":"https:\/\/shop.bantam.ch\/de\/wp-json\/wp\/v2\/product_cat?post=68346"},{"taxonomy":"product_tag","embeddable":true,"href":"https:\/\/shop.bantam.ch\/de\/wp-json\/wp\/v2\/product_tag?post=68346"}],"curies":[{"name":"wp","href":"https:\/\/api.w.org\/{rel}","templated":true}]}}