{"id":68322,"date":"2023-02-27T20:17:06","date_gmt":"2023-02-27T19:17:06","guid":{"rendered":"http:\/\/shop.bantam.ch\/produit\/eierbecher-melamin-space-weiss-grau-lime\/"},"modified":"2026-04-18T21:13:40","modified_gmt":"2026-04-18T19:13:40","slug":"eierbecher-melamin-space-weiss-grau-lime","status":"publish","type":"product","link":"https:\/\/shop.bantam.ch\/de\/produkt\/eierbecher-melamin-space-weiss-grau-lime\/","title":{"rendered":"Eierbecher BRUNNER Melamin Space Fb. wei\u00df \/ grau \/ lime"},"content":{"rendered":"<p>Dank der Verwendung einer in den Tellerboden integrierten Antirutsch-Dichtung, wird ein Verrutschen und eventuelles Fallen der Geschirrteile deutlich erschwert. Zudem vermindert sich das st\u00f6rende Klapperger\u00e4usch w\u00e4hrend der Fahrt deutlich.<br \/>Melamin ist ein hochwertiger Kunststoff, der sich aufgrund der folgenden Eigenschaften besonders gut f\u00fcr den t\u00e4glichen Outdoor-Einsatz eignet.<\/p>\n<ul>\n<li>Hitze- und feuchtigkeitsbest\u00e4ndig<\/li>\n<li>Geruchs- und geschmacksneutral<\/li>\n<li>Lebensmittelecht<\/li>\n<li>Sehr harte Oberfl\u00e4che<\/li>\n<li>Sto\u00df- und schlagfest<\/li>\n<li>Leicht zu reinigen<\/li>\n<li>Umweltfreundlich durch Langlebigkeit<\/li>\n<\/ul>\n<p>\u00a0<\/p>\n","protected":false},"excerpt":{"rendered":"<p>Dank der Verwendung einer in den Tellerboden integrierten Antirutsch-Dichtung, wird ein Verrutschen und eventuelles Fallen der Geschirrteile deutlich erschwert. Zudem vermindert sich das st\u00f6rende Klapperger\u00e4usch w\u00e4hrend der Fahrt deutlich.Melamin ist ein hochwertiger Kunststoff, der sich aufgrund der folgenden Eigenschaften besonders gut f\u00fcr den t\u00e4glichen Outdoor-Einsatz eignet. Hitze- und feuchtigkeitsbest\u00e4ndig Geruchs- und geschmacksneutral Lebensmittelecht Sehr harte [&hellip;]<\/p>\n","protected":false},"featured_media":68320,"template":"","meta":{"_acf_changed":false},"product_featured_cat":[],"product_brand":[3081],"product_cat":[4272],"product_tag":[],"class_list":{"0":"post-68322","1":"product","2":"type-product","3":"status-publish","4":"has-post-thumbnail","6":"product_brand-brunner-de","7":"product_cat-teller-eierbecher","9":"first","10":"instock","11":"taxable","12":"shipping-taxable","13":"purchasable","14":"product-type-simple"},"acf":[],"yoast_head":"<!-- This site is optimized with the Yoast SEO plugin v27.4 - https:\/\/yoast.com\/product\/yoast-seo-wordpress\/ -->\n<title>Eierbecher BRUNNER Melamin Space Fb. wei\u00df \/ grau \/ lime - Bantam Camping AG<\/title>\n<meta name=\"robots\" content=\"index, follow, max-snippet:-1, max-image-preview:large, max-video-preview:-1\" \/>\n<link rel=\"canonical\" href=\"https:\/\/shop.bantam.ch\/de\/produkt\/eierbecher-melamin-space-weiss-grau-lime\/\" \/>\n<meta property=\"og:locale\" content=\"de_DE\" \/>\n<meta property=\"og:type\" content=\"article\" \/>\n<meta property=\"og:title\" content=\"Eierbecher BRUNNER Melamin Space Fb. wei\u00df \/ grau \/ lime - Bantam Camping AG\" \/>\n<meta property=\"og:description\" content=\"Dank der Verwendung einer in den Tellerboden integrierten Antirutsch-Dichtung, wird ein Verrutschen und eventuelles Fallen der Geschirrteile deutlich erschwert. Zudem vermindert sich das st\u00f6rende Klapperger\u00e4usch w\u00e4hrend der Fahrt deutlich.Melamin ist ein hochwertiger Kunststoff, der sich aufgrund der folgenden Eigenschaften besonders gut f\u00fcr den t\u00e4glichen Outdoor-Einsatz eignet. Hitze- und feuchtigkeitsbest\u00e4ndig Geruchs- und geschmacksneutral Lebensmittelecht Sehr harte [&hellip;]\" \/>\n<meta property=\"og:url\" content=\"https:\/\/shop.bantam.ch\/de\/produkt\/eierbecher-melamin-space-weiss-grau-lime\/\" \/>\n<meta property=\"og:site_name\" content=\"Bantam Camping AG\" \/>\n<meta property=\"article:modified_time\" content=\"2026-04-18T19:13:40+00:00\" \/>\n<meta property=\"og:image\" content=\"https:\/\/shop.bantam.ch\/wp-content\/uploads\/2023\/02\/992429511.jpg\" \/>\n\t<meta property=\"og:image:width\" content=\"500\" \/>\n\t<meta property=\"og:image:height\" content=\"151\" \/>\n\t<meta property=\"og:image:type\" content=\"image\/jpeg\" \/>\n<meta name=\"twitter:card\" content=\"summary_large_image\" \/>\n<script type=\"application\/ld+json\" class=\"yoast-schema-graph\">{\"@context\":\"https:\\\/\\\/schema.org\",\"@graph\":[{\"@type\":\"WebPage\",\"@id\":\"https:\\\/\\\/shop.bantam.ch\\\/de\\\/produkt\\\/eierbecher-melamin-space-weiss-grau-lime\\\/\",\"url\":\"https:\\\/\\\/shop.bantam.ch\\\/de\\\/produkt\\\/eierbecher-melamin-space-weiss-grau-lime\\\/\",\"name\":\"Eierbecher BRUNNER Melamin Space Fb. wei\u00df \\\/ grau \\\/ lime - Bantam Camping AG\",\"isPartOf\":{\"@id\":\"https:\\\/\\\/shop.bantam.ch\\\/de\\\/#website\"},\"primaryImageOfPage\":{\"@id\":\"https:\\\/\\\/shop.bantam.ch\\\/de\\\/produkt\\\/eierbecher-melamin-space-weiss-grau-lime\\\/#primaryimage\"},\"image\":{\"@id\":\"https:\\\/\\\/shop.bantam.ch\\\/de\\\/produkt\\\/eierbecher-melamin-space-weiss-grau-lime\\\/#primaryimage\"},\"thumbnailUrl\":\"https:\\\/\\\/shop.bantam.ch\\\/wp-content\\\/uploads\\\/2023\\\/02\\\/992429511.jpg\",\"datePublished\":\"2023-02-27T19:17:06+00:00\",\"dateModified\":\"2026-04-18T19:13:40+00:00\",\"breadcrumb\":{\"@id\":\"https:\\\/\\\/shop.bantam.ch\\\/de\\\/produkt\\\/eierbecher-melamin-space-weiss-grau-lime\\\/#breadcrumb\"},\"inLanguage\":\"de\",\"potentialAction\":[{\"@type\":\"ReadAction\",\"target\":[\"https:\\\/\\\/shop.bantam.ch\\\/de\\\/produkt\\\/eierbecher-melamin-space-weiss-grau-lime\\\/\"]}]},{\"@type\":\"ImageObject\",\"inLanguage\":\"de\",\"@id\":\"https:\\\/\\\/shop.bantam.ch\\\/de\\\/produkt\\\/eierbecher-melamin-space-weiss-grau-lime\\\/#primaryimage\",\"url\":\"https:\\\/\\\/shop.bantam.ch\\\/wp-content\\\/uploads\\\/2023\\\/02\\\/992429511.jpg\",\"contentUrl\":\"https:\\\/\\\/shop.bantam.ch\\\/wp-content\\\/uploads\\\/2023\\\/02\\\/992429511.jpg\",\"width\":500,\"height\":151},{\"@type\":\"BreadcrumbList\",\"@id\":\"https:\\\/\\\/shop.bantam.ch\\\/de\\\/produkt\\\/eierbecher-melamin-space-weiss-grau-lime\\\/#breadcrumb\",\"itemListElement\":[{\"@type\":\"ListItem\",\"position\":1,\"name\":\"Accueil\",\"item\":\"https:\\\/\\\/shop.bantam.ch\\\/de\\\/\"},{\"@type\":\"ListItem\",\"position\":2,\"name\":\"Shop\",\"item\":\"https:\\\/\\\/shop.bantam.ch\\\/de\\\/shop\\\/\"},{\"@type\":\"ListItem\",\"position\":3,\"name\":\"Eierbecher BRUNNER Melamin Space Fb. wei\u00df \\\/ grau \\\/ lime\"}]},{\"@type\":\"WebSite\",\"@id\":\"https:\\\/\\\/shop.bantam.ch\\\/de\\\/#website\",\"url\":\"https:\\\/\\\/shop.bantam.ch\\\/de\\\/\",\"name\":\"Bantam Camping AG\",\"description\":\"\",\"publisher\":{\"@id\":\"https:\\\/\\\/shop.bantam.ch\\\/de\\\/#organization\"},\"inLanguage\":\"de\"},{\"@type\":\"Organization\",\"@id\":\"https:\\\/\\\/shop.bantam.ch\\\/de\\\/#organization\",\"name\":\"Bantam Camping AG\",\"url\":\"https:\\\/\\\/shop.bantam.ch\\\/de\\\/\",\"logo\":{\"@type\":\"ImageObject\",\"inLanguage\":\"de\",\"@id\":\"https:\\\/\\\/shop.bantam.ch\\\/de\\\/#\\\/schema\\\/logo\\\/image\\\/\",\"url\":\"https:\\\/\\\/shop.bantam.ch\\\/wp-content\\\/uploads\\\/2022\\\/12\\\/bantam-logo.png\",\"contentUrl\":\"https:\\\/\\\/shop.bantam.ch\\\/wp-content\\\/uploads\\\/2022\\\/12\\\/bantam-logo.png\",\"width\":320,\"height\":71,\"caption\":\"Bantam Camping AG\"},\"image\":{\"@id\":\"https:\\\/\\\/shop.bantam.ch\\\/de\\\/#\\\/schema\\\/logo\\\/image\\\/\"}}]}<\/script>\n<!-- \/ Yoast SEO plugin. -->","yoast_head_json":{"title":"Eierbecher BRUNNER Melamin Space Fb. wei\u00df \/ grau \/ lime - Bantam Camping AG","robots":{"index":"index","follow":"follow","max-snippet":"max-snippet:-1","max-image-preview":"max-image-preview:large","max-video-preview":"max-video-preview:-1"},"canonical":"https:\/\/shop.bantam.ch\/de\/produkt\/eierbecher-melamin-space-weiss-grau-lime\/","og_locale":"de_DE","og_type":"article","og_title":"Eierbecher BRUNNER Melamin Space Fb. wei\u00df \/ grau \/ lime - Bantam Camping AG","og_description":"Dank der Verwendung einer in den Tellerboden integrierten Antirutsch-Dichtung, wird ein Verrutschen und eventuelles Fallen der Geschirrteile deutlich erschwert. Zudem vermindert sich das st\u00f6rende Klapperger\u00e4usch w\u00e4hrend der Fahrt deutlich.Melamin ist ein hochwertiger Kunststoff, der sich aufgrund der folgenden Eigenschaften besonders gut f\u00fcr den t\u00e4glichen Outdoor-Einsatz eignet. Hitze- und feuchtigkeitsbest\u00e4ndig Geruchs- und geschmacksneutral Lebensmittelecht Sehr harte [&hellip;]","og_url":"https:\/\/shop.bantam.ch\/de\/produkt\/eierbecher-melamin-space-weiss-grau-lime\/","og_site_name":"Bantam Camping AG","article_modified_time":"2026-04-18T19:13:40+00:00","og_image":[{"width":500,"height":151,"url":"https:\/\/shop.bantam.ch\/wp-content\/uploads\/2023\/02\/992429511.jpg","type":"image\/jpeg"}],"twitter_card":"summary_large_image","schema":{"@context":"https:\/\/schema.org","@graph":[{"@type":"WebPage","@id":"https:\/\/shop.bantam.ch\/de\/produkt\/eierbecher-melamin-space-weiss-grau-lime\/","url":"https:\/\/shop.bantam.ch\/de\/produkt\/eierbecher-melamin-space-weiss-grau-lime\/","name":"Eierbecher BRUNNER Melamin Space Fb. wei\u00df \/ grau \/ lime - Bantam Camping AG","isPartOf":{"@id":"https:\/\/shop.bantam.ch\/de\/#website"},"primaryImageOfPage":{"@id":"https:\/\/shop.bantam.ch\/de\/produkt\/eierbecher-melamin-space-weiss-grau-lime\/#primaryimage"},"image":{"@id":"https:\/\/shop.bantam.ch\/de\/produkt\/eierbecher-melamin-space-weiss-grau-lime\/#primaryimage"},"thumbnailUrl":"https:\/\/shop.bantam.ch\/wp-content\/uploads\/2023\/02\/992429511.jpg","datePublished":"2023-02-27T19:17:06+00:00","dateModified":"2026-04-18T19:13:40+00:00","breadcrumb":{"@id":"https:\/\/shop.bantam.ch\/de\/produkt\/eierbecher-melamin-space-weiss-grau-lime\/#breadcrumb"},"inLanguage":"de","potentialAction":[{"@type":"ReadAction","target":["https:\/\/shop.bantam.ch\/de\/produkt\/eierbecher-melamin-space-weiss-grau-lime\/"]}]},{"@type":"ImageObject","inLanguage":"de","@id":"https:\/\/shop.bantam.ch\/de\/produkt\/eierbecher-melamin-space-weiss-grau-lime\/#primaryimage","url":"https:\/\/shop.bantam.ch\/wp-content\/uploads\/2023\/02\/992429511.jpg","contentUrl":"https:\/\/shop.bantam.ch\/wp-content\/uploads\/2023\/02\/992429511.jpg","width":500,"height":151},{"@type":"BreadcrumbList","@id":"https:\/\/shop.bantam.ch\/de\/produkt\/eierbecher-melamin-space-weiss-grau-lime\/#breadcrumb","itemListElement":[{"@type":"ListItem","position":1,"name":"Accueil","item":"https:\/\/shop.bantam.ch\/de\/"},{"@type":"ListItem","position":2,"name":"Shop","item":"https:\/\/shop.bantam.ch\/de\/shop\/"},{"@type":"ListItem","position":3,"name":"Eierbecher BRUNNER Melamin Space Fb. wei\u00df \/ grau \/ lime"}]},{"@type":"WebSite","@id":"https:\/\/shop.bantam.ch\/de\/#website","url":"https:\/\/shop.bantam.ch\/de\/","name":"Bantam Camping AG","description":"","publisher":{"@id":"https:\/\/shop.bantam.ch\/de\/#organization"},"inLanguage":"de"},{"@type":"Organization","@id":"https:\/\/shop.bantam.ch\/de\/#organization","name":"Bantam Camping AG","url":"https:\/\/shop.bantam.ch\/de\/","logo":{"@type":"ImageObject","inLanguage":"de","@id":"https:\/\/shop.bantam.ch\/de\/#\/schema\/logo\/image\/","url":"https:\/\/shop.bantam.ch\/wp-content\/uploads\/2022\/12\/bantam-logo.png","contentUrl":"https:\/\/shop.bantam.ch\/wp-content\/uploads\/2022\/12\/bantam-logo.png","width":320,"height":71,"caption":"Bantam Camping AG"},"image":{"@id":"https:\/\/shop.bantam.ch\/de\/#\/schema\/logo\/image\/"}}]}},"_links":{"self":[{"href":"https:\/\/shop.bantam.ch\/de\/wp-json\/wp\/v2\/product\/68322","targetHints":{"allow":["GET"]}}],"collection":[{"href":"https:\/\/shop.bantam.ch\/de\/wp-json\/wp\/v2\/product"}],"about":[{"href":"https:\/\/shop.bantam.ch\/de\/wp-json\/wp\/v2\/types\/product"}],"wp:featuredmedia":[{"embeddable":true,"href":"https:\/\/shop.bantam.ch\/de\/wp-json\/wp\/v2\/media\/68320"}],"wp:attachment":[{"href":"https:\/\/shop.bantam.ch\/de\/wp-json\/wp\/v2\/media?parent=68322"}],"wp:term":[{"taxonomy":"product_featured_cat","embeddable":true,"href":"https:\/\/shop.bantam.ch\/de\/wp-json\/wp\/v2\/product_featured_cat?post=68322"},{"taxonomy":"product_brand","embeddable":true,"href":"https:\/\/shop.bantam.ch\/de\/wp-json\/wp\/v2\/product_brand?post=68322"},{"taxonomy":"product_cat","embeddable":true,"href":"https:\/\/shop.bantam.ch\/de\/wp-json\/wp\/v2\/product_cat?post=68322"},{"taxonomy":"product_tag","embeddable":true,"href":"https:\/\/shop.bantam.ch\/de\/wp-json\/wp\/v2\/product_tag?post=68322"}],"curies":[{"name":"wp","href":"https:\/\/api.w.org\/{rel}","templated":true}]}}