{"id":68086,"date":"2023-02-27T20:13:40","date_gmt":"2023-02-27T19:13:40","guid":{"rendered":"http:\/\/shop.bantam.ch\/produit\/lueftungsgitter-fuer-schiebefenster-fiat-ducato-peugeot-boxer-citroen-jumper-ab-07-2006-schwarz\/"},"modified":"2026-04-21T22:06:05","modified_gmt":"2026-04-21T20:06:05","slug":"lueftungsgitter-fuer-schiebefenster-fiat-ducato-peugeot-boxer-citroen-jumper-ab-07-2006-schwarz","status":"publish","type":"product","link":"https:\/\/shop.bantam.ch\/de\/produkt\/lueftungsgitter-fuer-schiebefenster-fiat-ducato-peugeot-boxer-citroen-jumper-ab-07-2006-schwarz\/","title":{"rendered":"L\u00fcftungsgitter f\u00fcr Schiebefenster Fiat Ducato, Peugeot Boxer, Citroen Jumper ab 07\/2006 schwarz"},"content":{"rendered":"<p>Der L\u00fcftungseinsatz f\u00fcr Schiebefenster kann f\u00fcr alle Original-Schiebefenster diverser Hersteller verwendet werden. Er wird einfach in den Fensterrahmen eingesetzt und anschlie\u00dfend arretiert.<\/p>\n<p>Bei dieser breiten Variante wird ein Verriegelungshaken mitgeliefert, so das eine feste Arretierung erreicht wird und das Schiebefenster von au\u00dfen nicht ge\u00f6ffnet werden kann.<\/p>\n<p>Der L\u00fcftungseinsatz beinhaltet integrierte Moskitonetze, diese halten Insekten aber und durch die Bel\u00fcftungskiemen selbst dringt bei Regen kein Wasser ins Innere. Er besteht aus stabilem Aluminium, der eine hochwertige Struktur-Beschichtung hat. Daher sind die L\u00fcftungseins\u00e4tze unempfindlich gegen Kratzer.<\/p>\n","protected":false},"excerpt":{"rendered":"<p>Der L\u00fcftungseinsatz f\u00fcr Schiebefenster kann f\u00fcr alle Original-Schiebefenster diverser Hersteller verwendet werden. Er wird einfach in den Fensterrahmen eingesetzt und anschlie\u00dfend arretiert. Bei dieser breiten Variante wird ein Verriegelungshaken mitgeliefert, so das eine feste Arretierung erreicht wird und das Schiebefenster von au\u00dfen nicht ge\u00f6ffnet werden kann. Der L\u00fcftungseinsatz beinhaltet integrierte Moskitonetze, diese halten Insekten aber [&hellip;]<\/p>\n","protected":false},"featured_media":68076,"template":"","meta":{"_acf_changed":false},"product_featured_cat":[],"product_brand":[3157],"product_cat":[4138],"product_tag":[],"class_list":{"0":"post-68086","1":"product","2":"type-product","3":"status-publish","4":"has-post-thumbnail","6":"product_brand-hkg-frischlufter-de","7":"product_cat-windabweiser-lueftungsgitter","9":"first","10":"instock","11":"taxable","12":"shipping-taxable","13":"purchasable","14":"product-type-variable"},"acf":[],"yoast_head":"<!-- This site is optimized with the Yoast SEO plugin v27.4 - https:\/\/yoast.com\/product\/yoast-seo-wordpress\/ -->\n<title>L\u00fcftungsgitter f\u00fcr Schiebefenster Fiat Ducato, Peugeot Boxer, Citroen Jumper ab 07\/2006 schwarz - Bantam Camping AG<\/title>\n<meta name=\"robots\" content=\"index, follow, max-snippet:-1, max-image-preview:large, max-video-preview:-1\" \/>\n<link rel=\"canonical\" href=\"https:\/\/shop.bantam.ch\/de\/produkt\/lueftungsgitter-fuer-schiebefenster-fiat-ducato-peugeot-boxer-citroen-jumper-ab-07-2006-schwarz\/\" \/>\n<meta property=\"og:locale\" content=\"de_DE\" \/>\n<meta property=\"og:type\" content=\"article\" \/>\n<meta property=\"og:title\" content=\"L\u00fcftungsgitter f\u00fcr Schiebefenster Fiat Ducato, Peugeot Boxer, Citroen Jumper ab 07\/2006 schwarz - Bantam Camping AG\" \/>\n<meta property=\"og:description\" content=\"Der L\u00fcftungseinsatz f\u00fcr Schiebefenster kann f\u00fcr alle Original-Schiebefenster diverser Hersteller verwendet werden. Er wird einfach in den Fensterrahmen eingesetzt und anschlie\u00dfend arretiert. Bei dieser breiten Variante wird ein Verriegelungshaken mitgeliefert, so das eine feste Arretierung erreicht wird und das Schiebefenster von au\u00dfen nicht ge\u00f6ffnet werden kann. Der L\u00fcftungseinsatz beinhaltet integrierte Moskitonetze, diese halten Insekten aber [&hellip;]\" \/>\n<meta property=\"og:url\" content=\"https:\/\/shop.bantam.ch\/de\/produkt\/lueftungsgitter-fuer-schiebefenster-fiat-ducato-peugeot-boxer-citroen-jumper-ab-07-2006-schwarz\/\" \/>\n<meta property=\"og:site_name\" content=\"Bantam Camping AG\" \/>\n<meta property=\"article:modified_time\" content=\"2026-04-21T20:06:05+00:00\" \/>\n<meta property=\"og:image\" content=\"https:\/\/shop.bantam.ch\/wp-content\/uploads\/2023\/02\/9941046-100-1-3-4.jpg\" \/>\n\t<meta property=\"og:image:width\" content=\"669\" \/>\n\t<meta property=\"og:image:height\" content=\"1000\" \/>\n\t<meta property=\"og:image:type\" content=\"image\/jpeg\" \/>\n<meta name=\"twitter:card\" content=\"summary_large_image\" \/>\n<script type=\"application\/ld+json\" class=\"yoast-schema-graph\">{\"@context\":\"https:\\\/\\\/schema.org\",\"@graph\":[{\"@type\":\"WebPage\",\"@id\":\"https:\\\/\\\/shop.bantam.ch\\\/de\\\/produkt\\\/lueftungsgitter-fuer-schiebefenster-fiat-ducato-peugeot-boxer-citroen-jumper-ab-07-2006-schwarz\\\/\",\"url\":\"https:\\\/\\\/shop.bantam.ch\\\/de\\\/produkt\\\/lueftungsgitter-fuer-schiebefenster-fiat-ducato-peugeot-boxer-citroen-jumper-ab-07-2006-schwarz\\\/\",\"name\":\"L\u00fcftungsgitter f\u00fcr Schiebefenster Fiat Ducato, Peugeot Boxer, Citroen Jumper ab 07\\\/2006 schwarz - Bantam Camping AG\",\"isPartOf\":{\"@id\":\"https:\\\/\\\/shop.bantam.ch\\\/de\\\/#website\"},\"primaryImageOfPage\":{\"@id\":\"https:\\\/\\\/shop.bantam.ch\\\/de\\\/produkt\\\/lueftungsgitter-fuer-schiebefenster-fiat-ducato-peugeot-boxer-citroen-jumper-ab-07-2006-schwarz\\\/#primaryimage\"},\"image\":{\"@id\":\"https:\\\/\\\/shop.bantam.ch\\\/de\\\/produkt\\\/lueftungsgitter-fuer-schiebefenster-fiat-ducato-peugeot-boxer-citroen-jumper-ab-07-2006-schwarz\\\/#primaryimage\"},\"thumbnailUrl\":\"https:\\\/\\\/shop.bantam.ch\\\/wp-content\\\/uploads\\\/2023\\\/02\\\/9941046-100-1-3-4.jpg\",\"datePublished\":\"2023-02-27T19:13:40+00:00\",\"dateModified\":\"2026-04-21T20:06:05+00:00\",\"breadcrumb\":{\"@id\":\"https:\\\/\\\/shop.bantam.ch\\\/de\\\/produkt\\\/lueftungsgitter-fuer-schiebefenster-fiat-ducato-peugeot-boxer-citroen-jumper-ab-07-2006-schwarz\\\/#breadcrumb\"},\"inLanguage\":\"de\",\"potentialAction\":[{\"@type\":\"ReadAction\",\"target\":[\"https:\\\/\\\/shop.bantam.ch\\\/de\\\/produkt\\\/lueftungsgitter-fuer-schiebefenster-fiat-ducato-peugeot-boxer-citroen-jumper-ab-07-2006-schwarz\\\/\"]}]},{\"@type\":\"ImageObject\",\"inLanguage\":\"de\",\"@id\":\"https:\\\/\\\/shop.bantam.ch\\\/de\\\/produkt\\\/lueftungsgitter-fuer-schiebefenster-fiat-ducato-peugeot-boxer-citroen-jumper-ab-07-2006-schwarz\\\/#primaryimage\",\"url\":\"https:\\\/\\\/shop.bantam.ch\\\/wp-content\\\/uploads\\\/2023\\\/02\\\/9941046-100-1-3-4.jpg\",\"contentUrl\":\"https:\\\/\\\/shop.bantam.ch\\\/wp-content\\\/uploads\\\/2023\\\/02\\\/9941046-100-1-3-4.jpg\",\"width\":669,\"height\":1000},{\"@type\":\"BreadcrumbList\",\"@id\":\"https:\\\/\\\/shop.bantam.ch\\\/de\\\/produkt\\\/lueftungsgitter-fuer-schiebefenster-fiat-ducato-peugeot-boxer-citroen-jumper-ab-07-2006-schwarz\\\/#breadcrumb\",\"itemListElement\":[{\"@type\":\"ListItem\",\"position\":1,\"name\":\"Accueil\",\"item\":\"https:\\\/\\\/shop.bantam.ch\\\/de\\\/\"},{\"@type\":\"ListItem\",\"position\":2,\"name\":\"Shop\",\"item\":\"https:\\\/\\\/shop.bantam.ch\\\/de\\\/shop\\\/\"},{\"@type\":\"ListItem\",\"position\":3,\"name\":\"L\u00fcftungsgitter f\u00fcr Schiebefenster Fiat Ducato, Peugeot Boxer, Citroen Jumper ab 07\\\/2006 schwarz\"}]},{\"@type\":\"WebSite\",\"@id\":\"https:\\\/\\\/shop.bantam.ch\\\/de\\\/#website\",\"url\":\"https:\\\/\\\/shop.bantam.ch\\\/de\\\/\",\"name\":\"Bantam Camping AG\",\"description\":\"\",\"publisher\":{\"@id\":\"https:\\\/\\\/shop.bantam.ch\\\/de\\\/#organization\"},\"inLanguage\":\"de\"},{\"@type\":\"Organization\",\"@id\":\"https:\\\/\\\/shop.bantam.ch\\\/de\\\/#organization\",\"name\":\"Bantam Camping AG\",\"url\":\"https:\\\/\\\/shop.bantam.ch\\\/de\\\/\",\"logo\":{\"@type\":\"ImageObject\",\"inLanguage\":\"de\",\"@id\":\"https:\\\/\\\/shop.bantam.ch\\\/de\\\/#\\\/schema\\\/logo\\\/image\\\/\",\"url\":\"https:\\\/\\\/shop.bantam.ch\\\/wp-content\\\/uploads\\\/2022\\\/12\\\/bantam-logo.png\",\"contentUrl\":\"https:\\\/\\\/shop.bantam.ch\\\/wp-content\\\/uploads\\\/2022\\\/12\\\/bantam-logo.png\",\"width\":320,\"height\":71,\"caption\":\"Bantam Camping AG\"},\"image\":{\"@id\":\"https:\\\/\\\/shop.bantam.ch\\\/de\\\/#\\\/schema\\\/logo\\\/image\\\/\"}}]}<\/script>\n<!-- \/ Yoast SEO plugin. -->","yoast_head_json":{"title":"L\u00fcftungsgitter f\u00fcr Schiebefenster Fiat Ducato, Peugeot Boxer, Citroen Jumper ab 07\/2006 schwarz - Bantam Camping AG","robots":{"index":"index","follow":"follow","max-snippet":"max-snippet:-1","max-image-preview":"max-image-preview:large","max-video-preview":"max-video-preview:-1"},"canonical":"https:\/\/shop.bantam.ch\/de\/produkt\/lueftungsgitter-fuer-schiebefenster-fiat-ducato-peugeot-boxer-citroen-jumper-ab-07-2006-schwarz\/","og_locale":"de_DE","og_type":"article","og_title":"L\u00fcftungsgitter f\u00fcr Schiebefenster Fiat Ducato, Peugeot Boxer, Citroen Jumper ab 07\/2006 schwarz - Bantam Camping AG","og_description":"Der L\u00fcftungseinsatz f\u00fcr Schiebefenster kann f\u00fcr alle Original-Schiebefenster diverser Hersteller verwendet werden. Er wird einfach in den Fensterrahmen eingesetzt und anschlie\u00dfend arretiert. Bei dieser breiten Variante wird ein Verriegelungshaken mitgeliefert, so das eine feste Arretierung erreicht wird und das Schiebefenster von au\u00dfen nicht ge\u00f6ffnet werden kann. Der L\u00fcftungseinsatz beinhaltet integrierte Moskitonetze, diese halten Insekten aber [&hellip;]","og_url":"https:\/\/shop.bantam.ch\/de\/produkt\/lueftungsgitter-fuer-schiebefenster-fiat-ducato-peugeot-boxer-citroen-jumper-ab-07-2006-schwarz\/","og_site_name":"Bantam Camping AG","article_modified_time":"2026-04-21T20:06:05+00:00","og_image":[{"width":669,"height":1000,"url":"https:\/\/shop.bantam.ch\/wp-content\/uploads\/2023\/02\/9941046-100-1-3-4.jpg","type":"image\/jpeg"}],"twitter_card":"summary_large_image","schema":{"@context":"https:\/\/schema.org","@graph":[{"@type":"WebPage","@id":"https:\/\/shop.bantam.ch\/de\/produkt\/lueftungsgitter-fuer-schiebefenster-fiat-ducato-peugeot-boxer-citroen-jumper-ab-07-2006-schwarz\/","url":"https:\/\/shop.bantam.ch\/de\/produkt\/lueftungsgitter-fuer-schiebefenster-fiat-ducato-peugeot-boxer-citroen-jumper-ab-07-2006-schwarz\/","name":"L\u00fcftungsgitter f\u00fcr Schiebefenster Fiat Ducato, Peugeot Boxer, Citroen Jumper ab 07\/2006 schwarz - Bantam Camping AG","isPartOf":{"@id":"https:\/\/shop.bantam.ch\/de\/#website"},"primaryImageOfPage":{"@id":"https:\/\/shop.bantam.ch\/de\/produkt\/lueftungsgitter-fuer-schiebefenster-fiat-ducato-peugeot-boxer-citroen-jumper-ab-07-2006-schwarz\/#primaryimage"},"image":{"@id":"https:\/\/shop.bantam.ch\/de\/produkt\/lueftungsgitter-fuer-schiebefenster-fiat-ducato-peugeot-boxer-citroen-jumper-ab-07-2006-schwarz\/#primaryimage"},"thumbnailUrl":"https:\/\/shop.bantam.ch\/wp-content\/uploads\/2023\/02\/9941046-100-1-3-4.jpg","datePublished":"2023-02-27T19:13:40+00:00","dateModified":"2026-04-21T20:06:05+00:00","breadcrumb":{"@id":"https:\/\/shop.bantam.ch\/de\/produkt\/lueftungsgitter-fuer-schiebefenster-fiat-ducato-peugeot-boxer-citroen-jumper-ab-07-2006-schwarz\/#breadcrumb"},"inLanguage":"de","potentialAction":[{"@type":"ReadAction","target":["https:\/\/shop.bantam.ch\/de\/produkt\/lueftungsgitter-fuer-schiebefenster-fiat-ducato-peugeot-boxer-citroen-jumper-ab-07-2006-schwarz\/"]}]},{"@type":"ImageObject","inLanguage":"de","@id":"https:\/\/shop.bantam.ch\/de\/produkt\/lueftungsgitter-fuer-schiebefenster-fiat-ducato-peugeot-boxer-citroen-jumper-ab-07-2006-schwarz\/#primaryimage","url":"https:\/\/shop.bantam.ch\/wp-content\/uploads\/2023\/02\/9941046-100-1-3-4.jpg","contentUrl":"https:\/\/shop.bantam.ch\/wp-content\/uploads\/2023\/02\/9941046-100-1-3-4.jpg","width":669,"height":1000},{"@type":"BreadcrumbList","@id":"https:\/\/shop.bantam.ch\/de\/produkt\/lueftungsgitter-fuer-schiebefenster-fiat-ducato-peugeot-boxer-citroen-jumper-ab-07-2006-schwarz\/#breadcrumb","itemListElement":[{"@type":"ListItem","position":1,"name":"Accueil","item":"https:\/\/shop.bantam.ch\/de\/"},{"@type":"ListItem","position":2,"name":"Shop","item":"https:\/\/shop.bantam.ch\/de\/shop\/"},{"@type":"ListItem","position":3,"name":"L\u00fcftungsgitter f\u00fcr Schiebefenster Fiat Ducato, Peugeot Boxer, Citroen Jumper ab 07\/2006 schwarz"}]},{"@type":"WebSite","@id":"https:\/\/shop.bantam.ch\/de\/#website","url":"https:\/\/shop.bantam.ch\/de\/","name":"Bantam Camping AG","description":"","publisher":{"@id":"https:\/\/shop.bantam.ch\/de\/#organization"},"inLanguage":"de"},{"@type":"Organization","@id":"https:\/\/shop.bantam.ch\/de\/#organization","name":"Bantam Camping AG","url":"https:\/\/shop.bantam.ch\/de\/","logo":{"@type":"ImageObject","inLanguage":"de","@id":"https:\/\/shop.bantam.ch\/de\/#\/schema\/logo\/image\/","url":"https:\/\/shop.bantam.ch\/wp-content\/uploads\/2022\/12\/bantam-logo.png","contentUrl":"https:\/\/shop.bantam.ch\/wp-content\/uploads\/2022\/12\/bantam-logo.png","width":320,"height":71,"caption":"Bantam Camping AG"},"image":{"@id":"https:\/\/shop.bantam.ch\/de\/#\/schema\/logo\/image\/"}}]}},"_links":{"self":[{"href":"https:\/\/shop.bantam.ch\/de\/wp-json\/wp\/v2\/product\/68086","targetHints":{"allow":["GET"]}}],"collection":[{"href":"https:\/\/shop.bantam.ch\/de\/wp-json\/wp\/v2\/product"}],"about":[{"href":"https:\/\/shop.bantam.ch\/de\/wp-json\/wp\/v2\/types\/product"}],"wp:featuredmedia":[{"embeddable":true,"href":"https:\/\/shop.bantam.ch\/de\/wp-json\/wp\/v2\/media\/68076"}],"wp:attachment":[{"href":"https:\/\/shop.bantam.ch\/de\/wp-json\/wp\/v2\/media?parent=68086"}],"wp:term":[{"taxonomy":"product_featured_cat","embeddable":true,"href":"https:\/\/shop.bantam.ch\/de\/wp-json\/wp\/v2\/product_featured_cat?post=68086"},{"taxonomy":"product_brand","embeddable":true,"href":"https:\/\/shop.bantam.ch\/de\/wp-json\/wp\/v2\/product_brand?post=68086"},{"taxonomy":"product_cat","embeddable":true,"href":"https:\/\/shop.bantam.ch\/de\/wp-json\/wp\/v2\/product_cat?post=68086"},{"taxonomy":"product_tag","embeddable":true,"href":"https:\/\/shop.bantam.ch\/de\/wp-json\/wp\/v2\/product_tag?post=68086"}],"curies":[{"name":"wp","href":"https:\/\/api.w.org\/{rel}","templated":true}]}}