{"id":68044,"date":"2023-02-27T20:12:45","date_gmt":"2023-02-27T19:12:45","guid":{"rendered":"http:\/\/shop.bantam.ch\/produit\/fahrerhaus-lueftungsgitter-fuer-wohnmobile-ford-transit-schwarz\/"},"modified":"2026-05-10T22:06:51","modified_gmt":"2026-05-10T20:06:51","slug":"fahrerhaus-lueftungsgitter-fuer-wohnmobile-ford-transit-schwarz","status":"publish","type":"product","link":"https:\/\/shop.bantam.ch\/de\/produkt\/fahrerhaus-lueftungsgitter-fuer-wohnmobile-ford-transit-schwarz\/","title":{"rendered":"Fahrerhaus-L\u00fcftungsgitter f\u00fcr Wohnmobile Ford Transit schwarz"},"content":{"rendered":"<p>F\u00fcr alle Fahrzeugbesitzer, die problemlos und sicher ihr Auto mit Frischluft versorgen m\u00f6chten. Zum Beispiel um im Fahrzeug zu \u00fcbernachten, oder um einen Hund im Auto alleinlassen zu k\u00f6nnen.<\/p>\n<p>Problemlos, da umst\u00e4ndliche Montagearbeiten oder l\u00e4stige T\u00dcV &#8211; Pr\u00fcfungen nicht notwendig sind. Bei Bedarf senken Sie die Fensterscheibe ab, setzen dabei den Frischl\u00fcfter diagonal in die Fensterf\u00fchrung ein und fahren das Fenster wieder hoch. Fertig!<\/p>\n<p>Sicher, denn die Frischl\u00fcfter sind stabil. Sie bestehen aus Alublech, die eine hochwertige Struktur-Beschichtung haben. Somit sind die Frischl\u00fcfter weitgehend unempfindlich gegen Kratzer.<\/p>\n<p>Ein unbefugtes \u00d6ffnen der Fahrzeugt\u00fcren ist nur mit erheblichem Kraftaufwand m\u00f6glich, was dem gewaltsamen Aufhebeln oder Zerschlagen der Fenster gleichk\u00e4me. Selbst M\u00fccken haben keinen Zutritt, denn die Frischl\u00fcfter sind innen mit einem feinen M\u00fcckennetz versehen.<\/p>\n<p>Inhalt:<br \/>2 St\u00fcck<\/p>\n","protected":false},"excerpt":{"rendered":"<p>F\u00fcr alle Fahrzeugbesitzer, die problemlos und sicher ihr Auto mit Frischluft versorgen m\u00f6chten. Zum Beispiel um im Fahrzeug zu \u00fcbernachten, oder um einen Hund im Auto alleinlassen zu k\u00f6nnen. Problemlos, da umst\u00e4ndliche Montagearbeiten oder l\u00e4stige T\u00dcV &#8211; Pr\u00fcfungen nicht notwendig sind. Bei Bedarf senken Sie die Fensterscheibe ab, setzen dabei den Frischl\u00fcfter diagonal in die [&hellip;]<\/p>\n","protected":false},"featured_media":68034,"template":"","meta":{"_acf_changed":false},"product_featured_cat":[],"product_brand":[3157],"product_cat":[4138],"product_tag":[],"class_list":{"0":"post-68044","1":"product","2":"type-product","3":"status-publish","4":"has-post-thumbnail","6":"product_brand-hkg-frischlufter-de","7":"product_cat-windabweiser-lueftungsgitter","9":"first","10":"instock","11":"taxable","12":"shipping-taxable","13":"purchasable","14":"product-type-variable"},"acf":[],"yoast_head":"<!-- This site is optimized with the Yoast SEO plugin v27.5 - https:\/\/yoast.com\/product\/yoast-seo-wordpress\/ -->\n<title>Fahrerhaus-L\u00fcftungsgitter f\u00fcr Wohnmobile Ford Transit schwarz - Bantam<\/title>\n<meta name=\"robots\" content=\"index, follow, max-snippet:-1, max-image-preview:large, max-video-preview:-1\" \/>\n<link rel=\"canonical\" href=\"https:\/\/shop.bantam.ch\/de\/produkt\/fahrerhaus-lueftungsgitter-fuer-wohnmobile-ford-transit-schwarz\/\" \/>\n<meta property=\"og:locale\" content=\"de_DE\" \/>\n<meta property=\"og:type\" content=\"article\" \/>\n<meta property=\"og:title\" content=\"Fahrerhaus-L\u00fcftungsgitter f\u00fcr Wohnmobile Ford Transit schwarz - Bantam\" \/>\n<meta property=\"og:description\" content=\"F\u00fcr alle Fahrzeugbesitzer, die problemlos und sicher ihr Auto mit Frischluft versorgen m\u00f6chten. Zum Beispiel um im Fahrzeug zu \u00fcbernachten, oder um einen Hund im Auto alleinlassen zu k\u00f6nnen. Problemlos, da umst\u00e4ndliche Montagearbeiten oder l\u00e4stige T\u00dcV &#8211; Pr\u00fcfungen nicht notwendig sind. Bei Bedarf senken Sie die Fensterscheibe ab, setzen dabei den Frischl\u00fcfter diagonal in die [&hellip;]\" \/>\n<meta property=\"og:url\" content=\"https:\/\/shop.bantam.ch\/de\/produkt\/fahrerhaus-lueftungsgitter-fuer-wohnmobile-ford-transit-schwarz\/\" \/>\n<meta property=\"og:site_name\" content=\"Bantam\" \/>\n<meta property=\"article:modified_time\" content=\"2026-05-10T20:06:51+00:00\" \/>\n<meta property=\"og:image\" content=\"https:\/\/shop.bantam.ch\/wp-content\/uploads\/2023\/02\/9941032-100-1-3-8.jpg\" \/>\n\t<meta property=\"og:image:width\" content=\"1000\" \/>\n\t<meta property=\"og:image:height\" content=\"1000\" \/>\n\t<meta property=\"og:image:type\" content=\"image\/jpeg\" \/>\n<meta name=\"twitter:card\" content=\"summary_large_image\" \/>\n<meta name=\"twitter:label1\" content=\"Gesch\u00e4tzte Lesezeit\" \/>\n\t<meta name=\"twitter:data1\" content=\"1\u00a0Minute\" \/>\n<script type=\"application\/ld+json\" class=\"yoast-schema-graph\">{\"@context\":\"https:\\\/\\\/schema.org\",\"@graph\":[{\"@type\":\"WebPage\",\"@id\":\"https:\\\/\\\/shop.bantam.ch\\\/de\\\/produkt\\\/fahrerhaus-lueftungsgitter-fuer-wohnmobile-ford-transit-schwarz\\\/\",\"url\":\"https:\\\/\\\/shop.bantam.ch\\\/de\\\/produkt\\\/fahrerhaus-lueftungsgitter-fuer-wohnmobile-ford-transit-schwarz\\\/\",\"name\":\"Fahrerhaus-L\u00fcftungsgitter f\u00fcr Wohnmobile Ford Transit schwarz - Bantam\",\"isPartOf\":{\"@id\":\"https:\\\/\\\/shop.bantam.ch\\\/de\\\/#website\"},\"primaryImageOfPage\":{\"@id\":\"https:\\\/\\\/shop.bantam.ch\\\/de\\\/produkt\\\/fahrerhaus-lueftungsgitter-fuer-wohnmobile-ford-transit-schwarz\\\/#primaryimage\"},\"image\":{\"@id\":\"https:\\\/\\\/shop.bantam.ch\\\/de\\\/produkt\\\/fahrerhaus-lueftungsgitter-fuer-wohnmobile-ford-transit-schwarz\\\/#primaryimage\"},\"thumbnailUrl\":\"https:\\\/\\\/shop.bantam.ch\\\/wp-content\\\/uploads\\\/2023\\\/02\\\/9941032-100-1-3-8.jpg\",\"datePublished\":\"2023-02-27T19:12:45+00:00\",\"dateModified\":\"2026-05-10T20:06:51+00:00\",\"breadcrumb\":{\"@id\":\"https:\\\/\\\/shop.bantam.ch\\\/de\\\/produkt\\\/fahrerhaus-lueftungsgitter-fuer-wohnmobile-ford-transit-schwarz\\\/#breadcrumb\"},\"inLanguage\":\"de\",\"potentialAction\":[{\"@type\":\"ReadAction\",\"target\":[\"https:\\\/\\\/shop.bantam.ch\\\/de\\\/produkt\\\/fahrerhaus-lueftungsgitter-fuer-wohnmobile-ford-transit-schwarz\\\/\"]}]},{\"@type\":\"ImageObject\",\"inLanguage\":\"de\",\"@id\":\"https:\\\/\\\/shop.bantam.ch\\\/de\\\/produkt\\\/fahrerhaus-lueftungsgitter-fuer-wohnmobile-ford-transit-schwarz\\\/#primaryimage\",\"url\":\"https:\\\/\\\/shop.bantam.ch\\\/wp-content\\\/uploads\\\/2023\\\/02\\\/9941032-100-1-3-8.jpg\",\"contentUrl\":\"https:\\\/\\\/shop.bantam.ch\\\/wp-content\\\/uploads\\\/2023\\\/02\\\/9941032-100-1-3-8.jpg\",\"width\":1000,\"height\":1000},{\"@type\":\"BreadcrumbList\",\"@id\":\"https:\\\/\\\/shop.bantam.ch\\\/de\\\/produkt\\\/fahrerhaus-lueftungsgitter-fuer-wohnmobile-ford-transit-schwarz\\\/#breadcrumb\",\"itemListElement\":[{\"@type\":\"ListItem\",\"position\":1,\"name\":\"Accueil\",\"item\":\"https:\\\/\\\/shop.bantam.ch\\\/de\\\/\"},{\"@type\":\"ListItem\",\"position\":2,\"name\":\"Shop\",\"item\":\"https:\\\/\\\/shop.bantam.ch\\\/de\\\/shop\\\/\"},{\"@type\":\"ListItem\",\"position\":3,\"name\":\"Fahrerhaus-L\u00fcftungsgitter f\u00fcr Wohnmobile Ford Transit schwarz\"}]},{\"@type\":\"WebSite\",\"@id\":\"https:\\\/\\\/shop.bantam.ch\\\/de\\\/#website\",\"url\":\"https:\\\/\\\/shop.bantam.ch\\\/de\\\/\",\"name\":\"Bantam\",\"description\":\"\",\"publisher\":{\"@id\":\"https:\\\/\\\/shop.bantam.ch\\\/de\\\/#organization\"},\"inLanguage\":\"de\"},{\"@type\":\"Organization\",\"@id\":\"https:\\\/\\\/shop.bantam.ch\\\/de\\\/#organization\",\"name\":\"Bantam\",\"url\":\"https:\\\/\\\/shop.bantam.ch\\\/de\\\/\",\"logo\":{\"@type\":\"ImageObject\",\"inLanguage\":\"de\",\"@id\":\"https:\\\/\\\/shop.bantam.ch\\\/de\\\/#\\\/schema\\\/logo\\\/image\\\/\",\"url\":\"https:\\\/\\\/shop.bantam.ch\\\/wp-content\\\/uploads\\\/2022\\\/12\\\/bantam-logo.png\",\"contentUrl\":\"https:\\\/\\\/shop.bantam.ch\\\/wp-content\\\/uploads\\\/2022\\\/12\\\/bantam-logo.png\",\"width\":320,\"height\":71,\"caption\":\"Bantam\"},\"image\":{\"@id\":\"https:\\\/\\\/shop.bantam.ch\\\/de\\\/#\\\/schema\\\/logo\\\/image\\\/\"}}]}<\/script>\n<!-- \/ Yoast SEO plugin. -->","yoast_head_json":{"title":"Fahrerhaus-L\u00fcftungsgitter f\u00fcr Wohnmobile Ford Transit schwarz - Bantam","robots":{"index":"index","follow":"follow","max-snippet":"max-snippet:-1","max-image-preview":"max-image-preview:large","max-video-preview":"max-video-preview:-1"},"canonical":"https:\/\/shop.bantam.ch\/de\/produkt\/fahrerhaus-lueftungsgitter-fuer-wohnmobile-ford-transit-schwarz\/","og_locale":"de_DE","og_type":"article","og_title":"Fahrerhaus-L\u00fcftungsgitter f\u00fcr Wohnmobile Ford Transit schwarz - Bantam","og_description":"F\u00fcr alle Fahrzeugbesitzer, die problemlos und sicher ihr Auto mit Frischluft versorgen m\u00f6chten. Zum Beispiel um im Fahrzeug zu \u00fcbernachten, oder um einen Hund im Auto alleinlassen zu k\u00f6nnen. Problemlos, da umst\u00e4ndliche Montagearbeiten oder l\u00e4stige T\u00dcV &#8211; Pr\u00fcfungen nicht notwendig sind. Bei Bedarf senken Sie die Fensterscheibe ab, setzen dabei den Frischl\u00fcfter diagonal in die [&hellip;]","og_url":"https:\/\/shop.bantam.ch\/de\/produkt\/fahrerhaus-lueftungsgitter-fuer-wohnmobile-ford-transit-schwarz\/","og_site_name":"Bantam","article_modified_time":"2026-05-10T20:06:51+00:00","og_image":[{"width":1000,"height":1000,"url":"https:\/\/shop.bantam.ch\/wp-content\/uploads\/2023\/02\/9941032-100-1-3-8.jpg","type":"image\/jpeg"}],"twitter_card":"summary_large_image","twitter_misc":{"Gesch\u00e4tzte Lesezeit":"1\u00a0Minute"},"schema":{"@context":"https:\/\/schema.org","@graph":[{"@type":"WebPage","@id":"https:\/\/shop.bantam.ch\/de\/produkt\/fahrerhaus-lueftungsgitter-fuer-wohnmobile-ford-transit-schwarz\/","url":"https:\/\/shop.bantam.ch\/de\/produkt\/fahrerhaus-lueftungsgitter-fuer-wohnmobile-ford-transit-schwarz\/","name":"Fahrerhaus-L\u00fcftungsgitter f\u00fcr Wohnmobile Ford Transit schwarz - Bantam","isPartOf":{"@id":"https:\/\/shop.bantam.ch\/de\/#website"},"primaryImageOfPage":{"@id":"https:\/\/shop.bantam.ch\/de\/produkt\/fahrerhaus-lueftungsgitter-fuer-wohnmobile-ford-transit-schwarz\/#primaryimage"},"image":{"@id":"https:\/\/shop.bantam.ch\/de\/produkt\/fahrerhaus-lueftungsgitter-fuer-wohnmobile-ford-transit-schwarz\/#primaryimage"},"thumbnailUrl":"https:\/\/shop.bantam.ch\/wp-content\/uploads\/2023\/02\/9941032-100-1-3-8.jpg","datePublished":"2023-02-27T19:12:45+00:00","dateModified":"2026-05-10T20:06:51+00:00","breadcrumb":{"@id":"https:\/\/shop.bantam.ch\/de\/produkt\/fahrerhaus-lueftungsgitter-fuer-wohnmobile-ford-transit-schwarz\/#breadcrumb"},"inLanguage":"de","potentialAction":[{"@type":"ReadAction","target":["https:\/\/shop.bantam.ch\/de\/produkt\/fahrerhaus-lueftungsgitter-fuer-wohnmobile-ford-transit-schwarz\/"]}]},{"@type":"ImageObject","inLanguage":"de","@id":"https:\/\/shop.bantam.ch\/de\/produkt\/fahrerhaus-lueftungsgitter-fuer-wohnmobile-ford-transit-schwarz\/#primaryimage","url":"https:\/\/shop.bantam.ch\/wp-content\/uploads\/2023\/02\/9941032-100-1-3-8.jpg","contentUrl":"https:\/\/shop.bantam.ch\/wp-content\/uploads\/2023\/02\/9941032-100-1-3-8.jpg","width":1000,"height":1000},{"@type":"BreadcrumbList","@id":"https:\/\/shop.bantam.ch\/de\/produkt\/fahrerhaus-lueftungsgitter-fuer-wohnmobile-ford-transit-schwarz\/#breadcrumb","itemListElement":[{"@type":"ListItem","position":1,"name":"Accueil","item":"https:\/\/shop.bantam.ch\/de\/"},{"@type":"ListItem","position":2,"name":"Shop","item":"https:\/\/shop.bantam.ch\/de\/shop\/"},{"@type":"ListItem","position":3,"name":"Fahrerhaus-L\u00fcftungsgitter f\u00fcr Wohnmobile Ford Transit schwarz"}]},{"@type":"WebSite","@id":"https:\/\/shop.bantam.ch\/de\/#website","url":"https:\/\/shop.bantam.ch\/de\/","name":"Bantam","description":"","publisher":{"@id":"https:\/\/shop.bantam.ch\/de\/#organization"},"inLanguage":"de"},{"@type":"Organization","@id":"https:\/\/shop.bantam.ch\/de\/#organization","name":"Bantam","url":"https:\/\/shop.bantam.ch\/de\/","logo":{"@type":"ImageObject","inLanguage":"de","@id":"https:\/\/shop.bantam.ch\/de\/#\/schema\/logo\/image\/","url":"https:\/\/shop.bantam.ch\/wp-content\/uploads\/2022\/12\/bantam-logo.png","contentUrl":"https:\/\/shop.bantam.ch\/wp-content\/uploads\/2022\/12\/bantam-logo.png","width":320,"height":71,"caption":"Bantam"},"image":{"@id":"https:\/\/shop.bantam.ch\/de\/#\/schema\/logo\/image\/"}}]}},"_links":{"self":[{"href":"https:\/\/shop.bantam.ch\/de\/wp-json\/wp\/v2\/product\/68044","targetHints":{"allow":["GET"]}}],"collection":[{"href":"https:\/\/shop.bantam.ch\/de\/wp-json\/wp\/v2\/product"}],"about":[{"href":"https:\/\/shop.bantam.ch\/de\/wp-json\/wp\/v2\/types\/product"}],"wp:featuredmedia":[{"embeddable":true,"href":"https:\/\/shop.bantam.ch\/de\/wp-json\/wp\/v2\/media\/68034"}],"wp:attachment":[{"href":"https:\/\/shop.bantam.ch\/de\/wp-json\/wp\/v2\/media?parent=68044"}],"wp:term":[{"taxonomy":"product_featured_cat","embeddable":true,"href":"https:\/\/shop.bantam.ch\/de\/wp-json\/wp\/v2\/product_featured_cat?post=68044"},{"taxonomy":"product_brand","embeddable":true,"href":"https:\/\/shop.bantam.ch\/de\/wp-json\/wp\/v2\/product_brand?post=68044"},{"taxonomy":"product_cat","embeddable":true,"href":"https:\/\/shop.bantam.ch\/de\/wp-json\/wp\/v2\/product_cat?post=68044"},{"taxonomy":"product_tag","embeddable":true,"href":"https:\/\/shop.bantam.ch\/de\/wp-json\/wp\/v2\/product_tag?post=68044"}],"curies":[{"name":"wp","href":"https:\/\/api.w.org\/{rel}","templated":true}]}}