{"id":67938,"date":"2023-02-27T20:10:45","date_gmt":"2023-02-27T19:10:45","guid":{"rendered":"http:\/\/shop.bantam.ch\/produit\/relaxstuhl-bloomsbury-grau\/"},"modified":"2026-04-18T21:13:38","modified_gmt":"2026-04-18T19:13:38","slug":"relaxstuhl-bloomsbury-grau","status":"publish","type":"product","link":"https:\/\/shop.bantam.ch\/de\/produkt\/relaxstuhl-bloomsbury-grau\/","title":{"rendered":"Relaxstuhl Bo-Camp Bloomsbury Farbe grau"},"content":{"rendered":"<p>Ein sehr luxuri\u00f6ser und komfortabler Relaxstuhl. Dieser Stuhl verf\u00fcgt \u00fcber einen stilvollen und soliden Holzrahmen. Die Sitzfl\u00e4che besteht aus Oxford-Polyester und ist im Leinenlook gestaltet. Dar\u00fcber hinaus ist der Stoff mit einer komfortablen Polsterf\u00fcllung ausgestattet. Die Kombination aus einer extra breiten und niedrigen Sitzfl\u00e4che, dem gepolsterten Stoff und dem Kopfkissen macht diesen Stuhl \u00e4u\u00dferst komfortabel. Der Rahmen ist einklappbar, wodurch der Stuhl einfach mitgenommen werden kann. Dieser Stuhl kann aber auch im Wohnzimmer, auf dem Balkon oder im Garten verwendet werden!<\/p>\n<p>\u00a0<\/p>\n<ul>\n<li>Gewicht: 5,85 kg<\/li>\n<li>Packma\u00df: 9 x 118 x 14 cm (B x H x T)<\/li>\n<\/ul>\n<p>\u00a0<\/p>\n<p>Material:<br \/>Bezug: 100 % Oyford Polyester<br \/>Gestell: Bambus<\/p>\n<p>\u00a0<\/p>\n","protected":false},"excerpt":{"rendered":"<p>Ein sehr luxuri\u00f6ser und komfortabler Relaxstuhl. Dieser Stuhl verf\u00fcgt \u00fcber einen stilvollen und soliden Holzrahmen. Die Sitzfl\u00e4che besteht aus Oxford-Polyester und ist im Leinenlook gestaltet. Dar\u00fcber hinaus ist der Stoff mit einer komfortablen Polsterf\u00fcllung ausgestattet. Die Kombination aus einer extra breiten und niedrigen Sitzfl\u00e4che, dem gepolsterten Stoff und dem Kopfkissen macht diesen Stuhl \u00e4u\u00dferst komfortabel. [&hellip;]<\/p>\n","protected":false},"featured_media":67930,"template":"","meta":{"_acf_changed":false},"product_featured_cat":[],"product_brand":[3431],"product_cat":[4972],"product_tag":[],"class_list":{"0":"post-67938","1":"product","2":"type-product","3":"status-publish","4":"has-post-thumbnail","6":"product_brand-bo-camp-de","7":"product_cat-campingstuehle","9":"first","10":"instock","11":"taxable","12":"shipping-taxable","13":"purchasable","14":"product-type-simple"},"acf":[],"yoast_head":"<!-- This site is optimized with the Yoast SEO plugin v27.4 - https:\/\/yoast.com\/product\/yoast-seo-wordpress\/ -->\n<title>Relaxstuhl Bo-Camp Bloomsbury Farbe grau - Bantam Camping AG<\/title>\n<meta name=\"robots\" content=\"index, follow, max-snippet:-1, max-image-preview:large, max-video-preview:-1\" \/>\n<link rel=\"canonical\" href=\"https:\/\/shop.bantam.ch\/de\/produkt\/relaxstuhl-bloomsbury-grau\/\" \/>\n<meta property=\"og:locale\" content=\"de_DE\" \/>\n<meta property=\"og:type\" content=\"article\" \/>\n<meta property=\"og:title\" content=\"Relaxstuhl Bo-Camp Bloomsbury Farbe grau - Bantam Camping AG\" \/>\n<meta property=\"og:description\" content=\"Ein sehr luxuri\u00f6ser und komfortabler Relaxstuhl. Dieser Stuhl verf\u00fcgt \u00fcber einen stilvollen und soliden Holzrahmen. Die Sitzfl\u00e4che besteht aus Oxford-Polyester und ist im Leinenlook gestaltet. Dar\u00fcber hinaus ist der Stoff mit einer komfortablen Polsterf\u00fcllung ausgestattet. Die Kombination aus einer extra breiten und niedrigen Sitzfl\u00e4che, dem gepolsterten Stoff und dem Kopfkissen macht diesen Stuhl \u00e4u\u00dferst komfortabel. [&hellip;]\" \/>\n<meta property=\"og:url\" content=\"https:\/\/shop.bantam.ch\/de\/produkt\/relaxstuhl-bloomsbury-grau\/\" \/>\n<meta property=\"og:site_name\" content=\"Bantam Camping AG\" \/>\n<meta property=\"article:modified_time\" content=\"2026-04-18T19:13:38+00:00\" \/>\n<meta property=\"og:image\" content=\"https:\/\/shop.bantam.ch\/wp-content\/uploads\/2023\/02\/9930823-100-2-3.jpg\" \/>\n\t<meta property=\"og:image:width\" content=\"777\" \/>\n\t<meta property=\"og:image:height\" content=\"1000\" \/>\n\t<meta property=\"og:image:type\" content=\"image\/jpeg\" \/>\n<meta name=\"twitter:card\" content=\"summary_large_image\" \/>\n<meta name=\"twitter:label1\" content=\"Gesch\u00e4tzte Lesezeit\" \/>\n\t<meta name=\"twitter:data1\" content=\"1\u00a0Minute\" \/>\n<script type=\"application\/ld+json\" class=\"yoast-schema-graph\">{\"@context\":\"https:\\\/\\\/schema.org\",\"@graph\":[{\"@type\":\"WebPage\",\"@id\":\"https:\\\/\\\/shop.bantam.ch\\\/de\\\/produkt\\\/relaxstuhl-bloomsbury-grau\\\/\",\"url\":\"https:\\\/\\\/shop.bantam.ch\\\/de\\\/produkt\\\/relaxstuhl-bloomsbury-grau\\\/\",\"name\":\"Relaxstuhl Bo-Camp Bloomsbury Farbe grau - Bantam Camping AG\",\"isPartOf\":{\"@id\":\"https:\\\/\\\/shop.bantam.ch\\\/de\\\/#website\"},\"primaryImageOfPage\":{\"@id\":\"https:\\\/\\\/shop.bantam.ch\\\/de\\\/produkt\\\/relaxstuhl-bloomsbury-grau\\\/#primaryimage\"},\"image\":{\"@id\":\"https:\\\/\\\/shop.bantam.ch\\\/de\\\/produkt\\\/relaxstuhl-bloomsbury-grau\\\/#primaryimage\"},\"thumbnailUrl\":\"https:\\\/\\\/shop.bantam.ch\\\/wp-content\\\/uploads\\\/2023\\\/02\\\/9930823-100-2-3.jpg\",\"datePublished\":\"2023-02-27T19:10:45+00:00\",\"dateModified\":\"2026-04-18T19:13:38+00:00\",\"breadcrumb\":{\"@id\":\"https:\\\/\\\/shop.bantam.ch\\\/de\\\/produkt\\\/relaxstuhl-bloomsbury-grau\\\/#breadcrumb\"},\"inLanguage\":\"de\",\"potentialAction\":[{\"@type\":\"ReadAction\",\"target\":[\"https:\\\/\\\/shop.bantam.ch\\\/de\\\/produkt\\\/relaxstuhl-bloomsbury-grau\\\/\"]}]},{\"@type\":\"ImageObject\",\"inLanguage\":\"de\",\"@id\":\"https:\\\/\\\/shop.bantam.ch\\\/de\\\/produkt\\\/relaxstuhl-bloomsbury-grau\\\/#primaryimage\",\"url\":\"https:\\\/\\\/shop.bantam.ch\\\/wp-content\\\/uploads\\\/2023\\\/02\\\/9930823-100-2-3.jpg\",\"contentUrl\":\"https:\\\/\\\/shop.bantam.ch\\\/wp-content\\\/uploads\\\/2023\\\/02\\\/9930823-100-2-3.jpg\",\"width\":777,\"height\":1000},{\"@type\":\"BreadcrumbList\",\"@id\":\"https:\\\/\\\/shop.bantam.ch\\\/de\\\/produkt\\\/relaxstuhl-bloomsbury-grau\\\/#breadcrumb\",\"itemListElement\":[{\"@type\":\"ListItem\",\"position\":1,\"name\":\"Accueil\",\"item\":\"https:\\\/\\\/shop.bantam.ch\\\/de\\\/\"},{\"@type\":\"ListItem\",\"position\":2,\"name\":\"Shop\",\"item\":\"https:\\\/\\\/shop.bantam.ch\\\/de\\\/shop\\\/\"},{\"@type\":\"ListItem\",\"position\":3,\"name\":\"Relaxstuhl Bo-Camp Bloomsbury Farbe grau\"}]},{\"@type\":\"WebSite\",\"@id\":\"https:\\\/\\\/shop.bantam.ch\\\/de\\\/#website\",\"url\":\"https:\\\/\\\/shop.bantam.ch\\\/de\\\/\",\"name\":\"Bantam Camping AG\",\"description\":\"\",\"publisher\":{\"@id\":\"https:\\\/\\\/shop.bantam.ch\\\/de\\\/#organization\"},\"inLanguage\":\"de\"},{\"@type\":\"Organization\",\"@id\":\"https:\\\/\\\/shop.bantam.ch\\\/de\\\/#organization\",\"name\":\"Bantam Camping AG\",\"url\":\"https:\\\/\\\/shop.bantam.ch\\\/de\\\/\",\"logo\":{\"@type\":\"ImageObject\",\"inLanguage\":\"de\",\"@id\":\"https:\\\/\\\/shop.bantam.ch\\\/de\\\/#\\\/schema\\\/logo\\\/image\\\/\",\"url\":\"https:\\\/\\\/shop.bantam.ch\\\/wp-content\\\/uploads\\\/2022\\\/12\\\/bantam-logo.png\",\"contentUrl\":\"https:\\\/\\\/shop.bantam.ch\\\/wp-content\\\/uploads\\\/2022\\\/12\\\/bantam-logo.png\",\"width\":320,\"height\":71,\"caption\":\"Bantam Camping AG\"},\"image\":{\"@id\":\"https:\\\/\\\/shop.bantam.ch\\\/de\\\/#\\\/schema\\\/logo\\\/image\\\/\"}}]}<\/script>\n<!-- \/ Yoast SEO plugin. -->","yoast_head_json":{"title":"Relaxstuhl Bo-Camp Bloomsbury Farbe grau - Bantam Camping AG","robots":{"index":"index","follow":"follow","max-snippet":"max-snippet:-1","max-image-preview":"max-image-preview:large","max-video-preview":"max-video-preview:-1"},"canonical":"https:\/\/shop.bantam.ch\/de\/produkt\/relaxstuhl-bloomsbury-grau\/","og_locale":"de_DE","og_type":"article","og_title":"Relaxstuhl Bo-Camp Bloomsbury Farbe grau - Bantam Camping AG","og_description":"Ein sehr luxuri\u00f6ser und komfortabler Relaxstuhl. Dieser Stuhl verf\u00fcgt \u00fcber einen stilvollen und soliden Holzrahmen. Die Sitzfl\u00e4che besteht aus Oxford-Polyester und ist im Leinenlook gestaltet. Dar\u00fcber hinaus ist der Stoff mit einer komfortablen Polsterf\u00fcllung ausgestattet. Die Kombination aus einer extra breiten und niedrigen Sitzfl\u00e4che, dem gepolsterten Stoff und dem Kopfkissen macht diesen Stuhl \u00e4u\u00dferst komfortabel. [&hellip;]","og_url":"https:\/\/shop.bantam.ch\/de\/produkt\/relaxstuhl-bloomsbury-grau\/","og_site_name":"Bantam Camping AG","article_modified_time":"2026-04-18T19:13:38+00:00","og_image":[{"width":777,"height":1000,"url":"https:\/\/shop.bantam.ch\/wp-content\/uploads\/2023\/02\/9930823-100-2-3.jpg","type":"image\/jpeg"}],"twitter_card":"summary_large_image","twitter_misc":{"Gesch\u00e4tzte Lesezeit":"1\u00a0Minute"},"schema":{"@context":"https:\/\/schema.org","@graph":[{"@type":"WebPage","@id":"https:\/\/shop.bantam.ch\/de\/produkt\/relaxstuhl-bloomsbury-grau\/","url":"https:\/\/shop.bantam.ch\/de\/produkt\/relaxstuhl-bloomsbury-grau\/","name":"Relaxstuhl Bo-Camp Bloomsbury Farbe grau - Bantam Camping AG","isPartOf":{"@id":"https:\/\/shop.bantam.ch\/de\/#website"},"primaryImageOfPage":{"@id":"https:\/\/shop.bantam.ch\/de\/produkt\/relaxstuhl-bloomsbury-grau\/#primaryimage"},"image":{"@id":"https:\/\/shop.bantam.ch\/de\/produkt\/relaxstuhl-bloomsbury-grau\/#primaryimage"},"thumbnailUrl":"https:\/\/shop.bantam.ch\/wp-content\/uploads\/2023\/02\/9930823-100-2-3.jpg","datePublished":"2023-02-27T19:10:45+00:00","dateModified":"2026-04-18T19:13:38+00:00","breadcrumb":{"@id":"https:\/\/shop.bantam.ch\/de\/produkt\/relaxstuhl-bloomsbury-grau\/#breadcrumb"},"inLanguage":"de","potentialAction":[{"@type":"ReadAction","target":["https:\/\/shop.bantam.ch\/de\/produkt\/relaxstuhl-bloomsbury-grau\/"]}]},{"@type":"ImageObject","inLanguage":"de","@id":"https:\/\/shop.bantam.ch\/de\/produkt\/relaxstuhl-bloomsbury-grau\/#primaryimage","url":"https:\/\/shop.bantam.ch\/wp-content\/uploads\/2023\/02\/9930823-100-2-3.jpg","contentUrl":"https:\/\/shop.bantam.ch\/wp-content\/uploads\/2023\/02\/9930823-100-2-3.jpg","width":777,"height":1000},{"@type":"BreadcrumbList","@id":"https:\/\/shop.bantam.ch\/de\/produkt\/relaxstuhl-bloomsbury-grau\/#breadcrumb","itemListElement":[{"@type":"ListItem","position":1,"name":"Accueil","item":"https:\/\/shop.bantam.ch\/de\/"},{"@type":"ListItem","position":2,"name":"Shop","item":"https:\/\/shop.bantam.ch\/de\/shop\/"},{"@type":"ListItem","position":3,"name":"Relaxstuhl Bo-Camp Bloomsbury Farbe grau"}]},{"@type":"WebSite","@id":"https:\/\/shop.bantam.ch\/de\/#website","url":"https:\/\/shop.bantam.ch\/de\/","name":"Bantam Camping AG","description":"","publisher":{"@id":"https:\/\/shop.bantam.ch\/de\/#organization"},"inLanguage":"de"},{"@type":"Organization","@id":"https:\/\/shop.bantam.ch\/de\/#organization","name":"Bantam Camping AG","url":"https:\/\/shop.bantam.ch\/de\/","logo":{"@type":"ImageObject","inLanguage":"de","@id":"https:\/\/shop.bantam.ch\/de\/#\/schema\/logo\/image\/","url":"https:\/\/shop.bantam.ch\/wp-content\/uploads\/2022\/12\/bantam-logo.png","contentUrl":"https:\/\/shop.bantam.ch\/wp-content\/uploads\/2022\/12\/bantam-logo.png","width":320,"height":71,"caption":"Bantam Camping AG"},"image":{"@id":"https:\/\/shop.bantam.ch\/de\/#\/schema\/logo\/image\/"}}]}},"_links":{"self":[{"href":"https:\/\/shop.bantam.ch\/de\/wp-json\/wp\/v2\/product\/67938","targetHints":{"allow":["GET"]}}],"collection":[{"href":"https:\/\/shop.bantam.ch\/de\/wp-json\/wp\/v2\/product"}],"about":[{"href":"https:\/\/shop.bantam.ch\/de\/wp-json\/wp\/v2\/types\/product"}],"wp:featuredmedia":[{"embeddable":true,"href":"https:\/\/shop.bantam.ch\/de\/wp-json\/wp\/v2\/media\/67930"}],"wp:attachment":[{"href":"https:\/\/shop.bantam.ch\/de\/wp-json\/wp\/v2\/media?parent=67938"}],"wp:term":[{"taxonomy":"product_featured_cat","embeddable":true,"href":"https:\/\/shop.bantam.ch\/de\/wp-json\/wp\/v2\/product_featured_cat?post=67938"},{"taxonomy":"product_brand","embeddable":true,"href":"https:\/\/shop.bantam.ch\/de\/wp-json\/wp\/v2\/product_brand?post=67938"},{"taxonomy":"product_cat","embeddable":true,"href":"https:\/\/shop.bantam.ch\/de\/wp-json\/wp\/v2\/product_cat?post=67938"},{"taxonomy":"product_tag","embeddable":true,"href":"https:\/\/shop.bantam.ch\/de\/wp-json\/wp\/v2\/product_tag?post=67938"}],"curies":[{"name":"wp","href":"https:\/\/api.w.org\/{rel}","templated":true}]}}