{"id":67330,"date":"2023-02-27T19:58:40","date_gmt":"2023-02-27T18:58:40","guid":{"rendered":"http:\/\/shop.bantam.ch\/produit\/kaffeemaschine-mc052-12-v\/"},"modified":"2026-04-19T21:14:06","modified_gmt":"2026-04-19T19:14:06","slug":"kaffeemaschine-mc052-12-v","status":"publish","type":"product","link":"https:\/\/shop.bantam.ch\/de\/produkt\/kaffeemaschine-mc052-12-v\/","title":{"rendered":"Kaffeemaschine Dometic MC052 12 V"},"content":{"rendered":"<p>Mobile Kaffeemaschine f\u00fcr 5 Tassen. Bis zu 5 Tassen (625 ml) sind schnell gebr\u00fcht und bleiben dank Warmhalteplatte lange auf Temperatur. Die Glaskanne wird zus\u00e4tzlich durch eine Transportsicherung fixiert.<\/p>\n<p>\u00a0<\/p>\n<ul>\n<li>Ausdrehbarer, gut zug\u00e4nglicher Schwenkfilter<\/li>\n<li>Glaskanne mit Dosierungsskala und integrierter Transportsicherung<\/li>\n<li>Warmhalteplatte mit Thermostat<\/li>\n<li>Durchmesser 18 cm<\/li>\n<\/ul>\n<p>\u00a0<\/p>\n","protected":false},"excerpt":{"rendered":"<p>Mobile Kaffeemaschine f\u00fcr 5 Tassen. Bis zu 5 Tassen (625 ml) sind schnell gebr\u00fcht und bleiben dank Warmhalteplatte lange auf Temperatur. Die Glaskanne wird zus\u00e4tzlich durch eine Transportsicherung fixiert. \u00a0 Ausdrehbarer, gut zug\u00e4nglicher Schwenkfilter Glaskanne mit Dosierungsskala und integrierter Transportsicherung Warmhalteplatte mit Thermostat Durchmesser 18 cm \u00a0<\/p>\n","protected":false},"featured_media":67328,"template":"","meta":{"_acf_changed":false},"product_featured_cat":[],"product_brand":[3029],"product_cat":[4298],"product_tag":[],"class_list":{"0":"post-67330","1":"product","2":"type-product","3":"status-publish","4":"has-post-thumbnail","6":"product_brand-dometic-de","7":"product_cat-kaffeemaschinen-wasserkocher","9":"first","10":"instock","11":"taxable","12":"shipping-taxable","13":"purchasable","14":"product-type-simple"},"acf":[],"yoast_head":"<!-- This site is optimized with the Yoast SEO plugin v27.4 - https:\/\/yoast.com\/product\/yoast-seo-wordpress\/ -->\n<title>Kaffeemaschine Dometic MC052 12 V - Bantam Camping AG<\/title>\n<meta name=\"robots\" content=\"index, follow, max-snippet:-1, max-image-preview:large, max-video-preview:-1\" \/>\n<link rel=\"canonical\" href=\"https:\/\/shop.bantam.ch\/de\/produkt\/kaffeemaschine-mc052-12-v\/\" \/>\n<meta property=\"og:locale\" content=\"de_DE\" \/>\n<meta property=\"og:type\" content=\"article\" \/>\n<meta property=\"og:title\" content=\"Kaffeemaschine Dometic MC052 12 V - Bantam Camping AG\" \/>\n<meta property=\"og:description\" content=\"Mobile Kaffeemaschine f\u00fcr 5 Tassen. Bis zu 5 Tassen (625 ml) sind schnell gebr\u00fcht und bleiben dank Warmhalteplatte lange auf Temperatur. Die Glaskanne wird zus\u00e4tzlich durch eine Transportsicherung fixiert. \u00a0 Ausdrehbarer, gut zug\u00e4nglicher Schwenkfilter Glaskanne mit Dosierungsskala und integrierter Transportsicherung Warmhalteplatte mit Thermostat Durchmesser 18 cm \u00a0\" \/>\n<meta property=\"og:url\" content=\"https:\/\/shop.bantam.ch\/de\/produkt\/kaffeemaschine-mc052-12-v\/\" \/>\n<meta property=\"og:site_name\" content=\"Bantam Camping AG\" \/>\n<meta property=\"article:modified_time\" content=\"2026-04-19T19:14:06+00:00\" \/>\n<meta property=\"og:image\" content=\"https:\/\/shop.bantam.ch\/wp-content\/uploads\/2023\/02\/9930425-100-1-3587637754c251.jpg\" \/>\n\t<meta property=\"og:image:width\" content=\"500\" \/>\n\t<meta property=\"og:image:height\" content=\"300\" \/>\n\t<meta property=\"og:image:type\" content=\"image\/jpeg\" \/>\n<meta name=\"twitter:card\" content=\"summary_large_image\" \/>\n<script type=\"application\/ld+json\" class=\"yoast-schema-graph\">{\"@context\":\"https:\\\/\\\/schema.org\",\"@graph\":[{\"@type\":\"WebPage\",\"@id\":\"https:\\\/\\\/shop.bantam.ch\\\/de\\\/produkt\\\/kaffeemaschine-mc052-12-v\\\/\",\"url\":\"https:\\\/\\\/shop.bantam.ch\\\/de\\\/produkt\\\/kaffeemaschine-mc052-12-v\\\/\",\"name\":\"Kaffeemaschine Dometic MC052 12 V - Bantam Camping AG\",\"isPartOf\":{\"@id\":\"https:\\\/\\\/shop.bantam.ch\\\/de\\\/#website\"},\"primaryImageOfPage\":{\"@id\":\"https:\\\/\\\/shop.bantam.ch\\\/de\\\/produkt\\\/kaffeemaschine-mc052-12-v\\\/#primaryimage\"},\"image\":{\"@id\":\"https:\\\/\\\/shop.bantam.ch\\\/de\\\/produkt\\\/kaffeemaschine-mc052-12-v\\\/#primaryimage\"},\"thumbnailUrl\":\"https:\\\/\\\/shop.bantam.ch\\\/wp-content\\\/uploads\\\/2023\\\/02\\\/9930425-100-1-3587637754c251.jpg\",\"datePublished\":\"2023-02-27T18:58:40+00:00\",\"dateModified\":\"2026-04-19T19:14:06+00:00\",\"breadcrumb\":{\"@id\":\"https:\\\/\\\/shop.bantam.ch\\\/de\\\/produkt\\\/kaffeemaschine-mc052-12-v\\\/#breadcrumb\"},\"inLanguage\":\"de\",\"potentialAction\":[{\"@type\":\"ReadAction\",\"target\":[\"https:\\\/\\\/shop.bantam.ch\\\/de\\\/produkt\\\/kaffeemaschine-mc052-12-v\\\/\"]}]},{\"@type\":\"ImageObject\",\"inLanguage\":\"de\",\"@id\":\"https:\\\/\\\/shop.bantam.ch\\\/de\\\/produkt\\\/kaffeemaschine-mc052-12-v\\\/#primaryimage\",\"url\":\"https:\\\/\\\/shop.bantam.ch\\\/wp-content\\\/uploads\\\/2023\\\/02\\\/9930425-100-1-3587637754c251.jpg\",\"contentUrl\":\"https:\\\/\\\/shop.bantam.ch\\\/wp-content\\\/uploads\\\/2023\\\/02\\\/9930425-100-1-3587637754c251.jpg\",\"width\":500,\"height\":300},{\"@type\":\"BreadcrumbList\",\"@id\":\"https:\\\/\\\/shop.bantam.ch\\\/de\\\/produkt\\\/kaffeemaschine-mc052-12-v\\\/#breadcrumb\",\"itemListElement\":[{\"@type\":\"ListItem\",\"position\":1,\"name\":\"Accueil\",\"item\":\"https:\\\/\\\/shop.bantam.ch\\\/de\\\/\"},{\"@type\":\"ListItem\",\"position\":2,\"name\":\"Shop\",\"item\":\"https:\\\/\\\/shop.bantam.ch\\\/de\\\/shop\\\/\"},{\"@type\":\"ListItem\",\"position\":3,\"name\":\"Kaffeemaschine Dometic MC052 12 V\"}]},{\"@type\":\"WebSite\",\"@id\":\"https:\\\/\\\/shop.bantam.ch\\\/de\\\/#website\",\"url\":\"https:\\\/\\\/shop.bantam.ch\\\/de\\\/\",\"name\":\"Bantam Camping AG\",\"description\":\"\",\"publisher\":{\"@id\":\"https:\\\/\\\/shop.bantam.ch\\\/de\\\/#organization\"},\"inLanguage\":\"de\"},{\"@type\":\"Organization\",\"@id\":\"https:\\\/\\\/shop.bantam.ch\\\/de\\\/#organization\",\"name\":\"Bantam Camping AG\",\"url\":\"https:\\\/\\\/shop.bantam.ch\\\/de\\\/\",\"logo\":{\"@type\":\"ImageObject\",\"inLanguage\":\"de\",\"@id\":\"https:\\\/\\\/shop.bantam.ch\\\/de\\\/#\\\/schema\\\/logo\\\/image\\\/\",\"url\":\"https:\\\/\\\/shop.bantam.ch\\\/wp-content\\\/uploads\\\/2022\\\/12\\\/bantam-logo.png\",\"contentUrl\":\"https:\\\/\\\/shop.bantam.ch\\\/wp-content\\\/uploads\\\/2022\\\/12\\\/bantam-logo.png\",\"width\":320,\"height\":71,\"caption\":\"Bantam Camping AG\"},\"image\":{\"@id\":\"https:\\\/\\\/shop.bantam.ch\\\/de\\\/#\\\/schema\\\/logo\\\/image\\\/\"}}]}<\/script>\n<!-- \/ Yoast SEO plugin. -->","yoast_head_json":{"title":"Kaffeemaschine Dometic MC052 12 V - Bantam Camping AG","robots":{"index":"index","follow":"follow","max-snippet":"max-snippet:-1","max-image-preview":"max-image-preview:large","max-video-preview":"max-video-preview:-1"},"canonical":"https:\/\/shop.bantam.ch\/de\/produkt\/kaffeemaschine-mc052-12-v\/","og_locale":"de_DE","og_type":"article","og_title":"Kaffeemaschine Dometic MC052 12 V - Bantam Camping AG","og_description":"Mobile Kaffeemaschine f\u00fcr 5 Tassen. Bis zu 5 Tassen (625 ml) sind schnell gebr\u00fcht und bleiben dank Warmhalteplatte lange auf Temperatur. Die Glaskanne wird zus\u00e4tzlich durch eine Transportsicherung fixiert. \u00a0 Ausdrehbarer, gut zug\u00e4nglicher Schwenkfilter Glaskanne mit Dosierungsskala und integrierter Transportsicherung Warmhalteplatte mit Thermostat Durchmesser 18 cm \u00a0","og_url":"https:\/\/shop.bantam.ch\/de\/produkt\/kaffeemaschine-mc052-12-v\/","og_site_name":"Bantam Camping AG","article_modified_time":"2026-04-19T19:14:06+00:00","og_image":[{"width":500,"height":300,"url":"https:\/\/shop.bantam.ch\/wp-content\/uploads\/2023\/02\/9930425-100-1-3587637754c251.jpg","type":"image\/jpeg"}],"twitter_card":"summary_large_image","schema":{"@context":"https:\/\/schema.org","@graph":[{"@type":"WebPage","@id":"https:\/\/shop.bantam.ch\/de\/produkt\/kaffeemaschine-mc052-12-v\/","url":"https:\/\/shop.bantam.ch\/de\/produkt\/kaffeemaschine-mc052-12-v\/","name":"Kaffeemaschine Dometic MC052 12 V - Bantam Camping AG","isPartOf":{"@id":"https:\/\/shop.bantam.ch\/de\/#website"},"primaryImageOfPage":{"@id":"https:\/\/shop.bantam.ch\/de\/produkt\/kaffeemaschine-mc052-12-v\/#primaryimage"},"image":{"@id":"https:\/\/shop.bantam.ch\/de\/produkt\/kaffeemaschine-mc052-12-v\/#primaryimage"},"thumbnailUrl":"https:\/\/shop.bantam.ch\/wp-content\/uploads\/2023\/02\/9930425-100-1-3587637754c251.jpg","datePublished":"2023-02-27T18:58:40+00:00","dateModified":"2026-04-19T19:14:06+00:00","breadcrumb":{"@id":"https:\/\/shop.bantam.ch\/de\/produkt\/kaffeemaschine-mc052-12-v\/#breadcrumb"},"inLanguage":"de","potentialAction":[{"@type":"ReadAction","target":["https:\/\/shop.bantam.ch\/de\/produkt\/kaffeemaschine-mc052-12-v\/"]}]},{"@type":"ImageObject","inLanguage":"de","@id":"https:\/\/shop.bantam.ch\/de\/produkt\/kaffeemaschine-mc052-12-v\/#primaryimage","url":"https:\/\/shop.bantam.ch\/wp-content\/uploads\/2023\/02\/9930425-100-1-3587637754c251.jpg","contentUrl":"https:\/\/shop.bantam.ch\/wp-content\/uploads\/2023\/02\/9930425-100-1-3587637754c251.jpg","width":500,"height":300},{"@type":"BreadcrumbList","@id":"https:\/\/shop.bantam.ch\/de\/produkt\/kaffeemaschine-mc052-12-v\/#breadcrumb","itemListElement":[{"@type":"ListItem","position":1,"name":"Accueil","item":"https:\/\/shop.bantam.ch\/de\/"},{"@type":"ListItem","position":2,"name":"Shop","item":"https:\/\/shop.bantam.ch\/de\/shop\/"},{"@type":"ListItem","position":3,"name":"Kaffeemaschine Dometic MC052 12 V"}]},{"@type":"WebSite","@id":"https:\/\/shop.bantam.ch\/de\/#website","url":"https:\/\/shop.bantam.ch\/de\/","name":"Bantam Camping AG","description":"","publisher":{"@id":"https:\/\/shop.bantam.ch\/de\/#organization"},"inLanguage":"de"},{"@type":"Organization","@id":"https:\/\/shop.bantam.ch\/de\/#organization","name":"Bantam Camping AG","url":"https:\/\/shop.bantam.ch\/de\/","logo":{"@type":"ImageObject","inLanguage":"de","@id":"https:\/\/shop.bantam.ch\/de\/#\/schema\/logo\/image\/","url":"https:\/\/shop.bantam.ch\/wp-content\/uploads\/2022\/12\/bantam-logo.png","contentUrl":"https:\/\/shop.bantam.ch\/wp-content\/uploads\/2022\/12\/bantam-logo.png","width":320,"height":71,"caption":"Bantam Camping AG"},"image":{"@id":"https:\/\/shop.bantam.ch\/de\/#\/schema\/logo\/image\/"}}]}},"_links":{"self":[{"href":"https:\/\/shop.bantam.ch\/de\/wp-json\/wp\/v2\/product\/67330","targetHints":{"allow":["GET"]}}],"collection":[{"href":"https:\/\/shop.bantam.ch\/de\/wp-json\/wp\/v2\/product"}],"about":[{"href":"https:\/\/shop.bantam.ch\/de\/wp-json\/wp\/v2\/types\/product"}],"wp:featuredmedia":[{"embeddable":true,"href":"https:\/\/shop.bantam.ch\/de\/wp-json\/wp\/v2\/media\/67328"}],"wp:attachment":[{"href":"https:\/\/shop.bantam.ch\/de\/wp-json\/wp\/v2\/media?parent=67330"}],"wp:term":[{"taxonomy":"product_featured_cat","embeddable":true,"href":"https:\/\/shop.bantam.ch\/de\/wp-json\/wp\/v2\/product_featured_cat?post=67330"},{"taxonomy":"product_brand","embeddable":true,"href":"https:\/\/shop.bantam.ch\/de\/wp-json\/wp\/v2\/product_brand?post=67330"},{"taxonomy":"product_cat","embeddable":true,"href":"https:\/\/shop.bantam.ch\/de\/wp-json\/wp\/v2\/product_cat?post=67330"},{"taxonomy":"product_tag","embeddable":true,"href":"https:\/\/shop.bantam.ch\/de\/wp-json\/wp\/v2\/product_tag?post=67330"}],"curies":[{"name":"wp","href":"https:\/\/api.w.org\/{rel}","templated":true}]}}