{"id":66945,"date":"2023-02-27T19:50:24","date_gmt":"2023-02-27T18:50:24","guid":{"rendered":"http:\/\/shop.bantam.ch\/produit\/kuehlschrank-coolmatic\/"},"modified":"2026-05-02T22:01:44","modified_gmt":"2026-05-02T20:01:44","slug":"kuehlschrank-coolmatic","status":"publish","type":"product","link":"https:\/\/shop.bantam.ch\/de\/produkt\/kuehlschrank-coolmatic\/","title":{"rendered":"K\u00fchlschrank CoolMatic"},"content":{"rendered":"<p>Die Kompressork\u00fchlschr\u00e4nke der CoolMatic CRX Serie sind geniale Verwandlungsk\u00fcnstler. Ihr Trick kein Geheimnis, sondern eine patentierte Erfindung von Dometic. Das Gefrierfach l\u00e4sst sich ganz einfach herausziehen, um Platz zu schaffen f\u00fcr einen gr\u00f6\u00dferen K\u00fchlschrank oder Gefrierschrank. Die gew\u00fcnschte Temperatur wird per Soft-Touch auf dem Bedienpanel eingestellt, das fl\u00e4chenb\u00fcndig in die Innenwand eingelassen ist und elegant die LED-Beleuchtung integriert. Dahinter steckt eine intelligente Elektronik &#8211; Das System optimiert die Kompressordrehzahl und erreicht so Energieeinsparungen bis zu 25 %.<\/p>\n<ul>\n<li>Perfekte Temperaturregelung in f\u00fcnf Stufen durch Soft-Touch-Bedienpanel<\/li>\n<li>Leistungsstarker, drehzahlgeregelter Kompressor mit drei Leistungsstufen f\u00fcr effizienten, ger\u00e4uscharmen Betrieb<\/li>\n<li>L\u00fcftergeschwindigkeit passt sich der Umgebungstemperatur an- volle Leistung bei hohen Temperaturen, geringe Leistung bei niedrigen Temperaturen<\/li>\n<li>Doppelte T\u00fcrverriegelung (oben \/ unten)<\/li>\n<li>Dekorplatte: silbermatt (geb\u00fcrstete Edelstahloptik)<\/li>\n<li>Geh\u00e4use: schwarz<\/li>\n<li>T\u00fcrrahmen: silber<\/li>\n<\/ul>\n<p>\u00a0<\/p>\n","protected":false},"excerpt":{"rendered":"<p>Die Kompressork\u00fchlschr\u00e4nke der CoolMatic CRX Serie sind geniale Verwandlungsk\u00fcnstler. Ihr Trick kein Geheimnis, sondern eine patentierte Erfindung von Dometic. Das Gefrierfach l\u00e4sst sich ganz einfach herausziehen, um Platz zu schaffen f\u00fcr einen gr\u00f6\u00dferen K\u00fchlschrank oder Gefrierschrank. Die gew\u00fcnschte Temperatur wird per Soft-Touch auf dem Bedienpanel eingestellt, das fl\u00e4chenb\u00fcndig in die Innenwand eingelassen ist und elegant [&hellip;]<\/p>\n","protected":false},"featured_media":66920,"template":"","meta":{"_acf_changed":false},"product_featured_cat":[],"product_brand":[3029],"product_cat":[4550],"product_tag":[],"class_list":{"0":"post-66945","1":"product","2":"type-product","3":"status-publish","4":"has-post-thumbnail","6":"product_brand-dometic-de","7":"product_cat-kompressor-kuehlschraenke","9":"first","10":"instock","11":"taxable","12":"shipping-taxable","13":"purchasable","14":"product-type-variable"},"acf":[],"yoast_head":"<!-- This site is optimized with the Yoast SEO plugin v27.5 - https:\/\/yoast.com\/product\/yoast-seo-wordpress\/ -->\n<title>K\u00fchlschrank CoolMatic - Bantam<\/title>\n<meta name=\"robots\" content=\"index, follow, max-snippet:-1, max-image-preview:large, max-video-preview:-1\" \/>\n<link rel=\"canonical\" href=\"https:\/\/shop.bantam.ch\/de\/produkt\/kuehlschrank-coolmatic\/\" \/>\n<meta property=\"og:locale\" content=\"de_DE\" \/>\n<meta property=\"og:type\" content=\"article\" \/>\n<meta property=\"og:title\" content=\"K\u00fchlschrank CoolMatic - Bantam\" \/>\n<meta property=\"og:description\" content=\"Die Kompressork\u00fchlschr\u00e4nke der CoolMatic CRX Serie sind geniale Verwandlungsk\u00fcnstler. Ihr Trick kein Geheimnis, sondern eine patentierte Erfindung von Dometic. Das Gefrierfach l\u00e4sst sich ganz einfach herausziehen, um Platz zu schaffen f\u00fcr einen gr\u00f6\u00dferen K\u00fchlschrank oder Gefrierschrank. Die gew\u00fcnschte Temperatur wird per Soft-Touch auf dem Bedienpanel eingestellt, das fl\u00e4chenb\u00fcndig in die Innenwand eingelassen ist und elegant [&hellip;]\" \/>\n<meta property=\"og:url\" content=\"https:\/\/shop.bantam.ch\/de\/produkt\/kuehlschrank-coolmatic\/\" \/>\n<meta property=\"og:site_name\" content=\"Bantam\" \/>\n<meta property=\"article:modified_time\" content=\"2026-05-02T20:01:44+00:00\" \/>\n<meta property=\"og:image\" content=\"https:\/\/shop.bantam.ch\/wp-content\/uploads\/2023\/02\/9951538-100-1-3.jpg\" \/>\n\t<meta property=\"og:image:width\" content=\"1000\" \/>\n\t<meta property=\"og:image:height\" content=\"1000\" \/>\n\t<meta property=\"og:image:type\" content=\"image\/jpeg\" \/>\n<meta name=\"twitter:card\" content=\"summary_large_image\" \/>\n<meta name=\"twitter:label1\" content=\"Gesch\u00e4tzte Lesezeit\" \/>\n\t<meta name=\"twitter:data1\" content=\"1\u00a0Minute\" \/>\n<script type=\"application\/ld+json\" class=\"yoast-schema-graph\">{\"@context\":\"https:\\\/\\\/schema.org\",\"@graph\":[{\"@type\":\"WebPage\",\"@id\":\"https:\\\/\\\/shop.bantam.ch\\\/de\\\/produkt\\\/kuehlschrank-coolmatic\\\/\",\"url\":\"https:\\\/\\\/shop.bantam.ch\\\/de\\\/produkt\\\/kuehlschrank-coolmatic\\\/\",\"name\":\"K\u00fchlschrank CoolMatic - Bantam\",\"isPartOf\":{\"@id\":\"https:\\\/\\\/shop.bantam.ch\\\/de\\\/#website\"},\"primaryImageOfPage\":{\"@id\":\"https:\\\/\\\/shop.bantam.ch\\\/de\\\/produkt\\\/kuehlschrank-coolmatic\\\/#primaryimage\"},\"image\":{\"@id\":\"https:\\\/\\\/shop.bantam.ch\\\/de\\\/produkt\\\/kuehlschrank-coolmatic\\\/#primaryimage\"},\"thumbnailUrl\":\"https:\\\/\\\/shop.bantam.ch\\\/wp-content\\\/uploads\\\/2023\\\/02\\\/9951538-100-1-3.jpg\",\"datePublished\":\"2023-02-27T18:50:24+00:00\",\"dateModified\":\"2026-05-02T20:01:44+00:00\",\"breadcrumb\":{\"@id\":\"https:\\\/\\\/shop.bantam.ch\\\/de\\\/produkt\\\/kuehlschrank-coolmatic\\\/#breadcrumb\"},\"inLanguage\":\"de\",\"potentialAction\":[{\"@type\":\"ReadAction\",\"target\":[\"https:\\\/\\\/shop.bantam.ch\\\/de\\\/produkt\\\/kuehlschrank-coolmatic\\\/\"]}]},{\"@type\":\"ImageObject\",\"inLanguage\":\"de\",\"@id\":\"https:\\\/\\\/shop.bantam.ch\\\/de\\\/produkt\\\/kuehlschrank-coolmatic\\\/#primaryimage\",\"url\":\"https:\\\/\\\/shop.bantam.ch\\\/wp-content\\\/uploads\\\/2023\\\/02\\\/9951538-100-1-3.jpg\",\"contentUrl\":\"https:\\\/\\\/shop.bantam.ch\\\/wp-content\\\/uploads\\\/2023\\\/02\\\/9951538-100-1-3.jpg\",\"width\":1000,\"height\":1000},{\"@type\":\"BreadcrumbList\",\"@id\":\"https:\\\/\\\/shop.bantam.ch\\\/de\\\/produkt\\\/kuehlschrank-coolmatic\\\/#breadcrumb\",\"itemListElement\":[{\"@type\":\"ListItem\",\"position\":1,\"name\":\"Accueil\",\"item\":\"https:\\\/\\\/shop.bantam.ch\\\/de\\\/\"},{\"@type\":\"ListItem\",\"position\":2,\"name\":\"Shop\",\"item\":\"https:\\\/\\\/shop.bantam.ch\\\/de\\\/shop\\\/\"},{\"@type\":\"ListItem\",\"position\":3,\"name\":\"K\u00fchlschrank CoolMatic\"}]},{\"@type\":\"WebSite\",\"@id\":\"https:\\\/\\\/shop.bantam.ch\\\/de\\\/#website\",\"url\":\"https:\\\/\\\/shop.bantam.ch\\\/de\\\/\",\"name\":\"Bantam\",\"description\":\"\",\"publisher\":{\"@id\":\"https:\\\/\\\/shop.bantam.ch\\\/de\\\/#organization\"},\"inLanguage\":\"de\"},{\"@type\":\"Organization\",\"@id\":\"https:\\\/\\\/shop.bantam.ch\\\/de\\\/#organization\",\"name\":\"Bantam\",\"url\":\"https:\\\/\\\/shop.bantam.ch\\\/de\\\/\",\"logo\":{\"@type\":\"ImageObject\",\"inLanguage\":\"de\",\"@id\":\"https:\\\/\\\/shop.bantam.ch\\\/de\\\/#\\\/schema\\\/logo\\\/image\\\/\",\"url\":\"https:\\\/\\\/shop.bantam.ch\\\/wp-content\\\/uploads\\\/2022\\\/12\\\/bantam-logo.png\",\"contentUrl\":\"https:\\\/\\\/shop.bantam.ch\\\/wp-content\\\/uploads\\\/2022\\\/12\\\/bantam-logo.png\",\"width\":320,\"height\":71,\"caption\":\"Bantam\"},\"image\":{\"@id\":\"https:\\\/\\\/shop.bantam.ch\\\/de\\\/#\\\/schema\\\/logo\\\/image\\\/\"}}]}<\/script>\n<!-- \/ Yoast SEO plugin. -->","yoast_head_json":{"title":"K\u00fchlschrank CoolMatic - Bantam","robots":{"index":"index","follow":"follow","max-snippet":"max-snippet:-1","max-image-preview":"max-image-preview:large","max-video-preview":"max-video-preview:-1"},"canonical":"https:\/\/shop.bantam.ch\/de\/produkt\/kuehlschrank-coolmatic\/","og_locale":"de_DE","og_type":"article","og_title":"K\u00fchlschrank CoolMatic - Bantam","og_description":"Die Kompressork\u00fchlschr\u00e4nke der CoolMatic CRX Serie sind geniale Verwandlungsk\u00fcnstler. Ihr Trick kein Geheimnis, sondern eine patentierte Erfindung von Dometic. Das Gefrierfach l\u00e4sst sich ganz einfach herausziehen, um Platz zu schaffen f\u00fcr einen gr\u00f6\u00dferen K\u00fchlschrank oder Gefrierschrank. Die gew\u00fcnschte Temperatur wird per Soft-Touch auf dem Bedienpanel eingestellt, das fl\u00e4chenb\u00fcndig in die Innenwand eingelassen ist und elegant [&hellip;]","og_url":"https:\/\/shop.bantam.ch\/de\/produkt\/kuehlschrank-coolmatic\/","og_site_name":"Bantam","article_modified_time":"2026-05-02T20:01:44+00:00","og_image":[{"width":1000,"height":1000,"url":"https:\/\/shop.bantam.ch\/wp-content\/uploads\/2023\/02\/9951538-100-1-3.jpg","type":"image\/jpeg"}],"twitter_card":"summary_large_image","twitter_misc":{"Gesch\u00e4tzte Lesezeit":"1\u00a0Minute"},"schema":{"@context":"https:\/\/schema.org","@graph":[{"@type":"WebPage","@id":"https:\/\/shop.bantam.ch\/de\/produkt\/kuehlschrank-coolmatic\/","url":"https:\/\/shop.bantam.ch\/de\/produkt\/kuehlschrank-coolmatic\/","name":"K\u00fchlschrank CoolMatic - Bantam","isPartOf":{"@id":"https:\/\/shop.bantam.ch\/de\/#website"},"primaryImageOfPage":{"@id":"https:\/\/shop.bantam.ch\/de\/produkt\/kuehlschrank-coolmatic\/#primaryimage"},"image":{"@id":"https:\/\/shop.bantam.ch\/de\/produkt\/kuehlschrank-coolmatic\/#primaryimage"},"thumbnailUrl":"https:\/\/shop.bantam.ch\/wp-content\/uploads\/2023\/02\/9951538-100-1-3.jpg","datePublished":"2023-02-27T18:50:24+00:00","dateModified":"2026-05-02T20:01:44+00:00","breadcrumb":{"@id":"https:\/\/shop.bantam.ch\/de\/produkt\/kuehlschrank-coolmatic\/#breadcrumb"},"inLanguage":"de","potentialAction":[{"@type":"ReadAction","target":["https:\/\/shop.bantam.ch\/de\/produkt\/kuehlschrank-coolmatic\/"]}]},{"@type":"ImageObject","inLanguage":"de","@id":"https:\/\/shop.bantam.ch\/de\/produkt\/kuehlschrank-coolmatic\/#primaryimage","url":"https:\/\/shop.bantam.ch\/wp-content\/uploads\/2023\/02\/9951538-100-1-3.jpg","contentUrl":"https:\/\/shop.bantam.ch\/wp-content\/uploads\/2023\/02\/9951538-100-1-3.jpg","width":1000,"height":1000},{"@type":"BreadcrumbList","@id":"https:\/\/shop.bantam.ch\/de\/produkt\/kuehlschrank-coolmatic\/#breadcrumb","itemListElement":[{"@type":"ListItem","position":1,"name":"Accueil","item":"https:\/\/shop.bantam.ch\/de\/"},{"@type":"ListItem","position":2,"name":"Shop","item":"https:\/\/shop.bantam.ch\/de\/shop\/"},{"@type":"ListItem","position":3,"name":"K\u00fchlschrank CoolMatic"}]},{"@type":"WebSite","@id":"https:\/\/shop.bantam.ch\/de\/#website","url":"https:\/\/shop.bantam.ch\/de\/","name":"Bantam","description":"","publisher":{"@id":"https:\/\/shop.bantam.ch\/de\/#organization"},"inLanguage":"de"},{"@type":"Organization","@id":"https:\/\/shop.bantam.ch\/de\/#organization","name":"Bantam","url":"https:\/\/shop.bantam.ch\/de\/","logo":{"@type":"ImageObject","inLanguage":"de","@id":"https:\/\/shop.bantam.ch\/de\/#\/schema\/logo\/image\/","url":"https:\/\/shop.bantam.ch\/wp-content\/uploads\/2022\/12\/bantam-logo.png","contentUrl":"https:\/\/shop.bantam.ch\/wp-content\/uploads\/2022\/12\/bantam-logo.png","width":320,"height":71,"caption":"Bantam"},"image":{"@id":"https:\/\/shop.bantam.ch\/de\/#\/schema\/logo\/image\/"}}]}},"_links":{"self":[{"href":"https:\/\/shop.bantam.ch\/de\/wp-json\/wp\/v2\/product\/66945","targetHints":{"allow":["GET"]}}],"collection":[{"href":"https:\/\/shop.bantam.ch\/de\/wp-json\/wp\/v2\/product"}],"about":[{"href":"https:\/\/shop.bantam.ch\/de\/wp-json\/wp\/v2\/types\/product"}],"wp:featuredmedia":[{"embeddable":true,"href":"https:\/\/shop.bantam.ch\/de\/wp-json\/wp\/v2\/media\/66920"}],"wp:attachment":[{"href":"https:\/\/shop.bantam.ch\/de\/wp-json\/wp\/v2\/media?parent=66945"}],"wp:term":[{"taxonomy":"product_featured_cat","embeddable":true,"href":"https:\/\/shop.bantam.ch\/de\/wp-json\/wp\/v2\/product_featured_cat?post=66945"},{"taxonomy":"product_brand","embeddable":true,"href":"https:\/\/shop.bantam.ch\/de\/wp-json\/wp\/v2\/product_brand?post=66945"},{"taxonomy":"product_cat","embeddable":true,"href":"https:\/\/shop.bantam.ch\/de\/wp-json\/wp\/v2\/product_cat?post=66945"},{"taxonomy":"product_tag","embeddable":true,"href":"https:\/\/shop.bantam.ch\/de\/wp-json\/wp\/v2\/product_tag?post=66945"}],"curies":[{"name":"wp","href":"https:\/\/api.w.org\/{rel}","templated":true}]}}