{"id":66898,"date":"2023-02-27T19:49:50","date_gmt":"2023-02-27T18:49:50","guid":{"rendered":"http:\/\/shop.bantam.ch\/produit\/euro-tool-set-reglerloeser\/"},"modified":"2026-04-17T21:12:17","modified_gmt":"2026-04-17T19:12:17","slug":"euro-tool-set-reglerloeser","status":"publish","type":"product","link":"https:\/\/shop.bantam.ch\/de\/produkt\/euro-tool-set-reglerloeser\/","title":{"rendered":"EuroTool Set Reglerl\u00f6ser"},"content":{"rendered":"<p>Zum kraftsparenden Anschlie\u00dfen und L\u00f6sen von Gasflaschenreglern an das Flaschenventil. Mit neuem Wechselsystem zum einfachen und sicheren Austausch der Wechseleins\u00e4tze.<\/p>\n<ul>\n<li>Ein Werkzeug mit sieben verschiedenen Wechseleins\u00e4tzen<\/li>\n<li>Sechs Wechseleins\u00e4tze (orange), passend f\u00fcr europ\u00e4ische Flaschenanschl\u00fcsse<\/li>\n<li>Ein Wechseleinsatz (gr\u00fcn) passend f\u00fcr Klein\u00adflaschen Verschlussmutter (Schutzkappe)<\/li>\n<li>Sicherer Transport im Werkzeugkoffer mit Schaumstoffeinlage<\/li>\n<\/ul>\n","protected":false},"excerpt":{"rendered":"<p>Zum kraftsparenden Anschlie\u00dfen und L\u00f6sen von Gasflaschenreglern an das Flaschenventil. Mit neuem Wechselsystem zum einfachen und sicheren Austausch der Wechseleins\u00e4tze. Ein Werkzeug mit sieben verschiedenen Wechseleins\u00e4tzen Sechs Wechseleins\u00e4tze (orange), passend f\u00fcr europ\u00e4ische Flaschenanschl\u00fcsse Ein Wechseleinsatz (gr\u00fcn) passend f\u00fcr Klein\u00adflaschen Verschlussmutter (Schutzkappe) Sicherer Transport im Werkzeugkoffer mit Schaumstoffeinlage<\/p>\n","protected":false},"featured_media":66896,"template":"","meta":{"_acf_changed":false},"product_featured_cat":[],"product_brand":[3255],"product_cat":[5162],"product_tag":[],"class_list":{"0":"post-66898","1":"product","2":"type-product","3":"status-publish","4":"has-post-thumbnail","6":"product_brand-gok-de","7":"product_cat-weiteres-zubehoer","9":"first","10":"instock","11":"taxable","12":"shipping-taxable","13":"purchasable","14":"product-type-simple"},"acf":[],"yoast_head":"<!-- This site is optimized with the Yoast SEO plugin v27.4 - https:\/\/yoast.com\/product\/yoast-seo-wordpress\/ -->\n<title>EuroTool Set Reglerl\u00f6ser - Bantam Camping AG<\/title>\n<meta name=\"robots\" content=\"index, follow, max-snippet:-1, max-image-preview:large, max-video-preview:-1\" \/>\n<link rel=\"canonical\" href=\"https:\/\/shop.bantam.ch\/de\/produkt\/euro-tool-set-reglerloeser\/\" \/>\n<meta property=\"og:locale\" content=\"de_DE\" \/>\n<meta property=\"og:type\" content=\"article\" \/>\n<meta property=\"og:title\" content=\"EuroTool Set Reglerl\u00f6ser - Bantam Camping AG\" \/>\n<meta property=\"og:description\" content=\"Zum kraftsparenden Anschlie\u00dfen und L\u00f6sen von Gasflaschenreglern an das Flaschenventil. Mit neuem Wechselsystem zum einfachen und sicheren Austausch der Wechseleins\u00e4tze. Ein Werkzeug mit sieben verschiedenen Wechseleins\u00e4tzen Sechs Wechseleins\u00e4tze (orange), passend f\u00fcr europ\u00e4ische Flaschenanschl\u00fcsse Ein Wechseleinsatz (gr\u00fcn) passend f\u00fcr Klein\u00adflaschen Verschlussmutter (Schutzkappe) Sicherer Transport im Werkzeugkoffer mit Schaumstoffeinlage\" \/>\n<meta property=\"og:url\" content=\"https:\/\/shop.bantam.ch\/de\/produkt\/euro-tool-set-reglerloeser\/\" \/>\n<meta property=\"og:site_name\" content=\"Bantam Camping AG\" \/>\n<meta property=\"article:modified_time\" content=\"2026-04-17T19:12:17+00:00\" \/>\n<meta property=\"og:image\" content=\"https:\/\/shop.bantam.ch\/wp-content\/uploads\/2023\/02\/9952529-100-1-3.jpg\" \/>\n\t<meta property=\"og:image:width\" content=\"761\" \/>\n\t<meta property=\"og:image:height\" content=\"1000\" \/>\n\t<meta property=\"og:image:type\" content=\"image\/jpeg\" \/>\n<meta name=\"twitter:card\" content=\"summary_large_image\" \/>\n<script type=\"application\/ld+json\" class=\"yoast-schema-graph\">{\"@context\":\"https:\\\/\\\/schema.org\",\"@graph\":[{\"@type\":\"WebPage\",\"@id\":\"https:\\\/\\\/shop.bantam.ch\\\/de\\\/produkt\\\/euro-tool-set-reglerloeser\\\/\",\"url\":\"https:\\\/\\\/shop.bantam.ch\\\/de\\\/produkt\\\/euro-tool-set-reglerloeser\\\/\",\"name\":\"EuroTool Set Reglerl\u00f6ser - Bantam Camping AG\",\"isPartOf\":{\"@id\":\"https:\\\/\\\/shop.bantam.ch\\\/de\\\/#website\"},\"primaryImageOfPage\":{\"@id\":\"https:\\\/\\\/shop.bantam.ch\\\/de\\\/produkt\\\/euro-tool-set-reglerloeser\\\/#primaryimage\"},\"image\":{\"@id\":\"https:\\\/\\\/shop.bantam.ch\\\/de\\\/produkt\\\/euro-tool-set-reglerloeser\\\/#primaryimage\"},\"thumbnailUrl\":\"https:\\\/\\\/shop.bantam.ch\\\/wp-content\\\/uploads\\\/2023\\\/02\\\/9952529-100-1-3.jpg\",\"datePublished\":\"2023-02-27T18:49:50+00:00\",\"dateModified\":\"2026-04-17T19:12:17+00:00\",\"breadcrumb\":{\"@id\":\"https:\\\/\\\/shop.bantam.ch\\\/de\\\/produkt\\\/euro-tool-set-reglerloeser\\\/#breadcrumb\"},\"inLanguage\":\"de\",\"potentialAction\":[{\"@type\":\"ReadAction\",\"target\":[\"https:\\\/\\\/shop.bantam.ch\\\/de\\\/produkt\\\/euro-tool-set-reglerloeser\\\/\"]}]},{\"@type\":\"ImageObject\",\"inLanguage\":\"de\",\"@id\":\"https:\\\/\\\/shop.bantam.ch\\\/de\\\/produkt\\\/euro-tool-set-reglerloeser\\\/#primaryimage\",\"url\":\"https:\\\/\\\/shop.bantam.ch\\\/wp-content\\\/uploads\\\/2023\\\/02\\\/9952529-100-1-3.jpg\",\"contentUrl\":\"https:\\\/\\\/shop.bantam.ch\\\/wp-content\\\/uploads\\\/2023\\\/02\\\/9952529-100-1-3.jpg\",\"width\":761,\"height\":1000},{\"@type\":\"BreadcrumbList\",\"@id\":\"https:\\\/\\\/shop.bantam.ch\\\/de\\\/produkt\\\/euro-tool-set-reglerloeser\\\/#breadcrumb\",\"itemListElement\":[{\"@type\":\"ListItem\",\"position\":1,\"name\":\"Accueil\",\"item\":\"https:\\\/\\\/shop.bantam.ch\\\/de\\\/\"},{\"@type\":\"ListItem\",\"position\":2,\"name\":\"Shop\",\"item\":\"https:\\\/\\\/shop.bantam.ch\\\/de\\\/shop\\\/\"},{\"@type\":\"ListItem\",\"position\":3,\"name\":\"EuroTool Set Reglerl\u00f6ser\"}]},{\"@type\":\"WebSite\",\"@id\":\"https:\\\/\\\/shop.bantam.ch\\\/de\\\/#website\",\"url\":\"https:\\\/\\\/shop.bantam.ch\\\/de\\\/\",\"name\":\"Bantam Camping AG\",\"description\":\"\",\"publisher\":{\"@id\":\"https:\\\/\\\/shop.bantam.ch\\\/de\\\/#organization\"},\"inLanguage\":\"de\"},{\"@type\":\"Organization\",\"@id\":\"https:\\\/\\\/shop.bantam.ch\\\/de\\\/#organization\",\"name\":\"Bantam Camping AG\",\"url\":\"https:\\\/\\\/shop.bantam.ch\\\/de\\\/\",\"logo\":{\"@type\":\"ImageObject\",\"inLanguage\":\"de\",\"@id\":\"https:\\\/\\\/shop.bantam.ch\\\/de\\\/#\\\/schema\\\/logo\\\/image\\\/\",\"url\":\"https:\\\/\\\/shop.bantam.ch\\\/wp-content\\\/uploads\\\/2022\\\/12\\\/bantam-logo.png\",\"contentUrl\":\"https:\\\/\\\/shop.bantam.ch\\\/wp-content\\\/uploads\\\/2022\\\/12\\\/bantam-logo.png\",\"width\":320,\"height\":71,\"caption\":\"Bantam Camping AG\"},\"image\":{\"@id\":\"https:\\\/\\\/shop.bantam.ch\\\/de\\\/#\\\/schema\\\/logo\\\/image\\\/\"}}]}<\/script>\n<!-- \/ Yoast SEO plugin. -->","yoast_head_json":{"title":"EuroTool Set Reglerl\u00f6ser - Bantam Camping AG","robots":{"index":"index","follow":"follow","max-snippet":"max-snippet:-1","max-image-preview":"max-image-preview:large","max-video-preview":"max-video-preview:-1"},"canonical":"https:\/\/shop.bantam.ch\/de\/produkt\/euro-tool-set-reglerloeser\/","og_locale":"de_DE","og_type":"article","og_title":"EuroTool Set Reglerl\u00f6ser - Bantam Camping AG","og_description":"Zum kraftsparenden Anschlie\u00dfen und L\u00f6sen von Gasflaschenreglern an das Flaschenventil. Mit neuem Wechselsystem zum einfachen und sicheren Austausch der Wechseleins\u00e4tze. Ein Werkzeug mit sieben verschiedenen Wechseleins\u00e4tzen Sechs Wechseleins\u00e4tze (orange), passend f\u00fcr europ\u00e4ische Flaschenanschl\u00fcsse Ein Wechseleinsatz (gr\u00fcn) passend f\u00fcr Klein\u00adflaschen Verschlussmutter (Schutzkappe) Sicherer Transport im Werkzeugkoffer mit Schaumstoffeinlage","og_url":"https:\/\/shop.bantam.ch\/de\/produkt\/euro-tool-set-reglerloeser\/","og_site_name":"Bantam Camping AG","article_modified_time":"2026-04-17T19:12:17+00:00","og_image":[{"width":761,"height":1000,"url":"https:\/\/shop.bantam.ch\/wp-content\/uploads\/2023\/02\/9952529-100-1-3.jpg","type":"image\/jpeg"}],"twitter_card":"summary_large_image","schema":{"@context":"https:\/\/schema.org","@graph":[{"@type":"WebPage","@id":"https:\/\/shop.bantam.ch\/de\/produkt\/euro-tool-set-reglerloeser\/","url":"https:\/\/shop.bantam.ch\/de\/produkt\/euro-tool-set-reglerloeser\/","name":"EuroTool Set Reglerl\u00f6ser - Bantam Camping AG","isPartOf":{"@id":"https:\/\/shop.bantam.ch\/de\/#website"},"primaryImageOfPage":{"@id":"https:\/\/shop.bantam.ch\/de\/produkt\/euro-tool-set-reglerloeser\/#primaryimage"},"image":{"@id":"https:\/\/shop.bantam.ch\/de\/produkt\/euro-tool-set-reglerloeser\/#primaryimage"},"thumbnailUrl":"https:\/\/shop.bantam.ch\/wp-content\/uploads\/2023\/02\/9952529-100-1-3.jpg","datePublished":"2023-02-27T18:49:50+00:00","dateModified":"2026-04-17T19:12:17+00:00","breadcrumb":{"@id":"https:\/\/shop.bantam.ch\/de\/produkt\/euro-tool-set-reglerloeser\/#breadcrumb"},"inLanguage":"de","potentialAction":[{"@type":"ReadAction","target":["https:\/\/shop.bantam.ch\/de\/produkt\/euro-tool-set-reglerloeser\/"]}]},{"@type":"ImageObject","inLanguage":"de","@id":"https:\/\/shop.bantam.ch\/de\/produkt\/euro-tool-set-reglerloeser\/#primaryimage","url":"https:\/\/shop.bantam.ch\/wp-content\/uploads\/2023\/02\/9952529-100-1-3.jpg","contentUrl":"https:\/\/shop.bantam.ch\/wp-content\/uploads\/2023\/02\/9952529-100-1-3.jpg","width":761,"height":1000},{"@type":"BreadcrumbList","@id":"https:\/\/shop.bantam.ch\/de\/produkt\/euro-tool-set-reglerloeser\/#breadcrumb","itemListElement":[{"@type":"ListItem","position":1,"name":"Accueil","item":"https:\/\/shop.bantam.ch\/de\/"},{"@type":"ListItem","position":2,"name":"Shop","item":"https:\/\/shop.bantam.ch\/de\/shop\/"},{"@type":"ListItem","position":3,"name":"EuroTool Set Reglerl\u00f6ser"}]},{"@type":"WebSite","@id":"https:\/\/shop.bantam.ch\/de\/#website","url":"https:\/\/shop.bantam.ch\/de\/","name":"Bantam Camping AG","description":"","publisher":{"@id":"https:\/\/shop.bantam.ch\/de\/#organization"},"inLanguage":"de"},{"@type":"Organization","@id":"https:\/\/shop.bantam.ch\/de\/#organization","name":"Bantam Camping AG","url":"https:\/\/shop.bantam.ch\/de\/","logo":{"@type":"ImageObject","inLanguage":"de","@id":"https:\/\/shop.bantam.ch\/de\/#\/schema\/logo\/image\/","url":"https:\/\/shop.bantam.ch\/wp-content\/uploads\/2022\/12\/bantam-logo.png","contentUrl":"https:\/\/shop.bantam.ch\/wp-content\/uploads\/2022\/12\/bantam-logo.png","width":320,"height":71,"caption":"Bantam Camping AG"},"image":{"@id":"https:\/\/shop.bantam.ch\/de\/#\/schema\/logo\/image\/"}}]}},"_links":{"self":[{"href":"https:\/\/shop.bantam.ch\/de\/wp-json\/wp\/v2\/product\/66898","targetHints":{"allow":["GET"]}}],"collection":[{"href":"https:\/\/shop.bantam.ch\/de\/wp-json\/wp\/v2\/product"}],"about":[{"href":"https:\/\/shop.bantam.ch\/de\/wp-json\/wp\/v2\/types\/product"}],"wp:featuredmedia":[{"embeddable":true,"href":"https:\/\/shop.bantam.ch\/de\/wp-json\/wp\/v2\/media\/66896"}],"wp:attachment":[{"href":"https:\/\/shop.bantam.ch\/de\/wp-json\/wp\/v2\/media?parent=66898"}],"wp:term":[{"taxonomy":"product_featured_cat","embeddable":true,"href":"https:\/\/shop.bantam.ch\/de\/wp-json\/wp\/v2\/product_featured_cat?post=66898"},{"taxonomy":"product_brand","embeddable":true,"href":"https:\/\/shop.bantam.ch\/de\/wp-json\/wp\/v2\/product_brand?post=66898"},{"taxonomy":"product_cat","embeddable":true,"href":"https:\/\/shop.bantam.ch\/de\/wp-json\/wp\/v2\/product_cat?post=66898"},{"taxonomy":"product_tag","embeddable":true,"href":"https:\/\/shop.bantam.ch\/de\/wp-json\/wp\/v2\/product_tag?post=66898"}],"curies":[{"name":"wp","href":"https:\/\/api.w.org\/{rel}","templated":true}]}}