{"id":66516,"date":"2023-02-27T19:41:58","date_gmt":"2023-02-27T18:41:58","guid":{"rendered":"http:\/\/shop.bantam.ch\/produit\/niederdruckregler-typ-en61-08-kg-h-leistungsstufe-1\/"},"modified":"2026-05-11T21:11:36","modified_gmt":"2026-05-11T19:11:36","slug":"niederdruckregler-typ-en61-08-kg-h-leistungsstufe-1","status":"publish","type":"product","link":"https:\/\/shop.bantam.ch\/de\/produkt\/niederdruckregler-typ-en61-08-kg-h-leistungsstufe-1\/","title":{"rendered":"Niederdruckregler GOK Typ EN61 0,8 kg\/h Leistungsstufe 1"},"content":{"rendered":"<p>F\u00fcr Fahrzeuge mit wenig Platz im Gaskasten (z.B. VW Westfalia bis 2005) zum direkten Anschluss von Gasflaschen bei Reisemobilen und Caravans, Gasdruck 30 mbar (wenn nicht anders angegeben). F\u00fcr den Einsatz bei Temperaturen unter ca. 4\u00b0C empfehlen wir den Einsatz des TRUMA EisEx 12 V (Seite ). Achtung: F\u00fcr die richtige Auswahl der Regler muss eine Addition aller Ger\u00e4te-Nenndurchfl\u00fcsse erfolgen. Daher wird ausdr\u00fccklich der Anschluss vom Fachmann empfohlen.<br \/>0,8 kg\/h, Leistungsstufe 1.<\/p>\n","protected":false},"excerpt":{"rendered":"<p>F\u00fcr Fahrzeuge mit wenig Platz im Gaskasten (z.B. VW Westfalia bis 2005) zum direkten Anschluss von Gasflaschen bei Reisemobilen und Caravans, Gasdruck 30 mbar (wenn nicht anders angegeben). F\u00fcr den Einsatz bei Temperaturen unter ca. 4\u00b0C empfehlen wir den Einsatz des TRUMA EisEx 12 V (Seite ). Achtung: F\u00fcr die richtige Auswahl der Regler muss [&hellip;]<\/p>\n","protected":false},"featured_media":66514,"template":"","meta":{"_acf_changed":false},"product_featured_cat":[],"product_brand":[3255],"product_cat":[4492],"product_tag":[],"class_list":{"0":"post-66516","1":"product","2":"type-product","3":"status-publish","4":"has-post-thumbnail","6":"product_brand-gok-de","7":"product_cat-gasdruckregler","9":"first","10":"instock","11":"taxable","12":"shipping-taxable","13":"purchasable","14":"product-type-simple"},"acf":[],"yoast_head":"<!-- This site is optimized with the Yoast SEO plugin v27.5 - https:\/\/yoast.com\/product\/yoast-seo-wordpress\/ -->\n<title>Niederdruckregler GOK Typ EN61 0,8 kg\/h Leistungsstufe 1 - Bantam<\/title>\n<meta name=\"robots\" content=\"index, follow, max-snippet:-1, max-image-preview:large, max-video-preview:-1\" \/>\n<link rel=\"canonical\" href=\"https:\/\/shop.bantam.ch\/de\/produkt\/niederdruckregler-typ-en61-08-kg-h-leistungsstufe-1\/\" \/>\n<meta property=\"og:locale\" content=\"de_DE\" \/>\n<meta property=\"og:type\" content=\"article\" \/>\n<meta property=\"og:title\" content=\"Niederdruckregler GOK Typ EN61 0,8 kg\/h Leistungsstufe 1 - Bantam\" \/>\n<meta property=\"og:description\" content=\"F\u00fcr Fahrzeuge mit wenig Platz im Gaskasten (z.B. VW Westfalia bis 2005) zum direkten Anschluss von Gasflaschen bei Reisemobilen und Caravans, Gasdruck 30 mbar (wenn nicht anders angegeben). F\u00fcr den Einsatz bei Temperaturen unter ca. 4\u00b0C empfehlen wir den Einsatz des TRUMA EisEx 12 V (Seite ). Achtung: F\u00fcr die richtige Auswahl der Regler muss [&hellip;]\" \/>\n<meta property=\"og:url\" content=\"https:\/\/shop.bantam.ch\/de\/produkt\/niederdruckregler-typ-en61-08-kg-h-leistungsstufe-1\/\" \/>\n<meta property=\"og:site_name\" content=\"Bantam\" \/>\n<meta property=\"article:modified_time\" content=\"2026-05-11T19:11:36+00:00\" \/>\n<meta property=\"og:image\" content=\"https:\/\/shop.bantam.ch\/wp-content\/uploads\/2023\/02\/9952373-100-1-3.jpg\" \/>\n\t<meta property=\"og:image:width\" content=\"1000\" \/>\n\t<meta property=\"og:image:height\" content=\"528\" \/>\n\t<meta property=\"og:image:type\" content=\"image\/jpeg\" \/>\n<meta name=\"twitter:card\" content=\"summary_large_image\" \/>\n<script type=\"application\/ld+json\" class=\"yoast-schema-graph\">{\"@context\":\"https:\\\/\\\/schema.org\",\"@graph\":[{\"@type\":\"WebPage\",\"@id\":\"https:\\\/\\\/shop.bantam.ch\\\/de\\\/produkt\\\/niederdruckregler-typ-en61-08-kg-h-leistungsstufe-1\\\/\",\"url\":\"https:\\\/\\\/shop.bantam.ch\\\/de\\\/produkt\\\/niederdruckregler-typ-en61-08-kg-h-leistungsstufe-1\\\/\",\"name\":\"Niederdruckregler GOK Typ EN61 0,8 kg\\\/h Leistungsstufe 1 - Bantam\",\"isPartOf\":{\"@id\":\"https:\\\/\\\/shop.bantam.ch\\\/de\\\/#website\"},\"primaryImageOfPage\":{\"@id\":\"https:\\\/\\\/shop.bantam.ch\\\/de\\\/produkt\\\/niederdruckregler-typ-en61-08-kg-h-leistungsstufe-1\\\/#primaryimage\"},\"image\":{\"@id\":\"https:\\\/\\\/shop.bantam.ch\\\/de\\\/produkt\\\/niederdruckregler-typ-en61-08-kg-h-leistungsstufe-1\\\/#primaryimage\"},\"thumbnailUrl\":\"https:\\\/\\\/shop.bantam.ch\\\/wp-content\\\/uploads\\\/2023\\\/02\\\/9952373-100-1-3.jpg\",\"datePublished\":\"2023-02-27T18:41:58+00:00\",\"dateModified\":\"2026-05-11T19:11:36+00:00\",\"breadcrumb\":{\"@id\":\"https:\\\/\\\/shop.bantam.ch\\\/de\\\/produkt\\\/niederdruckregler-typ-en61-08-kg-h-leistungsstufe-1\\\/#breadcrumb\"},\"inLanguage\":\"de\",\"potentialAction\":[{\"@type\":\"ReadAction\",\"target\":[\"https:\\\/\\\/shop.bantam.ch\\\/de\\\/produkt\\\/niederdruckregler-typ-en61-08-kg-h-leistungsstufe-1\\\/\"]}]},{\"@type\":\"ImageObject\",\"inLanguage\":\"de\",\"@id\":\"https:\\\/\\\/shop.bantam.ch\\\/de\\\/produkt\\\/niederdruckregler-typ-en61-08-kg-h-leistungsstufe-1\\\/#primaryimage\",\"url\":\"https:\\\/\\\/shop.bantam.ch\\\/wp-content\\\/uploads\\\/2023\\\/02\\\/9952373-100-1-3.jpg\",\"contentUrl\":\"https:\\\/\\\/shop.bantam.ch\\\/wp-content\\\/uploads\\\/2023\\\/02\\\/9952373-100-1-3.jpg\",\"width\":1000,\"height\":528},{\"@type\":\"BreadcrumbList\",\"@id\":\"https:\\\/\\\/shop.bantam.ch\\\/de\\\/produkt\\\/niederdruckregler-typ-en61-08-kg-h-leistungsstufe-1\\\/#breadcrumb\",\"itemListElement\":[{\"@type\":\"ListItem\",\"position\":1,\"name\":\"Accueil\",\"item\":\"https:\\\/\\\/shop.bantam.ch\\\/de\\\/\"},{\"@type\":\"ListItem\",\"position\":2,\"name\":\"Shop\",\"item\":\"https:\\\/\\\/shop.bantam.ch\\\/de\\\/shop\\\/\"},{\"@type\":\"ListItem\",\"position\":3,\"name\":\"Niederdruckregler GOK Typ EN61 0,8 kg\\\/h Leistungsstufe 1\"}]},{\"@type\":\"WebSite\",\"@id\":\"https:\\\/\\\/shop.bantam.ch\\\/de\\\/#website\",\"url\":\"https:\\\/\\\/shop.bantam.ch\\\/de\\\/\",\"name\":\"Bantam\",\"description\":\"\",\"publisher\":{\"@id\":\"https:\\\/\\\/shop.bantam.ch\\\/de\\\/#organization\"},\"inLanguage\":\"de\"},{\"@type\":\"Organization\",\"@id\":\"https:\\\/\\\/shop.bantam.ch\\\/de\\\/#organization\",\"name\":\"Bantam\",\"url\":\"https:\\\/\\\/shop.bantam.ch\\\/de\\\/\",\"logo\":{\"@type\":\"ImageObject\",\"inLanguage\":\"de\",\"@id\":\"https:\\\/\\\/shop.bantam.ch\\\/de\\\/#\\\/schema\\\/logo\\\/image\\\/\",\"url\":\"https:\\\/\\\/shop.bantam.ch\\\/wp-content\\\/uploads\\\/2022\\\/12\\\/bantam-logo.png\",\"contentUrl\":\"https:\\\/\\\/shop.bantam.ch\\\/wp-content\\\/uploads\\\/2022\\\/12\\\/bantam-logo.png\",\"width\":320,\"height\":71,\"caption\":\"Bantam\"},\"image\":{\"@id\":\"https:\\\/\\\/shop.bantam.ch\\\/de\\\/#\\\/schema\\\/logo\\\/image\\\/\"}}]}<\/script>\n<!-- \/ Yoast SEO plugin. -->","yoast_head_json":{"title":"Niederdruckregler GOK Typ EN61 0,8 kg\/h Leistungsstufe 1 - Bantam","robots":{"index":"index","follow":"follow","max-snippet":"max-snippet:-1","max-image-preview":"max-image-preview:large","max-video-preview":"max-video-preview:-1"},"canonical":"https:\/\/shop.bantam.ch\/de\/produkt\/niederdruckregler-typ-en61-08-kg-h-leistungsstufe-1\/","og_locale":"de_DE","og_type":"article","og_title":"Niederdruckregler GOK Typ EN61 0,8 kg\/h Leistungsstufe 1 - Bantam","og_description":"F\u00fcr Fahrzeuge mit wenig Platz im Gaskasten (z.B. VW Westfalia bis 2005) zum direkten Anschluss von Gasflaschen bei Reisemobilen und Caravans, Gasdruck 30 mbar (wenn nicht anders angegeben). F\u00fcr den Einsatz bei Temperaturen unter ca. 4\u00b0C empfehlen wir den Einsatz des TRUMA EisEx 12 V (Seite ). Achtung: F\u00fcr die richtige Auswahl der Regler muss [&hellip;]","og_url":"https:\/\/shop.bantam.ch\/de\/produkt\/niederdruckregler-typ-en61-08-kg-h-leistungsstufe-1\/","og_site_name":"Bantam","article_modified_time":"2026-05-11T19:11:36+00:00","og_image":[{"width":1000,"height":528,"url":"https:\/\/shop.bantam.ch\/wp-content\/uploads\/2023\/02\/9952373-100-1-3.jpg","type":"image\/jpeg"}],"twitter_card":"summary_large_image","schema":{"@context":"https:\/\/schema.org","@graph":[{"@type":"WebPage","@id":"https:\/\/shop.bantam.ch\/de\/produkt\/niederdruckregler-typ-en61-08-kg-h-leistungsstufe-1\/","url":"https:\/\/shop.bantam.ch\/de\/produkt\/niederdruckregler-typ-en61-08-kg-h-leistungsstufe-1\/","name":"Niederdruckregler GOK Typ EN61 0,8 kg\/h Leistungsstufe 1 - Bantam","isPartOf":{"@id":"https:\/\/shop.bantam.ch\/de\/#website"},"primaryImageOfPage":{"@id":"https:\/\/shop.bantam.ch\/de\/produkt\/niederdruckregler-typ-en61-08-kg-h-leistungsstufe-1\/#primaryimage"},"image":{"@id":"https:\/\/shop.bantam.ch\/de\/produkt\/niederdruckregler-typ-en61-08-kg-h-leistungsstufe-1\/#primaryimage"},"thumbnailUrl":"https:\/\/shop.bantam.ch\/wp-content\/uploads\/2023\/02\/9952373-100-1-3.jpg","datePublished":"2023-02-27T18:41:58+00:00","dateModified":"2026-05-11T19:11:36+00:00","breadcrumb":{"@id":"https:\/\/shop.bantam.ch\/de\/produkt\/niederdruckregler-typ-en61-08-kg-h-leistungsstufe-1\/#breadcrumb"},"inLanguage":"de","potentialAction":[{"@type":"ReadAction","target":["https:\/\/shop.bantam.ch\/de\/produkt\/niederdruckregler-typ-en61-08-kg-h-leistungsstufe-1\/"]}]},{"@type":"ImageObject","inLanguage":"de","@id":"https:\/\/shop.bantam.ch\/de\/produkt\/niederdruckregler-typ-en61-08-kg-h-leistungsstufe-1\/#primaryimage","url":"https:\/\/shop.bantam.ch\/wp-content\/uploads\/2023\/02\/9952373-100-1-3.jpg","contentUrl":"https:\/\/shop.bantam.ch\/wp-content\/uploads\/2023\/02\/9952373-100-1-3.jpg","width":1000,"height":528},{"@type":"BreadcrumbList","@id":"https:\/\/shop.bantam.ch\/de\/produkt\/niederdruckregler-typ-en61-08-kg-h-leistungsstufe-1\/#breadcrumb","itemListElement":[{"@type":"ListItem","position":1,"name":"Accueil","item":"https:\/\/shop.bantam.ch\/de\/"},{"@type":"ListItem","position":2,"name":"Shop","item":"https:\/\/shop.bantam.ch\/de\/shop\/"},{"@type":"ListItem","position":3,"name":"Niederdruckregler GOK Typ EN61 0,8 kg\/h Leistungsstufe 1"}]},{"@type":"WebSite","@id":"https:\/\/shop.bantam.ch\/de\/#website","url":"https:\/\/shop.bantam.ch\/de\/","name":"Bantam","description":"","publisher":{"@id":"https:\/\/shop.bantam.ch\/de\/#organization"},"inLanguage":"de"},{"@type":"Organization","@id":"https:\/\/shop.bantam.ch\/de\/#organization","name":"Bantam","url":"https:\/\/shop.bantam.ch\/de\/","logo":{"@type":"ImageObject","inLanguage":"de","@id":"https:\/\/shop.bantam.ch\/de\/#\/schema\/logo\/image\/","url":"https:\/\/shop.bantam.ch\/wp-content\/uploads\/2022\/12\/bantam-logo.png","contentUrl":"https:\/\/shop.bantam.ch\/wp-content\/uploads\/2022\/12\/bantam-logo.png","width":320,"height":71,"caption":"Bantam"},"image":{"@id":"https:\/\/shop.bantam.ch\/de\/#\/schema\/logo\/image\/"}}]}},"_links":{"self":[{"href":"https:\/\/shop.bantam.ch\/de\/wp-json\/wp\/v2\/product\/66516","targetHints":{"allow":["GET"]}}],"collection":[{"href":"https:\/\/shop.bantam.ch\/de\/wp-json\/wp\/v2\/product"}],"about":[{"href":"https:\/\/shop.bantam.ch\/de\/wp-json\/wp\/v2\/types\/product"}],"wp:featuredmedia":[{"embeddable":true,"href":"https:\/\/shop.bantam.ch\/de\/wp-json\/wp\/v2\/media\/66514"}],"wp:attachment":[{"href":"https:\/\/shop.bantam.ch\/de\/wp-json\/wp\/v2\/media?parent=66516"}],"wp:term":[{"taxonomy":"product_featured_cat","embeddable":true,"href":"https:\/\/shop.bantam.ch\/de\/wp-json\/wp\/v2\/product_featured_cat?post=66516"},{"taxonomy":"product_brand","embeddable":true,"href":"https:\/\/shop.bantam.ch\/de\/wp-json\/wp\/v2\/product_brand?post=66516"},{"taxonomy":"product_cat","embeddable":true,"href":"https:\/\/shop.bantam.ch\/de\/wp-json\/wp\/v2\/product_cat?post=66516"},{"taxonomy":"product_tag","embeddable":true,"href":"https:\/\/shop.bantam.ch\/de\/wp-json\/wp\/v2\/product_tag?post=66516"}],"curies":[{"name":"wp","href":"https:\/\/api.w.org\/{rel}","templated":true}]}}