{"id":66508,"date":"2023-02-27T19:41:47","date_gmt":"2023-02-27T18:41:47","guid":{"rendered":"http:\/\/shop.bantam.ch\/produit\/niederdruckregler-typ-en61-08-kg-h-abgang-90-leistungsstufe-1\/"},"modified":"2026-04-23T21:11:19","modified_gmt":"2026-04-23T19:11:19","slug":"niederdruckregler-typ-en61-08-kg-h-abgang-90-leistungsstufe-1","status":"publish","type":"product","link":"https:\/\/shop.bantam.ch\/de\/produkt\/niederdruckregler-typ-en61-08-kg-h-abgang-90-leistungsstufe-1\/","title":{"rendered":"Niederdruckregler GOK Typ EN61 0,8 kg\/h Abgang 90\u00b0 Leistungsstufe 1"},"content":{"rendered":"<p>F\u00fcr Reisemobile und Caravans mit verl\u00e4ngertem Eingangsstutzen, sowie Abgang 90\u00b0- ideal f\u00fcr VW Busse z.B. mit Westfalia Ausbau. (0,8kg\/h). Anschluss KLF x G1\/4 LH-KN zum direkten Anschluss von Gasflaschen bei Reisemobilen und Caravans, Gasdruck 30 mbar (wenn nicht anders angegeben). F\u00fcr den Einsatz bei Temperaturen unter ca. 4\u00b0C empfehlen wir den Einsatz des TRUMA EisEx 12 V (Seite &lt;!&#8211;?&#8211;&gt;). Achtung: F\u00fcr die richtige Auswahl der Regler muss eine Addition aller Ger\u00e4te-Nenndurchfl\u00fcsse erfolgen. Daher wird ausdr\u00fccklich der Anschluss vom Fachmann empfohlen.<br \/>0,8 kg\/h, Leistungsstufe 1.<\/p>\n<\/p>\n<ul>\n<li>F\u00fcr deutsche Gasflaschen<\/li>\n<\/ul>\n","protected":false},"excerpt":{"rendered":"<p>F\u00fcr Reisemobile und Caravans mit verl\u00e4ngertem Eingangsstutzen, sowie Abgang 90\u00b0- ideal f\u00fcr VW Busse z.B. mit Westfalia Ausbau. (0,8kg\/h). Anschluss KLF x G1\/4 LH-KN zum direkten Anschluss von Gasflaschen bei Reisemobilen und Caravans, Gasdruck 30 mbar (wenn nicht anders angegeben). F\u00fcr den Einsatz bei Temperaturen unter ca. 4\u00b0C empfehlen wir den Einsatz des TRUMA EisEx [&hellip;]<\/p>\n","protected":false},"featured_media":66506,"template":"","meta":{"_acf_changed":false},"product_featured_cat":[5301,5302],"product_brand":[3255],"product_cat":[4492],"product_tag":[],"class_list":{"0":"post-66508","1":"product","2":"type-product","3":"status-publish","4":"has-post-thumbnail","6":"product_featured_cat-promotions-etagnieres-fr","7":"product_featured_cat-sonderangebote-hindelbank-urdorf","8":"product_brand-gok-de","9":"product_cat-gasdruckregler","11":"first","12":"instock","13":"sale","14":"taxable","15":"shipping-taxable","16":"purchasable","17":"product-type-simple"},"acf":[],"yoast_head":"<!-- This site is optimized with the Yoast SEO plugin v27.4 - https:\/\/yoast.com\/product\/yoast-seo-wordpress\/ -->\n<title>Niederdruckregler GOK Typ EN61 0,8 kg\/h Abgang 90\u00b0 Leistungsstufe 1 - Bantam Camping AG<\/title>\n<meta name=\"robots\" content=\"index, follow, max-snippet:-1, max-image-preview:large, max-video-preview:-1\" \/>\n<link rel=\"canonical\" href=\"https:\/\/shop.bantam.ch\/de\/produkt\/niederdruckregler-typ-en61-08-kg-h-abgang-90-leistungsstufe-1\/\" \/>\n<meta property=\"og:locale\" content=\"de_DE\" \/>\n<meta property=\"og:type\" content=\"article\" \/>\n<meta property=\"og:title\" content=\"Niederdruckregler GOK Typ EN61 0,8 kg\/h Abgang 90\u00b0 Leistungsstufe 1 - Bantam Camping AG\" \/>\n<meta property=\"og:description\" content=\"F\u00fcr Reisemobile und Caravans mit verl\u00e4ngertem Eingangsstutzen, sowie Abgang 90\u00b0- ideal f\u00fcr VW Busse z.B. mit Westfalia Ausbau. (0,8kg\/h). Anschluss KLF x G1\/4 LH-KN zum direkten Anschluss von Gasflaschen bei Reisemobilen und Caravans, Gasdruck 30 mbar (wenn nicht anders angegeben). F\u00fcr den Einsatz bei Temperaturen unter ca. 4\u00b0C empfehlen wir den Einsatz des TRUMA EisEx [&hellip;]\" \/>\n<meta property=\"og:url\" content=\"https:\/\/shop.bantam.ch\/de\/produkt\/niederdruckregler-typ-en61-08-kg-h-abgang-90-leistungsstufe-1\/\" \/>\n<meta property=\"og:site_name\" content=\"Bantam Camping AG\" \/>\n<meta property=\"article:modified_time\" content=\"2026-04-23T19:11:19+00:00\" \/>\n<meta property=\"og:image\" content=\"https:\/\/shop.bantam.ch\/wp-content\/uploads\/2023\/02\/9952374-100-1-3.jpg\" \/>\n\t<meta property=\"og:image:width\" content=\"1000\" \/>\n\t<meta property=\"og:image:height\" content=\"705\" \/>\n\t<meta property=\"og:image:type\" content=\"image\/jpeg\" \/>\n<meta name=\"twitter:card\" content=\"summary_large_image\" \/>\n<script type=\"application\/ld+json\" class=\"yoast-schema-graph\">{\"@context\":\"https:\\\/\\\/schema.org\",\"@graph\":[{\"@type\":\"WebPage\",\"@id\":\"https:\\\/\\\/shop.bantam.ch\\\/de\\\/produkt\\\/niederdruckregler-typ-en61-08-kg-h-abgang-90-leistungsstufe-1\\\/\",\"url\":\"https:\\\/\\\/shop.bantam.ch\\\/de\\\/produkt\\\/niederdruckregler-typ-en61-08-kg-h-abgang-90-leistungsstufe-1\\\/\",\"name\":\"Niederdruckregler GOK Typ EN61 0,8 kg\\\/h Abgang 90\u00b0 Leistungsstufe 1 - Bantam Camping AG\",\"isPartOf\":{\"@id\":\"https:\\\/\\\/shop.bantam.ch\\\/de\\\/#website\"},\"primaryImageOfPage\":{\"@id\":\"https:\\\/\\\/shop.bantam.ch\\\/de\\\/produkt\\\/niederdruckregler-typ-en61-08-kg-h-abgang-90-leistungsstufe-1\\\/#primaryimage\"},\"image\":{\"@id\":\"https:\\\/\\\/shop.bantam.ch\\\/de\\\/produkt\\\/niederdruckregler-typ-en61-08-kg-h-abgang-90-leistungsstufe-1\\\/#primaryimage\"},\"thumbnailUrl\":\"https:\\\/\\\/shop.bantam.ch\\\/wp-content\\\/uploads\\\/2023\\\/02\\\/9952374-100-1-3.jpg\",\"datePublished\":\"2023-02-27T18:41:47+00:00\",\"dateModified\":\"2026-04-23T19:11:19+00:00\",\"breadcrumb\":{\"@id\":\"https:\\\/\\\/shop.bantam.ch\\\/de\\\/produkt\\\/niederdruckregler-typ-en61-08-kg-h-abgang-90-leistungsstufe-1\\\/#breadcrumb\"},\"inLanguage\":\"de\",\"potentialAction\":[{\"@type\":\"ReadAction\",\"target\":[\"https:\\\/\\\/shop.bantam.ch\\\/de\\\/produkt\\\/niederdruckregler-typ-en61-08-kg-h-abgang-90-leistungsstufe-1\\\/\"]}]},{\"@type\":\"ImageObject\",\"inLanguage\":\"de\",\"@id\":\"https:\\\/\\\/shop.bantam.ch\\\/de\\\/produkt\\\/niederdruckregler-typ-en61-08-kg-h-abgang-90-leistungsstufe-1\\\/#primaryimage\",\"url\":\"https:\\\/\\\/shop.bantam.ch\\\/wp-content\\\/uploads\\\/2023\\\/02\\\/9952374-100-1-3.jpg\",\"contentUrl\":\"https:\\\/\\\/shop.bantam.ch\\\/wp-content\\\/uploads\\\/2023\\\/02\\\/9952374-100-1-3.jpg\",\"width\":1000,\"height\":705},{\"@type\":\"BreadcrumbList\",\"@id\":\"https:\\\/\\\/shop.bantam.ch\\\/de\\\/produkt\\\/niederdruckregler-typ-en61-08-kg-h-abgang-90-leistungsstufe-1\\\/#breadcrumb\",\"itemListElement\":[{\"@type\":\"ListItem\",\"position\":1,\"name\":\"Accueil\",\"item\":\"https:\\\/\\\/shop.bantam.ch\\\/de\\\/\"},{\"@type\":\"ListItem\",\"position\":2,\"name\":\"Shop\",\"item\":\"https:\\\/\\\/shop.bantam.ch\\\/de\\\/shop\\\/\"},{\"@type\":\"ListItem\",\"position\":3,\"name\":\"Niederdruckregler GOK Typ EN61 0,8 kg\\\/h Abgang 90\u00b0 Leistungsstufe 1\"}]},{\"@type\":\"WebSite\",\"@id\":\"https:\\\/\\\/shop.bantam.ch\\\/de\\\/#website\",\"url\":\"https:\\\/\\\/shop.bantam.ch\\\/de\\\/\",\"name\":\"Bantam Camping AG\",\"description\":\"\",\"publisher\":{\"@id\":\"https:\\\/\\\/shop.bantam.ch\\\/de\\\/#organization\"},\"inLanguage\":\"de\"},{\"@type\":\"Organization\",\"@id\":\"https:\\\/\\\/shop.bantam.ch\\\/de\\\/#organization\",\"name\":\"Bantam Camping AG\",\"url\":\"https:\\\/\\\/shop.bantam.ch\\\/de\\\/\",\"logo\":{\"@type\":\"ImageObject\",\"inLanguage\":\"de\",\"@id\":\"https:\\\/\\\/shop.bantam.ch\\\/de\\\/#\\\/schema\\\/logo\\\/image\\\/\",\"url\":\"https:\\\/\\\/shop.bantam.ch\\\/wp-content\\\/uploads\\\/2022\\\/12\\\/bantam-logo.png\",\"contentUrl\":\"https:\\\/\\\/shop.bantam.ch\\\/wp-content\\\/uploads\\\/2022\\\/12\\\/bantam-logo.png\",\"width\":320,\"height\":71,\"caption\":\"Bantam Camping AG\"},\"image\":{\"@id\":\"https:\\\/\\\/shop.bantam.ch\\\/de\\\/#\\\/schema\\\/logo\\\/image\\\/\"}}]}<\/script>\n<!-- \/ Yoast SEO plugin. -->","yoast_head_json":{"title":"Niederdruckregler GOK Typ EN61 0,8 kg\/h Abgang 90\u00b0 Leistungsstufe 1 - Bantam Camping AG","robots":{"index":"index","follow":"follow","max-snippet":"max-snippet:-1","max-image-preview":"max-image-preview:large","max-video-preview":"max-video-preview:-1"},"canonical":"https:\/\/shop.bantam.ch\/de\/produkt\/niederdruckregler-typ-en61-08-kg-h-abgang-90-leistungsstufe-1\/","og_locale":"de_DE","og_type":"article","og_title":"Niederdruckregler GOK Typ EN61 0,8 kg\/h Abgang 90\u00b0 Leistungsstufe 1 - Bantam Camping AG","og_description":"F\u00fcr Reisemobile und Caravans mit verl\u00e4ngertem Eingangsstutzen, sowie Abgang 90\u00b0- ideal f\u00fcr VW Busse z.B. mit Westfalia Ausbau. (0,8kg\/h). Anschluss KLF x G1\/4 LH-KN zum direkten Anschluss von Gasflaschen bei Reisemobilen und Caravans, Gasdruck 30 mbar (wenn nicht anders angegeben). F\u00fcr den Einsatz bei Temperaturen unter ca. 4\u00b0C empfehlen wir den Einsatz des TRUMA EisEx [&hellip;]","og_url":"https:\/\/shop.bantam.ch\/de\/produkt\/niederdruckregler-typ-en61-08-kg-h-abgang-90-leistungsstufe-1\/","og_site_name":"Bantam Camping AG","article_modified_time":"2026-04-23T19:11:19+00:00","og_image":[{"width":1000,"height":705,"url":"https:\/\/shop.bantam.ch\/wp-content\/uploads\/2023\/02\/9952374-100-1-3.jpg","type":"image\/jpeg"}],"twitter_card":"summary_large_image","schema":{"@context":"https:\/\/schema.org","@graph":[{"@type":"WebPage","@id":"https:\/\/shop.bantam.ch\/de\/produkt\/niederdruckregler-typ-en61-08-kg-h-abgang-90-leistungsstufe-1\/","url":"https:\/\/shop.bantam.ch\/de\/produkt\/niederdruckregler-typ-en61-08-kg-h-abgang-90-leistungsstufe-1\/","name":"Niederdruckregler GOK Typ EN61 0,8 kg\/h Abgang 90\u00b0 Leistungsstufe 1 - Bantam Camping AG","isPartOf":{"@id":"https:\/\/shop.bantam.ch\/de\/#website"},"primaryImageOfPage":{"@id":"https:\/\/shop.bantam.ch\/de\/produkt\/niederdruckregler-typ-en61-08-kg-h-abgang-90-leistungsstufe-1\/#primaryimage"},"image":{"@id":"https:\/\/shop.bantam.ch\/de\/produkt\/niederdruckregler-typ-en61-08-kg-h-abgang-90-leistungsstufe-1\/#primaryimage"},"thumbnailUrl":"https:\/\/shop.bantam.ch\/wp-content\/uploads\/2023\/02\/9952374-100-1-3.jpg","datePublished":"2023-02-27T18:41:47+00:00","dateModified":"2026-04-23T19:11:19+00:00","breadcrumb":{"@id":"https:\/\/shop.bantam.ch\/de\/produkt\/niederdruckregler-typ-en61-08-kg-h-abgang-90-leistungsstufe-1\/#breadcrumb"},"inLanguage":"de","potentialAction":[{"@type":"ReadAction","target":["https:\/\/shop.bantam.ch\/de\/produkt\/niederdruckregler-typ-en61-08-kg-h-abgang-90-leistungsstufe-1\/"]}]},{"@type":"ImageObject","inLanguage":"de","@id":"https:\/\/shop.bantam.ch\/de\/produkt\/niederdruckregler-typ-en61-08-kg-h-abgang-90-leistungsstufe-1\/#primaryimage","url":"https:\/\/shop.bantam.ch\/wp-content\/uploads\/2023\/02\/9952374-100-1-3.jpg","contentUrl":"https:\/\/shop.bantam.ch\/wp-content\/uploads\/2023\/02\/9952374-100-1-3.jpg","width":1000,"height":705},{"@type":"BreadcrumbList","@id":"https:\/\/shop.bantam.ch\/de\/produkt\/niederdruckregler-typ-en61-08-kg-h-abgang-90-leistungsstufe-1\/#breadcrumb","itemListElement":[{"@type":"ListItem","position":1,"name":"Accueil","item":"https:\/\/shop.bantam.ch\/de\/"},{"@type":"ListItem","position":2,"name":"Shop","item":"https:\/\/shop.bantam.ch\/de\/shop\/"},{"@type":"ListItem","position":3,"name":"Niederdruckregler GOK Typ EN61 0,8 kg\/h Abgang 90\u00b0 Leistungsstufe 1"}]},{"@type":"WebSite","@id":"https:\/\/shop.bantam.ch\/de\/#website","url":"https:\/\/shop.bantam.ch\/de\/","name":"Bantam Camping AG","description":"","publisher":{"@id":"https:\/\/shop.bantam.ch\/de\/#organization"},"inLanguage":"de"},{"@type":"Organization","@id":"https:\/\/shop.bantam.ch\/de\/#organization","name":"Bantam Camping AG","url":"https:\/\/shop.bantam.ch\/de\/","logo":{"@type":"ImageObject","inLanguage":"de","@id":"https:\/\/shop.bantam.ch\/de\/#\/schema\/logo\/image\/","url":"https:\/\/shop.bantam.ch\/wp-content\/uploads\/2022\/12\/bantam-logo.png","contentUrl":"https:\/\/shop.bantam.ch\/wp-content\/uploads\/2022\/12\/bantam-logo.png","width":320,"height":71,"caption":"Bantam Camping AG"},"image":{"@id":"https:\/\/shop.bantam.ch\/de\/#\/schema\/logo\/image\/"}}]}},"_links":{"self":[{"href":"https:\/\/shop.bantam.ch\/de\/wp-json\/wp\/v2\/product\/66508","targetHints":{"allow":["GET"]}}],"collection":[{"href":"https:\/\/shop.bantam.ch\/de\/wp-json\/wp\/v2\/product"}],"about":[{"href":"https:\/\/shop.bantam.ch\/de\/wp-json\/wp\/v2\/types\/product"}],"wp:featuredmedia":[{"embeddable":true,"href":"https:\/\/shop.bantam.ch\/de\/wp-json\/wp\/v2\/media\/66506"}],"wp:attachment":[{"href":"https:\/\/shop.bantam.ch\/de\/wp-json\/wp\/v2\/media?parent=66508"}],"wp:term":[{"taxonomy":"product_featured_cat","embeddable":true,"href":"https:\/\/shop.bantam.ch\/de\/wp-json\/wp\/v2\/product_featured_cat?post=66508"},{"taxonomy":"product_brand","embeddable":true,"href":"https:\/\/shop.bantam.ch\/de\/wp-json\/wp\/v2\/product_brand?post=66508"},{"taxonomy":"product_cat","embeddable":true,"href":"https:\/\/shop.bantam.ch\/de\/wp-json\/wp\/v2\/product_cat?post=66508"},{"taxonomy":"product_tag","embeddable":true,"href":"https:\/\/shop.bantam.ch\/de\/wp-json\/wp\/v2\/product_tag?post=66508"}],"curies":[{"name":"wp","href":"https:\/\/api.w.org\/{rel}","templated":true}]}}