{"id":66352,"date":"2023-02-27T19:38:15","date_gmt":"2023-02-27T18:38:15","guid":{"rendered":"http:\/\/shop.bantam.ch\/produit\/dachmarkise-f40-van-270-270-x-225-cm-tuch-royal-grey-gehaeuse-deep-black\/"},"modified":"2026-04-20T21:11:49","modified_gmt":"2026-04-20T19:11:49","slug":"dachmarkise-f40-van-270-270-x-225-cm-tuch-royal-grey-gehaeuse-deep-black","status":"publish","type":"product","link":"https:\/\/shop.bantam.ch\/de\/produkt\/dachmarkise-f40-van-270-270-x-225-cm-tuch-royal-grey-gehaeuse-deep-black\/","title":{"rendered":"Dachmarkise F40 Van 270, 270 x 225 cm, Tuch royal grey, Geh\u00e4use deep black"},"content":{"rendered":"<p>Markise von kompaktem Design, eine ideale Erg\u00e4nzung f\u00fcr Ihr Fahrzeug, welche sich am Van, dank der tiefersitzenden Halterungen, optisch ideal integriert. Optimales Preis-Leistungsverh\u00e4ltnis. Die Markise wird auf dem Dach des Vans angebracht und nimmt, dank den tiefersitzenden Halterungen, wenig Platz ein. Die Markise ist bis ins kleinste Detail bestens verarbeitet. Das Tuch wird von oben her ausgerollt und garantiert so die Spannung und Leistung des Tuches selbst.<\/p>\n<p>Montage:<\/p>\n<p>Nicht geeignet f\u00fcr Fahrzeuge mit Aufstelldach und auch nicht f\u00fcr den Volkswagen California. Sollte das Fahrzeug mit einer C-Schiene ausgestattet sein, muss diese abgenommen und die Halterungen an den werkseitig vorgesehenen Punkten positioniert werden. Die Montagekits\u00a0sind optional erh\u00e4ltlich. Die Montage ist durch Anbringung an den vorgesehenen Punkten und ohne Bohrung noch einfacher.<\/p>\n<p>Technische Eigenschaften:<\/p>\n<ul>\n<li>Verst\u00e4rkte Gelenkarme mit reduziertem Querschnitt, welche gerade herausf\u00e4hrt und die Frontblende dadurch minimal nach oben gestellt werden kann. Dadurch wird so das \u00d6ffnen und Schliessen der Seitent\u00fcr bei ge\u00f6ffneter Markise nicht beeintr\u00e4chtigt<\/li>\n<li>Getriebe links<\/li>\n<li>Flat St\u00fctzf\u00fcsse mit voreingestellter \u00d6ffnung<\/li>\n<\/ul>\n<p>Material:<br \/> Material aus PVC-Tuch<\/p>\n<p>\u00a0<\/p>\n","protected":false},"excerpt":{"rendered":"<p>Markise von kompaktem Design, eine ideale Erg\u00e4nzung f\u00fcr Ihr Fahrzeug, welche sich am Van, dank der tiefersitzenden Halterungen, optisch ideal integriert. Optimales Preis-Leistungsverh\u00e4ltnis. Die Markise wird auf dem Dach des Vans angebracht und nimmt, dank den tiefersitzenden Halterungen, wenig Platz ein. Die Markise ist bis ins kleinste Detail bestens verarbeitet. Das Tuch wird von oben [&hellip;]<\/p>\n","protected":false},"featured_media":66336,"template":"","meta":{"_acf_changed":false},"product_featured_cat":[],"product_brand":[3035],"product_cat":[4214],"product_tag":[],"class_list":{"0":"post-66352","1":"product","2":"type-product","3":"status-publish","4":"has-post-thumbnail","6":"product_brand-fiamma-de","7":"product_cat-markisen-dachseitenwand","9":"first","10":"instock","11":"taxable","12":"shipping-taxable","13":"purchasable","14":"product-type-simple"},"acf":[],"yoast_head":"<!-- This site is optimized with the Yoast SEO plugin v27.4 - https:\/\/yoast.com\/product\/yoast-seo-wordpress\/ -->\n<title>Dachmarkise F40 Van 270, 270 x 225 cm, Tuch royal grey, Geh\u00e4use deep black - Bantam Camping AG<\/title>\n<meta name=\"robots\" content=\"index, follow, max-snippet:-1, max-image-preview:large, max-video-preview:-1\" \/>\n<link rel=\"canonical\" href=\"https:\/\/shop.bantam.ch\/de\/produkt\/dachmarkise-f40-van-270-270-x-225-cm-tuch-royal-grey-gehaeuse-deep-black\/\" \/>\n<meta property=\"og:locale\" content=\"de_DE\" \/>\n<meta property=\"og:type\" content=\"article\" \/>\n<meta property=\"og:title\" content=\"Dachmarkise F40 Van 270, 270 x 225 cm, Tuch royal grey, Geh\u00e4use deep black - Bantam Camping AG\" \/>\n<meta property=\"og:description\" content=\"Markise von kompaktem Design, eine ideale Erg\u00e4nzung f\u00fcr Ihr Fahrzeug, welche sich am Van, dank der tiefersitzenden Halterungen, optisch ideal integriert. Optimales Preis-Leistungsverh\u00e4ltnis. Die Markise wird auf dem Dach des Vans angebracht und nimmt, dank den tiefersitzenden Halterungen, wenig Platz ein. Die Markise ist bis ins kleinste Detail bestens verarbeitet. Das Tuch wird von oben [&hellip;]\" \/>\n<meta property=\"og:url\" content=\"https:\/\/shop.bantam.ch\/de\/produkt\/dachmarkise-f40-van-270-270-x-225-cm-tuch-royal-grey-gehaeuse-deep-black\/\" \/>\n<meta property=\"og:site_name\" content=\"Bantam Camping AG\" \/>\n<meta property=\"article:modified_time\" content=\"2026-04-20T19:11:49+00:00\" \/>\n<meta property=\"og:image\" content=\"https:\/\/shop.bantam.ch\/wp-content\/uploads\/2023\/02\/9940987-100-1-3.jpg\" \/>\n\t<meta property=\"og:image:width\" content=\"1000\" \/>\n\t<meta property=\"og:image:height\" content=\"561\" \/>\n\t<meta property=\"og:image:type\" content=\"image\/jpeg\" \/>\n<meta name=\"twitter:card\" content=\"summary_large_image\" \/>\n<meta name=\"twitter:label1\" content=\"Gesch\u00e4tzte Lesezeit\" \/>\n\t<meta name=\"twitter:data1\" content=\"1\u00a0Minute\" \/>\n<script type=\"application\/ld+json\" class=\"yoast-schema-graph\">{\"@context\":\"https:\\\/\\\/schema.org\",\"@graph\":[{\"@type\":\"WebPage\",\"@id\":\"https:\\\/\\\/shop.bantam.ch\\\/de\\\/produkt\\\/dachmarkise-f40-van-270-270-x-225-cm-tuch-royal-grey-gehaeuse-deep-black\\\/\",\"url\":\"https:\\\/\\\/shop.bantam.ch\\\/de\\\/produkt\\\/dachmarkise-f40-van-270-270-x-225-cm-tuch-royal-grey-gehaeuse-deep-black\\\/\",\"name\":\"Dachmarkise F40 Van 270, 270 x 225 cm, Tuch royal grey, Geh\u00e4use deep black - Bantam Camping AG\",\"isPartOf\":{\"@id\":\"https:\\\/\\\/shop.bantam.ch\\\/de\\\/#website\"},\"primaryImageOfPage\":{\"@id\":\"https:\\\/\\\/shop.bantam.ch\\\/de\\\/produkt\\\/dachmarkise-f40-van-270-270-x-225-cm-tuch-royal-grey-gehaeuse-deep-black\\\/#primaryimage\"},\"image\":{\"@id\":\"https:\\\/\\\/shop.bantam.ch\\\/de\\\/produkt\\\/dachmarkise-f40-van-270-270-x-225-cm-tuch-royal-grey-gehaeuse-deep-black\\\/#primaryimage\"},\"thumbnailUrl\":\"https:\\\/\\\/shop.bantam.ch\\\/wp-content\\\/uploads\\\/2023\\\/02\\\/9940987-100-1-3.jpg\",\"datePublished\":\"2023-02-27T18:38:15+00:00\",\"dateModified\":\"2026-04-20T19:11:49+00:00\",\"breadcrumb\":{\"@id\":\"https:\\\/\\\/shop.bantam.ch\\\/de\\\/produkt\\\/dachmarkise-f40-van-270-270-x-225-cm-tuch-royal-grey-gehaeuse-deep-black\\\/#breadcrumb\"},\"inLanguage\":\"de\",\"potentialAction\":[{\"@type\":\"ReadAction\",\"target\":[\"https:\\\/\\\/shop.bantam.ch\\\/de\\\/produkt\\\/dachmarkise-f40-van-270-270-x-225-cm-tuch-royal-grey-gehaeuse-deep-black\\\/\"]}]},{\"@type\":\"ImageObject\",\"inLanguage\":\"de\",\"@id\":\"https:\\\/\\\/shop.bantam.ch\\\/de\\\/produkt\\\/dachmarkise-f40-van-270-270-x-225-cm-tuch-royal-grey-gehaeuse-deep-black\\\/#primaryimage\",\"url\":\"https:\\\/\\\/shop.bantam.ch\\\/wp-content\\\/uploads\\\/2023\\\/02\\\/9940987-100-1-3.jpg\",\"contentUrl\":\"https:\\\/\\\/shop.bantam.ch\\\/wp-content\\\/uploads\\\/2023\\\/02\\\/9940987-100-1-3.jpg\",\"width\":1000,\"height\":561},{\"@type\":\"BreadcrumbList\",\"@id\":\"https:\\\/\\\/shop.bantam.ch\\\/de\\\/produkt\\\/dachmarkise-f40-van-270-270-x-225-cm-tuch-royal-grey-gehaeuse-deep-black\\\/#breadcrumb\",\"itemListElement\":[{\"@type\":\"ListItem\",\"position\":1,\"name\":\"Accueil\",\"item\":\"https:\\\/\\\/shop.bantam.ch\\\/de\\\/\"},{\"@type\":\"ListItem\",\"position\":2,\"name\":\"Shop\",\"item\":\"https:\\\/\\\/shop.bantam.ch\\\/de\\\/shop\\\/\"},{\"@type\":\"ListItem\",\"position\":3,\"name\":\"Dachmarkise F40 Van 270, 270 x 225 cm, Tuch royal grey, Geh\u00e4use deep black\"}]},{\"@type\":\"WebSite\",\"@id\":\"https:\\\/\\\/shop.bantam.ch\\\/de\\\/#website\",\"url\":\"https:\\\/\\\/shop.bantam.ch\\\/de\\\/\",\"name\":\"Bantam Camping AG\",\"description\":\"\",\"publisher\":{\"@id\":\"https:\\\/\\\/shop.bantam.ch\\\/de\\\/#organization\"},\"inLanguage\":\"de\"},{\"@type\":\"Organization\",\"@id\":\"https:\\\/\\\/shop.bantam.ch\\\/de\\\/#organization\",\"name\":\"Bantam Camping AG\",\"url\":\"https:\\\/\\\/shop.bantam.ch\\\/de\\\/\",\"logo\":{\"@type\":\"ImageObject\",\"inLanguage\":\"de\",\"@id\":\"https:\\\/\\\/shop.bantam.ch\\\/de\\\/#\\\/schema\\\/logo\\\/image\\\/\",\"url\":\"https:\\\/\\\/shop.bantam.ch\\\/wp-content\\\/uploads\\\/2022\\\/12\\\/bantam-logo.png\",\"contentUrl\":\"https:\\\/\\\/shop.bantam.ch\\\/wp-content\\\/uploads\\\/2022\\\/12\\\/bantam-logo.png\",\"width\":320,\"height\":71,\"caption\":\"Bantam Camping AG\"},\"image\":{\"@id\":\"https:\\\/\\\/shop.bantam.ch\\\/de\\\/#\\\/schema\\\/logo\\\/image\\\/\"}}]}<\/script>\n<!-- \/ Yoast SEO plugin. -->","yoast_head_json":{"title":"Dachmarkise F40 Van 270, 270 x 225 cm, Tuch royal grey, Geh\u00e4use deep black - Bantam Camping AG","robots":{"index":"index","follow":"follow","max-snippet":"max-snippet:-1","max-image-preview":"max-image-preview:large","max-video-preview":"max-video-preview:-1"},"canonical":"https:\/\/shop.bantam.ch\/de\/produkt\/dachmarkise-f40-van-270-270-x-225-cm-tuch-royal-grey-gehaeuse-deep-black\/","og_locale":"de_DE","og_type":"article","og_title":"Dachmarkise F40 Van 270, 270 x 225 cm, Tuch royal grey, Geh\u00e4use deep black - Bantam Camping AG","og_description":"Markise von kompaktem Design, eine ideale Erg\u00e4nzung f\u00fcr Ihr Fahrzeug, welche sich am Van, dank der tiefersitzenden Halterungen, optisch ideal integriert. Optimales Preis-Leistungsverh\u00e4ltnis. Die Markise wird auf dem Dach des Vans angebracht und nimmt, dank den tiefersitzenden Halterungen, wenig Platz ein. Die Markise ist bis ins kleinste Detail bestens verarbeitet. Das Tuch wird von oben [&hellip;]","og_url":"https:\/\/shop.bantam.ch\/de\/produkt\/dachmarkise-f40-van-270-270-x-225-cm-tuch-royal-grey-gehaeuse-deep-black\/","og_site_name":"Bantam Camping AG","article_modified_time":"2026-04-20T19:11:49+00:00","og_image":[{"width":1000,"height":561,"url":"https:\/\/shop.bantam.ch\/wp-content\/uploads\/2023\/02\/9940987-100-1-3.jpg","type":"image\/jpeg"}],"twitter_card":"summary_large_image","twitter_misc":{"Gesch\u00e4tzte Lesezeit":"1\u00a0Minute"},"schema":{"@context":"https:\/\/schema.org","@graph":[{"@type":"WebPage","@id":"https:\/\/shop.bantam.ch\/de\/produkt\/dachmarkise-f40-van-270-270-x-225-cm-tuch-royal-grey-gehaeuse-deep-black\/","url":"https:\/\/shop.bantam.ch\/de\/produkt\/dachmarkise-f40-van-270-270-x-225-cm-tuch-royal-grey-gehaeuse-deep-black\/","name":"Dachmarkise F40 Van 270, 270 x 225 cm, Tuch royal grey, Geh\u00e4use deep black - Bantam Camping AG","isPartOf":{"@id":"https:\/\/shop.bantam.ch\/de\/#website"},"primaryImageOfPage":{"@id":"https:\/\/shop.bantam.ch\/de\/produkt\/dachmarkise-f40-van-270-270-x-225-cm-tuch-royal-grey-gehaeuse-deep-black\/#primaryimage"},"image":{"@id":"https:\/\/shop.bantam.ch\/de\/produkt\/dachmarkise-f40-van-270-270-x-225-cm-tuch-royal-grey-gehaeuse-deep-black\/#primaryimage"},"thumbnailUrl":"https:\/\/shop.bantam.ch\/wp-content\/uploads\/2023\/02\/9940987-100-1-3.jpg","datePublished":"2023-02-27T18:38:15+00:00","dateModified":"2026-04-20T19:11:49+00:00","breadcrumb":{"@id":"https:\/\/shop.bantam.ch\/de\/produkt\/dachmarkise-f40-van-270-270-x-225-cm-tuch-royal-grey-gehaeuse-deep-black\/#breadcrumb"},"inLanguage":"de","potentialAction":[{"@type":"ReadAction","target":["https:\/\/shop.bantam.ch\/de\/produkt\/dachmarkise-f40-van-270-270-x-225-cm-tuch-royal-grey-gehaeuse-deep-black\/"]}]},{"@type":"ImageObject","inLanguage":"de","@id":"https:\/\/shop.bantam.ch\/de\/produkt\/dachmarkise-f40-van-270-270-x-225-cm-tuch-royal-grey-gehaeuse-deep-black\/#primaryimage","url":"https:\/\/shop.bantam.ch\/wp-content\/uploads\/2023\/02\/9940987-100-1-3.jpg","contentUrl":"https:\/\/shop.bantam.ch\/wp-content\/uploads\/2023\/02\/9940987-100-1-3.jpg","width":1000,"height":561},{"@type":"BreadcrumbList","@id":"https:\/\/shop.bantam.ch\/de\/produkt\/dachmarkise-f40-van-270-270-x-225-cm-tuch-royal-grey-gehaeuse-deep-black\/#breadcrumb","itemListElement":[{"@type":"ListItem","position":1,"name":"Accueil","item":"https:\/\/shop.bantam.ch\/de\/"},{"@type":"ListItem","position":2,"name":"Shop","item":"https:\/\/shop.bantam.ch\/de\/shop\/"},{"@type":"ListItem","position":3,"name":"Dachmarkise F40 Van 270, 270 x 225 cm, Tuch royal grey, Geh\u00e4use deep black"}]},{"@type":"WebSite","@id":"https:\/\/shop.bantam.ch\/de\/#website","url":"https:\/\/shop.bantam.ch\/de\/","name":"Bantam Camping AG","description":"","publisher":{"@id":"https:\/\/shop.bantam.ch\/de\/#organization"},"inLanguage":"de"},{"@type":"Organization","@id":"https:\/\/shop.bantam.ch\/de\/#organization","name":"Bantam Camping AG","url":"https:\/\/shop.bantam.ch\/de\/","logo":{"@type":"ImageObject","inLanguage":"de","@id":"https:\/\/shop.bantam.ch\/de\/#\/schema\/logo\/image\/","url":"https:\/\/shop.bantam.ch\/wp-content\/uploads\/2022\/12\/bantam-logo.png","contentUrl":"https:\/\/shop.bantam.ch\/wp-content\/uploads\/2022\/12\/bantam-logo.png","width":320,"height":71,"caption":"Bantam Camping AG"},"image":{"@id":"https:\/\/shop.bantam.ch\/de\/#\/schema\/logo\/image\/"}}]}},"_links":{"self":[{"href":"https:\/\/shop.bantam.ch\/de\/wp-json\/wp\/v2\/product\/66352","targetHints":{"allow":["GET"]}}],"collection":[{"href":"https:\/\/shop.bantam.ch\/de\/wp-json\/wp\/v2\/product"}],"about":[{"href":"https:\/\/shop.bantam.ch\/de\/wp-json\/wp\/v2\/types\/product"}],"wp:featuredmedia":[{"embeddable":true,"href":"https:\/\/shop.bantam.ch\/de\/wp-json\/wp\/v2\/media\/66336"}],"wp:attachment":[{"href":"https:\/\/shop.bantam.ch\/de\/wp-json\/wp\/v2\/media?parent=66352"}],"wp:term":[{"taxonomy":"product_featured_cat","embeddable":true,"href":"https:\/\/shop.bantam.ch\/de\/wp-json\/wp\/v2\/product_featured_cat?post=66352"},{"taxonomy":"product_brand","embeddable":true,"href":"https:\/\/shop.bantam.ch\/de\/wp-json\/wp\/v2\/product_brand?post=66352"},{"taxonomy":"product_cat","embeddable":true,"href":"https:\/\/shop.bantam.ch\/de\/wp-json\/wp\/v2\/product_cat?post=66352"},{"taxonomy":"product_tag","embeddable":true,"href":"https:\/\/shop.bantam.ch\/de\/wp-json\/wp\/v2\/product_tag?post=66352"}],"curies":[{"name":"wp","href":"https:\/\/api.w.org\/{rel}","templated":true}]}}