{"id":65580,"date":"2023-02-27T19:22:27","date_gmt":"2023-02-27T18:22:27","guid":{"rendered":"http:\/\/shop.bantam.ch\/produit\/fahrradtraeger-sport-g2-compact\/"},"modified":"2026-04-17T21:11:27","modified_gmt":"2026-04-17T19:11:27","slug":"fahrradtraeger-sport-g2-compact","status":"publish","type":"product","link":"https:\/\/shop.bantam.ch\/de\/produkt\/fahrradtraeger-sport-g2-compact\/","title":{"rendered":"Fahrradtr\u00e4ger Thule Sport G2 Compact 2 R\u00e4der Traglast 35 kg"},"content":{"rendered":"<p>Dieser kompakte Fahrradtr\u00e4ger ist geeignet f\u00fcr Vans mit Doppelheckt\u00fcren und f\u00fcr Fahrzeuge mit gebogenen hinteren Wand dank eines 4-Punkt-Befestigungssystem. Es wird mit Schrauben und Befestigungsplatten durch die T\u00fcr montiert. Der erh\u00f6hte Abstand von 20 cm zwischen den Schienen erm\u00f6glicht eine einfache Last der Fahrr\u00e4der. Die T\u00fcren k\u00f6nnen mit geladenen Fahrr\u00e4der ge\u00f6ffnet werden.<\/p>\n<ul>\n<li>F\u00fcr 2 R\u00e4der<\/li>\n<li>Nicht erweiterbar<\/li>\n<li>Maximales Beladung pro Schiene: 19 kg<\/li>\n<\/ul>\n<p>\u00a0<\/p>\n","protected":false},"excerpt":{"rendered":"<p>Dieser kompakte Fahrradtr\u00e4ger ist geeignet f\u00fcr Vans mit Doppelheckt\u00fcren und f\u00fcr Fahrzeuge mit gebogenen hinteren Wand dank eines 4-Punkt-Befestigungssystem. Es wird mit Schrauben und Befestigungsplatten durch die T\u00fcr montiert. Der erh\u00f6hte Abstand von 20 cm zwischen den Schienen erm\u00f6glicht eine einfache Last der Fahrr\u00e4der. Die T\u00fcren k\u00f6nnen mit geladenen Fahrr\u00e4der ge\u00f6ffnet werden. F\u00fcr 2 R\u00e4der [&hellip;]<\/p>\n","protected":false},"featured_media":65576,"template":"","meta":{"_acf_changed":false},"product_featured_cat":[],"product_brand":[3047],"product_cat":[5138],"product_tag":[],"class_list":{"0":"post-65580","1":"product","2":"type-product","3":"status-publish","4":"has-post-thumbnail","6":"product_brand-thule-de","7":"product_cat-heck-fahrradtraeger","9":"first","10":"instock","11":"taxable","12":"shipping-taxable","13":"purchasable","14":"product-type-simple"},"acf":[],"yoast_head":"<!-- This site is optimized with the Yoast SEO plugin v27.4 - https:\/\/yoast.com\/product\/yoast-seo-wordpress\/ -->\n<title>Fahrradtr\u00e4ger Thule Sport G2 Compact 2 R\u00e4der Traglast 35 kg - Bantam Camping AG<\/title>\n<meta name=\"robots\" content=\"index, follow, max-snippet:-1, max-image-preview:large, max-video-preview:-1\" \/>\n<link rel=\"canonical\" href=\"https:\/\/shop.bantam.ch\/de\/produkt\/fahrradtraeger-sport-g2-compact\/\" \/>\n<meta property=\"og:locale\" content=\"de_DE\" \/>\n<meta property=\"og:type\" content=\"article\" \/>\n<meta property=\"og:title\" content=\"Fahrradtr\u00e4ger Thule Sport G2 Compact 2 R\u00e4der Traglast 35 kg - Bantam Camping AG\" \/>\n<meta property=\"og:description\" content=\"Dieser kompakte Fahrradtr\u00e4ger ist geeignet f\u00fcr Vans mit Doppelheckt\u00fcren und f\u00fcr Fahrzeuge mit gebogenen hinteren Wand dank eines 4-Punkt-Befestigungssystem. Es wird mit Schrauben und Befestigungsplatten durch die T\u00fcr montiert. Der erh\u00f6hte Abstand von 20 cm zwischen den Schienen erm\u00f6glicht eine einfache Last der Fahrr\u00e4der. Die T\u00fcren k\u00f6nnen mit geladenen Fahrr\u00e4der ge\u00f6ffnet werden. F\u00fcr 2 R\u00e4der [&hellip;]\" \/>\n<meta property=\"og:url\" content=\"https:\/\/shop.bantam.ch\/de\/produkt\/fahrradtraeger-sport-g2-compact\/\" \/>\n<meta property=\"og:site_name\" content=\"Bantam Camping AG\" \/>\n<meta property=\"article:modified_time\" content=\"2026-04-17T19:11:27+00:00\" \/>\n<meta property=\"og:image\" content=\"https:\/\/shop.bantam.ch\/wp-content\/uploads\/2023\/02\/9940986-100-1-3.jpg\" \/>\n\t<meta property=\"og:image:width\" content=\"661\" \/>\n\t<meta property=\"og:image:height\" content=\"1000\" \/>\n\t<meta property=\"og:image:type\" content=\"image\/jpeg\" \/>\n<meta name=\"twitter:card\" content=\"summary_large_image\" \/>\n<script type=\"application\/ld+json\" class=\"yoast-schema-graph\">{\"@context\":\"https:\\\/\\\/schema.org\",\"@graph\":[{\"@type\":\"WebPage\",\"@id\":\"https:\\\/\\\/shop.bantam.ch\\\/de\\\/produkt\\\/fahrradtraeger-sport-g2-compact\\\/\",\"url\":\"https:\\\/\\\/shop.bantam.ch\\\/de\\\/produkt\\\/fahrradtraeger-sport-g2-compact\\\/\",\"name\":\"Fahrradtr\u00e4ger Thule Sport G2 Compact 2 R\u00e4der Traglast 35 kg - Bantam Camping AG\",\"isPartOf\":{\"@id\":\"https:\\\/\\\/shop.bantam.ch\\\/de\\\/#website\"},\"primaryImageOfPage\":{\"@id\":\"https:\\\/\\\/shop.bantam.ch\\\/de\\\/produkt\\\/fahrradtraeger-sport-g2-compact\\\/#primaryimage\"},\"image\":{\"@id\":\"https:\\\/\\\/shop.bantam.ch\\\/de\\\/produkt\\\/fahrradtraeger-sport-g2-compact\\\/#primaryimage\"},\"thumbnailUrl\":\"https:\\\/\\\/shop.bantam.ch\\\/wp-content\\\/uploads\\\/2023\\\/02\\\/9940986-100-1-3.jpg\",\"datePublished\":\"2023-02-27T18:22:27+00:00\",\"dateModified\":\"2026-04-17T19:11:27+00:00\",\"breadcrumb\":{\"@id\":\"https:\\\/\\\/shop.bantam.ch\\\/de\\\/produkt\\\/fahrradtraeger-sport-g2-compact\\\/#breadcrumb\"},\"inLanguage\":\"de\",\"potentialAction\":[{\"@type\":\"ReadAction\",\"target\":[\"https:\\\/\\\/shop.bantam.ch\\\/de\\\/produkt\\\/fahrradtraeger-sport-g2-compact\\\/\"]}]},{\"@type\":\"ImageObject\",\"inLanguage\":\"de\",\"@id\":\"https:\\\/\\\/shop.bantam.ch\\\/de\\\/produkt\\\/fahrradtraeger-sport-g2-compact\\\/#primaryimage\",\"url\":\"https:\\\/\\\/shop.bantam.ch\\\/wp-content\\\/uploads\\\/2023\\\/02\\\/9940986-100-1-3.jpg\",\"contentUrl\":\"https:\\\/\\\/shop.bantam.ch\\\/wp-content\\\/uploads\\\/2023\\\/02\\\/9940986-100-1-3.jpg\",\"width\":661,\"height\":1000},{\"@type\":\"BreadcrumbList\",\"@id\":\"https:\\\/\\\/shop.bantam.ch\\\/de\\\/produkt\\\/fahrradtraeger-sport-g2-compact\\\/#breadcrumb\",\"itemListElement\":[{\"@type\":\"ListItem\",\"position\":1,\"name\":\"Accueil\",\"item\":\"https:\\\/\\\/shop.bantam.ch\\\/de\\\/\"},{\"@type\":\"ListItem\",\"position\":2,\"name\":\"Shop\",\"item\":\"https:\\\/\\\/shop.bantam.ch\\\/de\\\/shop\\\/\"},{\"@type\":\"ListItem\",\"position\":3,\"name\":\"Fahrradtr\u00e4ger Thule Sport G2 Compact 2 R\u00e4der Traglast 35 kg\"}]},{\"@type\":\"WebSite\",\"@id\":\"https:\\\/\\\/shop.bantam.ch\\\/de\\\/#website\",\"url\":\"https:\\\/\\\/shop.bantam.ch\\\/de\\\/\",\"name\":\"Bantam Camping AG\",\"description\":\"\",\"publisher\":{\"@id\":\"https:\\\/\\\/shop.bantam.ch\\\/de\\\/#organization\"},\"inLanguage\":\"de\"},{\"@type\":\"Organization\",\"@id\":\"https:\\\/\\\/shop.bantam.ch\\\/de\\\/#organization\",\"name\":\"Bantam Camping AG\",\"url\":\"https:\\\/\\\/shop.bantam.ch\\\/de\\\/\",\"logo\":{\"@type\":\"ImageObject\",\"inLanguage\":\"de\",\"@id\":\"https:\\\/\\\/shop.bantam.ch\\\/de\\\/#\\\/schema\\\/logo\\\/image\\\/\",\"url\":\"https:\\\/\\\/shop.bantam.ch\\\/wp-content\\\/uploads\\\/2022\\\/12\\\/bantam-logo.png\",\"contentUrl\":\"https:\\\/\\\/shop.bantam.ch\\\/wp-content\\\/uploads\\\/2022\\\/12\\\/bantam-logo.png\",\"width\":320,\"height\":71,\"caption\":\"Bantam Camping AG\"},\"image\":{\"@id\":\"https:\\\/\\\/shop.bantam.ch\\\/de\\\/#\\\/schema\\\/logo\\\/image\\\/\"}}]}<\/script>\n<!-- \/ Yoast SEO plugin. -->","yoast_head_json":{"title":"Fahrradtr\u00e4ger Thule Sport G2 Compact 2 R\u00e4der Traglast 35 kg - Bantam Camping AG","robots":{"index":"index","follow":"follow","max-snippet":"max-snippet:-1","max-image-preview":"max-image-preview:large","max-video-preview":"max-video-preview:-1"},"canonical":"https:\/\/shop.bantam.ch\/de\/produkt\/fahrradtraeger-sport-g2-compact\/","og_locale":"de_DE","og_type":"article","og_title":"Fahrradtr\u00e4ger Thule Sport G2 Compact 2 R\u00e4der Traglast 35 kg - Bantam Camping AG","og_description":"Dieser kompakte Fahrradtr\u00e4ger ist geeignet f\u00fcr Vans mit Doppelheckt\u00fcren und f\u00fcr Fahrzeuge mit gebogenen hinteren Wand dank eines 4-Punkt-Befestigungssystem. Es wird mit Schrauben und Befestigungsplatten durch die T\u00fcr montiert. Der erh\u00f6hte Abstand von 20 cm zwischen den Schienen erm\u00f6glicht eine einfache Last der Fahrr\u00e4der. Die T\u00fcren k\u00f6nnen mit geladenen Fahrr\u00e4der ge\u00f6ffnet werden. F\u00fcr 2 R\u00e4der [&hellip;]","og_url":"https:\/\/shop.bantam.ch\/de\/produkt\/fahrradtraeger-sport-g2-compact\/","og_site_name":"Bantam Camping AG","article_modified_time":"2026-04-17T19:11:27+00:00","og_image":[{"width":661,"height":1000,"url":"https:\/\/shop.bantam.ch\/wp-content\/uploads\/2023\/02\/9940986-100-1-3.jpg","type":"image\/jpeg"}],"twitter_card":"summary_large_image","schema":{"@context":"https:\/\/schema.org","@graph":[{"@type":"WebPage","@id":"https:\/\/shop.bantam.ch\/de\/produkt\/fahrradtraeger-sport-g2-compact\/","url":"https:\/\/shop.bantam.ch\/de\/produkt\/fahrradtraeger-sport-g2-compact\/","name":"Fahrradtr\u00e4ger Thule Sport G2 Compact 2 R\u00e4der Traglast 35 kg - Bantam Camping AG","isPartOf":{"@id":"https:\/\/shop.bantam.ch\/de\/#website"},"primaryImageOfPage":{"@id":"https:\/\/shop.bantam.ch\/de\/produkt\/fahrradtraeger-sport-g2-compact\/#primaryimage"},"image":{"@id":"https:\/\/shop.bantam.ch\/de\/produkt\/fahrradtraeger-sport-g2-compact\/#primaryimage"},"thumbnailUrl":"https:\/\/shop.bantam.ch\/wp-content\/uploads\/2023\/02\/9940986-100-1-3.jpg","datePublished":"2023-02-27T18:22:27+00:00","dateModified":"2026-04-17T19:11:27+00:00","breadcrumb":{"@id":"https:\/\/shop.bantam.ch\/de\/produkt\/fahrradtraeger-sport-g2-compact\/#breadcrumb"},"inLanguage":"de","potentialAction":[{"@type":"ReadAction","target":["https:\/\/shop.bantam.ch\/de\/produkt\/fahrradtraeger-sport-g2-compact\/"]}]},{"@type":"ImageObject","inLanguage":"de","@id":"https:\/\/shop.bantam.ch\/de\/produkt\/fahrradtraeger-sport-g2-compact\/#primaryimage","url":"https:\/\/shop.bantam.ch\/wp-content\/uploads\/2023\/02\/9940986-100-1-3.jpg","contentUrl":"https:\/\/shop.bantam.ch\/wp-content\/uploads\/2023\/02\/9940986-100-1-3.jpg","width":661,"height":1000},{"@type":"BreadcrumbList","@id":"https:\/\/shop.bantam.ch\/de\/produkt\/fahrradtraeger-sport-g2-compact\/#breadcrumb","itemListElement":[{"@type":"ListItem","position":1,"name":"Accueil","item":"https:\/\/shop.bantam.ch\/de\/"},{"@type":"ListItem","position":2,"name":"Shop","item":"https:\/\/shop.bantam.ch\/de\/shop\/"},{"@type":"ListItem","position":3,"name":"Fahrradtr\u00e4ger Thule Sport G2 Compact 2 R\u00e4der Traglast 35 kg"}]},{"@type":"WebSite","@id":"https:\/\/shop.bantam.ch\/de\/#website","url":"https:\/\/shop.bantam.ch\/de\/","name":"Bantam Camping AG","description":"","publisher":{"@id":"https:\/\/shop.bantam.ch\/de\/#organization"},"inLanguage":"de"},{"@type":"Organization","@id":"https:\/\/shop.bantam.ch\/de\/#organization","name":"Bantam Camping AG","url":"https:\/\/shop.bantam.ch\/de\/","logo":{"@type":"ImageObject","inLanguage":"de","@id":"https:\/\/shop.bantam.ch\/de\/#\/schema\/logo\/image\/","url":"https:\/\/shop.bantam.ch\/wp-content\/uploads\/2022\/12\/bantam-logo.png","contentUrl":"https:\/\/shop.bantam.ch\/wp-content\/uploads\/2022\/12\/bantam-logo.png","width":320,"height":71,"caption":"Bantam Camping AG"},"image":{"@id":"https:\/\/shop.bantam.ch\/de\/#\/schema\/logo\/image\/"}}]}},"_links":{"self":[{"href":"https:\/\/shop.bantam.ch\/de\/wp-json\/wp\/v2\/product\/65580","targetHints":{"allow":["GET"]}}],"collection":[{"href":"https:\/\/shop.bantam.ch\/de\/wp-json\/wp\/v2\/product"}],"about":[{"href":"https:\/\/shop.bantam.ch\/de\/wp-json\/wp\/v2\/types\/product"}],"wp:featuredmedia":[{"embeddable":true,"href":"https:\/\/shop.bantam.ch\/de\/wp-json\/wp\/v2\/media\/65576"}],"wp:attachment":[{"href":"https:\/\/shop.bantam.ch\/de\/wp-json\/wp\/v2\/media?parent=65580"}],"wp:term":[{"taxonomy":"product_featured_cat","embeddable":true,"href":"https:\/\/shop.bantam.ch\/de\/wp-json\/wp\/v2\/product_featured_cat?post=65580"},{"taxonomy":"product_brand","embeddable":true,"href":"https:\/\/shop.bantam.ch\/de\/wp-json\/wp\/v2\/product_brand?post=65580"},{"taxonomy":"product_cat","embeddable":true,"href":"https:\/\/shop.bantam.ch\/de\/wp-json\/wp\/v2\/product_cat?post=65580"},{"taxonomy":"product_tag","embeddable":true,"href":"https:\/\/shop.bantam.ch\/de\/wp-json\/wp\/v2\/product_tag?post=65580"}],"curies":[{"name":"wp","href":"https:\/\/api.w.org\/{rel}","templated":true}]}}