{"id":64986,"date":"2023-02-27T19:14:35","date_gmt":"2023-02-27T18:14:35","guid":{"rendered":"http:\/\/shop.bantam.ch\/produit\/mobilantenne-automatisch-satlight-track-50-hd-mit-s-s-c-hd\/"},"modified":"2026-04-18T21:11:31","modified_gmt":"2026-04-18T19:11:31","slug":"mobilantenne-automatisch-satlight-track-50-hd-mit-s-s-c-hd","status":"publish","type":"product","link":"https:\/\/shop.bantam.ch\/de\/produkt\/mobilantenne-automatisch-satlight-track-50-hd-mit-s-s-c-hd\/","title":{"rendered":"Satanlage automatisch ALDEN Satlight-Track 50 HD S.S.C. Mobile inkl. S.S.C.-Steuermodul HD"},"content":{"rendered":"<p>Die neue mobile vollautomatische Alden Satlight-Track 50 bietet eine f\u00fcr eine portable Anlage einzigartige Empfangsreichweite. Flexibel wird sie au\u00dferhalb des Fahrzeugs gestellt und mit nur einem Tastendruck auf den gew\u00fcnschten Satelliten ausgerichtet. <br \/>Mit den kompakten Abmessungen und der Tragevorrichtung l\u00e4sst sie sich problemlos verstauen, handhaben und \u00fcber den Tragegriff gleichzeitig als Diebstahlschutz z.B. mit einem Stahlseil oder Kette sichern.<\/p>\n<p>Lieferumfang:<br \/>Inklusive Au\u00dfensteckdose<\/p>\n","protected":false},"excerpt":{"rendered":"<p>Die neue mobile vollautomatische Alden Satlight-Track 50 bietet eine f\u00fcr eine portable Anlage einzigartige Empfangsreichweite. Flexibel wird sie au\u00dferhalb des Fahrzeugs gestellt und mit nur einem Tastendruck auf den gew\u00fcnschten Satelliten ausgerichtet. Mit den kompakten Abmessungen und der Tragevorrichtung l\u00e4sst sie sich problemlos verstauen, handhaben und \u00fcber den Tragegriff gleichzeitig als Diebstahlschutz z.B. mit einem [&hellip;]<\/p>\n","protected":false},"featured_media":64984,"template":"","meta":{"_acf_changed":false},"product_featured_cat":[],"product_brand":[3077],"product_cat":[4524],"product_tag":[],"class_list":{"0":"post-64986","1":"product","2":"type-product","3":"status-publish","4":"has-post-thumbnail","6":"product_brand-alden-de","7":"product_cat-sat-anlagen","9":"first","10":"instock","11":"taxable","12":"shipping-taxable","13":"purchasable","14":"product-type-simple"},"acf":[],"yoast_head":"<!-- This site is optimized with the Yoast SEO plugin v27.4 - https:\/\/yoast.com\/product\/yoast-seo-wordpress\/ -->\n<title>Satanlage automatisch ALDEN Satlight-Track 50 HD S.S.C. Mobile inkl. S.S.C.-Steuermodul HD - Bantam Camping AG<\/title>\n<meta name=\"robots\" content=\"index, follow, max-snippet:-1, max-image-preview:large, max-video-preview:-1\" \/>\n<link rel=\"canonical\" href=\"https:\/\/shop.bantam.ch\/de\/produkt\/mobilantenne-automatisch-satlight-track-50-hd-mit-s-s-c-hd\/\" \/>\n<meta property=\"og:locale\" content=\"de_DE\" \/>\n<meta property=\"og:type\" content=\"article\" \/>\n<meta property=\"og:title\" content=\"Satanlage automatisch ALDEN Satlight-Track 50 HD S.S.C. Mobile inkl. S.S.C.-Steuermodul HD - Bantam Camping AG\" \/>\n<meta property=\"og:description\" content=\"Die neue mobile vollautomatische Alden Satlight-Track 50 bietet eine f\u00fcr eine portable Anlage einzigartige Empfangsreichweite. Flexibel wird sie au\u00dferhalb des Fahrzeugs gestellt und mit nur einem Tastendruck auf den gew\u00fcnschten Satelliten ausgerichtet. Mit den kompakten Abmessungen und der Tragevorrichtung l\u00e4sst sie sich problemlos verstauen, handhaben und \u00fcber den Tragegriff gleichzeitig als Diebstahlschutz z.B. mit einem [&hellip;]\" \/>\n<meta property=\"og:url\" content=\"https:\/\/shop.bantam.ch\/de\/produkt\/mobilantenne-automatisch-satlight-track-50-hd-mit-s-s-c-hd\/\" \/>\n<meta property=\"og:site_name\" content=\"Bantam Camping AG\" \/>\n<meta property=\"article:modified_time\" content=\"2026-04-18T19:11:31+00:00\" \/>\n<meta property=\"og:image\" content=\"https:\/\/shop.bantam.ch\/wp-content\/uploads\/2023\/02\/995199611.jpg\" \/>\n\t<meta property=\"og:image:width\" content=\"994\" \/>\n\t<meta property=\"og:image:height\" content=\"1000\" \/>\n\t<meta property=\"og:image:type\" content=\"image\/jpeg\" \/>\n<meta name=\"twitter:card\" content=\"summary_large_image\" \/>\n<script type=\"application\/ld+json\" class=\"yoast-schema-graph\">{\"@context\":\"https:\\\/\\\/schema.org\",\"@graph\":[{\"@type\":\"WebPage\",\"@id\":\"https:\\\/\\\/shop.bantam.ch\\\/de\\\/produkt\\\/mobilantenne-automatisch-satlight-track-50-hd-mit-s-s-c-hd\\\/\",\"url\":\"https:\\\/\\\/shop.bantam.ch\\\/de\\\/produkt\\\/mobilantenne-automatisch-satlight-track-50-hd-mit-s-s-c-hd\\\/\",\"name\":\"Satanlage automatisch ALDEN Satlight-Track 50 HD S.S.C. Mobile inkl. S.S.C.-Steuermodul HD - Bantam Camping AG\",\"isPartOf\":{\"@id\":\"https:\\\/\\\/shop.bantam.ch\\\/de\\\/#website\"},\"primaryImageOfPage\":{\"@id\":\"https:\\\/\\\/shop.bantam.ch\\\/de\\\/produkt\\\/mobilantenne-automatisch-satlight-track-50-hd-mit-s-s-c-hd\\\/#primaryimage\"},\"image\":{\"@id\":\"https:\\\/\\\/shop.bantam.ch\\\/de\\\/produkt\\\/mobilantenne-automatisch-satlight-track-50-hd-mit-s-s-c-hd\\\/#primaryimage\"},\"thumbnailUrl\":\"https:\\\/\\\/shop.bantam.ch\\\/wp-content\\\/uploads\\\/2023\\\/02\\\/995199611.jpg\",\"datePublished\":\"2023-02-27T18:14:35+00:00\",\"dateModified\":\"2026-04-18T19:11:31+00:00\",\"breadcrumb\":{\"@id\":\"https:\\\/\\\/shop.bantam.ch\\\/de\\\/produkt\\\/mobilantenne-automatisch-satlight-track-50-hd-mit-s-s-c-hd\\\/#breadcrumb\"},\"inLanguage\":\"de\",\"potentialAction\":[{\"@type\":\"ReadAction\",\"target\":[\"https:\\\/\\\/shop.bantam.ch\\\/de\\\/produkt\\\/mobilantenne-automatisch-satlight-track-50-hd-mit-s-s-c-hd\\\/\"]}]},{\"@type\":\"ImageObject\",\"inLanguage\":\"de\",\"@id\":\"https:\\\/\\\/shop.bantam.ch\\\/de\\\/produkt\\\/mobilantenne-automatisch-satlight-track-50-hd-mit-s-s-c-hd\\\/#primaryimage\",\"url\":\"https:\\\/\\\/shop.bantam.ch\\\/wp-content\\\/uploads\\\/2023\\\/02\\\/995199611.jpg\",\"contentUrl\":\"https:\\\/\\\/shop.bantam.ch\\\/wp-content\\\/uploads\\\/2023\\\/02\\\/995199611.jpg\",\"width\":994,\"height\":1000},{\"@type\":\"BreadcrumbList\",\"@id\":\"https:\\\/\\\/shop.bantam.ch\\\/de\\\/produkt\\\/mobilantenne-automatisch-satlight-track-50-hd-mit-s-s-c-hd\\\/#breadcrumb\",\"itemListElement\":[{\"@type\":\"ListItem\",\"position\":1,\"name\":\"Accueil\",\"item\":\"https:\\\/\\\/shop.bantam.ch\\\/de\\\/\"},{\"@type\":\"ListItem\",\"position\":2,\"name\":\"Shop\",\"item\":\"https:\\\/\\\/shop.bantam.ch\\\/de\\\/shop\\\/\"},{\"@type\":\"ListItem\",\"position\":3,\"name\":\"Satanlage automatisch ALDEN Satlight-Track 50 HD S.S.C. Mobile inkl. S.S.C.-Steuermodul HD\"}]},{\"@type\":\"WebSite\",\"@id\":\"https:\\\/\\\/shop.bantam.ch\\\/de\\\/#website\",\"url\":\"https:\\\/\\\/shop.bantam.ch\\\/de\\\/\",\"name\":\"Bantam Camping AG\",\"description\":\"\",\"publisher\":{\"@id\":\"https:\\\/\\\/shop.bantam.ch\\\/de\\\/#organization\"},\"inLanguage\":\"de\"},{\"@type\":\"Organization\",\"@id\":\"https:\\\/\\\/shop.bantam.ch\\\/de\\\/#organization\",\"name\":\"Bantam Camping AG\",\"url\":\"https:\\\/\\\/shop.bantam.ch\\\/de\\\/\",\"logo\":{\"@type\":\"ImageObject\",\"inLanguage\":\"de\",\"@id\":\"https:\\\/\\\/shop.bantam.ch\\\/de\\\/#\\\/schema\\\/logo\\\/image\\\/\",\"url\":\"https:\\\/\\\/shop.bantam.ch\\\/wp-content\\\/uploads\\\/2022\\\/12\\\/bantam-logo.png\",\"contentUrl\":\"https:\\\/\\\/shop.bantam.ch\\\/wp-content\\\/uploads\\\/2022\\\/12\\\/bantam-logo.png\",\"width\":320,\"height\":71,\"caption\":\"Bantam Camping AG\"},\"image\":{\"@id\":\"https:\\\/\\\/shop.bantam.ch\\\/de\\\/#\\\/schema\\\/logo\\\/image\\\/\"}}]}<\/script>\n<!-- \/ Yoast SEO plugin. -->","yoast_head_json":{"title":"Satanlage automatisch ALDEN Satlight-Track 50 HD S.S.C. Mobile inkl. S.S.C.-Steuermodul HD - Bantam Camping AG","robots":{"index":"index","follow":"follow","max-snippet":"max-snippet:-1","max-image-preview":"max-image-preview:large","max-video-preview":"max-video-preview:-1"},"canonical":"https:\/\/shop.bantam.ch\/de\/produkt\/mobilantenne-automatisch-satlight-track-50-hd-mit-s-s-c-hd\/","og_locale":"de_DE","og_type":"article","og_title":"Satanlage automatisch ALDEN Satlight-Track 50 HD S.S.C. Mobile inkl. S.S.C.-Steuermodul HD - Bantam Camping AG","og_description":"Die neue mobile vollautomatische Alden Satlight-Track 50 bietet eine f\u00fcr eine portable Anlage einzigartige Empfangsreichweite. Flexibel wird sie au\u00dferhalb des Fahrzeugs gestellt und mit nur einem Tastendruck auf den gew\u00fcnschten Satelliten ausgerichtet. Mit den kompakten Abmessungen und der Tragevorrichtung l\u00e4sst sie sich problemlos verstauen, handhaben und \u00fcber den Tragegriff gleichzeitig als Diebstahlschutz z.B. mit einem [&hellip;]","og_url":"https:\/\/shop.bantam.ch\/de\/produkt\/mobilantenne-automatisch-satlight-track-50-hd-mit-s-s-c-hd\/","og_site_name":"Bantam Camping AG","article_modified_time":"2026-04-18T19:11:31+00:00","og_image":[{"width":994,"height":1000,"url":"https:\/\/shop.bantam.ch\/wp-content\/uploads\/2023\/02\/995199611.jpg","type":"image\/jpeg"}],"twitter_card":"summary_large_image","schema":{"@context":"https:\/\/schema.org","@graph":[{"@type":"WebPage","@id":"https:\/\/shop.bantam.ch\/de\/produkt\/mobilantenne-automatisch-satlight-track-50-hd-mit-s-s-c-hd\/","url":"https:\/\/shop.bantam.ch\/de\/produkt\/mobilantenne-automatisch-satlight-track-50-hd-mit-s-s-c-hd\/","name":"Satanlage automatisch ALDEN Satlight-Track 50 HD S.S.C. Mobile inkl. S.S.C.-Steuermodul HD - Bantam Camping AG","isPartOf":{"@id":"https:\/\/shop.bantam.ch\/de\/#website"},"primaryImageOfPage":{"@id":"https:\/\/shop.bantam.ch\/de\/produkt\/mobilantenne-automatisch-satlight-track-50-hd-mit-s-s-c-hd\/#primaryimage"},"image":{"@id":"https:\/\/shop.bantam.ch\/de\/produkt\/mobilantenne-automatisch-satlight-track-50-hd-mit-s-s-c-hd\/#primaryimage"},"thumbnailUrl":"https:\/\/shop.bantam.ch\/wp-content\/uploads\/2023\/02\/995199611.jpg","datePublished":"2023-02-27T18:14:35+00:00","dateModified":"2026-04-18T19:11:31+00:00","breadcrumb":{"@id":"https:\/\/shop.bantam.ch\/de\/produkt\/mobilantenne-automatisch-satlight-track-50-hd-mit-s-s-c-hd\/#breadcrumb"},"inLanguage":"de","potentialAction":[{"@type":"ReadAction","target":["https:\/\/shop.bantam.ch\/de\/produkt\/mobilantenne-automatisch-satlight-track-50-hd-mit-s-s-c-hd\/"]}]},{"@type":"ImageObject","inLanguage":"de","@id":"https:\/\/shop.bantam.ch\/de\/produkt\/mobilantenne-automatisch-satlight-track-50-hd-mit-s-s-c-hd\/#primaryimage","url":"https:\/\/shop.bantam.ch\/wp-content\/uploads\/2023\/02\/995199611.jpg","contentUrl":"https:\/\/shop.bantam.ch\/wp-content\/uploads\/2023\/02\/995199611.jpg","width":994,"height":1000},{"@type":"BreadcrumbList","@id":"https:\/\/shop.bantam.ch\/de\/produkt\/mobilantenne-automatisch-satlight-track-50-hd-mit-s-s-c-hd\/#breadcrumb","itemListElement":[{"@type":"ListItem","position":1,"name":"Accueil","item":"https:\/\/shop.bantam.ch\/de\/"},{"@type":"ListItem","position":2,"name":"Shop","item":"https:\/\/shop.bantam.ch\/de\/shop\/"},{"@type":"ListItem","position":3,"name":"Satanlage automatisch ALDEN Satlight-Track 50 HD S.S.C. Mobile inkl. S.S.C.-Steuermodul HD"}]},{"@type":"WebSite","@id":"https:\/\/shop.bantam.ch\/de\/#website","url":"https:\/\/shop.bantam.ch\/de\/","name":"Bantam Camping AG","description":"","publisher":{"@id":"https:\/\/shop.bantam.ch\/de\/#organization"},"inLanguage":"de"},{"@type":"Organization","@id":"https:\/\/shop.bantam.ch\/de\/#organization","name":"Bantam Camping AG","url":"https:\/\/shop.bantam.ch\/de\/","logo":{"@type":"ImageObject","inLanguage":"de","@id":"https:\/\/shop.bantam.ch\/de\/#\/schema\/logo\/image\/","url":"https:\/\/shop.bantam.ch\/wp-content\/uploads\/2022\/12\/bantam-logo.png","contentUrl":"https:\/\/shop.bantam.ch\/wp-content\/uploads\/2022\/12\/bantam-logo.png","width":320,"height":71,"caption":"Bantam Camping AG"},"image":{"@id":"https:\/\/shop.bantam.ch\/de\/#\/schema\/logo\/image\/"}}]}},"_links":{"self":[{"href":"https:\/\/shop.bantam.ch\/de\/wp-json\/wp\/v2\/product\/64986","targetHints":{"allow":["GET"]}}],"collection":[{"href":"https:\/\/shop.bantam.ch\/de\/wp-json\/wp\/v2\/product"}],"about":[{"href":"https:\/\/shop.bantam.ch\/de\/wp-json\/wp\/v2\/types\/product"}],"wp:featuredmedia":[{"embeddable":true,"href":"https:\/\/shop.bantam.ch\/de\/wp-json\/wp\/v2\/media\/64984"}],"wp:attachment":[{"href":"https:\/\/shop.bantam.ch\/de\/wp-json\/wp\/v2\/media?parent=64986"}],"wp:term":[{"taxonomy":"product_featured_cat","embeddable":true,"href":"https:\/\/shop.bantam.ch\/de\/wp-json\/wp\/v2\/product_featured_cat?post=64986"},{"taxonomy":"product_brand","embeddable":true,"href":"https:\/\/shop.bantam.ch\/de\/wp-json\/wp\/v2\/product_brand?post=64986"},{"taxonomy":"product_cat","embeddable":true,"href":"https:\/\/shop.bantam.ch\/de\/wp-json\/wp\/v2\/product_cat?post=64986"},{"taxonomy":"product_tag","embeddable":true,"href":"https:\/\/shop.bantam.ch\/de\/wp-json\/wp\/v2\/product_tag?post=64986"}],"curies":[{"name":"wp","href":"https:\/\/api.w.org\/{rel}","templated":true}]}}