{"id":64932,"date":"2023-02-27T19:13:38","date_gmt":"2023-02-27T18:13:38","guid":{"rendered":"http:\/\/shop.bantam.ch\/produit\/wechselrichter-lader-kombi-3000-si-n-inkl-remote-control\/"},"modified":"2026-04-17T21:10:59","modified_gmt":"2026-04-17T19:10:59","slug":"wechselrichter-lader-kombi-3000-si-n-inkl-remote-control","status":"publish","type":"product","link":"https:\/\/shop.bantam.ch\/de\/produkt\/wechselrichter-lader-kombi-3000-si-n-inkl-remote-control\/","title":{"rendered":"Wechselrichter B\u00fcttner Lader-Kombi 3000 Si-N \/ 120 A inkl. Remote Control"},"content":{"rendered":"<p>Diese Lader\/Wechselrichter Kombination (ICC) gilt als universelle Stromversorgung f\u00fcr Reisefahrzeuge. Bei Landstrom startet der Automatik-Lader automatisch und l\u00e4dt je nach Batterietyp und Kapazit\u00e4t (beides einstellbar) die Bordbatterien und bei Bedarf zus\u00e4tzlich die Startbatterie. Ist der Landstrom-Eingang schwach abgesichert k\u00f6nnen die Ger\u00e4te begrenzt werden. Werden hohe Anlaufstr\u00f6me (z.B. Klimaanlage)gebraucht werden diese kurzzeitig aus der Bordbatterie zur Verf\u00fcgung gestellt. Diese Aufgabe \u00fcbernimmt der integrierte Sinus-Wechselrichter mit Netzumschaltung. Eine integrierte Lasterkennung versetzt den Wechselrichter bei l\u00e4ngerem Nichtgebrauch in den Stromsparmodus. Zum Lieferumfang geh\u00f6rt eine Fernbedienung f\u00fcr den Innenraum. Hier\u00fcber wird der Wechselrichter gestartet und kann in den Automatik-\/Dauer-\/Nacht-Modus geschaltet werden. Au\u00dferdem wird angezeigt ob Landstrom anliegt sowie die momentane Leistungsabgabe des Wechselrichter. A<\/p>\n<ul>\n<li>Gewicht 18,8 kg<\/li>\n<li>Dauer-\/Spitzenleistung: 3000 W\/5000 W<\/li>\n<li>Eingangsspannung: 10,5 &#8211; 15 V<\/li>\n<li>Ladestrom: 0 &#8211; 120 A<\/li>\n<li>Stromaufnahme-Standy: 0,29 A<\/li>\n<\/ul>\n<p>\u00a0<\/p>\n","protected":false},"excerpt":{"rendered":"<p>Diese Lader\/Wechselrichter Kombination (ICC) gilt als universelle Stromversorgung f\u00fcr Reisefahrzeuge. Bei Landstrom startet der Automatik-Lader automatisch und l\u00e4dt je nach Batterietyp und Kapazit\u00e4t (beides einstellbar) die Bordbatterien und bei Bedarf zus\u00e4tzlich die Startbatterie. Ist der Landstrom-Eingang schwach abgesichert k\u00f6nnen die Ger\u00e4te begrenzt werden. Werden hohe Anlaufstr\u00f6me (z.B. Klimaanlage)gebraucht werden diese kurzzeitig aus der Bordbatterie zur [&hellip;]<\/p>\n","protected":false},"featured_media":64928,"template":"","meta":{"_acf_changed":false},"product_featured_cat":[],"product_brand":[3069],"product_cat":[4170],"product_tag":[],"class_list":{"0":"post-64932","1":"product","2":"type-product","3":"status-publish","4":"has-post-thumbnail","6":"product_brand-buttner-elektronik-de","7":"product_cat-wechselrichter","9":"first","10":"instock","11":"taxable","12":"shipping-taxable","13":"purchasable","14":"product-type-simple"},"acf":[],"yoast_head":"<!-- This site is optimized with the Yoast SEO plugin v27.4 - https:\/\/yoast.com\/product\/yoast-seo-wordpress\/ -->\n<title>Wechselrichter B\u00fcttner Lader-Kombi 3000 Si-N \/ 120 A inkl. Remote Control - Bantam Camping AG<\/title>\n<meta name=\"robots\" content=\"index, follow, max-snippet:-1, max-image-preview:large, max-video-preview:-1\" \/>\n<link rel=\"canonical\" href=\"https:\/\/shop.bantam.ch\/de\/produkt\/wechselrichter-lader-kombi-3000-si-n-inkl-remote-control\/\" \/>\n<meta property=\"og:locale\" content=\"de_DE\" \/>\n<meta property=\"og:type\" content=\"article\" \/>\n<meta property=\"og:title\" content=\"Wechselrichter B\u00fcttner Lader-Kombi 3000 Si-N \/ 120 A inkl. Remote Control - Bantam Camping AG\" \/>\n<meta property=\"og:description\" content=\"Diese Lader\/Wechselrichter Kombination (ICC) gilt als universelle Stromversorgung f\u00fcr Reisefahrzeuge. Bei Landstrom startet der Automatik-Lader automatisch und l\u00e4dt je nach Batterietyp und Kapazit\u00e4t (beides einstellbar) die Bordbatterien und bei Bedarf zus\u00e4tzlich die Startbatterie. Ist der Landstrom-Eingang schwach abgesichert k\u00f6nnen die Ger\u00e4te begrenzt werden. Werden hohe Anlaufstr\u00f6me (z.B. Klimaanlage)gebraucht werden diese kurzzeitig aus der Bordbatterie zur [&hellip;]\" \/>\n<meta property=\"og:url\" content=\"https:\/\/shop.bantam.ch\/de\/produkt\/wechselrichter-lader-kombi-3000-si-n-inkl-remote-control\/\" \/>\n<meta property=\"og:site_name\" content=\"Bantam Camping AG\" \/>\n<meta property=\"article:modified_time\" content=\"2026-04-17T19:10:59+00:00\" \/>\n<meta property=\"og:image\" content=\"https:\/\/shop.bantam.ch\/wp-content\/uploads\/2023\/02\/9930715-100-1-3.jpg\" \/>\n\t<meta property=\"og:image:width\" content=\"1000\" \/>\n\t<meta property=\"og:image:height\" content=\"917\" \/>\n\t<meta property=\"og:image:type\" content=\"image\/jpeg\" \/>\n<meta name=\"twitter:card\" content=\"summary_large_image\" \/>\n<meta name=\"twitter:label1\" content=\"Gesch\u00e4tzte Lesezeit\" \/>\n\t<meta name=\"twitter:data1\" content=\"1\u00a0Minute\" \/>\n<script type=\"application\/ld+json\" class=\"yoast-schema-graph\">{\"@context\":\"https:\\\/\\\/schema.org\",\"@graph\":[{\"@type\":\"WebPage\",\"@id\":\"https:\\\/\\\/shop.bantam.ch\\\/de\\\/produkt\\\/wechselrichter-lader-kombi-3000-si-n-inkl-remote-control\\\/\",\"url\":\"https:\\\/\\\/shop.bantam.ch\\\/de\\\/produkt\\\/wechselrichter-lader-kombi-3000-si-n-inkl-remote-control\\\/\",\"name\":\"Wechselrichter B\u00fcttner Lader-Kombi 3000 Si-N \\\/ 120 A inkl. Remote Control - Bantam Camping AG\",\"isPartOf\":{\"@id\":\"https:\\\/\\\/shop.bantam.ch\\\/de\\\/#website\"},\"primaryImageOfPage\":{\"@id\":\"https:\\\/\\\/shop.bantam.ch\\\/de\\\/produkt\\\/wechselrichter-lader-kombi-3000-si-n-inkl-remote-control\\\/#primaryimage\"},\"image\":{\"@id\":\"https:\\\/\\\/shop.bantam.ch\\\/de\\\/produkt\\\/wechselrichter-lader-kombi-3000-si-n-inkl-remote-control\\\/#primaryimage\"},\"thumbnailUrl\":\"https:\\\/\\\/shop.bantam.ch\\\/wp-content\\\/uploads\\\/2023\\\/02\\\/9930715-100-1-3.jpg\",\"datePublished\":\"2023-02-27T18:13:38+00:00\",\"dateModified\":\"2026-04-17T19:10:59+00:00\",\"breadcrumb\":{\"@id\":\"https:\\\/\\\/shop.bantam.ch\\\/de\\\/produkt\\\/wechselrichter-lader-kombi-3000-si-n-inkl-remote-control\\\/#breadcrumb\"},\"inLanguage\":\"de\",\"potentialAction\":[{\"@type\":\"ReadAction\",\"target\":[\"https:\\\/\\\/shop.bantam.ch\\\/de\\\/produkt\\\/wechselrichter-lader-kombi-3000-si-n-inkl-remote-control\\\/\"]}]},{\"@type\":\"ImageObject\",\"inLanguage\":\"de\",\"@id\":\"https:\\\/\\\/shop.bantam.ch\\\/de\\\/produkt\\\/wechselrichter-lader-kombi-3000-si-n-inkl-remote-control\\\/#primaryimage\",\"url\":\"https:\\\/\\\/shop.bantam.ch\\\/wp-content\\\/uploads\\\/2023\\\/02\\\/9930715-100-1-3.jpg\",\"contentUrl\":\"https:\\\/\\\/shop.bantam.ch\\\/wp-content\\\/uploads\\\/2023\\\/02\\\/9930715-100-1-3.jpg\",\"width\":1000,\"height\":917},{\"@type\":\"BreadcrumbList\",\"@id\":\"https:\\\/\\\/shop.bantam.ch\\\/de\\\/produkt\\\/wechselrichter-lader-kombi-3000-si-n-inkl-remote-control\\\/#breadcrumb\",\"itemListElement\":[{\"@type\":\"ListItem\",\"position\":1,\"name\":\"Accueil\",\"item\":\"https:\\\/\\\/shop.bantam.ch\\\/de\\\/\"},{\"@type\":\"ListItem\",\"position\":2,\"name\":\"Shop\",\"item\":\"https:\\\/\\\/shop.bantam.ch\\\/de\\\/shop\\\/\"},{\"@type\":\"ListItem\",\"position\":3,\"name\":\"Wechselrichter B\u00fcttner Lader-Kombi 3000 Si-N \\\/ 120 A inkl. Remote Control\"}]},{\"@type\":\"WebSite\",\"@id\":\"https:\\\/\\\/shop.bantam.ch\\\/de\\\/#website\",\"url\":\"https:\\\/\\\/shop.bantam.ch\\\/de\\\/\",\"name\":\"Bantam Camping AG\",\"description\":\"\",\"publisher\":{\"@id\":\"https:\\\/\\\/shop.bantam.ch\\\/de\\\/#organization\"},\"inLanguage\":\"de\"},{\"@type\":\"Organization\",\"@id\":\"https:\\\/\\\/shop.bantam.ch\\\/de\\\/#organization\",\"name\":\"Bantam Camping AG\",\"url\":\"https:\\\/\\\/shop.bantam.ch\\\/de\\\/\",\"logo\":{\"@type\":\"ImageObject\",\"inLanguage\":\"de\",\"@id\":\"https:\\\/\\\/shop.bantam.ch\\\/de\\\/#\\\/schema\\\/logo\\\/image\\\/\",\"url\":\"https:\\\/\\\/shop.bantam.ch\\\/wp-content\\\/uploads\\\/2022\\\/12\\\/bantam-logo.png\",\"contentUrl\":\"https:\\\/\\\/shop.bantam.ch\\\/wp-content\\\/uploads\\\/2022\\\/12\\\/bantam-logo.png\",\"width\":320,\"height\":71,\"caption\":\"Bantam Camping AG\"},\"image\":{\"@id\":\"https:\\\/\\\/shop.bantam.ch\\\/de\\\/#\\\/schema\\\/logo\\\/image\\\/\"}}]}<\/script>\n<!-- \/ Yoast SEO plugin. -->","yoast_head_json":{"title":"Wechselrichter B\u00fcttner Lader-Kombi 3000 Si-N \/ 120 A inkl. Remote Control - Bantam Camping AG","robots":{"index":"index","follow":"follow","max-snippet":"max-snippet:-1","max-image-preview":"max-image-preview:large","max-video-preview":"max-video-preview:-1"},"canonical":"https:\/\/shop.bantam.ch\/de\/produkt\/wechselrichter-lader-kombi-3000-si-n-inkl-remote-control\/","og_locale":"de_DE","og_type":"article","og_title":"Wechselrichter B\u00fcttner Lader-Kombi 3000 Si-N \/ 120 A inkl. Remote Control - Bantam Camping AG","og_description":"Diese Lader\/Wechselrichter Kombination (ICC) gilt als universelle Stromversorgung f\u00fcr Reisefahrzeuge. Bei Landstrom startet der Automatik-Lader automatisch und l\u00e4dt je nach Batterietyp und Kapazit\u00e4t (beides einstellbar) die Bordbatterien und bei Bedarf zus\u00e4tzlich die Startbatterie. Ist der Landstrom-Eingang schwach abgesichert k\u00f6nnen die Ger\u00e4te begrenzt werden. Werden hohe Anlaufstr\u00f6me (z.B. Klimaanlage)gebraucht werden diese kurzzeitig aus der Bordbatterie zur [&hellip;]","og_url":"https:\/\/shop.bantam.ch\/de\/produkt\/wechselrichter-lader-kombi-3000-si-n-inkl-remote-control\/","og_site_name":"Bantam Camping AG","article_modified_time":"2026-04-17T19:10:59+00:00","og_image":[{"width":1000,"height":917,"url":"https:\/\/shop.bantam.ch\/wp-content\/uploads\/2023\/02\/9930715-100-1-3.jpg","type":"image\/jpeg"}],"twitter_card":"summary_large_image","twitter_misc":{"Gesch\u00e4tzte Lesezeit":"1\u00a0Minute"},"schema":{"@context":"https:\/\/schema.org","@graph":[{"@type":"WebPage","@id":"https:\/\/shop.bantam.ch\/de\/produkt\/wechselrichter-lader-kombi-3000-si-n-inkl-remote-control\/","url":"https:\/\/shop.bantam.ch\/de\/produkt\/wechselrichter-lader-kombi-3000-si-n-inkl-remote-control\/","name":"Wechselrichter B\u00fcttner Lader-Kombi 3000 Si-N \/ 120 A inkl. Remote Control - Bantam Camping AG","isPartOf":{"@id":"https:\/\/shop.bantam.ch\/de\/#website"},"primaryImageOfPage":{"@id":"https:\/\/shop.bantam.ch\/de\/produkt\/wechselrichter-lader-kombi-3000-si-n-inkl-remote-control\/#primaryimage"},"image":{"@id":"https:\/\/shop.bantam.ch\/de\/produkt\/wechselrichter-lader-kombi-3000-si-n-inkl-remote-control\/#primaryimage"},"thumbnailUrl":"https:\/\/shop.bantam.ch\/wp-content\/uploads\/2023\/02\/9930715-100-1-3.jpg","datePublished":"2023-02-27T18:13:38+00:00","dateModified":"2026-04-17T19:10:59+00:00","breadcrumb":{"@id":"https:\/\/shop.bantam.ch\/de\/produkt\/wechselrichter-lader-kombi-3000-si-n-inkl-remote-control\/#breadcrumb"},"inLanguage":"de","potentialAction":[{"@type":"ReadAction","target":["https:\/\/shop.bantam.ch\/de\/produkt\/wechselrichter-lader-kombi-3000-si-n-inkl-remote-control\/"]}]},{"@type":"ImageObject","inLanguage":"de","@id":"https:\/\/shop.bantam.ch\/de\/produkt\/wechselrichter-lader-kombi-3000-si-n-inkl-remote-control\/#primaryimage","url":"https:\/\/shop.bantam.ch\/wp-content\/uploads\/2023\/02\/9930715-100-1-3.jpg","contentUrl":"https:\/\/shop.bantam.ch\/wp-content\/uploads\/2023\/02\/9930715-100-1-3.jpg","width":1000,"height":917},{"@type":"BreadcrumbList","@id":"https:\/\/shop.bantam.ch\/de\/produkt\/wechselrichter-lader-kombi-3000-si-n-inkl-remote-control\/#breadcrumb","itemListElement":[{"@type":"ListItem","position":1,"name":"Accueil","item":"https:\/\/shop.bantam.ch\/de\/"},{"@type":"ListItem","position":2,"name":"Shop","item":"https:\/\/shop.bantam.ch\/de\/shop\/"},{"@type":"ListItem","position":3,"name":"Wechselrichter B\u00fcttner Lader-Kombi 3000 Si-N \/ 120 A inkl. Remote Control"}]},{"@type":"WebSite","@id":"https:\/\/shop.bantam.ch\/de\/#website","url":"https:\/\/shop.bantam.ch\/de\/","name":"Bantam Camping AG","description":"","publisher":{"@id":"https:\/\/shop.bantam.ch\/de\/#organization"},"inLanguage":"de"},{"@type":"Organization","@id":"https:\/\/shop.bantam.ch\/de\/#organization","name":"Bantam Camping AG","url":"https:\/\/shop.bantam.ch\/de\/","logo":{"@type":"ImageObject","inLanguage":"de","@id":"https:\/\/shop.bantam.ch\/de\/#\/schema\/logo\/image\/","url":"https:\/\/shop.bantam.ch\/wp-content\/uploads\/2022\/12\/bantam-logo.png","contentUrl":"https:\/\/shop.bantam.ch\/wp-content\/uploads\/2022\/12\/bantam-logo.png","width":320,"height":71,"caption":"Bantam Camping AG"},"image":{"@id":"https:\/\/shop.bantam.ch\/de\/#\/schema\/logo\/image\/"}}]}},"_links":{"self":[{"href":"https:\/\/shop.bantam.ch\/de\/wp-json\/wp\/v2\/product\/64932","targetHints":{"allow":["GET"]}}],"collection":[{"href":"https:\/\/shop.bantam.ch\/de\/wp-json\/wp\/v2\/product"}],"about":[{"href":"https:\/\/shop.bantam.ch\/de\/wp-json\/wp\/v2\/types\/product"}],"wp:featuredmedia":[{"embeddable":true,"href":"https:\/\/shop.bantam.ch\/de\/wp-json\/wp\/v2\/media\/64928"}],"wp:attachment":[{"href":"https:\/\/shop.bantam.ch\/de\/wp-json\/wp\/v2\/media?parent=64932"}],"wp:term":[{"taxonomy":"product_featured_cat","embeddable":true,"href":"https:\/\/shop.bantam.ch\/de\/wp-json\/wp\/v2\/product_featured_cat?post=64932"},{"taxonomy":"product_brand","embeddable":true,"href":"https:\/\/shop.bantam.ch\/de\/wp-json\/wp\/v2\/product_brand?post=64932"},{"taxonomy":"product_cat","embeddable":true,"href":"https:\/\/shop.bantam.ch\/de\/wp-json\/wp\/v2\/product_cat?post=64932"},{"taxonomy":"product_tag","embeddable":true,"href":"https:\/\/shop.bantam.ch\/de\/wp-json\/wp\/v2\/product_tag?post=64932"}],"curies":[{"name":"wp","href":"https:\/\/api.w.org\/{rel}","templated":true}]}}