{"id":64788,"date":"2023-02-27T19:10:38","date_gmt":"2023-02-27T18:10:38","guid":{"rendered":"http:\/\/shop.bantam.ch\/produit\/rangiersystem-ranger-ts411-tandem-variante\/"},"modified":"2026-04-17T21:10:44","modified_gmt":"2026-04-17T19:10:44","slug":"rangiersystem-ranger-ts411-tandem-variante","status":"publish","type":"product","link":"https:\/\/shop.bantam.ch\/de\/produkt\/rangiersystem-ranger-ts411-tandem-variante\/","title":{"rendered":"Rangiersystem Al-Ko Ranger TS 411 Tandem-Variante"},"content":{"rendered":"<p>Das neue starke Einsteigermodell f\u00fcr Tandem-Caravans bis 2,5 Tonnen. Millimetergenaues Rangieren ohne fremde Hilfe, selbst in unebenen Gel\u00e4nde.<\/p>\n<p>Material: <br \/>Beschichteter Stahl und Kunststoff<\/p>\n<p>Kraft:<\/p>\n<p>Der RANGER meistert Hindernisse bis zu zwei Zentimetern H\u00f6he und das bei einer maximalen Steigf\u00e4higkeit von 18 Prozent.<\/p>\n<p>Ihr Plus:<\/p>\n<p>\u00a0<\/p>\n<ul>\n<li>AL-KO Qualit\u00e4t und Design<\/li>\n<li>Steigf\u00e4higkeit bis 18% (lange Steigung) \/ \u00fcber 18 % (kurze Steigung, z.B. Auffahrkeile)<\/li>\n<li>Perfekte und gepr\u00fcfte AL-KO Chassis Anbindung vom europ\u00e4ischen Chassis Marktf\u00fchrer<\/li>\n<li>Softstart und Softstop<\/li>\n<li>Ergonomische Fernbedienung mit Lanyard<\/li>\n<li>LED-Anzeige auf der Kontrollbox und Fernbedienung bei \u00dcberlastung und Fehlfunktionen<\/li>\n<li>Passt an fast jeden Caravan bis\u00a02,5 t (Tandem)<\/li>\n<li>Gesch\u00fctzte Mechanik<\/li>\n<li>Weltweites Servicenetz<\/li>\n<li>5 Jahre Garantie (gem\u00e4\u00df AL-KO Garantiebedingungen)<\/li>\n<li>Optimale Bodenfreiheit<\/li>\n<li>H\u00f6chstgeschwindigkeit: Max. ca. 9 cm je Sekunde<\/li>\n<li>Durchschnittliche Stromaufnahme (ebenes Gel\u00e4nde): 20 Ampere<\/li>\n<li>Zul. Gesamtgewicht: Tandemachse (2 Motoren) 1.800 kg (1.500 kg bei 18 % Steigung) Tandemachse (4 Motoren) 2.500 kg (1.800 kg bei 18 % Steigung)<\/li>\n<li>Max. Stromaufnahme: 100 Ampere<\/li>\n<li>Betriebsstrom: LiFePO4: 12 V, 20 Ah \/ Blei: 12 V, 70 Ah (min.)<\/li>\n<li>Breite (mm): Mindestbreite (Wohnwagen\/Anh\u00e4nger) 1.800 mm<\/li>\n<li>Maximalbreite (Wohnwagen\/Anh\u00e4nger) 2.500 mm<\/li>\n<li>Frequenz: Fernbedienung 868 MHz<\/li>\n<\/ul>\n<p>\u00a0<\/p>\n","protected":false},"excerpt":{"rendered":"<p>Das neue starke Einsteigermodell f\u00fcr Tandem-Caravans bis 2,5 Tonnen. Millimetergenaues Rangieren ohne fremde Hilfe, selbst in unebenen Gel\u00e4nde. Material: Beschichteter Stahl und Kunststoff Kraft: Der RANGER meistert Hindernisse bis zu zwei Zentimetern H\u00f6he und das bei einer maximalen Steigf\u00e4higkeit von 18 Prozent. Ihr Plus: \u00a0 AL-KO Qualit\u00e4t und Design Steigf\u00e4higkeit bis 18% (lange Steigung) \/ [&hellip;]<\/p>\n","protected":false},"featured_media":64776,"template":"","meta":{"_acf_changed":false},"product_featured_cat":[],"product_brand":[3135],"product_cat":[4822],"product_tag":[],"class_list":{"0":"post-64788","1":"product","2":"type-product","3":"status-publish","4":"has-post-thumbnail","6":"product_brand-al-ko-de","7":"product_cat-rangierhilfen","9":"first","10":"instock","11":"taxable","12":"shipping-taxable","13":"purchasable","14":"product-type-simple"},"acf":[],"yoast_head":"<!-- This site is optimized with the Yoast SEO plugin v27.4 - https:\/\/yoast.com\/product\/yoast-seo-wordpress\/ -->\n<title>Rangiersystem Al-Ko Ranger TS 411 Tandem-Variante - Bantam Camping AG<\/title>\n<meta name=\"robots\" content=\"index, follow, max-snippet:-1, max-image-preview:large, max-video-preview:-1\" \/>\n<link rel=\"canonical\" href=\"https:\/\/shop.bantam.ch\/de\/produkt\/rangiersystem-ranger-ts411-tandem-variante\/\" \/>\n<meta property=\"og:locale\" content=\"de_DE\" \/>\n<meta property=\"og:type\" content=\"article\" \/>\n<meta property=\"og:title\" content=\"Rangiersystem Al-Ko Ranger TS 411 Tandem-Variante - Bantam Camping AG\" \/>\n<meta property=\"og:description\" content=\"Das neue starke Einsteigermodell f\u00fcr Tandem-Caravans bis 2,5 Tonnen. Millimetergenaues Rangieren ohne fremde Hilfe, selbst in unebenen Gel\u00e4nde. Material: Beschichteter Stahl und Kunststoff Kraft: Der RANGER meistert Hindernisse bis zu zwei Zentimetern H\u00f6he und das bei einer maximalen Steigf\u00e4higkeit von 18 Prozent. Ihr Plus: \u00a0 AL-KO Qualit\u00e4t und Design Steigf\u00e4higkeit bis 18% (lange Steigung) \/ [&hellip;]\" \/>\n<meta property=\"og:url\" content=\"https:\/\/shop.bantam.ch\/de\/produkt\/rangiersystem-ranger-ts411-tandem-variante\/\" \/>\n<meta property=\"og:site_name\" content=\"Bantam Camping AG\" \/>\n<meta property=\"article:modified_time\" content=\"2026-04-17T19:10:44+00:00\" \/>\n<meta property=\"og:image\" content=\"https:\/\/shop.bantam.ch\/wp-content\/uploads\/2023\/02\/9940795-100-1-3-1.jpg\" \/>\n\t<meta property=\"og:image:width\" content=\"1000\" \/>\n\t<meta property=\"og:image:height\" content=\"707\" \/>\n\t<meta property=\"og:image:type\" content=\"image\/jpeg\" \/>\n<meta name=\"twitter:card\" content=\"summary_large_image\" \/>\n<meta name=\"twitter:label1\" content=\"Gesch\u00e4tzte Lesezeit\" \/>\n\t<meta name=\"twitter:data1\" content=\"1\u00a0Minute\" \/>\n<script type=\"application\/ld+json\" class=\"yoast-schema-graph\">{\"@context\":\"https:\\\/\\\/schema.org\",\"@graph\":[{\"@type\":\"WebPage\",\"@id\":\"https:\\\/\\\/shop.bantam.ch\\\/de\\\/produkt\\\/rangiersystem-ranger-ts411-tandem-variante\\\/\",\"url\":\"https:\\\/\\\/shop.bantam.ch\\\/de\\\/produkt\\\/rangiersystem-ranger-ts411-tandem-variante\\\/\",\"name\":\"Rangiersystem Al-Ko Ranger TS 411 Tandem-Variante - Bantam Camping AG\",\"isPartOf\":{\"@id\":\"https:\\\/\\\/shop.bantam.ch\\\/de\\\/#website\"},\"primaryImageOfPage\":{\"@id\":\"https:\\\/\\\/shop.bantam.ch\\\/de\\\/produkt\\\/rangiersystem-ranger-ts411-tandem-variante\\\/#primaryimage\"},\"image\":{\"@id\":\"https:\\\/\\\/shop.bantam.ch\\\/de\\\/produkt\\\/rangiersystem-ranger-ts411-tandem-variante\\\/#primaryimage\"},\"thumbnailUrl\":\"https:\\\/\\\/shop.bantam.ch\\\/wp-content\\\/uploads\\\/2023\\\/02\\\/9940795-100-1-3-1.jpg\",\"datePublished\":\"2023-02-27T18:10:38+00:00\",\"dateModified\":\"2026-04-17T19:10:44+00:00\",\"breadcrumb\":{\"@id\":\"https:\\\/\\\/shop.bantam.ch\\\/de\\\/produkt\\\/rangiersystem-ranger-ts411-tandem-variante\\\/#breadcrumb\"},\"inLanguage\":\"de\",\"potentialAction\":[{\"@type\":\"ReadAction\",\"target\":[\"https:\\\/\\\/shop.bantam.ch\\\/de\\\/produkt\\\/rangiersystem-ranger-ts411-tandem-variante\\\/\"]}]},{\"@type\":\"ImageObject\",\"inLanguage\":\"de\",\"@id\":\"https:\\\/\\\/shop.bantam.ch\\\/de\\\/produkt\\\/rangiersystem-ranger-ts411-tandem-variante\\\/#primaryimage\",\"url\":\"https:\\\/\\\/shop.bantam.ch\\\/wp-content\\\/uploads\\\/2023\\\/02\\\/9940795-100-1-3-1.jpg\",\"contentUrl\":\"https:\\\/\\\/shop.bantam.ch\\\/wp-content\\\/uploads\\\/2023\\\/02\\\/9940795-100-1-3-1.jpg\",\"width\":1000,\"height\":707},{\"@type\":\"BreadcrumbList\",\"@id\":\"https:\\\/\\\/shop.bantam.ch\\\/de\\\/produkt\\\/rangiersystem-ranger-ts411-tandem-variante\\\/#breadcrumb\",\"itemListElement\":[{\"@type\":\"ListItem\",\"position\":1,\"name\":\"Accueil\",\"item\":\"https:\\\/\\\/shop.bantam.ch\\\/de\\\/\"},{\"@type\":\"ListItem\",\"position\":2,\"name\":\"Shop\",\"item\":\"https:\\\/\\\/shop.bantam.ch\\\/de\\\/shop\\\/\"},{\"@type\":\"ListItem\",\"position\":3,\"name\":\"Rangiersystem Al-Ko Ranger TS 411 Tandem-Variante\"}]},{\"@type\":\"WebSite\",\"@id\":\"https:\\\/\\\/shop.bantam.ch\\\/de\\\/#website\",\"url\":\"https:\\\/\\\/shop.bantam.ch\\\/de\\\/\",\"name\":\"Bantam Camping AG\",\"description\":\"\",\"publisher\":{\"@id\":\"https:\\\/\\\/shop.bantam.ch\\\/de\\\/#organization\"},\"inLanguage\":\"de\"},{\"@type\":\"Organization\",\"@id\":\"https:\\\/\\\/shop.bantam.ch\\\/de\\\/#organization\",\"name\":\"Bantam Camping AG\",\"url\":\"https:\\\/\\\/shop.bantam.ch\\\/de\\\/\",\"logo\":{\"@type\":\"ImageObject\",\"inLanguage\":\"de\",\"@id\":\"https:\\\/\\\/shop.bantam.ch\\\/de\\\/#\\\/schema\\\/logo\\\/image\\\/\",\"url\":\"https:\\\/\\\/shop.bantam.ch\\\/wp-content\\\/uploads\\\/2022\\\/12\\\/bantam-logo.png\",\"contentUrl\":\"https:\\\/\\\/shop.bantam.ch\\\/wp-content\\\/uploads\\\/2022\\\/12\\\/bantam-logo.png\",\"width\":320,\"height\":71,\"caption\":\"Bantam Camping AG\"},\"image\":{\"@id\":\"https:\\\/\\\/shop.bantam.ch\\\/de\\\/#\\\/schema\\\/logo\\\/image\\\/\"}}]}<\/script>\n<!-- \/ Yoast SEO plugin. -->","yoast_head_json":{"title":"Rangiersystem Al-Ko Ranger TS 411 Tandem-Variante - Bantam Camping AG","robots":{"index":"index","follow":"follow","max-snippet":"max-snippet:-1","max-image-preview":"max-image-preview:large","max-video-preview":"max-video-preview:-1"},"canonical":"https:\/\/shop.bantam.ch\/de\/produkt\/rangiersystem-ranger-ts411-tandem-variante\/","og_locale":"de_DE","og_type":"article","og_title":"Rangiersystem Al-Ko Ranger TS 411 Tandem-Variante - Bantam Camping AG","og_description":"Das neue starke Einsteigermodell f\u00fcr Tandem-Caravans bis 2,5 Tonnen. Millimetergenaues Rangieren ohne fremde Hilfe, selbst in unebenen Gel\u00e4nde. Material: Beschichteter Stahl und Kunststoff Kraft: Der RANGER meistert Hindernisse bis zu zwei Zentimetern H\u00f6he und das bei einer maximalen Steigf\u00e4higkeit von 18 Prozent. Ihr Plus: \u00a0 AL-KO Qualit\u00e4t und Design Steigf\u00e4higkeit bis 18% (lange Steigung) \/ [&hellip;]","og_url":"https:\/\/shop.bantam.ch\/de\/produkt\/rangiersystem-ranger-ts411-tandem-variante\/","og_site_name":"Bantam Camping AG","article_modified_time":"2026-04-17T19:10:44+00:00","og_image":[{"width":1000,"height":707,"url":"https:\/\/shop.bantam.ch\/wp-content\/uploads\/2023\/02\/9940795-100-1-3-1.jpg","type":"image\/jpeg"}],"twitter_card":"summary_large_image","twitter_misc":{"Gesch\u00e4tzte Lesezeit":"1\u00a0Minute"},"schema":{"@context":"https:\/\/schema.org","@graph":[{"@type":"WebPage","@id":"https:\/\/shop.bantam.ch\/de\/produkt\/rangiersystem-ranger-ts411-tandem-variante\/","url":"https:\/\/shop.bantam.ch\/de\/produkt\/rangiersystem-ranger-ts411-tandem-variante\/","name":"Rangiersystem Al-Ko Ranger TS 411 Tandem-Variante - Bantam Camping AG","isPartOf":{"@id":"https:\/\/shop.bantam.ch\/de\/#website"},"primaryImageOfPage":{"@id":"https:\/\/shop.bantam.ch\/de\/produkt\/rangiersystem-ranger-ts411-tandem-variante\/#primaryimage"},"image":{"@id":"https:\/\/shop.bantam.ch\/de\/produkt\/rangiersystem-ranger-ts411-tandem-variante\/#primaryimage"},"thumbnailUrl":"https:\/\/shop.bantam.ch\/wp-content\/uploads\/2023\/02\/9940795-100-1-3-1.jpg","datePublished":"2023-02-27T18:10:38+00:00","dateModified":"2026-04-17T19:10:44+00:00","breadcrumb":{"@id":"https:\/\/shop.bantam.ch\/de\/produkt\/rangiersystem-ranger-ts411-tandem-variante\/#breadcrumb"},"inLanguage":"de","potentialAction":[{"@type":"ReadAction","target":["https:\/\/shop.bantam.ch\/de\/produkt\/rangiersystem-ranger-ts411-tandem-variante\/"]}]},{"@type":"ImageObject","inLanguage":"de","@id":"https:\/\/shop.bantam.ch\/de\/produkt\/rangiersystem-ranger-ts411-tandem-variante\/#primaryimage","url":"https:\/\/shop.bantam.ch\/wp-content\/uploads\/2023\/02\/9940795-100-1-3-1.jpg","contentUrl":"https:\/\/shop.bantam.ch\/wp-content\/uploads\/2023\/02\/9940795-100-1-3-1.jpg","width":1000,"height":707},{"@type":"BreadcrumbList","@id":"https:\/\/shop.bantam.ch\/de\/produkt\/rangiersystem-ranger-ts411-tandem-variante\/#breadcrumb","itemListElement":[{"@type":"ListItem","position":1,"name":"Accueil","item":"https:\/\/shop.bantam.ch\/de\/"},{"@type":"ListItem","position":2,"name":"Shop","item":"https:\/\/shop.bantam.ch\/de\/shop\/"},{"@type":"ListItem","position":3,"name":"Rangiersystem Al-Ko Ranger TS 411 Tandem-Variante"}]},{"@type":"WebSite","@id":"https:\/\/shop.bantam.ch\/de\/#website","url":"https:\/\/shop.bantam.ch\/de\/","name":"Bantam Camping AG","description":"","publisher":{"@id":"https:\/\/shop.bantam.ch\/de\/#organization"},"inLanguage":"de"},{"@type":"Organization","@id":"https:\/\/shop.bantam.ch\/de\/#organization","name":"Bantam Camping AG","url":"https:\/\/shop.bantam.ch\/de\/","logo":{"@type":"ImageObject","inLanguage":"de","@id":"https:\/\/shop.bantam.ch\/de\/#\/schema\/logo\/image\/","url":"https:\/\/shop.bantam.ch\/wp-content\/uploads\/2022\/12\/bantam-logo.png","contentUrl":"https:\/\/shop.bantam.ch\/wp-content\/uploads\/2022\/12\/bantam-logo.png","width":320,"height":71,"caption":"Bantam Camping AG"},"image":{"@id":"https:\/\/shop.bantam.ch\/de\/#\/schema\/logo\/image\/"}}]}},"_links":{"self":[{"href":"https:\/\/shop.bantam.ch\/de\/wp-json\/wp\/v2\/product\/64788","targetHints":{"allow":["GET"]}}],"collection":[{"href":"https:\/\/shop.bantam.ch\/de\/wp-json\/wp\/v2\/product"}],"about":[{"href":"https:\/\/shop.bantam.ch\/de\/wp-json\/wp\/v2\/types\/product"}],"wp:featuredmedia":[{"embeddable":true,"href":"https:\/\/shop.bantam.ch\/de\/wp-json\/wp\/v2\/media\/64776"}],"wp:attachment":[{"href":"https:\/\/shop.bantam.ch\/de\/wp-json\/wp\/v2\/media?parent=64788"}],"wp:term":[{"taxonomy":"product_featured_cat","embeddable":true,"href":"https:\/\/shop.bantam.ch\/de\/wp-json\/wp\/v2\/product_featured_cat?post=64788"},{"taxonomy":"product_brand","embeddable":true,"href":"https:\/\/shop.bantam.ch\/de\/wp-json\/wp\/v2\/product_brand?post=64788"},{"taxonomy":"product_cat","embeddable":true,"href":"https:\/\/shop.bantam.ch\/de\/wp-json\/wp\/v2\/product_cat?post=64788"},{"taxonomy":"product_tag","embeddable":true,"href":"https:\/\/shop.bantam.ch\/de\/wp-json\/wp\/v2\/product_tag?post=64788"}],"curies":[{"name":"wp","href":"https:\/\/api.w.org\/{rel}","templated":true}]}}