{"id":64672,"date":"2023-02-27T19:08:22","date_gmt":"2023-02-27T18:08:22","guid":{"rendered":"http:\/\/shop.bantam.ch\/produit\/bedienknopf-one-touch-easy\/"},"modified":"2026-04-19T21:11:50","modified_gmt":"2026-04-19T19:11:50","slug":"bedienknopf-one-touch-easy","status":"publish","type":"product","link":"https:\/\/shop.bantam.ch\/de\/produkt\/bedienknopf-one-touch-easy\/","title":{"rendered":"Bedienknopf Alden One Touch Easy f\u00fcr S.S.C.-Suchmodul HD"},"content":{"rendered":"<p>Mit einem Tastendruck l\u00e4sst sich das Alden SAT \/ TV Paket bedienen. Mit &#8222;ONE Touch Easy&#8220; wird das gesamte SAT\/TV-System ohne die Gefahr einer Fehlbedienung ein bzw. augeschaltet. V\u00f6llig unabh\u00e4ngig von allen Ger\u00e4ten wird der intelligente Bedienknopf bet\u00e4tigt. ONE Touch Easy wird an der gew\u00fcnschten Position befestigt und mit einem 5 Meter Anschlusskabel an das S.S.C. HD-Steuermodul angeschlossen. Zwei Montagem\u00f6glichkeiten durch Befestigung von hinten, alternativ von vorne.<\/p>\n","protected":false},"excerpt":{"rendered":"<p>Mit einem Tastendruck l\u00e4sst sich das Alden SAT \/ TV Paket bedienen. Mit &#8222;ONE Touch Easy&#8220; wird das gesamte SAT\/TV-System ohne die Gefahr einer Fehlbedienung ein bzw. augeschaltet. V\u00f6llig unabh\u00e4ngig von allen Ger\u00e4ten wird der intelligente Bedienknopf bet\u00e4tigt. ONE Touch Easy wird an der gew\u00fcnschten Position befestigt und mit einem 5 Meter Anschlusskabel an das [&hellip;]<\/p>\n","protected":false},"featured_media":64670,"template":"","meta":{"_acf_changed":false},"product_featured_cat":[],"product_brand":[3077],"product_cat":[5016],"product_tag":[],"class_list":{"0":"post-64672","1":"product","2":"type-product","3":"status-publish","4":"has-post-thumbnail","6":"product_brand-alden-de","7":"product_cat-weiteres-zubehoer-fuer-sat-anlagen","9":"first","10":"instock","11":"taxable","12":"shipping-taxable","13":"purchasable","14":"product-type-simple"},"acf":[],"yoast_head":"<!-- This site is optimized with the Yoast SEO plugin v27.4 - https:\/\/yoast.com\/product\/yoast-seo-wordpress\/ -->\n<title>Bedienknopf Alden One Touch Easy f\u00fcr S.S.C.-Suchmodul HD - Bantam Camping AG<\/title>\n<meta name=\"robots\" content=\"index, follow, max-snippet:-1, max-image-preview:large, max-video-preview:-1\" \/>\n<link rel=\"canonical\" href=\"https:\/\/shop.bantam.ch\/de\/produkt\/bedienknopf-one-touch-easy\/\" \/>\n<meta property=\"og:locale\" content=\"de_DE\" \/>\n<meta property=\"og:type\" content=\"article\" \/>\n<meta property=\"og:title\" content=\"Bedienknopf Alden One Touch Easy f\u00fcr S.S.C.-Suchmodul HD - Bantam Camping AG\" \/>\n<meta property=\"og:description\" content=\"Mit einem Tastendruck l\u00e4sst sich das Alden SAT \/ TV Paket bedienen. Mit &#8222;ONE Touch Easy&#8220; wird das gesamte SAT\/TV-System ohne die Gefahr einer Fehlbedienung ein bzw. augeschaltet. V\u00f6llig unabh\u00e4ngig von allen Ger\u00e4ten wird der intelligente Bedienknopf bet\u00e4tigt. ONE Touch Easy wird an der gew\u00fcnschten Position befestigt und mit einem 5 Meter Anschlusskabel an das [&hellip;]\" \/>\n<meta property=\"og:url\" content=\"https:\/\/shop.bantam.ch\/de\/produkt\/bedienknopf-one-touch-easy\/\" \/>\n<meta property=\"og:site_name\" content=\"Bantam Camping AG\" \/>\n<meta property=\"article:modified_time\" content=\"2026-04-19T19:11:50+00:00\" \/>\n<meta property=\"og:image\" content=\"https:\/\/shop.bantam.ch\/wp-content\/uploads\/2023\/02\/9951947-100-1-3.jpg\" \/>\n\t<meta property=\"og:image:width\" content=\"1000\" \/>\n\t<meta property=\"og:image:height\" content=\"763\" \/>\n\t<meta property=\"og:image:type\" content=\"image\/jpeg\" \/>\n<meta name=\"twitter:card\" content=\"summary_large_image\" \/>\n<script type=\"application\/ld+json\" class=\"yoast-schema-graph\">{\"@context\":\"https:\\\/\\\/schema.org\",\"@graph\":[{\"@type\":\"WebPage\",\"@id\":\"https:\\\/\\\/shop.bantam.ch\\\/de\\\/produkt\\\/bedienknopf-one-touch-easy\\\/\",\"url\":\"https:\\\/\\\/shop.bantam.ch\\\/de\\\/produkt\\\/bedienknopf-one-touch-easy\\\/\",\"name\":\"Bedienknopf Alden One Touch Easy f\u00fcr S.S.C.-Suchmodul HD - Bantam Camping AG\",\"isPartOf\":{\"@id\":\"https:\\\/\\\/shop.bantam.ch\\\/de\\\/#website\"},\"primaryImageOfPage\":{\"@id\":\"https:\\\/\\\/shop.bantam.ch\\\/de\\\/produkt\\\/bedienknopf-one-touch-easy\\\/#primaryimage\"},\"image\":{\"@id\":\"https:\\\/\\\/shop.bantam.ch\\\/de\\\/produkt\\\/bedienknopf-one-touch-easy\\\/#primaryimage\"},\"thumbnailUrl\":\"https:\\\/\\\/shop.bantam.ch\\\/wp-content\\\/uploads\\\/2023\\\/02\\\/9951947-100-1-3.jpg\",\"datePublished\":\"2023-02-27T18:08:22+00:00\",\"dateModified\":\"2026-04-19T19:11:50+00:00\",\"breadcrumb\":{\"@id\":\"https:\\\/\\\/shop.bantam.ch\\\/de\\\/produkt\\\/bedienknopf-one-touch-easy\\\/#breadcrumb\"},\"inLanguage\":\"de\",\"potentialAction\":[{\"@type\":\"ReadAction\",\"target\":[\"https:\\\/\\\/shop.bantam.ch\\\/de\\\/produkt\\\/bedienknopf-one-touch-easy\\\/\"]}]},{\"@type\":\"ImageObject\",\"inLanguage\":\"de\",\"@id\":\"https:\\\/\\\/shop.bantam.ch\\\/de\\\/produkt\\\/bedienknopf-one-touch-easy\\\/#primaryimage\",\"url\":\"https:\\\/\\\/shop.bantam.ch\\\/wp-content\\\/uploads\\\/2023\\\/02\\\/9951947-100-1-3.jpg\",\"contentUrl\":\"https:\\\/\\\/shop.bantam.ch\\\/wp-content\\\/uploads\\\/2023\\\/02\\\/9951947-100-1-3.jpg\",\"width\":1000,\"height\":763},{\"@type\":\"BreadcrumbList\",\"@id\":\"https:\\\/\\\/shop.bantam.ch\\\/de\\\/produkt\\\/bedienknopf-one-touch-easy\\\/#breadcrumb\",\"itemListElement\":[{\"@type\":\"ListItem\",\"position\":1,\"name\":\"Accueil\",\"item\":\"https:\\\/\\\/shop.bantam.ch\\\/de\\\/\"},{\"@type\":\"ListItem\",\"position\":2,\"name\":\"Shop\",\"item\":\"https:\\\/\\\/shop.bantam.ch\\\/de\\\/shop\\\/\"},{\"@type\":\"ListItem\",\"position\":3,\"name\":\"Bedienknopf Alden One Touch Easy f\u00fcr S.S.C.-Suchmodul HD\"}]},{\"@type\":\"WebSite\",\"@id\":\"https:\\\/\\\/shop.bantam.ch\\\/de\\\/#website\",\"url\":\"https:\\\/\\\/shop.bantam.ch\\\/de\\\/\",\"name\":\"Bantam Camping AG\",\"description\":\"\",\"publisher\":{\"@id\":\"https:\\\/\\\/shop.bantam.ch\\\/de\\\/#organization\"},\"inLanguage\":\"de\"},{\"@type\":\"Organization\",\"@id\":\"https:\\\/\\\/shop.bantam.ch\\\/de\\\/#organization\",\"name\":\"Bantam Camping AG\",\"url\":\"https:\\\/\\\/shop.bantam.ch\\\/de\\\/\",\"logo\":{\"@type\":\"ImageObject\",\"inLanguage\":\"de\",\"@id\":\"https:\\\/\\\/shop.bantam.ch\\\/de\\\/#\\\/schema\\\/logo\\\/image\\\/\",\"url\":\"https:\\\/\\\/shop.bantam.ch\\\/wp-content\\\/uploads\\\/2022\\\/12\\\/bantam-logo.png\",\"contentUrl\":\"https:\\\/\\\/shop.bantam.ch\\\/wp-content\\\/uploads\\\/2022\\\/12\\\/bantam-logo.png\",\"width\":320,\"height\":71,\"caption\":\"Bantam Camping AG\"},\"image\":{\"@id\":\"https:\\\/\\\/shop.bantam.ch\\\/de\\\/#\\\/schema\\\/logo\\\/image\\\/\"}}]}<\/script>\n<!-- \/ Yoast SEO plugin. -->","yoast_head_json":{"title":"Bedienknopf Alden One Touch Easy f\u00fcr S.S.C.-Suchmodul HD - Bantam Camping AG","robots":{"index":"index","follow":"follow","max-snippet":"max-snippet:-1","max-image-preview":"max-image-preview:large","max-video-preview":"max-video-preview:-1"},"canonical":"https:\/\/shop.bantam.ch\/de\/produkt\/bedienknopf-one-touch-easy\/","og_locale":"de_DE","og_type":"article","og_title":"Bedienknopf Alden One Touch Easy f\u00fcr S.S.C.-Suchmodul HD - Bantam Camping AG","og_description":"Mit einem Tastendruck l\u00e4sst sich das Alden SAT \/ TV Paket bedienen. Mit &#8222;ONE Touch Easy&#8220; wird das gesamte SAT\/TV-System ohne die Gefahr einer Fehlbedienung ein bzw. augeschaltet. V\u00f6llig unabh\u00e4ngig von allen Ger\u00e4ten wird der intelligente Bedienknopf bet\u00e4tigt. ONE Touch Easy wird an der gew\u00fcnschten Position befestigt und mit einem 5 Meter Anschlusskabel an das [&hellip;]","og_url":"https:\/\/shop.bantam.ch\/de\/produkt\/bedienknopf-one-touch-easy\/","og_site_name":"Bantam Camping AG","article_modified_time":"2026-04-19T19:11:50+00:00","og_image":[{"width":1000,"height":763,"url":"https:\/\/shop.bantam.ch\/wp-content\/uploads\/2023\/02\/9951947-100-1-3.jpg","type":"image\/jpeg"}],"twitter_card":"summary_large_image","schema":{"@context":"https:\/\/schema.org","@graph":[{"@type":"WebPage","@id":"https:\/\/shop.bantam.ch\/de\/produkt\/bedienknopf-one-touch-easy\/","url":"https:\/\/shop.bantam.ch\/de\/produkt\/bedienknopf-one-touch-easy\/","name":"Bedienknopf Alden One Touch Easy f\u00fcr S.S.C.-Suchmodul HD - Bantam Camping AG","isPartOf":{"@id":"https:\/\/shop.bantam.ch\/de\/#website"},"primaryImageOfPage":{"@id":"https:\/\/shop.bantam.ch\/de\/produkt\/bedienknopf-one-touch-easy\/#primaryimage"},"image":{"@id":"https:\/\/shop.bantam.ch\/de\/produkt\/bedienknopf-one-touch-easy\/#primaryimage"},"thumbnailUrl":"https:\/\/shop.bantam.ch\/wp-content\/uploads\/2023\/02\/9951947-100-1-3.jpg","datePublished":"2023-02-27T18:08:22+00:00","dateModified":"2026-04-19T19:11:50+00:00","breadcrumb":{"@id":"https:\/\/shop.bantam.ch\/de\/produkt\/bedienknopf-one-touch-easy\/#breadcrumb"},"inLanguage":"de","potentialAction":[{"@type":"ReadAction","target":["https:\/\/shop.bantam.ch\/de\/produkt\/bedienknopf-one-touch-easy\/"]}]},{"@type":"ImageObject","inLanguage":"de","@id":"https:\/\/shop.bantam.ch\/de\/produkt\/bedienknopf-one-touch-easy\/#primaryimage","url":"https:\/\/shop.bantam.ch\/wp-content\/uploads\/2023\/02\/9951947-100-1-3.jpg","contentUrl":"https:\/\/shop.bantam.ch\/wp-content\/uploads\/2023\/02\/9951947-100-1-3.jpg","width":1000,"height":763},{"@type":"BreadcrumbList","@id":"https:\/\/shop.bantam.ch\/de\/produkt\/bedienknopf-one-touch-easy\/#breadcrumb","itemListElement":[{"@type":"ListItem","position":1,"name":"Accueil","item":"https:\/\/shop.bantam.ch\/de\/"},{"@type":"ListItem","position":2,"name":"Shop","item":"https:\/\/shop.bantam.ch\/de\/shop\/"},{"@type":"ListItem","position":3,"name":"Bedienknopf Alden One Touch Easy f\u00fcr S.S.C.-Suchmodul HD"}]},{"@type":"WebSite","@id":"https:\/\/shop.bantam.ch\/de\/#website","url":"https:\/\/shop.bantam.ch\/de\/","name":"Bantam Camping AG","description":"","publisher":{"@id":"https:\/\/shop.bantam.ch\/de\/#organization"},"inLanguage":"de"},{"@type":"Organization","@id":"https:\/\/shop.bantam.ch\/de\/#organization","name":"Bantam Camping AG","url":"https:\/\/shop.bantam.ch\/de\/","logo":{"@type":"ImageObject","inLanguage":"de","@id":"https:\/\/shop.bantam.ch\/de\/#\/schema\/logo\/image\/","url":"https:\/\/shop.bantam.ch\/wp-content\/uploads\/2022\/12\/bantam-logo.png","contentUrl":"https:\/\/shop.bantam.ch\/wp-content\/uploads\/2022\/12\/bantam-logo.png","width":320,"height":71,"caption":"Bantam Camping AG"},"image":{"@id":"https:\/\/shop.bantam.ch\/de\/#\/schema\/logo\/image\/"}}]}},"_links":{"self":[{"href":"https:\/\/shop.bantam.ch\/de\/wp-json\/wp\/v2\/product\/64672","targetHints":{"allow":["GET"]}}],"collection":[{"href":"https:\/\/shop.bantam.ch\/de\/wp-json\/wp\/v2\/product"}],"about":[{"href":"https:\/\/shop.bantam.ch\/de\/wp-json\/wp\/v2\/types\/product"}],"wp:featuredmedia":[{"embeddable":true,"href":"https:\/\/shop.bantam.ch\/de\/wp-json\/wp\/v2\/media\/64670"}],"wp:attachment":[{"href":"https:\/\/shop.bantam.ch\/de\/wp-json\/wp\/v2\/media?parent=64672"}],"wp:term":[{"taxonomy":"product_featured_cat","embeddable":true,"href":"https:\/\/shop.bantam.ch\/de\/wp-json\/wp\/v2\/product_featured_cat?post=64672"},{"taxonomy":"product_brand","embeddable":true,"href":"https:\/\/shop.bantam.ch\/de\/wp-json\/wp\/v2\/product_brand?post=64672"},{"taxonomy":"product_cat","embeddable":true,"href":"https:\/\/shop.bantam.ch\/de\/wp-json\/wp\/v2\/product_cat?post=64672"},{"taxonomy":"product_tag","embeddable":true,"href":"https:\/\/shop.bantam.ch\/de\/wp-json\/wp\/v2\/product_tag?post=64672"}],"curies":[{"name":"wp","href":"https:\/\/api.w.org\/{rel}","templated":true}]}}