{"id":64596,"date":"2024-03-27T19:06:43","date_gmt":"2024-03-27T18:06:43","guid":{"rendered":"http:\/\/shop.bantam.ch\/produit\/auto-feuerloescher-p-2-gm-mit-manometer\/"},"modified":"2026-04-19T21:11:36","modified_gmt":"2026-04-19T19:11:36","slug":"auto-feuerloescher-p-2-gm-mit-manometer","status":"publish","type":"product","link":"https:\/\/shop.bantam.ch\/de\/produkt\/auto-feuerloescher-p-2-gm-mit-manometer\/","title":{"rendered":"Auto-Feuerl\u00f6scher Gloria P 2 GM 2 kg mit Manometer"},"content":{"rendered":"<p>Pulverfeuerl\u00f6scher nach DIN EN 3 f\u00fcr Kraftfahrzeuge, mit 2 kg L\u00f6schpulver geeignet f\u00fcr die Brandklassen A, B und C, sehr kompakte Ausf\u00fchrung, robustes Ventilgeh\u00e4use mit Griff\u00f6ffnung, dadurch einfachste Einhandbedienung. Ausf\u00fchrung inklusive Manometer zur Druckanzeige.<\/p>\n<ul>\n<li>Widerstandsf\u00e4hige deutsche Siebdruckbeschriftung<\/li>\n<li>Temperaturfunktionsbereich: -30\u00b0 bis +60\u00b0C<\/li>\n<li>Brandklasse A: Rating: 13A <\/li>\n<li>Brandklasse B: Rating: 89B<\/li>\n<\/ul>\n<p>Lieferumfang:<br \/>Inklusive Kfz-Halter und Fenster Aufkleber<\/p>\n","protected":false},"excerpt":{"rendered":"<p>Pulverfeuerl\u00f6scher nach DIN EN 3 f\u00fcr Kraftfahrzeuge, mit 2 kg L\u00f6schpulver geeignet f\u00fcr die Brandklassen A, B und C, sehr kompakte Ausf\u00fchrung, robustes Ventilgeh\u00e4use mit Griff\u00f6ffnung, dadurch einfachste Einhandbedienung. Ausf\u00fchrung inklusive Manometer zur Druckanzeige. Widerstandsf\u00e4hige deutsche Siebdruckbeschriftung Temperaturfunktionsbereich: -30\u00b0 bis +60\u00b0C Brandklasse A: Rating: 13A Brandklasse B: Rating: 89B Lieferumfang:Inklusive Kfz-Halter und Fenster Aufkleber<\/p>\n","protected":false},"featured_media":64592,"template":"","meta":{"_acf_changed":false},"product_featured_cat":[],"product_brand":[3363],"product_cat":[4660],"product_tag":[],"class_list":{"0":"post-64596","1":"product","2":"type-product","3":"status-publish","4":"has-post-thumbnail","6":"product_brand-gloria-de","7":"product_cat-feuerloescher","9":"first","10":"instock","11":"taxable","12":"shipping-taxable","13":"purchasable","14":"product-type-simple"},"acf":[],"yoast_head":"<!-- This site is optimized with the Yoast SEO plugin v27.4 - https:\/\/yoast.com\/product\/yoast-seo-wordpress\/ -->\n<title>Auto-Feuerl\u00f6scher Gloria P 2 GM 2 kg mit Manometer - Bantam Camping AG<\/title>\n<meta name=\"robots\" content=\"index, follow, max-snippet:-1, max-image-preview:large, max-video-preview:-1\" \/>\n<link rel=\"canonical\" href=\"https:\/\/shop.bantam.ch\/de\/produkt\/auto-feuerloescher-p-2-gm-mit-manometer\/\" \/>\n<meta property=\"og:locale\" content=\"de_DE\" \/>\n<meta property=\"og:type\" content=\"article\" \/>\n<meta property=\"og:title\" content=\"Auto-Feuerl\u00f6scher Gloria P 2 GM 2 kg mit Manometer - Bantam Camping AG\" \/>\n<meta property=\"og:description\" content=\"Pulverfeuerl\u00f6scher nach DIN EN 3 f\u00fcr Kraftfahrzeuge, mit 2 kg L\u00f6schpulver geeignet f\u00fcr die Brandklassen A, B und C, sehr kompakte Ausf\u00fchrung, robustes Ventilgeh\u00e4use mit Griff\u00f6ffnung, dadurch einfachste Einhandbedienung. Ausf\u00fchrung inklusive Manometer zur Druckanzeige. Widerstandsf\u00e4hige deutsche Siebdruckbeschriftung Temperaturfunktionsbereich: -30\u00b0 bis +60\u00b0C Brandklasse A: Rating: 13A Brandklasse B: Rating: 89B Lieferumfang:Inklusive Kfz-Halter und Fenster Aufkleber\" \/>\n<meta property=\"og:url\" content=\"https:\/\/shop.bantam.ch\/de\/produkt\/auto-feuerloescher-p-2-gm-mit-manometer\/\" \/>\n<meta property=\"og:site_name\" content=\"Bantam Camping AG\" \/>\n<meta property=\"article:modified_time\" content=\"2026-04-19T19:11:36+00:00\" \/>\n<meta property=\"og:image\" content=\"https:\/\/shop.bantam.ch\/wp-content\/uploads\/2023\/02\/9940778-100-1-3.jpg\" \/>\n\t<meta property=\"og:image:width\" content=\"403\" \/>\n\t<meta property=\"og:image:height\" content=\"1000\" \/>\n\t<meta property=\"og:image:type\" content=\"image\/jpeg\" \/>\n<meta name=\"twitter:card\" content=\"summary_large_image\" \/>\n<script type=\"application\/ld+json\" class=\"yoast-schema-graph\">{\"@context\":\"https:\\\/\\\/schema.org\",\"@graph\":[{\"@type\":\"WebPage\",\"@id\":\"https:\\\/\\\/shop.bantam.ch\\\/de\\\/produkt\\\/auto-feuerloescher-p-2-gm-mit-manometer\\\/\",\"url\":\"https:\\\/\\\/shop.bantam.ch\\\/de\\\/produkt\\\/auto-feuerloescher-p-2-gm-mit-manometer\\\/\",\"name\":\"Auto-Feuerl\u00f6scher Gloria P 2 GM 2 kg mit Manometer - Bantam Camping AG\",\"isPartOf\":{\"@id\":\"https:\\\/\\\/shop.bantam.ch\\\/de\\\/#website\"},\"primaryImageOfPage\":{\"@id\":\"https:\\\/\\\/shop.bantam.ch\\\/de\\\/produkt\\\/auto-feuerloescher-p-2-gm-mit-manometer\\\/#primaryimage\"},\"image\":{\"@id\":\"https:\\\/\\\/shop.bantam.ch\\\/de\\\/produkt\\\/auto-feuerloescher-p-2-gm-mit-manometer\\\/#primaryimage\"},\"thumbnailUrl\":\"https:\\\/\\\/shop.bantam.ch\\\/wp-content\\\/uploads\\\/2023\\\/02\\\/9940778-100-1-3.jpg\",\"datePublished\":\"2024-03-27T18:06:43+00:00\",\"dateModified\":\"2026-04-19T19:11:36+00:00\",\"breadcrumb\":{\"@id\":\"https:\\\/\\\/shop.bantam.ch\\\/de\\\/produkt\\\/auto-feuerloescher-p-2-gm-mit-manometer\\\/#breadcrumb\"},\"inLanguage\":\"de\",\"potentialAction\":[{\"@type\":\"ReadAction\",\"target\":[\"https:\\\/\\\/shop.bantam.ch\\\/de\\\/produkt\\\/auto-feuerloescher-p-2-gm-mit-manometer\\\/\"]}]},{\"@type\":\"ImageObject\",\"inLanguage\":\"de\",\"@id\":\"https:\\\/\\\/shop.bantam.ch\\\/de\\\/produkt\\\/auto-feuerloescher-p-2-gm-mit-manometer\\\/#primaryimage\",\"url\":\"https:\\\/\\\/shop.bantam.ch\\\/wp-content\\\/uploads\\\/2023\\\/02\\\/9940778-100-1-3.jpg\",\"contentUrl\":\"https:\\\/\\\/shop.bantam.ch\\\/wp-content\\\/uploads\\\/2023\\\/02\\\/9940778-100-1-3.jpg\",\"width\":403,\"height\":1000},{\"@type\":\"BreadcrumbList\",\"@id\":\"https:\\\/\\\/shop.bantam.ch\\\/de\\\/produkt\\\/auto-feuerloescher-p-2-gm-mit-manometer\\\/#breadcrumb\",\"itemListElement\":[{\"@type\":\"ListItem\",\"position\":1,\"name\":\"Accueil\",\"item\":\"https:\\\/\\\/shop.bantam.ch\\\/de\\\/\"},{\"@type\":\"ListItem\",\"position\":2,\"name\":\"Shop\",\"item\":\"https:\\\/\\\/shop.bantam.ch\\\/de\\\/shop\\\/\"},{\"@type\":\"ListItem\",\"position\":3,\"name\":\"Auto-Feuerl\u00f6scher Gloria P 2 GM 2 kg mit Manometer\"}]},{\"@type\":\"WebSite\",\"@id\":\"https:\\\/\\\/shop.bantam.ch\\\/de\\\/#website\",\"url\":\"https:\\\/\\\/shop.bantam.ch\\\/de\\\/\",\"name\":\"Bantam Camping AG\",\"description\":\"\",\"publisher\":{\"@id\":\"https:\\\/\\\/shop.bantam.ch\\\/de\\\/#organization\"},\"inLanguage\":\"de\"},{\"@type\":\"Organization\",\"@id\":\"https:\\\/\\\/shop.bantam.ch\\\/de\\\/#organization\",\"name\":\"Bantam Camping AG\",\"url\":\"https:\\\/\\\/shop.bantam.ch\\\/de\\\/\",\"logo\":{\"@type\":\"ImageObject\",\"inLanguage\":\"de\",\"@id\":\"https:\\\/\\\/shop.bantam.ch\\\/de\\\/#\\\/schema\\\/logo\\\/image\\\/\",\"url\":\"https:\\\/\\\/shop.bantam.ch\\\/wp-content\\\/uploads\\\/2022\\\/12\\\/bantam-logo.png\",\"contentUrl\":\"https:\\\/\\\/shop.bantam.ch\\\/wp-content\\\/uploads\\\/2022\\\/12\\\/bantam-logo.png\",\"width\":320,\"height\":71,\"caption\":\"Bantam Camping AG\"},\"image\":{\"@id\":\"https:\\\/\\\/shop.bantam.ch\\\/de\\\/#\\\/schema\\\/logo\\\/image\\\/\"}}]}<\/script>\n<!-- \/ Yoast SEO plugin. -->","yoast_head_json":{"title":"Auto-Feuerl\u00f6scher Gloria P 2 GM 2 kg mit Manometer - Bantam Camping AG","robots":{"index":"index","follow":"follow","max-snippet":"max-snippet:-1","max-image-preview":"max-image-preview:large","max-video-preview":"max-video-preview:-1"},"canonical":"https:\/\/shop.bantam.ch\/de\/produkt\/auto-feuerloescher-p-2-gm-mit-manometer\/","og_locale":"de_DE","og_type":"article","og_title":"Auto-Feuerl\u00f6scher Gloria P 2 GM 2 kg mit Manometer - Bantam Camping AG","og_description":"Pulverfeuerl\u00f6scher nach DIN EN 3 f\u00fcr Kraftfahrzeuge, mit 2 kg L\u00f6schpulver geeignet f\u00fcr die Brandklassen A, B und C, sehr kompakte Ausf\u00fchrung, robustes Ventilgeh\u00e4use mit Griff\u00f6ffnung, dadurch einfachste Einhandbedienung. Ausf\u00fchrung inklusive Manometer zur Druckanzeige. Widerstandsf\u00e4hige deutsche Siebdruckbeschriftung Temperaturfunktionsbereich: -30\u00b0 bis +60\u00b0C Brandklasse A: Rating: 13A Brandklasse B: Rating: 89B Lieferumfang:Inklusive Kfz-Halter und Fenster Aufkleber","og_url":"https:\/\/shop.bantam.ch\/de\/produkt\/auto-feuerloescher-p-2-gm-mit-manometer\/","og_site_name":"Bantam Camping AG","article_modified_time":"2026-04-19T19:11:36+00:00","og_image":[{"width":403,"height":1000,"url":"https:\/\/shop.bantam.ch\/wp-content\/uploads\/2023\/02\/9940778-100-1-3.jpg","type":"image\/jpeg"}],"twitter_card":"summary_large_image","schema":{"@context":"https:\/\/schema.org","@graph":[{"@type":"WebPage","@id":"https:\/\/shop.bantam.ch\/de\/produkt\/auto-feuerloescher-p-2-gm-mit-manometer\/","url":"https:\/\/shop.bantam.ch\/de\/produkt\/auto-feuerloescher-p-2-gm-mit-manometer\/","name":"Auto-Feuerl\u00f6scher Gloria P 2 GM 2 kg mit Manometer - Bantam Camping AG","isPartOf":{"@id":"https:\/\/shop.bantam.ch\/de\/#website"},"primaryImageOfPage":{"@id":"https:\/\/shop.bantam.ch\/de\/produkt\/auto-feuerloescher-p-2-gm-mit-manometer\/#primaryimage"},"image":{"@id":"https:\/\/shop.bantam.ch\/de\/produkt\/auto-feuerloescher-p-2-gm-mit-manometer\/#primaryimage"},"thumbnailUrl":"https:\/\/shop.bantam.ch\/wp-content\/uploads\/2023\/02\/9940778-100-1-3.jpg","datePublished":"2024-03-27T18:06:43+00:00","dateModified":"2026-04-19T19:11:36+00:00","breadcrumb":{"@id":"https:\/\/shop.bantam.ch\/de\/produkt\/auto-feuerloescher-p-2-gm-mit-manometer\/#breadcrumb"},"inLanguage":"de","potentialAction":[{"@type":"ReadAction","target":["https:\/\/shop.bantam.ch\/de\/produkt\/auto-feuerloescher-p-2-gm-mit-manometer\/"]}]},{"@type":"ImageObject","inLanguage":"de","@id":"https:\/\/shop.bantam.ch\/de\/produkt\/auto-feuerloescher-p-2-gm-mit-manometer\/#primaryimage","url":"https:\/\/shop.bantam.ch\/wp-content\/uploads\/2023\/02\/9940778-100-1-3.jpg","contentUrl":"https:\/\/shop.bantam.ch\/wp-content\/uploads\/2023\/02\/9940778-100-1-3.jpg","width":403,"height":1000},{"@type":"BreadcrumbList","@id":"https:\/\/shop.bantam.ch\/de\/produkt\/auto-feuerloescher-p-2-gm-mit-manometer\/#breadcrumb","itemListElement":[{"@type":"ListItem","position":1,"name":"Accueil","item":"https:\/\/shop.bantam.ch\/de\/"},{"@type":"ListItem","position":2,"name":"Shop","item":"https:\/\/shop.bantam.ch\/de\/shop\/"},{"@type":"ListItem","position":3,"name":"Auto-Feuerl\u00f6scher Gloria P 2 GM 2 kg mit Manometer"}]},{"@type":"WebSite","@id":"https:\/\/shop.bantam.ch\/de\/#website","url":"https:\/\/shop.bantam.ch\/de\/","name":"Bantam Camping AG","description":"","publisher":{"@id":"https:\/\/shop.bantam.ch\/de\/#organization"},"inLanguage":"de"},{"@type":"Organization","@id":"https:\/\/shop.bantam.ch\/de\/#organization","name":"Bantam Camping AG","url":"https:\/\/shop.bantam.ch\/de\/","logo":{"@type":"ImageObject","inLanguage":"de","@id":"https:\/\/shop.bantam.ch\/de\/#\/schema\/logo\/image\/","url":"https:\/\/shop.bantam.ch\/wp-content\/uploads\/2022\/12\/bantam-logo.png","contentUrl":"https:\/\/shop.bantam.ch\/wp-content\/uploads\/2022\/12\/bantam-logo.png","width":320,"height":71,"caption":"Bantam Camping AG"},"image":{"@id":"https:\/\/shop.bantam.ch\/de\/#\/schema\/logo\/image\/"}}]}},"_links":{"self":[{"href":"https:\/\/shop.bantam.ch\/de\/wp-json\/wp\/v2\/product\/64596","targetHints":{"allow":["GET"]}}],"collection":[{"href":"https:\/\/shop.bantam.ch\/de\/wp-json\/wp\/v2\/product"}],"about":[{"href":"https:\/\/shop.bantam.ch\/de\/wp-json\/wp\/v2\/types\/product"}],"wp:featuredmedia":[{"embeddable":true,"href":"https:\/\/shop.bantam.ch\/de\/wp-json\/wp\/v2\/media\/64592"}],"wp:attachment":[{"href":"https:\/\/shop.bantam.ch\/de\/wp-json\/wp\/v2\/media?parent=64596"}],"wp:term":[{"taxonomy":"product_featured_cat","embeddable":true,"href":"https:\/\/shop.bantam.ch\/de\/wp-json\/wp\/v2\/product_featured_cat?post=64596"},{"taxonomy":"product_brand","embeddable":true,"href":"https:\/\/shop.bantam.ch\/de\/wp-json\/wp\/v2\/product_brand?post=64596"},{"taxonomy":"product_cat","embeddable":true,"href":"https:\/\/shop.bantam.ch\/de\/wp-json\/wp\/v2\/product_cat?post=64596"},{"taxonomy":"product_tag","embeddable":true,"href":"https:\/\/shop.bantam.ch\/de\/wp-json\/wp\/v2\/product_tag?post=64596"}],"curies":[{"name":"wp","href":"https:\/\/api.w.org\/{rel}","templated":true}]}}