{"id":64590,"date":"2023-02-27T19:06:37","date_gmt":"2023-02-27T18:06:37","guid":{"rendered":"http:\/\/shop.bantam.ch\/produit\/feuerloescher-pd-6-ga-mit-manometer\/"},"modified":"2026-05-11T21:10:10","modified_gmt":"2026-05-11T19:10:10","slug":"feuerloescher-pd-6-ga-mit-manometer","status":"publish","type":"product","link":"https:\/\/shop.bantam.ch\/de\/produkt\/feuerloescher-pd-6-ga-mit-manometer\/","title":{"rendered":"Feuerl\u00f6scher Gloria PD 6 GA 6 kg mit Manometer"},"content":{"rendered":"<p>Tragbarer Pulver-Feuerl\u00f6scher nach DIN EN 3 f\u00fcr die Brandklassen A, B, C Dauerdruckfeuerl\u00f6scher mit N2-Treibmittel und Druckhebelarmatur aus Qualit\u00e4tsstahlblech, schwarz\/rot pulverbeschichtet.<br \/>Bew\u00e4hrter, langlebiger Ventilk\u00f6rper aus Messing mit Pr\u00fcfventil und Manometer.<br \/>L\u00f6schmittel 6 kg GLORIA- ABC-Hochleistungsl\u00f6schpulver Beh\u00e4lter mit Polyesterharzbeschichtung, rot, RAL 3000, TGIC-frei mit Aufh\u00e4ngelasche. Kunststoff-Standring mit L\u00f6schpistolenaufnahme.<\/p>\n<ul>\n<li>Widerstandsf\u00e4hige Siebdruckbeschriftung<\/li>\n<li>Zweisprachig (DE\/GB)<\/li>\n<li>GS-Zeichen<\/li>\n<li>Einsetzbar an elektrischen Anlagen bis 1000 Volt<\/li>\n<li>Mindestabstand 1 m<\/li>\n<li>Funktionsbereich: -30\u00b0C bis +60\u00b0C<\/li>\n<li>Brandklasse A: Rating: 43A = 12LE <\/li>\n<li>Brandklasse B: Rating: 233B = 15LE<\/li>\n<li>L\u00f6schmitteleinheiten (LE) f\u00fcr die Brandklassen A+B: 12LE<\/li>\n<\/ul>\n<p>Lieferumfang:<br \/>Wandhalter mit je zwei Aufh\u00e4ngungen und Gummipuffern<br \/>Betriebsanleitung und Wartungsdienstantwortkarte beiliegend<\/p>\n","protected":false},"excerpt":{"rendered":"<p>Tragbarer Pulver-Feuerl\u00f6scher nach DIN EN 3 f\u00fcr die Brandklassen A, B, C Dauerdruckfeuerl\u00f6scher mit N2-Treibmittel und Druckhebelarmatur aus Qualit\u00e4tsstahlblech, schwarz\/rot pulverbeschichtet.Bew\u00e4hrter, langlebiger Ventilk\u00f6rper aus Messing mit Pr\u00fcfventil und Manometer.L\u00f6schmittel 6 kg GLORIA- ABC-Hochleistungsl\u00f6schpulver Beh\u00e4lter mit Polyesterharzbeschichtung, rot, RAL 3000, TGIC-frei mit Aufh\u00e4ngelasche. Kunststoff-Standring mit L\u00f6schpistolenaufnahme. Widerstandsf\u00e4hige Siebdruckbeschriftung Zweisprachig (DE\/GB) GS-Zeichen Einsetzbar an elektrischen Anlagen bis [&hellip;]<\/p>\n","protected":false},"featured_media":64586,"template":"","meta":{"_acf_changed":false},"product_featured_cat":[],"product_brand":[3363],"product_cat":[4660],"product_tag":[],"class_list":{"0":"post-64590","1":"product","2":"type-product","3":"status-publish","4":"has-post-thumbnail","6":"product_brand-gloria-de","7":"product_cat-feuerloescher","9":"first","10":"instock","11":"taxable","12":"shipping-taxable","13":"purchasable","14":"product-type-simple"},"acf":[],"yoast_head":"<!-- This site is optimized with the Yoast SEO plugin v27.5 - https:\/\/yoast.com\/product\/yoast-seo-wordpress\/ -->\n<title>Feuerl\u00f6scher Gloria PD 6 GA 6 kg mit Manometer - Bantam<\/title>\n<meta name=\"robots\" content=\"index, follow, max-snippet:-1, max-image-preview:large, max-video-preview:-1\" \/>\n<link rel=\"canonical\" href=\"https:\/\/shop.bantam.ch\/de\/produkt\/feuerloescher-pd-6-ga-mit-manometer\/\" \/>\n<meta property=\"og:locale\" content=\"de_DE\" \/>\n<meta property=\"og:type\" content=\"article\" \/>\n<meta property=\"og:title\" content=\"Feuerl\u00f6scher Gloria PD 6 GA 6 kg mit Manometer - Bantam\" \/>\n<meta property=\"og:description\" content=\"Tragbarer Pulver-Feuerl\u00f6scher nach DIN EN 3 f\u00fcr die Brandklassen A, B, C Dauerdruckfeuerl\u00f6scher mit N2-Treibmittel und Druckhebelarmatur aus Qualit\u00e4tsstahlblech, schwarz\/rot pulverbeschichtet.Bew\u00e4hrter, langlebiger Ventilk\u00f6rper aus Messing mit Pr\u00fcfventil und Manometer.L\u00f6schmittel 6 kg GLORIA- ABC-Hochleistungsl\u00f6schpulver Beh\u00e4lter mit Polyesterharzbeschichtung, rot, RAL 3000, TGIC-frei mit Aufh\u00e4ngelasche. Kunststoff-Standring mit L\u00f6schpistolenaufnahme. Widerstandsf\u00e4hige Siebdruckbeschriftung Zweisprachig (DE\/GB) GS-Zeichen Einsetzbar an elektrischen Anlagen bis [&hellip;]\" \/>\n<meta property=\"og:url\" content=\"https:\/\/shop.bantam.ch\/de\/produkt\/feuerloescher-pd-6-ga-mit-manometer\/\" \/>\n<meta property=\"og:site_name\" content=\"Bantam\" \/>\n<meta property=\"article:modified_time\" content=\"2026-05-11T19:10:10+00:00\" \/>\n<meta property=\"og:image\" content=\"https:\/\/shop.bantam.ch\/wp-content\/uploads\/2023\/02\/9940777-100-1-3.jpg\" \/>\n\t<meta property=\"og:image:width\" content=\"667\" \/>\n\t<meta property=\"og:image:height\" content=\"1000\" \/>\n\t<meta property=\"og:image:type\" content=\"image\/jpeg\" \/>\n<meta name=\"twitter:card\" content=\"summary_large_image\" \/>\n<meta name=\"twitter:label1\" content=\"Gesch\u00e4tzte Lesezeit\" \/>\n\t<meta name=\"twitter:data1\" content=\"1\u00a0Minute\" \/>\n<script type=\"application\/ld+json\" class=\"yoast-schema-graph\">{\"@context\":\"https:\\\/\\\/schema.org\",\"@graph\":[{\"@type\":\"WebPage\",\"@id\":\"https:\\\/\\\/shop.bantam.ch\\\/de\\\/produkt\\\/feuerloescher-pd-6-ga-mit-manometer\\\/\",\"url\":\"https:\\\/\\\/shop.bantam.ch\\\/de\\\/produkt\\\/feuerloescher-pd-6-ga-mit-manometer\\\/\",\"name\":\"Feuerl\u00f6scher Gloria PD 6 GA 6 kg mit Manometer - Bantam\",\"isPartOf\":{\"@id\":\"https:\\\/\\\/shop.bantam.ch\\\/de\\\/#website\"},\"primaryImageOfPage\":{\"@id\":\"https:\\\/\\\/shop.bantam.ch\\\/de\\\/produkt\\\/feuerloescher-pd-6-ga-mit-manometer\\\/#primaryimage\"},\"image\":{\"@id\":\"https:\\\/\\\/shop.bantam.ch\\\/de\\\/produkt\\\/feuerloescher-pd-6-ga-mit-manometer\\\/#primaryimage\"},\"thumbnailUrl\":\"https:\\\/\\\/shop.bantam.ch\\\/wp-content\\\/uploads\\\/2023\\\/02\\\/9940777-100-1-3.jpg\",\"datePublished\":\"2023-02-27T18:06:37+00:00\",\"dateModified\":\"2026-05-11T19:10:10+00:00\",\"breadcrumb\":{\"@id\":\"https:\\\/\\\/shop.bantam.ch\\\/de\\\/produkt\\\/feuerloescher-pd-6-ga-mit-manometer\\\/#breadcrumb\"},\"inLanguage\":\"de\",\"potentialAction\":[{\"@type\":\"ReadAction\",\"target\":[\"https:\\\/\\\/shop.bantam.ch\\\/de\\\/produkt\\\/feuerloescher-pd-6-ga-mit-manometer\\\/\"]}]},{\"@type\":\"ImageObject\",\"inLanguage\":\"de\",\"@id\":\"https:\\\/\\\/shop.bantam.ch\\\/de\\\/produkt\\\/feuerloescher-pd-6-ga-mit-manometer\\\/#primaryimage\",\"url\":\"https:\\\/\\\/shop.bantam.ch\\\/wp-content\\\/uploads\\\/2023\\\/02\\\/9940777-100-1-3.jpg\",\"contentUrl\":\"https:\\\/\\\/shop.bantam.ch\\\/wp-content\\\/uploads\\\/2023\\\/02\\\/9940777-100-1-3.jpg\",\"width\":667,\"height\":1000},{\"@type\":\"BreadcrumbList\",\"@id\":\"https:\\\/\\\/shop.bantam.ch\\\/de\\\/produkt\\\/feuerloescher-pd-6-ga-mit-manometer\\\/#breadcrumb\",\"itemListElement\":[{\"@type\":\"ListItem\",\"position\":1,\"name\":\"Accueil\",\"item\":\"https:\\\/\\\/shop.bantam.ch\\\/de\\\/\"},{\"@type\":\"ListItem\",\"position\":2,\"name\":\"Shop\",\"item\":\"https:\\\/\\\/shop.bantam.ch\\\/de\\\/shop\\\/\"},{\"@type\":\"ListItem\",\"position\":3,\"name\":\"Feuerl\u00f6scher Gloria PD 6 GA 6 kg mit Manometer\"}]},{\"@type\":\"WebSite\",\"@id\":\"https:\\\/\\\/shop.bantam.ch\\\/de\\\/#website\",\"url\":\"https:\\\/\\\/shop.bantam.ch\\\/de\\\/\",\"name\":\"Bantam\",\"description\":\"\",\"publisher\":{\"@id\":\"https:\\\/\\\/shop.bantam.ch\\\/de\\\/#organization\"},\"inLanguage\":\"de\"},{\"@type\":\"Organization\",\"@id\":\"https:\\\/\\\/shop.bantam.ch\\\/de\\\/#organization\",\"name\":\"Bantam\",\"url\":\"https:\\\/\\\/shop.bantam.ch\\\/de\\\/\",\"logo\":{\"@type\":\"ImageObject\",\"inLanguage\":\"de\",\"@id\":\"https:\\\/\\\/shop.bantam.ch\\\/de\\\/#\\\/schema\\\/logo\\\/image\\\/\",\"url\":\"https:\\\/\\\/shop.bantam.ch\\\/wp-content\\\/uploads\\\/2022\\\/12\\\/bantam-logo.png\",\"contentUrl\":\"https:\\\/\\\/shop.bantam.ch\\\/wp-content\\\/uploads\\\/2022\\\/12\\\/bantam-logo.png\",\"width\":320,\"height\":71,\"caption\":\"Bantam\"},\"image\":{\"@id\":\"https:\\\/\\\/shop.bantam.ch\\\/de\\\/#\\\/schema\\\/logo\\\/image\\\/\"}}]}<\/script>\n<!-- \/ Yoast SEO plugin. -->","yoast_head_json":{"title":"Feuerl\u00f6scher Gloria PD 6 GA 6 kg mit Manometer - Bantam","robots":{"index":"index","follow":"follow","max-snippet":"max-snippet:-1","max-image-preview":"max-image-preview:large","max-video-preview":"max-video-preview:-1"},"canonical":"https:\/\/shop.bantam.ch\/de\/produkt\/feuerloescher-pd-6-ga-mit-manometer\/","og_locale":"de_DE","og_type":"article","og_title":"Feuerl\u00f6scher Gloria PD 6 GA 6 kg mit Manometer - Bantam","og_description":"Tragbarer Pulver-Feuerl\u00f6scher nach DIN EN 3 f\u00fcr die Brandklassen A, B, C Dauerdruckfeuerl\u00f6scher mit N2-Treibmittel und Druckhebelarmatur aus Qualit\u00e4tsstahlblech, schwarz\/rot pulverbeschichtet.Bew\u00e4hrter, langlebiger Ventilk\u00f6rper aus Messing mit Pr\u00fcfventil und Manometer.L\u00f6schmittel 6 kg GLORIA- ABC-Hochleistungsl\u00f6schpulver Beh\u00e4lter mit Polyesterharzbeschichtung, rot, RAL 3000, TGIC-frei mit Aufh\u00e4ngelasche. Kunststoff-Standring mit L\u00f6schpistolenaufnahme. Widerstandsf\u00e4hige Siebdruckbeschriftung Zweisprachig (DE\/GB) GS-Zeichen Einsetzbar an elektrischen Anlagen bis [&hellip;]","og_url":"https:\/\/shop.bantam.ch\/de\/produkt\/feuerloescher-pd-6-ga-mit-manometer\/","og_site_name":"Bantam","article_modified_time":"2026-05-11T19:10:10+00:00","og_image":[{"width":667,"height":1000,"url":"https:\/\/shop.bantam.ch\/wp-content\/uploads\/2023\/02\/9940777-100-1-3.jpg","type":"image\/jpeg"}],"twitter_card":"summary_large_image","twitter_misc":{"Gesch\u00e4tzte Lesezeit":"1\u00a0Minute"},"schema":{"@context":"https:\/\/schema.org","@graph":[{"@type":"WebPage","@id":"https:\/\/shop.bantam.ch\/de\/produkt\/feuerloescher-pd-6-ga-mit-manometer\/","url":"https:\/\/shop.bantam.ch\/de\/produkt\/feuerloescher-pd-6-ga-mit-manometer\/","name":"Feuerl\u00f6scher Gloria PD 6 GA 6 kg mit Manometer - Bantam","isPartOf":{"@id":"https:\/\/shop.bantam.ch\/de\/#website"},"primaryImageOfPage":{"@id":"https:\/\/shop.bantam.ch\/de\/produkt\/feuerloescher-pd-6-ga-mit-manometer\/#primaryimage"},"image":{"@id":"https:\/\/shop.bantam.ch\/de\/produkt\/feuerloescher-pd-6-ga-mit-manometer\/#primaryimage"},"thumbnailUrl":"https:\/\/shop.bantam.ch\/wp-content\/uploads\/2023\/02\/9940777-100-1-3.jpg","datePublished":"2023-02-27T18:06:37+00:00","dateModified":"2026-05-11T19:10:10+00:00","breadcrumb":{"@id":"https:\/\/shop.bantam.ch\/de\/produkt\/feuerloescher-pd-6-ga-mit-manometer\/#breadcrumb"},"inLanguage":"de","potentialAction":[{"@type":"ReadAction","target":["https:\/\/shop.bantam.ch\/de\/produkt\/feuerloescher-pd-6-ga-mit-manometer\/"]}]},{"@type":"ImageObject","inLanguage":"de","@id":"https:\/\/shop.bantam.ch\/de\/produkt\/feuerloescher-pd-6-ga-mit-manometer\/#primaryimage","url":"https:\/\/shop.bantam.ch\/wp-content\/uploads\/2023\/02\/9940777-100-1-3.jpg","contentUrl":"https:\/\/shop.bantam.ch\/wp-content\/uploads\/2023\/02\/9940777-100-1-3.jpg","width":667,"height":1000},{"@type":"BreadcrumbList","@id":"https:\/\/shop.bantam.ch\/de\/produkt\/feuerloescher-pd-6-ga-mit-manometer\/#breadcrumb","itemListElement":[{"@type":"ListItem","position":1,"name":"Accueil","item":"https:\/\/shop.bantam.ch\/de\/"},{"@type":"ListItem","position":2,"name":"Shop","item":"https:\/\/shop.bantam.ch\/de\/shop\/"},{"@type":"ListItem","position":3,"name":"Feuerl\u00f6scher Gloria PD 6 GA 6 kg mit Manometer"}]},{"@type":"WebSite","@id":"https:\/\/shop.bantam.ch\/de\/#website","url":"https:\/\/shop.bantam.ch\/de\/","name":"Bantam","description":"","publisher":{"@id":"https:\/\/shop.bantam.ch\/de\/#organization"},"inLanguage":"de"},{"@type":"Organization","@id":"https:\/\/shop.bantam.ch\/de\/#organization","name":"Bantam","url":"https:\/\/shop.bantam.ch\/de\/","logo":{"@type":"ImageObject","inLanguage":"de","@id":"https:\/\/shop.bantam.ch\/de\/#\/schema\/logo\/image\/","url":"https:\/\/shop.bantam.ch\/wp-content\/uploads\/2022\/12\/bantam-logo.png","contentUrl":"https:\/\/shop.bantam.ch\/wp-content\/uploads\/2022\/12\/bantam-logo.png","width":320,"height":71,"caption":"Bantam"},"image":{"@id":"https:\/\/shop.bantam.ch\/de\/#\/schema\/logo\/image\/"}}]}},"_links":{"self":[{"href":"https:\/\/shop.bantam.ch\/de\/wp-json\/wp\/v2\/product\/64590","targetHints":{"allow":["GET"]}}],"collection":[{"href":"https:\/\/shop.bantam.ch\/de\/wp-json\/wp\/v2\/product"}],"about":[{"href":"https:\/\/shop.bantam.ch\/de\/wp-json\/wp\/v2\/types\/product"}],"wp:featuredmedia":[{"embeddable":true,"href":"https:\/\/shop.bantam.ch\/de\/wp-json\/wp\/v2\/media\/64586"}],"wp:attachment":[{"href":"https:\/\/shop.bantam.ch\/de\/wp-json\/wp\/v2\/media?parent=64590"}],"wp:term":[{"taxonomy":"product_featured_cat","embeddable":true,"href":"https:\/\/shop.bantam.ch\/de\/wp-json\/wp\/v2\/product_featured_cat?post=64590"},{"taxonomy":"product_brand","embeddable":true,"href":"https:\/\/shop.bantam.ch\/de\/wp-json\/wp\/v2\/product_brand?post=64590"},{"taxonomy":"product_cat","embeddable":true,"href":"https:\/\/shop.bantam.ch\/de\/wp-json\/wp\/v2\/product_cat?post=64590"},{"taxonomy":"product_tag","embeddable":true,"href":"https:\/\/shop.bantam.ch\/de\/wp-json\/wp\/v2\/product_tag?post=64590"}],"curies":[{"name":"wp","href":"https:\/\/api.w.org\/{rel}","templated":true}]}}