{"id":64440,"date":"2023-02-27T19:03:37","date_gmt":"2023-02-27T18:03:37","guid":{"rendered":"http:\/\/shop.bantam.ch\/produit\/hochdruckpumpe-15-psi\/"},"modified":"2026-05-11T21:10:02","modified_gmt":"2026-05-11T19:10:02","slug":"hochdruckpumpe-15-psi","status":"publish","type":"product","link":"https:\/\/shop.bantam.ch\/de\/produkt\/hochdruckpumpe-15-psi\/","title":{"rendered":"Hochdruckpumpe 15 PSI sevylor Farbe blau"},"content":{"rendered":"<p>Leistungsstarke Hochdruckpumpe f\u00fcr den Betrieb mit 12 Volt. F\u00fcr alle Sevylor-Produkte, max. Druck 1030 mbar (15 PSI), 190 Liter\/Minute. Kein \u00dcberdruckrisiko durch Wahlm\u00f6glichkeit der Druckst\u00e4rke, Schlauch mit Adaptern f\u00fcr alle Arten von Ventilen.<\/p>\n<ul>\n<li>Gewicht: 1,3 kg<\/li>\n<\/ul>\n<p>\u00a0<\/p>\n","protected":false},"excerpt":{"rendered":"<p>Leistungsstarke Hochdruckpumpe f\u00fcr den Betrieb mit 12 Volt. F\u00fcr alle Sevylor-Produkte, max. Druck 1030 mbar (15 PSI), 190 Liter\/Minute. Kein \u00dcberdruckrisiko durch Wahlm\u00f6glichkeit der Druckst\u00e4rke, Schlauch mit Adaptern f\u00fcr alle Arten von Ventilen. Gewicht: 1,3 kg \u00a0<\/p>\n","protected":false},"featured_media":64438,"template":"","meta":{"_acf_changed":false},"product_featured_cat":[],"product_brand":[3099],"product_cat":[4030],"product_tag":[],"class_list":{"0":"post-64440","1":"product","2":"type-product","3":"status-publish","4":"has-post-thumbnail","6":"product_brand-sevylor-de","7":"product_cat-luftpumpen","9":"first","10":"instock","11":"taxable","12":"shipping-taxable","13":"purchasable","14":"product-type-simple"},"acf":[],"yoast_head":"<!-- This site is optimized with the Yoast SEO plugin v27.5 - https:\/\/yoast.com\/product\/yoast-seo-wordpress\/ -->\n<title>Hochdruckpumpe 15 PSI sevylor Farbe blau - Bantam<\/title>\n<meta name=\"robots\" content=\"index, follow, max-snippet:-1, max-image-preview:large, max-video-preview:-1\" \/>\n<link rel=\"canonical\" href=\"https:\/\/shop.bantam.ch\/de\/produkt\/hochdruckpumpe-15-psi\/\" \/>\n<meta property=\"og:locale\" content=\"de_DE\" \/>\n<meta property=\"og:type\" content=\"article\" \/>\n<meta property=\"og:title\" content=\"Hochdruckpumpe 15 PSI sevylor Farbe blau - Bantam\" \/>\n<meta property=\"og:description\" content=\"Leistungsstarke Hochdruckpumpe f\u00fcr den Betrieb mit 12 Volt. F\u00fcr alle Sevylor-Produkte, max. Druck 1030 mbar (15 PSI), 190 Liter\/Minute. Kein \u00dcberdruckrisiko durch Wahlm\u00f6glichkeit der Druckst\u00e4rke, Schlauch mit Adaptern f\u00fcr alle Arten von Ventilen. Gewicht: 1,3 kg \u00a0\" \/>\n<meta property=\"og:url\" content=\"https:\/\/shop.bantam.ch\/de\/produkt\/hochdruckpumpe-15-psi\/\" \/>\n<meta property=\"og:site_name\" content=\"Bantam\" \/>\n<meta property=\"article:modified_time\" content=\"2026-05-11T19:10:02+00:00\" \/>\n<meta property=\"og:image\" content=\"https:\/\/shop.bantam.ch\/wp-content\/uploads\/2023\/02\/9930436100-scaled.jpg\" \/>\n\t<meta property=\"og:image:width\" content=\"1024\" \/>\n\t<meta property=\"og:image:height\" content=\"611\" \/>\n\t<meta property=\"og:image:type\" content=\"image\/jpeg\" \/>\n<meta name=\"twitter:card\" content=\"summary_large_image\" \/>\n<script type=\"application\/ld+json\" class=\"yoast-schema-graph\">{\"@context\":\"https:\\\/\\\/schema.org\",\"@graph\":[{\"@type\":\"WebPage\",\"@id\":\"https:\\\/\\\/shop.bantam.ch\\\/de\\\/produkt\\\/hochdruckpumpe-15-psi\\\/\",\"url\":\"https:\\\/\\\/shop.bantam.ch\\\/de\\\/produkt\\\/hochdruckpumpe-15-psi\\\/\",\"name\":\"Hochdruckpumpe 15 PSI sevylor Farbe blau - Bantam\",\"isPartOf\":{\"@id\":\"https:\\\/\\\/shop.bantam.ch\\\/de\\\/#website\"},\"primaryImageOfPage\":{\"@id\":\"https:\\\/\\\/shop.bantam.ch\\\/de\\\/produkt\\\/hochdruckpumpe-15-psi\\\/#primaryimage\"},\"image\":{\"@id\":\"https:\\\/\\\/shop.bantam.ch\\\/de\\\/produkt\\\/hochdruckpumpe-15-psi\\\/#primaryimage\"},\"thumbnailUrl\":\"https:\\\/\\\/shop.bantam.ch\\\/wp-content\\\/uploads\\\/2023\\\/02\\\/9930436100-scaled.jpg\",\"datePublished\":\"2023-02-27T18:03:37+00:00\",\"dateModified\":\"2026-05-11T19:10:02+00:00\",\"breadcrumb\":{\"@id\":\"https:\\\/\\\/shop.bantam.ch\\\/de\\\/produkt\\\/hochdruckpumpe-15-psi\\\/#breadcrumb\"},\"inLanguage\":\"de\",\"potentialAction\":[{\"@type\":\"ReadAction\",\"target\":[\"https:\\\/\\\/shop.bantam.ch\\\/de\\\/produkt\\\/hochdruckpumpe-15-psi\\\/\"]}]},{\"@type\":\"ImageObject\",\"inLanguage\":\"de\",\"@id\":\"https:\\\/\\\/shop.bantam.ch\\\/de\\\/produkt\\\/hochdruckpumpe-15-psi\\\/#primaryimage\",\"url\":\"https:\\\/\\\/shop.bantam.ch\\\/wp-content\\\/uploads\\\/2023\\\/02\\\/9930436100-scaled.jpg\",\"contentUrl\":\"https:\\\/\\\/shop.bantam.ch\\\/wp-content\\\/uploads\\\/2023\\\/02\\\/9930436100-scaled.jpg\",\"width\":2048,\"height\":1221},{\"@type\":\"BreadcrumbList\",\"@id\":\"https:\\\/\\\/shop.bantam.ch\\\/de\\\/produkt\\\/hochdruckpumpe-15-psi\\\/#breadcrumb\",\"itemListElement\":[{\"@type\":\"ListItem\",\"position\":1,\"name\":\"Accueil\",\"item\":\"https:\\\/\\\/shop.bantam.ch\\\/de\\\/\"},{\"@type\":\"ListItem\",\"position\":2,\"name\":\"Shop\",\"item\":\"https:\\\/\\\/shop.bantam.ch\\\/de\\\/shop\\\/\"},{\"@type\":\"ListItem\",\"position\":3,\"name\":\"Hochdruckpumpe 15 PSI sevylor Farbe blau\"}]},{\"@type\":\"WebSite\",\"@id\":\"https:\\\/\\\/shop.bantam.ch\\\/de\\\/#website\",\"url\":\"https:\\\/\\\/shop.bantam.ch\\\/de\\\/\",\"name\":\"Bantam\",\"description\":\"\",\"publisher\":{\"@id\":\"https:\\\/\\\/shop.bantam.ch\\\/de\\\/#organization\"},\"inLanguage\":\"de\"},{\"@type\":\"Organization\",\"@id\":\"https:\\\/\\\/shop.bantam.ch\\\/de\\\/#organization\",\"name\":\"Bantam\",\"url\":\"https:\\\/\\\/shop.bantam.ch\\\/de\\\/\",\"logo\":{\"@type\":\"ImageObject\",\"inLanguage\":\"de\",\"@id\":\"https:\\\/\\\/shop.bantam.ch\\\/de\\\/#\\\/schema\\\/logo\\\/image\\\/\",\"url\":\"https:\\\/\\\/shop.bantam.ch\\\/wp-content\\\/uploads\\\/2022\\\/12\\\/bantam-logo.png\",\"contentUrl\":\"https:\\\/\\\/shop.bantam.ch\\\/wp-content\\\/uploads\\\/2022\\\/12\\\/bantam-logo.png\",\"width\":320,\"height\":71,\"caption\":\"Bantam\"},\"image\":{\"@id\":\"https:\\\/\\\/shop.bantam.ch\\\/de\\\/#\\\/schema\\\/logo\\\/image\\\/\"}}]}<\/script>\n<!-- \/ Yoast SEO plugin. -->","yoast_head_json":{"title":"Hochdruckpumpe 15 PSI sevylor Farbe blau - Bantam","robots":{"index":"index","follow":"follow","max-snippet":"max-snippet:-1","max-image-preview":"max-image-preview:large","max-video-preview":"max-video-preview:-1"},"canonical":"https:\/\/shop.bantam.ch\/de\/produkt\/hochdruckpumpe-15-psi\/","og_locale":"de_DE","og_type":"article","og_title":"Hochdruckpumpe 15 PSI sevylor Farbe blau - Bantam","og_description":"Leistungsstarke Hochdruckpumpe f\u00fcr den Betrieb mit 12 Volt. F\u00fcr alle Sevylor-Produkte, max. Druck 1030 mbar (15 PSI), 190 Liter\/Minute. Kein \u00dcberdruckrisiko durch Wahlm\u00f6glichkeit der Druckst\u00e4rke, Schlauch mit Adaptern f\u00fcr alle Arten von Ventilen. Gewicht: 1,3 kg \u00a0","og_url":"https:\/\/shop.bantam.ch\/de\/produkt\/hochdruckpumpe-15-psi\/","og_site_name":"Bantam","article_modified_time":"2026-05-11T19:10:02+00:00","og_image":[{"url":"https:\/\/shop.bantam.ch\/wp-content\/uploads\/2023\/02\/9930436100-scaled.jpg","width":1024,"height":611,"type":"image\/jpeg"}],"twitter_card":"summary_large_image","schema":{"@context":"https:\/\/schema.org","@graph":[{"@type":"WebPage","@id":"https:\/\/shop.bantam.ch\/de\/produkt\/hochdruckpumpe-15-psi\/","url":"https:\/\/shop.bantam.ch\/de\/produkt\/hochdruckpumpe-15-psi\/","name":"Hochdruckpumpe 15 PSI sevylor Farbe blau - Bantam","isPartOf":{"@id":"https:\/\/shop.bantam.ch\/de\/#website"},"primaryImageOfPage":{"@id":"https:\/\/shop.bantam.ch\/de\/produkt\/hochdruckpumpe-15-psi\/#primaryimage"},"image":{"@id":"https:\/\/shop.bantam.ch\/de\/produkt\/hochdruckpumpe-15-psi\/#primaryimage"},"thumbnailUrl":"https:\/\/shop.bantam.ch\/wp-content\/uploads\/2023\/02\/9930436100-scaled.jpg","datePublished":"2023-02-27T18:03:37+00:00","dateModified":"2026-05-11T19:10:02+00:00","breadcrumb":{"@id":"https:\/\/shop.bantam.ch\/de\/produkt\/hochdruckpumpe-15-psi\/#breadcrumb"},"inLanguage":"de","potentialAction":[{"@type":"ReadAction","target":["https:\/\/shop.bantam.ch\/de\/produkt\/hochdruckpumpe-15-psi\/"]}]},{"@type":"ImageObject","inLanguage":"de","@id":"https:\/\/shop.bantam.ch\/de\/produkt\/hochdruckpumpe-15-psi\/#primaryimage","url":"https:\/\/shop.bantam.ch\/wp-content\/uploads\/2023\/02\/9930436100-scaled.jpg","contentUrl":"https:\/\/shop.bantam.ch\/wp-content\/uploads\/2023\/02\/9930436100-scaled.jpg","width":2048,"height":1221},{"@type":"BreadcrumbList","@id":"https:\/\/shop.bantam.ch\/de\/produkt\/hochdruckpumpe-15-psi\/#breadcrumb","itemListElement":[{"@type":"ListItem","position":1,"name":"Accueil","item":"https:\/\/shop.bantam.ch\/de\/"},{"@type":"ListItem","position":2,"name":"Shop","item":"https:\/\/shop.bantam.ch\/de\/shop\/"},{"@type":"ListItem","position":3,"name":"Hochdruckpumpe 15 PSI sevylor Farbe blau"}]},{"@type":"WebSite","@id":"https:\/\/shop.bantam.ch\/de\/#website","url":"https:\/\/shop.bantam.ch\/de\/","name":"Bantam","description":"","publisher":{"@id":"https:\/\/shop.bantam.ch\/de\/#organization"},"inLanguage":"de"},{"@type":"Organization","@id":"https:\/\/shop.bantam.ch\/de\/#organization","name":"Bantam","url":"https:\/\/shop.bantam.ch\/de\/","logo":{"@type":"ImageObject","inLanguage":"de","@id":"https:\/\/shop.bantam.ch\/de\/#\/schema\/logo\/image\/","url":"https:\/\/shop.bantam.ch\/wp-content\/uploads\/2022\/12\/bantam-logo.png","contentUrl":"https:\/\/shop.bantam.ch\/wp-content\/uploads\/2022\/12\/bantam-logo.png","width":320,"height":71,"caption":"Bantam"},"image":{"@id":"https:\/\/shop.bantam.ch\/de\/#\/schema\/logo\/image\/"}}]}},"_links":{"self":[{"href":"https:\/\/shop.bantam.ch\/de\/wp-json\/wp\/v2\/product\/64440","targetHints":{"allow":["GET"]}}],"collection":[{"href":"https:\/\/shop.bantam.ch\/de\/wp-json\/wp\/v2\/product"}],"about":[{"href":"https:\/\/shop.bantam.ch\/de\/wp-json\/wp\/v2\/types\/product"}],"wp:featuredmedia":[{"embeddable":true,"href":"https:\/\/shop.bantam.ch\/de\/wp-json\/wp\/v2\/media\/64438"}],"wp:attachment":[{"href":"https:\/\/shop.bantam.ch\/de\/wp-json\/wp\/v2\/media?parent=64440"}],"wp:term":[{"taxonomy":"product_featured_cat","embeddable":true,"href":"https:\/\/shop.bantam.ch\/de\/wp-json\/wp\/v2\/product_featured_cat?post=64440"},{"taxonomy":"product_brand","embeddable":true,"href":"https:\/\/shop.bantam.ch\/de\/wp-json\/wp\/v2\/product_brand?post=64440"},{"taxonomy":"product_cat","embeddable":true,"href":"https:\/\/shop.bantam.ch\/de\/wp-json\/wp\/v2\/product_cat?post=64440"},{"taxonomy":"product_tag","embeddable":true,"href":"https:\/\/shop.bantam.ch\/de\/wp-json\/wp\/v2\/product_tag?post=64440"}],"curies":[{"name":"wp","href":"https:\/\/api.w.org\/{rel}","templated":true}]}}