{"id":64418,"date":"2023-02-27T19:03:08","date_gmt":"2023-02-27T18:03:08","guid":{"rendered":"http:\/\/shop.bantam.ch\/produit\/haengeregal-air-mit-6-faechern\/"},"modified":"2026-04-20T21:10:15","modified_gmt":"2026-04-20T19:10:15","slug":"haengeregal-air-mit-6-faechern","status":"publish","type":"product","link":"https:\/\/shop.bantam.ch\/de\/produkt\/haengeregal-air-mit-6-faechern\/","title":{"rendered":"H\u00e4ngeregal WENKO AIR mit 6 F\u00e4chern Farbe blau"},"content":{"rendered":"<p>Die W\u00e4schesortierer Air aus atmungsaktivem Vlies ist ein platzsparender Ordnungshelfer f\u00fcr Schlafzimmer oder Garderobe. Mit 6 F\u00e4chern bietet er viel Raum f\u00fcr die W\u00e4sche. Die Aufh\u00e4ngevorrichtung ist mit einem praktischen Klettverschluss versehen, so dass der Organizer einfach und bequem angebracht werden kann. Verst\u00e4rkte B\u00f6den verhindern das Durchh\u00e4ngen.<\/p>\n<p>Material:<br \/>100 % Polypropylen Faserstoff<\/p>\n<p>\u00a0<\/p>\n","protected":false},"excerpt":{"rendered":"<p>Die W\u00e4schesortierer Air aus atmungsaktivem Vlies ist ein platzsparender Ordnungshelfer f\u00fcr Schlafzimmer oder Garderobe. Mit 6 F\u00e4chern bietet er viel Raum f\u00fcr die W\u00e4sche. Die Aufh\u00e4ngevorrichtung ist mit einem praktischen Klettverschluss versehen, so dass der Organizer einfach und bequem angebracht werden kann. Verst\u00e4rkte B\u00f6den verhindern das Durchh\u00e4ngen. Material:100 % Polypropylen Faserstoff \u00a0<\/p>\n","protected":false},"featured_media":64416,"template":"","meta":{"_acf_changed":false},"product_featured_cat":[],"product_brand":[3161],"product_cat":[4322],"product_tag":[],"class_list":{"0":"post-64418","1":"product","2":"type-product","3":"status-publish","4":"has-post-thumbnail","6":"product_brand-wenko-de","7":"product_cat-haengeschraenke-regale","9":"first","10":"instock","11":"taxable","12":"shipping-taxable","13":"purchasable","14":"product-type-simple"},"acf":[],"yoast_head":"<!-- This site is optimized with the Yoast SEO plugin v27.4 - https:\/\/yoast.com\/product\/yoast-seo-wordpress\/ -->\n<title>H\u00e4ngeregal WENKO AIR mit 6 F\u00e4chern Farbe blau - Bantam Camping AG<\/title>\n<meta name=\"robots\" content=\"index, follow, max-snippet:-1, max-image-preview:large, max-video-preview:-1\" \/>\n<link rel=\"canonical\" href=\"https:\/\/shop.bantam.ch\/de\/produkt\/haengeregal-air-mit-6-faechern\/\" \/>\n<meta property=\"og:locale\" content=\"de_DE\" \/>\n<meta property=\"og:type\" content=\"article\" \/>\n<meta property=\"og:title\" content=\"H\u00e4ngeregal WENKO AIR mit 6 F\u00e4chern Farbe blau - Bantam Camping AG\" \/>\n<meta property=\"og:description\" content=\"Die W\u00e4schesortierer Air aus atmungsaktivem Vlies ist ein platzsparender Ordnungshelfer f\u00fcr Schlafzimmer oder Garderobe. Mit 6 F\u00e4chern bietet er viel Raum f\u00fcr die W\u00e4sche. Die Aufh\u00e4ngevorrichtung ist mit einem praktischen Klettverschluss versehen, so dass der Organizer einfach und bequem angebracht werden kann. Verst\u00e4rkte B\u00f6den verhindern das Durchh\u00e4ngen. Material:100 % Polypropylen Faserstoff \u00a0\" \/>\n<meta property=\"og:url\" content=\"https:\/\/shop.bantam.ch\/de\/produkt\/haengeregal-air-mit-6-faechern\/\" \/>\n<meta property=\"og:site_name\" content=\"Bantam Camping AG\" \/>\n<meta property=\"article:modified_time\" content=\"2026-04-20T19:10:15+00:00\" \/>\n<meta property=\"og:image\" content=\"https:\/\/shop.bantam.ch\/wp-content\/uploads\/2023\/02\/9930451-100-1-3.jpg\" \/>\n\t<meta property=\"og:image:width\" content=\"481\" \/>\n\t<meta property=\"og:image:height\" content=\"1000\" \/>\n\t<meta property=\"og:image:type\" content=\"image\/jpeg\" \/>\n<meta name=\"twitter:card\" content=\"summary_large_image\" \/>\n<script type=\"application\/ld+json\" class=\"yoast-schema-graph\">{\"@context\":\"https:\\\/\\\/schema.org\",\"@graph\":[{\"@type\":\"WebPage\",\"@id\":\"https:\\\/\\\/shop.bantam.ch\\\/de\\\/produkt\\\/haengeregal-air-mit-6-faechern\\\/\",\"url\":\"https:\\\/\\\/shop.bantam.ch\\\/de\\\/produkt\\\/haengeregal-air-mit-6-faechern\\\/\",\"name\":\"H\u00e4ngeregal WENKO AIR mit 6 F\u00e4chern Farbe blau - Bantam Camping AG\",\"isPartOf\":{\"@id\":\"https:\\\/\\\/shop.bantam.ch\\\/de\\\/#website\"},\"primaryImageOfPage\":{\"@id\":\"https:\\\/\\\/shop.bantam.ch\\\/de\\\/produkt\\\/haengeregal-air-mit-6-faechern\\\/#primaryimage\"},\"image\":{\"@id\":\"https:\\\/\\\/shop.bantam.ch\\\/de\\\/produkt\\\/haengeregal-air-mit-6-faechern\\\/#primaryimage\"},\"thumbnailUrl\":\"https:\\\/\\\/shop.bantam.ch\\\/wp-content\\\/uploads\\\/2023\\\/02\\\/9930451-100-1-3.jpg\",\"datePublished\":\"2023-02-27T18:03:08+00:00\",\"dateModified\":\"2026-04-20T19:10:15+00:00\",\"breadcrumb\":{\"@id\":\"https:\\\/\\\/shop.bantam.ch\\\/de\\\/produkt\\\/haengeregal-air-mit-6-faechern\\\/#breadcrumb\"},\"inLanguage\":\"de\",\"potentialAction\":[{\"@type\":\"ReadAction\",\"target\":[\"https:\\\/\\\/shop.bantam.ch\\\/de\\\/produkt\\\/haengeregal-air-mit-6-faechern\\\/\"]}]},{\"@type\":\"ImageObject\",\"inLanguage\":\"de\",\"@id\":\"https:\\\/\\\/shop.bantam.ch\\\/de\\\/produkt\\\/haengeregal-air-mit-6-faechern\\\/#primaryimage\",\"url\":\"https:\\\/\\\/shop.bantam.ch\\\/wp-content\\\/uploads\\\/2023\\\/02\\\/9930451-100-1-3.jpg\",\"contentUrl\":\"https:\\\/\\\/shop.bantam.ch\\\/wp-content\\\/uploads\\\/2023\\\/02\\\/9930451-100-1-3.jpg\",\"width\":481,\"height\":1000},{\"@type\":\"BreadcrumbList\",\"@id\":\"https:\\\/\\\/shop.bantam.ch\\\/de\\\/produkt\\\/haengeregal-air-mit-6-faechern\\\/#breadcrumb\",\"itemListElement\":[{\"@type\":\"ListItem\",\"position\":1,\"name\":\"Accueil\",\"item\":\"https:\\\/\\\/shop.bantam.ch\\\/de\\\/\"},{\"@type\":\"ListItem\",\"position\":2,\"name\":\"Shop\",\"item\":\"https:\\\/\\\/shop.bantam.ch\\\/de\\\/shop\\\/\"},{\"@type\":\"ListItem\",\"position\":3,\"name\":\"H\u00e4ngeregal WENKO AIR mit 6 F\u00e4chern Farbe blau\"}]},{\"@type\":\"WebSite\",\"@id\":\"https:\\\/\\\/shop.bantam.ch\\\/de\\\/#website\",\"url\":\"https:\\\/\\\/shop.bantam.ch\\\/de\\\/\",\"name\":\"Bantam Camping AG\",\"description\":\"\",\"publisher\":{\"@id\":\"https:\\\/\\\/shop.bantam.ch\\\/de\\\/#organization\"},\"inLanguage\":\"de\"},{\"@type\":\"Organization\",\"@id\":\"https:\\\/\\\/shop.bantam.ch\\\/de\\\/#organization\",\"name\":\"Bantam Camping AG\",\"url\":\"https:\\\/\\\/shop.bantam.ch\\\/de\\\/\",\"logo\":{\"@type\":\"ImageObject\",\"inLanguage\":\"de\",\"@id\":\"https:\\\/\\\/shop.bantam.ch\\\/de\\\/#\\\/schema\\\/logo\\\/image\\\/\",\"url\":\"https:\\\/\\\/shop.bantam.ch\\\/wp-content\\\/uploads\\\/2022\\\/12\\\/bantam-logo.png\",\"contentUrl\":\"https:\\\/\\\/shop.bantam.ch\\\/wp-content\\\/uploads\\\/2022\\\/12\\\/bantam-logo.png\",\"width\":320,\"height\":71,\"caption\":\"Bantam Camping AG\"},\"image\":{\"@id\":\"https:\\\/\\\/shop.bantam.ch\\\/de\\\/#\\\/schema\\\/logo\\\/image\\\/\"}}]}<\/script>\n<!-- \/ Yoast SEO plugin. -->","yoast_head_json":{"title":"H\u00e4ngeregal WENKO AIR mit 6 F\u00e4chern Farbe blau - Bantam Camping AG","robots":{"index":"index","follow":"follow","max-snippet":"max-snippet:-1","max-image-preview":"max-image-preview:large","max-video-preview":"max-video-preview:-1"},"canonical":"https:\/\/shop.bantam.ch\/de\/produkt\/haengeregal-air-mit-6-faechern\/","og_locale":"de_DE","og_type":"article","og_title":"H\u00e4ngeregal WENKO AIR mit 6 F\u00e4chern Farbe blau - Bantam Camping AG","og_description":"Die W\u00e4schesortierer Air aus atmungsaktivem Vlies ist ein platzsparender Ordnungshelfer f\u00fcr Schlafzimmer oder Garderobe. Mit 6 F\u00e4chern bietet er viel Raum f\u00fcr die W\u00e4sche. Die Aufh\u00e4ngevorrichtung ist mit einem praktischen Klettverschluss versehen, so dass der Organizer einfach und bequem angebracht werden kann. Verst\u00e4rkte B\u00f6den verhindern das Durchh\u00e4ngen. Material:100 % Polypropylen Faserstoff \u00a0","og_url":"https:\/\/shop.bantam.ch\/de\/produkt\/haengeregal-air-mit-6-faechern\/","og_site_name":"Bantam Camping AG","article_modified_time":"2026-04-20T19:10:15+00:00","og_image":[{"width":481,"height":1000,"url":"https:\/\/shop.bantam.ch\/wp-content\/uploads\/2023\/02\/9930451-100-1-3.jpg","type":"image\/jpeg"}],"twitter_card":"summary_large_image","schema":{"@context":"https:\/\/schema.org","@graph":[{"@type":"WebPage","@id":"https:\/\/shop.bantam.ch\/de\/produkt\/haengeregal-air-mit-6-faechern\/","url":"https:\/\/shop.bantam.ch\/de\/produkt\/haengeregal-air-mit-6-faechern\/","name":"H\u00e4ngeregal WENKO AIR mit 6 F\u00e4chern Farbe blau - Bantam Camping AG","isPartOf":{"@id":"https:\/\/shop.bantam.ch\/de\/#website"},"primaryImageOfPage":{"@id":"https:\/\/shop.bantam.ch\/de\/produkt\/haengeregal-air-mit-6-faechern\/#primaryimage"},"image":{"@id":"https:\/\/shop.bantam.ch\/de\/produkt\/haengeregal-air-mit-6-faechern\/#primaryimage"},"thumbnailUrl":"https:\/\/shop.bantam.ch\/wp-content\/uploads\/2023\/02\/9930451-100-1-3.jpg","datePublished":"2023-02-27T18:03:08+00:00","dateModified":"2026-04-20T19:10:15+00:00","breadcrumb":{"@id":"https:\/\/shop.bantam.ch\/de\/produkt\/haengeregal-air-mit-6-faechern\/#breadcrumb"},"inLanguage":"de","potentialAction":[{"@type":"ReadAction","target":["https:\/\/shop.bantam.ch\/de\/produkt\/haengeregal-air-mit-6-faechern\/"]}]},{"@type":"ImageObject","inLanguage":"de","@id":"https:\/\/shop.bantam.ch\/de\/produkt\/haengeregal-air-mit-6-faechern\/#primaryimage","url":"https:\/\/shop.bantam.ch\/wp-content\/uploads\/2023\/02\/9930451-100-1-3.jpg","contentUrl":"https:\/\/shop.bantam.ch\/wp-content\/uploads\/2023\/02\/9930451-100-1-3.jpg","width":481,"height":1000},{"@type":"BreadcrumbList","@id":"https:\/\/shop.bantam.ch\/de\/produkt\/haengeregal-air-mit-6-faechern\/#breadcrumb","itemListElement":[{"@type":"ListItem","position":1,"name":"Accueil","item":"https:\/\/shop.bantam.ch\/de\/"},{"@type":"ListItem","position":2,"name":"Shop","item":"https:\/\/shop.bantam.ch\/de\/shop\/"},{"@type":"ListItem","position":3,"name":"H\u00e4ngeregal WENKO AIR mit 6 F\u00e4chern Farbe blau"}]},{"@type":"WebSite","@id":"https:\/\/shop.bantam.ch\/de\/#website","url":"https:\/\/shop.bantam.ch\/de\/","name":"Bantam Camping AG","description":"","publisher":{"@id":"https:\/\/shop.bantam.ch\/de\/#organization"},"inLanguage":"de"},{"@type":"Organization","@id":"https:\/\/shop.bantam.ch\/de\/#organization","name":"Bantam Camping AG","url":"https:\/\/shop.bantam.ch\/de\/","logo":{"@type":"ImageObject","inLanguage":"de","@id":"https:\/\/shop.bantam.ch\/de\/#\/schema\/logo\/image\/","url":"https:\/\/shop.bantam.ch\/wp-content\/uploads\/2022\/12\/bantam-logo.png","contentUrl":"https:\/\/shop.bantam.ch\/wp-content\/uploads\/2022\/12\/bantam-logo.png","width":320,"height":71,"caption":"Bantam Camping AG"},"image":{"@id":"https:\/\/shop.bantam.ch\/de\/#\/schema\/logo\/image\/"}}]}},"_links":{"self":[{"href":"https:\/\/shop.bantam.ch\/de\/wp-json\/wp\/v2\/product\/64418","targetHints":{"allow":["GET"]}}],"collection":[{"href":"https:\/\/shop.bantam.ch\/de\/wp-json\/wp\/v2\/product"}],"about":[{"href":"https:\/\/shop.bantam.ch\/de\/wp-json\/wp\/v2\/types\/product"}],"wp:featuredmedia":[{"embeddable":true,"href":"https:\/\/shop.bantam.ch\/de\/wp-json\/wp\/v2\/media\/64416"}],"wp:attachment":[{"href":"https:\/\/shop.bantam.ch\/de\/wp-json\/wp\/v2\/media?parent=64418"}],"wp:term":[{"taxonomy":"product_featured_cat","embeddable":true,"href":"https:\/\/shop.bantam.ch\/de\/wp-json\/wp\/v2\/product_featured_cat?post=64418"},{"taxonomy":"product_brand","embeddable":true,"href":"https:\/\/shop.bantam.ch\/de\/wp-json\/wp\/v2\/product_brand?post=64418"},{"taxonomy":"product_cat","embeddable":true,"href":"https:\/\/shop.bantam.ch\/de\/wp-json\/wp\/v2\/product_cat?post=64418"},{"taxonomy":"product_tag","embeddable":true,"href":"https:\/\/shop.bantam.ch\/de\/wp-json\/wp\/v2\/product_tag?post=64418"}],"curies":[{"name":"wp","href":"https:\/\/api.w.org\/{rel}","templated":true}]}}