{"id":64414,"date":"2023-02-27T19:03:02","date_gmt":"2023-02-27T18:03:02","guid":{"rendered":"http:\/\/shop.bantam.ch\/produit\/haengeregal-air-mit-10-faechern\/"},"modified":"2026-04-18T21:10:24","modified_gmt":"2026-04-18T19:10:24","slug":"haengeregal-air-mit-10-faechern","status":"publish","type":"product","link":"https:\/\/shop.bantam.ch\/de\/produkt\/haengeregal-air-mit-10-faechern\/","title":{"rendered":"H\u00e4ngeregal WENKO AIR mit 10 F\u00e4chern Farbe blau"},"content":{"rendered":"<p>Die mobile Wohnserie Air f\u00fcgt sich dezent in blau in jede Einrichtung und bietet flexible Aufbewahrungsm\u00f6glichkeiten mit viel Stauraum. Im Multiorganizer aus der Serie Air finden bis zu 10 Paar Schuhe in 10 Aufbewahrungsf\u00e4chern Platz. In den ca.15 x 30 cm gro\u00dfen F\u00e4chern k\u00f6nnen auch Unterw\u00e4sche, Socken, Krawatten, Schals und andere Accessoires \u00fcbersichtlich verstaut werden.<\/p>\n<p>Die Air-Serie ist aus hochwertigem, atmungsaktivem Vlies hergestellt und besonders solide. Verst\u00e4rkte B\u00f6den im Multiorganizer verhindern ein Durchh\u00e4ngen der F\u00e4cher. Durch den praktischen Universal-Klettverschluss passt der Multiorganizer auf alle Kleiderstangen und kann somit problemlos in verschiedenste Kleiderschr\u00e4nke, Garderoben und Kleiderst\u00e4nder integriert werden. Bei Nichtgebrauch l\u00e4sst er sich platzsparend zusammenlegen.<\/p>\n<p>Material:<br \/>100 % PP Faserstoff<\/p>\n<p>\u00a0<\/p>\n<ul>\n<li>Gewicht: 0,6 kg<\/li>\n<li>Packma\u00df: 26 x 30 x 15 cm (B x H x T)<\/li>\n<\/ul>\n<p>\u00a0<\/p>\n","protected":false},"excerpt":{"rendered":"<p>Die mobile Wohnserie Air f\u00fcgt sich dezent in blau in jede Einrichtung und bietet flexible Aufbewahrungsm\u00f6glichkeiten mit viel Stauraum. Im Multiorganizer aus der Serie Air finden bis zu 10 Paar Schuhe in 10 Aufbewahrungsf\u00e4chern Platz. In den ca.15 x 30 cm gro\u00dfen F\u00e4chern k\u00f6nnen auch Unterw\u00e4sche, Socken, Krawatten, Schals und andere Accessoires \u00fcbersichtlich verstaut werden. [&hellip;]<\/p>\n","protected":false},"featured_media":64412,"template":"","meta":{"_acf_changed":false},"product_featured_cat":[],"product_brand":[3161],"product_cat":[4322],"product_tag":[],"class_list":{"0":"post-64414","1":"product","2":"type-product","3":"status-publish","4":"has-post-thumbnail","6":"product_brand-wenko-de","7":"product_cat-haengeschraenke-regale","9":"first","10":"instock","11":"taxable","12":"shipping-taxable","13":"purchasable","14":"product-type-simple"},"acf":[],"yoast_head":"<!-- This site is optimized with the Yoast SEO plugin v27.4 - https:\/\/yoast.com\/product\/yoast-seo-wordpress\/ -->\n<title>H\u00e4ngeregal WENKO AIR mit 10 F\u00e4chern Farbe blau - Bantam Camping AG<\/title>\n<meta name=\"robots\" content=\"index, follow, max-snippet:-1, max-image-preview:large, max-video-preview:-1\" \/>\n<link rel=\"canonical\" href=\"https:\/\/shop.bantam.ch\/de\/produkt\/haengeregal-air-mit-10-faechern\/\" \/>\n<meta property=\"og:locale\" content=\"de_DE\" \/>\n<meta property=\"og:type\" content=\"article\" \/>\n<meta property=\"og:title\" content=\"H\u00e4ngeregal WENKO AIR mit 10 F\u00e4chern Farbe blau - Bantam Camping AG\" \/>\n<meta property=\"og:description\" content=\"Die mobile Wohnserie Air f\u00fcgt sich dezent in blau in jede Einrichtung und bietet flexible Aufbewahrungsm\u00f6glichkeiten mit viel Stauraum. Im Multiorganizer aus der Serie Air finden bis zu 10 Paar Schuhe in 10 Aufbewahrungsf\u00e4chern Platz. In den ca.15 x 30 cm gro\u00dfen F\u00e4chern k\u00f6nnen auch Unterw\u00e4sche, Socken, Krawatten, Schals und andere Accessoires \u00fcbersichtlich verstaut werden. [&hellip;]\" \/>\n<meta property=\"og:url\" content=\"https:\/\/shop.bantam.ch\/de\/produkt\/haengeregal-air-mit-10-faechern\/\" \/>\n<meta property=\"og:site_name\" content=\"Bantam Camping AG\" \/>\n<meta property=\"article:modified_time\" content=\"2026-04-18T19:10:24+00:00\" \/>\n<meta property=\"og:image\" content=\"https:\/\/shop.bantam.ch\/wp-content\/uploads\/2023\/02\/9930452-100-1-3.jpg\" \/>\n\t<meta property=\"og:image:width\" content=\"495\" \/>\n\t<meta property=\"og:image:height\" content=\"1000\" \/>\n\t<meta property=\"og:image:type\" content=\"image\/jpeg\" \/>\n<meta name=\"twitter:card\" content=\"summary_large_image\" \/>\n<meta name=\"twitter:label1\" content=\"Gesch\u00e4tzte Lesezeit\" \/>\n\t<meta name=\"twitter:data1\" content=\"1\u00a0Minute\" \/>\n<script type=\"application\/ld+json\" class=\"yoast-schema-graph\">{\"@context\":\"https:\\\/\\\/schema.org\",\"@graph\":[{\"@type\":\"WebPage\",\"@id\":\"https:\\\/\\\/shop.bantam.ch\\\/de\\\/produkt\\\/haengeregal-air-mit-10-faechern\\\/\",\"url\":\"https:\\\/\\\/shop.bantam.ch\\\/de\\\/produkt\\\/haengeregal-air-mit-10-faechern\\\/\",\"name\":\"H\u00e4ngeregal WENKO AIR mit 10 F\u00e4chern Farbe blau - Bantam Camping AG\",\"isPartOf\":{\"@id\":\"https:\\\/\\\/shop.bantam.ch\\\/de\\\/#website\"},\"primaryImageOfPage\":{\"@id\":\"https:\\\/\\\/shop.bantam.ch\\\/de\\\/produkt\\\/haengeregal-air-mit-10-faechern\\\/#primaryimage\"},\"image\":{\"@id\":\"https:\\\/\\\/shop.bantam.ch\\\/de\\\/produkt\\\/haengeregal-air-mit-10-faechern\\\/#primaryimage\"},\"thumbnailUrl\":\"https:\\\/\\\/shop.bantam.ch\\\/wp-content\\\/uploads\\\/2023\\\/02\\\/9930452-100-1-3.jpg\",\"datePublished\":\"2023-02-27T18:03:02+00:00\",\"dateModified\":\"2026-04-18T19:10:24+00:00\",\"breadcrumb\":{\"@id\":\"https:\\\/\\\/shop.bantam.ch\\\/de\\\/produkt\\\/haengeregal-air-mit-10-faechern\\\/#breadcrumb\"},\"inLanguage\":\"de\",\"potentialAction\":[{\"@type\":\"ReadAction\",\"target\":[\"https:\\\/\\\/shop.bantam.ch\\\/de\\\/produkt\\\/haengeregal-air-mit-10-faechern\\\/\"]}]},{\"@type\":\"ImageObject\",\"inLanguage\":\"de\",\"@id\":\"https:\\\/\\\/shop.bantam.ch\\\/de\\\/produkt\\\/haengeregal-air-mit-10-faechern\\\/#primaryimage\",\"url\":\"https:\\\/\\\/shop.bantam.ch\\\/wp-content\\\/uploads\\\/2023\\\/02\\\/9930452-100-1-3.jpg\",\"contentUrl\":\"https:\\\/\\\/shop.bantam.ch\\\/wp-content\\\/uploads\\\/2023\\\/02\\\/9930452-100-1-3.jpg\",\"width\":495,\"height\":1000},{\"@type\":\"BreadcrumbList\",\"@id\":\"https:\\\/\\\/shop.bantam.ch\\\/de\\\/produkt\\\/haengeregal-air-mit-10-faechern\\\/#breadcrumb\",\"itemListElement\":[{\"@type\":\"ListItem\",\"position\":1,\"name\":\"Accueil\",\"item\":\"https:\\\/\\\/shop.bantam.ch\\\/de\\\/\"},{\"@type\":\"ListItem\",\"position\":2,\"name\":\"Shop\",\"item\":\"https:\\\/\\\/shop.bantam.ch\\\/de\\\/shop\\\/\"},{\"@type\":\"ListItem\",\"position\":3,\"name\":\"H\u00e4ngeregal WENKO AIR mit 10 F\u00e4chern Farbe blau\"}]},{\"@type\":\"WebSite\",\"@id\":\"https:\\\/\\\/shop.bantam.ch\\\/de\\\/#website\",\"url\":\"https:\\\/\\\/shop.bantam.ch\\\/de\\\/\",\"name\":\"Bantam Camping AG\",\"description\":\"\",\"publisher\":{\"@id\":\"https:\\\/\\\/shop.bantam.ch\\\/de\\\/#organization\"},\"inLanguage\":\"de\"},{\"@type\":\"Organization\",\"@id\":\"https:\\\/\\\/shop.bantam.ch\\\/de\\\/#organization\",\"name\":\"Bantam Camping AG\",\"url\":\"https:\\\/\\\/shop.bantam.ch\\\/de\\\/\",\"logo\":{\"@type\":\"ImageObject\",\"inLanguage\":\"de\",\"@id\":\"https:\\\/\\\/shop.bantam.ch\\\/de\\\/#\\\/schema\\\/logo\\\/image\\\/\",\"url\":\"https:\\\/\\\/shop.bantam.ch\\\/wp-content\\\/uploads\\\/2022\\\/12\\\/bantam-logo.png\",\"contentUrl\":\"https:\\\/\\\/shop.bantam.ch\\\/wp-content\\\/uploads\\\/2022\\\/12\\\/bantam-logo.png\",\"width\":320,\"height\":71,\"caption\":\"Bantam Camping AG\"},\"image\":{\"@id\":\"https:\\\/\\\/shop.bantam.ch\\\/de\\\/#\\\/schema\\\/logo\\\/image\\\/\"}}]}<\/script>\n<!-- \/ Yoast SEO plugin. -->","yoast_head_json":{"title":"H\u00e4ngeregal WENKO AIR mit 10 F\u00e4chern Farbe blau - Bantam Camping AG","robots":{"index":"index","follow":"follow","max-snippet":"max-snippet:-1","max-image-preview":"max-image-preview:large","max-video-preview":"max-video-preview:-1"},"canonical":"https:\/\/shop.bantam.ch\/de\/produkt\/haengeregal-air-mit-10-faechern\/","og_locale":"de_DE","og_type":"article","og_title":"H\u00e4ngeregal WENKO AIR mit 10 F\u00e4chern Farbe blau - Bantam Camping AG","og_description":"Die mobile Wohnserie Air f\u00fcgt sich dezent in blau in jede Einrichtung und bietet flexible Aufbewahrungsm\u00f6glichkeiten mit viel Stauraum. Im Multiorganizer aus der Serie Air finden bis zu 10 Paar Schuhe in 10 Aufbewahrungsf\u00e4chern Platz. In den ca.15 x 30 cm gro\u00dfen F\u00e4chern k\u00f6nnen auch Unterw\u00e4sche, Socken, Krawatten, Schals und andere Accessoires \u00fcbersichtlich verstaut werden. [&hellip;]","og_url":"https:\/\/shop.bantam.ch\/de\/produkt\/haengeregal-air-mit-10-faechern\/","og_site_name":"Bantam Camping AG","article_modified_time":"2026-04-18T19:10:24+00:00","og_image":[{"width":495,"height":1000,"url":"https:\/\/shop.bantam.ch\/wp-content\/uploads\/2023\/02\/9930452-100-1-3.jpg","type":"image\/jpeg"}],"twitter_card":"summary_large_image","twitter_misc":{"Gesch\u00e4tzte Lesezeit":"1\u00a0Minute"},"schema":{"@context":"https:\/\/schema.org","@graph":[{"@type":"WebPage","@id":"https:\/\/shop.bantam.ch\/de\/produkt\/haengeregal-air-mit-10-faechern\/","url":"https:\/\/shop.bantam.ch\/de\/produkt\/haengeregal-air-mit-10-faechern\/","name":"H\u00e4ngeregal WENKO AIR mit 10 F\u00e4chern Farbe blau - Bantam Camping AG","isPartOf":{"@id":"https:\/\/shop.bantam.ch\/de\/#website"},"primaryImageOfPage":{"@id":"https:\/\/shop.bantam.ch\/de\/produkt\/haengeregal-air-mit-10-faechern\/#primaryimage"},"image":{"@id":"https:\/\/shop.bantam.ch\/de\/produkt\/haengeregal-air-mit-10-faechern\/#primaryimage"},"thumbnailUrl":"https:\/\/shop.bantam.ch\/wp-content\/uploads\/2023\/02\/9930452-100-1-3.jpg","datePublished":"2023-02-27T18:03:02+00:00","dateModified":"2026-04-18T19:10:24+00:00","breadcrumb":{"@id":"https:\/\/shop.bantam.ch\/de\/produkt\/haengeregal-air-mit-10-faechern\/#breadcrumb"},"inLanguage":"de","potentialAction":[{"@type":"ReadAction","target":["https:\/\/shop.bantam.ch\/de\/produkt\/haengeregal-air-mit-10-faechern\/"]}]},{"@type":"ImageObject","inLanguage":"de","@id":"https:\/\/shop.bantam.ch\/de\/produkt\/haengeregal-air-mit-10-faechern\/#primaryimage","url":"https:\/\/shop.bantam.ch\/wp-content\/uploads\/2023\/02\/9930452-100-1-3.jpg","contentUrl":"https:\/\/shop.bantam.ch\/wp-content\/uploads\/2023\/02\/9930452-100-1-3.jpg","width":495,"height":1000},{"@type":"BreadcrumbList","@id":"https:\/\/shop.bantam.ch\/de\/produkt\/haengeregal-air-mit-10-faechern\/#breadcrumb","itemListElement":[{"@type":"ListItem","position":1,"name":"Accueil","item":"https:\/\/shop.bantam.ch\/de\/"},{"@type":"ListItem","position":2,"name":"Shop","item":"https:\/\/shop.bantam.ch\/de\/shop\/"},{"@type":"ListItem","position":3,"name":"H\u00e4ngeregal WENKO AIR mit 10 F\u00e4chern Farbe blau"}]},{"@type":"WebSite","@id":"https:\/\/shop.bantam.ch\/de\/#website","url":"https:\/\/shop.bantam.ch\/de\/","name":"Bantam Camping AG","description":"","publisher":{"@id":"https:\/\/shop.bantam.ch\/de\/#organization"},"inLanguage":"de"},{"@type":"Organization","@id":"https:\/\/shop.bantam.ch\/de\/#organization","name":"Bantam Camping AG","url":"https:\/\/shop.bantam.ch\/de\/","logo":{"@type":"ImageObject","inLanguage":"de","@id":"https:\/\/shop.bantam.ch\/de\/#\/schema\/logo\/image\/","url":"https:\/\/shop.bantam.ch\/wp-content\/uploads\/2022\/12\/bantam-logo.png","contentUrl":"https:\/\/shop.bantam.ch\/wp-content\/uploads\/2022\/12\/bantam-logo.png","width":320,"height":71,"caption":"Bantam Camping AG"},"image":{"@id":"https:\/\/shop.bantam.ch\/de\/#\/schema\/logo\/image\/"}}]}},"_links":{"self":[{"href":"https:\/\/shop.bantam.ch\/de\/wp-json\/wp\/v2\/product\/64414","targetHints":{"allow":["GET"]}}],"collection":[{"href":"https:\/\/shop.bantam.ch\/de\/wp-json\/wp\/v2\/product"}],"about":[{"href":"https:\/\/shop.bantam.ch\/de\/wp-json\/wp\/v2\/types\/product"}],"wp:featuredmedia":[{"embeddable":true,"href":"https:\/\/shop.bantam.ch\/de\/wp-json\/wp\/v2\/media\/64412"}],"wp:attachment":[{"href":"https:\/\/shop.bantam.ch\/de\/wp-json\/wp\/v2\/media?parent=64414"}],"wp:term":[{"taxonomy":"product_featured_cat","embeddable":true,"href":"https:\/\/shop.bantam.ch\/de\/wp-json\/wp\/v2\/product_featured_cat?post=64414"},{"taxonomy":"product_brand","embeddable":true,"href":"https:\/\/shop.bantam.ch\/de\/wp-json\/wp\/v2\/product_brand?post=64414"},{"taxonomy":"product_cat","embeddable":true,"href":"https:\/\/shop.bantam.ch\/de\/wp-json\/wp\/v2\/product_cat?post=64414"},{"taxonomy":"product_tag","embeddable":true,"href":"https:\/\/shop.bantam.ch\/de\/wp-json\/wp\/v2\/product_tag?post=64414"}],"curies":[{"name":"wp","href":"https:\/\/api.w.org\/{rel}","templated":true}]}}