{"id":64086,"date":"2023-02-27T18:56:14","date_gmt":"2023-02-27T17:56:14","guid":{"rendered":"http:\/\/shop.bantam.ch\/produit\/ordnungshelfer-caddy-fuers-spuelbecken-weiss-gruen\/"},"modified":"2026-04-18T21:09:55","modified_gmt":"2026-04-18T19:09:55","slug":"ordnungshelfer-caddy-fuers-spuelbecken-weiss-gruen","status":"publish","type":"product","link":"https:\/\/shop.bantam.ch\/de\/produkt\/ordnungshelfer-caddy-fuers-spuelbecken-weiss-gruen\/","title":{"rendered":"Ordnungshelfer Joseph Joseph Caddy f\u00fcrs Sp\u00fclbecken Fb. wei\u00df \/ gr\u00fcn"},"content":{"rendered":"<p>Mit dem praktischen Design kommt Ordnung in Ihre Sp\u00fcle. W\u00e4hrend der Hauptbeh\u00e4lter viel Stauraum f\u00fcr Sp\u00fclmittel und B\u00fcrste bietet, kann der Sp\u00fcllappen auf der Trockenstange aufgeh\u00e4ngt werden. Der Abtropfeinsatz auf der Unterlage ist zum Ablegen nasser Schw\u00e4mme gedacht. \u00dcbersch\u00fcssiges Wasser l\u00e4uft in die verdeckte Sammelwanne darunter. Kann zum einfachen Reinigen auseinandergebaut werden.<\/p>\n","protected":false},"excerpt":{"rendered":"<p>Mit dem praktischen Design kommt Ordnung in Ihre Sp\u00fcle. W\u00e4hrend der Hauptbeh\u00e4lter viel Stauraum f\u00fcr Sp\u00fclmittel und B\u00fcrste bietet, kann der Sp\u00fcllappen auf der Trockenstange aufgeh\u00e4ngt werden. Der Abtropfeinsatz auf der Unterlage ist zum Ablegen nasser Schw\u00e4mme gedacht. \u00dcbersch\u00fcssiges Wasser l\u00e4uft in die verdeckte Sammelwanne darunter. Kann zum einfachen Reinigen auseinandergebaut werden.<\/p>\n","protected":false},"featured_media":64082,"template":"","meta":{"_acf_changed":false},"product_featured_cat":[],"product_brand":[3413],"product_cat":[4290],"product_tag":[],"class_list":{"0":"post-64086","1":"product","2":"type-product","3":"status-publish","4":"has-post-thumbnail","6":"product_brand-joseph-joseph-de","7":"product_cat-spuelen-putzen","9":"first","10":"instock","11":"taxable","12":"shipping-taxable","13":"purchasable","14":"product-type-simple"},"acf":[],"yoast_head":"<!-- This site is optimized with the Yoast SEO plugin v27.4 - https:\/\/yoast.com\/product\/yoast-seo-wordpress\/ -->\n<title>Ordnungshelfer Joseph Joseph Caddy f\u00fcrs Sp\u00fclbecken Fb. wei\u00df \/ gr\u00fcn - Bantam Camping AG<\/title>\n<meta name=\"robots\" content=\"index, follow, max-snippet:-1, max-image-preview:large, max-video-preview:-1\" \/>\n<link rel=\"canonical\" href=\"https:\/\/shop.bantam.ch\/de\/produkt\/ordnungshelfer-caddy-fuers-spuelbecken-weiss-gruen\/\" \/>\n<meta property=\"og:locale\" content=\"de_DE\" \/>\n<meta property=\"og:type\" content=\"article\" \/>\n<meta property=\"og:title\" content=\"Ordnungshelfer Joseph Joseph Caddy f\u00fcrs Sp\u00fclbecken Fb. wei\u00df \/ gr\u00fcn - Bantam Camping AG\" \/>\n<meta property=\"og:description\" content=\"Mit dem praktischen Design kommt Ordnung in Ihre Sp\u00fcle. W\u00e4hrend der Hauptbeh\u00e4lter viel Stauraum f\u00fcr Sp\u00fclmittel und B\u00fcrste bietet, kann der Sp\u00fcllappen auf der Trockenstange aufgeh\u00e4ngt werden. Der Abtropfeinsatz auf der Unterlage ist zum Ablegen nasser Schw\u00e4mme gedacht. \u00dcbersch\u00fcssiges Wasser l\u00e4uft in die verdeckte Sammelwanne darunter. Kann zum einfachen Reinigen auseinandergebaut werden.\" \/>\n<meta property=\"og:url\" content=\"https:\/\/shop.bantam.ch\/de\/produkt\/ordnungshelfer-caddy-fuers-spuelbecken-weiss-gruen\/\" \/>\n<meta property=\"og:site_name\" content=\"Bantam Camping AG\" \/>\n<meta property=\"article:modified_time\" content=\"2026-04-18T19:09:55+00:00\" \/>\n<meta property=\"og:image\" content=\"https:\/\/shop.bantam.ch\/wp-content\/uploads\/2023\/02\/9951348-100-1-3.jpg\" \/>\n\t<meta property=\"og:image:width\" content=\"1000\" \/>\n\t<meta property=\"og:image:height\" content=\"792\" \/>\n\t<meta property=\"og:image:type\" content=\"image\/jpeg\" \/>\n<meta name=\"twitter:card\" content=\"summary_large_image\" \/>\n<script type=\"application\/ld+json\" class=\"yoast-schema-graph\">{\"@context\":\"https:\\\/\\\/schema.org\",\"@graph\":[{\"@type\":\"WebPage\",\"@id\":\"https:\\\/\\\/shop.bantam.ch\\\/de\\\/produkt\\\/ordnungshelfer-caddy-fuers-spuelbecken-weiss-gruen\\\/\",\"url\":\"https:\\\/\\\/shop.bantam.ch\\\/de\\\/produkt\\\/ordnungshelfer-caddy-fuers-spuelbecken-weiss-gruen\\\/\",\"name\":\"Ordnungshelfer Joseph Joseph Caddy f\u00fcrs Sp\u00fclbecken Fb. wei\u00df \\\/ gr\u00fcn - Bantam Camping AG\",\"isPartOf\":{\"@id\":\"https:\\\/\\\/shop.bantam.ch\\\/de\\\/#website\"},\"primaryImageOfPage\":{\"@id\":\"https:\\\/\\\/shop.bantam.ch\\\/de\\\/produkt\\\/ordnungshelfer-caddy-fuers-spuelbecken-weiss-gruen\\\/#primaryimage\"},\"image\":{\"@id\":\"https:\\\/\\\/shop.bantam.ch\\\/de\\\/produkt\\\/ordnungshelfer-caddy-fuers-spuelbecken-weiss-gruen\\\/#primaryimage\"},\"thumbnailUrl\":\"https:\\\/\\\/shop.bantam.ch\\\/wp-content\\\/uploads\\\/2023\\\/02\\\/9951348-100-1-3.jpg\",\"datePublished\":\"2023-02-27T17:56:14+00:00\",\"dateModified\":\"2026-04-18T19:09:55+00:00\",\"breadcrumb\":{\"@id\":\"https:\\\/\\\/shop.bantam.ch\\\/de\\\/produkt\\\/ordnungshelfer-caddy-fuers-spuelbecken-weiss-gruen\\\/#breadcrumb\"},\"inLanguage\":\"de\",\"potentialAction\":[{\"@type\":\"ReadAction\",\"target\":[\"https:\\\/\\\/shop.bantam.ch\\\/de\\\/produkt\\\/ordnungshelfer-caddy-fuers-spuelbecken-weiss-gruen\\\/\"]}]},{\"@type\":\"ImageObject\",\"inLanguage\":\"de\",\"@id\":\"https:\\\/\\\/shop.bantam.ch\\\/de\\\/produkt\\\/ordnungshelfer-caddy-fuers-spuelbecken-weiss-gruen\\\/#primaryimage\",\"url\":\"https:\\\/\\\/shop.bantam.ch\\\/wp-content\\\/uploads\\\/2023\\\/02\\\/9951348-100-1-3.jpg\",\"contentUrl\":\"https:\\\/\\\/shop.bantam.ch\\\/wp-content\\\/uploads\\\/2023\\\/02\\\/9951348-100-1-3.jpg\",\"width\":1000,\"height\":792},{\"@type\":\"BreadcrumbList\",\"@id\":\"https:\\\/\\\/shop.bantam.ch\\\/de\\\/produkt\\\/ordnungshelfer-caddy-fuers-spuelbecken-weiss-gruen\\\/#breadcrumb\",\"itemListElement\":[{\"@type\":\"ListItem\",\"position\":1,\"name\":\"Accueil\",\"item\":\"https:\\\/\\\/shop.bantam.ch\\\/de\\\/\"},{\"@type\":\"ListItem\",\"position\":2,\"name\":\"Shop\",\"item\":\"https:\\\/\\\/shop.bantam.ch\\\/de\\\/shop\\\/\"},{\"@type\":\"ListItem\",\"position\":3,\"name\":\"Ordnungshelfer Joseph Joseph Caddy f\u00fcrs Sp\u00fclbecken Fb. wei\u00df \\\/ gr\u00fcn\"}]},{\"@type\":\"WebSite\",\"@id\":\"https:\\\/\\\/shop.bantam.ch\\\/de\\\/#website\",\"url\":\"https:\\\/\\\/shop.bantam.ch\\\/de\\\/\",\"name\":\"Bantam Camping AG\",\"description\":\"\",\"publisher\":{\"@id\":\"https:\\\/\\\/shop.bantam.ch\\\/de\\\/#organization\"},\"inLanguage\":\"de\"},{\"@type\":\"Organization\",\"@id\":\"https:\\\/\\\/shop.bantam.ch\\\/de\\\/#organization\",\"name\":\"Bantam Camping AG\",\"url\":\"https:\\\/\\\/shop.bantam.ch\\\/de\\\/\",\"logo\":{\"@type\":\"ImageObject\",\"inLanguage\":\"de\",\"@id\":\"https:\\\/\\\/shop.bantam.ch\\\/de\\\/#\\\/schema\\\/logo\\\/image\\\/\",\"url\":\"https:\\\/\\\/shop.bantam.ch\\\/wp-content\\\/uploads\\\/2022\\\/12\\\/bantam-logo.png\",\"contentUrl\":\"https:\\\/\\\/shop.bantam.ch\\\/wp-content\\\/uploads\\\/2022\\\/12\\\/bantam-logo.png\",\"width\":320,\"height\":71,\"caption\":\"Bantam Camping AG\"},\"image\":{\"@id\":\"https:\\\/\\\/shop.bantam.ch\\\/de\\\/#\\\/schema\\\/logo\\\/image\\\/\"}}]}<\/script>\n<!-- \/ Yoast SEO plugin. -->","yoast_head_json":{"title":"Ordnungshelfer Joseph Joseph Caddy f\u00fcrs Sp\u00fclbecken Fb. wei\u00df \/ gr\u00fcn - Bantam Camping AG","robots":{"index":"index","follow":"follow","max-snippet":"max-snippet:-1","max-image-preview":"max-image-preview:large","max-video-preview":"max-video-preview:-1"},"canonical":"https:\/\/shop.bantam.ch\/de\/produkt\/ordnungshelfer-caddy-fuers-spuelbecken-weiss-gruen\/","og_locale":"de_DE","og_type":"article","og_title":"Ordnungshelfer Joseph Joseph Caddy f\u00fcrs Sp\u00fclbecken Fb. wei\u00df \/ gr\u00fcn - Bantam Camping AG","og_description":"Mit dem praktischen Design kommt Ordnung in Ihre Sp\u00fcle. W\u00e4hrend der Hauptbeh\u00e4lter viel Stauraum f\u00fcr Sp\u00fclmittel und B\u00fcrste bietet, kann der Sp\u00fcllappen auf der Trockenstange aufgeh\u00e4ngt werden. Der Abtropfeinsatz auf der Unterlage ist zum Ablegen nasser Schw\u00e4mme gedacht. \u00dcbersch\u00fcssiges Wasser l\u00e4uft in die verdeckte Sammelwanne darunter. Kann zum einfachen Reinigen auseinandergebaut werden.","og_url":"https:\/\/shop.bantam.ch\/de\/produkt\/ordnungshelfer-caddy-fuers-spuelbecken-weiss-gruen\/","og_site_name":"Bantam Camping AG","article_modified_time":"2026-04-18T19:09:55+00:00","og_image":[{"width":1000,"height":792,"url":"https:\/\/shop.bantam.ch\/wp-content\/uploads\/2023\/02\/9951348-100-1-3.jpg","type":"image\/jpeg"}],"twitter_card":"summary_large_image","schema":{"@context":"https:\/\/schema.org","@graph":[{"@type":"WebPage","@id":"https:\/\/shop.bantam.ch\/de\/produkt\/ordnungshelfer-caddy-fuers-spuelbecken-weiss-gruen\/","url":"https:\/\/shop.bantam.ch\/de\/produkt\/ordnungshelfer-caddy-fuers-spuelbecken-weiss-gruen\/","name":"Ordnungshelfer Joseph Joseph Caddy f\u00fcrs Sp\u00fclbecken Fb. wei\u00df \/ gr\u00fcn - Bantam Camping AG","isPartOf":{"@id":"https:\/\/shop.bantam.ch\/de\/#website"},"primaryImageOfPage":{"@id":"https:\/\/shop.bantam.ch\/de\/produkt\/ordnungshelfer-caddy-fuers-spuelbecken-weiss-gruen\/#primaryimage"},"image":{"@id":"https:\/\/shop.bantam.ch\/de\/produkt\/ordnungshelfer-caddy-fuers-spuelbecken-weiss-gruen\/#primaryimage"},"thumbnailUrl":"https:\/\/shop.bantam.ch\/wp-content\/uploads\/2023\/02\/9951348-100-1-3.jpg","datePublished":"2023-02-27T17:56:14+00:00","dateModified":"2026-04-18T19:09:55+00:00","breadcrumb":{"@id":"https:\/\/shop.bantam.ch\/de\/produkt\/ordnungshelfer-caddy-fuers-spuelbecken-weiss-gruen\/#breadcrumb"},"inLanguage":"de","potentialAction":[{"@type":"ReadAction","target":["https:\/\/shop.bantam.ch\/de\/produkt\/ordnungshelfer-caddy-fuers-spuelbecken-weiss-gruen\/"]}]},{"@type":"ImageObject","inLanguage":"de","@id":"https:\/\/shop.bantam.ch\/de\/produkt\/ordnungshelfer-caddy-fuers-spuelbecken-weiss-gruen\/#primaryimage","url":"https:\/\/shop.bantam.ch\/wp-content\/uploads\/2023\/02\/9951348-100-1-3.jpg","contentUrl":"https:\/\/shop.bantam.ch\/wp-content\/uploads\/2023\/02\/9951348-100-1-3.jpg","width":1000,"height":792},{"@type":"BreadcrumbList","@id":"https:\/\/shop.bantam.ch\/de\/produkt\/ordnungshelfer-caddy-fuers-spuelbecken-weiss-gruen\/#breadcrumb","itemListElement":[{"@type":"ListItem","position":1,"name":"Accueil","item":"https:\/\/shop.bantam.ch\/de\/"},{"@type":"ListItem","position":2,"name":"Shop","item":"https:\/\/shop.bantam.ch\/de\/shop\/"},{"@type":"ListItem","position":3,"name":"Ordnungshelfer Joseph Joseph Caddy f\u00fcrs Sp\u00fclbecken Fb. wei\u00df \/ gr\u00fcn"}]},{"@type":"WebSite","@id":"https:\/\/shop.bantam.ch\/de\/#website","url":"https:\/\/shop.bantam.ch\/de\/","name":"Bantam Camping AG","description":"","publisher":{"@id":"https:\/\/shop.bantam.ch\/de\/#organization"},"inLanguage":"de"},{"@type":"Organization","@id":"https:\/\/shop.bantam.ch\/de\/#organization","name":"Bantam Camping AG","url":"https:\/\/shop.bantam.ch\/de\/","logo":{"@type":"ImageObject","inLanguage":"de","@id":"https:\/\/shop.bantam.ch\/de\/#\/schema\/logo\/image\/","url":"https:\/\/shop.bantam.ch\/wp-content\/uploads\/2022\/12\/bantam-logo.png","contentUrl":"https:\/\/shop.bantam.ch\/wp-content\/uploads\/2022\/12\/bantam-logo.png","width":320,"height":71,"caption":"Bantam Camping AG"},"image":{"@id":"https:\/\/shop.bantam.ch\/de\/#\/schema\/logo\/image\/"}}]}},"_links":{"self":[{"href":"https:\/\/shop.bantam.ch\/de\/wp-json\/wp\/v2\/product\/64086","targetHints":{"allow":["GET"]}}],"collection":[{"href":"https:\/\/shop.bantam.ch\/de\/wp-json\/wp\/v2\/product"}],"about":[{"href":"https:\/\/shop.bantam.ch\/de\/wp-json\/wp\/v2\/types\/product"}],"wp:featuredmedia":[{"embeddable":true,"href":"https:\/\/shop.bantam.ch\/de\/wp-json\/wp\/v2\/media\/64082"}],"wp:attachment":[{"href":"https:\/\/shop.bantam.ch\/de\/wp-json\/wp\/v2\/media?parent=64086"}],"wp:term":[{"taxonomy":"product_featured_cat","embeddable":true,"href":"https:\/\/shop.bantam.ch\/de\/wp-json\/wp\/v2\/product_featured_cat?post=64086"},{"taxonomy":"product_brand","embeddable":true,"href":"https:\/\/shop.bantam.ch\/de\/wp-json\/wp\/v2\/product_brand?post=64086"},{"taxonomy":"product_cat","embeddable":true,"href":"https:\/\/shop.bantam.ch\/de\/wp-json\/wp\/v2\/product_cat?post=64086"},{"taxonomy":"product_tag","embeddable":true,"href":"https:\/\/shop.bantam.ch\/de\/wp-json\/wp\/v2\/product_tag?post=64086"}],"curies":[{"name":"wp","href":"https:\/\/api.w.org\/{rel}","templated":true}]}}