{"id":63978,"date":"2023-02-27T18:54:48","date_gmt":"2023-02-27T17:54:48","guid":{"rendered":"http:\/\/shop.bantam.ch\/produit\/mini-waschmaschine-260-w-weiss-blau\/"},"modified":"2026-05-09T21:09:24","modified_gmt":"2026-05-09T19:09:24","slug":"mini-waschmaschine-260-w-weiss-blau","status":"publish","type":"product","link":"https:\/\/shop.bantam.ch\/de\/produkt\/mini-waschmaschine-260-w-weiss-blau\/","title":{"rendered":"Mini-Waschmaschine EASYmaxx 260 W Fb.wei\u00df \/ blau"},"content":{"rendered":"<p>Die saubere L\u00f6sung f\u00fcr die schnelle W\u00e4sche zwischendurch oder unterwegs! Obwohl kaum gr\u00f6\u00dfer als manche K\u00fcchenmaschine, bietet Ihnen die platzsparende Waschhilfe sowohl einen Waschgang als auch einen Schleudergang und Raum f\u00fcr bis zu 3 kg W\u00e4sche. Die Bedienung ist ganz einfach und erfolgt mit Wasser aus dem Wasserhahn und herk\u00f6mmlichem Waschpulver. Sogar ein Schleudergang mit 1,5 kg W\u00e4sche ist m\u00f6glich. Mit Abschluss-Schlauch zum Entleeren der Maschine und Zufluss-Schlauch zum Bef\u00fcllen. Ideal f\u00fcr den Campingplatz, unterwegs sowie f\u00fcr Single- und Studentenhaushalte.<\/p>\n<p>\u00a0<\/p>\n<ul>\n<li>Max. 10 l F\u00fcllmenge Wasser<\/li>\n<li>Gewicht: 5 kg<\/li>\n<\/ul>\n<p>\u00a0<\/p>\n","protected":false},"excerpt":{"rendered":"<p>Die saubere L\u00f6sung f\u00fcr die schnelle W\u00e4sche zwischendurch oder unterwegs! Obwohl kaum gr\u00f6\u00dfer als manche K\u00fcchenmaschine, bietet Ihnen die platzsparende Waschhilfe sowohl einen Waschgang als auch einen Schleudergang und Raum f\u00fcr bis zu 3 kg W\u00e4sche. Die Bedienung ist ganz einfach und erfolgt mit Wasser aus dem Wasserhahn und herk\u00f6mmlichem Waschpulver. Sogar ein Schleudergang mit [&hellip;]<\/p>\n","protected":false},"featured_media":63970,"template":"","meta":{"_acf_changed":false},"product_featured_cat":[],"product_brand":[3409],"product_cat":[4292,5148],"product_tag":[],"class_list":{"0":"post-63978","1":"product","2":"type-product","3":"status-publish","4":"has-post-thumbnail","6":"product_brand-easymaxx-de","7":"product_cat-waesche","8":"product_cat-weitere-haushaltsgeraete","10":"first","11":"instock","12":"taxable","13":"shipping-taxable","14":"purchasable","15":"product-type-simple"},"acf":[],"yoast_head":"<!-- This site is optimized with the Yoast SEO plugin v27.5 - https:\/\/yoast.com\/product\/yoast-seo-wordpress\/ -->\n<title>Mini-Waschmaschine EASYmaxx 260 W Fb.wei\u00df \/ blau - Bantam<\/title>\n<meta name=\"robots\" content=\"index, follow, max-snippet:-1, max-image-preview:large, max-video-preview:-1\" \/>\n<link rel=\"canonical\" href=\"https:\/\/shop.bantam.ch\/de\/produkt\/mini-waschmaschine-260-w-weiss-blau\/\" \/>\n<meta property=\"og:locale\" content=\"de_DE\" \/>\n<meta property=\"og:type\" content=\"article\" \/>\n<meta property=\"og:title\" content=\"Mini-Waschmaschine EASYmaxx 260 W Fb.wei\u00df \/ blau - Bantam\" \/>\n<meta property=\"og:description\" content=\"Die saubere L\u00f6sung f\u00fcr die schnelle W\u00e4sche zwischendurch oder unterwegs! Obwohl kaum gr\u00f6\u00dfer als manche K\u00fcchenmaschine, bietet Ihnen die platzsparende Waschhilfe sowohl einen Waschgang als auch einen Schleudergang und Raum f\u00fcr bis zu 3 kg W\u00e4sche. Die Bedienung ist ganz einfach und erfolgt mit Wasser aus dem Wasserhahn und herk\u00f6mmlichem Waschpulver. Sogar ein Schleudergang mit [&hellip;]\" \/>\n<meta property=\"og:url\" content=\"https:\/\/shop.bantam.ch\/de\/produkt\/mini-waschmaschine-260-w-weiss-blau\/\" \/>\n<meta property=\"og:site_name\" content=\"Bantam\" \/>\n<meta property=\"article:modified_time\" content=\"2026-05-09T19:09:24+00:00\" \/>\n<meta property=\"og:image\" content=\"https:\/\/shop.bantam.ch\/wp-content\/uploads\/2023\/02\/9951303-100-1-3.jpg\" \/>\n\t<meta property=\"og:image:width\" content=\"1000\" \/>\n\t<meta property=\"og:image:height\" content=\"1000\" \/>\n\t<meta property=\"og:image:type\" content=\"image\/jpeg\" \/>\n<meta name=\"twitter:card\" content=\"summary_large_image\" \/>\n<script type=\"application\/ld+json\" class=\"yoast-schema-graph\">{\"@context\":\"https:\\\/\\\/schema.org\",\"@graph\":[{\"@type\":\"WebPage\",\"@id\":\"https:\\\/\\\/shop.bantam.ch\\\/de\\\/produkt\\\/mini-waschmaschine-260-w-weiss-blau\\\/\",\"url\":\"https:\\\/\\\/shop.bantam.ch\\\/de\\\/produkt\\\/mini-waschmaschine-260-w-weiss-blau\\\/\",\"name\":\"Mini-Waschmaschine EASYmaxx 260 W Fb.wei\u00df \\\/ blau - Bantam\",\"isPartOf\":{\"@id\":\"https:\\\/\\\/shop.bantam.ch\\\/de\\\/#website\"},\"primaryImageOfPage\":{\"@id\":\"https:\\\/\\\/shop.bantam.ch\\\/de\\\/produkt\\\/mini-waschmaschine-260-w-weiss-blau\\\/#primaryimage\"},\"image\":{\"@id\":\"https:\\\/\\\/shop.bantam.ch\\\/de\\\/produkt\\\/mini-waschmaschine-260-w-weiss-blau\\\/#primaryimage\"},\"thumbnailUrl\":\"https:\\\/\\\/shop.bantam.ch\\\/wp-content\\\/uploads\\\/2023\\\/02\\\/9951303-100-1-3.jpg\",\"datePublished\":\"2023-02-27T17:54:48+00:00\",\"dateModified\":\"2026-05-09T19:09:24+00:00\",\"breadcrumb\":{\"@id\":\"https:\\\/\\\/shop.bantam.ch\\\/de\\\/produkt\\\/mini-waschmaschine-260-w-weiss-blau\\\/#breadcrumb\"},\"inLanguage\":\"de\",\"potentialAction\":[{\"@type\":\"ReadAction\",\"target\":[\"https:\\\/\\\/shop.bantam.ch\\\/de\\\/produkt\\\/mini-waschmaschine-260-w-weiss-blau\\\/\"]}]},{\"@type\":\"ImageObject\",\"inLanguage\":\"de\",\"@id\":\"https:\\\/\\\/shop.bantam.ch\\\/de\\\/produkt\\\/mini-waschmaschine-260-w-weiss-blau\\\/#primaryimage\",\"url\":\"https:\\\/\\\/shop.bantam.ch\\\/wp-content\\\/uploads\\\/2023\\\/02\\\/9951303-100-1-3.jpg\",\"contentUrl\":\"https:\\\/\\\/shop.bantam.ch\\\/wp-content\\\/uploads\\\/2023\\\/02\\\/9951303-100-1-3.jpg\",\"width\":1000,\"height\":1000},{\"@type\":\"BreadcrumbList\",\"@id\":\"https:\\\/\\\/shop.bantam.ch\\\/de\\\/produkt\\\/mini-waschmaschine-260-w-weiss-blau\\\/#breadcrumb\",\"itemListElement\":[{\"@type\":\"ListItem\",\"position\":1,\"name\":\"Accueil\",\"item\":\"https:\\\/\\\/shop.bantam.ch\\\/de\\\/\"},{\"@type\":\"ListItem\",\"position\":2,\"name\":\"Shop\",\"item\":\"https:\\\/\\\/shop.bantam.ch\\\/de\\\/shop\\\/\"},{\"@type\":\"ListItem\",\"position\":3,\"name\":\"Mini-Waschmaschine EASYmaxx 260 W Fb.wei\u00df \\\/ blau\"}]},{\"@type\":\"WebSite\",\"@id\":\"https:\\\/\\\/shop.bantam.ch\\\/de\\\/#website\",\"url\":\"https:\\\/\\\/shop.bantam.ch\\\/de\\\/\",\"name\":\"Bantam\",\"description\":\"\",\"publisher\":{\"@id\":\"https:\\\/\\\/shop.bantam.ch\\\/de\\\/#organization\"},\"inLanguage\":\"de\"},{\"@type\":\"Organization\",\"@id\":\"https:\\\/\\\/shop.bantam.ch\\\/de\\\/#organization\",\"name\":\"Bantam\",\"url\":\"https:\\\/\\\/shop.bantam.ch\\\/de\\\/\",\"logo\":{\"@type\":\"ImageObject\",\"inLanguage\":\"de\",\"@id\":\"https:\\\/\\\/shop.bantam.ch\\\/de\\\/#\\\/schema\\\/logo\\\/image\\\/\",\"url\":\"https:\\\/\\\/shop.bantam.ch\\\/wp-content\\\/uploads\\\/2022\\\/12\\\/bantam-logo.png\",\"contentUrl\":\"https:\\\/\\\/shop.bantam.ch\\\/wp-content\\\/uploads\\\/2022\\\/12\\\/bantam-logo.png\",\"width\":320,\"height\":71,\"caption\":\"Bantam\"},\"image\":{\"@id\":\"https:\\\/\\\/shop.bantam.ch\\\/de\\\/#\\\/schema\\\/logo\\\/image\\\/\"}}]}<\/script>\n<!-- \/ Yoast SEO plugin. -->","yoast_head_json":{"title":"Mini-Waschmaschine EASYmaxx 260 W Fb.wei\u00df \/ blau - Bantam","robots":{"index":"index","follow":"follow","max-snippet":"max-snippet:-1","max-image-preview":"max-image-preview:large","max-video-preview":"max-video-preview:-1"},"canonical":"https:\/\/shop.bantam.ch\/de\/produkt\/mini-waschmaschine-260-w-weiss-blau\/","og_locale":"de_DE","og_type":"article","og_title":"Mini-Waschmaschine EASYmaxx 260 W Fb.wei\u00df \/ blau - Bantam","og_description":"Die saubere L\u00f6sung f\u00fcr die schnelle W\u00e4sche zwischendurch oder unterwegs! Obwohl kaum gr\u00f6\u00dfer als manche K\u00fcchenmaschine, bietet Ihnen die platzsparende Waschhilfe sowohl einen Waschgang als auch einen Schleudergang und Raum f\u00fcr bis zu 3 kg W\u00e4sche. Die Bedienung ist ganz einfach und erfolgt mit Wasser aus dem Wasserhahn und herk\u00f6mmlichem Waschpulver. Sogar ein Schleudergang mit [&hellip;]","og_url":"https:\/\/shop.bantam.ch\/de\/produkt\/mini-waschmaschine-260-w-weiss-blau\/","og_site_name":"Bantam","article_modified_time":"2026-05-09T19:09:24+00:00","og_image":[{"width":1000,"height":1000,"url":"https:\/\/shop.bantam.ch\/wp-content\/uploads\/2023\/02\/9951303-100-1-3.jpg","type":"image\/jpeg"}],"twitter_card":"summary_large_image","schema":{"@context":"https:\/\/schema.org","@graph":[{"@type":"WebPage","@id":"https:\/\/shop.bantam.ch\/de\/produkt\/mini-waschmaschine-260-w-weiss-blau\/","url":"https:\/\/shop.bantam.ch\/de\/produkt\/mini-waschmaschine-260-w-weiss-blau\/","name":"Mini-Waschmaschine EASYmaxx 260 W Fb.wei\u00df \/ blau - Bantam","isPartOf":{"@id":"https:\/\/shop.bantam.ch\/de\/#website"},"primaryImageOfPage":{"@id":"https:\/\/shop.bantam.ch\/de\/produkt\/mini-waschmaschine-260-w-weiss-blau\/#primaryimage"},"image":{"@id":"https:\/\/shop.bantam.ch\/de\/produkt\/mini-waschmaschine-260-w-weiss-blau\/#primaryimage"},"thumbnailUrl":"https:\/\/shop.bantam.ch\/wp-content\/uploads\/2023\/02\/9951303-100-1-3.jpg","datePublished":"2023-02-27T17:54:48+00:00","dateModified":"2026-05-09T19:09:24+00:00","breadcrumb":{"@id":"https:\/\/shop.bantam.ch\/de\/produkt\/mini-waschmaschine-260-w-weiss-blau\/#breadcrumb"},"inLanguage":"de","potentialAction":[{"@type":"ReadAction","target":["https:\/\/shop.bantam.ch\/de\/produkt\/mini-waschmaschine-260-w-weiss-blau\/"]}]},{"@type":"ImageObject","inLanguage":"de","@id":"https:\/\/shop.bantam.ch\/de\/produkt\/mini-waschmaschine-260-w-weiss-blau\/#primaryimage","url":"https:\/\/shop.bantam.ch\/wp-content\/uploads\/2023\/02\/9951303-100-1-3.jpg","contentUrl":"https:\/\/shop.bantam.ch\/wp-content\/uploads\/2023\/02\/9951303-100-1-3.jpg","width":1000,"height":1000},{"@type":"BreadcrumbList","@id":"https:\/\/shop.bantam.ch\/de\/produkt\/mini-waschmaschine-260-w-weiss-blau\/#breadcrumb","itemListElement":[{"@type":"ListItem","position":1,"name":"Accueil","item":"https:\/\/shop.bantam.ch\/de\/"},{"@type":"ListItem","position":2,"name":"Shop","item":"https:\/\/shop.bantam.ch\/de\/shop\/"},{"@type":"ListItem","position":3,"name":"Mini-Waschmaschine EASYmaxx 260 W Fb.wei\u00df \/ blau"}]},{"@type":"WebSite","@id":"https:\/\/shop.bantam.ch\/de\/#website","url":"https:\/\/shop.bantam.ch\/de\/","name":"Bantam","description":"","publisher":{"@id":"https:\/\/shop.bantam.ch\/de\/#organization"},"inLanguage":"de"},{"@type":"Organization","@id":"https:\/\/shop.bantam.ch\/de\/#organization","name":"Bantam","url":"https:\/\/shop.bantam.ch\/de\/","logo":{"@type":"ImageObject","inLanguage":"de","@id":"https:\/\/shop.bantam.ch\/de\/#\/schema\/logo\/image\/","url":"https:\/\/shop.bantam.ch\/wp-content\/uploads\/2022\/12\/bantam-logo.png","contentUrl":"https:\/\/shop.bantam.ch\/wp-content\/uploads\/2022\/12\/bantam-logo.png","width":320,"height":71,"caption":"Bantam"},"image":{"@id":"https:\/\/shop.bantam.ch\/de\/#\/schema\/logo\/image\/"}}]}},"_links":{"self":[{"href":"https:\/\/shop.bantam.ch\/de\/wp-json\/wp\/v2\/product\/63978","targetHints":{"allow":["GET"]}}],"collection":[{"href":"https:\/\/shop.bantam.ch\/de\/wp-json\/wp\/v2\/product"}],"about":[{"href":"https:\/\/shop.bantam.ch\/de\/wp-json\/wp\/v2\/types\/product"}],"wp:featuredmedia":[{"embeddable":true,"href":"https:\/\/shop.bantam.ch\/de\/wp-json\/wp\/v2\/media\/63970"}],"wp:attachment":[{"href":"https:\/\/shop.bantam.ch\/de\/wp-json\/wp\/v2\/media?parent=63978"}],"wp:term":[{"taxonomy":"product_featured_cat","embeddable":true,"href":"https:\/\/shop.bantam.ch\/de\/wp-json\/wp\/v2\/product_featured_cat?post=63978"},{"taxonomy":"product_brand","embeddable":true,"href":"https:\/\/shop.bantam.ch\/de\/wp-json\/wp\/v2\/product_brand?post=63978"},{"taxonomy":"product_cat","embeddable":true,"href":"https:\/\/shop.bantam.ch\/de\/wp-json\/wp\/v2\/product_cat?post=63978"},{"taxonomy":"product_tag","embeddable":true,"href":"https:\/\/shop.bantam.ch\/de\/wp-json\/wp\/v2\/product_tag?post=63978"}],"curies":[{"name":"wp","href":"https:\/\/api.w.org\/{rel}","templated":true}]}}