{"id":63866,"date":"2023-02-27T18:52:29","date_gmt":"2023-02-27T17:52:29","guid":{"rendered":"http:\/\/shop.bantam.ch\/produit\/cassettentoilette-c-262-cwe-ohne-tuere\/"},"modified":"2026-04-20T21:09:30","modified_gmt":"2026-04-20T19:09:30","slug":"cassettentoilette-c-262-cwe-ohne-tuere","status":"publish","type":"product","link":"https:\/\/shop.bantam.ch\/de\/produkt\/cassettentoilette-c-262-cwe-ohne-tuere\/","title":{"rendered":"Cassettentoilette Thetford C 262 CWE ohne T\u00fcre &amp; Frischwassereinf\u00fcllklappe Farbe wei\u00df"},"content":{"rendered":"<p>Die C260 Cassettentoilette ist ein Facelift der C250 Cassettentoilette. Das erfolgreiche, zeitgem\u00e4\u00dfe Design der C250 wurde nicht ver\u00e4ndert. Dennoch hat die C260 einige aufregende neue und verbesserte Eigenschaften. Darunter sind zum Beispiel ein stabilerer Sitz &amp; Deckel, ein Sch\u00fcsseldesign, das die Reinigung erleichtert und eine verbesserte Sp\u00fclung. Diese Toilette ist auch mit Vollkeramik-Sch\u00fcssel erh\u00e4ltlich &#8211; f\u00fcr ein WC-Erlebnis wie zu Hause.<\/p>\n<ul>\n<li>Zeitgem\u00e4\u00dfes Design, wie zu Hause<\/li>\n<li>Optimale Platzausnutzung: 2 x 90 \u00b0 Drehbarkeit der Toilettensch\u00fcssel<\/li>\n<li>Maximaler Sitzkomfort<\/li>\n<li>Neues Sch\u00fcsseldesign, besonders leicht zu reinigen<\/li>\n<li>Hochwertiger Kunststoff f\u00fcr eine langlebige Toilette<\/li>\n<li>Die Keramikversion verspricht maximale Hygiene und Nutzungskomfort, genau wie zu Hause<\/li>\n<li>Kraftvolles Sp\u00fclsystem<\/li>\n<li>Sp\u00fclsystem elektrisch<\/li>\n<li>Kapazit\u00e4t: F\u00e4kalientank 17,5 l<\/li>\n<li>Kapazit\u00e4t: Sp\u00fclwassertank 8 l<\/li>\n<li>Sitzh\u00f6he: 467 mm<\/li>\n<\/ul>\n<p>Lieferumfang:<br \/>Ohne Serviceklappe und Wasseineinf\u00fcllklappe<\/p>\n","protected":false},"excerpt":{"rendered":"<p>Die C260 Cassettentoilette ist ein Facelift der C250 Cassettentoilette. Das erfolgreiche, zeitgem\u00e4\u00dfe Design der C250 wurde nicht ver\u00e4ndert. Dennoch hat die C260 einige aufregende neue und verbesserte Eigenschaften. Darunter sind zum Beispiel ein stabilerer Sitz &amp; Deckel, ein Sch\u00fcsseldesign, das die Reinigung erleichtert und eine verbesserte Sp\u00fclung. Diese Toilette ist auch mit Vollkeramik-Sch\u00fcssel erh\u00e4ltlich &#8211; [&hellip;]<\/p>\n","protected":false},"featured_media":63864,"template":"","meta":{"_acf_changed":false},"product_featured_cat":[],"product_brand":[3067],"product_cat":[4596],"product_tag":[],"class_list":{"0":"post-63866","1":"product","2":"type-product","3":"status-publish","4":"has-post-thumbnail","6":"product_brand-thetford-de","7":"product_cat-einbautoiletten","9":"first","10":"instock","11":"taxable","12":"shipping-taxable","13":"purchasable","14":"product-type-simple"},"acf":[],"yoast_head":"<!-- This site is optimized with the Yoast SEO plugin v27.4 - https:\/\/yoast.com\/product\/yoast-seo-wordpress\/ -->\n<title>Cassettentoilette Thetford C 262 CWE ohne T\u00fcre &amp; Frischwassereinf\u00fcllklappe Farbe wei\u00df - Bantam Camping AG<\/title>\n<meta name=\"robots\" content=\"index, follow, max-snippet:-1, max-image-preview:large, max-video-preview:-1\" \/>\n<link rel=\"canonical\" href=\"https:\/\/shop.bantam.ch\/de\/produkt\/cassettentoilette-c-262-cwe-ohne-tuere\/\" \/>\n<meta property=\"og:locale\" content=\"de_DE\" \/>\n<meta property=\"og:type\" content=\"article\" \/>\n<meta property=\"og:title\" content=\"Cassettentoilette Thetford C 262 CWE ohne T\u00fcre &amp; Frischwassereinf\u00fcllklappe Farbe wei\u00df - Bantam Camping AG\" \/>\n<meta property=\"og:description\" content=\"Die C260 Cassettentoilette ist ein Facelift der C250 Cassettentoilette. Das erfolgreiche, zeitgem\u00e4\u00dfe Design der C250 wurde nicht ver\u00e4ndert. Dennoch hat die C260 einige aufregende neue und verbesserte Eigenschaften. Darunter sind zum Beispiel ein stabilerer Sitz &amp; Deckel, ein Sch\u00fcsseldesign, das die Reinigung erleichtert und eine verbesserte Sp\u00fclung. Diese Toilette ist auch mit Vollkeramik-Sch\u00fcssel erh\u00e4ltlich &#8211; [&hellip;]\" \/>\n<meta property=\"og:url\" content=\"https:\/\/shop.bantam.ch\/de\/produkt\/cassettentoilette-c-262-cwe-ohne-tuere\/\" \/>\n<meta property=\"og:site_name\" content=\"Bantam Camping AG\" \/>\n<meta property=\"article:modified_time\" content=\"2026-04-20T19:09:30+00:00\" \/>\n<meta property=\"og:image\" content=\"https:\/\/shop.bantam.ch\/wp-content\/uploads\/2023\/02\/9960120-100-1-3.jpg\" \/>\n\t<meta property=\"og:image:width\" content=\"667\" \/>\n\t<meta property=\"og:image:height\" content=\"1000\" \/>\n\t<meta property=\"og:image:type\" content=\"image\/jpeg\" \/>\n<meta name=\"twitter:card\" content=\"summary_large_image\" \/>\n<meta name=\"twitter:label1\" content=\"Gesch\u00e4tzte Lesezeit\" \/>\n\t<meta name=\"twitter:data1\" content=\"1\u00a0Minute\" \/>\n<script type=\"application\/ld+json\" class=\"yoast-schema-graph\">{\"@context\":\"https:\\\/\\\/schema.org\",\"@graph\":[{\"@type\":\"WebPage\",\"@id\":\"https:\\\/\\\/shop.bantam.ch\\\/de\\\/produkt\\\/cassettentoilette-c-262-cwe-ohne-tuere\\\/\",\"url\":\"https:\\\/\\\/shop.bantam.ch\\\/de\\\/produkt\\\/cassettentoilette-c-262-cwe-ohne-tuere\\\/\",\"name\":\"Cassettentoilette Thetford C 262 CWE ohne T\u00fcre &amp; Frischwassereinf\u00fcllklappe Farbe wei\u00df - Bantam Camping AG\",\"isPartOf\":{\"@id\":\"https:\\\/\\\/shop.bantam.ch\\\/de\\\/#website\"},\"primaryImageOfPage\":{\"@id\":\"https:\\\/\\\/shop.bantam.ch\\\/de\\\/produkt\\\/cassettentoilette-c-262-cwe-ohne-tuere\\\/#primaryimage\"},\"image\":{\"@id\":\"https:\\\/\\\/shop.bantam.ch\\\/de\\\/produkt\\\/cassettentoilette-c-262-cwe-ohne-tuere\\\/#primaryimage\"},\"thumbnailUrl\":\"https:\\\/\\\/shop.bantam.ch\\\/wp-content\\\/uploads\\\/2023\\\/02\\\/9960120-100-1-3.jpg\",\"datePublished\":\"2023-02-27T17:52:29+00:00\",\"dateModified\":\"2026-04-20T19:09:30+00:00\",\"breadcrumb\":{\"@id\":\"https:\\\/\\\/shop.bantam.ch\\\/de\\\/produkt\\\/cassettentoilette-c-262-cwe-ohne-tuere\\\/#breadcrumb\"},\"inLanguage\":\"de\",\"potentialAction\":[{\"@type\":\"ReadAction\",\"target\":[\"https:\\\/\\\/shop.bantam.ch\\\/de\\\/produkt\\\/cassettentoilette-c-262-cwe-ohne-tuere\\\/\"]}]},{\"@type\":\"ImageObject\",\"inLanguage\":\"de\",\"@id\":\"https:\\\/\\\/shop.bantam.ch\\\/de\\\/produkt\\\/cassettentoilette-c-262-cwe-ohne-tuere\\\/#primaryimage\",\"url\":\"https:\\\/\\\/shop.bantam.ch\\\/wp-content\\\/uploads\\\/2023\\\/02\\\/9960120-100-1-3.jpg\",\"contentUrl\":\"https:\\\/\\\/shop.bantam.ch\\\/wp-content\\\/uploads\\\/2023\\\/02\\\/9960120-100-1-3.jpg\",\"width\":667,\"height\":1000},{\"@type\":\"BreadcrumbList\",\"@id\":\"https:\\\/\\\/shop.bantam.ch\\\/de\\\/produkt\\\/cassettentoilette-c-262-cwe-ohne-tuere\\\/#breadcrumb\",\"itemListElement\":[{\"@type\":\"ListItem\",\"position\":1,\"name\":\"Accueil\",\"item\":\"https:\\\/\\\/shop.bantam.ch\\\/de\\\/\"},{\"@type\":\"ListItem\",\"position\":2,\"name\":\"Shop\",\"item\":\"https:\\\/\\\/shop.bantam.ch\\\/de\\\/shop\\\/\"},{\"@type\":\"ListItem\",\"position\":3,\"name\":\"Cassettentoilette Thetford C 262 CWE ohne T\u00fcre &amp; Frischwassereinf\u00fcllklappe Farbe wei\u00df\"}]},{\"@type\":\"WebSite\",\"@id\":\"https:\\\/\\\/shop.bantam.ch\\\/de\\\/#website\",\"url\":\"https:\\\/\\\/shop.bantam.ch\\\/de\\\/\",\"name\":\"Bantam Camping AG\",\"description\":\"\",\"publisher\":{\"@id\":\"https:\\\/\\\/shop.bantam.ch\\\/de\\\/#organization\"},\"inLanguage\":\"de\"},{\"@type\":\"Organization\",\"@id\":\"https:\\\/\\\/shop.bantam.ch\\\/de\\\/#organization\",\"name\":\"Bantam Camping AG\",\"url\":\"https:\\\/\\\/shop.bantam.ch\\\/de\\\/\",\"logo\":{\"@type\":\"ImageObject\",\"inLanguage\":\"de\",\"@id\":\"https:\\\/\\\/shop.bantam.ch\\\/de\\\/#\\\/schema\\\/logo\\\/image\\\/\",\"url\":\"https:\\\/\\\/shop.bantam.ch\\\/wp-content\\\/uploads\\\/2022\\\/12\\\/bantam-logo.png\",\"contentUrl\":\"https:\\\/\\\/shop.bantam.ch\\\/wp-content\\\/uploads\\\/2022\\\/12\\\/bantam-logo.png\",\"width\":320,\"height\":71,\"caption\":\"Bantam Camping AG\"},\"image\":{\"@id\":\"https:\\\/\\\/shop.bantam.ch\\\/de\\\/#\\\/schema\\\/logo\\\/image\\\/\"}}]}<\/script>\n<!-- \/ Yoast SEO plugin. -->","yoast_head_json":{"title":"Cassettentoilette Thetford C 262 CWE ohne T\u00fcre &amp; Frischwassereinf\u00fcllklappe Farbe wei\u00df - Bantam Camping AG","robots":{"index":"index","follow":"follow","max-snippet":"max-snippet:-1","max-image-preview":"max-image-preview:large","max-video-preview":"max-video-preview:-1"},"canonical":"https:\/\/shop.bantam.ch\/de\/produkt\/cassettentoilette-c-262-cwe-ohne-tuere\/","og_locale":"de_DE","og_type":"article","og_title":"Cassettentoilette Thetford C 262 CWE ohne T\u00fcre &amp; Frischwassereinf\u00fcllklappe Farbe wei\u00df - Bantam Camping AG","og_description":"Die C260 Cassettentoilette ist ein Facelift der C250 Cassettentoilette. Das erfolgreiche, zeitgem\u00e4\u00dfe Design der C250 wurde nicht ver\u00e4ndert. Dennoch hat die C260 einige aufregende neue und verbesserte Eigenschaften. Darunter sind zum Beispiel ein stabilerer Sitz &amp; Deckel, ein Sch\u00fcsseldesign, das die Reinigung erleichtert und eine verbesserte Sp\u00fclung. Diese Toilette ist auch mit Vollkeramik-Sch\u00fcssel erh\u00e4ltlich &#8211; [&hellip;]","og_url":"https:\/\/shop.bantam.ch\/de\/produkt\/cassettentoilette-c-262-cwe-ohne-tuere\/","og_site_name":"Bantam Camping AG","article_modified_time":"2026-04-20T19:09:30+00:00","og_image":[{"width":667,"height":1000,"url":"https:\/\/shop.bantam.ch\/wp-content\/uploads\/2023\/02\/9960120-100-1-3.jpg","type":"image\/jpeg"}],"twitter_card":"summary_large_image","twitter_misc":{"Gesch\u00e4tzte Lesezeit":"1\u00a0Minute"},"schema":{"@context":"https:\/\/schema.org","@graph":[{"@type":"WebPage","@id":"https:\/\/shop.bantam.ch\/de\/produkt\/cassettentoilette-c-262-cwe-ohne-tuere\/","url":"https:\/\/shop.bantam.ch\/de\/produkt\/cassettentoilette-c-262-cwe-ohne-tuere\/","name":"Cassettentoilette Thetford C 262 CWE ohne T\u00fcre &amp; Frischwassereinf\u00fcllklappe Farbe wei\u00df - Bantam Camping AG","isPartOf":{"@id":"https:\/\/shop.bantam.ch\/de\/#website"},"primaryImageOfPage":{"@id":"https:\/\/shop.bantam.ch\/de\/produkt\/cassettentoilette-c-262-cwe-ohne-tuere\/#primaryimage"},"image":{"@id":"https:\/\/shop.bantam.ch\/de\/produkt\/cassettentoilette-c-262-cwe-ohne-tuere\/#primaryimage"},"thumbnailUrl":"https:\/\/shop.bantam.ch\/wp-content\/uploads\/2023\/02\/9960120-100-1-3.jpg","datePublished":"2023-02-27T17:52:29+00:00","dateModified":"2026-04-20T19:09:30+00:00","breadcrumb":{"@id":"https:\/\/shop.bantam.ch\/de\/produkt\/cassettentoilette-c-262-cwe-ohne-tuere\/#breadcrumb"},"inLanguage":"de","potentialAction":[{"@type":"ReadAction","target":["https:\/\/shop.bantam.ch\/de\/produkt\/cassettentoilette-c-262-cwe-ohne-tuere\/"]}]},{"@type":"ImageObject","inLanguage":"de","@id":"https:\/\/shop.bantam.ch\/de\/produkt\/cassettentoilette-c-262-cwe-ohne-tuere\/#primaryimage","url":"https:\/\/shop.bantam.ch\/wp-content\/uploads\/2023\/02\/9960120-100-1-3.jpg","contentUrl":"https:\/\/shop.bantam.ch\/wp-content\/uploads\/2023\/02\/9960120-100-1-3.jpg","width":667,"height":1000},{"@type":"BreadcrumbList","@id":"https:\/\/shop.bantam.ch\/de\/produkt\/cassettentoilette-c-262-cwe-ohne-tuere\/#breadcrumb","itemListElement":[{"@type":"ListItem","position":1,"name":"Accueil","item":"https:\/\/shop.bantam.ch\/de\/"},{"@type":"ListItem","position":2,"name":"Shop","item":"https:\/\/shop.bantam.ch\/de\/shop\/"},{"@type":"ListItem","position":3,"name":"Cassettentoilette Thetford C 262 CWE ohne T\u00fcre &amp; Frischwassereinf\u00fcllklappe Farbe wei\u00df"}]},{"@type":"WebSite","@id":"https:\/\/shop.bantam.ch\/de\/#website","url":"https:\/\/shop.bantam.ch\/de\/","name":"Bantam Camping AG","description":"","publisher":{"@id":"https:\/\/shop.bantam.ch\/de\/#organization"},"inLanguage":"de"},{"@type":"Organization","@id":"https:\/\/shop.bantam.ch\/de\/#organization","name":"Bantam Camping AG","url":"https:\/\/shop.bantam.ch\/de\/","logo":{"@type":"ImageObject","inLanguage":"de","@id":"https:\/\/shop.bantam.ch\/de\/#\/schema\/logo\/image\/","url":"https:\/\/shop.bantam.ch\/wp-content\/uploads\/2022\/12\/bantam-logo.png","contentUrl":"https:\/\/shop.bantam.ch\/wp-content\/uploads\/2022\/12\/bantam-logo.png","width":320,"height":71,"caption":"Bantam Camping AG"},"image":{"@id":"https:\/\/shop.bantam.ch\/de\/#\/schema\/logo\/image\/"}}]}},"_links":{"self":[{"href":"https:\/\/shop.bantam.ch\/de\/wp-json\/wp\/v2\/product\/63866","targetHints":{"allow":["GET"]}}],"collection":[{"href":"https:\/\/shop.bantam.ch\/de\/wp-json\/wp\/v2\/product"}],"about":[{"href":"https:\/\/shop.bantam.ch\/de\/wp-json\/wp\/v2\/types\/product"}],"wp:featuredmedia":[{"embeddable":true,"href":"https:\/\/shop.bantam.ch\/de\/wp-json\/wp\/v2\/media\/63864"}],"wp:attachment":[{"href":"https:\/\/shop.bantam.ch\/de\/wp-json\/wp\/v2\/media?parent=63866"}],"wp:term":[{"taxonomy":"product_featured_cat","embeddable":true,"href":"https:\/\/shop.bantam.ch\/de\/wp-json\/wp\/v2\/product_featured_cat?post=63866"},{"taxonomy":"product_brand","embeddable":true,"href":"https:\/\/shop.bantam.ch\/de\/wp-json\/wp\/v2\/product_brand?post=63866"},{"taxonomy":"product_cat","embeddable":true,"href":"https:\/\/shop.bantam.ch\/de\/wp-json\/wp\/v2\/product_cat?post=63866"},{"taxonomy":"product_tag","embeddable":true,"href":"https:\/\/shop.bantam.ch\/de\/wp-json\/wp\/v2\/product_tag?post=63866"}],"curies":[{"name":"wp","href":"https:\/\/api.w.org\/{rel}","templated":true}]}}