{"id":63827,"date":"2023-02-27T18:51:16","date_gmt":"2023-02-27T17:51:16","guid":{"rendered":"http:\/\/shop.bantam.ch\/produit\/tuerschloss-universal\/"},"modified":"2026-04-19T21:55:14","modified_gmt":"2026-04-19T19:55:14","slug":"tuerschloss-universal","status":"publish","type":"product","link":"https:\/\/shop.bantam.ch\/de\/produkt\/tuerschloss-universal\/","title":{"rendered":"T\u00fcrschloss Universal"},"content":{"rendered":"<p>Dieses neue Hochsicherheitsschloss passt an alle Reisemobile, Wohnwagen und Vans. Es ist m\u00f6glich das gleiche Schloss auf drei verschiedene Arten zu montieren. Die Anbaumontage ist perfekt f\u00fcr Schiebet\u00fcren, Kabinent\u00fcren oder Doppelheckt\u00fcren eines Vans. Die Wandmontage und die T\u00fcrrahmenmontage sind perfekt f\u00fcr die Eingangst\u00fcr, Garagent\u00fcr oder die zweiteilige Aufbaut\u00fcr eines Reisemobils oder Wohnwagens.<\/p>\n<ul>\n<li>gro\u00dfe \u00dcberlappung an der T\u00fcr f\u00fcr hohe Sicherheit<\/li>\n<li>stabiles Drehverriegelungssystem<\/li>\n<\/ul>\n<p>Material:<br \/>Stabiles pulverbeschichtetes Aluminium<\/p>\n<p>\u00a0<\/p>\n","protected":false},"excerpt":{"rendered":"<p>Dieses neue Hochsicherheitsschloss passt an alle Reisemobile, Wohnwagen und Vans. Es ist m\u00f6glich das gleiche Schloss auf drei verschiedene Arten zu montieren. Die Anbaumontage ist perfekt f\u00fcr Schiebet\u00fcren, Kabinent\u00fcren oder Doppelheckt\u00fcren eines Vans. Die Wandmontage und die T\u00fcrrahmenmontage sind perfekt f\u00fcr die Eingangst\u00fcr, Garagent\u00fcr oder die zweiteilige Aufbaut\u00fcr eines Reisemobils oder Wohnwagens. gro\u00dfe \u00dcberlappung an [&hellip;]<\/p>\n","protected":false},"featured_media":63796,"template":"","meta":{"_acf_changed":false},"product_featured_cat":[],"product_brand":[3047],"product_cat":[4668],"product_tag":[],"class_list":{"0":"post-63827","1":"product","2":"type-product","3":"status-publish","4":"has-post-thumbnail","6":"product_brand-thule-de","7":"product_cat-tuersicherungen","9":"first","10":"instock","11":"taxable","12":"shipping-taxable","13":"purchasable","14":"product-type-variable"},"acf":[],"yoast_head":"<!-- This site is optimized with the Yoast SEO plugin v27.4 - https:\/\/yoast.com\/product\/yoast-seo-wordpress\/ -->\n<title>T\u00fcrschloss Universal - Bantam Camping AG<\/title>\n<meta name=\"robots\" content=\"index, follow, max-snippet:-1, max-image-preview:large, max-video-preview:-1\" \/>\n<link rel=\"canonical\" href=\"https:\/\/shop.bantam.ch\/de\/produkt\/tuerschloss-universal\/\" \/>\n<meta property=\"og:locale\" content=\"de_DE\" \/>\n<meta property=\"og:type\" content=\"article\" \/>\n<meta property=\"og:title\" content=\"T\u00fcrschloss Universal - Bantam Camping AG\" \/>\n<meta property=\"og:description\" content=\"Dieses neue Hochsicherheitsschloss passt an alle Reisemobile, Wohnwagen und Vans. Es ist m\u00f6glich das gleiche Schloss auf drei verschiedene Arten zu montieren. Die Anbaumontage ist perfekt f\u00fcr Schiebet\u00fcren, Kabinent\u00fcren oder Doppelheckt\u00fcren eines Vans. Die Wandmontage und die T\u00fcrrahmenmontage sind perfekt f\u00fcr die Eingangst\u00fcr, Garagent\u00fcr oder die zweiteilige Aufbaut\u00fcr eines Reisemobils oder Wohnwagens. gro\u00dfe \u00dcberlappung an [&hellip;]\" \/>\n<meta property=\"og:url\" content=\"https:\/\/shop.bantam.ch\/de\/produkt\/tuerschloss-universal\/\" \/>\n<meta property=\"og:site_name\" content=\"Bantam Camping AG\" \/>\n<meta property=\"article:modified_time\" content=\"2026-04-19T19:55:14+00:00\" \/>\n<meta property=\"og:image\" content=\"https:\/\/shop.bantam.ch\/wp-content\/uploads\/2023\/02\/9940924-100-1-3.jpg\" \/>\n\t<meta property=\"og:image:width\" content=\"1000\" \/>\n\t<meta property=\"og:image:height\" content=\"597\" \/>\n\t<meta property=\"og:image:type\" content=\"image\/jpeg\" \/>\n<meta name=\"twitter:card\" content=\"summary_large_image\" \/>\n<script type=\"application\/ld+json\" class=\"yoast-schema-graph\">{\"@context\":\"https:\\\/\\\/schema.org\",\"@graph\":[{\"@type\":\"WebPage\",\"@id\":\"https:\\\/\\\/shop.bantam.ch\\\/de\\\/produkt\\\/tuerschloss-universal\\\/\",\"url\":\"https:\\\/\\\/shop.bantam.ch\\\/de\\\/produkt\\\/tuerschloss-universal\\\/\",\"name\":\"T\u00fcrschloss Universal - Bantam Camping AG\",\"isPartOf\":{\"@id\":\"https:\\\/\\\/shop.bantam.ch\\\/de\\\/#website\"},\"primaryImageOfPage\":{\"@id\":\"https:\\\/\\\/shop.bantam.ch\\\/de\\\/produkt\\\/tuerschloss-universal\\\/#primaryimage\"},\"image\":{\"@id\":\"https:\\\/\\\/shop.bantam.ch\\\/de\\\/produkt\\\/tuerschloss-universal\\\/#primaryimage\"},\"thumbnailUrl\":\"https:\\\/\\\/shop.bantam.ch\\\/wp-content\\\/uploads\\\/2023\\\/02\\\/9940924-100-1-3.jpg\",\"datePublished\":\"2023-02-27T17:51:16+00:00\",\"dateModified\":\"2026-04-19T19:55:14+00:00\",\"breadcrumb\":{\"@id\":\"https:\\\/\\\/shop.bantam.ch\\\/de\\\/produkt\\\/tuerschloss-universal\\\/#breadcrumb\"},\"inLanguage\":\"de\",\"potentialAction\":[{\"@type\":\"ReadAction\",\"target\":[\"https:\\\/\\\/shop.bantam.ch\\\/de\\\/produkt\\\/tuerschloss-universal\\\/\"]}]},{\"@type\":\"ImageObject\",\"inLanguage\":\"de\",\"@id\":\"https:\\\/\\\/shop.bantam.ch\\\/de\\\/produkt\\\/tuerschloss-universal\\\/#primaryimage\",\"url\":\"https:\\\/\\\/shop.bantam.ch\\\/wp-content\\\/uploads\\\/2023\\\/02\\\/9940924-100-1-3.jpg\",\"contentUrl\":\"https:\\\/\\\/shop.bantam.ch\\\/wp-content\\\/uploads\\\/2023\\\/02\\\/9940924-100-1-3.jpg\",\"width\":1000,\"height\":597},{\"@type\":\"BreadcrumbList\",\"@id\":\"https:\\\/\\\/shop.bantam.ch\\\/de\\\/produkt\\\/tuerschloss-universal\\\/#breadcrumb\",\"itemListElement\":[{\"@type\":\"ListItem\",\"position\":1,\"name\":\"Accueil\",\"item\":\"https:\\\/\\\/shop.bantam.ch\\\/de\\\/\"},{\"@type\":\"ListItem\",\"position\":2,\"name\":\"Shop\",\"item\":\"https:\\\/\\\/shop.bantam.ch\\\/de\\\/shop\\\/\"},{\"@type\":\"ListItem\",\"position\":3,\"name\":\"T\u00fcrschloss Universal\"}]},{\"@type\":\"WebSite\",\"@id\":\"https:\\\/\\\/shop.bantam.ch\\\/de\\\/#website\",\"url\":\"https:\\\/\\\/shop.bantam.ch\\\/de\\\/\",\"name\":\"Bantam Camping AG\",\"description\":\"\",\"publisher\":{\"@id\":\"https:\\\/\\\/shop.bantam.ch\\\/de\\\/#organization\"},\"inLanguage\":\"de\"},{\"@type\":\"Organization\",\"@id\":\"https:\\\/\\\/shop.bantam.ch\\\/de\\\/#organization\",\"name\":\"Bantam Camping AG\",\"url\":\"https:\\\/\\\/shop.bantam.ch\\\/de\\\/\",\"logo\":{\"@type\":\"ImageObject\",\"inLanguage\":\"de\",\"@id\":\"https:\\\/\\\/shop.bantam.ch\\\/de\\\/#\\\/schema\\\/logo\\\/image\\\/\",\"url\":\"https:\\\/\\\/shop.bantam.ch\\\/wp-content\\\/uploads\\\/2022\\\/12\\\/bantam-logo.png\",\"contentUrl\":\"https:\\\/\\\/shop.bantam.ch\\\/wp-content\\\/uploads\\\/2022\\\/12\\\/bantam-logo.png\",\"width\":320,\"height\":71,\"caption\":\"Bantam Camping AG\"},\"image\":{\"@id\":\"https:\\\/\\\/shop.bantam.ch\\\/de\\\/#\\\/schema\\\/logo\\\/image\\\/\"}}]}<\/script>\n<!-- \/ Yoast SEO plugin. -->","yoast_head_json":{"title":"T\u00fcrschloss Universal - Bantam Camping AG","robots":{"index":"index","follow":"follow","max-snippet":"max-snippet:-1","max-image-preview":"max-image-preview:large","max-video-preview":"max-video-preview:-1"},"canonical":"https:\/\/shop.bantam.ch\/de\/produkt\/tuerschloss-universal\/","og_locale":"de_DE","og_type":"article","og_title":"T\u00fcrschloss Universal - Bantam Camping AG","og_description":"Dieses neue Hochsicherheitsschloss passt an alle Reisemobile, Wohnwagen und Vans. Es ist m\u00f6glich das gleiche Schloss auf drei verschiedene Arten zu montieren. Die Anbaumontage ist perfekt f\u00fcr Schiebet\u00fcren, Kabinent\u00fcren oder Doppelheckt\u00fcren eines Vans. Die Wandmontage und die T\u00fcrrahmenmontage sind perfekt f\u00fcr die Eingangst\u00fcr, Garagent\u00fcr oder die zweiteilige Aufbaut\u00fcr eines Reisemobils oder Wohnwagens. gro\u00dfe \u00dcberlappung an [&hellip;]","og_url":"https:\/\/shop.bantam.ch\/de\/produkt\/tuerschloss-universal\/","og_site_name":"Bantam Camping AG","article_modified_time":"2026-04-19T19:55:14+00:00","og_image":[{"width":1000,"height":597,"url":"https:\/\/shop.bantam.ch\/wp-content\/uploads\/2023\/02\/9940924-100-1-3.jpg","type":"image\/jpeg"}],"twitter_card":"summary_large_image","schema":{"@context":"https:\/\/schema.org","@graph":[{"@type":"WebPage","@id":"https:\/\/shop.bantam.ch\/de\/produkt\/tuerschloss-universal\/","url":"https:\/\/shop.bantam.ch\/de\/produkt\/tuerschloss-universal\/","name":"T\u00fcrschloss Universal - Bantam Camping AG","isPartOf":{"@id":"https:\/\/shop.bantam.ch\/de\/#website"},"primaryImageOfPage":{"@id":"https:\/\/shop.bantam.ch\/de\/produkt\/tuerschloss-universal\/#primaryimage"},"image":{"@id":"https:\/\/shop.bantam.ch\/de\/produkt\/tuerschloss-universal\/#primaryimage"},"thumbnailUrl":"https:\/\/shop.bantam.ch\/wp-content\/uploads\/2023\/02\/9940924-100-1-3.jpg","datePublished":"2023-02-27T17:51:16+00:00","dateModified":"2026-04-19T19:55:14+00:00","breadcrumb":{"@id":"https:\/\/shop.bantam.ch\/de\/produkt\/tuerschloss-universal\/#breadcrumb"},"inLanguage":"de","potentialAction":[{"@type":"ReadAction","target":["https:\/\/shop.bantam.ch\/de\/produkt\/tuerschloss-universal\/"]}]},{"@type":"ImageObject","inLanguage":"de","@id":"https:\/\/shop.bantam.ch\/de\/produkt\/tuerschloss-universal\/#primaryimage","url":"https:\/\/shop.bantam.ch\/wp-content\/uploads\/2023\/02\/9940924-100-1-3.jpg","contentUrl":"https:\/\/shop.bantam.ch\/wp-content\/uploads\/2023\/02\/9940924-100-1-3.jpg","width":1000,"height":597},{"@type":"BreadcrumbList","@id":"https:\/\/shop.bantam.ch\/de\/produkt\/tuerschloss-universal\/#breadcrumb","itemListElement":[{"@type":"ListItem","position":1,"name":"Accueil","item":"https:\/\/shop.bantam.ch\/de\/"},{"@type":"ListItem","position":2,"name":"Shop","item":"https:\/\/shop.bantam.ch\/de\/shop\/"},{"@type":"ListItem","position":3,"name":"T\u00fcrschloss Universal"}]},{"@type":"WebSite","@id":"https:\/\/shop.bantam.ch\/de\/#website","url":"https:\/\/shop.bantam.ch\/de\/","name":"Bantam Camping AG","description":"","publisher":{"@id":"https:\/\/shop.bantam.ch\/de\/#organization"},"inLanguage":"de"},{"@type":"Organization","@id":"https:\/\/shop.bantam.ch\/de\/#organization","name":"Bantam Camping AG","url":"https:\/\/shop.bantam.ch\/de\/","logo":{"@type":"ImageObject","inLanguage":"de","@id":"https:\/\/shop.bantam.ch\/de\/#\/schema\/logo\/image\/","url":"https:\/\/shop.bantam.ch\/wp-content\/uploads\/2022\/12\/bantam-logo.png","contentUrl":"https:\/\/shop.bantam.ch\/wp-content\/uploads\/2022\/12\/bantam-logo.png","width":320,"height":71,"caption":"Bantam Camping AG"},"image":{"@id":"https:\/\/shop.bantam.ch\/de\/#\/schema\/logo\/image\/"}}]}},"_links":{"self":[{"href":"https:\/\/shop.bantam.ch\/de\/wp-json\/wp\/v2\/product\/63827","targetHints":{"allow":["GET"]}}],"collection":[{"href":"https:\/\/shop.bantam.ch\/de\/wp-json\/wp\/v2\/product"}],"about":[{"href":"https:\/\/shop.bantam.ch\/de\/wp-json\/wp\/v2\/types\/product"}],"wp:featuredmedia":[{"embeddable":true,"href":"https:\/\/shop.bantam.ch\/de\/wp-json\/wp\/v2\/media\/63796"}],"wp:attachment":[{"href":"https:\/\/shop.bantam.ch\/de\/wp-json\/wp\/v2\/media?parent=63827"}],"wp:term":[{"taxonomy":"product_featured_cat","embeddable":true,"href":"https:\/\/shop.bantam.ch\/de\/wp-json\/wp\/v2\/product_featured_cat?post=63827"},{"taxonomy":"product_brand","embeddable":true,"href":"https:\/\/shop.bantam.ch\/de\/wp-json\/wp\/v2\/product_brand?post=63827"},{"taxonomy":"product_cat","embeddable":true,"href":"https:\/\/shop.bantam.ch\/de\/wp-json\/wp\/v2\/product_cat?post=63827"},{"taxonomy":"product_tag","embeddable":true,"href":"https:\/\/shop.bantam.ch\/de\/wp-json\/wp\/v2\/product_tag?post=63827"}],"curies":[{"name":"wp","href":"https:\/\/api.w.org\/{rel}","templated":true}]}}