{"id":63783,"date":"2023-02-27T18:50:40","date_gmt":"2023-02-27T17:50:40","guid":{"rendered":"http:\/\/shop.bantam.ch\/produit\/laengstraeger-fuer-ducato-jumper-boxer-ab-2007\/"},"modified":"2026-04-17T21:52:24","modified_gmt":"2026-04-17T19:52:24","slug":"laengstraeger-fuer-ducato-jumper-boxer-ab-2007","status":"publish","type":"product","link":"https:\/\/shop.bantam.ch\/de\/produkt\/laengstraeger-fuer-ducato-jumper-boxer-ab-2007\/","title":{"rendered":"L\u00e4ngstr\u00e4ger f\u00fcr Ducato, Jumper, Boxer ab 2007"},"content":{"rendered":"<p>Die Flexibilit\u00e4t der Dachtr\u00e4gersysteme wird durch eine Reihe von wertvollen Zubeh\u00f6r-Artikeln erreicht. Es ist mit Funktionen ausgestattet, die es m\u00f6glich machen, Ihr Dach ganzj\u00e4hrig f\u00fcr verschiedene Aktivit\u00e4ten sinnvoll und optimiert zu nutzen.<br \/>\u00a0<br \/>Smart-Clamps<\/p>\n<p>Die neuen Smart-Clamps k\u00f6nnen leicht an den bestehenden Fixpunkten des Transporters befestigt werden, ohne zus\u00e4tzliche Bohrungen. Perfekte Integration zum Fahrzeugdach. Zus\u00e4tzlich werden die L\u00e4ngsschienen mit dem Dach verklebt um die flexible Anbringung der Lastentr\u00e4ger zu erm\u00f6glichen.<\/p>\n<p>Flexible Positionierung der Lastentr\u00e4ger<\/p>\n<p>Auf den beiden L\u00e4ngsschienen aus stabilem Aluminium k\u00f6nnen zwei (oder mehr) Lastenquertr\u00e4ger flexibel positioniert werden. Dadurch kann man die Beladung optimal an die Position von Dachaufbauten anpassen.<br \/>Mit oder ohne Dachtr\u00e4ger, der Adapter kann einfach ohne Bohren auf dem Dach montiert werden. Die Abdeckungen auf beiden Seiten bieten eine vollst\u00e4ndige Integration mit der Fahrzeugkontur.<\/p>\n<p>\u00a0<\/p>\n<ul>\n<li>F\u00fcr Montage ohne Markise<\/li>\n<li>Max. Zuladung: 75 kg pro Lastentr\u00e4ger-Set (2 St.)\n<p>\u00a0<\/p>\n<\/li>\n<\/ul>\n","protected":false},"excerpt":{"rendered":"<p>Die Flexibilit\u00e4t der Dachtr\u00e4gersysteme wird durch eine Reihe von wertvollen Zubeh\u00f6r-Artikeln erreicht. Es ist mit Funktionen ausgestattet, die es m\u00f6glich machen, Ihr Dach ganzj\u00e4hrig f\u00fcr verschiedene Aktivit\u00e4ten sinnvoll und optimiert zu nutzen.\u00a0Smart-Clamps Die neuen Smart-Clamps k\u00f6nnen leicht an den bestehenden Fixpunkten des Transporters befestigt werden, ohne zus\u00e4tzliche Bohrungen. Perfekte Integration zum Fahrzeugdach. Zus\u00e4tzlich werden die [&hellip;]<\/p>\n","protected":false},"featured_media":63744,"template":"","meta":{"_acf_changed":false},"product_featured_cat":[],"product_brand":[3047],"product_cat":[4798],"product_tag":[],"class_list":{"0":"post-63783","1":"product","2":"type-product","3":"status-publish","4":"has-post-thumbnail","6":"product_brand-thule-de","7":"product_cat-dachrelinge-traeger","9":"first","10":"instock","11":"taxable","12":"shipping-taxable","13":"purchasable","14":"product-type-variable"},"acf":[],"yoast_head":"<!-- This site is optimized with the Yoast SEO plugin v27.4 - https:\/\/yoast.com\/product\/yoast-seo-wordpress\/ -->\n<title>L\u00e4ngstr\u00e4ger f\u00fcr Ducato, Jumper, Boxer ab 2007 - Bantam Camping AG<\/title>\n<meta name=\"robots\" content=\"index, follow, max-snippet:-1, max-image-preview:large, max-video-preview:-1\" \/>\n<link rel=\"canonical\" href=\"https:\/\/shop.bantam.ch\/de\/produkt\/laengstraeger-fuer-ducato-jumper-boxer-ab-2007\/\" \/>\n<meta property=\"og:locale\" content=\"de_DE\" \/>\n<meta property=\"og:type\" content=\"article\" \/>\n<meta property=\"og:title\" content=\"L\u00e4ngstr\u00e4ger f\u00fcr Ducato, Jumper, Boxer ab 2007 - Bantam Camping AG\" \/>\n<meta property=\"og:description\" content=\"Die Flexibilit\u00e4t der Dachtr\u00e4gersysteme wird durch eine Reihe von wertvollen Zubeh\u00f6r-Artikeln erreicht. Es ist mit Funktionen ausgestattet, die es m\u00f6glich machen, Ihr Dach ganzj\u00e4hrig f\u00fcr verschiedene Aktivit\u00e4ten sinnvoll und optimiert zu nutzen.\u00a0Smart-Clamps Die neuen Smart-Clamps k\u00f6nnen leicht an den bestehenden Fixpunkten des Transporters befestigt werden, ohne zus\u00e4tzliche Bohrungen. Perfekte Integration zum Fahrzeugdach. Zus\u00e4tzlich werden die [&hellip;]\" \/>\n<meta property=\"og:url\" content=\"https:\/\/shop.bantam.ch\/de\/produkt\/laengstraeger-fuer-ducato-jumper-boxer-ab-2007\/\" \/>\n<meta property=\"og:site_name\" content=\"Bantam Camping AG\" \/>\n<meta property=\"article:modified_time\" content=\"2026-04-17T19:52:24+00:00\" \/>\n<meta property=\"og:image\" content=\"https:\/\/shop.bantam.ch\/wp-content\/uploads\/2023\/02\/9940933_9940934_9940935.jpg\" \/>\n\t<meta property=\"og:image:width\" content=\"1000\" \/>\n\t<meta property=\"og:image:height\" content=\"749\" \/>\n\t<meta property=\"og:image:type\" content=\"image\/jpeg\" \/>\n<meta name=\"twitter:card\" content=\"summary_large_image\" \/>\n<meta name=\"twitter:label1\" content=\"Gesch\u00e4tzte Lesezeit\" \/>\n\t<meta name=\"twitter:data1\" content=\"1\u00a0Minute\" \/>\n<script type=\"application\/ld+json\" class=\"yoast-schema-graph\">{\"@context\":\"https:\\\/\\\/schema.org\",\"@graph\":[{\"@type\":\"WebPage\",\"@id\":\"https:\\\/\\\/shop.bantam.ch\\\/de\\\/produkt\\\/laengstraeger-fuer-ducato-jumper-boxer-ab-2007\\\/\",\"url\":\"https:\\\/\\\/shop.bantam.ch\\\/de\\\/produkt\\\/laengstraeger-fuer-ducato-jumper-boxer-ab-2007\\\/\",\"name\":\"L\u00e4ngstr\u00e4ger f\u00fcr Ducato, Jumper, Boxer ab 2007 - Bantam Camping AG\",\"isPartOf\":{\"@id\":\"https:\\\/\\\/shop.bantam.ch\\\/de\\\/#website\"},\"primaryImageOfPage\":{\"@id\":\"https:\\\/\\\/shop.bantam.ch\\\/de\\\/produkt\\\/laengstraeger-fuer-ducato-jumper-boxer-ab-2007\\\/#primaryimage\"},\"image\":{\"@id\":\"https:\\\/\\\/shop.bantam.ch\\\/de\\\/produkt\\\/laengstraeger-fuer-ducato-jumper-boxer-ab-2007\\\/#primaryimage\"},\"thumbnailUrl\":\"https:\\\/\\\/shop.bantam.ch\\\/wp-content\\\/uploads\\\/2023\\\/02\\\/9940933_9940934_9940935.jpg\",\"datePublished\":\"2023-02-27T17:50:40+00:00\",\"dateModified\":\"2026-04-17T19:52:24+00:00\",\"breadcrumb\":{\"@id\":\"https:\\\/\\\/shop.bantam.ch\\\/de\\\/produkt\\\/laengstraeger-fuer-ducato-jumper-boxer-ab-2007\\\/#breadcrumb\"},\"inLanguage\":\"de\",\"potentialAction\":[{\"@type\":\"ReadAction\",\"target\":[\"https:\\\/\\\/shop.bantam.ch\\\/de\\\/produkt\\\/laengstraeger-fuer-ducato-jumper-boxer-ab-2007\\\/\"]}]},{\"@type\":\"ImageObject\",\"inLanguage\":\"de\",\"@id\":\"https:\\\/\\\/shop.bantam.ch\\\/de\\\/produkt\\\/laengstraeger-fuer-ducato-jumper-boxer-ab-2007\\\/#primaryimage\",\"url\":\"https:\\\/\\\/shop.bantam.ch\\\/wp-content\\\/uploads\\\/2023\\\/02\\\/9940933_9940934_9940935.jpg\",\"contentUrl\":\"https:\\\/\\\/shop.bantam.ch\\\/wp-content\\\/uploads\\\/2023\\\/02\\\/9940933_9940934_9940935.jpg\",\"width\":1000,\"height\":749},{\"@type\":\"BreadcrumbList\",\"@id\":\"https:\\\/\\\/shop.bantam.ch\\\/de\\\/produkt\\\/laengstraeger-fuer-ducato-jumper-boxer-ab-2007\\\/#breadcrumb\",\"itemListElement\":[{\"@type\":\"ListItem\",\"position\":1,\"name\":\"Accueil\",\"item\":\"https:\\\/\\\/shop.bantam.ch\\\/de\\\/\"},{\"@type\":\"ListItem\",\"position\":2,\"name\":\"Shop\",\"item\":\"https:\\\/\\\/shop.bantam.ch\\\/de\\\/shop\\\/\"},{\"@type\":\"ListItem\",\"position\":3,\"name\":\"L\u00e4ngstr\u00e4ger f\u00fcr Ducato, Jumper, Boxer ab 2007\"}]},{\"@type\":\"WebSite\",\"@id\":\"https:\\\/\\\/shop.bantam.ch\\\/de\\\/#website\",\"url\":\"https:\\\/\\\/shop.bantam.ch\\\/de\\\/\",\"name\":\"Bantam Camping AG\",\"description\":\"\",\"publisher\":{\"@id\":\"https:\\\/\\\/shop.bantam.ch\\\/de\\\/#organization\"},\"inLanguage\":\"de\"},{\"@type\":\"Organization\",\"@id\":\"https:\\\/\\\/shop.bantam.ch\\\/de\\\/#organization\",\"name\":\"Bantam Camping AG\",\"url\":\"https:\\\/\\\/shop.bantam.ch\\\/de\\\/\",\"logo\":{\"@type\":\"ImageObject\",\"inLanguage\":\"de\",\"@id\":\"https:\\\/\\\/shop.bantam.ch\\\/de\\\/#\\\/schema\\\/logo\\\/image\\\/\",\"url\":\"https:\\\/\\\/shop.bantam.ch\\\/wp-content\\\/uploads\\\/2022\\\/12\\\/bantam-logo.png\",\"contentUrl\":\"https:\\\/\\\/shop.bantam.ch\\\/wp-content\\\/uploads\\\/2022\\\/12\\\/bantam-logo.png\",\"width\":320,\"height\":71,\"caption\":\"Bantam Camping AG\"},\"image\":{\"@id\":\"https:\\\/\\\/shop.bantam.ch\\\/de\\\/#\\\/schema\\\/logo\\\/image\\\/\"}}]}<\/script>\n<!-- \/ Yoast SEO plugin. -->","yoast_head_json":{"title":"L\u00e4ngstr\u00e4ger f\u00fcr Ducato, Jumper, Boxer ab 2007 - Bantam Camping AG","robots":{"index":"index","follow":"follow","max-snippet":"max-snippet:-1","max-image-preview":"max-image-preview:large","max-video-preview":"max-video-preview:-1"},"canonical":"https:\/\/shop.bantam.ch\/de\/produkt\/laengstraeger-fuer-ducato-jumper-boxer-ab-2007\/","og_locale":"de_DE","og_type":"article","og_title":"L\u00e4ngstr\u00e4ger f\u00fcr Ducato, Jumper, Boxer ab 2007 - Bantam Camping AG","og_description":"Die Flexibilit\u00e4t der Dachtr\u00e4gersysteme wird durch eine Reihe von wertvollen Zubeh\u00f6r-Artikeln erreicht. Es ist mit Funktionen ausgestattet, die es m\u00f6glich machen, Ihr Dach ganzj\u00e4hrig f\u00fcr verschiedene Aktivit\u00e4ten sinnvoll und optimiert zu nutzen.\u00a0Smart-Clamps Die neuen Smart-Clamps k\u00f6nnen leicht an den bestehenden Fixpunkten des Transporters befestigt werden, ohne zus\u00e4tzliche Bohrungen. Perfekte Integration zum Fahrzeugdach. Zus\u00e4tzlich werden die [&hellip;]","og_url":"https:\/\/shop.bantam.ch\/de\/produkt\/laengstraeger-fuer-ducato-jumper-boxer-ab-2007\/","og_site_name":"Bantam Camping AG","article_modified_time":"2026-04-17T19:52:24+00:00","og_image":[{"width":1000,"height":749,"url":"https:\/\/shop.bantam.ch\/wp-content\/uploads\/2023\/02\/9940933_9940934_9940935.jpg","type":"image\/jpeg"}],"twitter_card":"summary_large_image","twitter_misc":{"Gesch\u00e4tzte Lesezeit":"1\u00a0Minute"},"schema":{"@context":"https:\/\/schema.org","@graph":[{"@type":"WebPage","@id":"https:\/\/shop.bantam.ch\/de\/produkt\/laengstraeger-fuer-ducato-jumper-boxer-ab-2007\/","url":"https:\/\/shop.bantam.ch\/de\/produkt\/laengstraeger-fuer-ducato-jumper-boxer-ab-2007\/","name":"L\u00e4ngstr\u00e4ger f\u00fcr Ducato, Jumper, Boxer ab 2007 - Bantam Camping AG","isPartOf":{"@id":"https:\/\/shop.bantam.ch\/de\/#website"},"primaryImageOfPage":{"@id":"https:\/\/shop.bantam.ch\/de\/produkt\/laengstraeger-fuer-ducato-jumper-boxer-ab-2007\/#primaryimage"},"image":{"@id":"https:\/\/shop.bantam.ch\/de\/produkt\/laengstraeger-fuer-ducato-jumper-boxer-ab-2007\/#primaryimage"},"thumbnailUrl":"https:\/\/shop.bantam.ch\/wp-content\/uploads\/2023\/02\/9940933_9940934_9940935.jpg","datePublished":"2023-02-27T17:50:40+00:00","dateModified":"2026-04-17T19:52:24+00:00","breadcrumb":{"@id":"https:\/\/shop.bantam.ch\/de\/produkt\/laengstraeger-fuer-ducato-jumper-boxer-ab-2007\/#breadcrumb"},"inLanguage":"de","potentialAction":[{"@type":"ReadAction","target":["https:\/\/shop.bantam.ch\/de\/produkt\/laengstraeger-fuer-ducato-jumper-boxer-ab-2007\/"]}]},{"@type":"ImageObject","inLanguage":"de","@id":"https:\/\/shop.bantam.ch\/de\/produkt\/laengstraeger-fuer-ducato-jumper-boxer-ab-2007\/#primaryimage","url":"https:\/\/shop.bantam.ch\/wp-content\/uploads\/2023\/02\/9940933_9940934_9940935.jpg","contentUrl":"https:\/\/shop.bantam.ch\/wp-content\/uploads\/2023\/02\/9940933_9940934_9940935.jpg","width":1000,"height":749},{"@type":"BreadcrumbList","@id":"https:\/\/shop.bantam.ch\/de\/produkt\/laengstraeger-fuer-ducato-jumper-boxer-ab-2007\/#breadcrumb","itemListElement":[{"@type":"ListItem","position":1,"name":"Accueil","item":"https:\/\/shop.bantam.ch\/de\/"},{"@type":"ListItem","position":2,"name":"Shop","item":"https:\/\/shop.bantam.ch\/de\/shop\/"},{"@type":"ListItem","position":3,"name":"L\u00e4ngstr\u00e4ger f\u00fcr Ducato, Jumper, Boxer ab 2007"}]},{"@type":"WebSite","@id":"https:\/\/shop.bantam.ch\/de\/#website","url":"https:\/\/shop.bantam.ch\/de\/","name":"Bantam Camping AG","description":"","publisher":{"@id":"https:\/\/shop.bantam.ch\/de\/#organization"},"inLanguage":"de"},{"@type":"Organization","@id":"https:\/\/shop.bantam.ch\/de\/#organization","name":"Bantam Camping AG","url":"https:\/\/shop.bantam.ch\/de\/","logo":{"@type":"ImageObject","inLanguage":"de","@id":"https:\/\/shop.bantam.ch\/de\/#\/schema\/logo\/image\/","url":"https:\/\/shop.bantam.ch\/wp-content\/uploads\/2022\/12\/bantam-logo.png","contentUrl":"https:\/\/shop.bantam.ch\/wp-content\/uploads\/2022\/12\/bantam-logo.png","width":320,"height":71,"caption":"Bantam Camping AG"},"image":{"@id":"https:\/\/shop.bantam.ch\/de\/#\/schema\/logo\/image\/"}}]}},"_links":{"self":[{"href":"https:\/\/shop.bantam.ch\/de\/wp-json\/wp\/v2\/product\/63783","targetHints":{"allow":["GET"]}}],"collection":[{"href":"https:\/\/shop.bantam.ch\/de\/wp-json\/wp\/v2\/product"}],"about":[{"href":"https:\/\/shop.bantam.ch\/de\/wp-json\/wp\/v2\/types\/product"}],"wp:featuredmedia":[{"embeddable":true,"href":"https:\/\/shop.bantam.ch\/de\/wp-json\/wp\/v2\/media\/63744"}],"wp:attachment":[{"href":"https:\/\/shop.bantam.ch\/de\/wp-json\/wp\/v2\/media?parent=63783"}],"wp:term":[{"taxonomy":"product_featured_cat","embeddable":true,"href":"https:\/\/shop.bantam.ch\/de\/wp-json\/wp\/v2\/product_featured_cat?post=63783"},{"taxonomy":"product_brand","embeddable":true,"href":"https:\/\/shop.bantam.ch\/de\/wp-json\/wp\/v2\/product_brand?post=63783"},{"taxonomy":"product_cat","embeddable":true,"href":"https:\/\/shop.bantam.ch\/de\/wp-json\/wp\/v2\/product_cat?post=63783"},{"taxonomy":"product_tag","embeddable":true,"href":"https:\/\/shop.bantam.ch\/de\/wp-json\/wp\/v2\/product_tag?post=63783"}],"curies":[{"name":"wp","href":"https:\/\/api.w.org\/{rel}","templated":true}]}}