{"id":63680,"date":"2023-02-27T18:49:27","date_gmt":"2023-02-27T17:49:27","guid":{"rendered":"http:\/\/shop.bantam.ch\/produit\/magnetbefestigungs-set\/"},"modified":"2026-04-18T21:09:23","modified_gmt":"2026-04-18T19:09:23","slug":"magnetbefestigungs-set","status":"publish","type":"product","link":"https:\/\/shop.bantam.ch\/de\/produkt\/magnetbefestigungs-set\/","title":{"rendered":"Magnetbefestigungs-Set Thule zu Teleskopleiter f. Kasten- wagen"},"content":{"rendered":"<p>Nutzen Sie das Magnetbefestigungs-Set f\u00fcr eine stabile Fixierung der Teleskopleiter. Befestigen Sie die Magnet-Adapterschiene an einer beliebigen Position und lehnen Sie die Teleskopleiter dagegen. Mit den Ratschengurten wird die Leiter an der Schiene fixiert. Dadurch wird Ihr Fahrzeug optimal gesch\u00fctzt und Ihre Leiter gesichert.<\/p>\n<ul>\n<li>Einfach Befestigung auf allen magnetischen Fl\u00e4chen<\/li>\n<li>Befestigungsm\u00f6glichkeiten f\u00fcr den Thule Windscreen und Thule Organizer<\/li>\n<li>Sichere Aufbewahrung in Packtasche<\/li>\n<li>Gewicht: 1,2 kg<\/li>\n<\/ul>\n<p>Lieferumfang: <br \/>Thule Leiter Fixation Kit, Vier Lackschutz-Sticker, Packtasche<\/p>\n","protected":false},"excerpt":{"rendered":"<p>Nutzen Sie das Magnetbefestigungs-Set f\u00fcr eine stabile Fixierung der Teleskopleiter. Befestigen Sie die Magnet-Adapterschiene an einer beliebigen Position und lehnen Sie die Teleskopleiter dagegen. Mit den Ratschengurten wird die Leiter an der Schiene fixiert. Dadurch wird Ihr Fahrzeug optimal gesch\u00fctzt und Ihre Leiter gesichert. Einfach Befestigung auf allen magnetischen Fl\u00e4chen Befestigungsm\u00f6glichkeiten f\u00fcr den Thule Windscreen [&hellip;]<\/p>\n","protected":false},"featured_media":63674,"template":"","meta":{"_acf_changed":false},"product_featured_cat":[],"product_brand":[3047],"product_cat":[4806],"product_tag":[],"class_list":{"0":"post-63680","1":"product","2":"type-product","3":"status-publish","4":"has-post-thumbnail","6":"product_brand-thule-de","7":"product_cat-leitern","9":"first","10":"instock","11":"taxable","12":"shipping-taxable","13":"purchasable","14":"product-type-simple"},"acf":[],"yoast_head":"<!-- This site is optimized with the Yoast SEO plugin v27.4 - https:\/\/yoast.com\/product\/yoast-seo-wordpress\/ -->\n<title>Magnetbefestigungs-Set Thule zu Teleskopleiter f. Kasten- wagen - Bantam Camping AG<\/title>\n<meta name=\"robots\" content=\"index, follow, max-snippet:-1, max-image-preview:large, max-video-preview:-1\" \/>\n<link rel=\"canonical\" href=\"https:\/\/shop.bantam.ch\/de\/produkt\/magnetbefestigungs-set\/\" \/>\n<meta property=\"og:locale\" content=\"de_DE\" \/>\n<meta property=\"og:type\" content=\"article\" \/>\n<meta property=\"og:title\" content=\"Magnetbefestigungs-Set Thule zu Teleskopleiter f. Kasten- wagen - Bantam Camping AG\" \/>\n<meta property=\"og:description\" content=\"Nutzen Sie das Magnetbefestigungs-Set f\u00fcr eine stabile Fixierung der Teleskopleiter. Befestigen Sie die Magnet-Adapterschiene an einer beliebigen Position und lehnen Sie die Teleskopleiter dagegen. Mit den Ratschengurten wird die Leiter an der Schiene fixiert. Dadurch wird Ihr Fahrzeug optimal gesch\u00fctzt und Ihre Leiter gesichert. Einfach Befestigung auf allen magnetischen Fl\u00e4chen Befestigungsm\u00f6glichkeiten f\u00fcr den Thule Windscreen [&hellip;]\" \/>\n<meta property=\"og:url\" content=\"https:\/\/shop.bantam.ch\/de\/produkt\/magnetbefestigungs-set\/\" \/>\n<meta property=\"og:site_name\" content=\"Bantam Camping AG\" \/>\n<meta property=\"article:modified_time\" content=\"2026-04-18T19:09:23+00:00\" \/>\n<meta property=\"og:image\" content=\"https:\/\/shop.bantam.ch\/wp-content\/uploads\/2023\/02\/9940913-100-1-3.jpg\" \/>\n\t<meta property=\"og:image:width\" content=\"1000\" \/>\n\t<meta property=\"og:image:height\" content=\"749\" \/>\n\t<meta property=\"og:image:type\" content=\"image\/jpeg\" \/>\n<meta name=\"twitter:card\" content=\"summary_large_image\" \/>\n<script type=\"application\/ld+json\" class=\"yoast-schema-graph\">{\"@context\":\"https:\\\/\\\/schema.org\",\"@graph\":[{\"@type\":\"WebPage\",\"@id\":\"https:\\\/\\\/shop.bantam.ch\\\/de\\\/produkt\\\/magnetbefestigungs-set\\\/\",\"url\":\"https:\\\/\\\/shop.bantam.ch\\\/de\\\/produkt\\\/magnetbefestigungs-set\\\/\",\"name\":\"Magnetbefestigungs-Set Thule zu Teleskopleiter f. Kasten- wagen - Bantam Camping AG\",\"isPartOf\":{\"@id\":\"https:\\\/\\\/shop.bantam.ch\\\/de\\\/#website\"},\"primaryImageOfPage\":{\"@id\":\"https:\\\/\\\/shop.bantam.ch\\\/de\\\/produkt\\\/magnetbefestigungs-set\\\/#primaryimage\"},\"image\":{\"@id\":\"https:\\\/\\\/shop.bantam.ch\\\/de\\\/produkt\\\/magnetbefestigungs-set\\\/#primaryimage\"},\"thumbnailUrl\":\"https:\\\/\\\/shop.bantam.ch\\\/wp-content\\\/uploads\\\/2023\\\/02\\\/9940913-100-1-3.jpg\",\"datePublished\":\"2023-02-27T17:49:27+00:00\",\"dateModified\":\"2026-04-18T19:09:23+00:00\",\"breadcrumb\":{\"@id\":\"https:\\\/\\\/shop.bantam.ch\\\/de\\\/produkt\\\/magnetbefestigungs-set\\\/#breadcrumb\"},\"inLanguage\":\"de\",\"potentialAction\":[{\"@type\":\"ReadAction\",\"target\":[\"https:\\\/\\\/shop.bantam.ch\\\/de\\\/produkt\\\/magnetbefestigungs-set\\\/\"]}]},{\"@type\":\"ImageObject\",\"inLanguage\":\"de\",\"@id\":\"https:\\\/\\\/shop.bantam.ch\\\/de\\\/produkt\\\/magnetbefestigungs-set\\\/#primaryimage\",\"url\":\"https:\\\/\\\/shop.bantam.ch\\\/wp-content\\\/uploads\\\/2023\\\/02\\\/9940913-100-1-3.jpg\",\"contentUrl\":\"https:\\\/\\\/shop.bantam.ch\\\/wp-content\\\/uploads\\\/2023\\\/02\\\/9940913-100-1-3.jpg\",\"width\":1000,\"height\":749},{\"@type\":\"BreadcrumbList\",\"@id\":\"https:\\\/\\\/shop.bantam.ch\\\/de\\\/produkt\\\/magnetbefestigungs-set\\\/#breadcrumb\",\"itemListElement\":[{\"@type\":\"ListItem\",\"position\":1,\"name\":\"Accueil\",\"item\":\"https:\\\/\\\/shop.bantam.ch\\\/de\\\/\"},{\"@type\":\"ListItem\",\"position\":2,\"name\":\"Shop\",\"item\":\"https:\\\/\\\/shop.bantam.ch\\\/de\\\/shop\\\/\"},{\"@type\":\"ListItem\",\"position\":3,\"name\":\"Magnetbefestigungs-Set Thule zu Teleskopleiter f. Kasten- wagen\"}]},{\"@type\":\"WebSite\",\"@id\":\"https:\\\/\\\/shop.bantam.ch\\\/de\\\/#website\",\"url\":\"https:\\\/\\\/shop.bantam.ch\\\/de\\\/\",\"name\":\"Bantam Camping AG\",\"description\":\"\",\"publisher\":{\"@id\":\"https:\\\/\\\/shop.bantam.ch\\\/de\\\/#organization\"},\"inLanguage\":\"de\"},{\"@type\":\"Organization\",\"@id\":\"https:\\\/\\\/shop.bantam.ch\\\/de\\\/#organization\",\"name\":\"Bantam Camping AG\",\"url\":\"https:\\\/\\\/shop.bantam.ch\\\/de\\\/\",\"logo\":{\"@type\":\"ImageObject\",\"inLanguage\":\"de\",\"@id\":\"https:\\\/\\\/shop.bantam.ch\\\/de\\\/#\\\/schema\\\/logo\\\/image\\\/\",\"url\":\"https:\\\/\\\/shop.bantam.ch\\\/wp-content\\\/uploads\\\/2022\\\/12\\\/bantam-logo.png\",\"contentUrl\":\"https:\\\/\\\/shop.bantam.ch\\\/wp-content\\\/uploads\\\/2022\\\/12\\\/bantam-logo.png\",\"width\":320,\"height\":71,\"caption\":\"Bantam Camping AG\"},\"image\":{\"@id\":\"https:\\\/\\\/shop.bantam.ch\\\/de\\\/#\\\/schema\\\/logo\\\/image\\\/\"}}]}<\/script>\n<!-- \/ Yoast SEO plugin. -->","yoast_head_json":{"title":"Magnetbefestigungs-Set Thule zu Teleskopleiter f. Kasten- wagen - Bantam Camping AG","robots":{"index":"index","follow":"follow","max-snippet":"max-snippet:-1","max-image-preview":"max-image-preview:large","max-video-preview":"max-video-preview:-1"},"canonical":"https:\/\/shop.bantam.ch\/de\/produkt\/magnetbefestigungs-set\/","og_locale":"de_DE","og_type":"article","og_title":"Magnetbefestigungs-Set Thule zu Teleskopleiter f. Kasten- wagen - Bantam Camping AG","og_description":"Nutzen Sie das Magnetbefestigungs-Set f\u00fcr eine stabile Fixierung der Teleskopleiter. Befestigen Sie die Magnet-Adapterschiene an einer beliebigen Position und lehnen Sie die Teleskopleiter dagegen. Mit den Ratschengurten wird die Leiter an der Schiene fixiert. Dadurch wird Ihr Fahrzeug optimal gesch\u00fctzt und Ihre Leiter gesichert. Einfach Befestigung auf allen magnetischen Fl\u00e4chen Befestigungsm\u00f6glichkeiten f\u00fcr den Thule Windscreen [&hellip;]","og_url":"https:\/\/shop.bantam.ch\/de\/produkt\/magnetbefestigungs-set\/","og_site_name":"Bantam Camping AG","article_modified_time":"2026-04-18T19:09:23+00:00","og_image":[{"width":1000,"height":749,"url":"https:\/\/shop.bantam.ch\/wp-content\/uploads\/2023\/02\/9940913-100-1-3.jpg","type":"image\/jpeg"}],"twitter_card":"summary_large_image","schema":{"@context":"https:\/\/schema.org","@graph":[{"@type":"WebPage","@id":"https:\/\/shop.bantam.ch\/de\/produkt\/magnetbefestigungs-set\/","url":"https:\/\/shop.bantam.ch\/de\/produkt\/magnetbefestigungs-set\/","name":"Magnetbefestigungs-Set Thule zu Teleskopleiter f. Kasten- wagen - Bantam Camping AG","isPartOf":{"@id":"https:\/\/shop.bantam.ch\/de\/#website"},"primaryImageOfPage":{"@id":"https:\/\/shop.bantam.ch\/de\/produkt\/magnetbefestigungs-set\/#primaryimage"},"image":{"@id":"https:\/\/shop.bantam.ch\/de\/produkt\/magnetbefestigungs-set\/#primaryimage"},"thumbnailUrl":"https:\/\/shop.bantam.ch\/wp-content\/uploads\/2023\/02\/9940913-100-1-3.jpg","datePublished":"2023-02-27T17:49:27+00:00","dateModified":"2026-04-18T19:09:23+00:00","breadcrumb":{"@id":"https:\/\/shop.bantam.ch\/de\/produkt\/magnetbefestigungs-set\/#breadcrumb"},"inLanguage":"de","potentialAction":[{"@type":"ReadAction","target":["https:\/\/shop.bantam.ch\/de\/produkt\/magnetbefestigungs-set\/"]}]},{"@type":"ImageObject","inLanguage":"de","@id":"https:\/\/shop.bantam.ch\/de\/produkt\/magnetbefestigungs-set\/#primaryimage","url":"https:\/\/shop.bantam.ch\/wp-content\/uploads\/2023\/02\/9940913-100-1-3.jpg","contentUrl":"https:\/\/shop.bantam.ch\/wp-content\/uploads\/2023\/02\/9940913-100-1-3.jpg","width":1000,"height":749},{"@type":"BreadcrumbList","@id":"https:\/\/shop.bantam.ch\/de\/produkt\/magnetbefestigungs-set\/#breadcrumb","itemListElement":[{"@type":"ListItem","position":1,"name":"Accueil","item":"https:\/\/shop.bantam.ch\/de\/"},{"@type":"ListItem","position":2,"name":"Shop","item":"https:\/\/shop.bantam.ch\/de\/shop\/"},{"@type":"ListItem","position":3,"name":"Magnetbefestigungs-Set Thule zu Teleskopleiter f. Kasten- wagen"}]},{"@type":"WebSite","@id":"https:\/\/shop.bantam.ch\/de\/#website","url":"https:\/\/shop.bantam.ch\/de\/","name":"Bantam Camping AG","description":"","publisher":{"@id":"https:\/\/shop.bantam.ch\/de\/#organization"},"inLanguage":"de"},{"@type":"Organization","@id":"https:\/\/shop.bantam.ch\/de\/#organization","name":"Bantam Camping AG","url":"https:\/\/shop.bantam.ch\/de\/","logo":{"@type":"ImageObject","inLanguage":"de","@id":"https:\/\/shop.bantam.ch\/de\/#\/schema\/logo\/image\/","url":"https:\/\/shop.bantam.ch\/wp-content\/uploads\/2022\/12\/bantam-logo.png","contentUrl":"https:\/\/shop.bantam.ch\/wp-content\/uploads\/2022\/12\/bantam-logo.png","width":320,"height":71,"caption":"Bantam Camping AG"},"image":{"@id":"https:\/\/shop.bantam.ch\/de\/#\/schema\/logo\/image\/"}}]}},"_links":{"self":[{"href":"https:\/\/shop.bantam.ch\/de\/wp-json\/wp\/v2\/product\/63680","targetHints":{"allow":["GET"]}}],"collection":[{"href":"https:\/\/shop.bantam.ch\/de\/wp-json\/wp\/v2\/product"}],"about":[{"href":"https:\/\/shop.bantam.ch\/de\/wp-json\/wp\/v2\/types\/product"}],"wp:featuredmedia":[{"embeddable":true,"href":"https:\/\/shop.bantam.ch\/de\/wp-json\/wp\/v2\/media\/63674"}],"wp:attachment":[{"href":"https:\/\/shop.bantam.ch\/de\/wp-json\/wp\/v2\/media?parent=63680"}],"wp:term":[{"taxonomy":"product_featured_cat","embeddable":true,"href":"https:\/\/shop.bantam.ch\/de\/wp-json\/wp\/v2\/product_featured_cat?post=63680"},{"taxonomy":"product_brand","embeddable":true,"href":"https:\/\/shop.bantam.ch\/de\/wp-json\/wp\/v2\/product_brand?post=63680"},{"taxonomy":"product_cat","embeddable":true,"href":"https:\/\/shop.bantam.ch\/de\/wp-json\/wp\/v2\/product_cat?post=63680"},{"taxonomy":"product_tag","embeddable":true,"href":"https:\/\/shop.bantam.ch\/de\/wp-json\/wp\/v2\/product_tag?post=63680"}],"curies":[{"name":"wp","href":"https:\/\/api.w.org\/{rel}","templated":true}]}}