{"id":63642,"date":"2023-02-27T18:48:29","date_gmt":"2023-02-27T17:48:29","guid":{"rendered":"http:\/\/shop.bantam.ch\/produit\/toilettenentlueftung-tuervariante-typ-h-fuer-thetford-c220\/"},"modified":"2026-04-20T21:53:28","modified_gmt":"2026-04-20T19:53:28","slug":"toilettenentlueftung-tuervariante-typ-h-fuer-thetford-c220","status":"publish","type":"product","link":"https:\/\/shop.bantam.ch\/de\/produkt\/toilettenentlueftung-tuervariante-typ-h-fuer-thetford-c220\/","title":{"rendered":"Toilettenentl\u00fcftung T\u00fcrvariante Typ H f\u00fcr Thetford C220"},"content":{"rendered":"<p>Arbeitet mit einem speziell eintwickelten leistungsstarken Absaugl\u00fcfter.Erzeugt durch hohe Drehzahl effektive Absaugung! Auch alle Ger\u00fcche bei der Benutzung werden abgesaugt. Die vermehrte Sauerstoffzufuhr gew\u00e4hrleistet die Zersetzung, L\u00fcfter schaltet nur bei der Benutzung ein &#8211; geringer Stromverbrauch.<\/p>\n<p><strong>Vorteil:<\/strong><\/p>\n<ul>\n<li>keine cheimischen Zus\u00e4tze<\/li>\n<li>f\u00fcr handels\u00fcbliches Toilettenpapier<\/li>\n<li>problemlose Entsorgung<\/li>\n<li>Farbangabe bezieht sich auf Filtergeh\u00e4use<\/li>\n<\/ul>\n<p>\u00a0<\/p>\n<p><strong>Lieferumfang:<\/strong><br \/>L\u00fcfter und Adapterteile<br \/>Filtergeh\u00e4use<br \/>Filter<br \/>Kabelsatz mit Schalter zur Stromversorung des L\u00fcfters<br \/>Komplette Kleinteile zur Montage <br \/>Ohne Tank<\/p>\n","protected":false},"excerpt":{"rendered":"<p>Arbeitet mit einem speziell eintwickelten leistungsstarken Absaugl\u00fcfter.Erzeugt durch hohe Drehzahl effektive Absaugung! Auch alle Ger\u00fcche bei der Benutzung werden abgesaugt. Die vermehrte Sauerstoffzufuhr gew\u00e4hrleistet die Zersetzung, L\u00fcfter schaltet nur bei der Benutzung ein &#8211; geringer Stromverbrauch. Vorteil: keine cheimischen Zus\u00e4tze f\u00fcr handels\u00fcbliches Toilettenpapier problemlose Entsorgung Farbangabe bezieht sich auf Filtergeh\u00e4use \u00a0 Lieferumfang:L\u00fcfter und AdapterteileFiltergeh\u00e4useFilterKabelsatz mit [&hellip;]<\/p>\n","protected":false},"featured_media":63616,"template":"","meta":{"_acf_changed":false},"product_featured_cat":[],"product_brand":[3251],"product_cat":[4602],"product_tag":[],"class_list":{"0":"post-63642","1":"product","2":"type-product","3":"status-publish","4":"has-post-thumbnail","6":"product_brand-sog-de","7":"product_cat-toilettenentlueftungen","9":"first","10":"instock","11":"taxable","12":"shipping-taxable","13":"purchasable","14":"product-type-variable"},"acf":[],"yoast_head":"<!-- This site is optimized with the Yoast SEO plugin v27.4 - https:\/\/yoast.com\/product\/yoast-seo-wordpress\/ -->\n<title>Toilettenentl\u00fcftung T\u00fcrvariante Typ H f\u00fcr Thetford C220 - Bantam Camping AG<\/title>\n<meta name=\"robots\" content=\"index, follow, max-snippet:-1, max-image-preview:large, max-video-preview:-1\" \/>\n<link rel=\"canonical\" href=\"https:\/\/shop.bantam.ch\/de\/produkt\/toilettenentlueftung-tuervariante-typ-h-fuer-thetford-c220\/\" \/>\n<meta property=\"og:locale\" content=\"de_DE\" \/>\n<meta property=\"og:type\" content=\"article\" \/>\n<meta property=\"og:title\" content=\"Toilettenentl\u00fcftung T\u00fcrvariante Typ H f\u00fcr Thetford C220 - Bantam Camping AG\" \/>\n<meta property=\"og:description\" content=\"Arbeitet mit einem speziell eintwickelten leistungsstarken Absaugl\u00fcfter.Erzeugt durch hohe Drehzahl effektive Absaugung! Auch alle Ger\u00fcche bei der Benutzung werden abgesaugt. Die vermehrte Sauerstoffzufuhr gew\u00e4hrleistet die Zersetzung, L\u00fcfter schaltet nur bei der Benutzung ein &#8211; geringer Stromverbrauch. Vorteil: keine cheimischen Zus\u00e4tze f\u00fcr handels\u00fcbliches Toilettenpapier problemlose Entsorgung Farbangabe bezieht sich auf Filtergeh\u00e4use \u00a0 Lieferumfang:L\u00fcfter und AdapterteileFiltergeh\u00e4useFilterKabelsatz mit [&hellip;]\" \/>\n<meta property=\"og:url\" content=\"https:\/\/shop.bantam.ch\/de\/produkt\/toilettenentlueftung-tuervariante-typ-h-fuer-thetford-c220\/\" \/>\n<meta property=\"og:site_name\" content=\"Bantam Camping AG\" \/>\n<meta property=\"article:modified_time\" content=\"2026-04-20T19:53:28+00:00\" \/>\n<meta property=\"og:image\" content=\"https:\/\/shop.bantam.ch\/wp-content\/uploads\/2023\/02\/9976503-200-1-3.jpg\" \/>\n\t<meta property=\"og:image:width\" content=\"539\" \/>\n\t<meta property=\"og:image:height\" content=\"936\" \/>\n\t<meta property=\"og:image:type\" content=\"image\/jpeg\" \/>\n<meta name=\"twitter:card\" content=\"summary_large_image\" \/>\n<script type=\"application\/ld+json\" class=\"yoast-schema-graph\">{\"@context\":\"https:\\\/\\\/schema.org\",\"@graph\":[{\"@type\":\"WebPage\",\"@id\":\"https:\\\/\\\/shop.bantam.ch\\\/de\\\/produkt\\\/toilettenentlueftung-tuervariante-typ-h-fuer-thetford-c220\\\/\",\"url\":\"https:\\\/\\\/shop.bantam.ch\\\/de\\\/produkt\\\/toilettenentlueftung-tuervariante-typ-h-fuer-thetford-c220\\\/\",\"name\":\"Toilettenentl\u00fcftung T\u00fcrvariante Typ H f\u00fcr Thetford C220 - Bantam Camping AG\",\"isPartOf\":{\"@id\":\"https:\\\/\\\/shop.bantam.ch\\\/de\\\/#website\"},\"primaryImageOfPage\":{\"@id\":\"https:\\\/\\\/shop.bantam.ch\\\/de\\\/produkt\\\/toilettenentlueftung-tuervariante-typ-h-fuer-thetford-c220\\\/#primaryimage\"},\"image\":{\"@id\":\"https:\\\/\\\/shop.bantam.ch\\\/de\\\/produkt\\\/toilettenentlueftung-tuervariante-typ-h-fuer-thetford-c220\\\/#primaryimage\"},\"thumbnailUrl\":\"https:\\\/\\\/shop.bantam.ch\\\/wp-content\\\/uploads\\\/2023\\\/02\\\/9976503-200-1-3.jpg\",\"datePublished\":\"2023-02-27T17:48:29+00:00\",\"dateModified\":\"2026-04-20T19:53:28+00:00\",\"breadcrumb\":{\"@id\":\"https:\\\/\\\/shop.bantam.ch\\\/de\\\/produkt\\\/toilettenentlueftung-tuervariante-typ-h-fuer-thetford-c220\\\/#breadcrumb\"},\"inLanguage\":\"de\",\"potentialAction\":[{\"@type\":\"ReadAction\",\"target\":[\"https:\\\/\\\/shop.bantam.ch\\\/de\\\/produkt\\\/toilettenentlueftung-tuervariante-typ-h-fuer-thetford-c220\\\/\"]}]},{\"@type\":\"ImageObject\",\"inLanguage\":\"de\",\"@id\":\"https:\\\/\\\/shop.bantam.ch\\\/de\\\/produkt\\\/toilettenentlueftung-tuervariante-typ-h-fuer-thetford-c220\\\/#primaryimage\",\"url\":\"https:\\\/\\\/shop.bantam.ch\\\/wp-content\\\/uploads\\\/2023\\\/02\\\/9976503-200-1-3.jpg\",\"contentUrl\":\"https:\\\/\\\/shop.bantam.ch\\\/wp-content\\\/uploads\\\/2023\\\/02\\\/9976503-200-1-3.jpg\",\"width\":539,\"height\":936},{\"@type\":\"BreadcrumbList\",\"@id\":\"https:\\\/\\\/shop.bantam.ch\\\/de\\\/produkt\\\/toilettenentlueftung-tuervariante-typ-h-fuer-thetford-c220\\\/#breadcrumb\",\"itemListElement\":[{\"@type\":\"ListItem\",\"position\":1,\"name\":\"Accueil\",\"item\":\"https:\\\/\\\/shop.bantam.ch\\\/de\\\/\"},{\"@type\":\"ListItem\",\"position\":2,\"name\":\"Shop\",\"item\":\"https:\\\/\\\/shop.bantam.ch\\\/de\\\/shop\\\/\"},{\"@type\":\"ListItem\",\"position\":3,\"name\":\"Toilettenentl\u00fcftung T\u00fcrvariante Typ H f\u00fcr Thetford C220\"}]},{\"@type\":\"WebSite\",\"@id\":\"https:\\\/\\\/shop.bantam.ch\\\/de\\\/#website\",\"url\":\"https:\\\/\\\/shop.bantam.ch\\\/de\\\/\",\"name\":\"Bantam Camping AG\",\"description\":\"\",\"publisher\":{\"@id\":\"https:\\\/\\\/shop.bantam.ch\\\/de\\\/#organization\"},\"inLanguage\":\"de\"},{\"@type\":\"Organization\",\"@id\":\"https:\\\/\\\/shop.bantam.ch\\\/de\\\/#organization\",\"name\":\"Bantam Camping AG\",\"url\":\"https:\\\/\\\/shop.bantam.ch\\\/de\\\/\",\"logo\":{\"@type\":\"ImageObject\",\"inLanguage\":\"de\",\"@id\":\"https:\\\/\\\/shop.bantam.ch\\\/de\\\/#\\\/schema\\\/logo\\\/image\\\/\",\"url\":\"https:\\\/\\\/shop.bantam.ch\\\/wp-content\\\/uploads\\\/2022\\\/12\\\/bantam-logo.png\",\"contentUrl\":\"https:\\\/\\\/shop.bantam.ch\\\/wp-content\\\/uploads\\\/2022\\\/12\\\/bantam-logo.png\",\"width\":320,\"height\":71,\"caption\":\"Bantam Camping AG\"},\"image\":{\"@id\":\"https:\\\/\\\/shop.bantam.ch\\\/de\\\/#\\\/schema\\\/logo\\\/image\\\/\"}}]}<\/script>\n<!-- \/ Yoast SEO plugin. -->","yoast_head_json":{"title":"Toilettenentl\u00fcftung T\u00fcrvariante Typ H f\u00fcr Thetford C220 - Bantam Camping AG","robots":{"index":"index","follow":"follow","max-snippet":"max-snippet:-1","max-image-preview":"max-image-preview:large","max-video-preview":"max-video-preview:-1"},"canonical":"https:\/\/shop.bantam.ch\/de\/produkt\/toilettenentlueftung-tuervariante-typ-h-fuer-thetford-c220\/","og_locale":"de_DE","og_type":"article","og_title":"Toilettenentl\u00fcftung T\u00fcrvariante Typ H f\u00fcr Thetford C220 - Bantam Camping AG","og_description":"Arbeitet mit einem speziell eintwickelten leistungsstarken Absaugl\u00fcfter.Erzeugt durch hohe Drehzahl effektive Absaugung! Auch alle Ger\u00fcche bei der Benutzung werden abgesaugt. Die vermehrte Sauerstoffzufuhr gew\u00e4hrleistet die Zersetzung, L\u00fcfter schaltet nur bei der Benutzung ein &#8211; geringer Stromverbrauch. Vorteil: keine cheimischen Zus\u00e4tze f\u00fcr handels\u00fcbliches Toilettenpapier problemlose Entsorgung Farbangabe bezieht sich auf Filtergeh\u00e4use \u00a0 Lieferumfang:L\u00fcfter und AdapterteileFiltergeh\u00e4useFilterKabelsatz mit [&hellip;]","og_url":"https:\/\/shop.bantam.ch\/de\/produkt\/toilettenentlueftung-tuervariante-typ-h-fuer-thetford-c220\/","og_site_name":"Bantam Camping AG","article_modified_time":"2026-04-20T19:53:28+00:00","og_image":[{"width":539,"height":936,"url":"https:\/\/shop.bantam.ch\/wp-content\/uploads\/2023\/02\/9976503-200-1-3.jpg","type":"image\/jpeg"}],"twitter_card":"summary_large_image","schema":{"@context":"https:\/\/schema.org","@graph":[{"@type":"WebPage","@id":"https:\/\/shop.bantam.ch\/de\/produkt\/toilettenentlueftung-tuervariante-typ-h-fuer-thetford-c220\/","url":"https:\/\/shop.bantam.ch\/de\/produkt\/toilettenentlueftung-tuervariante-typ-h-fuer-thetford-c220\/","name":"Toilettenentl\u00fcftung T\u00fcrvariante Typ H f\u00fcr Thetford C220 - Bantam Camping AG","isPartOf":{"@id":"https:\/\/shop.bantam.ch\/de\/#website"},"primaryImageOfPage":{"@id":"https:\/\/shop.bantam.ch\/de\/produkt\/toilettenentlueftung-tuervariante-typ-h-fuer-thetford-c220\/#primaryimage"},"image":{"@id":"https:\/\/shop.bantam.ch\/de\/produkt\/toilettenentlueftung-tuervariante-typ-h-fuer-thetford-c220\/#primaryimage"},"thumbnailUrl":"https:\/\/shop.bantam.ch\/wp-content\/uploads\/2023\/02\/9976503-200-1-3.jpg","datePublished":"2023-02-27T17:48:29+00:00","dateModified":"2026-04-20T19:53:28+00:00","breadcrumb":{"@id":"https:\/\/shop.bantam.ch\/de\/produkt\/toilettenentlueftung-tuervariante-typ-h-fuer-thetford-c220\/#breadcrumb"},"inLanguage":"de","potentialAction":[{"@type":"ReadAction","target":["https:\/\/shop.bantam.ch\/de\/produkt\/toilettenentlueftung-tuervariante-typ-h-fuer-thetford-c220\/"]}]},{"@type":"ImageObject","inLanguage":"de","@id":"https:\/\/shop.bantam.ch\/de\/produkt\/toilettenentlueftung-tuervariante-typ-h-fuer-thetford-c220\/#primaryimage","url":"https:\/\/shop.bantam.ch\/wp-content\/uploads\/2023\/02\/9976503-200-1-3.jpg","contentUrl":"https:\/\/shop.bantam.ch\/wp-content\/uploads\/2023\/02\/9976503-200-1-3.jpg","width":539,"height":936},{"@type":"BreadcrumbList","@id":"https:\/\/shop.bantam.ch\/de\/produkt\/toilettenentlueftung-tuervariante-typ-h-fuer-thetford-c220\/#breadcrumb","itemListElement":[{"@type":"ListItem","position":1,"name":"Accueil","item":"https:\/\/shop.bantam.ch\/de\/"},{"@type":"ListItem","position":2,"name":"Shop","item":"https:\/\/shop.bantam.ch\/de\/shop\/"},{"@type":"ListItem","position":3,"name":"Toilettenentl\u00fcftung T\u00fcrvariante Typ H f\u00fcr Thetford C220"}]},{"@type":"WebSite","@id":"https:\/\/shop.bantam.ch\/de\/#website","url":"https:\/\/shop.bantam.ch\/de\/","name":"Bantam Camping AG","description":"","publisher":{"@id":"https:\/\/shop.bantam.ch\/de\/#organization"},"inLanguage":"de"},{"@type":"Organization","@id":"https:\/\/shop.bantam.ch\/de\/#organization","name":"Bantam Camping AG","url":"https:\/\/shop.bantam.ch\/de\/","logo":{"@type":"ImageObject","inLanguage":"de","@id":"https:\/\/shop.bantam.ch\/de\/#\/schema\/logo\/image\/","url":"https:\/\/shop.bantam.ch\/wp-content\/uploads\/2022\/12\/bantam-logo.png","contentUrl":"https:\/\/shop.bantam.ch\/wp-content\/uploads\/2022\/12\/bantam-logo.png","width":320,"height":71,"caption":"Bantam Camping AG"},"image":{"@id":"https:\/\/shop.bantam.ch\/de\/#\/schema\/logo\/image\/"}}]}},"_links":{"self":[{"href":"https:\/\/shop.bantam.ch\/de\/wp-json\/wp\/v2\/product\/63642","targetHints":{"allow":["GET"]}}],"collection":[{"href":"https:\/\/shop.bantam.ch\/de\/wp-json\/wp\/v2\/product"}],"about":[{"href":"https:\/\/shop.bantam.ch\/de\/wp-json\/wp\/v2\/types\/product"}],"wp:featuredmedia":[{"embeddable":true,"href":"https:\/\/shop.bantam.ch\/de\/wp-json\/wp\/v2\/media\/63616"}],"wp:attachment":[{"href":"https:\/\/shop.bantam.ch\/de\/wp-json\/wp\/v2\/media?parent=63642"}],"wp:term":[{"taxonomy":"product_featured_cat","embeddable":true,"href":"https:\/\/shop.bantam.ch\/de\/wp-json\/wp\/v2\/product_featured_cat?post=63642"},{"taxonomy":"product_brand","embeddable":true,"href":"https:\/\/shop.bantam.ch\/de\/wp-json\/wp\/v2\/product_brand?post=63642"},{"taxonomy":"product_cat","embeddable":true,"href":"https:\/\/shop.bantam.ch\/de\/wp-json\/wp\/v2\/product_cat?post=63642"},{"taxonomy":"product_tag","embeddable":true,"href":"https:\/\/shop.bantam.ch\/de\/wp-json\/wp\/v2\/product_tag?post=63642"}],"curies":[{"name":"wp","href":"https:\/\/api.w.org\/{rel}","templated":true}]}}