{"id":63348,"date":"2023-02-27T18:43:38","date_gmt":"2023-02-27T17:43:38","guid":{"rendered":"http:\/\/shop.bantam.ch\/produit\/elektroblock-ebl-211-mit-lt-453\/"},"modified":"2026-05-01T21:08:47","modified_gmt":"2026-05-01T19:08:47","slug":"elektroblock-ebl-211-mit-lt-453","status":"publish","type":"product","link":"https:\/\/shop.bantam.ch\/de\/produkt\/elektroblock-ebl-211-mit-lt-453\/","title":{"rendered":"Elektroblock EBL 211 mit LT 453"},"content":{"rendered":"<p>EBL 211: Der Klassiker. Der Elektroblock enth\u00e4lt ein Batterielademodul, koordiniert den kompletten 12-V-Stromkreis und \u00fcbernimmt noch weitere Steuerungs- und Regelungsfunktionen. Anschlussmaterial liegt bei. Bistabiles 12-V-Hauptschalterrelais sowie Batteriew\u00e4chtermodul. Lademodul: Kennlinie IUoU, Ladestrom 18A f\u00fcr 6-zellige Blei-S\u00e4ure- und Blei-Gel-Batterien (EBL208) bzw. AGM- und Blei-Gel-Batterien (EBL211). Batterie-Trennschalter f\u00fcr Winterabschaltung. Anschluss f\u00fcr einen Solar-Laderegler LR(M)1218. LT 453: Anzeige \u00fcber Leuchtdioden. Spannungsanzeige in 8 Stufen f\u00fcr Wohnraum- und Starterbatterie. Optischer Batteriealarm bei stark gesunkener Batteriespannung. Tankf\u00fcllstandsanzeige in 4 Stufen f\u00fcr zwei Wassertanks. 12V-Hauptschalter mit Einschaltkontrolle. 230V-Netzkontrolle. Pumpenschalter mit Einschaltkontrolle.<\/p>\n<p>Anschlu\u00dfmaterial: Verbindungskabel sowie Tanksonden im Set enthalten. EBL 211 (Blei-Gel + AGM)<\/p>\n<ul>\n<li>Gewicht: 3,9 kg<\/li>\n<\/ul>\n","protected":false},"excerpt":{"rendered":"<p>EBL 211: Der Klassiker. Der Elektroblock enth\u00e4lt ein Batterielademodul, koordiniert den kompletten 12-V-Stromkreis und \u00fcbernimmt noch weitere Steuerungs- und Regelungsfunktionen. Anschlussmaterial liegt bei. Bistabiles 12-V-Hauptschalterrelais sowie Batteriew\u00e4chtermodul. Lademodul: Kennlinie IUoU, Ladestrom 18A f\u00fcr 6-zellige Blei-S\u00e4ure- und Blei-Gel-Batterien (EBL208) bzw. AGM- und Blei-Gel-Batterien (EBL211). Batterie-Trennschalter f\u00fcr Winterabschaltung. Anschluss f\u00fcr einen Solar-Laderegler LR(M)1218. LT 453: Anzeige \u00fcber [&hellip;]<\/p>\n","protected":false},"featured_media":63344,"template":"","meta":{"_acf_changed":false},"product_featured_cat":[],"product_brand":[3079],"product_cat":[4184],"product_tag":[],"class_list":{"0":"post-63348","1":"product","2":"type-product","3":"status-publish","4":"has-post-thumbnail","6":"product_brand-schaudt-de","7":"product_cat-elektrobloecke","9":"first","10":"instock","11":"taxable","12":"shipping-taxable","13":"purchasable","14":"product-type-simple"},"acf":[],"yoast_head":"<!-- This site is optimized with the Yoast SEO plugin v27.5 - https:\/\/yoast.com\/product\/yoast-seo-wordpress\/ -->\n<title>Elektroblock EBL 211 mit LT 453 - Bantam<\/title>\n<meta name=\"robots\" content=\"index, follow, max-snippet:-1, max-image-preview:large, max-video-preview:-1\" \/>\n<link rel=\"canonical\" href=\"https:\/\/shop.bantam.ch\/de\/produkt\/elektroblock-ebl-211-mit-lt-453\/\" \/>\n<meta property=\"og:locale\" content=\"de_DE\" \/>\n<meta property=\"og:type\" content=\"article\" \/>\n<meta property=\"og:title\" content=\"Elektroblock EBL 211 mit LT 453 - Bantam\" \/>\n<meta property=\"og:description\" content=\"EBL 211: Der Klassiker. Der Elektroblock enth\u00e4lt ein Batterielademodul, koordiniert den kompletten 12-V-Stromkreis und \u00fcbernimmt noch weitere Steuerungs- und Regelungsfunktionen. Anschlussmaterial liegt bei. Bistabiles 12-V-Hauptschalterrelais sowie Batteriew\u00e4chtermodul. Lademodul: Kennlinie IUoU, Ladestrom 18A f\u00fcr 6-zellige Blei-S\u00e4ure- und Blei-Gel-Batterien (EBL208) bzw. AGM- und Blei-Gel-Batterien (EBL211). Batterie-Trennschalter f\u00fcr Winterabschaltung. Anschluss f\u00fcr einen Solar-Laderegler LR(M)1218. LT 453: Anzeige \u00fcber [&hellip;]\" \/>\n<meta property=\"og:url\" content=\"https:\/\/shop.bantam.ch\/de\/produkt\/elektroblock-ebl-211-mit-lt-453\/\" \/>\n<meta property=\"og:site_name\" content=\"Bantam\" \/>\n<meta property=\"article:modified_time\" content=\"2026-05-01T19:08:47+00:00\" \/>\n<meta property=\"og:image\" content=\"https:\/\/shop.bantam.ch\/wp-content\/uploads\/2023\/02\/9930672-100-1-3.jpg\" \/>\n\t<meta property=\"og:image:width\" content=\"1000\" \/>\n\t<meta property=\"og:image:height\" content=\"591\" \/>\n\t<meta property=\"og:image:type\" content=\"image\/jpeg\" \/>\n<meta name=\"twitter:card\" content=\"summary_large_image\" \/>\n<meta name=\"twitter:label1\" content=\"Gesch\u00e4tzte Lesezeit\" \/>\n\t<meta name=\"twitter:data1\" content=\"1\u00a0Minute\" \/>\n<script type=\"application\/ld+json\" class=\"yoast-schema-graph\">{\"@context\":\"https:\\\/\\\/schema.org\",\"@graph\":[{\"@type\":\"WebPage\",\"@id\":\"https:\\\/\\\/shop.bantam.ch\\\/de\\\/produkt\\\/elektroblock-ebl-211-mit-lt-453\\\/\",\"url\":\"https:\\\/\\\/shop.bantam.ch\\\/de\\\/produkt\\\/elektroblock-ebl-211-mit-lt-453\\\/\",\"name\":\"Elektroblock EBL 211 mit LT 453 - Bantam\",\"isPartOf\":{\"@id\":\"https:\\\/\\\/shop.bantam.ch\\\/de\\\/#website\"},\"primaryImageOfPage\":{\"@id\":\"https:\\\/\\\/shop.bantam.ch\\\/de\\\/produkt\\\/elektroblock-ebl-211-mit-lt-453\\\/#primaryimage\"},\"image\":{\"@id\":\"https:\\\/\\\/shop.bantam.ch\\\/de\\\/produkt\\\/elektroblock-ebl-211-mit-lt-453\\\/#primaryimage\"},\"thumbnailUrl\":\"https:\\\/\\\/shop.bantam.ch\\\/wp-content\\\/uploads\\\/2023\\\/02\\\/9930672-100-1-3.jpg\",\"datePublished\":\"2023-02-27T17:43:38+00:00\",\"dateModified\":\"2026-05-01T19:08:47+00:00\",\"breadcrumb\":{\"@id\":\"https:\\\/\\\/shop.bantam.ch\\\/de\\\/produkt\\\/elektroblock-ebl-211-mit-lt-453\\\/#breadcrumb\"},\"inLanguage\":\"de\",\"potentialAction\":[{\"@type\":\"ReadAction\",\"target\":[\"https:\\\/\\\/shop.bantam.ch\\\/de\\\/produkt\\\/elektroblock-ebl-211-mit-lt-453\\\/\"]}]},{\"@type\":\"ImageObject\",\"inLanguage\":\"de\",\"@id\":\"https:\\\/\\\/shop.bantam.ch\\\/de\\\/produkt\\\/elektroblock-ebl-211-mit-lt-453\\\/#primaryimage\",\"url\":\"https:\\\/\\\/shop.bantam.ch\\\/wp-content\\\/uploads\\\/2023\\\/02\\\/9930672-100-1-3.jpg\",\"contentUrl\":\"https:\\\/\\\/shop.bantam.ch\\\/wp-content\\\/uploads\\\/2023\\\/02\\\/9930672-100-1-3.jpg\",\"width\":1000,\"height\":591},{\"@type\":\"BreadcrumbList\",\"@id\":\"https:\\\/\\\/shop.bantam.ch\\\/de\\\/produkt\\\/elektroblock-ebl-211-mit-lt-453\\\/#breadcrumb\",\"itemListElement\":[{\"@type\":\"ListItem\",\"position\":1,\"name\":\"Accueil\",\"item\":\"https:\\\/\\\/shop.bantam.ch\\\/de\\\/\"},{\"@type\":\"ListItem\",\"position\":2,\"name\":\"Shop\",\"item\":\"https:\\\/\\\/shop.bantam.ch\\\/de\\\/shop\\\/\"},{\"@type\":\"ListItem\",\"position\":3,\"name\":\"Elektroblock EBL 211 mit LT 453\"}]},{\"@type\":\"WebSite\",\"@id\":\"https:\\\/\\\/shop.bantam.ch\\\/de\\\/#website\",\"url\":\"https:\\\/\\\/shop.bantam.ch\\\/de\\\/\",\"name\":\"Bantam\",\"description\":\"\",\"publisher\":{\"@id\":\"https:\\\/\\\/shop.bantam.ch\\\/de\\\/#organization\"},\"inLanguage\":\"de\"},{\"@type\":\"Organization\",\"@id\":\"https:\\\/\\\/shop.bantam.ch\\\/de\\\/#organization\",\"name\":\"Bantam\",\"url\":\"https:\\\/\\\/shop.bantam.ch\\\/de\\\/\",\"logo\":{\"@type\":\"ImageObject\",\"inLanguage\":\"de\",\"@id\":\"https:\\\/\\\/shop.bantam.ch\\\/de\\\/#\\\/schema\\\/logo\\\/image\\\/\",\"url\":\"https:\\\/\\\/shop.bantam.ch\\\/wp-content\\\/uploads\\\/2022\\\/12\\\/bantam-logo.png\",\"contentUrl\":\"https:\\\/\\\/shop.bantam.ch\\\/wp-content\\\/uploads\\\/2022\\\/12\\\/bantam-logo.png\",\"width\":320,\"height\":71,\"caption\":\"Bantam\"},\"image\":{\"@id\":\"https:\\\/\\\/shop.bantam.ch\\\/de\\\/#\\\/schema\\\/logo\\\/image\\\/\"}}]}<\/script>\n<!-- \/ Yoast SEO plugin. -->","yoast_head_json":{"title":"Elektroblock EBL 211 mit LT 453 - Bantam","robots":{"index":"index","follow":"follow","max-snippet":"max-snippet:-1","max-image-preview":"max-image-preview:large","max-video-preview":"max-video-preview:-1"},"canonical":"https:\/\/shop.bantam.ch\/de\/produkt\/elektroblock-ebl-211-mit-lt-453\/","og_locale":"de_DE","og_type":"article","og_title":"Elektroblock EBL 211 mit LT 453 - Bantam","og_description":"EBL 211: Der Klassiker. Der Elektroblock enth\u00e4lt ein Batterielademodul, koordiniert den kompletten 12-V-Stromkreis und \u00fcbernimmt noch weitere Steuerungs- und Regelungsfunktionen. Anschlussmaterial liegt bei. Bistabiles 12-V-Hauptschalterrelais sowie Batteriew\u00e4chtermodul. Lademodul: Kennlinie IUoU, Ladestrom 18A f\u00fcr 6-zellige Blei-S\u00e4ure- und Blei-Gel-Batterien (EBL208) bzw. AGM- und Blei-Gel-Batterien (EBL211). Batterie-Trennschalter f\u00fcr Winterabschaltung. Anschluss f\u00fcr einen Solar-Laderegler LR(M)1218. LT 453: Anzeige \u00fcber [&hellip;]","og_url":"https:\/\/shop.bantam.ch\/de\/produkt\/elektroblock-ebl-211-mit-lt-453\/","og_site_name":"Bantam","article_modified_time":"2026-05-01T19:08:47+00:00","og_image":[{"width":1000,"height":591,"url":"https:\/\/shop.bantam.ch\/wp-content\/uploads\/2023\/02\/9930672-100-1-3.jpg","type":"image\/jpeg"}],"twitter_card":"summary_large_image","twitter_misc":{"Gesch\u00e4tzte Lesezeit":"1\u00a0Minute"},"schema":{"@context":"https:\/\/schema.org","@graph":[{"@type":"WebPage","@id":"https:\/\/shop.bantam.ch\/de\/produkt\/elektroblock-ebl-211-mit-lt-453\/","url":"https:\/\/shop.bantam.ch\/de\/produkt\/elektroblock-ebl-211-mit-lt-453\/","name":"Elektroblock EBL 211 mit LT 453 - Bantam","isPartOf":{"@id":"https:\/\/shop.bantam.ch\/de\/#website"},"primaryImageOfPage":{"@id":"https:\/\/shop.bantam.ch\/de\/produkt\/elektroblock-ebl-211-mit-lt-453\/#primaryimage"},"image":{"@id":"https:\/\/shop.bantam.ch\/de\/produkt\/elektroblock-ebl-211-mit-lt-453\/#primaryimage"},"thumbnailUrl":"https:\/\/shop.bantam.ch\/wp-content\/uploads\/2023\/02\/9930672-100-1-3.jpg","datePublished":"2023-02-27T17:43:38+00:00","dateModified":"2026-05-01T19:08:47+00:00","breadcrumb":{"@id":"https:\/\/shop.bantam.ch\/de\/produkt\/elektroblock-ebl-211-mit-lt-453\/#breadcrumb"},"inLanguage":"de","potentialAction":[{"@type":"ReadAction","target":["https:\/\/shop.bantam.ch\/de\/produkt\/elektroblock-ebl-211-mit-lt-453\/"]}]},{"@type":"ImageObject","inLanguage":"de","@id":"https:\/\/shop.bantam.ch\/de\/produkt\/elektroblock-ebl-211-mit-lt-453\/#primaryimage","url":"https:\/\/shop.bantam.ch\/wp-content\/uploads\/2023\/02\/9930672-100-1-3.jpg","contentUrl":"https:\/\/shop.bantam.ch\/wp-content\/uploads\/2023\/02\/9930672-100-1-3.jpg","width":1000,"height":591},{"@type":"BreadcrumbList","@id":"https:\/\/shop.bantam.ch\/de\/produkt\/elektroblock-ebl-211-mit-lt-453\/#breadcrumb","itemListElement":[{"@type":"ListItem","position":1,"name":"Accueil","item":"https:\/\/shop.bantam.ch\/de\/"},{"@type":"ListItem","position":2,"name":"Shop","item":"https:\/\/shop.bantam.ch\/de\/shop\/"},{"@type":"ListItem","position":3,"name":"Elektroblock EBL 211 mit LT 453"}]},{"@type":"WebSite","@id":"https:\/\/shop.bantam.ch\/de\/#website","url":"https:\/\/shop.bantam.ch\/de\/","name":"Bantam","description":"","publisher":{"@id":"https:\/\/shop.bantam.ch\/de\/#organization"},"inLanguage":"de"},{"@type":"Organization","@id":"https:\/\/shop.bantam.ch\/de\/#organization","name":"Bantam","url":"https:\/\/shop.bantam.ch\/de\/","logo":{"@type":"ImageObject","inLanguage":"de","@id":"https:\/\/shop.bantam.ch\/de\/#\/schema\/logo\/image\/","url":"https:\/\/shop.bantam.ch\/wp-content\/uploads\/2022\/12\/bantam-logo.png","contentUrl":"https:\/\/shop.bantam.ch\/wp-content\/uploads\/2022\/12\/bantam-logo.png","width":320,"height":71,"caption":"Bantam"},"image":{"@id":"https:\/\/shop.bantam.ch\/de\/#\/schema\/logo\/image\/"}}]}},"_links":{"self":[{"href":"https:\/\/shop.bantam.ch\/de\/wp-json\/wp\/v2\/product\/63348","targetHints":{"allow":["GET"]}}],"collection":[{"href":"https:\/\/shop.bantam.ch\/de\/wp-json\/wp\/v2\/product"}],"about":[{"href":"https:\/\/shop.bantam.ch\/de\/wp-json\/wp\/v2\/types\/product"}],"wp:featuredmedia":[{"embeddable":true,"href":"https:\/\/shop.bantam.ch\/de\/wp-json\/wp\/v2\/media\/63344"}],"wp:attachment":[{"href":"https:\/\/shop.bantam.ch\/de\/wp-json\/wp\/v2\/media?parent=63348"}],"wp:term":[{"taxonomy":"product_featured_cat","embeddable":true,"href":"https:\/\/shop.bantam.ch\/de\/wp-json\/wp\/v2\/product_featured_cat?post=63348"},{"taxonomy":"product_brand","embeddable":true,"href":"https:\/\/shop.bantam.ch\/de\/wp-json\/wp\/v2\/product_brand?post=63348"},{"taxonomy":"product_cat","embeddable":true,"href":"https:\/\/shop.bantam.ch\/de\/wp-json\/wp\/v2\/product_cat?post=63348"},{"taxonomy":"product_tag","embeddable":true,"href":"https:\/\/shop.bantam.ch\/de\/wp-json\/wp\/v2\/product_tag?post=63348"}],"curies":[{"name":"wp","href":"https:\/\/api.w.org\/{rel}","templated":true}]}}