{"id":63014,"date":"2023-02-27T18:37:39","date_gmt":"2023-02-27T17:37:39","guid":{"rendered":"http:\/\/shop.bantam.ch\/produit\/seitenwand-residence-g3-markisentyp-5200-5003-4900\/"},"modified":"2026-04-17T21:49:47","modified_gmt":"2026-04-17T19:49:47","slug":"seitenwand-residence-g3-markisentyp-5200-5003-4900","status":"publish","type":"product","link":"https:\/\/shop.bantam.ch\/de\/produkt\/seitenwand-residence-g3-markisentyp-5200-5003-4900\/","title":{"rendered":"Seitenwand Residence G3, Markisentyp 5200 \/ 5003 \/ 4900"},"content":{"rendered":"<ul>\n<li>Benutzerfreundlich und modular<\/li>\n<li>Neues und zeitloses Design<\/li>\n<li>Gro\u00dfe Fenster f\u00fcr maximalen Lichteinfall<\/li>\n<li>F\u00fcr alle Fahrzeugtypen<\/li>\n<li>Passend f\u00fcr 5200, 8000, 4900, 5102, 9200, 6300, 5003, 6200, 6900, 6002, 5002, 5500\u00a0<\/li>\n<\/ul>\n<p><strong>Installation<\/strong><\/p>\n<p>Ein Klemmprofil sorgt f\u00fcr die Montage und Verbindung der Seitenwand mit dem Markisentuch f\u00fcr eine perfekte Dachabdichtung. Die Seitenw\u00e4nde gleiten in das Klemmprofil und die Vorderwand des Zeltes wird in die Frontleiste der Markise geschoben. Bitte pr\u00fcfen Sie die Freig\u00e4ngigkeit der Aufbaut\u00fcr mit dem zutreffenden Aufstellwinkel.<\/p>\n<p><strong>Robuste Abdichtung<\/strong><\/p>\n<p>Ein Profil mit doppelten Gummilippen stellen eine perfekte Abdichtung zwischen Fahrzeugwand und den Zeltw\u00e4nden her. Dank der schwarzen Verbindungsprofile k\u00f6nnen die Vorder- und Seitenw\u00e4nde zu einem geschlossenen Zelt kombiniert werden.<\/p>\n<p><strong>Schutz<\/strong><\/p>\n<p>Die Seitenfenster sind von au\u00dfen mit einer hochwertigen, leicht mittels Rei\u00dfverschluss zu \u00f6ffnenden Fensterfolie ausger\u00fcstet. Zum Insektenschutz ist eine Fliegengaze an beiden Seitenw\u00e4nden serienm\u00e4\u00dfig.<\/p>\n<p><strong>Vorderwand-Design<\/strong><\/p>\n<p>Je nach Markisenl\u00e4nge variiert das Design der Vorderwand des Zeltes. Gro\u00dfe Fensterfl\u00e4chen lassen sehr viel Licht herein und schaffen ein zus\u00e4tzliches Gef\u00fchl der Weite.<\/p>\n<p><strong>Design<\/strong><\/p>\n<p>Das komplett neue Design ist dank der Farbkombination mit schwarz, grau und wei\u00df zeitlos und passt zu allen Markisentuchfarben.<\/p>\n<p><strong>Vielseitigkeit &#8211; Modularit\u00e4t<\/strong><\/p>\n<p>Die Fensterscheiben k\u00f6nnen hochgerollt werden. Vorderw\u00e4nde ab 3,5 m L\u00e4nge haben eine T\u00fcr\u00f6ffnung auf der linken und rechten Seite. Die T\u00fcr kann auch separat hochgerollt werden. Zubeh\u00f6r kann mittels einer optionalen Doppelkederschiene (9991447) an der Vorderwand befestigt werden.<\/p>\n<p>\u00a0<\/p>\n<p>Material<\/p>\n<ul>\n<li>Tuch PVC<\/li>\n<\/ul>\n","protected":false},"excerpt":{"rendered":"<p>Benutzerfreundlich und modular Neues und zeitloses Design Gro\u00dfe Fenster f\u00fcr maximalen Lichteinfall F\u00fcr alle Fahrzeugtypen Passend f\u00fcr 5200, 8000, 4900, 5102, 9200, 6300, 5003, 6200, 6900, 6002, 5002, 5500\u00a0 Installation Ein Klemmprofil sorgt f\u00fcr die Montage und Verbindung der Seitenwand mit dem Markisentuch f\u00fcr eine perfekte Dachabdichtung. Die Seitenw\u00e4nde gleiten in das Klemmprofil und die [&hellip;]<\/p>\n","protected":false},"featured_media":62984,"template":"","meta":{"_acf_changed":false},"product_featured_cat":[],"product_brand":[3047],"product_cat":[4222,4224],"product_tag":[],"class_list":{"0":"post-63014","1":"product","2":"type-product","3":"status-publish","4":"has-post-thumbnail","6":"product_brand-thule-de","7":"product_cat-markisen-seitenwaende","8":"product_cat-markisen-vorzelte","10":"first","11":"instock","12":"taxable","13":"shipping-taxable","14":"purchasable","15":"product-type-variable"},"acf":[],"yoast_head":"<!-- This site is optimized with the Yoast SEO plugin v27.4 - https:\/\/yoast.com\/product\/yoast-seo-wordpress\/ -->\n<title>Seitenwand Residence G3, Markisentyp 5200 \/ 5003 \/ 4900 - Bantam Camping AG<\/title>\n<meta name=\"robots\" content=\"index, follow, max-snippet:-1, max-image-preview:large, max-video-preview:-1\" \/>\n<link rel=\"canonical\" href=\"https:\/\/shop.bantam.ch\/de\/produkt\/seitenwand-residence-g3-markisentyp-5200-5003-4900\/\" \/>\n<meta property=\"og:locale\" content=\"de_DE\" \/>\n<meta property=\"og:type\" content=\"article\" \/>\n<meta property=\"og:title\" content=\"Seitenwand Residence G3, Markisentyp 5200 \/ 5003 \/ 4900 - Bantam Camping AG\" \/>\n<meta property=\"og:description\" content=\"Benutzerfreundlich und modular Neues und zeitloses Design Gro\u00dfe Fenster f\u00fcr maximalen Lichteinfall F\u00fcr alle Fahrzeugtypen Passend f\u00fcr 5200, 8000, 4900, 5102, 9200, 6300, 5003, 6200, 6900, 6002, 5002, 5500\u00a0 Installation Ein Klemmprofil sorgt f\u00fcr die Montage und Verbindung der Seitenwand mit dem Markisentuch f\u00fcr eine perfekte Dachabdichtung. Die Seitenw\u00e4nde gleiten in das Klemmprofil und die [&hellip;]\" \/>\n<meta property=\"og:url\" content=\"https:\/\/shop.bantam.ch\/de\/produkt\/seitenwand-residence-g3-markisentyp-5200-5003-4900\/\" \/>\n<meta property=\"og:site_name\" content=\"Bantam Camping AG\" \/>\n<meta property=\"article:modified_time\" content=\"2026-04-17T19:49:47+00:00\" \/>\n<meta property=\"og:image\" content=\"https:\/\/shop.bantam.ch\/wp-content\/uploads\/2023\/02\/9951719-100-1-3.jpg\" \/>\n\t<meta property=\"og:image:width\" content=\"1000\" \/>\n\t<meta property=\"og:image:height\" content=\"749\" \/>\n\t<meta property=\"og:image:type\" content=\"image\/jpeg\" \/>\n<meta name=\"twitter:card\" content=\"summary_large_image\" \/>\n<meta name=\"twitter:label1\" content=\"Gesch\u00e4tzte Lesezeit\" \/>\n\t<meta name=\"twitter:data1\" content=\"1\u00a0Minute\" \/>\n<script type=\"application\/ld+json\" class=\"yoast-schema-graph\">{\"@context\":\"https:\\\/\\\/schema.org\",\"@graph\":[{\"@type\":\"WebPage\",\"@id\":\"https:\\\/\\\/shop.bantam.ch\\\/de\\\/produkt\\\/seitenwand-residence-g3-markisentyp-5200-5003-4900\\\/\",\"url\":\"https:\\\/\\\/shop.bantam.ch\\\/de\\\/produkt\\\/seitenwand-residence-g3-markisentyp-5200-5003-4900\\\/\",\"name\":\"Seitenwand Residence G3, Markisentyp 5200 \\\/ 5003 \\\/ 4900 - Bantam Camping AG\",\"isPartOf\":{\"@id\":\"https:\\\/\\\/shop.bantam.ch\\\/de\\\/#website\"},\"primaryImageOfPage\":{\"@id\":\"https:\\\/\\\/shop.bantam.ch\\\/de\\\/produkt\\\/seitenwand-residence-g3-markisentyp-5200-5003-4900\\\/#primaryimage\"},\"image\":{\"@id\":\"https:\\\/\\\/shop.bantam.ch\\\/de\\\/produkt\\\/seitenwand-residence-g3-markisentyp-5200-5003-4900\\\/#primaryimage\"},\"thumbnailUrl\":\"https:\\\/\\\/shop.bantam.ch\\\/wp-content\\\/uploads\\\/2023\\\/02\\\/9951719-100-1-3.jpg\",\"datePublished\":\"2023-02-27T17:37:39+00:00\",\"dateModified\":\"2026-04-17T19:49:47+00:00\",\"breadcrumb\":{\"@id\":\"https:\\\/\\\/shop.bantam.ch\\\/de\\\/produkt\\\/seitenwand-residence-g3-markisentyp-5200-5003-4900\\\/#breadcrumb\"},\"inLanguage\":\"de\",\"potentialAction\":[{\"@type\":\"ReadAction\",\"target\":[\"https:\\\/\\\/shop.bantam.ch\\\/de\\\/produkt\\\/seitenwand-residence-g3-markisentyp-5200-5003-4900\\\/\"]}]},{\"@type\":\"ImageObject\",\"inLanguage\":\"de\",\"@id\":\"https:\\\/\\\/shop.bantam.ch\\\/de\\\/produkt\\\/seitenwand-residence-g3-markisentyp-5200-5003-4900\\\/#primaryimage\",\"url\":\"https:\\\/\\\/shop.bantam.ch\\\/wp-content\\\/uploads\\\/2023\\\/02\\\/9951719-100-1-3.jpg\",\"contentUrl\":\"https:\\\/\\\/shop.bantam.ch\\\/wp-content\\\/uploads\\\/2023\\\/02\\\/9951719-100-1-3.jpg\",\"width\":1000,\"height\":749},{\"@type\":\"BreadcrumbList\",\"@id\":\"https:\\\/\\\/shop.bantam.ch\\\/de\\\/produkt\\\/seitenwand-residence-g3-markisentyp-5200-5003-4900\\\/#breadcrumb\",\"itemListElement\":[{\"@type\":\"ListItem\",\"position\":1,\"name\":\"Accueil\",\"item\":\"https:\\\/\\\/shop.bantam.ch\\\/de\\\/\"},{\"@type\":\"ListItem\",\"position\":2,\"name\":\"Shop\",\"item\":\"https:\\\/\\\/shop.bantam.ch\\\/de\\\/shop\\\/\"},{\"@type\":\"ListItem\",\"position\":3,\"name\":\"Seitenwand Residence G3, Markisentyp 5200 \\\/ 5003 \\\/ 4900\"}]},{\"@type\":\"WebSite\",\"@id\":\"https:\\\/\\\/shop.bantam.ch\\\/de\\\/#website\",\"url\":\"https:\\\/\\\/shop.bantam.ch\\\/de\\\/\",\"name\":\"Bantam Camping AG\",\"description\":\"\",\"publisher\":{\"@id\":\"https:\\\/\\\/shop.bantam.ch\\\/de\\\/#organization\"},\"inLanguage\":\"de\"},{\"@type\":\"Organization\",\"@id\":\"https:\\\/\\\/shop.bantam.ch\\\/de\\\/#organization\",\"name\":\"Bantam Camping AG\",\"url\":\"https:\\\/\\\/shop.bantam.ch\\\/de\\\/\",\"logo\":{\"@type\":\"ImageObject\",\"inLanguage\":\"de\",\"@id\":\"https:\\\/\\\/shop.bantam.ch\\\/de\\\/#\\\/schema\\\/logo\\\/image\\\/\",\"url\":\"https:\\\/\\\/shop.bantam.ch\\\/wp-content\\\/uploads\\\/2022\\\/12\\\/bantam-logo.png\",\"contentUrl\":\"https:\\\/\\\/shop.bantam.ch\\\/wp-content\\\/uploads\\\/2022\\\/12\\\/bantam-logo.png\",\"width\":320,\"height\":71,\"caption\":\"Bantam Camping AG\"},\"image\":{\"@id\":\"https:\\\/\\\/shop.bantam.ch\\\/de\\\/#\\\/schema\\\/logo\\\/image\\\/\"}}]}<\/script>\n<!-- \/ Yoast SEO plugin. -->","yoast_head_json":{"title":"Seitenwand Residence G3, Markisentyp 5200 \/ 5003 \/ 4900 - Bantam Camping AG","robots":{"index":"index","follow":"follow","max-snippet":"max-snippet:-1","max-image-preview":"max-image-preview:large","max-video-preview":"max-video-preview:-1"},"canonical":"https:\/\/shop.bantam.ch\/de\/produkt\/seitenwand-residence-g3-markisentyp-5200-5003-4900\/","og_locale":"de_DE","og_type":"article","og_title":"Seitenwand Residence G3, Markisentyp 5200 \/ 5003 \/ 4900 - Bantam Camping AG","og_description":"Benutzerfreundlich und modular Neues und zeitloses Design Gro\u00dfe Fenster f\u00fcr maximalen Lichteinfall F\u00fcr alle Fahrzeugtypen Passend f\u00fcr 5200, 8000, 4900, 5102, 9200, 6300, 5003, 6200, 6900, 6002, 5002, 5500\u00a0 Installation Ein Klemmprofil sorgt f\u00fcr die Montage und Verbindung der Seitenwand mit dem Markisentuch f\u00fcr eine perfekte Dachabdichtung. Die Seitenw\u00e4nde gleiten in das Klemmprofil und die [&hellip;]","og_url":"https:\/\/shop.bantam.ch\/de\/produkt\/seitenwand-residence-g3-markisentyp-5200-5003-4900\/","og_site_name":"Bantam Camping AG","article_modified_time":"2026-04-17T19:49:47+00:00","og_image":[{"width":1000,"height":749,"url":"https:\/\/shop.bantam.ch\/wp-content\/uploads\/2023\/02\/9951719-100-1-3.jpg","type":"image\/jpeg"}],"twitter_card":"summary_large_image","twitter_misc":{"Gesch\u00e4tzte Lesezeit":"1\u00a0Minute"},"schema":{"@context":"https:\/\/schema.org","@graph":[{"@type":"WebPage","@id":"https:\/\/shop.bantam.ch\/de\/produkt\/seitenwand-residence-g3-markisentyp-5200-5003-4900\/","url":"https:\/\/shop.bantam.ch\/de\/produkt\/seitenwand-residence-g3-markisentyp-5200-5003-4900\/","name":"Seitenwand Residence G3, Markisentyp 5200 \/ 5003 \/ 4900 - Bantam Camping AG","isPartOf":{"@id":"https:\/\/shop.bantam.ch\/de\/#website"},"primaryImageOfPage":{"@id":"https:\/\/shop.bantam.ch\/de\/produkt\/seitenwand-residence-g3-markisentyp-5200-5003-4900\/#primaryimage"},"image":{"@id":"https:\/\/shop.bantam.ch\/de\/produkt\/seitenwand-residence-g3-markisentyp-5200-5003-4900\/#primaryimage"},"thumbnailUrl":"https:\/\/shop.bantam.ch\/wp-content\/uploads\/2023\/02\/9951719-100-1-3.jpg","datePublished":"2023-02-27T17:37:39+00:00","dateModified":"2026-04-17T19:49:47+00:00","breadcrumb":{"@id":"https:\/\/shop.bantam.ch\/de\/produkt\/seitenwand-residence-g3-markisentyp-5200-5003-4900\/#breadcrumb"},"inLanguage":"de","potentialAction":[{"@type":"ReadAction","target":["https:\/\/shop.bantam.ch\/de\/produkt\/seitenwand-residence-g3-markisentyp-5200-5003-4900\/"]}]},{"@type":"ImageObject","inLanguage":"de","@id":"https:\/\/shop.bantam.ch\/de\/produkt\/seitenwand-residence-g3-markisentyp-5200-5003-4900\/#primaryimage","url":"https:\/\/shop.bantam.ch\/wp-content\/uploads\/2023\/02\/9951719-100-1-3.jpg","contentUrl":"https:\/\/shop.bantam.ch\/wp-content\/uploads\/2023\/02\/9951719-100-1-3.jpg","width":1000,"height":749},{"@type":"BreadcrumbList","@id":"https:\/\/shop.bantam.ch\/de\/produkt\/seitenwand-residence-g3-markisentyp-5200-5003-4900\/#breadcrumb","itemListElement":[{"@type":"ListItem","position":1,"name":"Accueil","item":"https:\/\/shop.bantam.ch\/de\/"},{"@type":"ListItem","position":2,"name":"Shop","item":"https:\/\/shop.bantam.ch\/de\/shop\/"},{"@type":"ListItem","position":3,"name":"Seitenwand Residence G3, Markisentyp 5200 \/ 5003 \/ 4900"}]},{"@type":"WebSite","@id":"https:\/\/shop.bantam.ch\/de\/#website","url":"https:\/\/shop.bantam.ch\/de\/","name":"Bantam Camping AG","description":"","publisher":{"@id":"https:\/\/shop.bantam.ch\/de\/#organization"},"inLanguage":"de"},{"@type":"Organization","@id":"https:\/\/shop.bantam.ch\/de\/#organization","name":"Bantam Camping AG","url":"https:\/\/shop.bantam.ch\/de\/","logo":{"@type":"ImageObject","inLanguage":"de","@id":"https:\/\/shop.bantam.ch\/de\/#\/schema\/logo\/image\/","url":"https:\/\/shop.bantam.ch\/wp-content\/uploads\/2022\/12\/bantam-logo.png","contentUrl":"https:\/\/shop.bantam.ch\/wp-content\/uploads\/2022\/12\/bantam-logo.png","width":320,"height":71,"caption":"Bantam Camping AG"},"image":{"@id":"https:\/\/shop.bantam.ch\/de\/#\/schema\/logo\/image\/"}}]}},"_links":{"self":[{"href":"https:\/\/shop.bantam.ch\/de\/wp-json\/wp\/v2\/product\/63014","targetHints":{"allow":["GET"]}}],"collection":[{"href":"https:\/\/shop.bantam.ch\/de\/wp-json\/wp\/v2\/product"}],"about":[{"href":"https:\/\/shop.bantam.ch\/de\/wp-json\/wp\/v2\/types\/product"}],"wp:featuredmedia":[{"embeddable":true,"href":"https:\/\/shop.bantam.ch\/de\/wp-json\/wp\/v2\/media\/62984"}],"wp:attachment":[{"href":"https:\/\/shop.bantam.ch\/de\/wp-json\/wp\/v2\/media?parent=63014"}],"wp:term":[{"taxonomy":"product_featured_cat","embeddable":true,"href":"https:\/\/shop.bantam.ch\/de\/wp-json\/wp\/v2\/product_featured_cat?post=63014"},{"taxonomy":"product_brand","embeddable":true,"href":"https:\/\/shop.bantam.ch\/de\/wp-json\/wp\/v2\/product_brand?post=63014"},{"taxonomy":"product_cat","embeddable":true,"href":"https:\/\/shop.bantam.ch\/de\/wp-json\/wp\/v2\/product_cat?post=63014"},{"taxonomy":"product_tag","embeddable":true,"href":"https:\/\/shop.bantam.ch\/de\/wp-json\/wp\/v2\/product_tag?post=63014"}],"curies":[{"name":"wp","href":"https:\/\/api.w.org\/{rel}","templated":true}]}}