{"id":62868,"date":"2023-02-27T18:35:47","date_gmt":"2023-02-27T17:35:47","guid":{"rendered":"http:\/\/shop.bantam.ch\/produit\/rueckfahrvideosystem-tv-510\/"},"modified":"2026-04-17T21:08:26","modified_gmt":"2026-04-17T19:08:26","slug":"rueckfahrvideosystem-tv-510","status":"publish","type":"product","link":"https:\/\/shop.bantam.ch\/de\/produkt\/rueckfahrvideosystem-tv-510\/","title":{"rendered":"R\u00fcckfahrvideosystem Camos TV-510, schwarz"},"content":{"rendered":"<p>Monitor CM-510: <br \/>Dieser Monitor teilt sich das Geh\u00e4use mit dem CM-430, jedoch hat er nicht nur all die positiven Eigenschaften, sondern auch noch ein gr\u00f6\u00dferes Display in 5 &#8220; bei gleichbleibenden Geh\u00e4useabmessungen. Kompakt und kontrastreich, mit hervorragender Bildqualit\u00e4t. Das digitale Display \u00fcberzeugt mit hoher Aufl\u00f6sung und ansprechendem Design. <br \/>Kamera CM-49: <br \/>Die neue CM-49 Twin-Vue Kamera sorgt mit ihren 2 Linsen in einem Geh\u00e4use und Einkabell\u00f6sung f\u00fcr den optimalen Blick hinter das Fahrzeug. W\u00e4hrend der Fahrt kann die obere Linse mit 60\u00b0 Blickwinkel als R\u00fcckspiegelersatz genutzt werden. Legt man den R\u00fcckw\u00e4rtsgang ein, schaltet die Kamera auf die untere Linse mit 160\u00b0 Blickwinkel um, so dass das Fahrzeugheck zum Rangieren zu sehen ist.<\/p>\n<ul>\n<li>Ma\u00dfe Monitor: 14 x 8,3 x 2 cm (B x H x T)<\/li>\n<li>Ma\u00dfe Kamera: 7,8 x 5 x 4,3 cm (B x H x T)<\/li>\n<\/ul>\n","protected":false},"excerpt":{"rendered":"<p>Monitor CM-510: Dieser Monitor teilt sich das Geh\u00e4use mit dem CM-430, jedoch hat er nicht nur all die positiven Eigenschaften, sondern auch noch ein gr\u00f6\u00dferes Display in 5 &#8220; bei gleichbleibenden Geh\u00e4useabmessungen. Kompakt und kontrastreich, mit hervorragender Bildqualit\u00e4t. Das digitale Display \u00fcberzeugt mit hoher Aufl\u00f6sung und ansprechendem Design. Kamera CM-49: Die neue CM-49 Twin-Vue Kamera [&hellip;]<\/p>\n","protected":false},"featured_media":62864,"template":"","meta":{"_acf_changed":false},"product_featured_cat":[],"product_brand":[3207],"product_cat":[5154],"product_tag":[],"class_list":{"0":"post-62868","1":"product","2":"type-product","3":"status-publish","4":"has-post-thumbnail","6":"product_brand-camos-de","7":"product_cat-rueckfahrvideosystem-sets","9":"first","10":"instock","11":"taxable","12":"shipping-taxable","13":"purchasable","14":"product-type-simple"},"acf":[],"yoast_head":"<!-- This site is optimized with the Yoast SEO plugin v27.4 - https:\/\/yoast.com\/product\/yoast-seo-wordpress\/ -->\n<title>R\u00fcckfahrvideosystem Camos TV-510, schwarz - Bantam Camping AG<\/title>\n<meta name=\"robots\" content=\"index, follow, max-snippet:-1, max-image-preview:large, max-video-preview:-1\" \/>\n<link rel=\"canonical\" href=\"https:\/\/shop.bantam.ch\/de\/produkt\/rueckfahrvideosystem-tv-510\/\" \/>\n<meta property=\"og:locale\" content=\"de_DE\" \/>\n<meta property=\"og:type\" content=\"article\" \/>\n<meta property=\"og:title\" content=\"R\u00fcckfahrvideosystem Camos TV-510, schwarz - Bantam Camping AG\" \/>\n<meta property=\"og:description\" content=\"Monitor CM-510: Dieser Monitor teilt sich das Geh\u00e4use mit dem CM-430, jedoch hat er nicht nur all die positiven Eigenschaften, sondern auch noch ein gr\u00f6\u00dferes Display in 5 &#8220; bei gleichbleibenden Geh\u00e4useabmessungen. Kompakt und kontrastreich, mit hervorragender Bildqualit\u00e4t. Das digitale Display \u00fcberzeugt mit hoher Aufl\u00f6sung und ansprechendem Design. Kamera CM-49: Die neue CM-49 Twin-Vue Kamera [&hellip;]\" \/>\n<meta property=\"og:url\" content=\"https:\/\/shop.bantam.ch\/de\/produkt\/rueckfahrvideosystem-tv-510\/\" \/>\n<meta property=\"og:site_name\" content=\"Bantam Camping AG\" \/>\n<meta property=\"article:modified_time\" content=\"2026-04-17T19:08:26+00:00\" \/>\n<meta property=\"og:image\" content=\"https:\/\/shop.bantam.ch\/wp-content\/uploads\/2023\/02\/995167111-scaled.jpg\" \/>\n\t<meta property=\"og:image:width\" content=\"2048\" \/>\n\t<meta property=\"og:image:height\" content=\"1458\" \/>\n\t<meta property=\"og:image:type\" content=\"image\/jpeg\" \/>\n<meta name=\"twitter:card\" content=\"summary_large_image\" \/>\n<meta name=\"twitter:label1\" content=\"Gesch\u00e4tzte Lesezeit\" \/>\n\t<meta name=\"twitter:data1\" content=\"1\u00a0Minute\" \/>\n<script type=\"application\/ld+json\" class=\"yoast-schema-graph\">{\"@context\":\"https:\\\/\\\/schema.org\",\"@graph\":[{\"@type\":\"WebPage\",\"@id\":\"https:\\\/\\\/shop.bantam.ch\\\/de\\\/produkt\\\/rueckfahrvideosystem-tv-510\\\/\",\"url\":\"https:\\\/\\\/shop.bantam.ch\\\/de\\\/produkt\\\/rueckfahrvideosystem-tv-510\\\/\",\"name\":\"R\u00fcckfahrvideosystem Camos TV-510, schwarz - Bantam Camping AG\",\"isPartOf\":{\"@id\":\"https:\\\/\\\/shop.bantam.ch\\\/de\\\/#website\"},\"primaryImageOfPage\":{\"@id\":\"https:\\\/\\\/shop.bantam.ch\\\/de\\\/produkt\\\/rueckfahrvideosystem-tv-510\\\/#primaryimage\"},\"image\":{\"@id\":\"https:\\\/\\\/shop.bantam.ch\\\/de\\\/produkt\\\/rueckfahrvideosystem-tv-510\\\/#primaryimage\"},\"thumbnailUrl\":\"https:\\\/\\\/shop.bantam.ch\\\/wp-content\\\/uploads\\\/2023\\\/02\\\/995167111-scaled.jpg\",\"datePublished\":\"2023-02-27T17:35:47+00:00\",\"dateModified\":\"2026-04-17T19:08:26+00:00\",\"breadcrumb\":{\"@id\":\"https:\\\/\\\/shop.bantam.ch\\\/de\\\/produkt\\\/rueckfahrvideosystem-tv-510\\\/#breadcrumb\"},\"inLanguage\":\"de\",\"potentialAction\":[{\"@type\":\"ReadAction\",\"target\":[\"https:\\\/\\\/shop.bantam.ch\\\/de\\\/produkt\\\/rueckfahrvideosystem-tv-510\\\/\"]}]},{\"@type\":\"ImageObject\",\"inLanguage\":\"de\",\"@id\":\"https:\\\/\\\/shop.bantam.ch\\\/de\\\/produkt\\\/rueckfahrvideosystem-tv-510\\\/#primaryimage\",\"url\":\"https:\\\/\\\/shop.bantam.ch\\\/wp-content\\\/uploads\\\/2023\\\/02\\\/995167111-scaled.jpg\",\"contentUrl\":\"https:\\\/\\\/shop.bantam.ch\\\/wp-content\\\/uploads\\\/2023\\\/02\\\/995167111-scaled.jpg\",\"width\":2048,\"height\":1458},{\"@type\":\"BreadcrumbList\",\"@id\":\"https:\\\/\\\/shop.bantam.ch\\\/de\\\/produkt\\\/rueckfahrvideosystem-tv-510\\\/#breadcrumb\",\"itemListElement\":[{\"@type\":\"ListItem\",\"position\":1,\"name\":\"Accueil\",\"item\":\"https:\\\/\\\/shop.bantam.ch\\\/de\\\/\"},{\"@type\":\"ListItem\",\"position\":2,\"name\":\"Shop\",\"item\":\"https:\\\/\\\/shop.bantam.ch\\\/de\\\/shop\\\/\"},{\"@type\":\"ListItem\",\"position\":3,\"name\":\"R\u00fcckfahrvideosystem Camos TV-510, schwarz\"}]},{\"@type\":\"WebSite\",\"@id\":\"https:\\\/\\\/shop.bantam.ch\\\/de\\\/#website\",\"url\":\"https:\\\/\\\/shop.bantam.ch\\\/de\\\/\",\"name\":\"Bantam Camping AG\",\"description\":\"\",\"publisher\":{\"@id\":\"https:\\\/\\\/shop.bantam.ch\\\/de\\\/#organization\"},\"inLanguage\":\"de\"},{\"@type\":\"Organization\",\"@id\":\"https:\\\/\\\/shop.bantam.ch\\\/de\\\/#organization\",\"name\":\"Bantam Camping AG\",\"url\":\"https:\\\/\\\/shop.bantam.ch\\\/de\\\/\",\"logo\":{\"@type\":\"ImageObject\",\"inLanguage\":\"de\",\"@id\":\"https:\\\/\\\/shop.bantam.ch\\\/de\\\/#\\\/schema\\\/logo\\\/image\\\/\",\"url\":\"https:\\\/\\\/shop.bantam.ch\\\/wp-content\\\/uploads\\\/2022\\\/12\\\/bantam-logo.png\",\"contentUrl\":\"https:\\\/\\\/shop.bantam.ch\\\/wp-content\\\/uploads\\\/2022\\\/12\\\/bantam-logo.png\",\"width\":320,\"height\":71,\"caption\":\"Bantam Camping AG\"},\"image\":{\"@id\":\"https:\\\/\\\/shop.bantam.ch\\\/de\\\/#\\\/schema\\\/logo\\\/image\\\/\"}}]}<\/script>\n<!-- \/ Yoast SEO plugin. -->","yoast_head_json":{"title":"R\u00fcckfahrvideosystem Camos TV-510, schwarz - Bantam Camping AG","robots":{"index":"index","follow":"follow","max-snippet":"max-snippet:-1","max-image-preview":"max-image-preview:large","max-video-preview":"max-video-preview:-1"},"canonical":"https:\/\/shop.bantam.ch\/de\/produkt\/rueckfahrvideosystem-tv-510\/","og_locale":"de_DE","og_type":"article","og_title":"R\u00fcckfahrvideosystem Camos TV-510, schwarz - Bantam Camping AG","og_description":"Monitor CM-510: Dieser Monitor teilt sich das Geh\u00e4use mit dem CM-430, jedoch hat er nicht nur all die positiven Eigenschaften, sondern auch noch ein gr\u00f6\u00dferes Display in 5 &#8220; bei gleichbleibenden Geh\u00e4useabmessungen. Kompakt und kontrastreich, mit hervorragender Bildqualit\u00e4t. Das digitale Display \u00fcberzeugt mit hoher Aufl\u00f6sung und ansprechendem Design. Kamera CM-49: Die neue CM-49 Twin-Vue Kamera [&hellip;]","og_url":"https:\/\/shop.bantam.ch\/de\/produkt\/rueckfahrvideosystem-tv-510\/","og_site_name":"Bantam Camping AG","article_modified_time":"2026-04-17T19:08:26+00:00","og_image":[{"width":2048,"height":1458,"url":"https:\/\/shop.bantam.ch\/wp-content\/uploads\/2023\/02\/995167111-scaled.jpg","type":"image\/jpeg"}],"twitter_card":"summary_large_image","twitter_misc":{"Gesch\u00e4tzte Lesezeit":"1\u00a0Minute"},"schema":{"@context":"https:\/\/schema.org","@graph":[{"@type":"WebPage","@id":"https:\/\/shop.bantam.ch\/de\/produkt\/rueckfahrvideosystem-tv-510\/","url":"https:\/\/shop.bantam.ch\/de\/produkt\/rueckfahrvideosystem-tv-510\/","name":"R\u00fcckfahrvideosystem Camos TV-510, schwarz - Bantam Camping AG","isPartOf":{"@id":"https:\/\/shop.bantam.ch\/de\/#website"},"primaryImageOfPage":{"@id":"https:\/\/shop.bantam.ch\/de\/produkt\/rueckfahrvideosystem-tv-510\/#primaryimage"},"image":{"@id":"https:\/\/shop.bantam.ch\/de\/produkt\/rueckfahrvideosystem-tv-510\/#primaryimage"},"thumbnailUrl":"https:\/\/shop.bantam.ch\/wp-content\/uploads\/2023\/02\/995167111-scaled.jpg","datePublished":"2023-02-27T17:35:47+00:00","dateModified":"2026-04-17T19:08:26+00:00","breadcrumb":{"@id":"https:\/\/shop.bantam.ch\/de\/produkt\/rueckfahrvideosystem-tv-510\/#breadcrumb"},"inLanguage":"de","potentialAction":[{"@type":"ReadAction","target":["https:\/\/shop.bantam.ch\/de\/produkt\/rueckfahrvideosystem-tv-510\/"]}]},{"@type":"ImageObject","inLanguage":"de","@id":"https:\/\/shop.bantam.ch\/de\/produkt\/rueckfahrvideosystem-tv-510\/#primaryimage","url":"https:\/\/shop.bantam.ch\/wp-content\/uploads\/2023\/02\/995167111-scaled.jpg","contentUrl":"https:\/\/shop.bantam.ch\/wp-content\/uploads\/2023\/02\/995167111-scaled.jpg","width":2048,"height":1458},{"@type":"BreadcrumbList","@id":"https:\/\/shop.bantam.ch\/de\/produkt\/rueckfahrvideosystem-tv-510\/#breadcrumb","itemListElement":[{"@type":"ListItem","position":1,"name":"Accueil","item":"https:\/\/shop.bantam.ch\/de\/"},{"@type":"ListItem","position":2,"name":"Shop","item":"https:\/\/shop.bantam.ch\/de\/shop\/"},{"@type":"ListItem","position":3,"name":"R\u00fcckfahrvideosystem Camos TV-510, schwarz"}]},{"@type":"WebSite","@id":"https:\/\/shop.bantam.ch\/de\/#website","url":"https:\/\/shop.bantam.ch\/de\/","name":"Bantam Camping AG","description":"","publisher":{"@id":"https:\/\/shop.bantam.ch\/de\/#organization"},"inLanguage":"de"},{"@type":"Organization","@id":"https:\/\/shop.bantam.ch\/de\/#organization","name":"Bantam Camping AG","url":"https:\/\/shop.bantam.ch\/de\/","logo":{"@type":"ImageObject","inLanguage":"de","@id":"https:\/\/shop.bantam.ch\/de\/#\/schema\/logo\/image\/","url":"https:\/\/shop.bantam.ch\/wp-content\/uploads\/2022\/12\/bantam-logo.png","contentUrl":"https:\/\/shop.bantam.ch\/wp-content\/uploads\/2022\/12\/bantam-logo.png","width":320,"height":71,"caption":"Bantam Camping AG"},"image":{"@id":"https:\/\/shop.bantam.ch\/de\/#\/schema\/logo\/image\/"}}]}},"_links":{"self":[{"href":"https:\/\/shop.bantam.ch\/de\/wp-json\/wp\/v2\/product\/62868","targetHints":{"allow":["GET"]}}],"collection":[{"href":"https:\/\/shop.bantam.ch\/de\/wp-json\/wp\/v2\/product"}],"about":[{"href":"https:\/\/shop.bantam.ch\/de\/wp-json\/wp\/v2\/types\/product"}],"wp:featuredmedia":[{"embeddable":true,"href":"https:\/\/shop.bantam.ch\/de\/wp-json\/wp\/v2\/media\/62864"}],"wp:attachment":[{"href":"https:\/\/shop.bantam.ch\/de\/wp-json\/wp\/v2\/media?parent=62868"}],"wp:term":[{"taxonomy":"product_featured_cat","embeddable":true,"href":"https:\/\/shop.bantam.ch\/de\/wp-json\/wp\/v2\/product_featured_cat?post=62868"},{"taxonomy":"product_brand","embeddable":true,"href":"https:\/\/shop.bantam.ch\/de\/wp-json\/wp\/v2\/product_brand?post=62868"},{"taxonomy":"product_cat","embeddable":true,"href":"https:\/\/shop.bantam.ch\/de\/wp-json\/wp\/v2\/product_cat?post=62868"},{"taxonomy":"product_tag","embeddable":true,"href":"https:\/\/shop.bantam.ch\/de\/wp-json\/wp\/v2\/product_tag?post=62868"}],"curies":[{"name":"wp","href":"https:\/\/api.w.org\/{rel}","templated":true}]}}