{"id":62738,"date":"2023-02-27T18:33:20","date_gmt":"2023-02-27T17:33:20","guid":{"rendered":"http:\/\/shop.bantam.ch\/produit\/auffahrkeil-wedge-level-inkl-unterlegkeil-wedge-level-chock\/"},"modified":"2026-04-18T21:08:32","modified_gmt":"2026-04-18T19:08:32","slug":"auffahrkeil-wedge-level-inkl-unterlegkeil-wedge-level-chock","status":"publish","type":"product","link":"https:\/\/shop.bantam.ch\/de\/produkt\/auffahrkeil-wedge-level-inkl-unterlegkeil-wedge-level-chock\/","title":{"rendered":"Auffahrkeil MGI Wedge Level inkl. Unterlegkeil Wedge Level Chock"},"content":{"rendered":"<p>Auffahrkeil f\u00fcr Wohnwagen und Reisemobil mit gro\u00dfer Grundfl\u00e4che um Einsinken in weichem Boden vorzubeugen. Die patentierten Auffahrfl\u00e4che bewirkt, dass der Keil nicht wegrutscht wenn keine Gripmatte verwendet wird. Mit Hilfe des Unterlegkeils kann das Fahrzeug optimal gesichert werden und die Auflagefl\u00e4che des Keils erweitert werden.<\/p>\n<ul>\n<li>Gewicht: 1,28 kg<\/li>\n<\/ul>\n<p>\u00a0<\/p>\n<p>\u00a0<\/p>\n","protected":false},"excerpt":{"rendered":"<p>Auffahrkeil f\u00fcr Wohnwagen und Reisemobil mit gro\u00dfer Grundfl\u00e4che um Einsinken in weichem Boden vorzubeugen. Die patentierten Auffahrfl\u00e4che bewirkt, dass der Keil nicht wegrutscht wenn keine Gripmatte verwendet wird. Mit Hilfe des Unterlegkeils kann das Fahrzeug optimal gesichert werden und die Auflagefl\u00e4che des Keils erweitert werden. Gewicht: 1,28 kg \u00a0 \u00a0<\/p>\n","protected":false},"featured_media":62736,"template":"","meta":{"_acf_changed":false},"product_featured_cat":[],"product_brand":[3195],"product_cat":[4770],"product_tag":[],"class_list":{"0":"post-62738","1":"product","2":"type-product","3":"status-publish","4":"has-post-thumbnail","6":"product_brand-mgi-de","7":"product_cat-auffahrkeile","9":"first","10":"instock","11":"taxable","12":"shipping-taxable","13":"purchasable","14":"product-type-simple"},"acf":[],"yoast_head":"<!-- This site is optimized with the Yoast SEO plugin v27.4 - https:\/\/yoast.com\/product\/yoast-seo-wordpress\/ -->\n<title>Auffahrkeil MGI Wedge Level inkl. Unterlegkeil Wedge Level Chock - Bantam Camping AG<\/title>\n<meta name=\"robots\" content=\"index, follow, max-snippet:-1, max-image-preview:large, max-video-preview:-1\" \/>\n<link rel=\"canonical\" href=\"https:\/\/shop.bantam.ch\/de\/produkt\/auffahrkeil-wedge-level-inkl-unterlegkeil-wedge-level-chock\/\" \/>\n<meta property=\"og:locale\" content=\"de_DE\" \/>\n<meta property=\"og:type\" content=\"article\" \/>\n<meta property=\"og:title\" content=\"Auffahrkeil MGI Wedge Level inkl. Unterlegkeil Wedge Level Chock - Bantam Camping AG\" \/>\n<meta property=\"og:description\" content=\"Auffahrkeil f\u00fcr Wohnwagen und Reisemobil mit gro\u00dfer Grundfl\u00e4che um Einsinken in weichem Boden vorzubeugen. Die patentierten Auffahrfl\u00e4che bewirkt, dass der Keil nicht wegrutscht wenn keine Gripmatte verwendet wird. Mit Hilfe des Unterlegkeils kann das Fahrzeug optimal gesichert werden und die Auflagefl\u00e4che des Keils erweitert werden. Gewicht: 1,28 kg \u00a0 \u00a0\" \/>\n<meta property=\"og:url\" content=\"https:\/\/shop.bantam.ch\/de\/produkt\/auffahrkeil-wedge-level-inkl-unterlegkeil-wedge-level-chock\/\" \/>\n<meta property=\"og:site_name\" content=\"Bantam Camping AG\" \/>\n<meta property=\"article:modified_time\" content=\"2026-04-18T19:08:32+00:00\" \/>\n<meta property=\"og:image\" content=\"https:\/\/shop.bantam.ch\/wp-content\/uploads\/2023\/02\/9940842-100-1-3.jpg\" \/>\n\t<meta property=\"og:image:width\" content=\"1000\" \/>\n\t<meta property=\"og:image:height\" content=\"667\" \/>\n\t<meta property=\"og:image:type\" content=\"image\/jpeg\" \/>\n<meta name=\"twitter:card\" content=\"summary_large_image\" \/>\n<script type=\"application\/ld+json\" class=\"yoast-schema-graph\">{\"@context\":\"https:\\\/\\\/schema.org\",\"@graph\":[{\"@type\":\"WebPage\",\"@id\":\"https:\\\/\\\/shop.bantam.ch\\\/de\\\/produkt\\\/auffahrkeil-wedge-level-inkl-unterlegkeil-wedge-level-chock\\\/\",\"url\":\"https:\\\/\\\/shop.bantam.ch\\\/de\\\/produkt\\\/auffahrkeil-wedge-level-inkl-unterlegkeil-wedge-level-chock\\\/\",\"name\":\"Auffahrkeil MGI Wedge Level inkl. Unterlegkeil Wedge Level Chock - Bantam Camping AG\",\"isPartOf\":{\"@id\":\"https:\\\/\\\/shop.bantam.ch\\\/de\\\/#website\"},\"primaryImageOfPage\":{\"@id\":\"https:\\\/\\\/shop.bantam.ch\\\/de\\\/produkt\\\/auffahrkeil-wedge-level-inkl-unterlegkeil-wedge-level-chock\\\/#primaryimage\"},\"image\":{\"@id\":\"https:\\\/\\\/shop.bantam.ch\\\/de\\\/produkt\\\/auffahrkeil-wedge-level-inkl-unterlegkeil-wedge-level-chock\\\/#primaryimage\"},\"thumbnailUrl\":\"https:\\\/\\\/shop.bantam.ch\\\/wp-content\\\/uploads\\\/2023\\\/02\\\/9940842-100-1-3.jpg\",\"datePublished\":\"2023-02-27T17:33:20+00:00\",\"dateModified\":\"2026-04-18T19:08:32+00:00\",\"breadcrumb\":{\"@id\":\"https:\\\/\\\/shop.bantam.ch\\\/de\\\/produkt\\\/auffahrkeil-wedge-level-inkl-unterlegkeil-wedge-level-chock\\\/#breadcrumb\"},\"inLanguage\":\"de\",\"potentialAction\":[{\"@type\":\"ReadAction\",\"target\":[\"https:\\\/\\\/shop.bantam.ch\\\/de\\\/produkt\\\/auffahrkeil-wedge-level-inkl-unterlegkeil-wedge-level-chock\\\/\"]}]},{\"@type\":\"ImageObject\",\"inLanguage\":\"de\",\"@id\":\"https:\\\/\\\/shop.bantam.ch\\\/de\\\/produkt\\\/auffahrkeil-wedge-level-inkl-unterlegkeil-wedge-level-chock\\\/#primaryimage\",\"url\":\"https:\\\/\\\/shop.bantam.ch\\\/wp-content\\\/uploads\\\/2023\\\/02\\\/9940842-100-1-3.jpg\",\"contentUrl\":\"https:\\\/\\\/shop.bantam.ch\\\/wp-content\\\/uploads\\\/2023\\\/02\\\/9940842-100-1-3.jpg\",\"width\":1000,\"height\":667},{\"@type\":\"BreadcrumbList\",\"@id\":\"https:\\\/\\\/shop.bantam.ch\\\/de\\\/produkt\\\/auffahrkeil-wedge-level-inkl-unterlegkeil-wedge-level-chock\\\/#breadcrumb\",\"itemListElement\":[{\"@type\":\"ListItem\",\"position\":1,\"name\":\"Accueil\",\"item\":\"https:\\\/\\\/shop.bantam.ch\\\/de\\\/\"},{\"@type\":\"ListItem\",\"position\":2,\"name\":\"Shop\",\"item\":\"https:\\\/\\\/shop.bantam.ch\\\/de\\\/shop\\\/\"},{\"@type\":\"ListItem\",\"position\":3,\"name\":\"Auffahrkeil MGI Wedge Level inkl. Unterlegkeil Wedge Level Chock\"}]},{\"@type\":\"WebSite\",\"@id\":\"https:\\\/\\\/shop.bantam.ch\\\/de\\\/#website\",\"url\":\"https:\\\/\\\/shop.bantam.ch\\\/de\\\/\",\"name\":\"Bantam Camping AG\",\"description\":\"\",\"publisher\":{\"@id\":\"https:\\\/\\\/shop.bantam.ch\\\/de\\\/#organization\"},\"inLanguage\":\"de\"},{\"@type\":\"Organization\",\"@id\":\"https:\\\/\\\/shop.bantam.ch\\\/de\\\/#organization\",\"name\":\"Bantam Camping AG\",\"url\":\"https:\\\/\\\/shop.bantam.ch\\\/de\\\/\",\"logo\":{\"@type\":\"ImageObject\",\"inLanguage\":\"de\",\"@id\":\"https:\\\/\\\/shop.bantam.ch\\\/de\\\/#\\\/schema\\\/logo\\\/image\\\/\",\"url\":\"https:\\\/\\\/shop.bantam.ch\\\/wp-content\\\/uploads\\\/2022\\\/12\\\/bantam-logo.png\",\"contentUrl\":\"https:\\\/\\\/shop.bantam.ch\\\/wp-content\\\/uploads\\\/2022\\\/12\\\/bantam-logo.png\",\"width\":320,\"height\":71,\"caption\":\"Bantam Camping AG\"},\"image\":{\"@id\":\"https:\\\/\\\/shop.bantam.ch\\\/de\\\/#\\\/schema\\\/logo\\\/image\\\/\"}}]}<\/script>\n<!-- \/ Yoast SEO plugin. -->","yoast_head_json":{"title":"Auffahrkeil MGI Wedge Level inkl. Unterlegkeil Wedge Level Chock - Bantam Camping AG","robots":{"index":"index","follow":"follow","max-snippet":"max-snippet:-1","max-image-preview":"max-image-preview:large","max-video-preview":"max-video-preview:-1"},"canonical":"https:\/\/shop.bantam.ch\/de\/produkt\/auffahrkeil-wedge-level-inkl-unterlegkeil-wedge-level-chock\/","og_locale":"de_DE","og_type":"article","og_title":"Auffahrkeil MGI Wedge Level inkl. Unterlegkeil Wedge Level Chock - Bantam Camping AG","og_description":"Auffahrkeil f\u00fcr Wohnwagen und Reisemobil mit gro\u00dfer Grundfl\u00e4che um Einsinken in weichem Boden vorzubeugen. Die patentierten Auffahrfl\u00e4che bewirkt, dass der Keil nicht wegrutscht wenn keine Gripmatte verwendet wird. Mit Hilfe des Unterlegkeils kann das Fahrzeug optimal gesichert werden und die Auflagefl\u00e4che des Keils erweitert werden. Gewicht: 1,28 kg \u00a0 \u00a0","og_url":"https:\/\/shop.bantam.ch\/de\/produkt\/auffahrkeil-wedge-level-inkl-unterlegkeil-wedge-level-chock\/","og_site_name":"Bantam Camping AG","article_modified_time":"2026-04-18T19:08:32+00:00","og_image":[{"width":1000,"height":667,"url":"https:\/\/shop.bantam.ch\/wp-content\/uploads\/2023\/02\/9940842-100-1-3.jpg","type":"image\/jpeg"}],"twitter_card":"summary_large_image","schema":{"@context":"https:\/\/schema.org","@graph":[{"@type":"WebPage","@id":"https:\/\/shop.bantam.ch\/de\/produkt\/auffahrkeil-wedge-level-inkl-unterlegkeil-wedge-level-chock\/","url":"https:\/\/shop.bantam.ch\/de\/produkt\/auffahrkeil-wedge-level-inkl-unterlegkeil-wedge-level-chock\/","name":"Auffahrkeil MGI Wedge Level inkl. Unterlegkeil Wedge Level Chock - Bantam Camping AG","isPartOf":{"@id":"https:\/\/shop.bantam.ch\/de\/#website"},"primaryImageOfPage":{"@id":"https:\/\/shop.bantam.ch\/de\/produkt\/auffahrkeil-wedge-level-inkl-unterlegkeil-wedge-level-chock\/#primaryimage"},"image":{"@id":"https:\/\/shop.bantam.ch\/de\/produkt\/auffahrkeil-wedge-level-inkl-unterlegkeil-wedge-level-chock\/#primaryimage"},"thumbnailUrl":"https:\/\/shop.bantam.ch\/wp-content\/uploads\/2023\/02\/9940842-100-1-3.jpg","datePublished":"2023-02-27T17:33:20+00:00","dateModified":"2026-04-18T19:08:32+00:00","breadcrumb":{"@id":"https:\/\/shop.bantam.ch\/de\/produkt\/auffahrkeil-wedge-level-inkl-unterlegkeil-wedge-level-chock\/#breadcrumb"},"inLanguage":"de","potentialAction":[{"@type":"ReadAction","target":["https:\/\/shop.bantam.ch\/de\/produkt\/auffahrkeil-wedge-level-inkl-unterlegkeil-wedge-level-chock\/"]}]},{"@type":"ImageObject","inLanguage":"de","@id":"https:\/\/shop.bantam.ch\/de\/produkt\/auffahrkeil-wedge-level-inkl-unterlegkeil-wedge-level-chock\/#primaryimage","url":"https:\/\/shop.bantam.ch\/wp-content\/uploads\/2023\/02\/9940842-100-1-3.jpg","contentUrl":"https:\/\/shop.bantam.ch\/wp-content\/uploads\/2023\/02\/9940842-100-1-3.jpg","width":1000,"height":667},{"@type":"BreadcrumbList","@id":"https:\/\/shop.bantam.ch\/de\/produkt\/auffahrkeil-wedge-level-inkl-unterlegkeil-wedge-level-chock\/#breadcrumb","itemListElement":[{"@type":"ListItem","position":1,"name":"Accueil","item":"https:\/\/shop.bantam.ch\/de\/"},{"@type":"ListItem","position":2,"name":"Shop","item":"https:\/\/shop.bantam.ch\/de\/shop\/"},{"@type":"ListItem","position":3,"name":"Auffahrkeil MGI Wedge Level inkl. Unterlegkeil Wedge Level Chock"}]},{"@type":"WebSite","@id":"https:\/\/shop.bantam.ch\/de\/#website","url":"https:\/\/shop.bantam.ch\/de\/","name":"Bantam Camping AG","description":"","publisher":{"@id":"https:\/\/shop.bantam.ch\/de\/#organization"},"inLanguage":"de"},{"@type":"Organization","@id":"https:\/\/shop.bantam.ch\/de\/#organization","name":"Bantam Camping AG","url":"https:\/\/shop.bantam.ch\/de\/","logo":{"@type":"ImageObject","inLanguage":"de","@id":"https:\/\/shop.bantam.ch\/de\/#\/schema\/logo\/image\/","url":"https:\/\/shop.bantam.ch\/wp-content\/uploads\/2022\/12\/bantam-logo.png","contentUrl":"https:\/\/shop.bantam.ch\/wp-content\/uploads\/2022\/12\/bantam-logo.png","width":320,"height":71,"caption":"Bantam Camping AG"},"image":{"@id":"https:\/\/shop.bantam.ch\/de\/#\/schema\/logo\/image\/"}}]}},"_links":{"self":[{"href":"https:\/\/shop.bantam.ch\/de\/wp-json\/wp\/v2\/product\/62738","targetHints":{"allow":["GET"]}}],"collection":[{"href":"https:\/\/shop.bantam.ch\/de\/wp-json\/wp\/v2\/product"}],"about":[{"href":"https:\/\/shop.bantam.ch\/de\/wp-json\/wp\/v2\/types\/product"}],"wp:featuredmedia":[{"embeddable":true,"href":"https:\/\/shop.bantam.ch\/de\/wp-json\/wp\/v2\/media\/62736"}],"wp:attachment":[{"href":"https:\/\/shop.bantam.ch\/de\/wp-json\/wp\/v2\/media?parent=62738"}],"wp:term":[{"taxonomy":"product_featured_cat","embeddable":true,"href":"https:\/\/shop.bantam.ch\/de\/wp-json\/wp\/v2\/product_featured_cat?post=62738"},{"taxonomy":"product_brand","embeddable":true,"href":"https:\/\/shop.bantam.ch\/de\/wp-json\/wp\/v2\/product_brand?post=62738"},{"taxonomy":"product_cat","embeddable":true,"href":"https:\/\/shop.bantam.ch\/de\/wp-json\/wp\/v2\/product_cat?post=62738"},{"taxonomy":"product_tag","embeddable":true,"href":"https:\/\/shop.bantam.ch\/de\/wp-json\/wp\/v2\/product_tag?post=62738"}],"curies":[{"name":"wp","href":"https:\/\/api.w.org\/{rel}","templated":true}]}}