{"id":62679,"date":"2023-02-27T18:31:54","date_gmt":"2023-02-27T17:31:54","guid":{"rendered":"http:\/\/shop.bantam.ch\/produit\/thermohaube-zu-dachzelt-airpass-und-airpass-view\/"},"modified":"2026-04-19T21:51:09","modified_gmt":"2026-04-19T19:51:09","slug":"thermohaube-zu-dachzelt-airpass-und-airpass-view","status":"publish","type":"product","link":"https:\/\/shop.bantam.ch\/de\/produkt\/thermohaube-zu-dachzelt-airpass-und-airpass-view\/","title":{"rendered":"Thermohaube zu Dachzelt AirPass und AirPass View"},"content":{"rendered":"<p>Exzellenter zus\u00e4tzlicher Schutz vor zu starker Sonneneinstrahlung und zus\u00e4tzliche Isolation bei k\u00e4lteren Temperaturen. Schnelle und einfache Anbringung mit Hilfe von Velcro Strips. Muss nicht entfernt werden, wenn das Dachzelt wieder geschlossen wird. Einsatz nur bei tagelangem Dauerregen oder K\u00e4lte empfohlen.<\/p>\n<p>Material:<br \/>100 % Polyester (mit PU-Beschichtung)<\/p>\n","protected":false},"excerpt":{"rendered":"<p>Exzellenter zus\u00e4tzlicher Schutz vor zu starker Sonneneinstrahlung und zus\u00e4tzliche Isolation bei k\u00e4lteren Temperaturen. Schnelle und einfache Anbringung mit Hilfe von Velcro Strips. Muss nicht entfernt werden, wenn das Dachzelt wieder geschlossen wird. Einsatz nur bei tagelangem Dauerregen oder K\u00e4lte empfohlen. Material:100 % Polyester (mit PU-Beschichtung)<\/p>\n","protected":false},"featured_media":62658,"template":"","meta":{"_acf_changed":false},"product_featured_cat":[],"product_brand":[3405],"product_cat":[4244],"product_tag":[],"class_list":{"0":"post-62679","1":"product","2":"type-product","3":"status-publish","4":"has-post-thumbnail","6":"product_brand-airpass-by-autohome-de","7":"product_cat-dachzelte","9":"first","10":"instock","11":"taxable","12":"shipping-taxable","13":"purchasable","14":"product-type-variable"},"acf":[],"yoast_head":"<!-- This site is optimized with the Yoast SEO plugin v27.4 - https:\/\/yoast.com\/product\/yoast-seo-wordpress\/ -->\n<title>Thermohaube zu Dachzelt AirPass und AirPass View - Bantam Camping AG<\/title>\n<meta name=\"robots\" content=\"index, follow, max-snippet:-1, max-image-preview:large, max-video-preview:-1\" \/>\n<link rel=\"canonical\" href=\"https:\/\/shop.bantam.ch\/de\/produkt\/thermohaube-zu-dachzelt-airpass-und-airpass-view\/\" \/>\n<meta property=\"og:locale\" content=\"de_DE\" \/>\n<meta property=\"og:type\" content=\"article\" \/>\n<meta property=\"og:title\" content=\"Thermohaube zu Dachzelt AirPass und AirPass View - Bantam Camping AG\" \/>\n<meta property=\"og:description\" content=\"Exzellenter zus\u00e4tzlicher Schutz vor zu starker Sonneneinstrahlung und zus\u00e4tzliche Isolation bei k\u00e4lteren Temperaturen. Schnelle und einfache Anbringung mit Hilfe von Velcro Strips. Muss nicht entfernt werden, wenn das Dachzelt wieder geschlossen wird. Einsatz nur bei tagelangem Dauerregen oder K\u00e4lte empfohlen. Material:100 % Polyester (mit PU-Beschichtung)\" \/>\n<meta property=\"og:url\" content=\"https:\/\/shop.bantam.ch\/de\/produkt\/thermohaube-zu-dachzelt-airpass-und-airpass-view\/\" \/>\n<meta property=\"og:site_name\" content=\"Bantam Camping AG\" \/>\n<meta property=\"article:modified_time\" content=\"2026-04-19T19:51:09+00:00\" \/>\n<meta property=\"og:image\" content=\"https:\/\/shop.bantam.ch\/wp-content\/uploads\/2023\/02\/9940865-100-1-3.jpg\" \/>\n\t<meta property=\"og:image:width\" content=\"1000\" \/>\n\t<meta property=\"og:image:height\" content=\"631\" \/>\n\t<meta property=\"og:image:type\" content=\"image\/jpeg\" \/>\n<meta name=\"twitter:card\" content=\"summary_large_image\" \/>\n<script type=\"application\/ld+json\" class=\"yoast-schema-graph\">{\"@context\":\"https:\\\/\\\/schema.org\",\"@graph\":[{\"@type\":\"WebPage\",\"@id\":\"https:\\\/\\\/shop.bantam.ch\\\/de\\\/produkt\\\/thermohaube-zu-dachzelt-airpass-und-airpass-view\\\/\",\"url\":\"https:\\\/\\\/shop.bantam.ch\\\/de\\\/produkt\\\/thermohaube-zu-dachzelt-airpass-und-airpass-view\\\/\",\"name\":\"Thermohaube zu Dachzelt AirPass und AirPass View - Bantam Camping AG\",\"isPartOf\":{\"@id\":\"https:\\\/\\\/shop.bantam.ch\\\/de\\\/#website\"},\"primaryImageOfPage\":{\"@id\":\"https:\\\/\\\/shop.bantam.ch\\\/de\\\/produkt\\\/thermohaube-zu-dachzelt-airpass-und-airpass-view\\\/#primaryimage\"},\"image\":{\"@id\":\"https:\\\/\\\/shop.bantam.ch\\\/de\\\/produkt\\\/thermohaube-zu-dachzelt-airpass-und-airpass-view\\\/#primaryimage\"},\"thumbnailUrl\":\"https:\\\/\\\/shop.bantam.ch\\\/wp-content\\\/uploads\\\/2023\\\/02\\\/9940865-100-1-3.jpg\",\"datePublished\":\"2023-02-27T17:31:54+00:00\",\"dateModified\":\"2026-04-19T19:51:09+00:00\",\"breadcrumb\":{\"@id\":\"https:\\\/\\\/shop.bantam.ch\\\/de\\\/produkt\\\/thermohaube-zu-dachzelt-airpass-und-airpass-view\\\/#breadcrumb\"},\"inLanguage\":\"de\",\"potentialAction\":[{\"@type\":\"ReadAction\",\"target\":[\"https:\\\/\\\/shop.bantam.ch\\\/de\\\/produkt\\\/thermohaube-zu-dachzelt-airpass-und-airpass-view\\\/\"]}]},{\"@type\":\"ImageObject\",\"inLanguage\":\"de\",\"@id\":\"https:\\\/\\\/shop.bantam.ch\\\/de\\\/produkt\\\/thermohaube-zu-dachzelt-airpass-und-airpass-view\\\/#primaryimage\",\"url\":\"https:\\\/\\\/shop.bantam.ch\\\/wp-content\\\/uploads\\\/2023\\\/02\\\/9940865-100-1-3.jpg\",\"contentUrl\":\"https:\\\/\\\/shop.bantam.ch\\\/wp-content\\\/uploads\\\/2023\\\/02\\\/9940865-100-1-3.jpg\",\"width\":1000,\"height\":631},{\"@type\":\"BreadcrumbList\",\"@id\":\"https:\\\/\\\/shop.bantam.ch\\\/de\\\/produkt\\\/thermohaube-zu-dachzelt-airpass-und-airpass-view\\\/#breadcrumb\",\"itemListElement\":[{\"@type\":\"ListItem\",\"position\":1,\"name\":\"Accueil\",\"item\":\"https:\\\/\\\/shop.bantam.ch\\\/de\\\/\"},{\"@type\":\"ListItem\",\"position\":2,\"name\":\"Shop\",\"item\":\"https:\\\/\\\/shop.bantam.ch\\\/de\\\/shop\\\/\"},{\"@type\":\"ListItem\",\"position\":3,\"name\":\"Thermohaube zu Dachzelt AirPass und AirPass View\"}]},{\"@type\":\"WebSite\",\"@id\":\"https:\\\/\\\/shop.bantam.ch\\\/de\\\/#website\",\"url\":\"https:\\\/\\\/shop.bantam.ch\\\/de\\\/\",\"name\":\"Bantam Camping AG\",\"description\":\"\",\"publisher\":{\"@id\":\"https:\\\/\\\/shop.bantam.ch\\\/de\\\/#organization\"},\"inLanguage\":\"de\"},{\"@type\":\"Organization\",\"@id\":\"https:\\\/\\\/shop.bantam.ch\\\/de\\\/#organization\",\"name\":\"Bantam Camping AG\",\"url\":\"https:\\\/\\\/shop.bantam.ch\\\/de\\\/\",\"logo\":{\"@type\":\"ImageObject\",\"inLanguage\":\"de\",\"@id\":\"https:\\\/\\\/shop.bantam.ch\\\/de\\\/#\\\/schema\\\/logo\\\/image\\\/\",\"url\":\"https:\\\/\\\/shop.bantam.ch\\\/wp-content\\\/uploads\\\/2022\\\/12\\\/bantam-logo.png\",\"contentUrl\":\"https:\\\/\\\/shop.bantam.ch\\\/wp-content\\\/uploads\\\/2022\\\/12\\\/bantam-logo.png\",\"width\":320,\"height\":71,\"caption\":\"Bantam Camping AG\"},\"image\":{\"@id\":\"https:\\\/\\\/shop.bantam.ch\\\/de\\\/#\\\/schema\\\/logo\\\/image\\\/\"}}]}<\/script>\n<!-- \/ Yoast SEO plugin. -->","yoast_head_json":{"title":"Thermohaube zu Dachzelt AirPass und AirPass View - Bantam Camping AG","robots":{"index":"index","follow":"follow","max-snippet":"max-snippet:-1","max-image-preview":"max-image-preview:large","max-video-preview":"max-video-preview:-1"},"canonical":"https:\/\/shop.bantam.ch\/de\/produkt\/thermohaube-zu-dachzelt-airpass-und-airpass-view\/","og_locale":"de_DE","og_type":"article","og_title":"Thermohaube zu Dachzelt AirPass und AirPass View - Bantam Camping AG","og_description":"Exzellenter zus\u00e4tzlicher Schutz vor zu starker Sonneneinstrahlung und zus\u00e4tzliche Isolation bei k\u00e4lteren Temperaturen. Schnelle und einfache Anbringung mit Hilfe von Velcro Strips. Muss nicht entfernt werden, wenn das Dachzelt wieder geschlossen wird. Einsatz nur bei tagelangem Dauerregen oder K\u00e4lte empfohlen. Material:100 % Polyester (mit PU-Beschichtung)","og_url":"https:\/\/shop.bantam.ch\/de\/produkt\/thermohaube-zu-dachzelt-airpass-und-airpass-view\/","og_site_name":"Bantam Camping AG","article_modified_time":"2026-04-19T19:51:09+00:00","og_image":[{"width":1000,"height":631,"url":"https:\/\/shop.bantam.ch\/wp-content\/uploads\/2023\/02\/9940865-100-1-3.jpg","type":"image\/jpeg"}],"twitter_card":"summary_large_image","schema":{"@context":"https:\/\/schema.org","@graph":[{"@type":"WebPage","@id":"https:\/\/shop.bantam.ch\/de\/produkt\/thermohaube-zu-dachzelt-airpass-und-airpass-view\/","url":"https:\/\/shop.bantam.ch\/de\/produkt\/thermohaube-zu-dachzelt-airpass-und-airpass-view\/","name":"Thermohaube zu Dachzelt AirPass und AirPass View - Bantam Camping AG","isPartOf":{"@id":"https:\/\/shop.bantam.ch\/de\/#website"},"primaryImageOfPage":{"@id":"https:\/\/shop.bantam.ch\/de\/produkt\/thermohaube-zu-dachzelt-airpass-und-airpass-view\/#primaryimage"},"image":{"@id":"https:\/\/shop.bantam.ch\/de\/produkt\/thermohaube-zu-dachzelt-airpass-und-airpass-view\/#primaryimage"},"thumbnailUrl":"https:\/\/shop.bantam.ch\/wp-content\/uploads\/2023\/02\/9940865-100-1-3.jpg","datePublished":"2023-02-27T17:31:54+00:00","dateModified":"2026-04-19T19:51:09+00:00","breadcrumb":{"@id":"https:\/\/shop.bantam.ch\/de\/produkt\/thermohaube-zu-dachzelt-airpass-und-airpass-view\/#breadcrumb"},"inLanguage":"de","potentialAction":[{"@type":"ReadAction","target":["https:\/\/shop.bantam.ch\/de\/produkt\/thermohaube-zu-dachzelt-airpass-und-airpass-view\/"]}]},{"@type":"ImageObject","inLanguage":"de","@id":"https:\/\/shop.bantam.ch\/de\/produkt\/thermohaube-zu-dachzelt-airpass-und-airpass-view\/#primaryimage","url":"https:\/\/shop.bantam.ch\/wp-content\/uploads\/2023\/02\/9940865-100-1-3.jpg","contentUrl":"https:\/\/shop.bantam.ch\/wp-content\/uploads\/2023\/02\/9940865-100-1-3.jpg","width":1000,"height":631},{"@type":"BreadcrumbList","@id":"https:\/\/shop.bantam.ch\/de\/produkt\/thermohaube-zu-dachzelt-airpass-und-airpass-view\/#breadcrumb","itemListElement":[{"@type":"ListItem","position":1,"name":"Accueil","item":"https:\/\/shop.bantam.ch\/de\/"},{"@type":"ListItem","position":2,"name":"Shop","item":"https:\/\/shop.bantam.ch\/de\/shop\/"},{"@type":"ListItem","position":3,"name":"Thermohaube zu Dachzelt AirPass und AirPass View"}]},{"@type":"WebSite","@id":"https:\/\/shop.bantam.ch\/de\/#website","url":"https:\/\/shop.bantam.ch\/de\/","name":"Bantam Camping AG","description":"","publisher":{"@id":"https:\/\/shop.bantam.ch\/de\/#organization"},"inLanguage":"de"},{"@type":"Organization","@id":"https:\/\/shop.bantam.ch\/de\/#organization","name":"Bantam Camping AG","url":"https:\/\/shop.bantam.ch\/de\/","logo":{"@type":"ImageObject","inLanguage":"de","@id":"https:\/\/shop.bantam.ch\/de\/#\/schema\/logo\/image\/","url":"https:\/\/shop.bantam.ch\/wp-content\/uploads\/2022\/12\/bantam-logo.png","contentUrl":"https:\/\/shop.bantam.ch\/wp-content\/uploads\/2022\/12\/bantam-logo.png","width":320,"height":71,"caption":"Bantam Camping AG"},"image":{"@id":"https:\/\/shop.bantam.ch\/de\/#\/schema\/logo\/image\/"}}]}},"_links":{"self":[{"href":"https:\/\/shop.bantam.ch\/de\/wp-json\/wp\/v2\/product\/62679","targetHints":{"allow":["GET"]}}],"collection":[{"href":"https:\/\/shop.bantam.ch\/de\/wp-json\/wp\/v2\/product"}],"about":[{"href":"https:\/\/shop.bantam.ch\/de\/wp-json\/wp\/v2\/types\/product"}],"wp:featuredmedia":[{"embeddable":true,"href":"https:\/\/shop.bantam.ch\/de\/wp-json\/wp\/v2\/media\/62658"}],"wp:attachment":[{"href":"https:\/\/shop.bantam.ch\/de\/wp-json\/wp\/v2\/media?parent=62679"}],"wp:term":[{"taxonomy":"product_featured_cat","embeddable":true,"href":"https:\/\/shop.bantam.ch\/de\/wp-json\/wp\/v2\/product_featured_cat?post=62679"},{"taxonomy":"product_brand","embeddable":true,"href":"https:\/\/shop.bantam.ch\/de\/wp-json\/wp\/v2\/product_brand?post=62679"},{"taxonomy":"product_cat","embeddable":true,"href":"https:\/\/shop.bantam.ch\/de\/wp-json\/wp\/v2\/product_cat?post=62679"},{"taxonomy":"product_tag","embeddable":true,"href":"https:\/\/shop.bantam.ch\/de\/wp-json\/wp\/v2\/product_tag?post=62679"}],"curies":[{"name":"wp","href":"https:\/\/api.w.org\/{rel}","templated":true}]}}