{"id":62638,"date":"2023-02-27T18:31:18","date_gmt":"2023-02-27T17:31:18","guid":{"rendered":"http:\/\/shop.bantam.ch\/produit\/stuetzfuesse-fuer-dachzelt\/"},"modified":"2026-05-02T21:07:45","modified_gmt":"2026-05-02T19:07:45","slug":"stuetzfuesse-fuer-dachzelt","status":"publish","type":"product","link":"https:\/\/shop.bantam.ch\/de\/produkt\/stuetzfuesse-fuer-dachzelt\/","title":{"rendered":"St\u00fctzf\u00fcsse AirPass zu Dachzelt Farbe grau"},"content":{"rendered":"<p>Die vier starken St\u00fctzf\u00fc\u00dfe erm\u00f6glichen es, das Airpass Dachzelt auf dem Boden zu platzieren. Der Abstand vom Boden betr\u00e4gt 25 cm und sch\u00fctzt vor Bodenfeuchtigkeit, Wasser, Insekten und Steinen. Die faltbaren St\u00fctzen sind einfach anzubringen. Besonders von Vorteil, wenn es nachts nicht erlaubt ist mit dem Fahrzeug auf dem Campingplatz zu stehen.<\/p>\n<p>Inhalt:<br \/>4 St\u00fctzf\u00fc\u00dfe<\/p>\n<ul>\n<li>Packma\u00df: 32 x 95 x 26 cm (B x H x T)<\/p>\n","protected":false},"excerpt":{"rendered":"<p>Die vier starken St\u00fctzf\u00fc\u00dfe erm\u00f6glichen es, das Airpass Dachzelt auf dem Boden zu platzieren. Der Abstand vom Boden betr\u00e4gt 25 cm und sch\u00fctzt vor Bodenfeuchtigkeit, Wasser, Insekten und Steinen. Die faltbaren St\u00fctzen sind einfach anzubringen. Besonders von Vorteil, wenn es nachts nicht erlaubt ist mit dem Fahrzeug auf dem Campingplatz zu stehen. Inhalt:4 St\u00fctzf\u00fc\u00dfe Packma\u00df: [&hellip;]<\/p>\n","protected":false},"featured_media":62636,"template":"","meta":{"_acf_changed":false},"product_featured_cat":[],"product_brand":[3405],"product_cat":[4244],"product_tag":[],"class_list":{"0":"post-62638","1":"product","2":"type-product","3":"status-publish","4":"has-post-thumbnail","6":"product_brand-airpass-by-autohome-de","7":"product_cat-dachzelte","9":"first","10":"instock","11":"taxable","12":"shipping-taxable","13":"purchasable","14":"product-type-simple"},"acf":[],"yoast_head":"<!-- This site is optimized with the Yoast SEO plugin v27.5 - https:\/\/yoast.com\/product\/yoast-seo-wordpress\/ -->\n<title>St\u00fctzf\u00fcsse AirPass zu Dachzelt Farbe grau - Bantam<\/title>\n<meta name=\"robots\" content=\"index, follow, max-snippet:-1, max-image-preview:large, max-video-preview:-1\" \/>\n<link rel=\"canonical\" href=\"https:\/\/shop.bantam.ch\/de\/produkt\/stuetzfuesse-fuer-dachzelt\/\" \/>\n<meta property=\"og:locale\" content=\"de_DE\" \/>\n<meta property=\"og:type\" content=\"article\" \/>\n<meta property=\"og:title\" content=\"St\u00fctzf\u00fcsse AirPass zu Dachzelt Farbe grau - Bantam\" \/>\n<meta property=\"og:description\" content=\"Die vier starken St\u00fctzf\u00fc\u00dfe erm\u00f6glichen es, das Airpass Dachzelt auf dem Boden zu platzieren. Der Abstand vom Boden betr\u00e4gt 25 cm und sch\u00fctzt vor Bodenfeuchtigkeit, Wasser, Insekten und Steinen. Die faltbaren St\u00fctzen sind einfach anzubringen. Besonders von Vorteil, wenn es nachts nicht erlaubt ist mit dem Fahrzeug auf dem Campingplatz zu stehen. Inhalt:4 St\u00fctzf\u00fc\u00dfe Packma\u00df: [&hellip;]\" \/>\n<meta property=\"og:url\" content=\"https:\/\/shop.bantam.ch\/de\/produkt\/stuetzfuesse-fuer-dachzelt\/\" \/>\n<meta property=\"og:site_name\" content=\"Bantam\" \/>\n<meta property=\"article:modified_time\" content=\"2026-05-02T19:07:45+00:00\" \/>\n<meta property=\"og:image\" content=\"https:\/\/shop.bantam.ch\/wp-content\/uploads\/2023\/02\/9940864-100-1-3.jpg\" \/>\n\t<meta property=\"og:image:width\" content=\"1000\" \/>\n\t<meta property=\"og:image:height\" content=\"605\" \/>\n\t<meta property=\"og:image:type\" content=\"image\/jpeg\" \/>\n<meta name=\"twitter:card\" content=\"summary_large_image\" \/>\n<script type=\"application\/ld+json\" class=\"yoast-schema-graph\">{\"@context\":\"https:\\\/\\\/schema.org\",\"@graph\":[{\"@type\":\"WebPage\",\"@id\":\"https:\\\/\\\/shop.bantam.ch\\\/de\\\/produkt\\\/stuetzfuesse-fuer-dachzelt\\\/\",\"url\":\"https:\\\/\\\/shop.bantam.ch\\\/de\\\/produkt\\\/stuetzfuesse-fuer-dachzelt\\\/\",\"name\":\"St\u00fctzf\u00fcsse AirPass zu Dachzelt Farbe grau - Bantam\",\"isPartOf\":{\"@id\":\"https:\\\/\\\/shop.bantam.ch\\\/de\\\/#website\"},\"primaryImageOfPage\":{\"@id\":\"https:\\\/\\\/shop.bantam.ch\\\/de\\\/produkt\\\/stuetzfuesse-fuer-dachzelt\\\/#primaryimage\"},\"image\":{\"@id\":\"https:\\\/\\\/shop.bantam.ch\\\/de\\\/produkt\\\/stuetzfuesse-fuer-dachzelt\\\/#primaryimage\"},\"thumbnailUrl\":\"https:\\\/\\\/shop.bantam.ch\\\/wp-content\\\/uploads\\\/2023\\\/02\\\/9940864-100-1-3.jpg\",\"datePublished\":\"2023-02-27T17:31:18+00:00\",\"dateModified\":\"2026-05-02T19:07:45+00:00\",\"breadcrumb\":{\"@id\":\"https:\\\/\\\/shop.bantam.ch\\\/de\\\/produkt\\\/stuetzfuesse-fuer-dachzelt\\\/#breadcrumb\"},\"inLanguage\":\"de\",\"potentialAction\":[{\"@type\":\"ReadAction\",\"target\":[\"https:\\\/\\\/shop.bantam.ch\\\/de\\\/produkt\\\/stuetzfuesse-fuer-dachzelt\\\/\"]}]},{\"@type\":\"ImageObject\",\"inLanguage\":\"de\",\"@id\":\"https:\\\/\\\/shop.bantam.ch\\\/de\\\/produkt\\\/stuetzfuesse-fuer-dachzelt\\\/#primaryimage\",\"url\":\"https:\\\/\\\/shop.bantam.ch\\\/wp-content\\\/uploads\\\/2023\\\/02\\\/9940864-100-1-3.jpg\",\"contentUrl\":\"https:\\\/\\\/shop.bantam.ch\\\/wp-content\\\/uploads\\\/2023\\\/02\\\/9940864-100-1-3.jpg\",\"width\":1000,\"height\":605},{\"@type\":\"BreadcrumbList\",\"@id\":\"https:\\\/\\\/shop.bantam.ch\\\/de\\\/produkt\\\/stuetzfuesse-fuer-dachzelt\\\/#breadcrumb\",\"itemListElement\":[{\"@type\":\"ListItem\",\"position\":1,\"name\":\"Accueil\",\"item\":\"https:\\\/\\\/shop.bantam.ch\\\/de\\\/\"},{\"@type\":\"ListItem\",\"position\":2,\"name\":\"Shop\",\"item\":\"https:\\\/\\\/shop.bantam.ch\\\/de\\\/shop\\\/\"},{\"@type\":\"ListItem\",\"position\":3,\"name\":\"St\u00fctzf\u00fcsse AirPass zu Dachzelt Farbe grau\"}]},{\"@type\":\"WebSite\",\"@id\":\"https:\\\/\\\/shop.bantam.ch\\\/de\\\/#website\",\"url\":\"https:\\\/\\\/shop.bantam.ch\\\/de\\\/\",\"name\":\"Bantam\",\"description\":\"\",\"publisher\":{\"@id\":\"https:\\\/\\\/shop.bantam.ch\\\/de\\\/#organization\"},\"inLanguage\":\"de\"},{\"@type\":\"Organization\",\"@id\":\"https:\\\/\\\/shop.bantam.ch\\\/de\\\/#organization\",\"name\":\"Bantam\",\"url\":\"https:\\\/\\\/shop.bantam.ch\\\/de\\\/\",\"logo\":{\"@type\":\"ImageObject\",\"inLanguage\":\"de\",\"@id\":\"https:\\\/\\\/shop.bantam.ch\\\/de\\\/#\\\/schema\\\/logo\\\/image\\\/\",\"url\":\"https:\\\/\\\/shop.bantam.ch\\\/wp-content\\\/uploads\\\/2022\\\/12\\\/bantam-logo.png\",\"contentUrl\":\"https:\\\/\\\/shop.bantam.ch\\\/wp-content\\\/uploads\\\/2022\\\/12\\\/bantam-logo.png\",\"width\":320,\"height\":71,\"caption\":\"Bantam\"},\"image\":{\"@id\":\"https:\\\/\\\/shop.bantam.ch\\\/de\\\/#\\\/schema\\\/logo\\\/image\\\/\"}}]}<\/script>\n<!-- \/ Yoast SEO plugin. -->","yoast_head_json":{"title":"St\u00fctzf\u00fcsse AirPass zu Dachzelt Farbe grau - Bantam","robots":{"index":"index","follow":"follow","max-snippet":"max-snippet:-1","max-image-preview":"max-image-preview:large","max-video-preview":"max-video-preview:-1"},"canonical":"https:\/\/shop.bantam.ch\/de\/produkt\/stuetzfuesse-fuer-dachzelt\/","og_locale":"de_DE","og_type":"article","og_title":"St\u00fctzf\u00fcsse AirPass zu Dachzelt Farbe grau - Bantam","og_description":"Die vier starken St\u00fctzf\u00fc\u00dfe erm\u00f6glichen es, das Airpass Dachzelt auf dem Boden zu platzieren. Der Abstand vom Boden betr\u00e4gt 25 cm und sch\u00fctzt vor Bodenfeuchtigkeit, Wasser, Insekten und Steinen. Die faltbaren St\u00fctzen sind einfach anzubringen. Besonders von Vorteil, wenn es nachts nicht erlaubt ist mit dem Fahrzeug auf dem Campingplatz zu stehen. Inhalt:4 St\u00fctzf\u00fc\u00dfe Packma\u00df: [&hellip;]","og_url":"https:\/\/shop.bantam.ch\/de\/produkt\/stuetzfuesse-fuer-dachzelt\/","og_site_name":"Bantam","article_modified_time":"2026-05-02T19:07:45+00:00","og_image":[{"width":1000,"height":605,"url":"https:\/\/shop.bantam.ch\/wp-content\/uploads\/2023\/02\/9940864-100-1-3.jpg","type":"image\/jpeg"}],"twitter_card":"summary_large_image","schema":{"@context":"https:\/\/schema.org","@graph":[{"@type":"WebPage","@id":"https:\/\/shop.bantam.ch\/de\/produkt\/stuetzfuesse-fuer-dachzelt\/","url":"https:\/\/shop.bantam.ch\/de\/produkt\/stuetzfuesse-fuer-dachzelt\/","name":"St\u00fctzf\u00fcsse AirPass zu Dachzelt Farbe grau - Bantam","isPartOf":{"@id":"https:\/\/shop.bantam.ch\/de\/#website"},"primaryImageOfPage":{"@id":"https:\/\/shop.bantam.ch\/de\/produkt\/stuetzfuesse-fuer-dachzelt\/#primaryimage"},"image":{"@id":"https:\/\/shop.bantam.ch\/de\/produkt\/stuetzfuesse-fuer-dachzelt\/#primaryimage"},"thumbnailUrl":"https:\/\/shop.bantam.ch\/wp-content\/uploads\/2023\/02\/9940864-100-1-3.jpg","datePublished":"2023-02-27T17:31:18+00:00","dateModified":"2026-05-02T19:07:45+00:00","breadcrumb":{"@id":"https:\/\/shop.bantam.ch\/de\/produkt\/stuetzfuesse-fuer-dachzelt\/#breadcrumb"},"inLanguage":"de","potentialAction":[{"@type":"ReadAction","target":["https:\/\/shop.bantam.ch\/de\/produkt\/stuetzfuesse-fuer-dachzelt\/"]}]},{"@type":"ImageObject","inLanguage":"de","@id":"https:\/\/shop.bantam.ch\/de\/produkt\/stuetzfuesse-fuer-dachzelt\/#primaryimage","url":"https:\/\/shop.bantam.ch\/wp-content\/uploads\/2023\/02\/9940864-100-1-3.jpg","contentUrl":"https:\/\/shop.bantam.ch\/wp-content\/uploads\/2023\/02\/9940864-100-1-3.jpg","width":1000,"height":605},{"@type":"BreadcrumbList","@id":"https:\/\/shop.bantam.ch\/de\/produkt\/stuetzfuesse-fuer-dachzelt\/#breadcrumb","itemListElement":[{"@type":"ListItem","position":1,"name":"Accueil","item":"https:\/\/shop.bantam.ch\/de\/"},{"@type":"ListItem","position":2,"name":"Shop","item":"https:\/\/shop.bantam.ch\/de\/shop\/"},{"@type":"ListItem","position":3,"name":"St\u00fctzf\u00fcsse AirPass zu Dachzelt Farbe grau"}]},{"@type":"WebSite","@id":"https:\/\/shop.bantam.ch\/de\/#website","url":"https:\/\/shop.bantam.ch\/de\/","name":"Bantam","description":"","publisher":{"@id":"https:\/\/shop.bantam.ch\/de\/#organization"},"inLanguage":"de"},{"@type":"Organization","@id":"https:\/\/shop.bantam.ch\/de\/#organization","name":"Bantam","url":"https:\/\/shop.bantam.ch\/de\/","logo":{"@type":"ImageObject","inLanguage":"de","@id":"https:\/\/shop.bantam.ch\/de\/#\/schema\/logo\/image\/","url":"https:\/\/shop.bantam.ch\/wp-content\/uploads\/2022\/12\/bantam-logo.png","contentUrl":"https:\/\/shop.bantam.ch\/wp-content\/uploads\/2022\/12\/bantam-logo.png","width":320,"height":71,"caption":"Bantam"},"image":{"@id":"https:\/\/shop.bantam.ch\/de\/#\/schema\/logo\/image\/"}}]}},"_links":{"self":[{"href":"https:\/\/shop.bantam.ch\/de\/wp-json\/wp\/v2\/product\/62638","targetHints":{"allow":["GET"]}}],"collection":[{"href":"https:\/\/shop.bantam.ch\/de\/wp-json\/wp\/v2\/product"}],"about":[{"href":"https:\/\/shop.bantam.ch\/de\/wp-json\/wp\/v2\/types\/product"}],"wp:featuredmedia":[{"embeddable":true,"href":"https:\/\/shop.bantam.ch\/de\/wp-json\/wp\/v2\/media\/62636"}],"wp:attachment":[{"href":"https:\/\/shop.bantam.ch\/de\/wp-json\/wp\/v2\/media?parent=62638"}],"wp:term":[{"taxonomy":"product_featured_cat","embeddable":true,"href":"https:\/\/shop.bantam.ch\/de\/wp-json\/wp\/v2\/product_featured_cat?post=62638"},{"taxonomy":"product_brand","embeddable":true,"href":"https:\/\/shop.bantam.ch\/de\/wp-json\/wp\/v2\/product_brand?post=62638"},{"taxonomy":"product_cat","embeddable":true,"href":"https:\/\/shop.bantam.ch\/de\/wp-json\/wp\/v2\/product_cat?post=62638"},{"taxonomy":"product_tag","embeddable":true,"href":"https:\/\/shop.bantam.ch\/de\/wp-json\/wp\/v2\/product_tag?post=62638"}],"curies":[{"name":"wp","href":"https:\/\/api.w.org\/{rel}","templated":true}]}}