{"id":62626,"date":"2023-02-27T18:30:44","date_gmt":"2023-02-27T17:30:44","guid":{"rendered":"http:\/\/shop.bantam.ch\/produit\/toilettenfluessigkeit\/"},"modified":"2026-04-19T21:50:49","modified_gmt":"2026-04-19T19:50:49","slug":"toilettenfluessigkeit","status":"publish","type":"product","link":"https:\/\/shop.bantam.ch\/de\/produkt\/toilettenfluessigkeit\/","title":{"rendered":"Toilettenfl\u00fcssigkeit"},"content":{"rendered":"<p>Wenn es nach der neuen Toilettenfl\u00fcssigkeit Solbio geht, dann geh\u00f6ren strenge Ger\u00fcche auf dem Wohnmobil-WC bald der Vergangenheit an. Diese Sanit\u00e4rfl\u00fcssigkeit ist zu 100 % biologisch abbaubar. Dank Solbio k\u00f6nnen Sie sorgenfrei Urlaub machen.<br \/>Durch die 100 % pflanzlichen Bestandteile erhalten Sie eine frische Duftkombination aus Eukalyptus- und Minz\u00f6l, die gleichzeitig sanft zur Umwelt ist.<br \/>Sie kommt in einem praktischen Beutel daher und l\u00e4sst sich gut verstauen. Der Inhalt der mobilen Toilette kann ganz einfach in einer Kl\u00e4rgrube entsorgt werden. Durch diese einzigartige Sanit\u00e4rfl\u00fcssigkeit werden unerw\u00fcnschte Ger\u00fcche neutralisiert und Ihre Toilette beh\u00e4lt nach dem Reinigen einen frischen Geruch.<br \/>Durch die verbraucherfreundliche und flexible Verpackung k\u00f6nnen Sie Solbio leicht bei jedem Ausflug mitnehmen. Au\u00dferdem ist die innovative Verpackung sehr umweltfreundlich.<\/p>\n<p>Anwendung:<\/p>\n<ul>\n<li>F\u00e4kalientank: Ca 40 ml Solbio pro 20 Liter Kapazit\u00e4t. Vorzugsweise alle 3 oder 4 Tage auffrischen.<\/li>\n<li>Toilettensp\u00fclwassertank: Ca 40 ml Solbio pro 20 Liter Kapazit\u00e4t. Solbio verhindert die Bildung von Flocken und Algen. Au\u00dferdem h\u00e4lt Solbio den Tank sauber und frisch.<\/li>\n<li>Abwassertank: Ca 40 ml Solbio pro 50 Liter Kapazit\u00e4t in den Abfluss von Sp\u00fcle oder Dusche geben. Solbio verhindert unangenehme Ger\u00fcche und entfernt Ablagerungen sowie Fette.<\/li>\n<\/ul>\n<p>Der einzigarte 4 in 1 Multifunktions-Sanit\u00e4rzusatz:<\/p>\n<ul>\n<li>H\u00e4lt Ihre Toilette, Ihren F\u00e4kalien-, WC-Sp\u00fclwasser und Abwassertank sauber und frisch<\/li>\n<li>Baut Abfallstoffe und Toilettenpapier ab und erm\u00f6glicht die einfache Entleerung des Tanks<\/li>\n<li>Entfernt und vermeidet Urinstein- und Kalkablagerungen<\/li>\n<li>Verhindert allerlei unangenehme Ger\u00fcche<\/li>\n<li>Reinigt Ihre Toilette und deren Zubeh\u00f6rteile<\/li>\n<li>Sehr sparsam im Gebrauch<\/li>\n<li>Ohne Chemikalien oder synthetische Stoffe.<\/li>\n<li>Biologisch, Natur pur und biologisch abbaubar<\/li>\n<li>Bis zu 40 Dosierungen<\/li>\n<\/ul>\n<p>\u00a0<\/p>\n","protected":false},"excerpt":{"rendered":"<p>Wenn es nach der neuen Toilettenfl\u00fcssigkeit Solbio geht, dann geh\u00f6ren strenge Ger\u00fcche auf dem Wohnmobil-WC bald der Vergangenheit an. Diese Sanit\u00e4rfl\u00fcssigkeit ist zu 100 % biologisch abbaubar. Dank Solbio k\u00f6nnen Sie sorgenfrei Urlaub machen.Durch die 100 % pflanzlichen Bestandteile erhalten Sie eine frische Duftkombination aus Eukalyptus- und Minz\u00f6l, die gleichzeitig sanft zur Umwelt ist.Sie kommt [&hellip;]<\/p>\n","protected":false},"featured_media":62602,"template":"","meta":{"_acf_changed":false},"product_featured_cat":[],"product_brand":[3403],"product_cat":[4600],"product_tag":[],"class_list":{"0":"post-62626","1":"product","2":"type-product","3":"status-publish","4":"has-post-thumbnail","6":"product_brand-solbio-de","7":"product_cat-pflegemittel","9":"first","10":"instock","11":"taxable","12":"shipping-taxable","13":"purchasable","14":"product-type-variable"},"acf":[],"yoast_head":"<!-- This site is optimized with the Yoast SEO plugin v27.4 - https:\/\/yoast.com\/product\/yoast-seo-wordpress\/ -->\n<title>Toilettenfl\u00fcssigkeit - Bantam Camping AG<\/title>\n<meta name=\"robots\" content=\"index, follow, max-snippet:-1, max-image-preview:large, max-video-preview:-1\" \/>\n<link rel=\"canonical\" href=\"https:\/\/shop.bantam.ch\/de\/produkt\/toilettenfluessigkeit\/\" \/>\n<meta property=\"og:locale\" content=\"de_DE\" \/>\n<meta property=\"og:type\" content=\"article\" \/>\n<meta property=\"og:title\" content=\"Toilettenfl\u00fcssigkeit - Bantam Camping AG\" \/>\n<meta property=\"og:description\" content=\"Wenn es nach der neuen Toilettenfl\u00fcssigkeit Solbio geht, dann geh\u00f6ren strenge Ger\u00fcche auf dem Wohnmobil-WC bald der Vergangenheit an. Diese Sanit\u00e4rfl\u00fcssigkeit ist zu 100 % biologisch abbaubar. Dank Solbio k\u00f6nnen Sie sorgenfrei Urlaub machen.Durch die 100 % pflanzlichen Bestandteile erhalten Sie eine frische Duftkombination aus Eukalyptus- und Minz\u00f6l, die gleichzeitig sanft zur Umwelt ist.Sie kommt [&hellip;]\" \/>\n<meta property=\"og:url\" content=\"https:\/\/shop.bantam.ch\/de\/produkt\/toilettenfluessigkeit\/\" \/>\n<meta property=\"og:site_name\" content=\"Bantam Camping AG\" \/>\n<meta property=\"article:modified_time\" content=\"2026-04-19T19:50:49+00:00\" \/>\n<meta property=\"og:image\" content=\"https:\/\/shop.bantam.ch\/wp-content\/uploads\/2023\/02\/9976282-100-1-3.jpg\" \/>\n\t<meta property=\"og:image:width\" content=\"1000\" \/>\n\t<meta property=\"og:image:height\" content=\"1000\" \/>\n\t<meta property=\"og:image:type\" content=\"image\/jpeg\" \/>\n<meta name=\"twitter:card\" content=\"summary_large_image\" \/>\n<meta name=\"twitter:label1\" content=\"Gesch\u00e4tzte Lesezeit\" \/>\n\t<meta name=\"twitter:data1\" content=\"1\u00a0Minute\" \/>\n<script type=\"application\/ld+json\" class=\"yoast-schema-graph\">{\"@context\":\"https:\\\/\\\/schema.org\",\"@graph\":[{\"@type\":\"WebPage\",\"@id\":\"https:\\\/\\\/shop.bantam.ch\\\/de\\\/produkt\\\/toilettenfluessigkeit\\\/\",\"url\":\"https:\\\/\\\/shop.bantam.ch\\\/de\\\/produkt\\\/toilettenfluessigkeit\\\/\",\"name\":\"Toilettenfl\u00fcssigkeit - Bantam Camping AG\",\"isPartOf\":{\"@id\":\"https:\\\/\\\/shop.bantam.ch\\\/de\\\/#website\"},\"primaryImageOfPage\":{\"@id\":\"https:\\\/\\\/shop.bantam.ch\\\/de\\\/produkt\\\/toilettenfluessigkeit\\\/#primaryimage\"},\"image\":{\"@id\":\"https:\\\/\\\/shop.bantam.ch\\\/de\\\/produkt\\\/toilettenfluessigkeit\\\/#primaryimage\"},\"thumbnailUrl\":\"https:\\\/\\\/shop.bantam.ch\\\/wp-content\\\/uploads\\\/2023\\\/02\\\/9976282-100-1-3.jpg\",\"datePublished\":\"2023-02-27T17:30:44+00:00\",\"dateModified\":\"2026-04-19T19:50:49+00:00\",\"breadcrumb\":{\"@id\":\"https:\\\/\\\/shop.bantam.ch\\\/de\\\/produkt\\\/toilettenfluessigkeit\\\/#breadcrumb\"},\"inLanguage\":\"de\",\"potentialAction\":[{\"@type\":\"ReadAction\",\"target\":[\"https:\\\/\\\/shop.bantam.ch\\\/de\\\/produkt\\\/toilettenfluessigkeit\\\/\"]}]},{\"@type\":\"ImageObject\",\"inLanguage\":\"de\",\"@id\":\"https:\\\/\\\/shop.bantam.ch\\\/de\\\/produkt\\\/toilettenfluessigkeit\\\/#primaryimage\",\"url\":\"https:\\\/\\\/shop.bantam.ch\\\/wp-content\\\/uploads\\\/2023\\\/02\\\/9976282-100-1-3.jpg\",\"contentUrl\":\"https:\\\/\\\/shop.bantam.ch\\\/wp-content\\\/uploads\\\/2023\\\/02\\\/9976282-100-1-3.jpg\",\"width\":1000,\"height\":1000},{\"@type\":\"BreadcrumbList\",\"@id\":\"https:\\\/\\\/shop.bantam.ch\\\/de\\\/produkt\\\/toilettenfluessigkeit\\\/#breadcrumb\",\"itemListElement\":[{\"@type\":\"ListItem\",\"position\":1,\"name\":\"Accueil\",\"item\":\"https:\\\/\\\/shop.bantam.ch\\\/de\\\/\"},{\"@type\":\"ListItem\",\"position\":2,\"name\":\"Shop\",\"item\":\"https:\\\/\\\/shop.bantam.ch\\\/de\\\/shop\\\/\"},{\"@type\":\"ListItem\",\"position\":3,\"name\":\"Toilettenfl\u00fcssigkeit\"}]},{\"@type\":\"WebSite\",\"@id\":\"https:\\\/\\\/shop.bantam.ch\\\/de\\\/#website\",\"url\":\"https:\\\/\\\/shop.bantam.ch\\\/de\\\/\",\"name\":\"Bantam Camping AG\",\"description\":\"\",\"publisher\":{\"@id\":\"https:\\\/\\\/shop.bantam.ch\\\/de\\\/#organization\"},\"inLanguage\":\"de\"},{\"@type\":\"Organization\",\"@id\":\"https:\\\/\\\/shop.bantam.ch\\\/de\\\/#organization\",\"name\":\"Bantam Camping AG\",\"url\":\"https:\\\/\\\/shop.bantam.ch\\\/de\\\/\",\"logo\":{\"@type\":\"ImageObject\",\"inLanguage\":\"de\",\"@id\":\"https:\\\/\\\/shop.bantam.ch\\\/de\\\/#\\\/schema\\\/logo\\\/image\\\/\",\"url\":\"https:\\\/\\\/shop.bantam.ch\\\/wp-content\\\/uploads\\\/2022\\\/12\\\/bantam-logo.png\",\"contentUrl\":\"https:\\\/\\\/shop.bantam.ch\\\/wp-content\\\/uploads\\\/2022\\\/12\\\/bantam-logo.png\",\"width\":320,\"height\":71,\"caption\":\"Bantam Camping AG\"},\"image\":{\"@id\":\"https:\\\/\\\/shop.bantam.ch\\\/de\\\/#\\\/schema\\\/logo\\\/image\\\/\"}}]}<\/script>\n<!-- \/ Yoast SEO plugin. -->","yoast_head_json":{"title":"Toilettenfl\u00fcssigkeit - Bantam Camping AG","robots":{"index":"index","follow":"follow","max-snippet":"max-snippet:-1","max-image-preview":"max-image-preview:large","max-video-preview":"max-video-preview:-1"},"canonical":"https:\/\/shop.bantam.ch\/de\/produkt\/toilettenfluessigkeit\/","og_locale":"de_DE","og_type":"article","og_title":"Toilettenfl\u00fcssigkeit - Bantam Camping AG","og_description":"Wenn es nach der neuen Toilettenfl\u00fcssigkeit Solbio geht, dann geh\u00f6ren strenge Ger\u00fcche auf dem Wohnmobil-WC bald der Vergangenheit an. Diese Sanit\u00e4rfl\u00fcssigkeit ist zu 100 % biologisch abbaubar. Dank Solbio k\u00f6nnen Sie sorgenfrei Urlaub machen.Durch die 100 % pflanzlichen Bestandteile erhalten Sie eine frische Duftkombination aus Eukalyptus- und Minz\u00f6l, die gleichzeitig sanft zur Umwelt ist.Sie kommt [&hellip;]","og_url":"https:\/\/shop.bantam.ch\/de\/produkt\/toilettenfluessigkeit\/","og_site_name":"Bantam Camping AG","article_modified_time":"2026-04-19T19:50:49+00:00","og_image":[{"width":1000,"height":1000,"url":"https:\/\/shop.bantam.ch\/wp-content\/uploads\/2023\/02\/9976282-100-1-3.jpg","type":"image\/jpeg"}],"twitter_card":"summary_large_image","twitter_misc":{"Gesch\u00e4tzte Lesezeit":"1\u00a0Minute"},"schema":{"@context":"https:\/\/schema.org","@graph":[{"@type":"WebPage","@id":"https:\/\/shop.bantam.ch\/de\/produkt\/toilettenfluessigkeit\/","url":"https:\/\/shop.bantam.ch\/de\/produkt\/toilettenfluessigkeit\/","name":"Toilettenfl\u00fcssigkeit - Bantam Camping AG","isPartOf":{"@id":"https:\/\/shop.bantam.ch\/de\/#website"},"primaryImageOfPage":{"@id":"https:\/\/shop.bantam.ch\/de\/produkt\/toilettenfluessigkeit\/#primaryimage"},"image":{"@id":"https:\/\/shop.bantam.ch\/de\/produkt\/toilettenfluessigkeit\/#primaryimage"},"thumbnailUrl":"https:\/\/shop.bantam.ch\/wp-content\/uploads\/2023\/02\/9976282-100-1-3.jpg","datePublished":"2023-02-27T17:30:44+00:00","dateModified":"2026-04-19T19:50:49+00:00","breadcrumb":{"@id":"https:\/\/shop.bantam.ch\/de\/produkt\/toilettenfluessigkeit\/#breadcrumb"},"inLanguage":"de","potentialAction":[{"@type":"ReadAction","target":["https:\/\/shop.bantam.ch\/de\/produkt\/toilettenfluessigkeit\/"]}]},{"@type":"ImageObject","inLanguage":"de","@id":"https:\/\/shop.bantam.ch\/de\/produkt\/toilettenfluessigkeit\/#primaryimage","url":"https:\/\/shop.bantam.ch\/wp-content\/uploads\/2023\/02\/9976282-100-1-3.jpg","contentUrl":"https:\/\/shop.bantam.ch\/wp-content\/uploads\/2023\/02\/9976282-100-1-3.jpg","width":1000,"height":1000},{"@type":"BreadcrumbList","@id":"https:\/\/shop.bantam.ch\/de\/produkt\/toilettenfluessigkeit\/#breadcrumb","itemListElement":[{"@type":"ListItem","position":1,"name":"Accueil","item":"https:\/\/shop.bantam.ch\/de\/"},{"@type":"ListItem","position":2,"name":"Shop","item":"https:\/\/shop.bantam.ch\/de\/shop\/"},{"@type":"ListItem","position":3,"name":"Toilettenfl\u00fcssigkeit"}]},{"@type":"WebSite","@id":"https:\/\/shop.bantam.ch\/de\/#website","url":"https:\/\/shop.bantam.ch\/de\/","name":"Bantam Camping AG","description":"","publisher":{"@id":"https:\/\/shop.bantam.ch\/de\/#organization"},"inLanguage":"de"},{"@type":"Organization","@id":"https:\/\/shop.bantam.ch\/de\/#organization","name":"Bantam Camping AG","url":"https:\/\/shop.bantam.ch\/de\/","logo":{"@type":"ImageObject","inLanguage":"de","@id":"https:\/\/shop.bantam.ch\/de\/#\/schema\/logo\/image\/","url":"https:\/\/shop.bantam.ch\/wp-content\/uploads\/2022\/12\/bantam-logo.png","contentUrl":"https:\/\/shop.bantam.ch\/wp-content\/uploads\/2022\/12\/bantam-logo.png","width":320,"height":71,"caption":"Bantam Camping AG"},"image":{"@id":"https:\/\/shop.bantam.ch\/de\/#\/schema\/logo\/image\/"}}]}},"_links":{"self":[{"href":"https:\/\/shop.bantam.ch\/de\/wp-json\/wp\/v2\/product\/62626","targetHints":{"allow":["GET"]}}],"collection":[{"href":"https:\/\/shop.bantam.ch\/de\/wp-json\/wp\/v2\/product"}],"about":[{"href":"https:\/\/shop.bantam.ch\/de\/wp-json\/wp\/v2\/types\/product"}],"wp:featuredmedia":[{"embeddable":true,"href":"https:\/\/shop.bantam.ch\/de\/wp-json\/wp\/v2\/media\/62602"}],"wp:attachment":[{"href":"https:\/\/shop.bantam.ch\/de\/wp-json\/wp\/v2\/media?parent=62626"}],"wp:term":[{"taxonomy":"product_featured_cat","embeddable":true,"href":"https:\/\/shop.bantam.ch\/de\/wp-json\/wp\/v2\/product_featured_cat?post=62626"},{"taxonomy":"product_brand","embeddable":true,"href":"https:\/\/shop.bantam.ch\/de\/wp-json\/wp\/v2\/product_brand?post=62626"},{"taxonomy":"product_cat","embeddable":true,"href":"https:\/\/shop.bantam.ch\/de\/wp-json\/wp\/v2\/product_cat?post=62626"},{"taxonomy":"product_tag","embeddable":true,"href":"https:\/\/shop.bantam.ch\/de\/wp-json\/wp\/v2\/product_tag?post=62626"}],"curies":[{"name":"wp","href":"https:\/\/api.w.org\/{rel}","templated":true}]}}