{"id":62563,"date":"2023-02-27T18:29:39","date_gmt":"2023-02-27T17:29:39","guid":{"rendered":"http:\/\/shop.bantam.ch\/produit\/tankreinigung-dexda-clean\/"},"modified":"2026-04-18T21:48:48","modified_gmt":"2026-04-18T19:48:48","slug":"tankreinigung-dexda-clean","status":"publish","type":"product","link":"https:\/\/shop.bantam.ch\/de\/produkt\/tankreinigung-dexda-clean\/","title":{"rendered":"Tankreinigung Dexda clean"},"content":{"rendered":"<p>Das Desinfektionskonzentrat DEXDA Clean ist nach der Aktivierung eine 2 Komponenten-Chlordioxidl\u00f6sung und enth\u00e4lt den nach aktueller Trinkwasserverordnung zugelassenen Wirkstoff Chlordioxid. Nach der Aktivierung beider Komponenten ist das Desinfektionskonzentrat max. 3 Monate haltbar. DEXDA Clean findet Anwendung zur Desinfektion und Biofilmentfernung von Beh\u00e4ltern, Tanks, Leitungen, Rohren, etc.<br \/>DEXDA Clean eignet sich hervorragend zur Biofilmentfernung und Desinfektion von Wassersystemen in Freizeitmobilen, zur Legionellen Bek\u00e4mpfung in Fl\u00fcssigkeit f\u00fchrenden Systemen in Geb\u00e4uden oder der Industrie, sowie zur bedarfsgerechten Dosierung, um Trinkwasser zu desinfizieren. Zum Reinigen bzw. Desinfizieren von Frischwassersystemen gen\u00fcgt eine Flasche Konzentrat 1000 ml bis ca. 500 Liter Tankgr\u00f6\u00dfe, 250 ml bis ca. 160 Liter Tankgr\u00f6\u00dfe, bzw. 100 ml bis ca. 50 Liter Tankgr\u00f6\u00dfe.<\/p>\n<p>\u00a0<\/p>\n<ul>\n<li>Entfernt zuverl\u00e4ssig Bakterienbel\u00e4ge, Pilze, Viren, Algen, Legionellen, Biofilme<\/li>\n<li>Desinfiziert Ihr gesamtes Frischwassersystem<\/li>\n<li>Beseitigt unangenehme Ger\u00fcche<\/li>\n<li>Erh\u00e4ltlich f\u00fcr Tankgr\u00f6\u00dfen von 50 &#8211; 500 Liter<\/li>\n<li>kein mehrfaches Nachsp\u00fclen notwendig<\/li>\n<li>nur noch 3 Stunden Aktivierungszeit<\/li>\n<li>Bew\u00e4hrter Wirkstoff Chlordioxid<\/li>\n<li>25 x st\u00e4rker als Aktivsauerstoff (Wasserstoffperoxid)<\/li>\n<li>Gut materialvertr\u00e4glich durch pH-neutrale Anwendung<\/li>\n<li>Gleichzeitige Entkalkung in Verbindung mit KXpress m\u00f6glich<\/li>\n<\/ul>\n","protected":false},"excerpt":{"rendered":"<p>Das Desinfektionskonzentrat DEXDA Clean ist nach der Aktivierung eine 2 Komponenten-Chlordioxidl\u00f6sung und enth\u00e4lt den nach aktueller Trinkwasserverordnung zugelassenen Wirkstoff Chlordioxid. Nach der Aktivierung beider Komponenten ist das Desinfektionskonzentrat max. 3 Monate haltbar. DEXDA Clean findet Anwendung zur Desinfektion und Biofilmentfernung von Beh\u00e4ltern, Tanks, Leitungen, Rohren, etc.DEXDA Clean eignet sich hervorragend zur Biofilmentfernung und Desinfektion von [&hellip;]<\/p>\n","protected":false},"featured_media":62542,"template":"","meta":{"_acf_changed":false},"product_featured_cat":[],"product_brand":[3275],"product_cat":[4614],"product_tag":[],"class_list":{"0":"post-62563","1":"product","2":"type-product","3":"status-publish","4":"has-post-thumbnail","6":"product_brand-wm-aquatec-de","7":"product_cat-wasserentkeimung","9":"first","10":"instock","11":"taxable","12":"shipping-taxable","13":"purchasable","14":"product-type-variable"},"acf":[],"yoast_head":"<!-- This site is optimized with the Yoast SEO plugin v27.4 - https:\/\/yoast.com\/product\/yoast-seo-wordpress\/ -->\n<title>Tankreinigung Dexda clean - Bantam Camping AG<\/title>\n<meta name=\"robots\" content=\"index, follow, max-snippet:-1, max-image-preview:large, max-video-preview:-1\" \/>\n<link rel=\"canonical\" href=\"https:\/\/shop.bantam.ch\/de\/produkt\/tankreinigung-dexda-clean\/\" \/>\n<meta property=\"og:locale\" content=\"de_DE\" \/>\n<meta property=\"og:type\" content=\"article\" \/>\n<meta property=\"og:title\" content=\"Tankreinigung Dexda clean - Bantam Camping AG\" \/>\n<meta property=\"og:description\" content=\"Das Desinfektionskonzentrat DEXDA Clean ist nach der Aktivierung eine 2 Komponenten-Chlordioxidl\u00f6sung und enth\u00e4lt den nach aktueller Trinkwasserverordnung zugelassenen Wirkstoff Chlordioxid. Nach der Aktivierung beider Komponenten ist das Desinfektionskonzentrat max. 3 Monate haltbar. DEXDA Clean findet Anwendung zur Desinfektion und Biofilmentfernung von Beh\u00e4ltern, Tanks, Leitungen, Rohren, etc.DEXDA Clean eignet sich hervorragend zur Biofilmentfernung und Desinfektion von [&hellip;]\" \/>\n<meta property=\"og:url\" content=\"https:\/\/shop.bantam.ch\/de\/produkt\/tankreinigung-dexda-clean\/\" \/>\n<meta property=\"og:site_name\" content=\"Bantam Camping AG\" \/>\n<meta property=\"article:modified_time\" content=\"2026-04-18T19:48:48+00:00\" \/>\n<meta property=\"og:image\" content=\"https:\/\/shop.bantam.ch\/wp-content\/uploads\/2023\/02\/9954019-100-1-3.jpg\" \/>\n\t<meta property=\"og:image:width\" content=\"818\" \/>\n\t<meta property=\"og:image:height\" content=\"1000\" \/>\n\t<meta property=\"og:image:type\" content=\"image\/jpeg\" \/>\n<meta name=\"twitter:card\" content=\"summary_large_image\" \/>\n<meta name=\"twitter:label1\" content=\"Gesch\u00e4tzte Lesezeit\" \/>\n\t<meta name=\"twitter:data1\" content=\"1\u00a0Minute\" \/>\n<script type=\"application\/ld+json\" class=\"yoast-schema-graph\">{\"@context\":\"https:\\\/\\\/schema.org\",\"@graph\":[{\"@type\":\"WebPage\",\"@id\":\"https:\\\/\\\/shop.bantam.ch\\\/de\\\/produkt\\\/tankreinigung-dexda-clean\\\/\",\"url\":\"https:\\\/\\\/shop.bantam.ch\\\/de\\\/produkt\\\/tankreinigung-dexda-clean\\\/\",\"name\":\"Tankreinigung Dexda clean - Bantam Camping AG\",\"isPartOf\":{\"@id\":\"https:\\\/\\\/shop.bantam.ch\\\/de\\\/#website\"},\"primaryImageOfPage\":{\"@id\":\"https:\\\/\\\/shop.bantam.ch\\\/de\\\/produkt\\\/tankreinigung-dexda-clean\\\/#primaryimage\"},\"image\":{\"@id\":\"https:\\\/\\\/shop.bantam.ch\\\/de\\\/produkt\\\/tankreinigung-dexda-clean\\\/#primaryimage\"},\"thumbnailUrl\":\"https:\\\/\\\/shop.bantam.ch\\\/wp-content\\\/uploads\\\/2023\\\/02\\\/9954019-100-1-3.jpg\",\"datePublished\":\"2023-02-27T17:29:39+00:00\",\"dateModified\":\"2026-04-18T19:48:48+00:00\",\"breadcrumb\":{\"@id\":\"https:\\\/\\\/shop.bantam.ch\\\/de\\\/produkt\\\/tankreinigung-dexda-clean\\\/#breadcrumb\"},\"inLanguage\":\"de\",\"potentialAction\":[{\"@type\":\"ReadAction\",\"target\":[\"https:\\\/\\\/shop.bantam.ch\\\/de\\\/produkt\\\/tankreinigung-dexda-clean\\\/\"]}]},{\"@type\":\"ImageObject\",\"inLanguage\":\"de\",\"@id\":\"https:\\\/\\\/shop.bantam.ch\\\/de\\\/produkt\\\/tankreinigung-dexda-clean\\\/#primaryimage\",\"url\":\"https:\\\/\\\/shop.bantam.ch\\\/wp-content\\\/uploads\\\/2023\\\/02\\\/9954019-100-1-3.jpg\",\"contentUrl\":\"https:\\\/\\\/shop.bantam.ch\\\/wp-content\\\/uploads\\\/2023\\\/02\\\/9954019-100-1-3.jpg\",\"width\":818,\"height\":1000},{\"@type\":\"BreadcrumbList\",\"@id\":\"https:\\\/\\\/shop.bantam.ch\\\/de\\\/produkt\\\/tankreinigung-dexda-clean\\\/#breadcrumb\",\"itemListElement\":[{\"@type\":\"ListItem\",\"position\":1,\"name\":\"Accueil\",\"item\":\"https:\\\/\\\/shop.bantam.ch\\\/de\\\/\"},{\"@type\":\"ListItem\",\"position\":2,\"name\":\"Shop\",\"item\":\"https:\\\/\\\/shop.bantam.ch\\\/de\\\/shop\\\/\"},{\"@type\":\"ListItem\",\"position\":3,\"name\":\"Tankreinigung Dexda clean\"}]},{\"@type\":\"WebSite\",\"@id\":\"https:\\\/\\\/shop.bantam.ch\\\/de\\\/#website\",\"url\":\"https:\\\/\\\/shop.bantam.ch\\\/de\\\/\",\"name\":\"Bantam Camping AG\",\"description\":\"\",\"publisher\":{\"@id\":\"https:\\\/\\\/shop.bantam.ch\\\/de\\\/#organization\"},\"inLanguage\":\"de\"},{\"@type\":\"Organization\",\"@id\":\"https:\\\/\\\/shop.bantam.ch\\\/de\\\/#organization\",\"name\":\"Bantam Camping AG\",\"url\":\"https:\\\/\\\/shop.bantam.ch\\\/de\\\/\",\"logo\":{\"@type\":\"ImageObject\",\"inLanguage\":\"de\",\"@id\":\"https:\\\/\\\/shop.bantam.ch\\\/de\\\/#\\\/schema\\\/logo\\\/image\\\/\",\"url\":\"https:\\\/\\\/shop.bantam.ch\\\/wp-content\\\/uploads\\\/2022\\\/12\\\/bantam-logo.png\",\"contentUrl\":\"https:\\\/\\\/shop.bantam.ch\\\/wp-content\\\/uploads\\\/2022\\\/12\\\/bantam-logo.png\",\"width\":320,\"height\":71,\"caption\":\"Bantam Camping AG\"},\"image\":{\"@id\":\"https:\\\/\\\/shop.bantam.ch\\\/de\\\/#\\\/schema\\\/logo\\\/image\\\/\"}}]}<\/script>\n<!-- \/ Yoast SEO plugin. -->","yoast_head_json":{"title":"Tankreinigung Dexda clean - Bantam Camping AG","robots":{"index":"index","follow":"follow","max-snippet":"max-snippet:-1","max-image-preview":"max-image-preview:large","max-video-preview":"max-video-preview:-1"},"canonical":"https:\/\/shop.bantam.ch\/de\/produkt\/tankreinigung-dexda-clean\/","og_locale":"de_DE","og_type":"article","og_title":"Tankreinigung Dexda clean - Bantam Camping AG","og_description":"Das Desinfektionskonzentrat DEXDA Clean ist nach der Aktivierung eine 2 Komponenten-Chlordioxidl\u00f6sung und enth\u00e4lt den nach aktueller Trinkwasserverordnung zugelassenen Wirkstoff Chlordioxid. Nach der Aktivierung beider Komponenten ist das Desinfektionskonzentrat max. 3 Monate haltbar. DEXDA Clean findet Anwendung zur Desinfektion und Biofilmentfernung von Beh\u00e4ltern, Tanks, Leitungen, Rohren, etc.DEXDA Clean eignet sich hervorragend zur Biofilmentfernung und Desinfektion von [&hellip;]","og_url":"https:\/\/shop.bantam.ch\/de\/produkt\/tankreinigung-dexda-clean\/","og_site_name":"Bantam Camping AG","article_modified_time":"2026-04-18T19:48:48+00:00","og_image":[{"width":818,"height":1000,"url":"https:\/\/shop.bantam.ch\/wp-content\/uploads\/2023\/02\/9954019-100-1-3.jpg","type":"image\/jpeg"}],"twitter_card":"summary_large_image","twitter_misc":{"Gesch\u00e4tzte Lesezeit":"1\u00a0Minute"},"schema":{"@context":"https:\/\/schema.org","@graph":[{"@type":"WebPage","@id":"https:\/\/shop.bantam.ch\/de\/produkt\/tankreinigung-dexda-clean\/","url":"https:\/\/shop.bantam.ch\/de\/produkt\/tankreinigung-dexda-clean\/","name":"Tankreinigung Dexda clean - Bantam Camping AG","isPartOf":{"@id":"https:\/\/shop.bantam.ch\/de\/#website"},"primaryImageOfPage":{"@id":"https:\/\/shop.bantam.ch\/de\/produkt\/tankreinigung-dexda-clean\/#primaryimage"},"image":{"@id":"https:\/\/shop.bantam.ch\/de\/produkt\/tankreinigung-dexda-clean\/#primaryimage"},"thumbnailUrl":"https:\/\/shop.bantam.ch\/wp-content\/uploads\/2023\/02\/9954019-100-1-3.jpg","datePublished":"2023-02-27T17:29:39+00:00","dateModified":"2026-04-18T19:48:48+00:00","breadcrumb":{"@id":"https:\/\/shop.bantam.ch\/de\/produkt\/tankreinigung-dexda-clean\/#breadcrumb"},"inLanguage":"de","potentialAction":[{"@type":"ReadAction","target":["https:\/\/shop.bantam.ch\/de\/produkt\/tankreinigung-dexda-clean\/"]}]},{"@type":"ImageObject","inLanguage":"de","@id":"https:\/\/shop.bantam.ch\/de\/produkt\/tankreinigung-dexda-clean\/#primaryimage","url":"https:\/\/shop.bantam.ch\/wp-content\/uploads\/2023\/02\/9954019-100-1-3.jpg","contentUrl":"https:\/\/shop.bantam.ch\/wp-content\/uploads\/2023\/02\/9954019-100-1-3.jpg","width":818,"height":1000},{"@type":"BreadcrumbList","@id":"https:\/\/shop.bantam.ch\/de\/produkt\/tankreinigung-dexda-clean\/#breadcrumb","itemListElement":[{"@type":"ListItem","position":1,"name":"Accueil","item":"https:\/\/shop.bantam.ch\/de\/"},{"@type":"ListItem","position":2,"name":"Shop","item":"https:\/\/shop.bantam.ch\/de\/shop\/"},{"@type":"ListItem","position":3,"name":"Tankreinigung Dexda clean"}]},{"@type":"WebSite","@id":"https:\/\/shop.bantam.ch\/de\/#website","url":"https:\/\/shop.bantam.ch\/de\/","name":"Bantam Camping AG","description":"","publisher":{"@id":"https:\/\/shop.bantam.ch\/de\/#organization"},"inLanguage":"de"},{"@type":"Organization","@id":"https:\/\/shop.bantam.ch\/de\/#organization","name":"Bantam Camping AG","url":"https:\/\/shop.bantam.ch\/de\/","logo":{"@type":"ImageObject","inLanguage":"de","@id":"https:\/\/shop.bantam.ch\/de\/#\/schema\/logo\/image\/","url":"https:\/\/shop.bantam.ch\/wp-content\/uploads\/2022\/12\/bantam-logo.png","contentUrl":"https:\/\/shop.bantam.ch\/wp-content\/uploads\/2022\/12\/bantam-logo.png","width":320,"height":71,"caption":"Bantam Camping AG"},"image":{"@id":"https:\/\/shop.bantam.ch\/de\/#\/schema\/logo\/image\/"}}]}},"_links":{"self":[{"href":"https:\/\/shop.bantam.ch\/de\/wp-json\/wp\/v2\/product\/62563","targetHints":{"allow":["GET"]}}],"collection":[{"href":"https:\/\/shop.bantam.ch\/de\/wp-json\/wp\/v2\/product"}],"about":[{"href":"https:\/\/shop.bantam.ch\/de\/wp-json\/wp\/v2\/types\/product"}],"wp:featuredmedia":[{"embeddable":true,"href":"https:\/\/shop.bantam.ch\/de\/wp-json\/wp\/v2\/media\/62542"}],"wp:attachment":[{"href":"https:\/\/shop.bantam.ch\/de\/wp-json\/wp\/v2\/media?parent=62563"}],"wp:term":[{"taxonomy":"product_featured_cat","embeddable":true,"href":"https:\/\/shop.bantam.ch\/de\/wp-json\/wp\/v2\/product_featured_cat?post=62563"},{"taxonomy":"product_brand","embeddable":true,"href":"https:\/\/shop.bantam.ch\/de\/wp-json\/wp\/v2\/product_brand?post=62563"},{"taxonomy":"product_cat","embeddable":true,"href":"https:\/\/shop.bantam.ch\/de\/wp-json\/wp\/v2\/product_cat?post=62563"},{"taxonomy":"product_tag","embeddable":true,"href":"https:\/\/shop.bantam.ch\/de\/wp-json\/wp\/v2\/product_tag?post=62563"}],"curies":[{"name":"wp","href":"https:\/\/api.w.org\/{rel}","templated":true}]}}