{"id":62412,"date":"2023-02-27T18:27:16","date_gmt":"2023-02-27T17:27:16","guid":{"rendered":"http:\/\/shop.bantam.ch\/produit\/hoeherlegungssatz-mercedes-sprinter-crafter-5-cm\/"},"modified":"2026-05-01T21:08:01","modified_gmt":"2026-05-01T19:08:01","slug":"hoeherlegungssatz-mercedes-sprinter-crafter-5-cm","status":"publish","type":"product","link":"https:\/\/shop.bantam.ch\/de\/produkt\/hoeherlegungssatz-mercedes-sprinter-crafter-5-cm\/","title":{"rendered":"H\u00f6herlegungssatz Goldschmitt Hinterachse Mercedes Sprinter 2006 &#8211; 2018, VW Crafter 2006 &#8211; 2017 St\u00e4rke 5 cm"},"content":{"rendered":"<p>Bei einseitiger Belastung, etwa durch konstruktionsbedingte Anbauten wie Tanks, Stromgeneratoren oder andere schwere Ausr\u00fcstungsteile, kann es mitunter vorkommen, dass das Fahrzeug mehr oder weniger schief nach einer Seite hin h\u00e4ngt. Zwischen Federpaket und Achsk\u00f6rper werden dann auf der betroffenen Fahrzeugseite spezielle Metallplatten unterlegt, die das Fahrzeug dauerhaft austarieren und in die Horizontale bringen. Soll das Fahrzeugheck komplett h\u00f6hergelegt werden, so wird an jede Radseite ein Ausgleichsst\u00fcck montiert. Hierbei ist auch die Verwendung unterschiedlicher St\u00e4rken m\u00f6glich, so dass der Wohnaufbau des Reisemobils zum einen h\u00f6hergelegt und zum anderen gleichzeit ausgeglichen werden kann.<\/p>\n<p>Lieferumfang:<br \/>Verl\u00e4ngerte Federbriden werden mitgeliefert<\/p>\n<ul>\n<li>Fixe Erh\u00f6hung der Bodenfreiheit<\/li>\n<li>Kein Eingriff in die Federeigenschaften<\/li>\n<li>G\u00fcnstige M\u00f6glichkeit das Heck anzuheben<\/li>\n<li>Verschlei\u00dffreie Technik<\/li>\n<\/ul>\n<p>\u00a0\u00a0 <\/p>\n","protected":false},"excerpt":{"rendered":"<p>Bei einseitiger Belastung, etwa durch konstruktionsbedingte Anbauten wie Tanks, Stromgeneratoren oder andere schwere Ausr\u00fcstungsteile, kann es mitunter vorkommen, dass das Fahrzeug mehr oder weniger schief nach einer Seite hin h\u00e4ngt. Zwischen Federpaket und Achsk\u00f6rper werden dann auf der betroffenen Fahrzeugseite spezielle Metallplatten unterlegt, die das Fahrzeug dauerhaft austarieren und in die Horizontale bringen. Soll das [&hellip;]<\/p>\n","protected":false},"featured_media":62410,"template":"","meta":{"_acf_changed":false},"product_featured_cat":[],"product_brand":[3271],"product_cat":[4808],"product_tag":[],"class_list":{"0":"post-62412","1":"product","2":"type-product","3":"status-publish","4":"has-post-thumbnail","6":"product_brand-goldschmitt-de","7":"product_cat-luftfederungen","9":"first","10":"instock","11":"taxable","12":"shipping-taxable","13":"purchasable","14":"product-type-simple"},"acf":[],"yoast_head":"<!-- This site is optimized with the Yoast SEO plugin v27.5 - https:\/\/yoast.com\/product\/yoast-seo-wordpress\/ -->\n<title>H\u00f6herlegungssatz Goldschmitt Hinterachse Mercedes Sprinter 2006 - 2018, VW Crafter 2006 - 2017 St\u00e4rke 5 cm - Bantam<\/title>\n<meta name=\"robots\" content=\"index, follow, max-snippet:-1, max-image-preview:large, max-video-preview:-1\" \/>\n<link rel=\"canonical\" href=\"https:\/\/shop.bantam.ch\/de\/produkt\/hoeherlegungssatz-mercedes-sprinter-crafter-5-cm\/\" \/>\n<meta property=\"og:locale\" content=\"de_DE\" \/>\n<meta property=\"og:type\" content=\"article\" \/>\n<meta property=\"og:title\" content=\"H\u00f6herlegungssatz Goldschmitt Hinterachse Mercedes Sprinter 2006 - 2018, VW Crafter 2006 - 2017 St\u00e4rke 5 cm - Bantam\" \/>\n<meta property=\"og:description\" content=\"Bei einseitiger Belastung, etwa durch konstruktionsbedingte Anbauten wie Tanks, Stromgeneratoren oder andere schwere Ausr\u00fcstungsteile, kann es mitunter vorkommen, dass das Fahrzeug mehr oder weniger schief nach einer Seite hin h\u00e4ngt. Zwischen Federpaket und Achsk\u00f6rper werden dann auf der betroffenen Fahrzeugseite spezielle Metallplatten unterlegt, die das Fahrzeug dauerhaft austarieren und in die Horizontale bringen. Soll das [&hellip;]\" \/>\n<meta property=\"og:url\" content=\"https:\/\/shop.bantam.ch\/de\/produkt\/hoeherlegungssatz-mercedes-sprinter-crafter-5-cm\/\" \/>\n<meta property=\"og:site_name\" content=\"Bantam\" \/>\n<meta property=\"article:modified_time\" content=\"2026-05-01T19:08:01+00:00\" \/>\n<meta property=\"og:image\" content=\"https:\/\/shop.bantam.ch\/wp-content\/uploads\/2023\/02\/9930327-Hoeherlegungssatz_Hinterachse_Mercedes_Sprinter_VW_Crafter_50_mm-Standard-0157e50beb7f1c9.jpg\" \/>\n\t<meta property=\"og:image:width\" content=\"1000\" \/>\n\t<meta property=\"og:image:height\" content=\"648\" \/>\n\t<meta property=\"og:image:type\" content=\"image\/jpeg\" \/>\n<meta name=\"twitter:card\" content=\"summary_large_image\" \/>\n<meta name=\"twitter:label1\" content=\"Gesch\u00e4tzte Lesezeit\" \/>\n\t<meta name=\"twitter:data1\" content=\"1\u00a0Minute\" \/>\n<script type=\"application\/ld+json\" class=\"yoast-schema-graph\">{\"@context\":\"https:\\\/\\\/schema.org\",\"@graph\":[{\"@type\":\"WebPage\",\"@id\":\"https:\\\/\\\/shop.bantam.ch\\\/de\\\/produkt\\\/hoeherlegungssatz-mercedes-sprinter-crafter-5-cm\\\/\",\"url\":\"https:\\\/\\\/shop.bantam.ch\\\/de\\\/produkt\\\/hoeherlegungssatz-mercedes-sprinter-crafter-5-cm\\\/\",\"name\":\"H\u00f6herlegungssatz Goldschmitt Hinterachse Mercedes Sprinter 2006 - 2018, VW Crafter 2006 - 2017 St\u00e4rke 5 cm - Bantam\",\"isPartOf\":{\"@id\":\"https:\\\/\\\/shop.bantam.ch\\\/de\\\/#website\"},\"primaryImageOfPage\":{\"@id\":\"https:\\\/\\\/shop.bantam.ch\\\/de\\\/produkt\\\/hoeherlegungssatz-mercedes-sprinter-crafter-5-cm\\\/#primaryimage\"},\"image\":{\"@id\":\"https:\\\/\\\/shop.bantam.ch\\\/de\\\/produkt\\\/hoeherlegungssatz-mercedes-sprinter-crafter-5-cm\\\/#primaryimage\"},\"thumbnailUrl\":\"https:\\\/\\\/shop.bantam.ch\\\/wp-content\\\/uploads\\\/2023\\\/02\\\/9930327-Hoeherlegungssatz_Hinterachse_Mercedes_Sprinter_VW_Crafter_50_mm-Standard-0157e50beb7f1c9.jpg\",\"datePublished\":\"2023-02-27T17:27:16+00:00\",\"dateModified\":\"2026-05-01T19:08:01+00:00\",\"breadcrumb\":{\"@id\":\"https:\\\/\\\/shop.bantam.ch\\\/de\\\/produkt\\\/hoeherlegungssatz-mercedes-sprinter-crafter-5-cm\\\/#breadcrumb\"},\"inLanguage\":\"de\",\"potentialAction\":[{\"@type\":\"ReadAction\",\"target\":[\"https:\\\/\\\/shop.bantam.ch\\\/de\\\/produkt\\\/hoeherlegungssatz-mercedes-sprinter-crafter-5-cm\\\/\"]}]},{\"@type\":\"ImageObject\",\"inLanguage\":\"de\",\"@id\":\"https:\\\/\\\/shop.bantam.ch\\\/de\\\/produkt\\\/hoeherlegungssatz-mercedes-sprinter-crafter-5-cm\\\/#primaryimage\",\"url\":\"https:\\\/\\\/shop.bantam.ch\\\/wp-content\\\/uploads\\\/2023\\\/02\\\/9930327-Hoeherlegungssatz_Hinterachse_Mercedes_Sprinter_VW_Crafter_50_mm-Standard-0157e50beb7f1c9.jpg\",\"contentUrl\":\"https:\\\/\\\/shop.bantam.ch\\\/wp-content\\\/uploads\\\/2023\\\/02\\\/9930327-Hoeherlegungssatz_Hinterachse_Mercedes_Sprinter_VW_Crafter_50_mm-Standard-0157e50beb7f1c9.jpg\",\"width\":1000,\"height\":648},{\"@type\":\"BreadcrumbList\",\"@id\":\"https:\\\/\\\/shop.bantam.ch\\\/de\\\/produkt\\\/hoeherlegungssatz-mercedes-sprinter-crafter-5-cm\\\/#breadcrumb\",\"itemListElement\":[{\"@type\":\"ListItem\",\"position\":1,\"name\":\"Accueil\",\"item\":\"https:\\\/\\\/shop.bantam.ch\\\/de\\\/\"},{\"@type\":\"ListItem\",\"position\":2,\"name\":\"Shop\",\"item\":\"https:\\\/\\\/shop.bantam.ch\\\/de\\\/shop\\\/\"},{\"@type\":\"ListItem\",\"position\":3,\"name\":\"H\u00f6herlegungssatz Goldschmitt Hinterachse Mercedes Sprinter 2006 &#8211; 2018, VW Crafter 2006 &#8211; 2017 St\u00e4rke 5 cm\"}]},{\"@type\":\"WebSite\",\"@id\":\"https:\\\/\\\/shop.bantam.ch\\\/de\\\/#website\",\"url\":\"https:\\\/\\\/shop.bantam.ch\\\/de\\\/\",\"name\":\"Bantam\",\"description\":\"\",\"publisher\":{\"@id\":\"https:\\\/\\\/shop.bantam.ch\\\/de\\\/#organization\"},\"inLanguage\":\"de\"},{\"@type\":\"Organization\",\"@id\":\"https:\\\/\\\/shop.bantam.ch\\\/de\\\/#organization\",\"name\":\"Bantam\",\"url\":\"https:\\\/\\\/shop.bantam.ch\\\/de\\\/\",\"logo\":{\"@type\":\"ImageObject\",\"inLanguage\":\"de\",\"@id\":\"https:\\\/\\\/shop.bantam.ch\\\/de\\\/#\\\/schema\\\/logo\\\/image\\\/\",\"url\":\"https:\\\/\\\/shop.bantam.ch\\\/wp-content\\\/uploads\\\/2022\\\/12\\\/bantam-logo.png\",\"contentUrl\":\"https:\\\/\\\/shop.bantam.ch\\\/wp-content\\\/uploads\\\/2022\\\/12\\\/bantam-logo.png\",\"width\":320,\"height\":71,\"caption\":\"Bantam\"},\"image\":{\"@id\":\"https:\\\/\\\/shop.bantam.ch\\\/de\\\/#\\\/schema\\\/logo\\\/image\\\/\"}}]}<\/script>\n<!-- \/ Yoast SEO plugin. -->","yoast_head_json":{"title":"H\u00f6herlegungssatz Goldschmitt Hinterachse Mercedes Sprinter 2006 - 2018, VW Crafter 2006 - 2017 St\u00e4rke 5 cm - Bantam","robots":{"index":"index","follow":"follow","max-snippet":"max-snippet:-1","max-image-preview":"max-image-preview:large","max-video-preview":"max-video-preview:-1"},"canonical":"https:\/\/shop.bantam.ch\/de\/produkt\/hoeherlegungssatz-mercedes-sprinter-crafter-5-cm\/","og_locale":"de_DE","og_type":"article","og_title":"H\u00f6herlegungssatz Goldschmitt Hinterachse Mercedes Sprinter 2006 - 2018, VW Crafter 2006 - 2017 St\u00e4rke 5 cm - Bantam","og_description":"Bei einseitiger Belastung, etwa durch konstruktionsbedingte Anbauten wie Tanks, Stromgeneratoren oder andere schwere Ausr\u00fcstungsteile, kann es mitunter vorkommen, dass das Fahrzeug mehr oder weniger schief nach einer Seite hin h\u00e4ngt. Zwischen Federpaket und Achsk\u00f6rper werden dann auf der betroffenen Fahrzeugseite spezielle Metallplatten unterlegt, die das Fahrzeug dauerhaft austarieren und in die Horizontale bringen. Soll das [&hellip;]","og_url":"https:\/\/shop.bantam.ch\/de\/produkt\/hoeherlegungssatz-mercedes-sprinter-crafter-5-cm\/","og_site_name":"Bantam","article_modified_time":"2026-05-01T19:08:01+00:00","og_image":[{"width":1000,"height":648,"url":"https:\/\/shop.bantam.ch\/wp-content\/uploads\/2023\/02\/9930327-Hoeherlegungssatz_Hinterachse_Mercedes_Sprinter_VW_Crafter_50_mm-Standard-0157e50beb7f1c9.jpg","type":"image\/jpeg"}],"twitter_card":"summary_large_image","twitter_misc":{"Gesch\u00e4tzte Lesezeit":"1\u00a0Minute"},"schema":{"@context":"https:\/\/schema.org","@graph":[{"@type":"WebPage","@id":"https:\/\/shop.bantam.ch\/de\/produkt\/hoeherlegungssatz-mercedes-sprinter-crafter-5-cm\/","url":"https:\/\/shop.bantam.ch\/de\/produkt\/hoeherlegungssatz-mercedes-sprinter-crafter-5-cm\/","name":"H\u00f6herlegungssatz Goldschmitt Hinterachse Mercedes Sprinter 2006 - 2018, VW Crafter 2006 - 2017 St\u00e4rke 5 cm - Bantam","isPartOf":{"@id":"https:\/\/shop.bantam.ch\/de\/#website"},"primaryImageOfPage":{"@id":"https:\/\/shop.bantam.ch\/de\/produkt\/hoeherlegungssatz-mercedes-sprinter-crafter-5-cm\/#primaryimage"},"image":{"@id":"https:\/\/shop.bantam.ch\/de\/produkt\/hoeherlegungssatz-mercedes-sprinter-crafter-5-cm\/#primaryimage"},"thumbnailUrl":"https:\/\/shop.bantam.ch\/wp-content\/uploads\/2023\/02\/9930327-Hoeherlegungssatz_Hinterachse_Mercedes_Sprinter_VW_Crafter_50_mm-Standard-0157e50beb7f1c9.jpg","datePublished":"2023-02-27T17:27:16+00:00","dateModified":"2026-05-01T19:08:01+00:00","breadcrumb":{"@id":"https:\/\/shop.bantam.ch\/de\/produkt\/hoeherlegungssatz-mercedes-sprinter-crafter-5-cm\/#breadcrumb"},"inLanguage":"de","potentialAction":[{"@type":"ReadAction","target":["https:\/\/shop.bantam.ch\/de\/produkt\/hoeherlegungssatz-mercedes-sprinter-crafter-5-cm\/"]}]},{"@type":"ImageObject","inLanguage":"de","@id":"https:\/\/shop.bantam.ch\/de\/produkt\/hoeherlegungssatz-mercedes-sprinter-crafter-5-cm\/#primaryimage","url":"https:\/\/shop.bantam.ch\/wp-content\/uploads\/2023\/02\/9930327-Hoeherlegungssatz_Hinterachse_Mercedes_Sprinter_VW_Crafter_50_mm-Standard-0157e50beb7f1c9.jpg","contentUrl":"https:\/\/shop.bantam.ch\/wp-content\/uploads\/2023\/02\/9930327-Hoeherlegungssatz_Hinterachse_Mercedes_Sprinter_VW_Crafter_50_mm-Standard-0157e50beb7f1c9.jpg","width":1000,"height":648},{"@type":"BreadcrumbList","@id":"https:\/\/shop.bantam.ch\/de\/produkt\/hoeherlegungssatz-mercedes-sprinter-crafter-5-cm\/#breadcrumb","itemListElement":[{"@type":"ListItem","position":1,"name":"Accueil","item":"https:\/\/shop.bantam.ch\/de\/"},{"@type":"ListItem","position":2,"name":"Shop","item":"https:\/\/shop.bantam.ch\/de\/shop\/"},{"@type":"ListItem","position":3,"name":"H\u00f6herlegungssatz Goldschmitt Hinterachse Mercedes Sprinter 2006 &#8211; 2018, VW Crafter 2006 &#8211; 2017 St\u00e4rke 5 cm"}]},{"@type":"WebSite","@id":"https:\/\/shop.bantam.ch\/de\/#website","url":"https:\/\/shop.bantam.ch\/de\/","name":"Bantam","description":"","publisher":{"@id":"https:\/\/shop.bantam.ch\/de\/#organization"},"inLanguage":"de"},{"@type":"Organization","@id":"https:\/\/shop.bantam.ch\/de\/#organization","name":"Bantam","url":"https:\/\/shop.bantam.ch\/de\/","logo":{"@type":"ImageObject","inLanguage":"de","@id":"https:\/\/shop.bantam.ch\/de\/#\/schema\/logo\/image\/","url":"https:\/\/shop.bantam.ch\/wp-content\/uploads\/2022\/12\/bantam-logo.png","contentUrl":"https:\/\/shop.bantam.ch\/wp-content\/uploads\/2022\/12\/bantam-logo.png","width":320,"height":71,"caption":"Bantam"},"image":{"@id":"https:\/\/shop.bantam.ch\/de\/#\/schema\/logo\/image\/"}}]}},"_links":{"self":[{"href":"https:\/\/shop.bantam.ch\/de\/wp-json\/wp\/v2\/product\/62412","targetHints":{"allow":["GET"]}}],"collection":[{"href":"https:\/\/shop.bantam.ch\/de\/wp-json\/wp\/v2\/product"}],"about":[{"href":"https:\/\/shop.bantam.ch\/de\/wp-json\/wp\/v2\/types\/product"}],"wp:featuredmedia":[{"embeddable":true,"href":"https:\/\/shop.bantam.ch\/de\/wp-json\/wp\/v2\/media\/62410"}],"wp:attachment":[{"href":"https:\/\/shop.bantam.ch\/de\/wp-json\/wp\/v2\/media?parent=62412"}],"wp:term":[{"taxonomy":"product_featured_cat","embeddable":true,"href":"https:\/\/shop.bantam.ch\/de\/wp-json\/wp\/v2\/product_featured_cat?post=62412"},{"taxonomy":"product_brand","embeddable":true,"href":"https:\/\/shop.bantam.ch\/de\/wp-json\/wp\/v2\/product_brand?post=62412"},{"taxonomy":"product_cat","embeddable":true,"href":"https:\/\/shop.bantam.ch\/de\/wp-json\/wp\/v2\/product_cat?post=62412"},{"taxonomy":"product_tag","embeddable":true,"href":"https:\/\/shop.bantam.ch\/de\/wp-json\/wp\/v2\/product_tag?post=62412"}],"curies":[{"name":"wp","href":"https:\/\/api.w.org\/{rel}","templated":true}]}}