{"id":62328,"date":"2023-02-27T18:25:40","date_gmt":"2023-02-27T17:25:40","guid":{"rendered":"http:\/\/shop.bantam.ch\/produit\/bluetooth-adapter-bt1-fuer-comfort-brennstoffzellen\/"},"modified":"2026-04-20T21:07:59","modified_gmt":"2026-04-20T19:07:59","slug":"bluetooth-adapter-bt1-fuer-comfort-brennstoffzellen","status":"publish","type":"product","link":"https:\/\/shop.bantam.ch\/de\/produkt\/bluetooth-adapter-bt1-fuer-comfort-brennstoffzellen\/","title":{"rendered":"Bluetooth Adapter Efoy BT1 f\u00fcr Comfort Brennstoffzellen"},"content":{"rendered":"<p>Bedienen Sie Ihre EFOY COMFORT jetzt bequem von Ihrem Smartphone oder Tablet mit der myEfoy Funktion der EFOY App. (Download der App in Ihrem App-Store) Hier k\u00f6nnen Sie alle wichtige Daten zur Ihrer Brennstoffzelle, Tankpatrone und Batterie abrufen. <br \/>Zur Steuerung Ihrer EFOY COMFORT mit myEFOY, ben\u00f6tigen Sie den EFOY Bluetooth Adapter, die EFOY App (ab Android 4.4 und iOS 8.0 und ein Bluetooth 4.0-f\u00e4higes Endger\u00e4t) und die aktuellste Firmware Version 15.13.<\/p>\n","protected":false},"excerpt":{"rendered":"<p>Bedienen Sie Ihre EFOY COMFORT jetzt bequem von Ihrem Smartphone oder Tablet mit der myEfoy Funktion der EFOY App. (Download der App in Ihrem App-Store) Hier k\u00f6nnen Sie alle wichtige Daten zur Ihrer Brennstoffzelle, Tankpatrone und Batterie abrufen. Zur Steuerung Ihrer EFOY COMFORT mit myEFOY, ben\u00f6tigen Sie den EFOY Bluetooth Adapter, die EFOY App (ab [&hellip;]<\/p>\n","protected":false},"featured_media":62326,"template":"","meta":{"_acf_changed":false},"product_featured_cat":[3944],"product_brand":[3289],"product_cat":[4864],"product_tag":[],"class_list":{"0":"post-62328","1":"product","2":"type-product","3":"status-publish","4":"has-post-thumbnail","6":"product_featured_cat-passend-zu-deinen-vorlieben","7":"product_brand-efoy-de","8":"product_cat-zubehoer-fuer-stromerzeuger","10":"first","11":"instock","12":"taxable","13":"shipping-taxable","14":"purchasable","15":"product-type-simple"},"acf":[],"yoast_head":"<!-- This site is optimized with the Yoast SEO plugin v27.4 - https:\/\/yoast.com\/product\/yoast-seo-wordpress\/ -->\n<title>Bluetooth Adapter Efoy BT1 f\u00fcr Comfort Brennstoffzellen - Bantam Camping AG<\/title>\n<meta name=\"robots\" content=\"index, follow, max-snippet:-1, max-image-preview:large, max-video-preview:-1\" \/>\n<link rel=\"canonical\" href=\"https:\/\/shop.bantam.ch\/de\/produkt\/bluetooth-adapter-bt1-fuer-comfort-brennstoffzellen\/\" \/>\n<meta property=\"og:locale\" content=\"de_DE\" \/>\n<meta property=\"og:type\" content=\"article\" \/>\n<meta property=\"og:title\" content=\"Bluetooth Adapter Efoy BT1 f\u00fcr Comfort Brennstoffzellen - Bantam Camping AG\" \/>\n<meta property=\"og:description\" content=\"Bedienen Sie Ihre EFOY COMFORT jetzt bequem von Ihrem Smartphone oder Tablet mit der myEfoy Funktion der EFOY App. (Download der App in Ihrem App-Store) Hier k\u00f6nnen Sie alle wichtige Daten zur Ihrer Brennstoffzelle, Tankpatrone und Batterie abrufen. Zur Steuerung Ihrer EFOY COMFORT mit myEFOY, ben\u00f6tigen Sie den EFOY Bluetooth Adapter, die EFOY App (ab [&hellip;]\" \/>\n<meta property=\"og:url\" content=\"https:\/\/shop.bantam.ch\/de\/produkt\/bluetooth-adapter-bt1-fuer-comfort-brennstoffzellen\/\" \/>\n<meta property=\"og:site_name\" content=\"Bantam Camping AG\" \/>\n<meta property=\"article:modified_time\" content=\"2026-04-20T19:07:59+00:00\" \/>\n<meta property=\"og:image\" content=\"https:\/\/shop.bantam.ch\/wp-content\/uploads\/2023\/02\/9923265-100-1-3-scaled.jpg\" \/>\n\t<meta property=\"og:image:width\" content=\"5649\" \/>\n\t<meta property=\"og:image:height\" content=\"3174\" \/>\n\t<meta property=\"og:image:type\" content=\"image\/jpeg\" \/>\n<meta name=\"twitter:card\" content=\"summary_large_image\" \/>\n<script type=\"application\/ld+json\" class=\"yoast-schema-graph\">{\"@context\":\"https:\\\/\\\/schema.org\",\"@graph\":[{\"@type\":\"WebPage\",\"@id\":\"https:\\\/\\\/shop.bantam.ch\\\/de\\\/produkt\\\/bluetooth-adapter-bt1-fuer-comfort-brennstoffzellen\\\/\",\"url\":\"https:\\\/\\\/shop.bantam.ch\\\/de\\\/produkt\\\/bluetooth-adapter-bt1-fuer-comfort-brennstoffzellen\\\/\",\"name\":\"Bluetooth Adapter Efoy BT1 f\u00fcr Comfort Brennstoffzellen - Bantam Camping AG\",\"isPartOf\":{\"@id\":\"https:\\\/\\\/shop.bantam.ch\\\/de\\\/#website\"},\"primaryImageOfPage\":{\"@id\":\"https:\\\/\\\/shop.bantam.ch\\\/de\\\/produkt\\\/bluetooth-adapter-bt1-fuer-comfort-brennstoffzellen\\\/#primaryimage\"},\"image\":{\"@id\":\"https:\\\/\\\/shop.bantam.ch\\\/de\\\/produkt\\\/bluetooth-adapter-bt1-fuer-comfort-brennstoffzellen\\\/#primaryimage\"},\"thumbnailUrl\":\"https:\\\/\\\/shop.bantam.ch\\\/wp-content\\\/uploads\\\/2023\\\/02\\\/9923265-100-1-3-scaled.jpg\",\"datePublished\":\"2023-02-27T17:25:40+00:00\",\"dateModified\":\"2026-04-20T19:07:59+00:00\",\"breadcrumb\":{\"@id\":\"https:\\\/\\\/shop.bantam.ch\\\/de\\\/produkt\\\/bluetooth-adapter-bt1-fuer-comfort-brennstoffzellen\\\/#breadcrumb\"},\"inLanguage\":\"de\",\"potentialAction\":[{\"@type\":\"ReadAction\",\"target\":[\"https:\\\/\\\/shop.bantam.ch\\\/de\\\/produkt\\\/bluetooth-adapter-bt1-fuer-comfort-brennstoffzellen\\\/\"]}]},{\"@type\":\"ImageObject\",\"inLanguage\":\"de\",\"@id\":\"https:\\\/\\\/shop.bantam.ch\\\/de\\\/produkt\\\/bluetooth-adapter-bt1-fuer-comfort-brennstoffzellen\\\/#primaryimage\",\"url\":\"https:\\\/\\\/shop.bantam.ch\\\/wp-content\\\/uploads\\\/2023\\\/02\\\/9923265-100-1-3-scaled.jpg\",\"contentUrl\":\"https:\\\/\\\/shop.bantam.ch\\\/wp-content\\\/uploads\\\/2023\\\/02\\\/9923265-100-1-3-scaled.jpg\",\"width\":2048,\"height\":1151},{\"@type\":\"BreadcrumbList\",\"@id\":\"https:\\\/\\\/shop.bantam.ch\\\/de\\\/produkt\\\/bluetooth-adapter-bt1-fuer-comfort-brennstoffzellen\\\/#breadcrumb\",\"itemListElement\":[{\"@type\":\"ListItem\",\"position\":1,\"name\":\"Accueil\",\"item\":\"https:\\\/\\\/shop.bantam.ch\\\/de\\\/\"},{\"@type\":\"ListItem\",\"position\":2,\"name\":\"Shop\",\"item\":\"https:\\\/\\\/shop.bantam.ch\\\/de\\\/shop\\\/\"},{\"@type\":\"ListItem\",\"position\":3,\"name\":\"Bluetooth Adapter Efoy BT1 f\u00fcr Comfort Brennstoffzellen\"}]},{\"@type\":\"WebSite\",\"@id\":\"https:\\\/\\\/shop.bantam.ch\\\/de\\\/#website\",\"url\":\"https:\\\/\\\/shop.bantam.ch\\\/de\\\/\",\"name\":\"Bantam Camping AG\",\"description\":\"\",\"publisher\":{\"@id\":\"https:\\\/\\\/shop.bantam.ch\\\/de\\\/#organization\"},\"inLanguage\":\"de\"},{\"@type\":\"Organization\",\"@id\":\"https:\\\/\\\/shop.bantam.ch\\\/de\\\/#organization\",\"name\":\"Bantam Camping AG\",\"url\":\"https:\\\/\\\/shop.bantam.ch\\\/de\\\/\",\"logo\":{\"@type\":\"ImageObject\",\"inLanguage\":\"de\",\"@id\":\"https:\\\/\\\/shop.bantam.ch\\\/de\\\/#\\\/schema\\\/logo\\\/image\\\/\",\"url\":\"https:\\\/\\\/shop.bantam.ch\\\/wp-content\\\/uploads\\\/2022\\\/12\\\/bantam-logo.png\",\"contentUrl\":\"https:\\\/\\\/shop.bantam.ch\\\/wp-content\\\/uploads\\\/2022\\\/12\\\/bantam-logo.png\",\"width\":320,\"height\":71,\"caption\":\"Bantam Camping AG\"},\"image\":{\"@id\":\"https:\\\/\\\/shop.bantam.ch\\\/de\\\/#\\\/schema\\\/logo\\\/image\\\/\"}}]}<\/script>\n<!-- \/ Yoast SEO plugin. -->","yoast_head_json":{"title":"Bluetooth Adapter Efoy BT1 f\u00fcr Comfort Brennstoffzellen - Bantam Camping AG","robots":{"index":"index","follow":"follow","max-snippet":"max-snippet:-1","max-image-preview":"max-image-preview:large","max-video-preview":"max-video-preview:-1"},"canonical":"https:\/\/shop.bantam.ch\/de\/produkt\/bluetooth-adapter-bt1-fuer-comfort-brennstoffzellen\/","og_locale":"de_DE","og_type":"article","og_title":"Bluetooth Adapter Efoy BT1 f\u00fcr Comfort Brennstoffzellen - Bantam Camping AG","og_description":"Bedienen Sie Ihre EFOY COMFORT jetzt bequem von Ihrem Smartphone oder Tablet mit der myEfoy Funktion der EFOY App. (Download der App in Ihrem App-Store) Hier k\u00f6nnen Sie alle wichtige Daten zur Ihrer Brennstoffzelle, Tankpatrone und Batterie abrufen. Zur Steuerung Ihrer EFOY COMFORT mit myEFOY, ben\u00f6tigen Sie den EFOY Bluetooth Adapter, die EFOY App (ab [&hellip;]","og_url":"https:\/\/shop.bantam.ch\/de\/produkt\/bluetooth-adapter-bt1-fuer-comfort-brennstoffzellen\/","og_site_name":"Bantam Camping AG","article_modified_time":"2026-04-20T19:07:59+00:00","og_image":[{"width":5649,"height":3174,"url":"https:\/\/shop.bantam.ch\/wp-content\/uploads\/2023\/02\/9923265-100-1-3-scaled.jpg","type":"image\/jpeg"}],"twitter_card":"summary_large_image","schema":{"@context":"https:\/\/schema.org","@graph":[{"@type":"WebPage","@id":"https:\/\/shop.bantam.ch\/de\/produkt\/bluetooth-adapter-bt1-fuer-comfort-brennstoffzellen\/","url":"https:\/\/shop.bantam.ch\/de\/produkt\/bluetooth-adapter-bt1-fuer-comfort-brennstoffzellen\/","name":"Bluetooth Adapter Efoy BT1 f\u00fcr Comfort Brennstoffzellen - Bantam Camping AG","isPartOf":{"@id":"https:\/\/shop.bantam.ch\/de\/#website"},"primaryImageOfPage":{"@id":"https:\/\/shop.bantam.ch\/de\/produkt\/bluetooth-adapter-bt1-fuer-comfort-brennstoffzellen\/#primaryimage"},"image":{"@id":"https:\/\/shop.bantam.ch\/de\/produkt\/bluetooth-adapter-bt1-fuer-comfort-brennstoffzellen\/#primaryimage"},"thumbnailUrl":"https:\/\/shop.bantam.ch\/wp-content\/uploads\/2023\/02\/9923265-100-1-3-scaled.jpg","datePublished":"2023-02-27T17:25:40+00:00","dateModified":"2026-04-20T19:07:59+00:00","breadcrumb":{"@id":"https:\/\/shop.bantam.ch\/de\/produkt\/bluetooth-adapter-bt1-fuer-comfort-brennstoffzellen\/#breadcrumb"},"inLanguage":"de","potentialAction":[{"@type":"ReadAction","target":["https:\/\/shop.bantam.ch\/de\/produkt\/bluetooth-adapter-bt1-fuer-comfort-brennstoffzellen\/"]}]},{"@type":"ImageObject","inLanguage":"de","@id":"https:\/\/shop.bantam.ch\/de\/produkt\/bluetooth-adapter-bt1-fuer-comfort-brennstoffzellen\/#primaryimage","url":"https:\/\/shop.bantam.ch\/wp-content\/uploads\/2023\/02\/9923265-100-1-3-scaled.jpg","contentUrl":"https:\/\/shop.bantam.ch\/wp-content\/uploads\/2023\/02\/9923265-100-1-3-scaled.jpg","width":2048,"height":1151},{"@type":"BreadcrumbList","@id":"https:\/\/shop.bantam.ch\/de\/produkt\/bluetooth-adapter-bt1-fuer-comfort-brennstoffzellen\/#breadcrumb","itemListElement":[{"@type":"ListItem","position":1,"name":"Accueil","item":"https:\/\/shop.bantam.ch\/de\/"},{"@type":"ListItem","position":2,"name":"Shop","item":"https:\/\/shop.bantam.ch\/de\/shop\/"},{"@type":"ListItem","position":3,"name":"Bluetooth Adapter Efoy BT1 f\u00fcr Comfort Brennstoffzellen"}]},{"@type":"WebSite","@id":"https:\/\/shop.bantam.ch\/de\/#website","url":"https:\/\/shop.bantam.ch\/de\/","name":"Bantam Camping AG","description":"","publisher":{"@id":"https:\/\/shop.bantam.ch\/de\/#organization"},"inLanguage":"de"},{"@type":"Organization","@id":"https:\/\/shop.bantam.ch\/de\/#organization","name":"Bantam Camping AG","url":"https:\/\/shop.bantam.ch\/de\/","logo":{"@type":"ImageObject","inLanguage":"de","@id":"https:\/\/shop.bantam.ch\/de\/#\/schema\/logo\/image\/","url":"https:\/\/shop.bantam.ch\/wp-content\/uploads\/2022\/12\/bantam-logo.png","contentUrl":"https:\/\/shop.bantam.ch\/wp-content\/uploads\/2022\/12\/bantam-logo.png","width":320,"height":71,"caption":"Bantam Camping AG"},"image":{"@id":"https:\/\/shop.bantam.ch\/de\/#\/schema\/logo\/image\/"}}]}},"_links":{"self":[{"href":"https:\/\/shop.bantam.ch\/de\/wp-json\/wp\/v2\/product\/62328","targetHints":{"allow":["GET"]}}],"collection":[{"href":"https:\/\/shop.bantam.ch\/de\/wp-json\/wp\/v2\/product"}],"about":[{"href":"https:\/\/shop.bantam.ch\/de\/wp-json\/wp\/v2\/types\/product"}],"wp:featuredmedia":[{"embeddable":true,"href":"https:\/\/shop.bantam.ch\/de\/wp-json\/wp\/v2\/media\/62326"}],"wp:attachment":[{"href":"https:\/\/shop.bantam.ch\/de\/wp-json\/wp\/v2\/media?parent=62328"}],"wp:term":[{"taxonomy":"product_featured_cat","embeddable":true,"href":"https:\/\/shop.bantam.ch\/de\/wp-json\/wp\/v2\/product_featured_cat?post=62328"},{"taxonomy":"product_brand","embeddable":true,"href":"https:\/\/shop.bantam.ch\/de\/wp-json\/wp\/v2\/product_brand?post=62328"},{"taxonomy":"product_cat","embeddable":true,"href":"https:\/\/shop.bantam.ch\/de\/wp-json\/wp\/v2\/product_cat?post=62328"},{"taxonomy":"product_tag","embeddable":true,"href":"https:\/\/shop.bantam.ch\/de\/wp-json\/wp\/v2\/product_tag?post=62328"}],"curies":[{"name":"wp","href":"https:\/\/api.w.org\/{rel}","templated":true}]}}