{"id":62322,"date":"2023-02-27T18:25:29","date_gmt":"2023-02-27T17:25:29","guid":{"rendered":"http:\/\/shop.bantam.ch\/produit\/fuellstandsanzeiger-gaslevel-classic\/"},"modified":"2026-05-11T21:07:44","modified_gmt":"2026-05-11T19:07:44","slug":"fuellstandsanzeiger-gaslevel-classic","status":"publish","type":"product","link":"https:\/\/shop.bantam.ch\/de\/produkt\/fuellstandsanzeiger-gaslevel-classic\/","title":{"rendered":"F\u00fcllstandsanzeiger Gaslevel Classic Fb. grau \/ blau"},"content":{"rendered":"<p>Der universelle Gaslevel von Gaslock ist der perfekte Helfer bei Camping, Grillen, Handwerksarbeiten und f\u00fcr den Einsatz von propangasbetriebenen Outdoor-Heizger\u00e4ten. In Sekundenschnelle zeigt er die F\u00fcllst\u00e4nde in handels\u00fcblichen 5 kg, 11 kg und 33 kg Propan- \/ Butangasflasche an.<br \/>Den Gaslevel mit Hilfe des r\u00fcckseitigen Magneten einfach vertikal an verschiedenen Stellen der Flasche ansetzen. Je nach F\u00fcllzustand des Gef\u00e4\u00dfes wechselt die Signalleuchte von rot auf gr\u00fcn und umgekehrt! Die Messung ist auch an Alu-Flaschen m\u00f6glich.<\/p>\n<p>Lieferumfang:<br \/>Inklusive Lithium Batterie (CR2032)<\/p>\n","protected":false},"excerpt":{"rendered":"<p>Der universelle Gaslevel von Gaslock ist der perfekte Helfer bei Camping, Grillen, Handwerksarbeiten und f\u00fcr den Einsatz von propangasbetriebenen Outdoor-Heizger\u00e4ten. In Sekundenschnelle zeigt er die F\u00fcllst\u00e4nde in handels\u00fcblichen 5 kg, 11 kg und 33 kg Propan- \/ Butangasflasche an.Den Gaslevel mit Hilfe des r\u00fcckseitigen Magneten einfach vertikal an verschiedenen Stellen der Flasche ansetzen. Je nach [&hellip;]<\/p>\n","protected":false},"featured_media":62320,"template":"","meta":{"_acf_changed":false},"product_featured_cat":[],"product_brand":[3399],"product_cat":[4496],"product_tag":[],"class_list":{"0":"post-62322","1":"product","2":"type-product","3":"status-publish","4":"has-post-thumbnail","6":"product_brand-gaslock-de","7":"product_cat-fuellstandsanzeiger","9":"first","10":"instock","11":"taxable","12":"shipping-taxable","13":"purchasable","14":"product-type-simple"},"acf":[],"yoast_head":"<!-- This site is optimized with the Yoast SEO plugin v27.5 - https:\/\/yoast.com\/product\/yoast-seo-wordpress\/ -->\n<title>F\u00fcllstandsanzeiger Gaslevel Classic Fb. grau \/ blau - Bantam<\/title>\n<meta name=\"robots\" content=\"index, follow, max-snippet:-1, max-image-preview:large, max-video-preview:-1\" \/>\n<link rel=\"canonical\" href=\"https:\/\/shop.bantam.ch\/de\/produkt\/fuellstandsanzeiger-gaslevel-classic\/\" \/>\n<meta property=\"og:locale\" content=\"de_DE\" \/>\n<meta property=\"og:type\" content=\"article\" \/>\n<meta property=\"og:title\" content=\"F\u00fcllstandsanzeiger Gaslevel Classic Fb. grau \/ blau - Bantam\" \/>\n<meta property=\"og:description\" content=\"Der universelle Gaslevel von Gaslock ist der perfekte Helfer bei Camping, Grillen, Handwerksarbeiten und f\u00fcr den Einsatz von propangasbetriebenen Outdoor-Heizger\u00e4ten. In Sekundenschnelle zeigt er die F\u00fcllst\u00e4nde in handels\u00fcblichen 5 kg, 11 kg und 33 kg Propan- \/ Butangasflasche an.Den Gaslevel mit Hilfe des r\u00fcckseitigen Magneten einfach vertikal an verschiedenen Stellen der Flasche ansetzen. Je nach [&hellip;]\" \/>\n<meta property=\"og:url\" content=\"https:\/\/shop.bantam.ch\/de\/produkt\/fuellstandsanzeiger-gaslevel-classic\/\" \/>\n<meta property=\"og:site_name\" content=\"Bantam\" \/>\n<meta property=\"article:modified_time\" content=\"2026-05-11T19:07:44+00:00\" \/>\n<meta property=\"og:image\" content=\"https:\/\/shop.bantam.ch\/wp-content\/uploads\/2023\/02\/9951313-100-1-3.jpg\" \/>\n\t<meta property=\"og:image:width\" content=\"667\" \/>\n\t<meta property=\"og:image:height\" content=\"1000\" \/>\n\t<meta property=\"og:image:type\" content=\"image\/jpeg\" \/>\n<meta name=\"twitter:card\" content=\"summary_large_image\" \/>\n<script type=\"application\/ld+json\" class=\"yoast-schema-graph\">{\"@context\":\"https:\\\/\\\/schema.org\",\"@graph\":[{\"@type\":\"WebPage\",\"@id\":\"https:\\\/\\\/shop.bantam.ch\\\/de\\\/produkt\\\/fuellstandsanzeiger-gaslevel-classic\\\/\",\"url\":\"https:\\\/\\\/shop.bantam.ch\\\/de\\\/produkt\\\/fuellstandsanzeiger-gaslevel-classic\\\/\",\"name\":\"F\u00fcllstandsanzeiger Gaslevel Classic Fb. grau \\\/ blau - Bantam\",\"isPartOf\":{\"@id\":\"https:\\\/\\\/shop.bantam.ch\\\/de\\\/#website\"},\"primaryImageOfPage\":{\"@id\":\"https:\\\/\\\/shop.bantam.ch\\\/de\\\/produkt\\\/fuellstandsanzeiger-gaslevel-classic\\\/#primaryimage\"},\"image\":{\"@id\":\"https:\\\/\\\/shop.bantam.ch\\\/de\\\/produkt\\\/fuellstandsanzeiger-gaslevel-classic\\\/#primaryimage\"},\"thumbnailUrl\":\"https:\\\/\\\/shop.bantam.ch\\\/wp-content\\\/uploads\\\/2023\\\/02\\\/9951313-100-1-3.jpg\",\"datePublished\":\"2023-02-27T17:25:29+00:00\",\"dateModified\":\"2026-05-11T19:07:44+00:00\",\"breadcrumb\":{\"@id\":\"https:\\\/\\\/shop.bantam.ch\\\/de\\\/produkt\\\/fuellstandsanzeiger-gaslevel-classic\\\/#breadcrumb\"},\"inLanguage\":\"de\",\"potentialAction\":[{\"@type\":\"ReadAction\",\"target\":[\"https:\\\/\\\/shop.bantam.ch\\\/de\\\/produkt\\\/fuellstandsanzeiger-gaslevel-classic\\\/\"]}]},{\"@type\":\"ImageObject\",\"inLanguage\":\"de\",\"@id\":\"https:\\\/\\\/shop.bantam.ch\\\/de\\\/produkt\\\/fuellstandsanzeiger-gaslevel-classic\\\/#primaryimage\",\"url\":\"https:\\\/\\\/shop.bantam.ch\\\/wp-content\\\/uploads\\\/2023\\\/02\\\/9951313-100-1-3.jpg\",\"contentUrl\":\"https:\\\/\\\/shop.bantam.ch\\\/wp-content\\\/uploads\\\/2023\\\/02\\\/9951313-100-1-3.jpg\",\"width\":667,\"height\":1000},{\"@type\":\"BreadcrumbList\",\"@id\":\"https:\\\/\\\/shop.bantam.ch\\\/de\\\/produkt\\\/fuellstandsanzeiger-gaslevel-classic\\\/#breadcrumb\",\"itemListElement\":[{\"@type\":\"ListItem\",\"position\":1,\"name\":\"Accueil\",\"item\":\"https:\\\/\\\/shop.bantam.ch\\\/de\\\/\"},{\"@type\":\"ListItem\",\"position\":2,\"name\":\"Shop\",\"item\":\"https:\\\/\\\/shop.bantam.ch\\\/de\\\/shop\\\/\"},{\"@type\":\"ListItem\",\"position\":3,\"name\":\"F\u00fcllstandsanzeiger Gaslevel Classic Fb. grau \\\/ blau\"}]},{\"@type\":\"WebSite\",\"@id\":\"https:\\\/\\\/shop.bantam.ch\\\/de\\\/#website\",\"url\":\"https:\\\/\\\/shop.bantam.ch\\\/de\\\/\",\"name\":\"Bantam\",\"description\":\"\",\"publisher\":{\"@id\":\"https:\\\/\\\/shop.bantam.ch\\\/de\\\/#organization\"},\"inLanguage\":\"de\"},{\"@type\":\"Organization\",\"@id\":\"https:\\\/\\\/shop.bantam.ch\\\/de\\\/#organization\",\"name\":\"Bantam\",\"url\":\"https:\\\/\\\/shop.bantam.ch\\\/de\\\/\",\"logo\":{\"@type\":\"ImageObject\",\"inLanguage\":\"de\",\"@id\":\"https:\\\/\\\/shop.bantam.ch\\\/de\\\/#\\\/schema\\\/logo\\\/image\\\/\",\"url\":\"https:\\\/\\\/shop.bantam.ch\\\/wp-content\\\/uploads\\\/2022\\\/12\\\/bantam-logo.png\",\"contentUrl\":\"https:\\\/\\\/shop.bantam.ch\\\/wp-content\\\/uploads\\\/2022\\\/12\\\/bantam-logo.png\",\"width\":320,\"height\":71,\"caption\":\"Bantam\"},\"image\":{\"@id\":\"https:\\\/\\\/shop.bantam.ch\\\/de\\\/#\\\/schema\\\/logo\\\/image\\\/\"}}]}<\/script>\n<!-- \/ Yoast SEO plugin. -->","yoast_head_json":{"title":"F\u00fcllstandsanzeiger Gaslevel Classic Fb. grau \/ blau - Bantam","robots":{"index":"index","follow":"follow","max-snippet":"max-snippet:-1","max-image-preview":"max-image-preview:large","max-video-preview":"max-video-preview:-1"},"canonical":"https:\/\/shop.bantam.ch\/de\/produkt\/fuellstandsanzeiger-gaslevel-classic\/","og_locale":"de_DE","og_type":"article","og_title":"F\u00fcllstandsanzeiger Gaslevel Classic Fb. grau \/ blau - Bantam","og_description":"Der universelle Gaslevel von Gaslock ist der perfekte Helfer bei Camping, Grillen, Handwerksarbeiten und f\u00fcr den Einsatz von propangasbetriebenen Outdoor-Heizger\u00e4ten. In Sekundenschnelle zeigt er die F\u00fcllst\u00e4nde in handels\u00fcblichen 5 kg, 11 kg und 33 kg Propan- \/ Butangasflasche an.Den Gaslevel mit Hilfe des r\u00fcckseitigen Magneten einfach vertikal an verschiedenen Stellen der Flasche ansetzen. Je nach [&hellip;]","og_url":"https:\/\/shop.bantam.ch\/de\/produkt\/fuellstandsanzeiger-gaslevel-classic\/","og_site_name":"Bantam","article_modified_time":"2026-05-11T19:07:44+00:00","og_image":[{"width":667,"height":1000,"url":"https:\/\/shop.bantam.ch\/wp-content\/uploads\/2023\/02\/9951313-100-1-3.jpg","type":"image\/jpeg"}],"twitter_card":"summary_large_image","schema":{"@context":"https:\/\/schema.org","@graph":[{"@type":"WebPage","@id":"https:\/\/shop.bantam.ch\/de\/produkt\/fuellstandsanzeiger-gaslevel-classic\/","url":"https:\/\/shop.bantam.ch\/de\/produkt\/fuellstandsanzeiger-gaslevel-classic\/","name":"F\u00fcllstandsanzeiger Gaslevel Classic Fb. grau \/ blau - Bantam","isPartOf":{"@id":"https:\/\/shop.bantam.ch\/de\/#website"},"primaryImageOfPage":{"@id":"https:\/\/shop.bantam.ch\/de\/produkt\/fuellstandsanzeiger-gaslevel-classic\/#primaryimage"},"image":{"@id":"https:\/\/shop.bantam.ch\/de\/produkt\/fuellstandsanzeiger-gaslevel-classic\/#primaryimage"},"thumbnailUrl":"https:\/\/shop.bantam.ch\/wp-content\/uploads\/2023\/02\/9951313-100-1-3.jpg","datePublished":"2023-02-27T17:25:29+00:00","dateModified":"2026-05-11T19:07:44+00:00","breadcrumb":{"@id":"https:\/\/shop.bantam.ch\/de\/produkt\/fuellstandsanzeiger-gaslevel-classic\/#breadcrumb"},"inLanguage":"de","potentialAction":[{"@type":"ReadAction","target":["https:\/\/shop.bantam.ch\/de\/produkt\/fuellstandsanzeiger-gaslevel-classic\/"]}]},{"@type":"ImageObject","inLanguage":"de","@id":"https:\/\/shop.bantam.ch\/de\/produkt\/fuellstandsanzeiger-gaslevel-classic\/#primaryimage","url":"https:\/\/shop.bantam.ch\/wp-content\/uploads\/2023\/02\/9951313-100-1-3.jpg","contentUrl":"https:\/\/shop.bantam.ch\/wp-content\/uploads\/2023\/02\/9951313-100-1-3.jpg","width":667,"height":1000},{"@type":"BreadcrumbList","@id":"https:\/\/shop.bantam.ch\/de\/produkt\/fuellstandsanzeiger-gaslevel-classic\/#breadcrumb","itemListElement":[{"@type":"ListItem","position":1,"name":"Accueil","item":"https:\/\/shop.bantam.ch\/de\/"},{"@type":"ListItem","position":2,"name":"Shop","item":"https:\/\/shop.bantam.ch\/de\/shop\/"},{"@type":"ListItem","position":3,"name":"F\u00fcllstandsanzeiger Gaslevel Classic Fb. grau \/ blau"}]},{"@type":"WebSite","@id":"https:\/\/shop.bantam.ch\/de\/#website","url":"https:\/\/shop.bantam.ch\/de\/","name":"Bantam","description":"","publisher":{"@id":"https:\/\/shop.bantam.ch\/de\/#organization"},"inLanguage":"de"},{"@type":"Organization","@id":"https:\/\/shop.bantam.ch\/de\/#organization","name":"Bantam","url":"https:\/\/shop.bantam.ch\/de\/","logo":{"@type":"ImageObject","inLanguage":"de","@id":"https:\/\/shop.bantam.ch\/de\/#\/schema\/logo\/image\/","url":"https:\/\/shop.bantam.ch\/wp-content\/uploads\/2022\/12\/bantam-logo.png","contentUrl":"https:\/\/shop.bantam.ch\/wp-content\/uploads\/2022\/12\/bantam-logo.png","width":320,"height":71,"caption":"Bantam"},"image":{"@id":"https:\/\/shop.bantam.ch\/de\/#\/schema\/logo\/image\/"}}]}},"_links":{"self":[{"href":"https:\/\/shop.bantam.ch\/de\/wp-json\/wp\/v2\/product\/62322","targetHints":{"allow":["GET"]}}],"collection":[{"href":"https:\/\/shop.bantam.ch\/de\/wp-json\/wp\/v2\/product"}],"about":[{"href":"https:\/\/shop.bantam.ch\/de\/wp-json\/wp\/v2\/types\/product"}],"wp:featuredmedia":[{"embeddable":true,"href":"https:\/\/shop.bantam.ch\/de\/wp-json\/wp\/v2\/media\/62320"}],"wp:attachment":[{"href":"https:\/\/shop.bantam.ch\/de\/wp-json\/wp\/v2\/media?parent=62322"}],"wp:term":[{"taxonomy":"product_featured_cat","embeddable":true,"href":"https:\/\/shop.bantam.ch\/de\/wp-json\/wp\/v2\/product_featured_cat?post=62322"},{"taxonomy":"product_brand","embeddable":true,"href":"https:\/\/shop.bantam.ch\/de\/wp-json\/wp\/v2\/product_brand?post=62322"},{"taxonomy":"product_cat","embeddable":true,"href":"https:\/\/shop.bantam.ch\/de\/wp-json\/wp\/v2\/product_cat?post=62322"},{"taxonomy":"product_tag","embeddable":true,"href":"https:\/\/shop.bantam.ch\/de\/wp-json\/wp\/v2\/product_tag?post=62322"}],"curies":[{"name":"wp","href":"https:\/\/api.w.org\/{rel}","templated":true}]}}