{"id":62248,"date":"2023-02-27T18:24:11","date_gmt":"2023-02-27T17:24:11","guid":{"rendered":"http:\/\/shop.bantam.ch\/produit\/gemuesehalter-zu-spiralschneider-spirelli\/"},"modified":"2026-04-19T21:08:50","modified_gmt":"2026-04-19T19:08:50","slug":"gemuesehalter-zu-spiralschneider-spirelli","status":"publish","type":"product","link":"https:\/\/shop.bantam.ch\/de\/produkt\/gemuesehalter-zu-spiralschneider-spirelli\/","title":{"rendered":"Gem\u00fcsehalter Edelstahl \/ Kunststoff Gefu zu Spiralschneider Spirelli"},"content":{"rendered":"<p>Passend zum Spiralschneider Spirelli. Wer den Spiralschneider Spirelli mit dem Gem\u00fcsehalter erg\u00e4nzt, m\u00f6chte diesen nicht mehr missen. Drei Edelstahlstifte sorgen f\u00fcr einen sicheren Halt und der nachschiebbare Stempel erm\u00f6glicht eine effizientere Ausnutzung des Gem\u00fcses.<\/p>\n<p>Material:<br \/>Edelstahl, Kunststoff<\/p>\n","protected":false},"excerpt":{"rendered":"<p>Passend zum Spiralschneider Spirelli. Wer den Spiralschneider Spirelli mit dem Gem\u00fcsehalter erg\u00e4nzt, m\u00f6chte diesen nicht mehr missen. Drei Edelstahlstifte sorgen f\u00fcr einen sicheren Halt und der nachschiebbare Stempel erm\u00f6glicht eine effizientere Ausnutzung des Gem\u00fcses. Material:Edelstahl, Kunststoff<\/p>\n","protected":false},"featured_media":62244,"template":"","meta":{"_acf_changed":false},"product_featured_cat":[],"product_brand":[3343],"product_cat":[4286],"product_tag":[],"class_list":{"0":"post-62248","1":"product","2":"type-product","3":"status-publish","4":"has-post-thumbnail","6":"product_brand-gefu-de","7":"product_cat-kuechenhelfer","9":"first","10":"instock","11":"taxable","12":"shipping-taxable","13":"purchasable","14":"product-type-simple"},"acf":[],"yoast_head":"<!-- This site is optimized with the Yoast SEO plugin v27.4 - https:\/\/yoast.com\/product\/yoast-seo-wordpress\/ -->\n<title>Gem\u00fcsehalter Edelstahl \/ Kunststoff Gefu zu Spiralschneider Spirelli - Bantam Camping AG<\/title>\n<meta name=\"robots\" content=\"index, follow, max-snippet:-1, max-image-preview:large, max-video-preview:-1\" \/>\n<link rel=\"canonical\" href=\"https:\/\/shop.bantam.ch\/de\/produkt\/gemuesehalter-zu-spiralschneider-spirelli\/\" \/>\n<meta property=\"og:locale\" content=\"de_DE\" \/>\n<meta property=\"og:type\" content=\"article\" \/>\n<meta property=\"og:title\" content=\"Gem\u00fcsehalter Edelstahl \/ Kunststoff Gefu zu Spiralschneider Spirelli - Bantam Camping AG\" \/>\n<meta property=\"og:description\" content=\"Passend zum Spiralschneider Spirelli. Wer den Spiralschneider Spirelli mit dem Gem\u00fcsehalter erg\u00e4nzt, m\u00f6chte diesen nicht mehr missen. Drei Edelstahlstifte sorgen f\u00fcr einen sicheren Halt und der nachschiebbare Stempel erm\u00f6glicht eine effizientere Ausnutzung des Gem\u00fcses. Material:Edelstahl, Kunststoff\" \/>\n<meta property=\"og:url\" content=\"https:\/\/shop.bantam.ch\/de\/produkt\/gemuesehalter-zu-spiralschneider-spirelli\/\" \/>\n<meta property=\"og:site_name\" content=\"Bantam Camping AG\" \/>\n<meta property=\"article:modified_time\" content=\"2026-04-19T19:08:50+00:00\" \/>\n<meta property=\"og:image\" content=\"https:\/\/shop.bantam.ch\/wp-content\/uploads\/2023\/02\/9951253-100-1-3.jpg\" \/>\n\t<meta property=\"og:image:width\" content=\"899\" \/>\n\t<meta property=\"og:image:height\" content=\"1000\" \/>\n\t<meta property=\"og:image:type\" content=\"image\/jpeg\" \/>\n<meta name=\"twitter:card\" content=\"summary_large_image\" \/>\n<script type=\"application\/ld+json\" class=\"yoast-schema-graph\">{\"@context\":\"https:\\\/\\\/schema.org\",\"@graph\":[{\"@type\":\"WebPage\",\"@id\":\"https:\\\/\\\/shop.bantam.ch\\\/de\\\/produkt\\\/gemuesehalter-zu-spiralschneider-spirelli\\\/\",\"url\":\"https:\\\/\\\/shop.bantam.ch\\\/de\\\/produkt\\\/gemuesehalter-zu-spiralschneider-spirelli\\\/\",\"name\":\"Gem\u00fcsehalter Edelstahl \\\/ Kunststoff Gefu zu Spiralschneider Spirelli - Bantam Camping AG\",\"isPartOf\":{\"@id\":\"https:\\\/\\\/shop.bantam.ch\\\/de\\\/#website\"},\"primaryImageOfPage\":{\"@id\":\"https:\\\/\\\/shop.bantam.ch\\\/de\\\/produkt\\\/gemuesehalter-zu-spiralschneider-spirelli\\\/#primaryimage\"},\"image\":{\"@id\":\"https:\\\/\\\/shop.bantam.ch\\\/de\\\/produkt\\\/gemuesehalter-zu-spiralschneider-spirelli\\\/#primaryimage\"},\"thumbnailUrl\":\"https:\\\/\\\/shop.bantam.ch\\\/wp-content\\\/uploads\\\/2023\\\/02\\\/9951253-100-1-3.jpg\",\"datePublished\":\"2023-02-27T17:24:11+00:00\",\"dateModified\":\"2026-04-19T19:08:50+00:00\",\"breadcrumb\":{\"@id\":\"https:\\\/\\\/shop.bantam.ch\\\/de\\\/produkt\\\/gemuesehalter-zu-spiralschneider-spirelli\\\/#breadcrumb\"},\"inLanguage\":\"de\",\"potentialAction\":[{\"@type\":\"ReadAction\",\"target\":[\"https:\\\/\\\/shop.bantam.ch\\\/de\\\/produkt\\\/gemuesehalter-zu-spiralschneider-spirelli\\\/\"]}]},{\"@type\":\"ImageObject\",\"inLanguage\":\"de\",\"@id\":\"https:\\\/\\\/shop.bantam.ch\\\/de\\\/produkt\\\/gemuesehalter-zu-spiralschneider-spirelli\\\/#primaryimage\",\"url\":\"https:\\\/\\\/shop.bantam.ch\\\/wp-content\\\/uploads\\\/2023\\\/02\\\/9951253-100-1-3.jpg\",\"contentUrl\":\"https:\\\/\\\/shop.bantam.ch\\\/wp-content\\\/uploads\\\/2023\\\/02\\\/9951253-100-1-3.jpg\",\"width\":899,\"height\":1000},{\"@type\":\"BreadcrumbList\",\"@id\":\"https:\\\/\\\/shop.bantam.ch\\\/de\\\/produkt\\\/gemuesehalter-zu-spiralschneider-spirelli\\\/#breadcrumb\",\"itemListElement\":[{\"@type\":\"ListItem\",\"position\":1,\"name\":\"Accueil\",\"item\":\"https:\\\/\\\/shop.bantam.ch\\\/de\\\/\"},{\"@type\":\"ListItem\",\"position\":2,\"name\":\"Shop\",\"item\":\"https:\\\/\\\/shop.bantam.ch\\\/de\\\/shop\\\/\"},{\"@type\":\"ListItem\",\"position\":3,\"name\":\"Gem\u00fcsehalter Edelstahl \\\/ Kunststoff Gefu zu Spiralschneider Spirelli\"}]},{\"@type\":\"WebSite\",\"@id\":\"https:\\\/\\\/shop.bantam.ch\\\/de\\\/#website\",\"url\":\"https:\\\/\\\/shop.bantam.ch\\\/de\\\/\",\"name\":\"Bantam Camping AG\",\"description\":\"\",\"publisher\":{\"@id\":\"https:\\\/\\\/shop.bantam.ch\\\/de\\\/#organization\"},\"inLanguage\":\"de\"},{\"@type\":\"Organization\",\"@id\":\"https:\\\/\\\/shop.bantam.ch\\\/de\\\/#organization\",\"name\":\"Bantam Camping AG\",\"url\":\"https:\\\/\\\/shop.bantam.ch\\\/de\\\/\",\"logo\":{\"@type\":\"ImageObject\",\"inLanguage\":\"de\",\"@id\":\"https:\\\/\\\/shop.bantam.ch\\\/de\\\/#\\\/schema\\\/logo\\\/image\\\/\",\"url\":\"https:\\\/\\\/shop.bantam.ch\\\/wp-content\\\/uploads\\\/2022\\\/12\\\/bantam-logo.png\",\"contentUrl\":\"https:\\\/\\\/shop.bantam.ch\\\/wp-content\\\/uploads\\\/2022\\\/12\\\/bantam-logo.png\",\"width\":320,\"height\":71,\"caption\":\"Bantam Camping AG\"},\"image\":{\"@id\":\"https:\\\/\\\/shop.bantam.ch\\\/de\\\/#\\\/schema\\\/logo\\\/image\\\/\"}}]}<\/script>\n<!-- \/ Yoast SEO plugin. -->","yoast_head_json":{"title":"Gem\u00fcsehalter Edelstahl \/ Kunststoff Gefu zu Spiralschneider Spirelli - Bantam Camping AG","robots":{"index":"index","follow":"follow","max-snippet":"max-snippet:-1","max-image-preview":"max-image-preview:large","max-video-preview":"max-video-preview:-1"},"canonical":"https:\/\/shop.bantam.ch\/de\/produkt\/gemuesehalter-zu-spiralschneider-spirelli\/","og_locale":"de_DE","og_type":"article","og_title":"Gem\u00fcsehalter Edelstahl \/ Kunststoff Gefu zu Spiralschneider Spirelli - Bantam Camping AG","og_description":"Passend zum Spiralschneider Spirelli. Wer den Spiralschneider Spirelli mit dem Gem\u00fcsehalter erg\u00e4nzt, m\u00f6chte diesen nicht mehr missen. Drei Edelstahlstifte sorgen f\u00fcr einen sicheren Halt und der nachschiebbare Stempel erm\u00f6glicht eine effizientere Ausnutzung des Gem\u00fcses. Material:Edelstahl, Kunststoff","og_url":"https:\/\/shop.bantam.ch\/de\/produkt\/gemuesehalter-zu-spiralschneider-spirelli\/","og_site_name":"Bantam Camping AG","article_modified_time":"2026-04-19T19:08:50+00:00","og_image":[{"width":899,"height":1000,"url":"https:\/\/shop.bantam.ch\/wp-content\/uploads\/2023\/02\/9951253-100-1-3.jpg","type":"image\/jpeg"}],"twitter_card":"summary_large_image","schema":{"@context":"https:\/\/schema.org","@graph":[{"@type":"WebPage","@id":"https:\/\/shop.bantam.ch\/de\/produkt\/gemuesehalter-zu-spiralschneider-spirelli\/","url":"https:\/\/shop.bantam.ch\/de\/produkt\/gemuesehalter-zu-spiralschneider-spirelli\/","name":"Gem\u00fcsehalter Edelstahl \/ Kunststoff Gefu zu Spiralschneider Spirelli - Bantam Camping AG","isPartOf":{"@id":"https:\/\/shop.bantam.ch\/de\/#website"},"primaryImageOfPage":{"@id":"https:\/\/shop.bantam.ch\/de\/produkt\/gemuesehalter-zu-spiralschneider-spirelli\/#primaryimage"},"image":{"@id":"https:\/\/shop.bantam.ch\/de\/produkt\/gemuesehalter-zu-spiralschneider-spirelli\/#primaryimage"},"thumbnailUrl":"https:\/\/shop.bantam.ch\/wp-content\/uploads\/2023\/02\/9951253-100-1-3.jpg","datePublished":"2023-02-27T17:24:11+00:00","dateModified":"2026-04-19T19:08:50+00:00","breadcrumb":{"@id":"https:\/\/shop.bantam.ch\/de\/produkt\/gemuesehalter-zu-spiralschneider-spirelli\/#breadcrumb"},"inLanguage":"de","potentialAction":[{"@type":"ReadAction","target":["https:\/\/shop.bantam.ch\/de\/produkt\/gemuesehalter-zu-spiralschneider-spirelli\/"]}]},{"@type":"ImageObject","inLanguage":"de","@id":"https:\/\/shop.bantam.ch\/de\/produkt\/gemuesehalter-zu-spiralschneider-spirelli\/#primaryimage","url":"https:\/\/shop.bantam.ch\/wp-content\/uploads\/2023\/02\/9951253-100-1-3.jpg","contentUrl":"https:\/\/shop.bantam.ch\/wp-content\/uploads\/2023\/02\/9951253-100-1-3.jpg","width":899,"height":1000},{"@type":"BreadcrumbList","@id":"https:\/\/shop.bantam.ch\/de\/produkt\/gemuesehalter-zu-spiralschneider-spirelli\/#breadcrumb","itemListElement":[{"@type":"ListItem","position":1,"name":"Accueil","item":"https:\/\/shop.bantam.ch\/de\/"},{"@type":"ListItem","position":2,"name":"Shop","item":"https:\/\/shop.bantam.ch\/de\/shop\/"},{"@type":"ListItem","position":3,"name":"Gem\u00fcsehalter Edelstahl \/ Kunststoff Gefu zu Spiralschneider Spirelli"}]},{"@type":"WebSite","@id":"https:\/\/shop.bantam.ch\/de\/#website","url":"https:\/\/shop.bantam.ch\/de\/","name":"Bantam Camping AG","description":"","publisher":{"@id":"https:\/\/shop.bantam.ch\/de\/#organization"},"inLanguage":"de"},{"@type":"Organization","@id":"https:\/\/shop.bantam.ch\/de\/#organization","name":"Bantam Camping AG","url":"https:\/\/shop.bantam.ch\/de\/","logo":{"@type":"ImageObject","inLanguage":"de","@id":"https:\/\/shop.bantam.ch\/de\/#\/schema\/logo\/image\/","url":"https:\/\/shop.bantam.ch\/wp-content\/uploads\/2022\/12\/bantam-logo.png","contentUrl":"https:\/\/shop.bantam.ch\/wp-content\/uploads\/2022\/12\/bantam-logo.png","width":320,"height":71,"caption":"Bantam Camping AG"},"image":{"@id":"https:\/\/shop.bantam.ch\/de\/#\/schema\/logo\/image\/"}}]}},"_links":{"self":[{"href":"https:\/\/shop.bantam.ch\/de\/wp-json\/wp\/v2\/product\/62248","targetHints":{"allow":["GET"]}}],"collection":[{"href":"https:\/\/shop.bantam.ch\/de\/wp-json\/wp\/v2\/product"}],"about":[{"href":"https:\/\/shop.bantam.ch\/de\/wp-json\/wp\/v2\/types\/product"}],"wp:featuredmedia":[{"embeddable":true,"href":"https:\/\/shop.bantam.ch\/de\/wp-json\/wp\/v2\/media\/62244"}],"wp:attachment":[{"href":"https:\/\/shop.bantam.ch\/de\/wp-json\/wp\/v2\/media?parent=62248"}],"wp:term":[{"taxonomy":"product_featured_cat","embeddable":true,"href":"https:\/\/shop.bantam.ch\/de\/wp-json\/wp\/v2\/product_featured_cat?post=62248"},{"taxonomy":"product_brand","embeddable":true,"href":"https:\/\/shop.bantam.ch\/de\/wp-json\/wp\/v2\/product_brand?post=62248"},{"taxonomy":"product_cat","embeddable":true,"href":"https:\/\/shop.bantam.ch\/de\/wp-json\/wp\/v2\/product_cat?post=62248"},{"taxonomy":"product_tag","embeddable":true,"href":"https:\/\/shop.bantam.ch\/de\/wp-json\/wp\/v2\/product_tag?post=62248"}],"curies":[{"name":"wp","href":"https:\/\/api.w.org\/{rel}","templated":true}]}}