{"id":62138,"date":"2023-02-27T18:21:49","date_gmt":"2023-02-27T17:21:49","guid":{"rendered":"http:\/\/shop.bantam.ch\/produit\/markisenset-fix-go-peg-stop\/"},"modified":"2026-04-17T21:07:18","modified_gmt":"2026-04-17T19:07:18","slug":"markisenset-fix-go-peg-stop","status":"publish","type":"product","link":"https:\/\/shop.bantam.ch\/de\/produkt\/markisenset-fix-go-peg-stop\/","title":{"rendered":"Markisenset Peggy Peg Fix &amp; Go \/ Peg &amp; Stop"},"content":{"rendered":"<p>Zur Befestigung von Markisen, Sackmarkisen und Sonnend\u00e4chern handels\u00fcblicher Marken. Oder auch als Verankerung von Sturmb\u00e4ndern etc. Die bekannte Fix&amp;Go Ankerplatte 2.0 erlaubt das Einfahren der Markise im Handumdrehen ohne Werkzeug. Der Schraubhering Peg&amp;Stop mit Kontermutter erm\u00f6glicht das stufenlose Fixieren der Schraube, auch wenn diese nicht ganz eingeschraubt werden konnte. Der Schlagschraubhering Hardcore rundet die Sortierung f\u00fcr harte und weiche B\u00f6den ab.<\/p>\n<p>Empfohlene Erg\u00e4nzung: Peggy Peg TieStrap und Fix&amp;Go Bridge.<\/p>\n<p>16-teiliges Set bestehend aus:<br \/>6 Peg&amp;Stop mit Kontermuttern 16 cm<br \/>4 Schlagschraubheringe HC 15 cm<br \/>2 Peggy L 31 cm<br \/>1 Kombi Tool mit Aluadapter<br \/>1 Paar Fix&amp;Go Ankerplatte 2.0 mit Sturmhaken<br \/>Aufbewahrungstasche aus 100% Polyester (ohne Band).<\/p>\n","protected":false},"excerpt":{"rendered":"<p>Zur Befestigung von Markisen, Sackmarkisen und Sonnend\u00e4chern handels\u00fcblicher Marken. Oder auch als Verankerung von Sturmb\u00e4ndern etc. Die bekannte Fix&amp;Go Ankerplatte 2.0 erlaubt das Einfahren der Markise im Handumdrehen ohne Werkzeug. Der Schraubhering Peg&amp;Stop mit Kontermutter erm\u00f6glicht das stufenlose Fixieren der Schraube, auch wenn diese nicht ganz eingeschraubt werden konnte. Der Schlagschraubhering Hardcore rundet die Sortierung [&hellip;]<\/p>\n","protected":false},"featured_media":62136,"template":"","meta":{"_acf_changed":false},"product_featured_cat":[],"product_brand":[3117],"product_cat":[4228],"product_tag":[],"class_list":{"0":"post-62138","1":"product","2":"type-product","3":"status-publish","4":"has-post-thumbnail","6":"product_brand-peggy-peg-de","7":"product_cat-markisen-befestigung","9":"first","10":"instock","11":"taxable","12":"shipping-taxable","13":"purchasable","14":"product-type-simple"},"acf":[],"yoast_head":"<!-- This site is optimized with the Yoast SEO plugin v27.4 - https:\/\/yoast.com\/product\/yoast-seo-wordpress\/ -->\n<title>Markisenset Peggy Peg Fix &amp; Go \/ Peg &amp; Stop - Bantam Camping AG<\/title>\n<meta name=\"robots\" content=\"index, follow, max-snippet:-1, max-image-preview:large, max-video-preview:-1\" \/>\n<link rel=\"canonical\" href=\"https:\/\/shop.bantam.ch\/de\/produkt\/markisenset-fix-go-peg-stop\/\" \/>\n<meta property=\"og:locale\" content=\"de_DE\" \/>\n<meta property=\"og:type\" content=\"article\" \/>\n<meta property=\"og:title\" content=\"Markisenset Peggy Peg Fix &amp; Go \/ Peg &amp; Stop - Bantam Camping AG\" \/>\n<meta property=\"og:description\" content=\"Zur Befestigung von Markisen, Sackmarkisen und Sonnend\u00e4chern handels\u00fcblicher Marken. Oder auch als Verankerung von Sturmb\u00e4ndern etc. Die bekannte Fix&amp;Go Ankerplatte 2.0 erlaubt das Einfahren der Markise im Handumdrehen ohne Werkzeug. Der Schraubhering Peg&amp;Stop mit Kontermutter erm\u00f6glicht das stufenlose Fixieren der Schraube, auch wenn diese nicht ganz eingeschraubt werden konnte. Der Schlagschraubhering Hardcore rundet die Sortierung [&hellip;]\" \/>\n<meta property=\"og:url\" content=\"https:\/\/shop.bantam.ch\/de\/produkt\/markisenset-fix-go-peg-stop\/\" \/>\n<meta property=\"og:site_name\" content=\"Bantam Camping AG\" \/>\n<meta property=\"article:modified_time\" content=\"2026-04-17T19:07:18+00:00\" \/>\n<meta property=\"og:image\" content=\"https:\/\/shop.bantam.ch\/wp-content\/uploads\/2023\/02\/9940650-100-1-3.jpg\" \/>\n\t<meta property=\"og:image:width\" content=\"1000\" \/>\n\t<meta property=\"og:image:height\" content=\"750\" \/>\n\t<meta property=\"og:image:type\" content=\"image\/jpeg\" \/>\n<meta name=\"twitter:card\" content=\"summary_large_image\" \/>\n<meta name=\"twitter:label1\" content=\"Gesch\u00e4tzte Lesezeit\" \/>\n\t<meta name=\"twitter:data1\" content=\"1\u00a0Minute\" \/>\n<script type=\"application\/ld+json\" class=\"yoast-schema-graph\">{\"@context\":\"https:\\\/\\\/schema.org\",\"@graph\":[{\"@type\":\"WebPage\",\"@id\":\"https:\\\/\\\/shop.bantam.ch\\\/de\\\/produkt\\\/markisenset-fix-go-peg-stop\\\/\",\"url\":\"https:\\\/\\\/shop.bantam.ch\\\/de\\\/produkt\\\/markisenset-fix-go-peg-stop\\\/\",\"name\":\"Markisenset Peggy Peg Fix &amp; Go \\\/ Peg &amp; Stop - Bantam Camping AG\",\"isPartOf\":{\"@id\":\"https:\\\/\\\/shop.bantam.ch\\\/de\\\/#website\"},\"primaryImageOfPage\":{\"@id\":\"https:\\\/\\\/shop.bantam.ch\\\/de\\\/produkt\\\/markisenset-fix-go-peg-stop\\\/#primaryimage\"},\"image\":{\"@id\":\"https:\\\/\\\/shop.bantam.ch\\\/de\\\/produkt\\\/markisenset-fix-go-peg-stop\\\/#primaryimage\"},\"thumbnailUrl\":\"https:\\\/\\\/shop.bantam.ch\\\/wp-content\\\/uploads\\\/2023\\\/02\\\/9940650-100-1-3.jpg\",\"datePublished\":\"2023-02-27T17:21:49+00:00\",\"dateModified\":\"2026-04-17T19:07:18+00:00\",\"breadcrumb\":{\"@id\":\"https:\\\/\\\/shop.bantam.ch\\\/de\\\/produkt\\\/markisenset-fix-go-peg-stop\\\/#breadcrumb\"},\"inLanguage\":\"de\",\"potentialAction\":[{\"@type\":\"ReadAction\",\"target\":[\"https:\\\/\\\/shop.bantam.ch\\\/de\\\/produkt\\\/markisenset-fix-go-peg-stop\\\/\"]}]},{\"@type\":\"ImageObject\",\"inLanguage\":\"de\",\"@id\":\"https:\\\/\\\/shop.bantam.ch\\\/de\\\/produkt\\\/markisenset-fix-go-peg-stop\\\/#primaryimage\",\"url\":\"https:\\\/\\\/shop.bantam.ch\\\/wp-content\\\/uploads\\\/2023\\\/02\\\/9940650-100-1-3.jpg\",\"contentUrl\":\"https:\\\/\\\/shop.bantam.ch\\\/wp-content\\\/uploads\\\/2023\\\/02\\\/9940650-100-1-3.jpg\",\"width\":1000,\"height\":750},{\"@type\":\"BreadcrumbList\",\"@id\":\"https:\\\/\\\/shop.bantam.ch\\\/de\\\/produkt\\\/markisenset-fix-go-peg-stop\\\/#breadcrumb\",\"itemListElement\":[{\"@type\":\"ListItem\",\"position\":1,\"name\":\"Accueil\",\"item\":\"https:\\\/\\\/shop.bantam.ch\\\/de\\\/\"},{\"@type\":\"ListItem\",\"position\":2,\"name\":\"Shop\",\"item\":\"https:\\\/\\\/shop.bantam.ch\\\/de\\\/shop\\\/\"},{\"@type\":\"ListItem\",\"position\":3,\"name\":\"Markisenset Peggy Peg Fix &amp; Go \\\/ Peg &amp; Stop\"}]},{\"@type\":\"WebSite\",\"@id\":\"https:\\\/\\\/shop.bantam.ch\\\/de\\\/#website\",\"url\":\"https:\\\/\\\/shop.bantam.ch\\\/de\\\/\",\"name\":\"Bantam Camping AG\",\"description\":\"\",\"publisher\":{\"@id\":\"https:\\\/\\\/shop.bantam.ch\\\/de\\\/#organization\"},\"inLanguage\":\"de\"},{\"@type\":\"Organization\",\"@id\":\"https:\\\/\\\/shop.bantam.ch\\\/de\\\/#organization\",\"name\":\"Bantam Camping AG\",\"url\":\"https:\\\/\\\/shop.bantam.ch\\\/de\\\/\",\"logo\":{\"@type\":\"ImageObject\",\"inLanguage\":\"de\",\"@id\":\"https:\\\/\\\/shop.bantam.ch\\\/de\\\/#\\\/schema\\\/logo\\\/image\\\/\",\"url\":\"https:\\\/\\\/shop.bantam.ch\\\/wp-content\\\/uploads\\\/2022\\\/12\\\/bantam-logo.png\",\"contentUrl\":\"https:\\\/\\\/shop.bantam.ch\\\/wp-content\\\/uploads\\\/2022\\\/12\\\/bantam-logo.png\",\"width\":320,\"height\":71,\"caption\":\"Bantam Camping AG\"},\"image\":{\"@id\":\"https:\\\/\\\/shop.bantam.ch\\\/de\\\/#\\\/schema\\\/logo\\\/image\\\/\"}}]}<\/script>\n<!-- \/ Yoast SEO plugin. -->","yoast_head_json":{"title":"Markisenset Peggy Peg Fix &amp; Go \/ Peg &amp; Stop - Bantam Camping AG","robots":{"index":"index","follow":"follow","max-snippet":"max-snippet:-1","max-image-preview":"max-image-preview:large","max-video-preview":"max-video-preview:-1"},"canonical":"https:\/\/shop.bantam.ch\/de\/produkt\/markisenset-fix-go-peg-stop\/","og_locale":"de_DE","og_type":"article","og_title":"Markisenset Peggy Peg Fix &amp; Go \/ Peg &amp; Stop - Bantam Camping AG","og_description":"Zur Befestigung von Markisen, Sackmarkisen und Sonnend\u00e4chern handels\u00fcblicher Marken. Oder auch als Verankerung von Sturmb\u00e4ndern etc. Die bekannte Fix&amp;Go Ankerplatte 2.0 erlaubt das Einfahren der Markise im Handumdrehen ohne Werkzeug. Der Schraubhering Peg&amp;Stop mit Kontermutter erm\u00f6glicht das stufenlose Fixieren der Schraube, auch wenn diese nicht ganz eingeschraubt werden konnte. Der Schlagschraubhering Hardcore rundet die Sortierung [&hellip;]","og_url":"https:\/\/shop.bantam.ch\/de\/produkt\/markisenset-fix-go-peg-stop\/","og_site_name":"Bantam Camping AG","article_modified_time":"2026-04-17T19:07:18+00:00","og_image":[{"width":1000,"height":750,"url":"https:\/\/shop.bantam.ch\/wp-content\/uploads\/2023\/02\/9940650-100-1-3.jpg","type":"image\/jpeg"}],"twitter_card":"summary_large_image","twitter_misc":{"Gesch\u00e4tzte Lesezeit":"1\u00a0Minute"},"schema":{"@context":"https:\/\/schema.org","@graph":[{"@type":"WebPage","@id":"https:\/\/shop.bantam.ch\/de\/produkt\/markisenset-fix-go-peg-stop\/","url":"https:\/\/shop.bantam.ch\/de\/produkt\/markisenset-fix-go-peg-stop\/","name":"Markisenset Peggy Peg Fix &amp; Go \/ Peg &amp; Stop - Bantam Camping AG","isPartOf":{"@id":"https:\/\/shop.bantam.ch\/de\/#website"},"primaryImageOfPage":{"@id":"https:\/\/shop.bantam.ch\/de\/produkt\/markisenset-fix-go-peg-stop\/#primaryimage"},"image":{"@id":"https:\/\/shop.bantam.ch\/de\/produkt\/markisenset-fix-go-peg-stop\/#primaryimage"},"thumbnailUrl":"https:\/\/shop.bantam.ch\/wp-content\/uploads\/2023\/02\/9940650-100-1-3.jpg","datePublished":"2023-02-27T17:21:49+00:00","dateModified":"2026-04-17T19:07:18+00:00","breadcrumb":{"@id":"https:\/\/shop.bantam.ch\/de\/produkt\/markisenset-fix-go-peg-stop\/#breadcrumb"},"inLanguage":"de","potentialAction":[{"@type":"ReadAction","target":["https:\/\/shop.bantam.ch\/de\/produkt\/markisenset-fix-go-peg-stop\/"]}]},{"@type":"ImageObject","inLanguage":"de","@id":"https:\/\/shop.bantam.ch\/de\/produkt\/markisenset-fix-go-peg-stop\/#primaryimage","url":"https:\/\/shop.bantam.ch\/wp-content\/uploads\/2023\/02\/9940650-100-1-3.jpg","contentUrl":"https:\/\/shop.bantam.ch\/wp-content\/uploads\/2023\/02\/9940650-100-1-3.jpg","width":1000,"height":750},{"@type":"BreadcrumbList","@id":"https:\/\/shop.bantam.ch\/de\/produkt\/markisenset-fix-go-peg-stop\/#breadcrumb","itemListElement":[{"@type":"ListItem","position":1,"name":"Accueil","item":"https:\/\/shop.bantam.ch\/de\/"},{"@type":"ListItem","position":2,"name":"Shop","item":"https:\/\/shop.bantam.ch\/de\/shop\/"},{"@type":"ListItem","position":3,"name":"Markisenset Peggy Peg Fix &amp; Go \/ Peg &amp; Stop"}]},{"@type":"WebSite","@id":"https:\/\/shop.bantam.ch\/de\/#website","url":"https:\/\/shop.bantam.ch\/de\/","name":"Bantam Camping AG","description":"","publisher":{"@id":"https:\/\/shop.bantam.ch\/de\/#organization"},"inLanguage":"de"},{"@type":"Organization","@id":"https:\/\/shop.bantam.ch\/de\/#organization","name":"Bantam Camping AG","url":"https:\/\/shop.bantam.ch\/de\/","logo":{"@type":"ImageObject","inLanguage":"de","@id":"https:\/\/shop.bantam.ch\/de\/#\/schema\/logo\/image\/","url":"https:\/\/shop.bantam.ch\/wp-content\/uploads\/2022\/12\/bantam-logo.png","contentUrl":"https:\/\/shop.bantam.ch\/wp-content\/uploads\/2022\/12\/bantam-logo.png","width":320,"height":71,"caption":"Bantam Camping AG"},"image":{"@id":"https:\/\/shop.bantam.ch\/de\/#\/schema\/logo\/image\/"}}]}},"_links":{"self":[{"href":"https:\/\/shop.bantam.ch\/de\/wp-json\/wp\/v2\/product\/62138","targetHints":{"allow":["GET"]}}],"collection":[{"href":"https:\/\/shop.bantam.ch\/de\/wp-json\/wp\/v2\/product"}],"about":[{"href":"https:\/\/shop.bantam.ch\/de\/wp-json\/wp\/v2\/types\/product"}],"wp:featuredmedia":[{"embeddable":true,"href":"https:\/\/shop.bantam.ch\/de\/wp-json\/wp\/v2\/media\/62136"}],"wp:attachment":[{"href":"https:\/\/shop.bantam.ch\/de\/wp-json\/wp\/v2\/media?parent=62138"}],"wp:term":[{"taxonomy":"product_featured_cat","embeddable":true,"href":"https:\/\/shop.bantam.ch\/de\/wp-json\/wp\/v2\/product_featured_cat?post=62138"},{"taxonomy":"product_brand","embeddable":true,"href":"https:\/\/shop.bantam.ch\/de\/wp-json\/wp\/v2\/product_brand?post=62138"},{"taxonomy":"product_cat","embeddable":true,"href":"https:\/\/shop.bantam.ch\/de\/wp-json\/wp\/v2\/product_cat?post=62138"},{"taxonomy":"product_tag","embeddable":true,"href":"https:\/\/shop.bantam.ch\/de\/wp-json\/wp\/v2\/product_tag?post=62138"}],"curies":[{"name":"wp","href":"https:\/\/api.w.org\/{rel}","templated":true}]}}