{"id":61755,"date":"2023-02-27T18:13:56","date_gmt":"2023-02-27T17:13:56","guid":{"rendered":"http:\/\/shop.bantam.ch\/produit\/bratpfanne-keravis-click-cook-aluminium\/"},"modified":"2026-05-08T21:47:38","modified_gmt":"2026-05-08T19:47:38","slug":"bratpfanne-keravis-click-cook-aluminium","status":"publish","type":"product","link":"https:\/\/shop.bantam.ch\/de\/produkt\/bratpfanne-keravis-click-cook-aluminium\/","title":{"rendered":"Bratpfanne Keravis Click &amp; Cook, Aluminium"},"content":{"rendered":"<p>Eine revolution\u00e4re L\u00f6sung, die Platz in der K\u00fcche spart. Abklappbare Griffe, eineinander stapelbares Kochgeschirr. Die Produktlinie Click &amp; Cook von Ballarini ist vielseitig einsetzbar und platz sparend. Die Griffe k\u00f6nnen mit einer einfachen Bewegung eingeklappt und ausgeklappt werden. So haben Sie immer einen Platz im K\u00fcchenschrank, K\u00fchlschrank oder in der Geschirrsp\u00fcle. F\u00fcr Gas-, Ceran-, Elektroherde und Induktion geeignet.<\/p>\n","protected":false},"excerpt":{"rendered":"<p>Eine revolution\u00e4re L\u00f6sung, die Platz in der K\u00fcche spart. Abklappbare Griffe, eineinander stapelbares Kochgeschirr. Die Produktlinie Click &amp; Cook von Ballarini ist vielseitig einsetzbar und platz sparend. Die Griffe k\u00f6nnen mit einer einfachen Bewegung eingeklappt und ausgeklappt werden. So haben Sie immer einen Platz im K\u00fcchenschrank, K\u00fchlschrank oder in der Geschirrsp\u00fcle. F\u00fcr Gas-, Ceran-, Elektroherde [&hellip;]<\/p>\n","protected":false},"featured_media":61740,"template":"","meta":{"_acf_changed":false},"product_featured_cat":[],"product_brand":[3279],"product_cat":[4266],"product_tag":[],"class_list":{"0":"post-61755","1":"product","2":"type-product","3":"status-publish","4":"has-post-thumbnail","6":"product_brand-ballarini-de","7":"product_cat-kochtoepfe-pfannen-sets","9":"first","10":"instock","11":"taxable","12":"shipping-taxable","13":"purchasable","14":"product-type-variable"},"acf":[],"yoast_head":"<!-- This site is optimized with the Yoast SEO plugin v27.5 - https:\/\/yoast.com\/product\/yoast-seo-wordpress\/ -->\n<title>Bratpfanne Keravis Click &amp; Cook, Aluminium - Bantam<\/title>\n<meta name=\"robots\" content=\"index, follow, max-snippet:-1, max-image-preview:large, max-video-preview:-1\" \/>\n<link rel=\"canonical\" href=\"https:\/\/shop.bantam.ch\/de\/produkt\/bratpfanne-keravis-click-cook-aluminium\/\" \/>\n<meta property=\"og:locale\" content=\"de_DE\" \/>\n<meta property=\"og:type\" content=\"article\" \/>\n<meta property=\"og:title\" content=\"Bratpfanne Keravis Click &amp; Cook, Aluminium - Bantam\" \/>\n<meta property=\"og:description\" content=\"Eine revolution\u00e4re L\u00f6sung, die Platz in der K\u00fcche spart. Abklappbare Griffe, eineinander stapelbares Kochgeschirr. Die Produktlinie Click &amp; Cook von Ballarini ist vielseitig einsetzbar und platz sparend. Die Griffe k\u00f6nnen mit einer einfachen Bewegung eingeklappt und ausgeklappt werden. So haben Sie immer einen Platz im K\u00fcchenschrank, K\u00fchlschrank oder in der Geschirrsp\u00fcle. F\u00fcr Gas-, Ceran-, Elektroherde [&hellip;]\" \/>\n<meta property=\"og:url\" content=\"https:\/\/shop.bantam.ch\/de\/produkt\/bratpfanne-keravis-click-cook-aluminium\/\" \/>\n<meta property=\"og:site_name\" content=\"Bantam\" \/>\n<meta property=\"article:modified_time\" content=\"2026-05-08T19:47:38+00:00\" \/>\n<meta property=\"og:image\" content=\"https:\/\/shop.bantam.ch\/wp-content\/uploads\/2023\/02\/9931412-100-1-3.jpg\" \/>\n\t<meta property=\"og:image:width\" content=\"893\" \/>\n\t<meta property=\"og:image:height\" content=\"440\" \/>\n\t<meta property=\"og:image:type\" content=\"image\/jpeg\" \/>\n<meta name=\"twitter:card\" content=\"summary_large_image\" \/>\n<script type=\"application\/ld+json\" class=\"yoast-schema-graph\">{\"@context\":\"https:\\\/\\\/schema.org\",\"@graph\":[{\"@type\":\"WebPage\",\"@id\":\"https:\\\/\\\/shop.bantam.ch\\\/de\\\/produkt\\\/bratpfanne-keravis-click-cook-aluminium\\\/\",\"url\":\"https:\\\/\\\/shop.bantam.ch\\\/de\\\/produkt\\\/bratpfanne-keravis-click-cook-aluminium\\\/\",\"name\":\"Bratpfanne Keravis Click &amp; Cook, Aluminium - Bantam\",\"isPartOf\":{\"@id\":\"https:\\\/\\\/shop.bantam.ch\\\/de\\\/#website\"},\"primaryImageOfPage\":{\"@id\":\"https:\\\/\\\/shop.bantam.ch\\\/de\\\/produkt\\\/bratpfanne-keravis-click-cook-aluminium\\\/#primaryimage\"},\"image\":{\"@id\":\"https:\\\/\\\/shop.bantam.ch\\\/de\\\/produkt\\\/bratpfanne-keravis-click-cook-aluminium\\\/#primaryimage\"},\"thumbnailUrl\":\"https:\\\/\\\/shop.bantam.ch\\\/wp-content\\\/uploads\\\/2023\\\/02\\\/9931412-100-1-3.jpg\",\"datePublished\":\"2023-02-27T17:13:56+00:00\",\"dateModified\":\"2026-05-08T19:47:38+00:00\",\"breadcrumb\":{\"@id\":\"https:\\\/\\\/shop.bantam.ch\\\/de\\\/produkt\\\/bratpfanne-keravis-click-cook-aluminium\\\/#breadcrumb\"},\"inLanguage\":\"de\",\"potentialAction\":[{\"@type\":\"ReadAction\",\"target\":[\"https:\\\/\\\/shop.bantam.ch\\\/de\\\/produkt\\\/bratpfanne-keravis-click-cook-aluminium\\\/\"]}]},{\"@type\":\"ImageObject\",\"inLanguage\":\"de\",\"@id\":\"https:\\\/\\\/shop.bantam.ch\\\/de\\\/produkt\\\/bratpfanne-keravis-click-cook-aluminium\\\/#primaryimage\",\"url\":\"https:\\\/\\\/shop.bantam.ch\\\/wp-content\\\/uploads\\\/2023\\\/02\\\/9931412-100-1-3.jpg\",\"contentUrl\":\"https:\\\/\\\/shop.bantam.ch\\\/wp-content\\\/uploads\\\/2023\\\/02\\\/9931412-100-1-3.jpg\",\"width\":893,\"height\":440},{\"@type\":\"BreadcrumbList\",\"@id\":\"https:\\\/\\\/shop.bantam.ch\\\/de\\\/produkt\\\/bratpfanne-keravis-click-cook-aluminium\\\/#breadcrumb\",\"itemListElement\":[{\"@type\":\"ListItem\",\"position\":1,\"name\":\"Accueil\",\"item\":\"https:\\\/\\\/shop.bantam.ch\\\/de\\\/\"},{\"@type\":\"ListItem\",\"position\":2,\"name\":\"Shop\",\"item\":\"https:\\\/\\\/shop.bantam.ch\\\/de\\\/shop\\\/\"},{\"@type\":\"ListItem\",\"position\":3,\"name\":\"Bratpfanne Keravis Click &amp; Cook, Aluminium\"}]},{\"@type\":\"WebSite\",\"@id\":\"https:\\\/\\\/shop.bantam.ch\\\/de\\\/#website\",\"url\":\"https:\\\/\\\/shop.bantam.ch\\\/de\\\/\",\"name\":\"Bantam\",\"description\":\"\",\"publisher\":{\"@id\":\"https:\\\/\\\/shop.bantam.ch\\\/de\\\/#organization\"},\"inLanguage\":\"de\"},{\"@type\":\"Organization\",\"@id\":\"https:\\\/\\\/shop.bantam.ch\\\/de\\\/#organization\",\"name\":\"Bantam\",\"url\":\"https:\\\/\\\/shop.bantam.ch\\\/de\\\/\",\"logo\":{\"@type\":\"ImageObject\",\"inLanguage\":\"de\",\"@id\":\"https:\\\/\\\/shop.bantam.ch\\\/de\\\/#\\\/schema\\\/logo\\\/image\\\/\",\"url\":\"https:\\\/\\\/shop.bantam.ch\\\/wp-content\\\/uploads\\\/2022\\\/12\\\/bantam-logo.png\",\"contentUrl\":\"https:\\\/\\\/shop.bantam.ch\\\/wp-content\\\/uploads\\\/2022\\\/12\\\/bantam-logo.png\",\"width\":320,\"height\":71,\"caption\":\"Bantam\"},\"image\":{\"@id\":\"https:\\\/\\\/shop.bantam.ch\\\/de\\\/#\\\/schema\\\/logo\\\/image\\\/\"}}]}<\/script>\n<!-- \/ Yoast SEO plugin. -->","yoast_head_json":{"title":"Bratpfanne Keravis Click &amp; Cook, Aluminium - Bantam","robots":{"index":"index","follow":"follow","max-snippet":"max-snippet:-1","max-image-preview":"max-image-preview:large","max-video-preview":"max-video-preview:-1"},"canonical":"https:\/\/shop.bantam.ch\/de\/produkt\/bratpfanne-keravis-click-cook-aluminium\/","og_locale":"de_DE","og_type":"article","og_title":"Bratpfanne Keravis Click &amp; Cook, Aluminium - Bantam","og_description":"Eine revolution\u00e4re L\u00f6sung, die Platz in der K\u00fcche spart. Abklappbare Griffe, eineinander stapelbares Kochgeschirr. Die Produktlinie Click &amp; Cook von Ballarini ist vielseitig einsetzbar und platz sparend. Die Griffe k\u00f6nnen mit einer einfachen Bewegung eingeklappt und ausgeklappt werden. So haben Sie immer einen Platz im K\u00fcchenschrank, K\u00fchlschrank oder in der Geschirrsp\u00fcle. F\u00fcr Gas-, Ceran-, Elektroherde [&hellip;]","og_url":"https:\/\/shop.bantam.ch\/de\/produkt\/bratpfanne-keravis-click-cook-aluminium\/","og_site_name":"Bantam","article_modified_time":"2026-05-08T19:47:38+00:00","og_image":[{"width":893,"height":440,"url":"https:\/\/shop.bantam.ch\/wp-content\/uploads\/2023\/02\/9931412-100-1-3.jpg","type":"image\/jpeg"}],"twitter_card":"summary_large_image","schema":{"@context":"https:\/\/schema.org","@graph":[{"@type":"WebPage","@id":"https:\/\/shop.bantam.ch\/de\/produkt\/bratpfanne-keravis-click-cook-aluminium\/","url":"https:\/\/shop.bantam.ch\/de\/produkt\/bratpfanne-keravis-click-cook-aluminium\/","name":"Bratpfanne Keravis Click &amp; Cook, Aluminium - Bantam","isPartOf":{"@id":"https:\/\/shop.bantam.ch\/de\/#website"},"primaryImageOfPage":{"@id":"https:\/\/shop.bantam.ch\/de\/produkt\/bratpfanne-keravis-click-cook-aluminium\/#primaryimage"},"image":{"@id":"https:\/\/shop.bantam.ch\/de\/produkt\/bratpfanne-keravis-click-cook-aluminium\/#primaryimage"},"thumbnailUrl":"https:\/\/shop.bantam.ch\/wp-content\/uploads\/2023\/02\/9931412-100-1-3.jpg","datePublished":"2023-02-27T17:13:56+00:00","dateModified":"2026-05-08T19:47:38+00:00","breadcrumb":{"@id":"https:\/\/shop.bantam.ch\/de\/produkt\/bratpfanne-keravis-click-cook-aluminium\/#breadcrumb"},"inLanguage":"de","potentialAction":[{"@type":"ReadAction","target":["https:\/\/shop.bantam.ch\/de\/produkt\/bratpfanne-keravis-click-cook-aluminium\/"]}]},{"@type":"ImageObject","inLanguage":"de","@id":"https:\/\/shop.bantam.ch\/de\/produkt\/bratpfanne-keravis-click-cook-aluminium\/#primaryimage","url":"https:\/\/shop.bantam.ch\/wp-content\/uploads\/2023\/02\/9931412-100-1-3.jpg","contentUrl":"https:\/\/shop.bantam.ch\/wp-content\/uploads\/2023\/02\/9931412-100-1-3.jpg","width":893,"height":440},{"@type":"BreadcrumbList","@id":"https:\/\/shop.bantam.ch\/de\/produkt\/bratpfanne-keravis-click-cook-aluminium\/#breadcrumb","itemListElement":[{"@type":"ListItem","position":1,"name":"Accueil","item":"https:\/\/shop.bantam.ch\/de\/"},{"@type":"ListItem","position":2,"name":"Shop","item":"https:\/\/shop.bantam.ch\/de\/shop\/"},{"@type":"ListItem","position":3,"name":"Bratpfanne Keravis Click &amp; Cook, Aluminium"}]},{"@type":"WebSite","@id":"https:\/\/shop.bantam.ch\/de\/#website","url":"https:\/\/shop.bantam.ch\/de\/","name":"Bantam","description":"","publisher":{"@id":"https:\/\/shop.bantam.ch\/de\/#organization"},"inLanguage":"de"},{"@type":"Organization","@id":"https:\/\/shop.bantam.ch\/de\/#organization","name":"Bantam","url":"https:\/\/shop.bantam.ch\/de\/","logo":{"@type":"ImageObject","inLanguage":"de","@id":"https:\/\/shop.bantam.ch\/de\/#\/schema\/logo\/image\/","url":"https:\/\/shop.bantam.ch\/wp-content\/uploads\/2022\/12\/bantam-logo.png","contentUrl":"https:\/\/shop.bantam.ch\/wp-content\/uploads\/2022\/12\/bantam-logo.png","width":320,"height":71,"caption":"Bantam"},"image":{"@id":"https:\/\/shop.bantam.ch\/de\/#\/schema\/logo\/image\/"}}]}},"_links":{"self":[{"href":"https:\/\/shop.bantam.ch\/de\/wp-json\/wp\/v2\/product\/61755","targetHints":{"allow":["GET"]}}],"collection":[{"href":"https:\/\/shop.bantam.ch\/de\/wp-json\/wp\/v2\/product"}],"about":[{"href":"https:\/\/shop.bantam.ch\/de\/wp-json\/wp\/v2\/types\/product"}],"wp:featuredmedia":[{"embeddable":true,"href":"https:\/\/shop.bantam.ch\/de\/wp-json\/wp\/v2\/media\/61740"}],"wp:attachment":[{"href":"https:\/\/shop.bantam.ch\/de\/wp-json\/wp\/v2\/media?parent=61755"}],"wp:term":[{"taxonomy":"product_featured_cat","embeddable":true,"href":"https:\/\/shop.bantam.ch\/de\/wp-json\/wp\/v2\/product_featured_cat?post=61755"},{"taxonomy":"product_brand","embeddable":true,"href":"https:\/\/shop.bantam.ch\/de\/wp-json\/wp\/v2\/product_brand?post=61755"},{"taxonomy":"product_cat","embeddable":true,"href":"https:\/\/shop.bantam.ch\/de\/wp-json\/wp\/v2\/product_cat?post=61755"},{"taxonomy":"product_tag","embeddable":true,"href":"https:\/\/shop.bantam.ch\/de\/wp-json\/wp\/v2\/product_tag?post=61755"}],"curies":[{"name":"wp","href":"https:\/\/api.w.org\/{rel}","templated":true}]}}