{"id":61087,"date":"2023-02-27T18:01:50","date_gmt":"2023-02-27T17:01:50","guid":{"rendered":"http:\/\/shop.bantam.ch\/produit\/toilette-bi-pot\/"},"modified":"2026-05-08T21:44:47","modified_gmt":"2026-05-08T19:44:47","slug":"toilette-bi-pot","status":"publish","type":"product","link":"https:\/\/shop.bantam.ch\/de\/produkt\/toilette-bi-pot\/","title":{"rendered":"Toilette Bi Pot"},"content":{"rendered":"<p>Die robuste Toilette Bi-Pot ist vollkommen autark, d.h. v\u00f6llige Unab\u00e4ngigkeit f\u00fcr eine geruchsfreie Hygiene. Sehr leicht zu reinigen. Kompakt, in allen Teilen zerlegbar, auch das Ventil, f\u00fcr eine gr\u00fcndliche und vollst\u00e4ndige Reinigung. Robuster Handgriff f\u00fcr bequemen Transport. Gro\u00dfe Ablass-\u00f6ffnung, kein hervorstehendes Rohr, leicht und hygienisch zu entleeren. Kein Verstopfen. Jeder Beh\u00e4lter wurde elektronisch auf Dichtigkeit \u00fcberpr\u00fcft. Praktische Seitenhaken, mit denen der obere und untere Teil zusammengehalten wird.<\/p>\n","protected":false},"excerpt":{"rendered":"<p>Die robuste Toilette Bi-Pot ist vollkommen autark, d.h. v\u00f6llige Unab\u00e4ngigkeit f\u00fcr eine geruchsfreie Hygiene. Sehr leicht zu reinigen. Kompakt, in allen Teilen zerlegbar, auch das Ventil, f\u00fcr eine gr\u00fcndliche und vollst\u00e4ndige Reinigung. Robuster Handgriff f\u00fcr bequemen Transport. Gro\u00dfe Ablass-\u00f6ffnung, kein hervorstehendes Rohr, leicht und hygienisch zu entleeren. Kein Verstopfen. Jeder Beh\u00e4lter wurde elektronisch auf Dichtigkeit [&hellip;]<\/p>\n","protected":false},"featured_media":61072,"template":"","meta":{"_acf_changed":false},"product_featured_cat":[],"product_brand":[3035],"product_cat":[4592],"product_tag":[],"class_list":{"0":"post-61087","1":"product","2":"type-product","3":"status-publish","4":"has-post-thumbnail","6":"product_brand-fiamma-de","7":"product_cat-chemietoiletten","9":"first","10":"instock","11":"taxable","12":"shipping-taxable","13":"purchasable","14":"product-type-variable"},"acf":[],"yoast_head":"<!-- This site is optimized with the Yoast SEO plugin v27.5 - https:\/\/yoast.com\/product\/yoast-seo-wordpress\/ -->\n<title>Toilette Bi Pot - Bantam<\/title>\n<meta name=\"robots\" content=\"index, follow, max-snippet:-1, max-image-preview:large, max-video-preview:-1\" \/>\n<link rel=\"canonical\" href=\"https:\/\/shop.bantam.ch\/de\/produkt\/toilette-bi-pot\/\" \/>\n<meta property=\"og:locale\" content=\"de_DE\" \/>\n<meta property=\"og:type\" content=\"article\" \/>\n<meta property=\"og:title\" content=\"Toilette Bi Pot - Bantam\" \/>\n<meta property=\"og:description\" content=\"Die robuste Toilette Bi-Pot ist vollkommen autark, d.h. v\u00f6llige Unab\u00e4ngigkeit f\u00fcr eine geruchsfreie Hygiene. Sehr leicht zu reinigen. Kompakt, in allen Teilen zerlegbar, auch das Ventil, f\u00fcr eine gr\u00fcndliche und vollst\u00e4ndige Reinigung. Robuster Handgriff f\u00fcr bequemen Transport. Gro\u00dfe Ablass-\u00f6ffnung, kein hervorstehendes Rohr, leicht und hygienisch zu entleeren. Kein Verstopfen. Jeder Beh\u00e4lter wurde elektronisch auf Dichtigkeit [&hellip;]\" \/>\n<meta property=\"og:url\" content=\"https:\/\/shop.bantam.ch\/de\/produkt\/toilette-bi-pot\/\" \/>\n<meta property=\"og:site_name\" content=\"Bantam\" \/>\n<meta property=\"article:modified_time\" content=\"2026-05-08T19:44:47+00:00\" \/>\n<meta property=\"og:image\" content=\"https:\/\/shop.bantam.ch\/wp-content\/uploads\/2023\/02\/9993685-Bi_Pot_30-Standard-01.jpg\" \/>\n\t<meta property=\"og:image:width\" content=\"632\" \/>\n\t<meta property=\"og:image:height\" content=\"1000\" \/>\n\t<meta property=\"og:image:type\" content=\"image\/jpeg\" \/>\n<meta name=\"twitter:card\" content=\"summary_large_image\" \/>\n<script type=\"application\/ld+json\" class=\"yoast-schema-graph\">{\"@context\":\"https:\\\/\\\/schema.org\",\"@graph\":[{\"@type\":\"WebPage\",\"@id\":\"https:\\\/\\\/shop.bantam.ch\\\/de\\\/produkt\\\/toilette-bi-pot\\\/\",\"url\":\"https:\\\/\\\/shop.bantam.ch\\\/de\\\/produkt\\\/toilette-bi-pot\\\/\",\"name\":\"Toilette Bi Pot - Bantam\",\"isPartOf\":{\"@id\":\"https:\\\/\\\/shop.bantam.ch\\\/de\\\/#website\"},\"primaryImageOfPage\":{\"@id\":\"https:\\\/\\\/shop.bantam.ch\\\/de\\\/produkt\\\/toilette-bi-pot\\\/#primaryimage\"},\"image\":{\"@id\":\"https:\\\/\\\/shop.bantam.ch\\\/de\\\/produkt\\\/toilette-bi-pot\\\/#primaryimage\"},\"thumbnailUrl\":\"https:\\\/\\\/shop.bantam.ch\\\/wp-content\\\/uploads\\\/2023\\\/02\\\/9993685-Bi_Pot_30-Standard-01.jpg\",\"datePublished\":\"2023-02-27T17:01:50+00:00\",\"dateModified\":\"2026-05-08T19:44:47+00:00\",\"breadcrumb\":{\"@id\":\"https:\\\/\\\/shop.bantam.ch\\\/de\\\/produkt\\\/toilette-bi-pot\\\/#breadcrumb\"},\"inLanguage\":\"de\",\"potentialAction\":[{\"@type\":\"ReadAction\",\"target\":[\"https:\\\/\\\/shop.bantam.ch\\\/de\\\/produkt\\\/toilette-bi-pot\\\/\"]}]},{\"@type\":\"ImageObject\",\"inLanguage\":\"de\",\"@id\":\"https:\\\/\\\/shop.bantam.ch\\\/de\\\/produkt\\\/toilette-bi-pot\\\/#primaryimage\",\"url\":\"https:\\\/\\\/shop.bantam.ch\\\/wp-content\\\/uploads\\\/2023\\\/02\\\/9993685-Bi_Pot_30-Standard-01.jpg\",\"contentUrl\":\"https:\\\/\\\/shop.bantam.ch\\\/wp-content\\\/uploads\\\/2023\\\/02\\\/9993685-Bi_Pot_30-Standard-01.jpg\",\"width\":632,\"height\":1000},{\"@type\":\"BreadcrumbList\",\"@id\":\"https:\\\/\\\/shop.bantam.ch\\\/de\\\/produkt\\\/toilette-bi-pot\\\/#breadcrumb\",\"itemListElement\":[{\"@type\":\"ListItem\",\"position\":1,\"name\":\"Accueil\",\"item\":\"https:\\\/\\\/shop.bantam.ch\\\/de\\\/\"},{\"@type\":\"ListItem\",\"position\":2,\"name\":\"Shop\",\"item\":\"https:\\\/\\\/shop.bantam.ch\\\/de\\\/shop\\\/\"},{\"@type\":\"ListItem\",\"position\":3,\"name\":\"Toilette Bi Pot\"}]},{\"@type\":\"WebSite\",\"@id\":\"https:\\\/\\\/shop.bantam.ch\\\/de\\\/#website\",\"url\":\"https:\\\/\\\/shop.bantam.ch\\\/de\\\/\",\"name\":\"Bantam\",\"description\":\"\",\"publisher\":{\"@id\":\"https:\\\/\\\/shop.bantam.ch\\\/de\\\/#organization\"},\"inLanguage\":\"de\"},{\"@type\":\"Organization\",\"@id\":\"https:\\\/\\\/shop.bantam.ch\\\/de\\\/#organization\",\"name\":\"Bantam\",\"url\":\"https:\\\/\\\/shop.bantam.ch\\\/de\\\/\",\"logo\":{\"@type\":\"ImageObject\",\"inLanguage\":\"de\",\"@id\":\"https:\\\/\\\/shop.bantam.ch\\\/de\\\/#\\\/schema\\\/logo\\\/image\\\/\",\"url\":\"https:\\\/\\\/shop.bantam.ch\\\/wp-content\\\/uploads\\\/2022\\\/12\\\/bantam-logo.png\",\"contentUrl\":\"https:\\\/\\\/shop.bantam.ch\\\/wp-content\\\/uploads\\\/2022\\\/12\\\/bantam-logo.png\",\"width\":320,\"height\":71,\"caption\":\"Bantam\"},\"image\":{\"@id\":\"https:\\\/\\\/shop.bantam.ch\\\/de\\\/#\\\/schema\\\/logo\\\/image\\\/\"}}]}<\/script>\n<!-- \/ Yoast SEO plugin. -->","yoast_head_json":{"title":"Toilette Bi Pot - Bantam","robots":{"index":"index","follow":"follow","max-snippet":"max-snippet:-1","max-image-preview":"max-image-preview:large","max-video-preview":"max-video-preview:-1"},"canonical":"https:\/\/shop.bantam.ch\/de\/produkt\/toilette-bi-pot\/","og_locale":"de_DE","og_type":"article","og_title":"Toilette Bi Pot - Bantam","og_description":"Die robuste Toilette Bi-Pot ist vollkommen autark, d.h. v\u00f6llige Unab\u00e4ngigkeit f\u00fcr eine geruchsfreie Hygiene. Sehr leicht zu reinigen. Kompakt, in allen Teilen zerlegbar, auch das Ventil, f\u00fcr eine gr\u00fcndliche und vollst\u00e4ndige Reinigung. Robuster Handgriff f\u00fcr bequemen Transport. Gro\u00dfe Ablass-\u00f6ffnung, kein hervorstehendes Rohr, leicht und hygienisch zu entleeren. Kein Verstopfen. Jeder Beh\u00e4lter wurde elektronisch auf Dichtigkeit [&hellip;]","og_url":"https:\/\/shop.bantam.ch\/de\/produkt\/toilette-bi-pot\/","og_site_name":"Bantam","article_modified_time":"2026-05-08T19:44:47+00:00","og_image":[{"width":632,"height":1000,"url":"https:\/\/shop.bantam.ch\/wp-content\/uploads\/2023\/02\/9993685-Bi_Pot_30-Standard-01.jpg","type":"image\/jpeg"}],"twitter_card":"summary_large_image","schema":{"@context":"https:\/\/schema.org","@graph":[{"@type":"WebPage","@id":"https:\/\/shop.bantam.ch\/de\/produkt\/toilette-bi-pot\/","url":"https:\/\/shop.bantam.ch\/de\/produkt\/toilette-bi-pot\/","name":"Toilette Bi Pot - Bantam","isPartOf":{"@id":"https:\/\/shop.bantam.ch\/de\/#website"},"primaryImageOfPage":{"@id":"https:\/\/shop.bantam.ch\/de\/produkt\/toilette-bi-pot\/#primaryimage"},"image":{"@id":"https:\/\/shop.bantam.ch\/de\/produkt\/toilette-bi-pot\/#primaryimage"},"thumbnailUrl":"https:\/\/shop.bantam.ch\/wp-content\/uploads\/2023\/02\/9993685-Bi_Pot_30-Standard-01.jpg","datePublished":"2023-02-27T17:01:50+00:00","dateModified":"2026-05-08T19:44:47+00:00","breadcrumb":{"@id":"https:\/\/shop.bantam.ch\/de\/produkt\/toilette-bi-pot\/#breadcrumb"},"inLanguage":"de","potentialAction":[{"@type":"ReadAction","target":["https:\/\/shop.bantam.ch\/de\/produkt\/toilette-bi-pot\/"]}]},{"@type":"ImageObject","inLanguage":"de","@id":"https:\/\/shop.bantam.ch\/de\/produkt\/toilette-bi-pot\/#primaryimage","url":"https:\/\/shop.bantam.ch\/wp-content\/uploads\/2023\/02\/9993685-Bi_Pot_30-Standard-01.jpg","contentUrl":"https:\/\/shop.bantam.ch\/wp-content\/uploads\/2023\/02\/9993685-Bi_Pot_30-Standard-01.jpg","width":632,"height":1000},{"@type":"BreadcrumbList","@id":"https:\/\/shop.bantam.ch\/de\/produkt\/toilette-bi-pot\/#breadcrumb","itemListElement":[{"@type":"ListItem","position":1,"name":"Accueil","item":"https:\/\/shop.bantam.ch\/de\/"},{"@type":"ListItem","position":2,"name":"Shop","item":"https:\/\/shop.bantam.ch\/de\/shop\/"},{"@type":"ListItem","position":3,"name":"Toilette Bi Pot"}]},{"@type":"WebSite","@id":"https:\/\/shop.bantam.ch\/de\/#website","url":"https:\/\/shop.bantam.ch\/de\/","name":"Bantam","description":"","publisher":{"@id":"https:\/\/shop.bantam.ch\/de\/#organization"},"inLanguage":"de"},{"@type":"Organization","@id":"https:\/\/shop.bantam.ch\/de\/#organization","name":"Bantam","url":"https:\/\/shop.bantam.ch\/de\/","logo":{"@type":"ImageObject","inLanguage":"de","@id":"https:\/\/shop.bantam.ch\/de\/#\/schema\/logo\/image\/","url":"https:\/\/shop.bantam.ch\/wp-content\/uploads\/2022\/12\/bantam-logo.png","contentUrl":"https:\/\/shop.bantam.ch\/wp-content\/uploads\/2022\/12\/bantam-logo.png","width":320,"height":71,"caption":"Bantam"},"image":{"@id":"https:\/\/shop.bantam.ch\/de\/#\/schema\/logo\/image\/"}}]}},"_links":{"self":[{"href":"https:\/\/shop.bantam.ch\/de\/wp-json\/wp\/v2\/product\/61087","targetHints":{"allow":["GET"]}}],"collection":[{"href":"https:\/\/shop.bantam.ch\/de\/wp-json\/wp\/v2\/product"}],"about":[{"href":"https:\/\/shop.bantam.ch\/de\/wp-json\/wp\/v2\/types\/product"}],"wp:featuredmedia":[{"embeddable":true,"href":"https:\/\/shop.bantam.ch\/de\/wp-json\/wp\/v2\/media\/61072"}],"wp:attachment":[{"href":"https:\/\/shop.bantam.ch\/de\/wp-json\/wp\/v2\/media?parent=61087"}],"wp:term":[{"taxonomy":"product_featured_cat","embeddable":true,"href":"https:\/\/shop.bantam.ch\/de\/wp-json\/wp\/v2\/product_featured_cat?post=61087"},{"taxonomy":"product_brand","embeddable":true,"href":"https:\/\/shop.bantam.ch\/de\/wp-json\/wp\/v2\/product_brand?post=61087"},{"taxonomy":"product_cat","embeddable":true,"href":"https:\/\/shop.bantam.ch\/de\/wp-json\/wp\/v2\/product_cat?post=61087"},{"taxonomy":"product_tag","embeddable":true,"href":"https:\/\/shop.bantam.ch\/de\/wp-json\/wp\/v2\/product_tag?post=61087"}],"curies":[{"name":"wp","href":"https:\/\/api.w.org\/{rel}","templated":true}]}}