{"id":61006,"date":"2023-02-27T18:00:11","date_gmt":"2023-02-27T17:00:11","guid":{"rendered":"http:\/\/shop.bantam.ch\/produit\/wassertaxi-fuer-frisch-abwasser-25-l\/"},"modified":"2026-04-19T21:45:27","modified_gmt":"2026-04-19T19:45:27","slug":"wassertaxi-fuer-frisch-abwasser-25-l","status":"publish","type":"product","link":"https:\/\/shop.bantam.ch\/de\/produkt\/wassertaxi-fuer-frisch-abwasser-25-l\/","title":{"rendered":"Wassertaxi f\u00fcr Frisch- &amp; Abwasser 25 l"},"content":{"rendered":"<p>Wassertaxi f\u00fcr Frischwasser.<br \/>Kann in jedem Kofferraum mitgef\u00fchrt werden.<br \/>Leicht zu f\u00fchren durch herausziehbaren Transportgriff (kann bis auf 810 mm verl\u00e4ngert werden).<br \/>Leicht zu heben durch umklappbaren Rangiergriff.<br \/>Leicht zu f\u00fcllen durch Einf\u00fcllstutzen 3\/4\u20ac\u009d Au\u00dfengewinde.<br \/>Leicht zu entleeren durch die gro\u00dfe \u00d6ffnung DIN 96.<br \/>Leicht mit Tauchpumpe in Betrieb zu nehmen.<\/p>\n","protected":false},"excerpt":{"rendered":"<p>Wassertaxi f\u00fcr Frischwasser.Kann in jedem Kofferraum mitgef\u00fchrt werden.Leicht zu f\u00fchren durch herausziehbaren Transportgriff (kann bis auf 810 mm verl\u00e4ngert werden).Leicht zu heben durch umklappbaren Rangiergriff.Leicht zu f\u00fcllen durch Einf\u00fcllstutzen 3\/4\u20ac\u009d Au\u00dfengewinde.Leicht zu entleeren durch die gro\u00dfe \u00d6ffnung DIN 96.Leicht mit Tauchpumpe in Betrieb zu nehmen.<\/p>\n","protected":false},"featured_media":60994,"template":"","meta":{"_acf_changed":false},"product_featured_cat":[],"product_brand":[3111],"product_cat":[4116],"product_tag":[],"class_list":{"0":"post-61006","1":"product","2":"type-product","3":"status-publish","4":"has-post-thumbnail","6":"product_brand-comet-de","7":"product_cat-wasserkanister","9":"first","10":"instock","11":"taxable","12":"shipping-taxable","13":"purchasable","14":"product-type-variable"},"acf":[],"yoast_head":"<!-- This site is optimized with the Yoast SEO plugin v27.4 - https:\/\/yoast.com\/product\/yoast-seo-wordpress\/ -->\n<title>Wassertaxi f\u00fcr Frisch- &amp; Abwasser 25 l - Bantam Camping AG<\/title>\n<meta name=\"robots\" content=\"index, follow, max-snippet:-1, max-image-preview:large, max-video-preview:-1\" \/>\n<link rel=\"canonical\" href=\"https:\/\/shop.bantam.ch\/de\/produkt\/wassertaxi-fuer-frisch-abwasser-25-l\/\" \/>\n<meta property=\"og:locale\" content=\"de_DE\" \/>\n<meta property=\"og:type\" content=\"article\" \/>\n<meta property=\"og:title\" content=\"Wassertaxi f\u00fcr Frisch- &amp; Abwasser 25 l - Bantam Camping AG\" \/>\n<meta property=\"og:description\" content=\"Wassertaxi f\u00fcr Frischwasser.Kann in jedem Kofferraum mitgef\u00fchrt werden.Leicht zu f\u00fchren durch herausziehbaren Transportgriff (kann bis auf 810 mm verl\u00e4ngert werden).Leicht zu heben durch umklappbaren Rangiergriff.Leicht zu f\u00fcllen durch Einf\u00fcllstutzen 3\/4\u20ac\u009d Au\u00dfengewinde.Leicht zu entleeren durch die gro\u00dfe \u00d6ffnung DIN 96.Leicht mit Tauchpumpe in Betrieb zu nehmen.\" \/>\n<meta property=\"og:url\" content=\"https:\/\/shop.bantam.ch\/de\/produkt\/wassertaxi-fuer-frisch-abwasser-25-l\/\" \/>\n<meta property=\"og:site_name\" content=\"Bantam Camping AG\" \/>\n<meta property=\"article:modified_time\" content=\"2026-04-19T19:45:27+00:00\" \/>\n<meta property=\"og:image\" content=\"https:\/\/shop.bantam.ch\/wp-content\/uploads\/2023\/02\/9977514-Wassertaxi_Farbe_gruen-Standard-01.jpg\" \/>\n\t<meta property=\"og:image:width\" content=\"477\" \/>\n\t<meta property=\"og:image:height\" content=\"1000\" \/>\n\t<meta property=\"og:image:type\" content=\"image\/jpeg\" \/>\n<meta name=\"twitter:card\" content=\"summary_large_image\" \/>\n<script type=\"application\/ld+json\" class=\"yoast-schema-graph\">{\"@context\":\"https:\\\/\\\/schema.org\",\"@graph\":[{\"@type\":\"WebPage\",\"@id\":\"https:\\\/\\\/shop.bantam.ch\\\/de\\\/produkt\\\/wassertaxi-fuer-frisch-abwasser-25-l\\\/\",\"url\":\"https:\\\/\\\/shop.bantam.ch\\\/de\\\/produkt\\\/wassertaxi-fuer-frisch-abwasser-25-l\\\/\",\"name\":\"Wassertaxi f\u00fcr Frisch- &amp; Abwasser 25 l - Bantam Camping AG\",\"isPartOf\":{\"@id\":\"https:\\\/\\\/shop.bantam.ch\\\/de\\\/#website\"},\"primaryImageOfPage\":{\"@id\":\"https:\\\/\\\/shop.bantam.ch\\\/de\\\/produkt\\\/wassertaxi-fuer-frisch-abwasser-25-l\\\/#primaryimage\"},\"image\":{\"@id\":\"https:\\\/\\\/shop.bantam.ch\\\/de\\\/produkt\\\/wassertaxi-fuer-frisch-abwasser-25-l\\\/#primaryimage\"},\"thumbnailUrl\":\"https:\\\/\\\/shop.bantam.ch\\\/wp-content\\\/uploads\\\/2023\\\/02\\\/9977514-Wassertaxi_Farbe_gruen-Standard-01.jpg\",\"datePublished\":\"2023-02-27T17:00:11+00:00\",\"dateModified\":\"2026-04-19T19:45:27+00:00\",\"breadcrumb\":{\"@id\":\"https:\\\/\\\/shop.bantam.ch\\\/de\\\/produkt\\\/wassertaxi-fuer-frisch-abwasser-25-l\\\/#breadcrumb\"},\"inLanguage\":\"de\",\"potentialAction\":[{\"@type\":\"ReadAction\",\"target\":[\"https:\\\/\\\/shop.bantam.ch\\\/de\\\/produkt\\\/wassertaxi-fuer-frisch-abwasser-25-l\\\/\"]}]},{\"@type\":\"ImageObject\",\"inLanguage\":\"de\",\"@id\":\"https:\\\/\\\/shop.bantam.ch\\\/de\\\/produkt\\\/wassertaxi-fuer-frisch-abwasser-25-l\\\/#primaryimage\",\"url\":\"https:\\\/\\\/shop.bantam.ch\\\/wp-content\\\/uploads\\\/2023\\\/02\\\/9977514-Wassertaxi_Farbe_gruen-Standard-01.jpg\",\"contentUrl\":\"https:\\\/\\\/shop.bantam.ch\\\/wp-content\\\/uploads\\\/2023\\\/02\\\/9977514-Wassertaxi_Farbe_gruen-Standard-01.jpg\",\"width\":477,\"height\":1000},{\"@type\":\"BreadcrumbList\",\"@id\":\"https:\\\/\\\/shop.bantam.ch\\\/de\\\/produkt\\\/wassertaxi-fuer-frisch-abwasser-25-l\\\/#breadcrumb\",\"itemListElement\":[{\"@type\":\"ListItem\",\"position\":1,\"name\":\"Accueil\",\"item\":\"https:\\\/\\\/shop.bantam.ch\\\/de\\\/\"},{\"@type\":\"ListItem\",\"position\":2,\"name\":\"Shop\",\"item\":\"https:\\\/\\\/shop.bantam.ch\\\/de\\\/shop\\\/\"},{\"@type\":\"ListItem\",\"position\":3,\"name\":\"Wassertaxi f\u00fcr Frisch- &amp; Abwasser 25 l\"}]},{\"@type\":\"WebSite\",\"@id\":\"https:\\\/\\\/shop.bantam.ch\\\/de\\\/#website\",\"url\":\"https:\\\/\\\/shop.bantam.ch\\\/de\\\/\",\"name\":\"Bantam Camping AG\",\"description\":\"\",\"publisher\":{\"@id\":\"https:\\\/\\\/shop.bantam.ch\\\/de\\\/#organization\"},\"inLanguage\":\"de\"},{\"@type\":\"Organization\",\"@id\":\"https:\\\/\\\/shop.bantam.ch\\\/de\\\/#organization\",\"name\":\"Bantam Camping AG\",\"url\":\"https:\\\/\\\/shop.bantam.ch\\\/de\\\/\",\"logo\":{\"@type\":\"ImageObject\",\"inLanguage\":\"de\",\"@id\":\"https:\\\/\\\/shop.bantam.ch\\\/de\\\/#\\\/schema\\\/logo\\\/image\\\/\",\"url\":\"https:\\\/\\\/shop.bantam.ch\\\/wp-content\\\/uploads\\\/2022\\\/12\\\/bantam-logo.png\",\"contentUrl\":\"https:\\\/\\\/shop.bantam.ch\\\/wp-content\\\/uploads\\\/2022\\\/12\\\/bantam-logo.png\",\"width\":320,\"height\":71,\"caption\":\"Bantam Camping AG\"},\"image\":{\"@id\":\"https:\\\/\\\/shop.bantam.ch\\\/de\\\/#\\\/schema\\\/logo\\\/image\\\/\"}}]}<\/script>\n<!-- \/ Yoast SEO plugin. -->","yoast_head_json":{"title":"Wassertaxi f\u00fcr Frisch- &amp; Abwasser 25 l - Bantam Camping AG","robots":{"index":"index","follow":"follow","max-snippet":"max-snippet:-1","max-image-preview":"max-image-preview:large","max-video-preview":"max-video-preview:-1"},"canonical":"https:\/\/shop.bantam.ch\/de\/produkt\/wassertaxi-fuer-frisch-abwasser-25-l\/","og_locale":"de_DE","og_type":"article","og_title":"Wassertaxi f\u00fcr Frisch- &amp; Abwasser 25 l - Bantam Camping AG","og_description":"Wassertaxi f\u00fcr Frischwasser.Kann in jedem Kofferraum mitgef\u00fchrt werden.Leicht zu f\u00fchren durch herausziehbaren Transportgriff (kann bis auf 810 mm verl\u00e4ngert werden).Leicht zu heben durch umklappbaren Rangiergriff.Leicht zu f\u00fcllen durch Einf\u00fcllstutzen 3\/4\u20ac\u009d Au\u00dfengewinde.Leicht zu entleeren durch die gro\u00dfe \u00d6ffnung DIN 96.Leicht mit Tauchpumpe in Betrieb zu nehmen.","og_url":"https:\/\/shop.bantam.ch\/de\/produkt\/wassertaxi-fuer-frisch-abwasser-25-l\/","og_site_name":"Bantam Camping AG","article_modified_time":"2026-04-19T19:45:27+00:00","og_image":[{"width":477,"height":1000,"url":"https:\/\/shop.bantam.ch\/wp-content\/uploads\/2023\/02\/9977514-Wassertaxi_Farbe_gruen-Standard-01.jpg","type":"image\/jpeg"}],"twitter_card":"summary_large_image","schema":{"@context":"https:\/\/schema.org","@graph":[{"@type":"WebPage","@id":"https:\/\/shop.bantam.ch\/de\/produkt\/wassertaxi-fuer-frisch-abwasser-25-l\/","url":"https:\/\/shop.bantam.ch\/de\/produkt\/wassertaxi-fuer-frisch-abwasser-25-l\/","name":"Wassertaxi f\u00fcr Frisch- &amp; Abwasser 25 l - Bantam Camping AG","isPartOf":{"@id":"https:\/\/shop.bantam.ch\/de\/#website"},"primaryImageOfPage":{"@id":"https:\/\/shop.bantam.ch\/de\/produkt\/wassertaxi-fuer-frisch-abwasser-25-l\/#primaryimage"},"image":{"@id":"https:\/\/shop.bantam.ch\/de\/produkt\/wassertaxi-fuer-frisch-abwasser-25-l\/#primaryimage"},"thumbnailUrl":"https:\/\/shop.bantam.ch\/wp-content\/uploads\/2023\/02\/9977514-Wassertaxi_Farbe_gruen-Standard-01.jpg","datePublished":"2023-02-27T17:00:11+00:00","dateModified":"2026-04-19T19:45:27+00:00","breadcrumb":{"@id":"https:\/\/shop.bantam.ch\/de\/produkt\/wassertaxi-fuer-frisch-abwasser-25-l\/#breadcrumb"},"inLanguage":"de","potentialAction":[{"@type":"ReadAction","target":["https:\/\/shop.bantam.ch\/de\/produkt\/wassertaxi-fuer-frisch-abwasser-25-l\/"]}]},{"@type":"ImageObject","inLanguage":"de","@id":"https:\/\/shop.bantam.ch\/de\/produkt\/wassertaxi-fuer-frisch-abwasser-25-l\/#primaryimage","url":"https:\/\/shop.bantam.ch\/wp-content\/uploads\/2023\/02\/9977514-Wassertaxi_Farbe_gruen-Standard-01.jpg","contentUrl":"https:\/\/shop.bantam.ch\/wp-content\/uploads\/2023\/02\/9977514-Wassertaxi_Farbe_gruen-Standard-01.jpg","width":477,"height":1000},{"@type":"BreadcrumbList","@id":"https:\/\/shop.bantam.ch\/de\/produkt\/wassertaxi-fuer-frisch-abwasser-25-l\/#breadcrumb","itemListElement":[{"@type":"ListItem","position":1,"name":"Accueil","item":"https:\/\/shop.bantam.ch\/de\/"},{"@type":"ListItem","position":2,"name":"Shop","item":"https:\/\/shop.bantam.ch\/de\/shop\/"},{"@type":"ListItem","position":3,"name":"Wassertaxi f\u00fcr Frisch- &amp; Abwasser 25 l"}]},{"@type":"WebSite","@id":"https:\/\/shop.bantam.ch\/de\/#website","url":"https:\/\/shop.bantam.ch\/de\/","name":"Bantam Camping AG","description":"","publisher":{"@id":"https:\/\/shop.bantam.ch\/de\/#organization"},"inLanguage":"de"},{"@type":"Organization","@id":"https:\/\/shop.bantam.ch\/de\/#organization","name":"Bantam Camping AG","url":"https:\/\/shop.bantam.ch\/de\/","logo":{"@type":"ImageObject","inLanguage":"de","@id":"https:\/\/shop.bantam.ch\/de\/#\/schema\/logo\/image\/","url":"https:\/\/shop.bantam.ch\/wp-content\/uploads\/2022\/12\/bantam-logo.png","contentUrl":"https:\/\/shop.bantam.ch\/wp-content\/uploads\/2022\/12\/bantam-logo.png","width":320,"height":71,"caption":"Bantam Camping AG"},"image":{"@id":"https:\/\/shop.bantam.ch\/de\/#\/schema\/logo\/image\/"}}]}},"_links":{"self":[{"href":"https:\/\/shop.bantam.ch\/de\/wp-json\/wp\/v2\/product\/61006","targetHints":{"allow":["GET"]}}],"collection":[{"href":"https:\/\/shop.bantam.ch\/de\/wp-json\/wp\/v2\/product"}],"about":[{"href":"https:\/\/shop.bantam.ch\/de\/wp-json\/wp\/v2\/types\/product"}],"wp:featuredmedia":[{"embeddable":true,"href":"https:\/\/shop.bantam.ch\/de\/wp-json\/wp\/v2\/media\/60994"}],"wp:attachment":[{"href":"https:\/\/shop.bantam.ch\/de\/wp-json\/wp\/v2\/media?parent=61006"}],"wp:term":[{"taxonomy":"product_featured_cat","embeddable":true,"href":"https:\/\/shop.bantam.ch\/de\/wp-json\/wp\/v2\/product_featured_cat?post=61006"},{"taxonomy":"product_brand","embeddable":true,"href":"https:\/\/shop.bantam.ch\/de\/wp-json\/wp\/v2\/product_brand?post=61006"},{"taxonomy":"product_cat","embeddable":true,"href":"https:\/\/shop.bantam.ch\/de\/wp-json\/wp\/v2\/product_cat?post=61006"},{"taxonomy":"product_tag","embeddable":true,"href":"https:\/\/shop.bantam.ch\/de\/wp-json\/wp\/v2\/product_tag?post=61006"}],"curies":[{"name":"wp","href":"https:\/\/api.w.org\/{rel}","templated":true}]}}