{"id":59162,"date":"2023-02-27T17:33:56","date_gmt":"2023-02-27T16:33:56","guid":{"rendered":"http:\/\/shop.bantam.ch\/produit\/automatische-satanlage-oyster-vision\/"},"modified":"2026-04-18T21:39:11","modified_gmt":"2026-04-18T19:39:11","slug":"automatische-satanlage-oyster-vision","status":"publish","type":"product","link":"https:\/\/shop.bantam.ch\/de\/produkt\/automatische-satanlage-oyster-vision\/","title":{"rendered":"Automatische Satanlage Oyster Vision"},"content":{"rendered":"<p>65 cm oder 85 cm Antennen f\u00fcr Reichweite pur.<br \/>Vollautomatische Ausrichtung und Satellitenfindung in \u00fcblicherweise 30-60 Sekunden.<br \/>LEM-Technik: Suchzeitverk\u00fcrzung (Antenne sucht im zuletzt eingestellten Neigungswinkel).<br \/>Selbst\u00e4ndiges Einfahren bei Fahrzeugstart.<br \/>Automatischer Satellitenwechsel.<br \/>Hochwertige Verarbeitung von robusten Materialien.<br \/>QM-zertifizierter Hersteller nach ISO 9001.<br \/>3 Jahre Hersteller-Garantie und zuverl\u00e4ssiger Service.<\/p>\n<p>Intelligente Drehkopftechnik: Nur der Kopf dreht sich, der Antennenk\u00f6rper ist fixiert.<br \/>Vorteile<br \/>Reduzierter Stromverbrauch.<br \/>Weniger Platzbedarf.<br \/>Geringe mechanische Belastung.<\/p>\n<p>SKEW-Funktion:<br \/>Automatische Positionierung des LNB zur Reichweitenoptimierung in s\u00fcdwestlichen- und s\u00fcd\u00f6stlichen Urlaubsregionen in Europa.<\/p>\n<p>Basis Variante speziell f\u00fcr Kunden, die nur eine Satellitenanlage ben\u00f6tigen<br \/>und bereits einen eigenen Receiver bzw. ein TV-Ger\u00e4t mit integriertem<br \/>Receiver besitzen.<\/p>\n<p>\u00a0<\/p>\n<ul>\n<li>APP Bedingung<\/li>\n<li>automatische Updates via APP<\/li>\n<li>65 oder 85 cm Antennenspiegel f\u00fcr Reichweite pur<\/li>\n<li>Platzsparende Montage auf nahezu jedem Fahrzeugdach<\/li>\n<li>Extrem niedrige Aufbauh\u00f6he<\/li>\n<li>Vollautomatische Ausrichtung und Satellitenfindung<\/li>\n<li>Selbstst\u00e4ndiges Einfahren bei Fahrzeugstart<\/li>\n<li>Automatischer Satellitenwechsel<\/li>\n<li>Hochwertige Verarbeitung von robusten Materialien<\/li>\n<li>QM-zertifizierter Hersteller nach ISO 9001<\/li>\n<li>3 Jahre Hersteller-Garantie und zuverl\u00e4ssiger Service<\/li>\n<li>Anschlussspannung (Bordspannung) 12 \/ 24 Volt<\/li>\n<li>Typgenehmigungszeichen<\/li>\n<\/ul>\n<p>\u00a0<\/p>\n<p>APP Bedienung Inklusive<br \/>Bedienen l\u00e4sst sich die Oyster jetzt auch bequem via ten haaft App, womit sich auch Updates kinderleicht aufspielen lassen und Ihre Anlage somit jederzeit auf dem neuesten softwarestand ist.<br \/>Geeignet f\u00fcr Android und iOS.<\/p>\n<ul>\n<li>Nicht bei der HDTV Variante<\/li>\n<\/ul>\n<p>\u00a0<\/p>\n","protected":false},"excerpt":{"rendered":"<p>65 cm oder 85 cm Antennen f\u00fcr Reichweite pur.Vollautomatische Ausrichtung und Satellitenfindung in \u00fcblicherweise 30-60 Sekunden.LEM-Technik: Suchzeitverk\u00fcrzung (Antenne sucht im zuletzt eingestellten Neigungswinkel).Selbst\u00e4ndiges Einfahren bei Fahrzeugstart.Automatischer Satellitenwechsel.Hochwertige Verarbeitung von robusten Materialien.QM-zertifizierter Hersteller nach ISO 9001.3 Jahre Hersteller-Garantie und zuverl\u00e4ssiger Service. Intelligente Drehkopftechnik: Nur der Kopf dreht sich, der Antennenk\u00f6rper ist fixiert.VorteileReduzierter Stromverbrauch.Weniger Platzbedarf.Geringe mechanische Belastung. [&hellip;]<\/p>\n","protected":false},"featured_media":59066,"template":"","meta":{"_acf_changed":false},"product_featured_cat":[],"product_brand":[3127],"product_cat":[4524],"product_tag":[],"class_list":{"0":"post-59162","1":"product","2":"type-product","3":"status-publish","4":"has-post-thumbnail","6":"product_brand-oyster-de","7":"product_cat-sat-anlagen","9":"first","10":"instock","11":"taxable","12":"shipping-taxable","13":"purchasable","14":"product-type-variable"},"acf":[],"yoast_head":"<!-- This site is optimized with the Yoast SEO plugin v27.4 - https:\/\/yoast.com\/product\/yoast-seo-wordpress\/ -->\n<title>Automatische Satanlage Oyster Vision - Bantam Camping AG<\/title>\n<meta name=\"robots\" content=\"index, follow, max-snippet:-1, max-image-preview:large, max-video-preview:-1\" \/>\n<link rel=\"canonical\" href=\"https:\/\/shop.bantam.ch\/de\/produkt\/automatische-satanlage-oyster-vision\/\" \/>\n<meta property=\"og:locale\" content=\"de_DE\" \/>\n<meta property=\"og:type\" content=\"article\" \/>\n<meta property=\"og:title\" content=\"Automatische Satanlage Oyster Vision - Bantam Camping AG\" \/>\n<meta property=\"og:description\" content=\"65 cm oder 85 cm Antennen f\u00fcr Reichweite pur.Vollautomatische Ausrichtung und Satellitenfindung in \u00fcblicherweise 30-60 Sekunden.LEM-Technik: Suchzeitverk\u00fcrzung (Antenne sucht im zuletzt eingestellten Neigungswinkel).Selbst\u00e4ndiges Einfahren bei Fahrzeugstart.Automatischer Satellitenwechsel.Hochwertige Verarbeitung von robusten Materialien.QM-zertifizierter Hersteller nach ISO 9001.3 Jahre Hersteller-Garantie und zuverl\u00e4ssiger Service. Intelligente Drehkopftechnik: Nur der Kopf dreht sich, der Antennenk\u00f6rper ist fixiert.VorteileReduzierter Stromverbrauch.Weniger Platzbedarf.Geringe mechanische Belastung. [&hellip;]\" \/>\n<meta property=\"og:url\" content=\"https:\/\/shop.bantam.ch\/de\/produkt\/automatische-satanlage-oyster-vision\/\" \/>\n<meta property=\"og:site_name\" content=\"Bantam Camping AG\" \/>\n<meta property=\"article:modified_time\" content=\"2026-04-18T19:39:11+00:00\" \/>\n<meta property=\"og:image\" content=\"https:\/\/shop.bantam.ch\/wp-content\/uploads\/2023\/02\/9941820-100-1-3.jpg\" \/>\n\t<meta property=\"og:image:width\" content=\"1000\" \/>\n\t<meta property=\"og:image:height\" content=\"900\" \/>\n\t<meta property=\"og:image:type\" content=\"image\/jpeg\" \/>\n<meta name=\"twitter:card\" content=\"summary_large_image\" \/>\n<meta name=\"twitter:label1\" content=\"Gesch\u00e4tzte Lesezeit\" \/>\n\t<meta name=\"twitter:data1\" content=\"1\u00a0Minute\" \/>\n<script type=\"application\/ld+json\" class=\"yoast-schema-graph\">{\"@context\":\"https:\\\/\\\/schema.org\",\"@graph\":[{\"@type\":\"WebPage\",\"@id\":\"https:\\\/\\\/shop.bantam.ch\\\/de\\\/produkt\\\/automatische-satanlage-oyster-vision\\\/\",\"url\":\"https:\\\/\\\/shop.bantam.ch\\\/de\\\/produkt\\\/automatische-satanlage-oyster-vision\\\/\",\"name\":\"Automatische Satanlage Oyster Vision - Bantam Camping AG\",\"isPartOf\":{\"@id\":\"https:\\\/\\\/shop.bantam.ch\\\/de\\\/#website\"},\"primaryImageOfPage\":{\"@id\":\"https:\\\/\\\/shop.bantam.ch\\\/de\\\/produkt\\\/automatische-satanlage-oyster-vision\\\/#primaryimage\"},\"image\":{\"@id\":\"https:\\\/\\\/shop.bantam.ch\\\/de\\\/produkt\\\/automatische-satanlage-oyster-vision\\\/#primaryimage\"},\"thumbnailUrl\":\"https:\\\/\\\/shop.bantam.ch\\\/wp-content\\\/uploads\\\/2023\\\/02\\\/9941820-100-1-3.jpg\",\"datePublished\":\"2023-02-27T16:33:56+00:00\",\"dateModified\":\"2026-04-18T19:39:11+00:00\",\"breadcrumb\":{\"@id\":\"https:\\\/\\\/shop.bantam.ch\\\/de\\\/produkt\\\/automatische-satanlage-oyster-vision\\\/#breadcrumb\"},\"inLanguage\":\"de\",\"potentialAction\":[{\"@type\":\"ReadAction\",\"target\":[\"https:\\\/\\\/shop.bantam.ch\\\/de\\\/produkt\\\/automatische-satanlage-oyster-vision\\\/\"]}]},{\"@type\":\"ImageObject\",\"inLanguage\":\"de\",\"@id\":\"https:\\\/\\\/shop.bantam.ch\\\/de\\\/produkt\\\/automatische-satanlage-oyster-vision\\\/#primaryimage\",\"url\":\"https:\\\/\\\/shop.bantam.ch\\\/wp-content\\\/uploads\\\/2023\\\/02\\\/9941820-100-1-3.jpg\",\"contentUrl\":\"https:\\\/\\\/shop.bantam.ch\\\/wp-content\\\/uploads\\\/2023\\\/02\\\/9941820-100-1-3.jpg\",\"width\":1000,\"height\":900},{\"@type\":\"BreadcrumbList\",\"@id\":\"https:\\\/\\\/shop.bantam.ch\\\/de\\\/produkt\\\/automatische-satanlage-oyster-vision\\\/#breadcrumb\",\"itemListElement\":[{\"@type\":\"ListItem\",\"position\":1,\"name\":\"Accueil\",\"item\":\"https:\\\/\\\/shop.bantam.ch\\\/de\\\/\"},{\"@type\":\"ListItem\",\"position\":2,\"name\":\"Shop\",\"item\":\"https:\\\/\\\/shop.bantam.ch\\\/de\\\/shop\\\/\"},{\"@type\":\"ListItem\",\"position\":3,\"name\":\"Automatische Satanlage Oyster Vision\"}]},{\"@type\":\"WebSite\",\"@id\":\"https:\\\/\\\/shop.bantam.ch\\\/de\\\/#website\",\"url\":\"https:\\\/\\\/shop.bantam.ch\\\/de\\\/\",\"name\":\"Bantam Camping AG\",\"description\":\"\",\"publisher\":{\"@id\":\"https:\\\/\\\/shop.bantam.ch\\\/de\\\/#organization\"},\"inLanguage\":\"de\"},{\"@type\":\"Organization\",\"@id\":\"https:\\\/\\\/shop.bantam.ch\\\/de\\\/#organization\",\"name\":\"Bantam Camping AG\",\"url\":\"https:\\\/\\\/shop.bantam.ch\\\/de\\\/\",\"logo\":{\"@type\":\"ImageObject\",\"inLanguage\":\"de\",\"@id\":\"https:\\\/\\\/shop.bantam.ch\\\/de\\\/#\\\/schema\\\/logo\\\/image\\\/\",\"url\":\"https:\\\/\\\/shop.bantam.ch\\\/wp-content\\\/uploads\\\/2022\\\/12\\\/bantam-logo.png\",\"contentUrl\":\"https:\\\/\\\/shop.bantam.ch\\\/wp-content\\\/uploads\\\/2022\\\/12\\\/bantam-logo.png\",\"width\":320,\"height\":71,\"caption\":\"Bantam Camping AG\"},\"image\":{\"@id\":\"https:\\\/\\\/shop.bantam.ch\\\/de\\\/#\\\/schema\\\/logo\\\/image\\\/\"}}]}<\/script>\n<!-- \/ Yoast SEO plugin. -->","yoast_head_json":{"title":"Automatische Satanlage Oyster Vision - Bantam Camping AG","robots":{"index":"index","follow":"follow","max-snippet":"max-snippet:-1","max-image-preview":"max-image-preview:large","max-video-preview":"max-video-preview:-1"},"canonical":"https:\/\/shop.bantam.ch\/de\/produkt\/automatische-satanlage-oyster-vision\/","og_locale":"de_DE","og_type":"article","og_title":"Automatische Satanlage Oyster Vision - Bantam Camping AG","og_description":"65 cm oder 85 cm Antennen f\u00fcr Reichweite pur.Vollautomatische Ausrichtung und Satellitenfindung in \u00fcblicherweise 30-60 Sekunden.LEM-Technik: Suchzeitverk\u00fcrzung (Antenne sucht im zuletzt eingestellten Neigungswinkel).Selbst\u00e4ndiges Einfahren bei Fahrzeugstart.Automatischer Satellitenwechsel.Hochwertige Verarbeitung von robusten Materialien.QM-zertifizierter Hersteller nach ISO 9001.3 Jahre Hersteller-Garantie und zuverl\u00e4ssiger Service. Intelligente Drehkopftechnik: Nur der Kopf dreht sich, der Antennenk\u00f6rper ist fixiert.VorteileReduzierter Stromverbrauch.Weniger Platzbedarf.Geringe mechanische Belastung. [&hellip;]","og_url":"https:\/\/shop.bantam.ch\/de\/produkt\/automatische-satanlage-oyster-vision\/","og_site_name":"Bantam Camping AG","article_modified_time":"2026-04-18T19:39:11+00:00","og_image":[{"width":1000,"height":900,"url":"https:\/\/shop.bantam.ch\/wp-content\/uploads\/2023\/02\/9941820-100-1-3.jpg","type":"image\/jpeg"}],"twitter_card":"summary_large_image","twitter_misc":{"Gesch\u00e4tzte Lesezeit":"1\u00a0Minute"},"schema":{"@context":"https:\/\/schema.org","@graph":[{"@type":"WebPage","@id":"https:\/\/shop.bantam.ch\/de\/produkt\/automatische-satanlage-oyster-vision\/","url":"https:\/\/shop.bantam.ch\/de\/produkt\/automatische-satanlage-oyster-vision\/","name":"Automatische Satanlage Oyster Vision - Bantam Camping AG","isPartOf":{"@id":"https:\/\/shop.bantam.ch\/de\/#website"},"primaryImageOfPage":{"@id":"https:\/\/shop.bantam.ch\/de\/produkt\/automatische-satanlage-oyster-vision\/#primaryimage"},"image":{"@id":"https:\/\/shop.bantam.ch\/de\/produkt\/automatische-satanlage-oyster-vision\/#primaryimage"},"thumbnailUrl":"https:\/\/shop.bantam.ch\/wp-content\/uploads\/2023\/02\/9941820-100-1-3.jpg","datePublished":"2023-02-27T16:33:56+00:00","dateModified":"2026-04-18T19:39:11+00:00","breadcrumb":{"@id":"https:\/\/shop.bantam.ch\/de\/produkt\/automatische-satanlage-oyster-vision\/#breadcrumb"},"inLanguage":"de","potentialAction":[{"@type":"ReadAction","target":["https:\/\/shop.bantam.ch\/de\/produkt\/automatische-satanlage-oyster-vision\/"]}]},{"@type":"ImageObject","inLanguage":"de","@id":"https:\/\/shop.bantam.ch\/de\/produkt\/automatische-satanlage-oyster-vision\/#primaryimage","url":"https:\/\/shop.bantam.ch\/wp-content\/uploads\/2023\/02\/9941820-100-1-3.jpg","contentUrl":"https:\/\/shop.bantam.ch\/wp-content\/uploads\/2023\/02\/9941820-100-1-3.jpg","width":1000,"height":900},{"@type":"BreadcrumbList","@id":"https:\/\/shop.bantam.ch\/de\/produkt\/automatische-satanlage-oyster-vision\/#breadcrumb","itemListElement":[{"@type":"ListItem","position":1,"name":"Accueil","item":"https:\/\/shop.bantam.ch\/de\/"},{"@type":"ListItem","position":2,"name":"Shop","item":"https:\/\/shop.bantam.ch\/de\/shop\/"},{"@type":"ListItem","position":3,"name":"Automatische Satanlage Oyster Vision"}]},{"@type":"WebSite","@id":"https:\/\/shop.bantam.ch\/de\/#website","url":"https:\/\/shop.bantam.ch\/de\/","name":"Bantam Camping AG","description":"","publisher":{"@id":"https:\/\/shop.bantam.ch\/de\/#organization"},"inLanguage":"de"},{"@type":"Organization","@id":"https:\/\/shop.bantam.ch\/de\/#organization","name":"Bantam Camping AG","url":"https:\/\/shop.bantam.ch\/de\/","logo":{"@type":"ImageObject","inLanguage":"de","@id":"https:\/\/shop.bantam.ch\/de\/#\/schema\/logo\/image\/","url":"https:\/\/shop.bantam.ch\/wp-content\/uploads\/2022\/12\/bantam-logo.png","contentUrl":"https:\/\/shop.bantam.ch\/wp-content\/uploads\/2022\/12\/bantam-logo.png","width":320,"height":71,"caption":"Bantam Camping AG"},"image":{"@id":"https:\/\/shop.bantam.ch\/de\/#\/schema\/logo\/image\/"}}]}},"_links":{"self":[{"href":"https:\/\/shop.bantam.ch\/de\/wp-json\/wp\/v2\/product\/59162","targetHints":{"allow":["GET"]}}],"collection":[{"href":"https:\/\/shop.bantam.ch\/de\/wp-json\/wp\/v2\/product"}],"about":[{"href":"https:\/\/shop.bantam.ch\/de\/wp-json\/wp\/v2\/types\/product"}],"wp:featuredmedia":[{"embeddable":true,"href":"https:\/\/shop.bantam.ch\/de\/wp-json\/wp\/v2\/media\/59066"}],"wp:attachment":[{"href":"https:\/\/shop.bantam.ch\/de\/wp-json\/wp\/v2\/media?parent=59162"}],"wp:term":[{"taxonomy":"product_featured_cat","embeddable":true,"href":"https:\/\/shop.bantam.ch\/de\/wp-json\/wp\/v2\/product_featured_cat?post=59162"},{"taxonomy":"product_brand","embeddable":true,"href":"https:\/\/shop.bantam.ch\/de\/wp-json\/wp\/v2\/product_brand?post=59162"},{"taxonomy":"product_cat","embeddable":true,"href":"https:\/\/shop.bantam.ch\/de\/wp-json\/wp\/v2\/product_cat?post=59162"},{"taxonomy":"product_tag","embeddable":true,"href":"https:\/\/shop.bantam.ch\/de\/wp-json\/wp\/v2\/product_tag?post=59162"}],"curies":[{"name":"wp","href":"https:\/\/api.w.org\/{rel}","templated":true}]}}